{"id":15241,"date":"2018-10-29T13:20:14","date_gmt":"2018-10-29T19:20:14","guid":{"rendered":"https:\/\/accesolatino.org\/?page_id=15241"},"modified":"2025-10-16T15:10:08","modified_gmt":"2025-10-16T21:10:08","slug":"informacion-util-en-materia-de-salud","status":"publish","type":"page","link":"https:\/\/accesolatino.org\/en\/salud\/informacion-util-en-materia-de-salud\/","title":{"rendered":"Informaci\u00f3n de Salud para quienes viven en los Estados Unidos"},"content":{"rendered":"<div data-elementor-type=\"wp-post\" data-elementor-id=\"15241\" class=\"elementor elementor-15241\">\n\t\t\t\t\t\t<section class=\"elementor-section elementor-top-section elementor-element elementor-element-194e48f elementor-section-full_width elementor-section-height-min-height elementor-section-items-stretch elementor-section-height-default wpr-particle-no wpr-jarallax-no wpr-parallax-no wpr-sticky-section-no wpr-equal-height-no\" data-id=\"194e48f\" data-element_type=\"section\" data-e-type=\"section\" data-settings=\"{&quot;background_background&quot;:&quot;classic&quot;}\">\n\t\t\t\t\t\t<div class=\"elementor-container elementor-column-gap-no\">\n\t\t\t\t\t<div class=\"elementor-column elementor-col-100 elementor-top-column elementor-element elementor-element-2fd98c7\" data-id=\"2fd98c7\" data-element_type=\"column\" data-e-type=\"column\">\n\t\t\t<div class=\"elementor-widget-wrap elementor-element-populated\">\n\t\t\t\t\t\t<div class=\"elementor-element elementor-element-f0c0b38 elementor--h-position-center elementor--v-position-middle elementor-widget elementor-widget-slides\" data-id=\"f0c0b38\" data-element_type=\"widget\" data-e-type=\"widget\" data-settings=\"{&quot;navigation&quot;:&quot;none&quot;,&quot;infinite&quot;:&quot;yes&quot;,&quot;transition&quot;:&quot;slide&quot;,&quot;transition_speed&quot;:500}\" data-widget_type=\"slides.default\">\n\t\t\t\t<div class=\"elementor-widget-container\">\n\t\t\t\t\t\t\t<div class=\"elementor-swiper\">\n\t\t\t<div class=\"elementor-slides-wrapper elementor-main-swiper swiper-container\" dir=\"ltr\" data-animation=\"\">\n\t\t\t\t<div class=\"swiper-wrapper elementor-slides\">\n\t\t\t\t\t\t\t\t\t\t<div class=\"elementor-repeater-item-d983a28 swiper-slide\"><div class=\"swiper-slide-bg\"><\/div><div class=\"swiper-slide-inner\" ><div class=\"swiper-slide-contents\"><div class=\"elementor-slide-heading\">Health<\/div><\/div><\/div><\/div>\t\t\t\t<\/div>\n\t\t\t\t\t\t\t<\/div>\n\t\t<\/div>\n\t\t\t\t\t\t<\/div>\n\t\t\t\t<\/div>\n\t\t\t\t\t<\/div>\n\t\t<\/div>\n\t\t\t\t\t<\/div>\n\t\t<\/section>\n\t\t\t\t<section class=\"elementor-section elementor-top-section elementor-element elementor-element-11f4af7 elementor-section-stretched elementor-section-boxed elementor-section-height-default elementor-section-height-default wpr-particle-no wpr-jarallax-no wpr-parallax-no wpr-sticky-section-no wpr-equal-height-no\" data-id=\"11f4af7\" data-element_type=\"section\" data-e-type=\"section\" data-settings=\"{&quot;stretch_section&quot;:&quot;section-stretched&quot;,&quot;background_background&quot;:&quot;classic&quot;}\">\n\t\t\t\t\t\t<div class=\"elementor-container elementor-column-gap-default\">\n\t\t\t\t\t<div class=\"elementor-column elementor-col-100 elementor-top-column elementor-element elementor-element-d508922\" data-id=\"d508922\" data-element_type=\"column\" data-e-type=\"column\">\n\t\t\t<div class=\"elementor-widget-wrap elementor-element-populated\">\n\t\t\t\t\t\t<div class=\"elementor-element elementor-element-b40fe8e elementor-widget elementor-widget-heading\" data-id=\"b40fe8e\" data-element_type=\"widget\" data-e-type=\"widget\" data-widget_type=\"heading.default\">\n\t\t\t\t<div class=\"elementor-widget-container\">\n\t\t\t\t\t<h3 class=\"elementor-heading-title elementor-size-default\">Useful Health Information for those living in the United States<\/h3>\t\t\t\t<\/div>\n\t\t\t\t<\/div>\n\t\t\t\t<div class=\"elementor-element elementor-element-68dc921 elementor-widget elementor-widget-text-editor\" data-id=\"68dc921\" data-element_type=\"widget\" data-e-type=\"widget\" data-widget_type=\"text-editor.default\">\n\t\t\t\t<div class=\"elementor-widget-container\">\n\t\t\t\t\t\t\t\t\t<p>Todos los latinos que radican en Estados Unidos tienen el derecho de recibir ayuda m\u00e9dica sin importar su situaci\u00f3n migratoria.<\/p><p>Buscando informar y poner las herramientas al alcance de todas las personas que radican en nuestro pa\u00eds vecino, en nuestro portal de <a href=\"http:\/\/accesolatino.org\/en\/\"><strong>accesolatino.org<\/strong><\/a> creamos la herramienta de<a href=\"https:\/\/accesolatino.org\/en\/salud\/derechos-y-programas-en-salud\/\"> <strong>\u201cDerechos y programas de salud para migrantes en Estados Unidos\u201d<\/strong><\/a>; informaci\u00f3n que encontrar\u00e1s en nuestra secci\u00f3n<a href=\"https:\/\/accesolatino.org\/en\/salud\/\"><strong> \u201cSalud\u201d<\/strong><\/a>.<\/p><p>Esta tarjeta los apoyar\u00e1 con un listado de sus derechos en cuesti\u00f3n de salud en EUA, como lo son:<\/p><ul><li>Puedes buscar servicios de salud (que no son de emergencia) en los centros de salud comunitarios y hospitales de protecci\u00f3n social.<\/li><li>Ni\u00f1os ciudadanos o ni\u00f1os que est\u00e1n en el pa\u00eds legalmente y que tienen padres indocumentados son elegibles:<\/li><li>Para obtener cobertura a trav\u00e9s del mercado de seguros.<\/li><li>Para cr\u00e9ditos tributarios de primas y copagos reducidos.<\/li><li>Para el Medicaid o el programa de seguro m\u00e9dico para ni\u00f1os (CHIP).<\/li><\/ul><p>Ingresa a la secci\u00f3n <a href=\"https:\/\/accesolatino.org\/en\/salud\/\"><strong>\u201cSalud\u201d<\/strong> <\/a>para obtener toda la informaci\u00f3n de utilidad sobre los programas de salud para migrantes en Estados Unidos.<\/p>\t\t\t\t\t\t\t\t<\/div>\n\t\t\t\t<\/div>\n\t\t\t\t<div class=\"elementor-element elementor-element-47fc893 elementor-widget elementor-widget-spacer\" data-id=\"47fc893\" data-element_type=\"widget\" data-e-type=\"widget\" data-widget_type=\"spacer.default\">\n\t\t\t\t<div class=\"elementor-widget-container\">\n\t\t\t\t\t\t\t<div class=\"elementor-spacer\">\n\t\t\t<div class=\"elementor-spacer-inner\"><\/div>\n\t\t<\/div>\n\t\t\t\t\t\t<\/div>\n\t\t\t\t<\/div>\n\t\t\t\t\t<\/div>\n\t\t<\/div>\n\t\t\t\t\t<\/div>\n\t\t<\/section>\n\t\t\t\t<\/div>","protected":false},"excerpt":{"rendered":"<p>Salud Informaci\u00f3n \u00fatil en materia de Salud para quienes viven en los Estados Unidos Todos los latinos que radican en Estados Unidos tienen el derecho de recibir ayuda m\u00e9dica sin importar su situaci\u00f3n migratoria. Buscando informar y poner las herramientas al alcance de todas las personas que radican en nuestro pa\u00eds vecino, en nuestro portal de accesolatino.org creamos la herramienta de \u201cDerechos y programas de salud para migrantes en Estados Unidos\u201d; informaci\u00f3n que encontrar\u00e1s en nuestra secci\u00f3n \u201cSalud\u201d. Esta tarjeta los apoyar\u00e1 con un listado de sus derechos en cuesti\u00f3n de salud en EUA, como lo son: Puedes buscar servicios de salud (que no son de emergencia) en los centros de salud comunitarios y hospitales de protecci\u00f3n social. Ni\u00f1os ciudadanos o ni\u00f1os que est\u00e1n en el pa\u00eds legalmente y que tienen padres indocumentados son elegibles: Para obtener cobertura a trav\u00e9s del mercado de seguros. Para cr\u00e9ditos tributarios de primas y copagos reducidos. Para el Medicaid o el programa de seguro m\u00e9dico para ni\u00f1os (CHIP). Ingresa a la secci\u00f3n \u201cSalud\u201d para obtener toda la informaci\u00f3n de utilidad sobre los programas de salud para migrantes en Estados Unidos.<\/p>","protected":false},"author":4,"featured_media":15242,"parent":4668,"menu_order":0,"comment_status":"closed","ping_status":"closed","template":"elementor_header_footer","meta":{"_uf_show_specific_survey":0,"_uf_disable_surveys":false,"footnotes":""},"class_list":["post-15241","page","type-page","status-publish","has-post-thumbnail"],"aioseo_notices":[],"yoast_head":"<!-- This site is optimized with the Yoast SEO plugin v27.4 - https:\/\/yoast.com\/product\/yoast-seo-wordpress\/ -->\n<title>Informaci\u00f3n de Salud para quienes viven en los Estados Unidos<\/title>\n<meta name=\"description\" content=\"Conoce tus derechos y lo que Estados Unidos tiene para ofrecer a los migrantes en materia de Salud - Acceso Latino\" \/>\n<meta name=\"robots\" content=\"index, follow, max-snippet:-1, max-image-preview:large, max-video-preview:-1\" \/>\n<link rel=\"canonical\" href=\"https:\/\/accesolatino.org\/en\/salud\/informacion-util-en-materia-de-salud\/\" \/>\n<meta property=\"og:locale\" content=\"en_US\" \/>\n<meta property=\"og:type\" content=\"article\" \/>\n<meta property=\"og:title\" content=\"Acceso Latino | Informaci\u00f3n de Salud para quienes viven en los Estados Unidos\" \/>\n<meta property=\"og:description\" content=\"Conoce todo lo que Estados Unidos tiene para ofrecer a los migrantes en materia de Salud\" \/>\n<meta property=\"og:url\" content=\"https:\/\/accesolatino.org\/en\/salud\/informacion-util-en-materia-de-salud\/\" \/>\n<meta property=\"og:site_name\" content=\"Acceso Latino\" \/>\n<meta property=\"article:publisher\" content=\"https:\/\/www.facebook.com\/AccesoLatinoOrg\" \/>\n<meta property=\"article:modified_time\" content=\"2025-10-16T21:10:08+00:00\" \/>\n<meta property=\"og:image\" content=\"https:\/\/accesolatino.org\/wp-content\/uploads\/2018\/10\/Informacion-util-en-materia-de-Salud-para-quienes-viven-en-los-Estados-Unidos.png\" \/>\n\t<meta property=\"og:image:width\" content=\"600\" \/>\n\t<meta property=\"og:image:height\" content=\"338\" \/>\n\t<meta property=\"og:image:type\" content=\"image\/png\" \/>\n<meta name=\"twitter:card\" content=\"summary_large_image\" \/>\n<meta name=\"twitter:title\" content=\"Acceso Latino | Informaci\u00f3n de Salud para quienes viven en los Estados Unidos\" \/>\n<meta name=\"twitter:description\" content=\"Conoce todo lo que Estados Unidos tiene para ofrecer a los migrantes en materia de Salud\" \/>\n<meta name=\"twitter:image\" content=\"https:\/\/accesolatino.org\/wp-content\/uploads\/2018\/10\/Informacion-util-en-materia-de-Salud-para-quienes-viven-en-los-Estados-Unidos.png\" \/>\n<meta name=\"twitter:site\" content=\"@FAccLatino\" \/>\n<meta name=\"twitter:label1\" content=\"Est. reading time\" \/>\n\t<meta name=\"twitter:data1\" content=\"2 minutes\" \/>\n<script type=\"application\/ld+json\" class=\"yoast-schema-graph\">{\"@context\":\"https:\\\/\\\/schema.org\",\"@graph\":[{\"@type\":\"WebPage\",\"@id\":\"https:\\\/\\\/accesolatino.org\\\/salud\\\/informacion-util-en-materia-de-salud\\\/\",\"url\":\"https:\\\/\\\/accesolatino.org\\\/salud\\\/informacion-util-en-materia-de-salud\\\/\",\"name\":\"Informaci\u00f3n de Salud para quienes viven en los Estados Unidos\",\"isPartOf\":{\"@id\":\"https:\\\/\\\/accesolatino.org\\\/#website\"},\"primaryImageOfPage\":{\"@id\":\"https:\\\/\\\/accesolatino.org\\\/salud\\\/informacion-util-en-materia-de-salud\\\/#primaryimage\"},\"image\":{\"@id\":\"https:\\\/\\\/accesolatino.org\\\/salud\\\/informacion-util-en-materia-de-salud\\\/#primaryimage\"},\"thumbnailUrl\":\"https:\\\/\\\/accesolatino.org\\\/wp-content\\\/uploads\\\/2018\\\/10\\\/Informacion-util-en-materia-de-Salud-para-quienes-viven-en-los-Estados-Unidos.png\",\"datePublished\":\"2018-10-29T19:20:14+00:00\",\"dateModified\":\"2025-10-16T21:10:08+00:00\",\"description\":\"Conoce tus derechos y lo que Estados Unidos tiene para ofrecer a los migrantes en materia de Salud - Acceso Latino\",\"breadcrumb\":{\"@id\":\"https:\\\/\\\/accesolatino.org\\\/salud\\\/informacion-util-en-materia-de-salud\\\/#breadcrumb\"},\"inLanguage\":\"en-US\",\"potentialAction\":[{\"@type\":\"ReadAction\",\"target\":[\"https:\\\/\\\/accesolatino.org\\\/salud\\\/informacion-util-en-materia-de-salud\\\/\"]}]},{\"@type\":\"ImageObject\",\"inLanguage\":\"en-US\",\"@id\":\"https:\\\/\\\/accesolatino.org\\\/salud\\\/informacion-util-en-materia-de-salud\\\/#primaryimage\",\"url\":\"https:\\\/\\\/accesolatino.org\\\/wp-content\\\/uploads\\\/2018\\\/10\\\/Informacion-util-en-materia-de-Salud-para-quienes-viven-en-los-Estados-Unidos.png\",\"contentUrl\":\"https:\\\/\\\/accesolatino.org\\\/wp-content\\\/uploads\\\/2018\\\/10\\\/Informacion-util-en-materia-de-Salud-para-quienes-viven-en-los-Estados-Unidos.png\",\"width\":600,\"height\":338,\"caption\":\"salud\"},{\"@type\":\"BreadcrumbList\",\"@id\":\"https:\\\/\\\/accesolatino.org\\\/salud\\\/informacion-util-en-materia-de-salud\\\/#breadcrumb\",\"itemListElement\":[{\"@type\":\"ListItem\",\"position\":1,\"name\":\"Portada\",\"item\":\"https:\\\/\\\/accesolatino.org\\\/\"},{\"@type\":\"ListItem\",\"position\":2,\"name\":\"Salud\",\"item\":\"https:\\\/\\\/accesolatino.org\\\/salud\\\/\"},{\"@type\":\"ListItem\",\"position\":3,\"name\":\"Informaci\u00f3n de Salud para quienes viven en los Estados Unidos\"}]},{\"@type\":\"WebSite\",\"@id\":\"https:\\\/\\\/accesolatino.org\\\/#website\",\"url\":\"https:\\\/\\\/accesolatino.org\\\/\",\"name\":\"Acceso Latino | Fundaci\u00f3n Carlos Slim\",\"description\":\"Fundaci\u00f3n Carlos Slim\",\"publisher\":{\"@id\":\"https:\\\/\\\/accesolatino.org\\\/#organization\"},\"potentialAction\":[{\"@type\":\"SearchAction\",\"target\":{\"@type\":\"EntryPoint\",\"urlTemplate\":\"https:\\\/\\\/accesolatino.org\\\/?s={search_term_string}\"},\"query-input\":{\"@type\":\"PropertyValueSpecification\",\"valueRequired\":true,\"valueName\":\"search_term_string\"}}],\"inLanguage\":\"en-US\"},{\"@type\":\"Organization\",\"@id\":\"https:\\\/\\\/accesolatino.org\\\/#organization\",\"name\":\"Acceso Latino | Fundaci\u00f3n Carlos Slim\",\"url\":\"https:\\\/\\\/accesolatino.org\\\/\",\"logo\":{\"@type\":\"ImageObject\",\"inLanguage\":\"en-US\",\"@id\":\"https:\\\/\\\/accesolatino.org\\\/#\\\/schema\\\/logo\\\/image\\\/\",\"url\":\"https:\\\/\\\/accesolatino.org\\\/wp-content\\\/uploads\\\/2021\\\/02\\\/logo-footer-acceso-latino.png\",\"contentUrl\":\"https:\\\/\\\/accesolatino.org\\\/wp-content\\\/uploads\\\/2021\\\/02\\\/logo-footer-acceso-latino.png\",\"width\":240,\"height\":40,\"caption\":\"Acceso Latino | Fundaci\u00f3n Carlos Slim\"},\"image\":{\"@id\":\"https:\\\/\\\/accesolatino.org\\\/#\\\/schema\\\/logo\\\/image\\\/\"},\"sameAs\":[\"https:\\\/\\\/www.facebook.com\\\/AccesoLatinoOrg\",\"https:\\\/\\\/x.com\\\/FAccLatino\"]}]}<\/script>\n<!-- \/ Yoast SEO plugin. -->","yoast_head_json":{"title":"Informaci\u00f3n de Salud para quienes viven en los Estados Unidos","description":"Conoce tus derechos y lo que Estados Unidos tiene para ofrecer a los migrantes en materia de Salud - Acceso Latino","robots":{"index":"index","follow":"follow","max-snippet":"max-snippet:-1","max-image-preview":"max-image-preview:large","max-video-preview":"max-video-preview:-1"},"canonical":"https:\/\/accesolatino.org\/en\/salud\/informacion-util-en-materia-de-salud\/","og_locale":"en_US","og_type":"article","og_title":"Acceso Latino | Informaci\u00f3n de Salud para quienes viven en los Estados Unidos","og_description":"Conoce todo lo que Estados Unidos tiene para ofrecer a los migrantes en materia de Salud","og_url":"https:\/\/accesolatino.org\/en\/salud\/informacion-util-en-materia-de-salud\/","og_site_name":"Acceso Latino","article_publisher":"https:\/\/www.facebook.com\/AccesoLatinoOrg","article_modified_time":"2025-10-16T21:10:08+00:00","og_image":[{"width":600,"height":338,"url":"https:\/\/accesolatino.org\/wp-content\/uploads\/2018\/10\/Informacion-util-en-materia-de-Salud-para-quienes-viven-en-los-Estados-Unidos.png","type":"image\/png"}],"twitter_card":"summary_large_image","twitter_title":"Acceso Latino | Informaci\u00f3n de Salud para quienes viven en los Estados Unidos","twitter_description":"Conoce todo lo que Estados Unidos tiene para ofrecer a los migrantes en materia de Salud","twitter_image":"https:\/\/accesolatino.org\/wp-content\/uploads\/2018\/10\/Informacion-util-en-materia-de-Salud-para-quienes-viven-en-los-Estados-Unidos.png","twitter_site":"@FAccLatino","twitter_misc":{"Est. reading time":"2 minutes"},"schema":{"@context":"https:\/\/schema.org","@graph":[{"@type":"WebPage","@id":"https:\/\/accesolatino.org\/salud\/informacion-util-en-materia-de-salud\/","url":"https:\/\/accesolatino.org\/salud\/informacion-util-en-materia-de-salud\/","name":"Informaci\u00f3n de Salud para quienes viven en los Estados Unidos","isPartOf":{"@id":"https:\/\/accesolatino.org\/#website"},"primaryImageOfPage":{"@id":"https:\/\/accesolatino.org\/salud\/informacion-util-en-materia-de-salud\/#primaryimage"},"image":{"@id":"https:\/\/accesolatino.org\/salud\/informacion-util-en-materia-de-salud\/#primaryimage"},"thumbnailUrl":"https:\/\/accesolatino.org\/wp-content\/uploads\/2018\/10\/Informacion-util-en-materia-de-Salud-para-quienes-viven-en-los-Estados-Unidos.png","datePublished":"2018-10-29T19:20:14+00:00","dateModified":"2025-10-16T21:10:08+00:00","description":"Conoce tus derechos y lo que Estados Unidos tiene para ofrecer a los migrantes en materia de Salud - Acceso Latino","breadcrumb":{"@id":"https:\/\/accesolatino.org\/salud\/informacion-util-en-materia-de-salud\/#breadcrumb"},"inLanguage":"en-US","potentialAction":[{"@type":"ReadAction","target":["https:\/\/accesolatino.org\/salud\/informacion-util-en-materia-de-salud\/"]}]},{"@type":"ImageObject","inLanguage":"en-US","@id":"https:\/\/accesolatino.org\/salud\/informacion-util-en-materia-de-salud\/#primaryimage","url":"https:\/\/accesolatino.org\/wp-content\/uploads\/2018\/10\/Informacion-util-en-materia-de-Salud-para-quienes-viven-en-los-Estados-Unidos.png","contentUrl":"https:\/\/accesolatino.org\/wp-content\/uploads\/2018\/10\/Informacion-util-en-materia-de-Salud-para-quienes-viven-en-los-Estados-Unidos.png","width":600,"height":338,"caption":"salud"},{"@type":"BreadcrumbList","@id":"https:\/\/accesolatino.org\/salud\/informacion-util-en-materia-de-salud\/#breadcrumb","itemListElement":[{"@type":"ListItem","position":1,"name":"Portada","item":"https:\/\/accesolatino.org\/"},{"@type":"ListItem","position":2,"name":"Salud","item":"https:\/\/accesolatino.org\/salud\/"},{"@type":"ListItem","position":3,"name":"Informaci\u00f3n de Salud para quienes viven en los Estados Unidos"}]},{"@type":"WebSite","@id":"https:\/\/accesolatino.org\/#website","url":"https:\/\/accesolatino.org\/","name":"Acceso Latino | Fundaci\u00f3n Carlos Slim","description":"Fundaci\u00f3n Carlos Slim","publisher":{"@id":"https:\/\/accesolatino.org\/#organization"},"potentialAction":[{"@type":"SearchAction","target":{"@type":"EntryPoint","urlTemplate":"https:\/\/accesolatino.org\/?s={search_term_string}"},"query-input":{"@type":"PropertyValueSpecification","valueRequired":true,"valueName":"search_term_string"}}],"inLanguage":"en-US"},{"@type":"Organization","@id":"https:\/\/accesolatino.org\/#organization","name":"Acceso Latino | Fundaci\u00f3n Carlos Slim","url":"https:\/\/accesolatino.org\/","logo":{"@type":"ImageObject","inLanguage":"en-US","@id":"https:\/\/accesolatino.org\/#\/schema\/logo\/image\/","url":"https:\/\/accesolatino.org\/wp-content\/uploads\/2021\/02\/logo-footer-acceso-latino.png","contentUrl":"https:\/\/accesolatino.org\/wp-content\/uploads\/2021\/02\/logo-footer-acceso-latino.png","width":240,"height":40,"caption":"Acceso Latino | Fundaci\u00f3n Carlos Slim"},"image":{"@id":"https:\/\/accesolatino.org\/#\/schema\/logo\/image\/"},"sameAs":["https:\/\/www.facebook.com\/AccesoLatinoOrg","https:\/\/x.com\/FAccLatino"]}]}},"_links":{"self":[{"href":"https:\/\/accesolatino.org\/en\/wp-json\/wp\/v2\/pages\/15241","targetHints":{"allow":["GET"]}}],"collection":[{"href":"https:\/\/accesolatino.org\/en\/wp-json\/wp\/v2\/pages"}],"about":[{"href":"https:\/\/accesolatino.org\/en\/wp-json\/wp\/v2\/types\/page"}],"author":[{"embeddable":true,"href":"https:\/\/accesolatino.org\/en\/wp-json\/wp\/v2\/users\/4"}],"replies":[{"embeddable":true,"href":"https:\/\/accesolatino.org\/en\/wp-json\/wp\/v2\/comments?post=15241"}],"version-history":[{"count":1,"href":"https:\/\/accesolatino.org\/en\/wp-json\/wp\/v2\/pages\/15241\/revisions"}],"predecessor-version":[{"id":64028,"href":"https:\/\/accesolatino.org\/en\/wp-json\/wp\/v2\/pages\/15241\/revisions\/64028"}],"up":[{"embeddable":true,"href":"https:\/\/accesolatino.org\/en\/wp-json\/wp\/v2\/pages\/4668"}],"wp:featuredmedia":[{"embeddable":true,"href":"https:\/\/accesolatino.org\/en\/wp-json\/wp\/v2\/media\/15242"}],"wp:attachment":[{"href":"https:\/\/accesolatino.org\/en\/wp-json\/wp\/v2\/media?parent=15241"}],"curies":[{"name":"wp","href":"https:\/\/api.w.org\/{rel}","templated":true}]}}