{"id":15202,"date":"2018-10-25T10:06:19","date_gmt":"2018-10-25T15:06:19","guid":{"rendered":"https:\/\/accesolatino.org\/?page_id=15202"},"modified":"2025-10-15T14:04:04","modified_gmt":"2025-10-15T20:04:04","slug":"acude-a-las-clinicas-de-bajo-costo-que-se-adaptan-a-tus-ingresos","status":"publish","type":"page","link":"https:\/\/accesolatino.org\/en\/salud\/acude-a-las-clinicas-de-bajo-costo-que-se-adaptan-a-tus-ingresos\/","title":{"rendered":"Cl\u00ednicas de bajo costo que se adaptan a tus ingresos"},"content":{"rendered":"<div data-elementor-type=\"wp-post\" data-elementor-id=\"15202\" class=\"elementor elementor-15202\">\n\t\t\t\t\t\t<section class=\"elementor-section elementor-top-section elementor-element elementor-element-df0ded9 elementor-section-full_width elementor-section-height-min-height elementor-section-items-stretch elementor-section-height-default wpr-particle-no wpr-jarallax-no wpr-parallax-no wpr-sticky-section-no wpr-equal-height-no\" data-id=\"df0ded9\" data-element_type=\"section\" data-e-type=\"section\" data-settings=\"{&quot;background_background&quot;:&quot;classic&quot;}\">\n\t\t\t\t\t\t<div class=\"elementor-container elementor-column-gap-no\">\n\t\t\t\t\t<div class=\"elementor-column elementor-col-100 elementor-top-column elementor-element elementor-element-d8c5857\" data-id=\"d8c5857\" data-element_type=\"column\" data-e-type=\"column\">\n\t\t\t<div class=\"elementor-widget-wrap elementor-element-populated\">\n\t\t\t\t\t\t<div class=\"elementor-element elementor-element-4843a89 elementor--h-position-center elementor--v-position-middle elementor-widget elementor-widget-slides\" data-id=\"4843a89\" data-element_type=\"widget\" data-e-type=\"widget\" data-settings=\"{&quot;navigation&quot;:&quot;none&quot;,&quot;infinite&quot;:&quot;yes&quot;,&quot;transition&quot;:&quot;slide&quot;,&quot;transition_speed&quot;:500}\" data-widget_type=\"slides.default\">\n\t\t\t\t<div class=\"elementor-widget-container\">\n\t\t\t\t\t\t\t<div class=\"elementor-swiper\">\n\t\t\t<div class=\"elementor-slides-wrapper elementor-main-swiper swiper-container\" dir=\"ltr\" data-animation=\"\">\n\t\t\t\t<div class=\"swiper-wrapper elementor-slides\">\n\t\t\t\t\t\t\t\t\t\t<div class=\"elementor-repeater-item-d983a28 swiper-slide\"><div class=\"swiper-slide-bg\"><\/div><div class=\"swiper-slide-inner\" ><div class=\"swiper-slide-contents\"><div class=\"elementor-slide-heading\">Health<\/div><\/div><\/div><\/div>\t\t\t\t<\/div>\n\t\t\t\t\t\t\t<\/div>\n\t\t<\/div>\n\t\t\t\t\t\t<\/div>\n\t\t\t\t<\/div>\n\t\t\t\t\t<\/div>\n\t\t<\/div>\n\t\t\t\t\t<\/div>\n\t\t<\/section>\n\t\t\t\t<section class=\"elementor-section elementor-top-section elementor-element elementor-element-544079b elementor-section-stretched elementor-section-boxed elementor-section-height-default elementor-section-height-default wpr-particle-no wpr-jarallax-no wpr-parallax-no wpr-sticky-section-no wpr-equal-height-no\" data-id=\"544079b\" data-element_type=\"section\" data-e-type=\"section\" data-settings=\"{&quot;stretch_section&quot;:&quot;section-stretched&quot;,&quot;background_background&quot;:&quot;classic&quot;}\">\n\t\t\t\t\t\t<div class=\"elementor-container elementor-column-gap-default\">\n\t\t\t\t\t<div class=\"elementor-column elementor-col-100 elementor-top-column elementor-element elementor-element-9650a84\" data-id=\"9650a84\" data-element_type=\"column\" data-e-type=\"column\">\n\t\t\t<div class=\"elementor-widget-wrap elementor-element-populated\">\n\t\t\t\t\t\t<div class=\"elementor-element elementor-element-71c7e96 elementor-widget elementor-widget-heading\" data-id=\"71c7e96\" data-element_type=\"widget\" data-e-type=\"widget\" data-widget_type=\"heading.default\">\n\t\t\t\t<div class=\"elementor-widget-container\">\n\t\t\t\t\t<h3 class=\"elementor-heading-title elementor-size-default\">Go to the low-cost clinics that suit your income<\/h3>\t\t\t\t<\/div>\n\t\t\t\t<\/div>\n\t\t\t\t<div class=\"elementor-element elementor-element-1211e7e elementor-widget elementor-widget-text-editor\" data-id=\"1211e7e\" data-element_type=\"widget\" data-e-type=\"widget\" data-widget_type=\"text-editor.default\">\n\t\t\t\t<div class=\"elementor-widget-container\">\n\t\t\t\t\t\t\t\t\t<p>Todos los migrantes que radican en Estados Unidos tienen el derecho de recibir ayuda m\u00e9dica en cualquier situaci\u00f3n.<\/p><p>Buscando informar y poner las herramientas al alcance de todas las personas que radican en Estados Unidos, en nuestro portal <a href=\"http:\/\/accesolatino.org\/en\/\"><strong>accesolatino.org<\/strong><\/a> ponemos a tu disposici\u00f3n la informaci\u00f3n de <a href=\"\/en\/salud\/\"><strong>\u201cCl\u00ednicas gratuitas en todo EUA<\/strong>\u201d<\/a>; misma que encontrar\u00e1s en nuestra secci\u00f3n <a href=\"https:\/\/accesolatino.org\/en\/salud\/\"><strong>\u201cSalud\u201d<\/strong><\/a>.<\/p><p>Esta tarjeta te apoyar\u00e1 con un listado de todos los estados de EUA, donde encontrar\u00e1s servicios de salud gratuitos o de bajo costo.<\/p><p>En Free Clinics, encontrar\u00e1s un listado que incluye cl\u00ednicas dentales y m\u00e9dicas. Tambi\u00e9n proporcionan listas de: cl\u00ednicas de escala m\u00f3vil, basadas en ingresos y de muy bajo costo.<\/p>\t\t\t\t\t\t\t\t<\/div>\n\t\t\t\t<\/div>\n\t\t\t\t<div class=\"elementor-element elementor-element-985517f elementor-widget elementor-widget-spacer\" data-id=\"985517f\" data-element_type=\"widget\" data-e-type=\"widget\" data-widget_type=\"spacer.default\">\n\t\t\t\t<div class=\"elementor-widget-container\">\n\t\t\t\t\t\t\t<div class=\"elementor-spacer\">\n\t\t\t<div class=\"elementor-spacer-inner\"><\/div>\n\t\t<\/div>\n\t\t\t\t\t\t<\/div>\n\t\t\t\t<\/div>\n\t\t\t\t\t<\/div>\n\t\t<\/div>\n\t\t\t\t\t<\/div>\n\t\t<\/section>\n\t\t\t\t<\/div>","protected":false},"excerpt":{"rendered":"<p>Salud Acude a las cl\u00ednicas de bajo costo que se adaptan a tus ingresos Todos los migrantes que radican en Estados Unidos tienen el derecho de recibir ayuda m\u00e9dica en cualquier situaci\u00f3n. Buscando informar y poner las herramientas al alcance de todas las personas que radican en Estados Unidos, en nuestro portal accesolatino.org ponemos a tu disposici\u00f3n la informaci\u00f3n de \u201cCl\u00ednicas gratuitas en todo EUA\u201d; misma que encontrar\u00e1s en nuestra secci\u00f3n \u201cSalud\u201d. Esta tarjeta te apoyar\u00e1 con un listado de todos los estados de EUA, donde encontrar\u00e1s servicios de salud gratuitos o de bajo costo. En Free Clinics, encontrar\u00e1s un listado que incluye cl\u00ednicas dentales y m\u00e9dicas. Tambi\u00e9n proporcionan listas de: cl\u00ednicas de escala m\u00f3vil, basadas en ingresos y de muy bajo costo.<\/p>","protected":false},"author":4,"featured_media":15203,"parent":4668,"menu_order":0,"comment_status":"closed","ping_status":"closed","template":"elementor_header_footer","meta":{"_uf_show_specific_survey":0,"_uf_disable_surveys":false,"footnotes":""},"class_list":["post-15202","page","type-page","status-publish","has-post-thumbnail"],"aioseo_notices":[],"yoast_head":"<!-- This site is optimized with the Yoast SEO plugin v27.4 - https:\/\/yoast.com\/product\/yoast-seo-wordpress\/ -->\n<title>Acude a las cl\u00ednicas de bajo costo que se adaptan a tus ingresos<\/title>\n<meta name=\"description\" content=\"Conoce tus derechos y lo que Estados Unidos tiene para ofrecer a los migrantes en materia de Salud - Acceso Latino\" \/>\n<meta name=\"robots\" content=\"index, follow, max-snippet:-1, max-image-preview:large, max-video-preview:-1\" \/>\n<link rel=\"canonical\" href=\"https:\/\/accesolatino.org\/en\/salud\/acude-a-las-clinicas-de-bajo-costo-que-se-adaptan-a-tus-ingresos\/\" \/>\n<meta property=\"og:locale\" content=\"en_US\" \/>\n<meta property=\"og:type\" content=\"article\" \/>\n<meta property=\"og:title\" content=\"Acceso Latino | Cl\u00ednicas de bajo costo que se adaptan a tus ingresos\" \/>\n<meta property=\"og:description\" content=\"Conoce todo lo que Estados Unidos tiene para ofrecer a los migrantes en materia de Salud\" \/>\n<meta property=\"og:url\" content=\"https:\/\/accesolatino.org\/en\/salud\/acude-a-las-clinicas-de-bajo-costo-que-se-adaptan-a-tus-ingresos\/\" \/>\n<meta property=\"og:site_name\" content=\"Acceso Latino\" \/>\n<meta property=\"article:publisher\" content=\"https:\/\/www.facebook.com\/AccesoLatinoOrg\" \/>\n<meta property=\"article:modified_time\" content=\"2025-10-15T20:04:04+00:00\" \/>\n<meta property=\"og:image\" content=\"https:\/\/accesolatino.org\/wp-content\/uploads\/2018\/10\/Acude-a-las-clinicas-de-bajo-costo-que-se-adaptan-a-tus-ingresos.jpg\" \/>\n\t<meta property=\"og:image:width\" content=\"600\" \/>\n\t<meta property=\"og:image:height\" content=\"338\" \/>\n\t<meta property=\"og:image:type\" content=\"image\/jpeg\" \/>\n<meta name=\"twitter:card\" content=\"summary_large_image\" \/>\n<meta name=\"twitter:title\" content=\"Acceso Latino | Cl\u00ednicas de bajo costo que se adaptan a tus ingresos\" \/>\n<meta name=\"twitter:description\" content=\"Conoce todo lo que Estados Unidos tiene para ofrecer a los migrantes en materia de Salud\" \/>\n<meta name=\"twitter:image\" content=\"https:\/\/accesolatino.org\/wp-content\/uploads\/2018\/10\/Acude-a-las-clinicas-de-bajo-costo-que-se-adaptan-a-tus-ingresos.jpg\" \/>\n<meta name=\"twitter:site\" content=\"@FAccLatino\" \/>\n<meta name=\"twitter:label1\" content=\"Est. reading time\" \/>\n\t<meta name=\"twitter:data1\" content=\"1 minute\" \/>\n<script type=\"application\/ld+json\" class=\"yoast-schema-graph\">{\"@context\":\"https:\\\/\\\/schema.org\",\"@graph\":[{\"@type\":\"WebPage\",\"@id\":\"https:\\\/\\\/accesolatino.org\\\/salud\\\/acude-a-las-clinicas-de-bajo-costo-que-se-adaptan-a-tus-ingresos\\\/\",\"url\":\"https:\\\/\\\/accesolatino.org\\\/salud\\\/acude-a-las-clinicas-de-bajo-costo-que-se-adaptan-a-tus-ingresos\\\/\",\"name\":\"Acude a las cl\u00ednicas de bajo costo que se adaptan a tus ingresos\",\"isPartOf\":{\"@id\":\"https:\\\/\\\/accesolatino.org\\\/#website\"},\"primaryImageOfPage\":{\"@id\":\"https:\\\/\\\/accesolatino.org\\\/salud\\\/acude-a-las-clinicas-de-bajo-costo-que-se-adaptan-a-tus-ingresos\\\/#primaryimage\"},\"image\":{\"@id\":\"https:\\\/\\\/accesolatino.org\\\/salud\\\/acude-a-las-clinicas-de-bajo-costo-que-se-adaptan-a-tus-ingresos\\\/#primaryimage\"},\"thumbnailUrl\":\"https:\\\/\\\/accesolatino.org\\\/wp-content\\\/uploads\\\/2018\\\/10\\\/Acude-a-las-clinicas-de-bajo-costo-que-se-adaptan-a-tus-ingresos.jpg\",\"datePublished\":\"2018-10-25T15:06:19+00:00\",\"dateModified\":\"2025-10-15T20:04:04+00:00\",\"description\":\"Conoce tus derechos y lo que Estados Unidos tiene para ofrecer a los migrantes en materia de Salud - Acceso Latino\",\"breadcrumb\":{\"@id\":\"https:\\\/\\\/accesolatino.org\\\/salud\\\/acude-a-las-clinicas-de-bajo-costo-que-se-adaptan-a-tus-ingresos\\\/#breadcrumb\"},\"inLanguage\":\"en-US\",\"potentialAction\":[{\"@type\":\"ReadAction\",\"target\":[\"https:\\\/\\\/accesolatino.org\\\/salud\\\/acude-a-las-clinicas-de-bajo-costo-que-se-adaptan-a-tus-ingresos\\\/\"]}]},{\"@type\":\"ImageObject\",\"inLanguage\":\"en-US\",\"@id\":\"https:\\\/\\\/accesolatino.org\\\/salud\\\/acude-a-las-clinicas-de-bajo-costo-que-se-adaptan-a-tus-ingresos\\\/#primaryimage\",\"url\":\"https:\\\/\\\/accesolatino.org\\\/wp-content\\\/uploads\\\/2018\\\/10\\\/Acude-a-las-clinicas-de-bajo-costo-que-se-adaptan-a-tus-ingresos.jpg\",\"contentUrl\":\"https:\\\/\\\/accesolatino.org\\\/wp-content\\\/uploads\\\/2018\\\/10\\\/Acude-a-las-clinicas-de-bajo-costo-que-se-adaptan-a-tus-ingresos.jpg\",\"width\":600,\"height\":338,\"caption\":\"Cl\u00ednicas de bajo costo\"},{\"@type\":\"BreadcrumbList\",\"@id\":\"https:\\\/\\\/accesolatino.org\\\/salud\\\/acude-a-las-clinicas-de-bajo-costo-que-se-adaptan-a-tus-ingresos\\\/#breadcrumb\",\"itemListElement\":[{\"@type\":\"ListItem\",\"position\":1,\"name\":\"Portada\",\"item\":\"https:\\\/\\\/accesolatino.org\\\/\"},{\"@type\":\"ListItem\",\"position\":2,\"name\":\"Salud\",\"item\":\"https:\\\/\\\/accesolatino.org\\\/salud\\\/\"},{\"@type\":\"ListItem\",\"position\":3,\"name\":\"Cl\u00ednicas de bajo costo que se adaptan a tus ingresos\"}]},{\"@type\":\"WebSite\",\"@id\":\"https:\\\/\\\/accesolatino.org\\\/#website\",\"url\":\"https:\\\/\\\/accesolatino.org\\\/\",\"name\":\"Acceso Latino | Fundaci\u00f3n Carlos Slim\",\"description\":\"Fundaci\u00f3n Carlos Slim\",\"publisher\":{\"@id\":\"https:\\\/\\\/accesolatino.org\\\/#organization\"},\"potentialAction\":[{\"@type\":\"SearchAction\",\"target\":{\"@type\":\"EntryPoint\",\"urlTemplate\":\"https:\\\/\\\/accesolatino.org\\\/?s={search_term_string}\"},\"query-input\":{\"@type\":\"PropertyValueSpecification\",\"valueRequired\":true,\"valueName\":\"search_term_string\"}}],\"inLanguage\":\"en-US\"},{\"@type\":\"Organization\",\"@id\":\"https:\\\/\\\/accesolatino.org\\\/#organization\",\"name\":\"Acceso Latino | Fundaci\u00f3n Carlos Slim\",\"url\":\"https:\\\/\\\/accesolatino.org\\\/\",\"logo\":{\"@type\":\"ImageObject\",\"inLanguage\":\"en-US\",\"@id\":\"https:\\\/\\\/accesolatino.org\\\/#\\\/schema\\\/logo\\\/image\\\/\",\"url\":\"https:\\\/\\\/accesolatino.org\\\/wp-content\\\/uploads\\\/2021\\\/02\\\/logo-footer-acceso-latino.png\",\"contentUrl\":\"https:\\\/\\\/accesolatino.org\\\/wp-content\\\/uploads\\\/2021\\\/02\\\/logo-footer-acceso-latino.png\",\"width\":240,\"height\":40,\"caption\":\"Acceso Latino | Fundaci\u00f3n Carlos Slim\"},\"image\":{\"@id\":\"https:\\\/\\\/accesolatino.org\\\/#\\\/schema\\\/logo\\\/image\\\/\"},\"sameAs\":[\"https:\\\/\\\/www.facebook.com\\\/AccesoLatinoOrg\",\"https:\\\/\\\/x.com\\\/FAccLatino\"]}]}<\/script>\n<!-- \/ Yoast SEO plugin. -->","yoast_head_json":{"title":"Go to the low-cost clinics that suit your income","description":"Conoce tus derechos y lo que Estados Unidos tiene para ofrecer a los migrantes en materia de Salud - Acceso Latino","robots":{"index":"index","follow":"follow","max-snippet":"max-snippet:-1","max-image-preview":"max-image-preview:large","max-video-preview":"max-video-preview:-1"},"canonical":"https:\/\/accesolatino.org\/en\/salud\/acude-a-las-clinicas-de-bajo-costo-que-se-adaptan-a-tus-ingresos\/","og_locale":"en_US","og_type":"article","og_title":"Acceso Latino | Cl\u00ednicas de bajo costo que se adaptan a tus ingresos","og_description":"Conoce todo lo que Estados Unidos tiene para ofrecer a los migrantes en materia de Salud","og_url":"https:\/\/accesolatino.org\/en\/salud\/acude-a-las-clinicas-de-bajo-costo-que-se-adaptan-a-tus-ingresos\/","og_site_name":"Acceso Latino","article_publisher":"https:\/\/www.facebook.com\/AccesoLatinoOrg","article_modified_time":"2025-10-15T20:04:04+00:00","og_image":[{"width":600,"height":338,"url":"https:\/\/accesolatino.org\/wp-content\/uploads\/2018\/10\/Acude-a-las-clinicas-de-bajo-costo-que-se-adaptan-a-tus-ingresos.jpg","type":"image\/jpeg"}],"twitter_card":"summary_large_image","twitter_title":"Acceso Latino | Cl\u00ednicas de bajo costo que se adaptan a tus ingresos","twitter_description":"Conoce todo lo que Estados Unidos tiene para ofrecer a los migrantes en materia de Salud","twitter_image":"https:\/\/accesolatino.org\/wp-content\/uploads\/2018\/10\/Acude-a-las-clinicas-de-bajo-costo-que-se-adaptan-a-tus-ingresos.jpg","twitter_site":"@FAccLatino","twitter_misc":{"Est. reading time":"1 minute"},"schema":{"@context":"https:\/\/schema.org","@graph":[{"@type":"WebPage","@id":"https:\/\/accesolatino.org\/salud\/acude-a-las-clinicas-de-bajo-costo-que-se-adaptan-a-tus-ingresos\/","url":"https:\/\/accesolatino.org\/salud\/acude-a-las-clinicas-de-bajo-costo-que-se-adaptan-a-tus-ingresos\/","name":"Go to the low-cost clinics that suit your income","isPartOf":{"@id":"https:\/\/accesolatino.org\/#website"},"primaryImageOfPage":{"@id":"https:\/\/accesolatino.org\/salud\/acude-a-las-clinicas-de-bajo-costo-que-se-adaptan-a-tus-ingresos\/#primaryimage"},"image":{"@id":"https:\/\/accesolatino.org\/salud\/acude-a-las-clinicas-de-bajo-costo-que-se-adaptan-a-tus-ingresos\/#primaryimage"},"thumbnailUrl":"https:\/\/accesolatino.org\/wp-content\/uploads\/2018\/10\/Acude-a-las-clinicas-de-bajo-costo-que-se-adaptan-a-tus-ingresos.jpg","datePublished":"2018-10-25T15:06:19+00:00","dateModified":"2025-10-15T20:04:04+00:00","description":"Conoce tus derechos y lo que Estados Unidos tiene para ofrecer a los migrantes en materia de Salud - Acceso Latino","breadcrumb":{"@id":"https:\/\/accesolatino.org\/salud\/acude-a-las-clinicas-de-bajo-costo-que-se-adaptan-a-tus-ingresos\/#breadcrumb"},"inLanguage":"en-US","potentialAction":[{"@type":"ReadAction","target":["https:\/\/accesolatino.org\/salud\/acude-a-las-clinicas-de-bajo-costo-que-se-adaptan-a-tus-ingresos\/"]}]},{"@type":"ImageObject","inLanguage":"en-US","@id":"https:\/\/accesolatino.org\/salud\/acude-a-las-clinicas-de-bajo-costo-que-se-adaptan-a-tus-ingresos\/#primaryimage","url":"https:\/\/accesolatino.org\/wp-content\/uploads\/2018\/10\/Acude-a-las-clinicas-de-bajo-costo-que-se-adaptan-a-tus-ingresos.jpg","contentUrl":"https:\/\/accesolatino.org\/wp-content\/uploads\/2018\/10\/Acude-a-las-clinicas-de-bajo-costo-que-se-adaptan-a-tus-ingresos.jpg","width":600,"height":338,"caption":"Cl\u00ednicas de bajo costo"},{"@type":"BreadcrumbList","@id":"https:\/\/accesolatino.org\/salud\/acude-a-las-clinicas-de-bajo-costo-que-se-adaptan-a-tus-ingresos\/#breadcrumb","itemListElement":[{"@type":"ListItem","position":1,"name":"Portada","item":"https:\/\/accesolatino.org\/"},{"@type":"ListItem","position":2,"name":"Salud","item":"https:\/\/accesolatino.org\/salud\/"},{"@type":"ListItem","position":3,"name":"Cl\u00ednicas de bajo costo que se adaptan a tus ingresos"}]},{"@type":"WebSite","@id":"https:\/\/accesolatino.org\/#website","url":"https:\/\/accesolatino.org\/","name":"Acceso Latino | Fundaci\u00f3n Carlos Slim","description":"Fundaci\u00f3n Carlos Slim","publisher":{"@id":"https:\/\/accesolatino.org\/#organization"},"potentialAction":[{"@type":"SearchAction","target":{"@type":"EntryPoint","urlTemplate":"https:\/\/accesolatino.org\/?s={search_term_string}"},"query-input":{"@type":"PropertyValueSpecification","valueRequired":true,"valueName":"search_term_string"}}],"inLanguage":"en-US"},{"@type":"Organization","@id":"https:\/\/accesolatino.org\/#organization","name":"Acceso Latino | Fundaci\u00f3n Carlos Slim","url":"https:\/\/accesolatino.org\/","logo":{"@type":"ImageObject","inLanguage":"en-US","@id":"https:\/\/accesolatino.org\/#\/schema\/logo\/image\/","url":"https:\/\/accesolatino.org\/wp-content\/uploads\/2021\/02\/logo-footer-acceso-latino.png","contentUrl":"https:\/\/accesolatino.org\/wp-content\/uploads\/2021\/02\/logo-footer-acceso-latino.png","width":240,"height":40,"caption":"Acceso Latino | Fundaci\u00f3n Carlos Slim"},"image":{"@id":"https:\/\/accesolatino.org\/#\/schema\/logo\/image\/"},"sameAs":["https:\/\/www.facebook.com\/AccesoLatinoOrg","https:\/\/x.com\/FAccLatino"]}]}},"_links":{"self":[{"href":"https:\/\/accesolatino.org\/en\/wp-json\/wp\/v2\/pages\/15202","targetHints":{"allow":["GET"]}}],"collection":[{"href":"https:\/\/accesolatino.org\/en\/wp-json\/wp\/v2\/pages"}],"about":[{"href":"https:\/\/accesolatino.org\/en\/wp-json\/wp\/v2\/types\/page"}],"author":[{"embeddable":true,"href":"https:\/\/accesolatino.org\/en\/wp-json\/wp\/v2\/users\/4"}],"replies":[{"embeddable":true,"href":"https:\/\/accesolatino.org\/en\/wp-json\/wp\/v2\/comments?post=15202"}],"version-history":[{"count":1,"href":"https:\/\/accesolatino.org\/en\/wp-json\/wp\/v2\/pages\/15202\/revisions"}],"predecessor-version":[{"id":64007,"href":"https:\/\/accesolatino.org\/en\/wp-json\/wp\/v2\/pages\/15202\/revisions\/64007"}],"up":[{"embeddable":true,"href":"https:\/\/accesolatino.org\/en\/wp-json\/wp\/v2\/pages\/4668"}],"wp:featuredmedia":[{"embeddable":true,"href":"https:\/\/accesolatino.org\/en\/wp-json\/wp\/v2\/media\/15203"}],"wp:attachment":[{"href":"https:\/\/accesolatino.org\/en\/wp-json\/wp\/v2\/media?parent=15202"}],"curies":[{"name":"wp","href":"https:\/\/api.w.org\/{rel}","templated":true}]}}