{"id":15193,"date":"2018-10-24T10:17:53","date_gmt":"2018-10-24T15:17:53","guid":{"rendered":"https:\/\/accesolatino.org\/?page_id=15193"},"modified":"2025-10-07T12:31:26","modified_gmt":"2025-10-07T18:31:26","slug":"conoce-la-app-que-ofrece-ayuda-legal-y-otros-recursos-a-latinos-en-eua","status":"publish","type":"page","link":"https:\/\/accesolatino.org\/en\/inicio\/conoce-la-app-que-ofrece-ayuda-legal-y-otros-recursos-a-latinos-en-eua\/","title":{"rendered":"Conoce la app que ofrece ayuda legal y otros recursos a Latinos en EUA"},"content":{"rendered":"<div data-elementor-type=\"wp-post\" data-elementor-id=\"15193\" class=\"elementor elementor-15193\">\n\t\t\t\t\t\t<section class=\"elementor-section elementor-top-section elementor-element elementor-element-2ddb472 elementor-section-full_width elementor-section-height-min-height elementor-section-items-stretch elementor-section-height-default wpr-particle-no wpr-jarallax-no wpr-parallax-no wpr-sticky-section-no\" data-id=\"2ddb472\" data-element_type=\"section\" data-e-type=\"section\" data-settings=\"{&quot;background_background&quot;:&quot;classic&quot;}\">\n\t\t\t\t\t\t<div class=\"elementor-container elementor-column-gap-no\">\n\t\t\t\t\t<div class=\"elementor-column elementor-col-100 elementor-top-column elementor-element elementor-element-7eba8a3\" data-id=\"7eba8a3\" data-element_type=\"column\" data-e-type=\"column\">\n\t\t\t<div class=\"elementor-widget-wrap elementor-element-populated\">\n\t\t\t\t\t\t<div class=\"elementor-element elementor-element-6ed1407 elementor--h-position-center elementor--v-position-middle elementor-widget elementor-widget-slides\" data-id=\"6ed1407\" data-element_type=\"widget\" data-e-type=\"widget\" data-settings=\"{&quot;navigation&quot;:&quot;none&quot;,&quot;infinite&quot;:&quot;yes&quot;,&quot;transition&quot;:&quot;slide&quot;,&quot;transition_speed&quot;:500}\" data-widget_type=\"slides.default\">\n\t\t\t\t<div class=\"elementor-widget-container\">\n\t\t\t\t\t\t\t<div class=\"elementor-swiper\">\n\t\t\t<div class=\"elementor-slides-wrapper elementor-main-swiper swiper-container\" dir=\"ltr\" data-animation=\"\">\n\t\t\t\t<div class=\"swiper-wrapper elementor-slides\">\n\t\t\t\t\t\t\t\t\t\t<div class=\"elementor-repeater-item-d983a28 swiper-slide\"><div class=\"swiper-slide-bg\"><\/div><div class=\"swiper-slide-inner\" ><div class=\"swiper-slide-contents\"><div class=\"elementor-slide-heading\">Aplicaciones de ayuda<\/div><\/div><\/div><\/div>\t\t\t\t<\/div>\n\t\t\t\t\t\t\t<\/div>\n\t\t<\/div>\n\t\t\t\t\t\t<\/div>\n\t\t\t\t<\/div>\n\t\t\t\t\t<\/div>\n\t\t<\/div>\n\t\t\t\t\t<\/div>\n\t\t<\/section>\n\t\t\t\t<section class=\"elementor-section elementor-top-section elementor-element elementor-element-pobsu4s elementor-section-stretched elementor-section-boxed elementor-section-height-default elementor-section-height-default wpr-particle-no wpr-jarallax-no wpr-parallax-no wpr-sticky-section-no\" data-id=\"pobsu4s\" data-element_type=\"section\" data-e-type=\"section\" data-settings=\"{&quot;stretch_section&quot;:&quot;section-stretched&quot;}\">\n\t\t\t\t\t\t<div class=\"elementor-container elementor-column-gap-default\">\n\t\t\t\t\t<div class=\"elementor-column elementor-col-100 elementor-top-column elementor-element elementor-element-vmhmvuj\" data-id=\"vmhmvuj\" data-element_type=\"column\" data-e-type=\"column\">\n\t\t\t<div class=\"elementor-widget-wrap elementor-element-populated\">\n\t\t\t\t\t\t<div class=\"elementor-element elementor-element-4d2b93f elementor-widget elementor-widget-heading\" data-id=\"4d2b93f\" data-element_type=\"widget\" data-e-type=\"widget\" data-widget_type=\"heading.default\">\n\t\t\t\t<div class=\"elementor-widget-container\">\n\t\t\t\t\t<h3 class=\"elementor-heading-title elementor-size-default\">Conoce la app que ofrece ayuda legal y otros recursos a Latinos en EUA<\/h3>\t\t\t\t<\/div>\n\t\t\t\t<\/div>\n\t\t\t\t<div class=\"elementor-element elementor-element-56bebf2 elementor-widget elementor-widget-text-editor\" data-id=\"56bebf2\" data-element_type=\"widget\" data-e-type=\"widget\" data-widget_type=\"text-editor.default\">\n\t\t\t\t<div class=\"elementor-widget-container\">\n\t\t\t\t\t\t\t\t\t<p>Latinos que radican en Estados Unidos, es necesario e importante que conozcan distintos medios de ayuda. Ingresa a nuestra secci\u00f3n de <a href=\"https:\/\/accesolatino.org\/en\/\"><strong>\u201cInicio\u201d<\/strong><\/a> y da clic en la app de <strong>\u201cLULAC Oportunidad\u201d<\/strong> para descargarla.<\/p><p>La Liga de Ciudadanos Latinoamericanos Unidos (LULAC), la mayor y m\u00e1s antigua organizaci\u00f3n hispana en Estados Unidos cre\u00f3 esta aplicaci\u00f3n con la intenci\u00f3n de brindar informaci\u00f3n legal importante a quienes lo necesitan.\u00a0<\/p><p>Los usuarios de esta app obtendr\u00e1n acceso a informaci\u00f3n importante de derechos civiles sobre inmigraci\u00f3n, compromiso c\u00edvico y problemas de empoderamiento econ\u00f3mico desde su dispositivo m\u00f3vil o tableta.<\/p><p>Adem\u00e1s, los usuarios podr\u00e1n registrarse para votar, acceder a informaci\u00f3n sobre presupuestos y recursos de protecci\u00f3n contra fraudes, aprender c\u00f3mo inscribirse en un seguro de salud y localizar servicios de inmigraci\u00f3n locales a trav\u00e9s de la funci\u00f3n &#8220;Buscar ayuda&#8221; de la aplicaci\u00f3n.<\/p>\t\t\t\t\t\t\t\t<\/div>\n\t\t\t\t<\/div>\n\t\t\t\t\t<\/div>\n\t\t<\/div>\n\t\t\t\t\t<\/div>\n\t\t<\/section>\n\t\t\t\t<\/div>","protected":false},"excerpt":{"rendered":"<p>Aplicaciones de ayuda Conoce la app que ofrece ayuda legal y otros recursos a Latinos en EUA Latinos que radican en Estados Unidos, es necesario e importante que conozcan distintos medios de ayuda. Ingresa a nuestra secci\u00f3n de \u201cInicio\u201d y da clic en la app de \u201cLULAC Oportunidad\u201d para descargarla. La Liga de Ciudadanos Latinoamericanos Unidos (LULAC), la mayor y m\u00e1s antigua organizaci\u00f3n hispana en Estados Unidos cre\u00f3 esta aplicaci\u00f3n con la intenci\u00f3n de brindar informaci\u00f3n legal importante a quienes lo necesitan.\u00a0 Los usuarios de esta app obtendr\u00e1n acceso a informaci\u00f3n importante de derechos civiles sobre inmigraci\u00f3n, compromiso c\u00edvico y problemas de empoderamiento econ\u00f3mico desde su dispositivo m\u00f3vil o tableta. Adem\u00e1s, los usuarios podr\u00e1n registrarse para votar, acceder a informaci\u00f3n sobre presupuestos y recursos de protecci\u00f3n contra fraudes, aprender c\u00f3mo inscribirse en un seguro de salud y localizar servicios de inmigraci\u00f3n locales a trav\u00e9s de la funci\u00f3n &#8220;Buscar ayuda&#8221; de la aplicaci\u00f3n.<\/p>","protected":false},"author":15,"featured_media":15194,"parent":13781,"menu_order":0,"comment_status":"closed","ping_status":"closed","template":"elementor_header_footer","meta":{"_uf_show_specific_survey":0,"_uf_disable_surveys":false,"footnotes":""},"class_list":["post-15193","page","type-page","status-publish","has-post-thumbnail"],"aioseo_notices":[],"yoast_head":"<!-- This site is optimized with the Yoast SEO plugin v27.3 - https:\/\/yoast.com\/product\/yoast-seo-wordpress\/ -->\n<title>Conoce la app que ofrece ayuda legal y otros recursos a Latinos<\/title>\n<meta name=\"description\" content=\"Aplicaciones de ayuda Conoce la app que ofrece ayuda legal y otros recursos a Latinos en EUA Latinos que radican en Estados Unidos\" \/>\n<meta name=\"robots\" content=\"index, follow, max-snippet:-1, max-image-preview:large, max-video-preview:-1\" \/>\n<link rel=\"canonical\" href=\"https:\/\/accesolatino.org\/en\/inicio\/conoce-la-app-que-ofrece-ayuda-legal-y-otros-recursos-a-latinos-en-eua\/\" \/>\n<meta property=\"og:locale\" content=\"en_US\" \/>\n<meta property=\"og:type\" content=\"article\" \/>\n<meta property=\"og:title\" content=\"Acceso Latino | Apoyo a Latinos\" \/>\n<meta property=\"og:description\" content=\"Estamos listos para brindarte informaci\u00f3n actualizada en materia de migraci\u00f3n\" \/>\n<meta property=\"og:url\" content=\"https:\/\/accesolatino.org\/en\/inicio\/conoce-la-app-que-ofrece-ayuda-legal-y-otros-recursos-a-latinos-en-eua\/\" \/>\n<meta property=\"og:site_name\" content=\"Acceso Latino\" \/>\n<meta property=\"article:publisher\" content=\"https:\/\/www.facebook.com\/AccesoLatinoOrg\" \/>\n<meta property=\"article:modified_time\" content=\"2025-10-07T18:31:26+00:00\" \/>\n<meta property=\"og:image\" content=\"https:\/\/accesolatino.org\/wp-content\/uploads\/2018\/10\/Conoce-la-app-que-ofrece-ayuda-legal-y-otros-recursos-a-Latinos-en-EUA.jpg\" \/>\n\t<meta property=\"og:image:width\" content=\"600\" \/>\n\t<meta property=\"og:image:height\" content=\"338\" \/>\n\t<meta property=\"og:image:type\" content=\"image\/jpeg\" \/>\n<meta name=\"twitter:card\" content=\"summary_large_image\" \/>\n<meta name=\"twitter:title\" content=\"Acceso Latino | Apoyo a Latinos\" \/>\n<meta name=\"twitter:description\" content=\"Estamos listos para brindarte informaci\u00f3n actualizada en materia de migraci\u00f3n\" \/>\n<meta name=\"twitter:image\" content=\"https:\/\/accesolatino.org\/wp-content\/uploads\/2018\/10\/Conoce-la-app-que-ofrece-ayuda-legal-y-otros-recursos-a-Latinos-en-EUA.jpg\" \/>\n<meta name=\"twitter:site\" content=\"@FAccLatino\" \/>\n<meta name=\"twitter:label1\" content=\"Est. reading time\" \/>\n\t<meta name=\"twitter:data1\" content=\"1 minute\" \/>\n<script type=\"application\/ld+json\" class=\"yoast-schema-graph\">{\"@context\":\"https:\\\/\\\/schema.org\",\"@graph\":[{\"@type\":\"WebPage\",\"@id\":\"https:\\\/\\\/accesolatino.org\\\/en\\\/inicio\\\/conoce-la-app-que-ofrece-ayuda-legal-y-otros-recursos-a-latinos-en-eua\\\/\",\"url\":\"https:\\\/\\\/accesolatino.org\\\/en\\\/inicio\\\/conoce-la-app-que-ofrece-ayuda-legal-y-otros-recursos-a-latinos-en-eua\\\/\",\"name\":\"Conoce la app que ofrece ayuda legal y otros recursos a Latinos\",\"isPartOf\":{\"@id\":\"https:\\\/\\\/accesolatino.org\\\/#website\"},\"primaryImageOfPage\":{\"@id\":\"https:\\\/\\\/accesolatino.org\\\/en\\\/inicio\\\/conoce-la-app-que-ofrece-ayuda-legal-y-otros-recursos-a-latinos-en-eua\\\/#primaryimage\"},\"image\":{\"@id\":\"https:\\\/\\\/accesolatino.org\\\/en\\\/inicio\\\/conoce-la-app-que-ofrece-ayuda-legal-y-otros-recursos-a-latinos-en-eua\\\/#primaryimage\"},\"thumbnailUrl\":\"https:\\\/\\\/accesolatino.org\\\/wp-content\\\/uploads\\\/2018\\\/10\\\/Conoce-la-app-que-ofrece-ayuda-legal-y-otros-recursos-a-Latinos-en-EUA.jpg\",\"datePublished\":\"2018-10-24T15:17:53+00:00\",\"dateModified\":\"2025-10-07T18:31:26+00:00\",\"description\":\"Aplicaciones de ayuda Conoce la app que ofrece ayuda legal y otros recursos a Latinos en EUA Latinos que radican en Estados Unidos\",\"breadcrumb\":{\"@id\":\"https:\\\/\\\/accesolatino.org\\\/en\\\/inicio\\\/conoce-la-app-que-ofrece-ayuda-legal-y-otros-recursos-a-latinos-en-eua\\\/#breadcrumb\"},\"inLanguage\":\"en-US\",\"potentialAction\":[{\"@type\":\"ReadAction\",\"target\":[\"https:\\\/\\\/accesolatino.org\\\/en\\\/inicio\\\/conoce-la-app-que-ofrece-ayuda-legal-y-otros-recursos-a-latinos-en-eua\\\/\"]}]},{\"@type\":\"ImageObject\",\"inLanguage\":\"en-US\",\"@id\":\"https:\\\/\\\/accesolatino.org\\\/en\\\/inicio\\\/conoce-la-app-que-ofrece-ayuda-legal-y-otros-recursos-a-latinos-en-eua\\\/#primaryimage\",\"url\":\"https:\\\/\\\/accesolatino.org\\\/wp-content\\\/uploads\\\/2018\\\/10\\\/Conoce-la-app-que-ofrece-ayuda-legal-y-otros-recursos-a-Latinos-en-EUA.jpg\",\"contentUrl\":\"https:\\\/\\\/accesolatino.org\\\/wp-content\\\/uploads\\\/2018\\\/10\\\/Conoce-la-app-que-ofrece-ayuda-legal-y-otros-recursos-a-Latinos-en-EUA.jpg\",\"width\":600,\"height\":338,\"caption\":\"Conoce la app que ofrece ayuda legal y otros recursos a Latinos en EUA\"},{\"@type\":\"BreadcrumbList\",\"@id\":\"https:\\\/\\\/accesolatino.org\\\/en\\\/inicio\\\/conoce-la-app-que-ofrece-ayuda-legal-y-otros-recursos-a-latinos-en-eua\\\/#breadcrumb\",\"itemListElement\":[{\"@type\":\"ListItem\",\"position\":1,\"name\":\"Portada\",\"item\":\"https:\\\/\\\/accesolatino.org\\\/\"},{\"@type\":\"ListItem\",\"position\":2,\"name\":\"Acceso Latino &#8211; Fundaci\u00f3n Carlos Slim\",\"item\":\"https:\\\/\\\/accesolatino.org\\\/\"},{\"@type\":\"ListItem\",\"position\":3,\"name\":\"Conoce la app que ofrece ayuda legal y otros recursos a Latinos en EUA\"}]},{\"@type\":\"WebSite\",\"@id\":\"https:\\\/\\\/accesolatino.org\\\/#website\",\"url\":\"https:\\\/\\\/accesolatino.org\\\/\",\"name\":\"Acceso Latino | Fundaci\u00f3n Carlos Slim\",\"description\":\"Fundaci\u00f3n Carlos Slim\",\"publisher\":{\"@id\":\"https:\\\/\\\/accesolatino.org\\\/#organization\"},\"potentialAction\":[{\"@type\":\"SearchAction\",\"target\":{\"@type\":\"EntryPoint\",\"urlTemplate\":\"https:\\\/\\\/accesolatino.org\\\/?s={search_term_string}\"},\"query-input\":{\"@type\":\"PropertyValueSpecification\",\"valueRequired\":true,\"valueName\":\"search_term_string\"}}],\"inLanguage\":\"en-US\"},{\"@type\":\"Organization\",\"@id\":\"https:\\\/\\\/accesolatino.org\\\/#organization\",\"name\":\"Acceso Latino | Fundaci\u00f3n Carlos Slim\",\"url\":\"https:\\\/\\\/accesolatino.org\\\/\",\"logo\":{\"@type\":\"ImageObject\",\"inLanguage\":\"en-US\",\"@id\":\"https:\\\/\\\/accesolatino.org\\\/#\\\/schema\\\/logo\\\/image\\\/\",\"url\":\"https:\\\/\\\/accesolatino.org\\\/wp-content\\\/uploads\\\/2021\\\/02\\\/logo-footer-acceso-latino.png\",\"contentUrl\":\"https:\\\/\\\/accesolatino.org\\\/wp-content\\\/uploads\\\/2021\\\/02\\\/logo-footer-acceso-latino.png\",\"width\":240,\"height\":40,\"caption\":\"Acceso Latino | Fundaci\u00f3n Carlos Slim\"},\"image\":{\"@id\":\"https:\\\/\\\/accesolatino.org\\\/#\\\/schema\\\/logo\\\/image\\\/\"},\"sameAs\":[\"https:\\\/\\\/www.facebook.com\\\/AccesoLatinoOrg\",\"https:\\\/\\\/x.com\\\/FAccLatino\"]}]}<\/script>\n<!-- \/ Yoast SEO plugin. -->","yoast_head_json":{"title":"Conoce la app que ofrece ayuda legal y otros recursos a Latinos","description":"Aplicaciones de ayuda Conoce la app que ofrece ayuda legal y otros recursos a Latinos en EUA Latinos que radican en Estados Unidos","robots":{"index":"index","follow":"follow","max-snippet":"max-snippet:-1","max-image-preview":"max-image-preview:large","max-video-preview":"max-video-preview:-1"},"canonical":"https:\/\/accesolatino.org\/en\/inicio\/conoce-la-app-que-ofrece-ayuda-legal-y-otros-recursos-a-latinos-en-eua\/","og_locale":"en_US","og_type":"article","og_title":"Acceso Latino | Apoyo a Latinos","og_description":"Estamos listos para brindarte informaci\u00f3n actualizada en materia de migraci\u00f3n","og_url":"https:\/\/accesolatino.org\/en\/inicio\/conoce-la-app-que-ofrece-ayuda-legal-y-otros-recursos-a-latinos-en-eua\/","og_site_name":"Acceso Latino","article_publisher":"https:\/\/www.facebook.com\/AccesoLatinoOrg","article_modified_time":"2025-10-07T18:31:26+00:00","og_image":[{"width":600,"height":338,"url":"https:\/\/accesolatino.org\/wp-content\/uploads\/2018\/10\/Conoce-la-app-que-ofrece-ayuda-legal-y-otros-recursos-a-Latinos-en-EUA.jpg","type":"image\/jpeg"}],"twitter_card":"summary_large_image","twitter_title":"Acceso Latino | Apoyo a Latinos","twitter_description":"Estamos listos para brindarte informaci\u00f3n actualizada en materia de migraci\u00f3n","twitter_image":"https:\/\/accesolatino.org\/wp-content\/uploads\/2018\/10\/Conoce-la-app-que-ofrece-ayuda-legal-y-otros-recursos-a-Latinos-en-EUA.jpg","twitter_site":"@FAccLatino","twitter_misc":{"Est. reading time":"1 minute"},"schema":{"@context":"https:\/\/schema.org","@graph":[{"@type":"WebPage","@id":"https:\/\/accesolatino.org\/en\/inicio\/conoce-la-app-que-ofrece-ayuda-legal-y-otros-recursos-a-latinos-en-eua\/","url":"https:\/\/accesolatino.org\/en\/inicio\/conoce-la-app-que-ofrece-ayuda-legal-y-otros-recursos-a-latinos-en-eua\/","name":"Conoce la app que ofrece ayuda legal y otros recursos a Latinos","isPartOf":{"@id":"https:\/\/accesolatino.org\/#website"},"primaryImageOfPage":{"@id":"https:\/\/accesolatino.org\/en\/inicio\/conoce-la-app-que-ofrece-ayuda-legal-y-otros-recursos-a-latinos-en-eua\/#primaryimage"},"image":{"@id":"https:\/\/accesolatino.org\/en\/inicio\/conoce-la-app-que-ofrece-ayuda-legal-y-otros-recursos-a-latinos-en-eua\/#primaryimage"},"thumbnailUrl":"https:\/\/accesolatino.org\/wp-content\/uploads\/2018\/10\/Conoce-la-app-que-ofrece-ayuda-legal-y-otros-recursos-a-Latinos-en-EUA.jpg","datePublished":"2018-10-24T15:17:53+00:00","dateModified":"2025-10-07T18:31:26+00:00","description":"Aplicaciones de ayuda Conoce la app que ofrece ayuda legal y otros recursos a Latinos en EUA Latinos que radican en Estados Unidos","breadcrumb":{"@id":"https:\/\/accesolatino.org\/en\/inicio\/conoce-la-app-que-ofrece-ayuda-legal-y-otros-recursos-a-latinos-en-eua\/#breadcrumb"},"inLanguage":"en-US","potentialAction":[{"@type":"ReadAction","target":["https:\/\/accesolatino.org\/en\/inicio\/conoce-la-app-que-ofrece-ayuda-legal-y-otros-recursos-a-latinos-en-eua\/"]}]},{"@type":"ImageObject","inLanguage":"en-US","@id":"https:\/\/accesolatino.org\/en\/inicio\/conoce-la-app-que-ofrece-ayuda-legal-y-otros-recursos-a-latinos-en-eua\/#primaryimage","url":"https:\/\/accesolatino.org\/wp-content\/uploads\/2018\/10\/Conoce-la-app-que-ofrece-ayuda-legal-y-otros-recursos-a-Latinos-en-EUA.jpg","contentUrl":"https:\/\/accesolatino.org\/wp-content\/uploads\/2018\/10\/Conoce-la-app-que-ofrece-ayuda-legal-y-otros-recursos-a-Latinos-en-EUA.jpg","width":600,"height":338,"caption":"Conoce la app que ofrece ayuda legal y otros recursos a Latinos en EUA"},{"@type":"BreadcrumbList","@id":"https:\/\/accesolatino.org\/en\/inicio\/conoce-la-app-que-ofrece-ayuda-legal-y-otros-recursos-a-latinos-en-eua\/#breadcrumb","itemListElement":[{"@type":"ListItem","position":1,"name":"Portada","item":"https:\/\/accesolatino.org\/"},{"@type":"ListItem","position":2,"name":"Acceso Latino &#8211; Fundaci\u00f3n Carlos Slim","item":"https:\/\/accesolatino.org\/"},{"@type":"ListItem","position":3,"name":"Conoce la app que ofrece ayuda legal y otros recursos a Latinos en EUA"}]},{"@type":"WebSite","@id":"https:\/\/accesolatino.org\/#website","url":"https:\/\/accesolatino.org\/","name":"Acceso Latino | Fundaci\u00f3n Carlos Slim","description":"Fundaci\u00f3n Carlos Slim","publisher":{"@id":"https:\/\/accesolatino.org\/#organization"},"potentialAction":[{"@type":"SearchAction","target":{"@type":"EntryPoint","urlTemplate":"https:\/\/accesolatino.org\/?s={search_term_string}"},"query-input":{"@type":"PropertyValueSpecification","valueRequired":true,"valueName":"search_term_string"}}],"inLanguage":"en-US"},{"@type":"Organization","@id":"https:\/\/accesolatino.org\/#organization","name":"Acceso Latino | Fundaci\u00f3n Carlos Slim","url":"https:\/\/accesolatino.org\/","logo":{"@type":"ImageObject","inLanguage":"en-US","@id":"https:\/\/accesolatino.org\/#\/schema\/logo\/image\/","url":"https:\/\/accesolatino.org\/wp-content\/uploads\/2021\/02\/logo-footer-acceso-latino.png","contentUrl":"https:\/\/accesolatino.org\/wp-content\/uploads\/2021\/02\/logo-footer-acceso-latino.png","width":240,"height":40,"caption":"Acceso Latino | Fundaci\u00f3n Carlos Slim"},"image":{"@id":"https:\/\/accesolatino.org\/#\/schema\/logo\/image\/"},"sameAs":["https:\/\/www.facebook.com\/AccesoLatinoOrg","https:\/\/x.com\/FAccLatino"]}]}},"_links":{"self":[{"href":"https:\/\/accesolatino.org\/en\/wp-json\/wp\/v2\/pages\/15193","targetHints":{"allow":["GET"]}}],"collection":[{"href":"https:\/\/accesolatino.org\/en\/wp-json\/wp\/v2\/pages"}],"about":[{"href":"https:\/\/accesolatino.org\/en\/wp-json\/wp\/v2\/types\/page"}],"author":[{"embeddable":true,"href":"https:\/\/accesolatino.org\/en\/wp-json\/wp\/v2\/users\/15"}],"replies":[{"embeddable":true,"href":"https:\/\/accesolatino.org\/en\/wp-json\/wp\/v2\/comments?post=15193"}],"version-history":[{"count":1,"href":"https:\/\/accesolatino.org\/en\/wp-json\/wp\/v2\/pages\/15193\/revisions"}],"predecessor-version":[{"id":63750,"href":"https:\/\/accesolatino.org\/en\/wp-json\/wp\/v2\/pages\/15193\/revisions\/63750"}],"up":[{"embeddable":true,"href":"https:\/\/accesolatino.org\/en\/wp-json\/wp\/v2\/pages\/13781"}],"wp:featuredmedia":[{"embeddable":true,"href":"https:\/\/accesolatino.org\/en\/wp-json\/wp\/v2\/media\/15194"}],"wp:attachment":[{"href":"https:\/\/accesolatino.org\/en\/wp-json\/wp\/v2\/media?parent=15193"}],"curies":[{"name":"wp","href":"https:\/\/api.w.org\/{rel}","templated":true}]}}