{"id":15175,"date":"2018-10-23T13:14:06","date_gmt":"2018-10-23T18:14:06","guid":{"rendered":"https:\/\/accesolatino.org\/?page_id=15175"},"modified":"2025-10-07T13:24:19","modified_gmt":"2025-10-07T19:24:19","slug":"oportunidad-la-app-con-ayuda-legal-a-bajo-costo-para-latinos","status":"publish","type":"page","link":"https:\/\/accesolatino.org\/en\/inicio\/oportunidad-la-app-con-ayuda-legal-a-bajo-costo-para-latinos\/","title":{"rendered":"Oportunidad, la app con ayuda legal a bajo costo para latinos"},"content":{"rendered":"<div data-elementor-type=\"wp-post\" data-elementor-id=\"15175\" class=\"elementor elementor-15175\">\n\t\t\t\t\t\t<section class=\"elementor-section elementor-top-section elementor-element elementor-element-f3fc769 elementor-section-full_width elementor-section-height-min-height elementor-section-items-stretch elementor-section-height-default wpr-particle-no wpr-jarallax-no wpr-parallax-no wpr-sticky-section-no wpr-equal-height-no\" data-id=\"f3fc769\" data-element_type=\"section\" data-e-type=\"section\" data-settings=\"{&quot;background_background&quot;:&quot;classic&quot;}\">\n\t\t\t\t\t\t<div class=\"elementor-container elementor-column-gap-no\">\n\t\t\t\t\t<div class=\"elementor-column elementor-col-100 elementor-top-column elementor-element elementor-element-8eba640\" data-id=\"8eba640\" data-element_type=\"column\" data-e-type=\"column\">\n\t\t\t<div class=\"elementor-widget-wrap elementor-element-populated\">\n\t\t\t\t\t\t<div class=\"elementor-element elementor-element-510f705 elementor--h-position-center elementor--v-position-middle elementor-widget elementor-widget-slides\" data-id=\"510f705\" data-element_type=\"widget\" data-e-type=\"widget\" data-settings=\"{&quot;navigation&quot;:&quot;none&quot;,&quot;infinite&quot;:&quot;yes&quot;,&quot;transition&quot;:&quot;slide&quot;,&quot;transition_speed&quot;:500}\" data-widget_type=\"slides.default\">\n\t\t\t\t<div class=\"elementor-widget-container\">\n\t\t\t\t\t\t\t<div class=\"elementor-swiper\">\n\t\t\t<div class=\"elementor-slides-wrapper elementor-main-swiper swiper-container\" dir=\"ltr\" data-animation=\"\">\n\t\t\t\t<div class=\"swiper-wrapper elementor-slides\">\n\t\t\t\t\t\t\t\t\t\t<div class=\"elementor-repeater-item-d983a28 swiper-slide\"><div class=\"swiper-slide-bg\"><\/div><div class=\"swiper-slide-inner\" ><div class=\"swiper-slide-contents\"><div class=\"elementor-slide-heading\">Aplicaciones de ayuda<\/div><\/div><\/div><\/div>\t\t\t\t<\/div>\n\t\t\t\t\t\t\t<\/div>\n\t\t<\/div>\n\t\t\t\t\t\t<\/div>\n\t\t\t\t<\/div>\n\t\t\t\t\t<\/div>\n\t\t<\/div>\n\t\t\t\t\t<\/div>\n\t\t<\/section>\n\t\t\t\t<section class=\"elementor-section elementor-top-section elementor-element elementor-element-pobsu4s elementor-section-stretched elementor-section-boxed elementor-section-height-default elementor-section-height-default wpr-particle-no wpr-jarallax-no wpr-parallax-no wpr-sticky-section-no wpr-equal-height-no\" data-id=\"pobsu4s\" data-element_type=\"section\" data-e-type=\"section\" data-settings=\"{&quot;stretch_section&quot;:&quot;section-stretched&quot;}\">\n\t\t\t\t\t\t<div class=\"elementor-container elementor-column-gap-default\">\n\t\t\t\t\t<div class=\"elementor-column elementor-col-100 elementor-top-column elementor-element elementor-element-vmhmvuj\" data-id=\"vmhmvuj\" data-element_type=\"column\" data-e-type=\"column\">\n\t\t\t<div class=\"elementor-widget-wrap elementor-element-populated\">\n\t\t\t\t\t\t<div class=\"elementor-element elementor-element-4d2b93f elementor-widget elementor-widget-heading\" data-id=\"4d2b93f\" data-element_type=\"widget\" data-e-type=\"widget\" data-widget_type=\"heading.default\">\n\t\t\t\t<div class=\"elementor-widget-container\">\n\t\t\t\t\t<h3 class=\"elementor-heading-title elementor-size-default\">Oportunidad, la app con ayuda legal a bajo costo para latinos<\/h3>\t\t\t\t<\/div>\n\t\t\t\t<\/div>\n\t\t\t\t<div class=\"elementor-element elementor-element-56bebf2 elementor-widget elementor-widget-text-editor\" data-id=\"56bebf2\" data-element_type=\"widget\" data-e-type=\"widget\" data-widget_type=\"text-editor.default\">\n\t\t\t\t<div class=\"elementor-widget-container\">\n\t\t\t\t\t\t\t\t\t<p>Hermano migrante, en <strong>accesolatino.org<\/strong> ponemos a tu alcance informaci\u00f3n de utilidad que existe para ti en Estados Unidos. En esta ocasi\u00f3n, encontrar\u00e1s la app de <strong>\u201cLULAC Oportunidad\u201d<\/strong>; informaci\u00f3n que encontrar\u00e1s en la parte inferior de nuestra secci\u00f3n<a href=\"https:\/\/accesolatino.org\/en\/\"><strong> \u201cInicio\u201d<\/strong><\/a>.<\/p><p>La Liga de Ciudadanos Latinoamericanos Unidos (LULAC), la mayor y m\u00e1s antigua organizaci\u00f3n hispana en Estados Unidos cre\u00f3 esta aplicaci\u00f3n con la intenci\u00f3n de brindar informaci\u00f3n legal importante a quienes lo necesitan.\u00a0<\/p><p>Los usuarios de esta app obtendr\u00e1n acceso a informaci\u00f3n importante de derechos civiles sobre inmigraci\u00f3n, compromiso c\u00edvico y problemas de empoderamiento econ\u00f3mico desde su dispositivo m\u00f3vil o tableta. Adem\u00e1s, los usuarios podr\u00e1n registrarse para votar, acceder a informaci\u00f3n sobre presupuestos y recursos de protecci\u00f3n contra fraudes, aprender c\u00f3mo inscribirse en un seguro de salud y localizar servicios de inmigraci\u00f3n locales a trav\u00e9s de la funci\u00f3n &#8220;Buscar ayuda&#8221; de la aplicaci\u00f3n.<\/p><p>Oportunidad est\u00e1 disponible para dispositivos iOS y Android y es totalmente compatible con dispositivos m\u00f3viles y tabletas.<\/p>\t\t\t\t\t\t\t\t<\/div>\n\t\t\t\t<\/div>\n\t\t\t\t\t<\/div>\n\t\t<\/div>\n\t\t\t\t\t<\/div>\n\t\t<\/section>\n\t\t\t\t<\/div>","protected":false},"excerpt":{"rendered":"<p>Aplicaciones de ayuda Oportunidad, la app con ayuda legal a bajo costo para latinos Hermano migrante, en accesolatino.org ponemos a tu alcance informaci\u00f3n de utilidad que existe para ti en Estados Unidos. En esta ocasi\u00f3n, encontrar\u00e1s la app de \u201cLULAC Oportunidad\u201d; informaci\u00f3n que encontrar\u00e1s en la parte inferior de nuestra secci\u00f3n \u201cInicio\u201d. La Liga de Ciudadanos Latinoamericanos Unidos (LULAC), la mayor y m\u00e1s antigua organizaci\u00f3n hispana en Estados Unidos cre\u00f3 esta aplicaci\u00f3n con la intenci\u00f3n de brindar informaci\u00f3n legal importante a quienes lo necesitan.\u00a0 Los usuarios de esta app obtendr\u00e1n acceso a informaci\u00f3n importante de derechos civiles sobre inmigraci\u00f3n, compromiso c\u00edvico y problemas de empoderamiento econ\u00f3mico desde su dispositivo m\u00f3vil o tableta. Adem\u00e1s, los usuarios podr\u00e1n registrarse para votar, acceder a informaci\u00f3n sobre presupuestos y recursos de protecci\u00f3n contra fraudes, aprender c\u00f3mo inscribirse en un seguro de salud y localizar servicios de inmigraci\u00f3n locales a trav\u00e9s de la funci\u00f3n &#8220;Buscar ayuda&#8221; de la aplicaci\u00f3n. Oportunidad est\u00e1 disponible para dispositivos iOS y Android y es totalmente compatible con dispositivos m\u00f3viles y tabletas.<\/p>","protected":false},"author":15,"featured_media":15176,"parent":13781,"menu_order":0,"comment_status":"closed","ping_status":"closed","template":"elementor_header_footer","meta":{"_uf_show_specific_survey":0,"_uf_disable_surveys":false,"footnotes":""},"class_list":["post-15175","page","type-page","status-publish","has-post-thumbnail"],"aioseo_notices":[],"yoast_head":"<!-- This site is optimized with the Yoast SEO plugin v27.5 - https:\/\/yoast.com\/product\/yoast-seo-wordpress\/ -->\n<title>Oportunidad, la app con ayuda legal a bajo costo para latinos<\/title>\n<meta name=\"description\" content=\"Estamos listos para brindarte informaci\u00f3n actualizada en materia de migraci\u00f3n\" \/>\n<meta name=\"robots\" content=\"index, follow, max-snippet:-1, max-image-preview:large, max-video-preview:-1\" \/>\n<link rel=\"canonical\" href=\"https:\/\/accesolatino.org\/en\/inicio\/oportunidad-la-app-con-ayuda-legal-a-bajo-costo-para-latinos\/\" \/>\n<meta property=\"og:locale\" content=\"en_US\" \/>\n<meta property=\"og:type\" content=\"article\" \/>\n<meta property=\"og:title\" content=\"Acceso Latino | Apoyo a Latinos\" \/>\n<meta property=\"og:description\" content=\"Estamos listos para brindarte informaci\u00f3n actualizada en materia de migraci\u00f3n\" \/>\n<meta property=\"og:url\" content=\"https:\/\/accesolatino.org\/en\/inicio\/oportunidad-la-app-con-ayuda-legal-a-bajo-costo-para-latinos\/\" \/>\n<meta property=\"og:site_name\" content=\"Acceso Latino\" \/>\n<meta property=\"article:publisher\" content=\"https:\/\/www.facebook.com\/AccesoLatinoOrg\" \/>\n<meta property=\"article:modified_time\" content=\"2025-10-07T19:24:19+00:00\" \/>\n<meta property=\"og:image\" content=\"https:\/\/accesolatino.org\/wp-content\/uploads\/2018\/10\/Oportunidad-la-app-con-ayuda-legal-a-bajo-costo-para-latinos.jpg\" \/>\n\t<meta property=\"og:image:width\" content=\"600\" \/>\n\t<meta property=\"og:image:height\" content=\"338\" \/>\n\t<meta property=\"og:image:type\" content=\"image\/jpeg\" \/>\n<meta name=\"twitter:card\" content=\"summary_large_image\" \/>\n<meta name=\"twitter:title\" content=\"Acceso Latino | Apoyo a Latinos\" \/>\n<meta name=\"twitter:description\" content=\"Estamos listos para brindarte informaci\u00f3n actualizada en materia de migraci\u00f3n\" \/>\n<meta name=\"twitter:image\" content=\"https:\/\/accesolatino.org\/wp-content\/uploads\/2018\/10\/Oportunidad-la-app-con-ayuda-legal-a-bajo-costo-para-latinos.jpg\" \/>\n<meta name=\"twitter:site\" content=\"@FAccLatino\" \/>\n<meta name=\"twitter:label1\" content=\"Est. reading time\" \/>\n\t<meta name=\"twitter:data1\" content=\"1 minute\" \/>\n<script type=\"application\/ld+json\" class=\"yoast-schema-graph\">{\"@context\":\"https:\\\/\\\/schema.org\",\"@graph\":[{\"@type\":\"WebPage\",\"@id\":\"https:\\\/\\\/accesolatino.org\\\/inicio\\\/oportunidad-la-app-con-ayuda-legal-a-bajo-costo-para-latinos\\\/\",\"url\":\"https:\\\/\\\/accesolatino.org\\\/inicio\\\/oportunidad-la-app-con-ayuda-legal-a-bajo-costo-para-latinos\\\/\",\"name\":\"Oportunidad, la app con ayuda legal a bajo costo para latinos\",\"isPartOf\":{\"@id\":\"https:\\\/\\\/accesolatino.org\\\/#website\"},\"primaryImageOfPage\":{\"@id\":\"https:\\\/\\\/accesolatino.org\\\/inicio\\\/oportunidad-la-app-con-ayuda-legal-a-bajo-costo-para-latinos\\\/#primaryimage\"},\"image\":{\"@id\":\"https:\\\/\\\/accesolatino.org\\\/inicio\\\/oportunidad-la-app-con-ayuda-legal-a-bajo-costo-para-latinos\\\/#primaryimage\"},\"thumbnailUrl\":\"https:\\\/\\\/accesolatino.org\\\/wp-content\\\/uploads\\\/2018\\\/10\\\/Oportunidad-la-app-con-ayuda-legal-a-bajo-costo-para-latinos.jpg\",\"datePublished\":\"2018-10-23T18:14:06+00:00\",\"dateModified\":\"2025-10-07T19:24:19+00:00\",\"description\":\"Estamos listos para brindarte informaci\u00f3n actualizada en materia de migraci\u00f3n\",\"breadcrumb\":{\"@id\":\"https:\\\/\\\/accesolatino.org\\\/inicio\\\/oportunidad-la-app-con-ayuda-legal-a-bajo-costo-para-latinos\\\/#breadcrumb\"},\"inLanguage\":\"en-US\",\"potentialAction\":[{\"@type\":\"ReadAction\",\"target\":[\"https:\\\/\\\/accesolatino.org\\\/inicio\\\/oportunidad-la-app-con-ayuda-legal-a-bajo-costo-para-latinos\\\/\"]}]},{\"@type\":\"ImageObject\",\"inLanguage\":\"en-US\",\"@id\":\"https:\\\/\\\/accesolatino.org\\\/inicio\\\/oportunidad-la-app-con-ayuda-legal-a-bajo-costo-para-latinos\\\/#primaryimage\",\"url\":\"https:\\\/\\\/accesolatino.org\\\/wp-content\\\/uploads\\\/2018\\\/10\\\/Oportunidad-la-app-con-ayuda-legal-a-bajo-costo-para-latinos.jpg\",\"contentUrl\":\"https:\\\/\\\/accesolatino.org\\\/wp-content\\\/uploads\\\/2018\\\/10\\\/Oportunidad-la-app-con-ayuda-legal-a-bajo-costo-para-latinos.jpg\",\"width\":600,\"height\":338,\"caption\":\"Oportunidad, la app con ayuda legal a bajo costo para latinos\"},{\"@type\":\"BreadcrumbList\",\"@id\":\"https:\\\/\\\/accesolatino.org\\\/inicio\\\/oportunidad-la-app-con-ayuda-legal-a-bajo-costo-para-latinos\\\/#breadcrumb\",\"itemListElement\":[{\"@type\":\"ListItem\",\"position\":1,\"name\":\"Portada\",\"item\":\"https:\\\/\\\/accesolatino.org\\\/\"},{\"@type\":\"ListItem\",\"position\":2,\"name\":\"Acceso Latino &#8211; Fundaci\u00f3n Carlos Slim\",\"item\":\"https:\\\/\\\/accesolatino.org\\\/\"},{\"@type\":\"ListItem\",\"position\":3,\"name\":\"Oportunidad, la app con ayuda legal a bajo costo para latinos\"}]},{\"@type\":\"WebSite\",\"@id\":\"https:\\\/\\\/accesolatino.org\\\/#website\",\"url\":\"https:\\\/\\\/accesolatino.org\\\/\",\"name\":\"Acceso Latino | Fundaci\u00f3n Carlos Slim\",\"description\":\"Fundaci\u00f3n Carlos Slim\",\"publisher\":{\"@id\":\"https:\\\/\\\/accesolatino.org\\\/#organization\"},\"potentialAction\":[{\"@type\":\"SearchAction\",\"target\":{\"@type\":\"EntryPoint\",\"urlTemplate\":\"https:\\\/\\\/accesolatino.org\\\/?s={search_term_string}\"},\"query-input\":{\"@type\":\"PropertyValueSpecification\",\"valueRequired\":true,\"valueName\":\"search_term_string\"}}],\"inLanguage\":\"en-US\"},{\"@type\":\"Organization\",\"@id\":\"https:\\\/\\\/accesolatino.org\\\/#organization\",\"name\":\"Acceso Latino | Fundaci\u00f3n Carlos Slim\",\"url\":\"https:\\\/\\\/accesolatino.org\\\/\",\"logo\":{\"@type\":\"ImageObject\",\"inLanguage\":\"en-US\",\"@id\":\"https:\\\/\\\/accesolatino.org\\\/#\\\/schema\\\/logo\\\/image\\\/\",\"url\":\"https:\\\/\\\/accesolatino.org\\\/wp-content\\\/uploads\\\/2021\\\/02\\\/logo-footer-acceso-latino.png\",\"contentUrl\":\"https:\\\/\\\/accesolatino.org\\\/wp-content\\\/uploads\\\/2021\\\/02\\\/logo-footer-acceso-latino.png\",\"width\":240,\"height\":40,\"caption\":\"Acceso Latino | Fundaci\u00f3n Carlos Slim\"},\"image\":{\"@id\":\"https:\\\/\\\/accesolatino.org\\\/#\\\/schema\\\/logo\\\/image\\\/\"},\"sameAs\":[\"https:\\\/\\\/www.facebook.com\\\/AccesoLatinoOrg\",\"https:\\\/\\\/x.com\\\/FAccLatino\"]}]}<\/script>\n<!-- \/ Yoast SEO plugin. -->","yoast_head_json":{"title":"Oportunidad, la app con ayuda legal a bajo costo para latinos","description":"Estamos listos para brindarte informaci\u00f3n actualizada en materia de migraci\u00f3n","robots":{"index":"index","follow":"follow","max-snippet":"max-snippet:-1","max-image-preview":"max-image-preview:large","max-video-preview":"max-video-preview:-1"},"canonical":"https:\/\/accesolatino.org\/en\/inicio\/oportunidad-la-app-con-ayuda-legal-a-bajo-costo-para-latinos\/","og_locale":"en_US","og_type":"article","og_title":"Acceso Latino | Apoyo a Latinos","og_description":"Estamos listos para brindarte informaci\u00f3n actualizada en materia de migraci\u00f3n","og_url":"https:\/\/accesolatino.org\/en\/inicio\/oportunidad-la-app-con-ayuda-legal-a-bajo-costo-para-latinos\/","og_site_name":"Acceso Latino","article_publisher":"https:\/\/www.facebook.com\/AccesoLatinoOrg","article_modified_time":"2025-10-07T19:24:19+00:00","og_image":[{"width":600,"height":338,"url":"https:\/\/accesolatino.org\/wp-content\/uploads\/2018\/10\/Oportunidad-la-app-con-ayuda-legal-a-bajo-costo-para-latinos.jpg","type":"image\/jpeg"}],"twitter_card":"summary_large_image","twitter_title":"Acceso Latino | Apoyo a Latinos","twitter_description":"Estamos listos para brindarte informaci\u00f3n actualizada en materia de migraci\u00f3n","twitter_image":"https:\/\/accesolatino.org\/wp-content\/uploads\/2018\/10\/Oportunidad-la-app-con-ayuda-legal-a-bajo-costo-para-latinos.jpg","twitter_site":"@FAccLatino","twitter_misc":{"Est. reading time":"1 minute"},"schema":{"@context":"https:\/\/schema.org","@graph":[{"@type":"WebPage","@id":"https:\/\/accesolatino.org\/inicio\/oportunidad-la-app-con-ayuda-legal-a-bajo-costo-para-latinos\/","url":"https:\/\/accesolatino.org\/inicio\/oportunidad-la-app-con-ayuda-legal-a-bajo-costo-para-latinos\/","name":"Oportunidad, la app con ayuda legal a bajo costo para latinos","isPartOf":{"@id":"https:\/\/accesolatino.org\/#website"},"primaryImageOfPage":{"@id":"https:\/\/accesolatino.org\/inicio\/oportunidad-la-app-con-ayuda-legal-a-bajo-costo-para-latinos\/#primaryimage"},"image":{"@id":"https:\/\/accesolatino.org\/inicio\/oportunidad-la-app-con-ayuda-legal-a-bajo-costo-para-latinos\/#primaryimage"},"thumbnailUrl":"https:\/\/accesolatino.org\/wp-content\/uploads\/2018\/10\/Oportunidad-la-app-con-ayuda-legal-a-bajo-costo-para-latinos.jpg","datePublished":"2018-10-23T18:14:06+00:00","dateModified":"2025-10-07T19:24:19+00:00","description":"Estamos listos para brindarte informaci\u00f3n actualizada en materia de migraci\u00f3n","breadcrumb":{"@id":"https:\/\/accesolatino.org\/inicio\/oportunidad-la-app-con-ayuda-legal-a-bajo-costo-para-latinos\/#breadcrumb"},"inLanguage":"en-US","potentialAction":[{"@type":"ReadAction","target":["https:\/\/accesolatino.org\/inicio\/oportunidad-la-app-con-ayuda-legal-a-bajo-costo-para-latinos\/"]}]},{"@type":"ImageObject","inLanguage":"en-US","@id":"https:\/\/accesolatino.org\/inicio\/oportunidad-la-app-con-ayuda-legal-a-bajo-costo-para-latinos\/#primaryimage","url":"https:\/\/accesolatino.org\/wp-content\/uploads\/2018\/10\/Oportunidad-la-app-con-ayuda-legal-a-bajo-costo-para-latinos.jpg","contentUrl":"https:\/\/accesolatino.org\/wp-content\/uploads\/2018\/10\/Oportunidad-la-app-con-ayuda-legal-a-bajo-costo-para-latinos.jpg","width":600,"height":338,"caption":"Oportunidad, la app con ayuda legal a bajo costo para latinos"},{"@type":"BreadcrumbList","@id":"https:\/\/accesolatino.org\/inicio\/oportunidad-la-app-con-ayuda-legal-a-bajo-costo-para-latinos\/#breadcrumb","itemListElement":[{"@type":"ListItem","position":1,"name":"Portada","item":"https:\/\/accesolatino.org\/"},{"@type":"ListItem","position":2,"name":"Acceso Latino &#8211; Fundaci\u00f3n Carlos Slim","item":"https:\/\/accesolatino.org\/"},{"@type":"ListItem","position":3,"name":"Oportunidad, la app con ayuda legal a bajo costo para latinos"}]},{"@type":"WebSite","@id":"https:\/\/accesolatino.org\/#website","url":"https:\/\/accesolatino.org\/","name":"Acceso Latino | Fundaci\u00f3n Carlos Slim","description":"Fundaci\u00f3n Carlos Slim","publisher":{"@id":"https:\/\/accesolatino.org\/#organization"},"potentialAction":[{"@type":"SearchAction","target":{"@type":"EntryPoint","urlTemplate":"https:\/\/accesolatino.org\/?s={search_term_string}"},"query-input":{"@type":"PropertyValueSpecification","valueRequired":true,"valueName":"search_term_string"}}],"inLanguage":"en-US"},{"@type":"Organization","@id":"https:\/\/accesolatino.org\/#organization","name":"Acceso Latino | Fundaci\u00f3n Carlos Slim","url":"https:\/\/accesolatino.org\/","logo":{"@type":"ImageObject","inLanguage":"en-US","@id":"https:\/\/accesolatino.org\/#\/schema\/logo\/image\/","url":"https:\/\/accesolatino.org\/wp-content\/uploads\/2021\/02\/logo-footer-acceso-latino.png","contentUrl":"https:\/\/accesolatino.org\/wp-content\/uploads\/2021\/02\/logo-footer-acceso-latino.png","width":240,"height":40,"caption":"Acceso Latino | Fundaci\u00f3n Carlos Slim"},"image":{"@id":"https:\/\/accesolatino.org\/#\/schema\/logo\/image\/"},"sameAs":["https:\/\/www.facebook.com\/AccesoLatinoOrg","https:\/\/x.com\/FAccLatino"]}]}},"_links":{"self":[{"href":"https:\/\/accesolatino.org\/en\/wp-json\/wp\/v2\/pages\/15175","targetHints":{"allow":["GET"]}}],"collection":[{"href":"https:\/\/accesolatino.org\/en\/wp-json\/wp\/v2\/pages"}],"about":[{"href":"https:\/\/accesolatino.org\/en\/wp-json\/wp\/v2\/types\/page"}],"author":[{"embeddable":true,"href":"https:\/\/accesolatino.org\/en\/wp-json\/wp\/v2\/users\/15"}],"replies":[{"embeddable":true,"href":"https:\/\/accesolatino.org\/en\/wp-json\/wp\/v2\/comments?post=15175"}],"version-history":[{"count":1,"href":"https:\/\/accesolatino.org\/en\/wp-json\/wp\/v2\/pages\/15175\/revisions"}],"predecessor-version":[{"id":63762,"href":"https:\/\/accesolatino.org\/en\/wp-json\/wp\/v2\/pages\/15175\/revisions\/63762"}],"up":[{"embeddable":true,"href":"https:\/\/accesolatino.org\/en\/wp-json\/wp\/v2\/pages\/13781"}],"wp:featuredmedia":[{"embeddable":true,"href":"https:\/\/accesolatino.org\/en\/wp-json\/wp\/v2\/media\/15176"}],"wp:attachment":[{"href":"https:\/\/accesolatino.org\/en\/wp-json\/wp\/v2\/media?parent=15175"}],"curies":[{"name":"wp","href":"https:\/\/api.w.org\/{rel}","templated":true}]}}