{"id":15162,"date":"2018-10-22T12:15:01","date_gmt":"2018-10-22T17:15:01","guid":{"rendered":"https:\/\/accesolatino.org\/?page_id=15162"},"modified":"2025-10-07T15:24:11","modified_gmt":"2025-10-07T21:24:11","slug":"app-para-los-mexicanos-en-el-exterior","status":"publish","type":"page","link":"https:\/\/accesolatino.org\/en\/inicio\/app-para-los-mexicanos-en-el-exterior\/","title":{"rendered":"MiConsulmex &#8211; App para los mexicanos en el exterior"},"content":{"rendered":"<div data-elementor-type=\"wp-post\" data-elementor-id=\"15162\" class=\"elementor elementor-15162\">\n\t\t\t\t\t\t<section class=\"elementor-section elementor-top-section elementor-element elementor-element-ccd2b4f elementor-section-full_width elementor-section-height-min-height elementor-section-items-stretch elementor-section-height-default wpr-particle-no wpr-jarallax-no wpr-parallax-no wpr-sticky-section-no\" data-id=\"ccd2b4f\" data-element_type=\"section\" data-e-type=\"section\" data-settings=\"{&quot;background_background&quot;:&quot;classic&quot;}\">\n\t\t\t\t\t\t<div class=\"elementor-container elementor-column-gap-no\">\n\t\t\t\t\t<div class=\"elementor-column elementor-col-100 elementor-top-column elementor-element elementor-element-64efce6\" data-id=\"64efce6\" data-element_type=\"column\" data-e-type=\"column\">\n\t\t\t<div class=\"elementor-widget-wrap elementor-element-populated\">\n\t\t\t\t\t\t<div class=\"elementor-element elementor-element-4fd60dc elementor--h-position-center elementor--v-position-middle elementor-widget elementor-widget-slides\" data-id=\"4fd60dc\" data-element_type=\"widget\" data-e-type=\"widget\" data-settings=\"{&quot;navigation&quot;:&quot;none&quot;,&quot;infinite&quot;:&quot;yes&quot;,&quot;transition&quot;:&quot;slide&quot;,&quot;transition_speed&quot;:500}\" data-widget_type=\"slides.default\">\n\t\t\t\t<div class=\"elementor-widget-container\">\n\t\t\t\t\t\t\t<div class=\"elementor-swiper\">\n\t\t\t<div class=\"elementor-slides-wrapper elementor-main-swiper swiper-container\" dir=\"ltr\" data-animation=\"\">\n\t\t\t\t<div class=\"swiper-wrapper elementor-slides\">\n\t\t\t\t\t\t\t\t\t\t<div class=\"elementor-repeater-item-d983a28 swiper-slide\"><div class=\"swiper-slide-bg\"><\/div><div class=\"swiper-slide-inner\" ><div class=\"swiper-slide-contents\"><div class=\"elementor-slide-heading\">Aplicaciones de ayuda<\/div><\/div><\/div><\/div>\t\t\t\t<\/div>\n\t\t\t\t\t\t\t<\/div>\n\t\t<\/div>\n\t\t\t\t\t\t<\/div>\n\t\t\t\t<\/div>\n\t\t\t\t\t<\/div>\n\t\t<\/div>\n\t\t\t\t\t<\/div>\n\t\t<\/section>\n\t\t\t\t<section class=\"elementor-section elementor-top-section elementor-element elementor-element-pobsu4s elementor-section-stretched elementor-section-boxed elementor-section-height-default elementor-section-height-default wpr-particle-no wpr-jarallax-no wpr-parallax-no wpr-sticky-section-no\" data-id=\"pobsu4s\" data-element_type=\"section\" data-e-type=\"section\" data-settings=\"{&quot;stretch_section&quot;:&quot;section-stretched&quot;}\">\n\t\t\t\t\t\t<div class=\"elementor-container elementor-column-gap-default\">\n\t\t\t\t\t<div class=\"elementor-column elementor-col-100 elementor-top-column elementor-element elementor-element-vmhmvuj\" data-id=\"vmhmvuj\" data-element_type=\"column\" data-e-type=\"column\">\n\t\t\t<div class=\"elementor-widget-wrap elementor-element-populated\">\n\t\t\t\t\t\t<div class=\"elementor-element elementor-element-4d2b93f elementor-widget elementor-widget-heading\" data-id=\"4d2b93f\" data-element_type=\"widget\" data-e-type=\"widget\" data-widget_type=\"heading.default\">\n\t\t\t\t<div class=\"elementor-widget-container\">\n\t\t\t\t\t<h3 class=\"elementor-heading-title elementor-size-default\">App para los mexicanos en el exterior<\/h3>\t\t\t\t<\/div>\n\t\t\t\t<\/div>\n\t\t\t\t<div class=\"elementor-element elementor-element-56bebf2 elementor-widget elementor-widget-text-editor\" data-id=\"56bebf2\" data-element_type=\"widget\" data-e-type=\"widget\" data-widget_type=\"text-editor.default\">\n\t\t\t\t<div class=\"elementor-widget-container\">\n\t\t\t\t\t\t\t\t\t<p>A trav\u00e9s de nuestra p\u00e1gina accesolatino.org te orecemos una serie de herramientas en l\u00ednea gratuitas para apoyarte por las diferentes circunstancias que atravieses.<\/p><p>Para los mexicanos que radican en Estados Unidos o en el extranjero, tenemos la app de <strong>\u201cMiConsulmex\u201d<\/strong>; herramienta que encontrar\u00e1n en nuestra secci\u00f3n de<a href=\"https:\/\/accesolatino.org\/en\/\"><strong> \u201cInicio\u201d<\/strong><\/a>.<\/p><p>Esta aplicaci\u00f3n para tel\u00e9fonos inteligentes y dispositivos m\u00f3viles permite a los mexicanos ubicar la embajada o consulado que les corresponde, conocer los requisitos espec\u00edficos para realizar tr\u00e1mites de documentaci\u00f3n, as\u00ed como consultar informaci\u00f3n sobre servicios de protecci\u00f3n y asistencia consular.<\/p><p><strong>\u201cMiConsulmex\u201d<\/strong> cuenta con un bot\u00f3n de emergencia para que los mexicanos que requieran asistencia consular de manera urgente contacten a su consulado por medio de una llamada telef\u00f3nica o un mensaje de texto.<\/p><p>En cada secci\u00f3n de accesolatino.org encontrar\u00e1s informaci\u00f3n y organizaciones que te ayudar\u00e1n en tu vida diaria en la Uni\u00f3n Americana o en M\u00e9xico.<\/p>\t\t\t\t\t\t\t\t<\/div>\n\t\t\t\t<\/div>\n\t\t\t\t\t<\/div>\n\t\t<\/div>\n\t\t\t\t\t<\/div>\n\t\t<\/section>\n\t\t\t\t<\/div>","protected":false},"excerpt":{"rendered":"<p>Aplicaciones de ayuda App para los mexicanos en el exterior A trav\u00e9s de nuestra p\u00e1gina accesolatino.org te orecemos una serie de herramientas en l\u00ednea gratuitas para apoyarte por las diferentes circunstancias que atravieses. Para los mexicanos que radican en Estados Unidos o en el extranjero, tenemos la app de \u201cMiConsulmex\u201d; herramienta que encontrar\u00e1n en nuestra secci\u00f3n de \u201cInicio\u201d. Esta aplicaci\u00f3n para tel\u00e9fonos inteligentes y dispositivos m\u00f3viles permite a los mexicanos ubicar la embajada o consulado que les corresponde, conocer los requisitos espec\u00edficos para realizar tr\u00e1mites de documentaci\u00f3n, as\u00ed como consultar informaci\u00f3n sobre servicios de protecci\u00f3n y asistencia consular. \u201cMiConsulmex\u201d cuenta con un bot\u00f3n de emergencia para que los mexicanos que requieran asistencia consular de manera urgente contacten a su consulado por medio de una llamada telef\u00f3nica o un mensaje de texto. En cada secci\u00f3n de accesolatino.org encontrar\u00e1s informaci\u00f3n y organizaciones que te ayudar\u00e1n en tu vida diaria en la Uni\u00f3n Americana o en M\u00e9xico.<\/p>","protected":false},"author":15,"featured_media":15163,"parent":13781,"menu_order":0,"comment_status":"closed","ping_status":"closed","template":"elementor_header_footer","meta":{"_uf_show_specific_survey":0,"_uf_disable_surveys":false,"footnotes":""},"class_list":["post-15162","page","type-page","status-publish","has-post-thumbnail"],"aioseo_notices":[],"yoast_head":"<!-- This site is optimized with the Yoast SEO plugin v27.3 - https:\/\/yoast.com\/product\/yoast-seo-wordpress\/ -->\n<title>App para los mexicanos en el exterior<\/title>\n<meta name=\"description\" content=\"MiConsulmex: Aplicaci\u00f3n para ayudar a los ciudadanos mexicanos en el exterior. \u00a1Con\u00f3cela ahora y aprovecha los beneficios!\" \/>\n<meta name=\"robots\" content=\"index, follow, max-snippet:-1, max-image-preview:large, max-video-preview:-1\" \/>\n<link rel=\"canonical\" href=\"https:\/\/accesolatino.org\/en\/inicio\/app-para-los-mexicanos-en-el-exterior\/\" \/>\n<meta property=\"og:locale\" content=\"en_US\" \/>\n<meta property=\"og:type\" content=\"article\" \/>\n<meta property=\"og:title\" content=\"Acceso Latino | Apoyo a Latinos\" \/>\n<meta property=\"og:description\" content=\"Estamos listos para brindarte informaci\u00f3n actualizada en materia de migraci\u00f3n\" \/>\n<meta property=\"og:url\" content=\"https:\/\/accesolatino.org\/en\/inicio\/app-para-los-mexicanos-en-el-exterior\/\" \/>\n<meta property=\"og:site_name\" content=\"Acceso Latino\" \/>\n<meta property=\"article:publisher\" content=\"https:\/\/www.facebook.com\/AccesoLatinoOrg\" \/>\n<meta property=\"article:modified_time\" content=\"2025-10-07T21:24:11+00:00\" \/>\n<meta property=\"og:image\" content=\"https:\/\/accesolatino.org\/wp-content\/uploads\/2018\/10\/App-para-los-mexicanos-en-el-exterior.jpg\" \/>\n\t<meta property=\"og:image:width\" content=\"600\" \/>\n\t<meta property=\"og:image:height\" content=\"338\" \/>\n\t<meta property=\"og:image:type\" content=\"image\/jpeg\" \/>\n<meta name=\"twitter:card\" content=\"summary_large_image\" \/>\n<meta name=\"twitter:title\" content=\"Acceso Latino | Apoyo a Latinos\" \/>\n<meta name=\"twitter:description\" content=\"Estamos listos para brindarte informaci\u00f3n actualizada en materia de migraci\u00f3n\" \/>\n<meta name=\"twitter:site\" content=\"@FAccLatino\" \/>\n<meta name=\"twitter:label1\" content=\"Est. reading time\" \/>\n\t<meta name=\"twitter:data1\" content=\"1 minute\" \/>\n<script type=\"application\/ld+json\" class=\"yoast-schema-graph\">{\"@context\":\"https:\\\/\\\/schema.org\",\"@graph\":[{\"@type\":\"WebPage\",\"@id\":\"https:\\\/\\\/accesolatino.org\\\/en\\\/inicio\\\/app-para-los-mexicanos-en-el-exterior\\\/\",\"url\":\"https:\\\/\\\/accesolatino.org\\\/en\\\/inicio\\\/app-para-los-mexicanos-en-el-exterior\\\/\",\"name\":\"App para los mexicanos en el exterior\",\"isPartOf\":{\"@id\":\"https:\\\/\\\/accesolatino.org\\\/#website\"},\"primaryImageOfPage\":{\"@id\":\"https:\\\/\\\/accesolatino.org\\\/en\\\/inicio\\\/app-para-los-mexicanos-en-el-exterior\\\/#primaryimage\"},\"image\":{\"@id\":\"https:\\\/\\\/accesolatino.org\\\/en\\\/inicio\\\/app-para-los-mexicanos-en-el-exterior\\\/#primaryimage\"},\"thumbnailUrl\":\"https:\\\/\\\/accesolatino.org\\\/wp-content\\\/uploads\\\/2018\\\/10\\\/App-para-los-mexicanos-en-el-exterior.jpg\",\"datePublished\":\"2018-10-22T17:15:01+00:00\",\"dateModified\":\"2025-10-07T21:24:11+00:00\",\"description\":\"MiConsulmex: Aplicaci\u00f3n para ayudar a los ciudadanos mexicanos en el exterior. \u00a1Con\u00f3cela ahora y aprovecha los beneficios!\",\"breadcrumb\":{\"@id\":\"https:\\\/\\\/accesolatino.org\\\/en\\\/inicio\\\/app-para-los-mexicanos-en-el-exterior\\\/#breadcrumb\"},\"inLanguage\":\"en-US\",\"potentialAction\":[{\"@type\":\"ReadAction\",\"target\":[\"https:\\\/\\\/accesolatino.org\\\/en\\\/inicio\\\/app-para-los-mexicanos-en-el-exterior\\\/\"]}]},{\"@type\":\"ImageObject\",\"inLanguage\":\"en-US\",\"@id\":\"https:\\\/\\\/accesolatino.org\\\/en\\\/inicio\\\/app-para-los-mexicanos-en-el-exterior\\\/#primaryimage\",\"url\":\"https:\\\/\\\/accesolatino.org\\\/wp-content\\\/uploads\\\/2018\\\/10\\\/App-para-los-mexicanos-en-el-exterior.jpg\",\"contentUrl\":\"https:\\\/\\\/accesolatino.org\\\/wp-content\\\/uploads\\\/2018\\\/10\\\/App-para-los-mexicanos-en-el-exterior.jpg\",\"width\":600,\"height\":338,\"caption\":\"MiConsulmex\"},{\"@type\":\"BreadcrumbList\",\"@id\":\"https:\\\/\\\/accesolatino.org\\\/en\\\/inicio\\\/app-para-los-mexicanos-en-el-exterior\\\/#breadcrumb\",\"itemListElement\":[{\"@type\":\"ListItem\",\"position\":1,\"name\":\"Portada\",\"item\":\"https:\\\/\\\/accesolatino.org\\\/\"},{\"@type\":\"ListItem\",\"position\":2,\"name\":\"Acceso Latino &#8211; Fundaci\u00f3n Carlos Slim\",\"item\":\"https:\\\/\\\/accesolatino.org\\\/\"},{\"@type\":\"ListItem\",\"position\":3,\"name\":\"MiConsulmex &#8211; App para los mexicanos en el exterior\"}]},{\"@type\":\"WebSite\",\"@id\":\"https:\\\/\\\/accesolatino.org\\\/#website\",\"url\":\"https:\\\/\\\/accesolatino.org\\\/\",\"name\":\"Acceso Latino | Fundaci\u00f3n Carlos Slim\",\"description\":\"Fundaci\u00f3n Carlos Slim\",\"publisher\":{\"@id\":\"https:\\\/\\\/accesolatino.org\\\/#organization\"},\"potentialAction\":[{\"@type\":\"SearchAction\",\"target\":{\"@type\":\"EntryPoint\",\"urlTemplate\":\"https:\\\/\\\/accesolatino.org\\\/?s={search_term_string}\"},\"query-input\":{\"@type\":\"PropertyValueSpecification\",\"valueRequired\":true,\"valueName\":\"search_term_string\"}}],\"inLanguage\":\"en-US\"},{\"@type\":\"Organization\",\"@id\":\"https:\\\/\\\/accesolatino.org\\\/#organization\",\"name\":\"Acceso Latino | Fundaci\u00f3n Carlos Slim\",\"url\":\"https:\\\/\\\/accesolatino.org\\\/\",\"logo\":{\"@type\":\"ImageObject\",\"inLanguage\":\"en-US\",\"@id\":\"https:\\\/\\\/accesolatino.org\\\/#\\\/schema\\\/logo\\\/image\\\/\",\"url\":\"https:\\\/\\\/accesolatino.org\\\/wp-content\\\/uploads\\\/2021\\\/02\\\/logo-footer-acceso-latino.png\",\"contentUrl\":\"https:\\\/\\\/accesolatino.org\\\/wp-content\\\/uploads\\\/2021\\\/02\\\/logo-footer-acceso-latino.png\",\"width\":240,\"height\":40,\"caption\":\"Acceso Latino | Fundaci\u00f3n Carlos Slim\"},\"image\":{\"@id\":\"https:\\\/\\\/accesolatino.org\\\/#\\\/schema\\\/logo\\\/image\\\/\"},\"sameAs\":[\"https:\\\/\\\/www.facebook.com\\\/AccesoLatinoOrg\",\"https:\\\/\\\/x.com\\\/FAccLatino\"]}]}<\/script>\n<!-- \/ Yoast SEO plugin. -->","yoast_head_json":{"title":"App para los mexicanos en el exterior","description":"MiConsulmex: Aplicaci\u00f3n para ayudar a los ciudadanos mexicanos en el exterior. \u00a1Con\u00f3cela ahora y aprovecha los beneficios!","robots":{"index":"index","follow":"follow","max-snippet":"max-snippet:-1","max-image-preview":"max-image-preview:large","max-video-preview":"max-video-preview:-1"},"canonical":"https:\/\/accesolatino.org\/en\/inicio\/app-para-los-mexicanos-en-el-exterior\/","og_locale":"en_US","og_type":"article","og_title":"Acceso Latino | Apoyo a Latinos","og_description":"Estamos listos para brindarte informaci\u00f3n actualizada en materia de migraci\u00f3n","og_url":"https:\/\/accesolatino.org\/en\/inicio\/app-para-los-mexicanos-en-el-exterior\/","og_site_name":"Acceso Latino","article_publisher":"https:\/\/www.facebook.com\/AccesoLatinoOrg","article_modified_time":"2025-10-07T21:24:11+00:00","og_image":[{"width":600,"height":338,"url":"https:\/\/accesolatino.org\/wp-content\/uploads\/2018\/10\/App-para-los-mexicanos-en-el-exterior.jpg","type":"image\/jpeg"}],"twitter_card":"summary_large_image","twitter_title":"Acceso Latino | Apoyo a Latinos","twitter_description":"Estamos listos para brindarte informaci\u00f3n actualizada en materia de migraci\u00f3n","twitter_site":"@FAccLatino","twitter_misc":{"Est. reading time":"1 minute"},"schema":{"@context":"https:\/\/schema.org","@graph":[{"@type":"WebPage","@id":"https:\/\/accesolatino.org\/en\/inicio\/app-para-los-mexicanos-en-el-exterior\/","url":"https:\/\/accesolatino.org\/en\/inicio\/app-para-los-mexicanos-en-el-exterior\/","name":"App para los mexicanos en el exterior","isPartOf":{"@id":"https:\/\/accesolatino.org\/#website"},"primaryImageOfPage":{"@id":"https:\/\/accesolatino.org\/en\/inicio\/app-para-los-mexicanos-en-el-exterior\/#primaryimage"},"image":{"@id":"https:\/\/accesolatino.org\/en\/inicio\/app-para-los-mexicanos-en-el-exterior\/#primaryimage"},"thumbnailUrl":"https:\/\/accesolatino.org\/wp-content\/uploads\/2018\/10\/App-para-los-mexicanos-en-el-exterior.jpg","datePublished":"2018-10-22T17:15:01+00:00","dateModified":"2025-10-07T21:24:11+00:00","description":"MiConsulmex: Aplicaci\u00f3n para ayudar a los ciudadanos mexicanos en el exterior. \u00a1Con\u00f3cela ahora y aprovecha los beneficios!","breadcrumb":{"@id":"https:\/\/accesolatino.org\/en\/inicio\/app-para-los-mexicanos-en-el-exterior\/#breadcrumb"},"inLanguage":"en-US","potentialAction":[{"@type":"ReadAction","target":["https:\/\/accesolatino.org\/en\/inicio\/app-para-los-mexicanos-en-el-exterior\/"]}]},{"@type":"ImageObject","inLanguage":"en-US","@id":"https:\/\/accesolatino.org\/en\/inicio\/app-para-los-mexicanos-en-el-exterior\/#primaryimage","url":"https:\/\/accesolatino.org\/wp-content\/uploads\/2018\/10\/App-para-los-mexicanos-en-el-exterior.jpg","contentUrl":"https:\/\/accesolatino.org\/wp-content\/uploads\/2018\/10\/App-para-los-mexicanos-en-el-exterior.jpg","width":600,"height":338,"caption":"MiConsulmex"},{"@type":"BreadcrumbList","@id":"https:\/\/accesolatino.org\/en\/inicio\/app-para-los-mexicanos-en-el-exterior\/#breadcrumb","itemListElement":[{"@type":"ListItem","position":1,"name":"Portada","item":"https:\/\/accesolatino.org\/"},{"@type":"ListItem","position":2,"name":"Acceso Latino &#8211; Fundaci\u00f3n Carlos Slim","item":"https:\/\/accesolatino.org\/"},{"@type":"ListItem","position":3,"name":"MiConsulmex &#8211; App para los mexicanos en el exterior"}]},{"@type":"WebSite","@id":"https:\/\/accesolatino.org\/#website","url":"https:\/\/accesolatino.org\/","name":"Acceso Latino | Fundaci\u00f3n Carlos Slim","description":"Fundaci\u00f3n Carlos Slim","publisher":{"@id":"https:\/\/accesolatino.org\/#organization"},"potentialAction":[{"@type":"SearchAction","target":{"@type":"EntryPoint","urlTemplate":"https:\/\/accesolatino.org\/?s={search_term_string}"},"query-input":{"@type":"PropertyValueSpecification","valueRequired":true,"valueName":"search_term_string"}}],"inLanguage":"en-US"},{"@type":"Organization","@id":"https:\/\/accesolatino.org\/#organization","name":"Acceso Latino | Fundaci\u00f3n Carlos Slim","url":"https:\/\/accesolatino.org\/","logo":{"@type":"ImageObject","inLanguage":"en-US","@id":"https:\/\/accesolatino.org\/#\/schema\/logo\/image\/","url":"https:\/\/accesolatino.org\/wp-content\/uploads\/2021\/02\/logo-footer-acceso-latino.png","contentUrl":"https:\/\/accesolatino.org\/wp-content\/uploads\/2021\/02\/logo-footer-acceso-latino.png","width":240,"height":40,"caption":"Acceso Latino | Fundaci\u00f3n Carlos Slim"},"image":{"@id":"https:\/\/accesolatino.org\/#\/schema\/logo\/image\/"},"sameAs":["https:\/\/www.facebook.com\/AccesoLatinoOrg","https:\/\/x.com\/FAccLatino"]}]}},"_links":{"self":[{"href":"https:\/\/accesolatino.org\/en\/wp-json\/wp\/v2\/pages\/15162","targetHints":{"allow":["GET"]}}],"collection":[{"href":"https:\/\/accesolatino.org\/en\/wp-json\/wp\/v2\/pages"}],"about":[{"href":"https:\/\/accesolatino.org\/en\/wp-json\/wp\/v2\/types\/page"}],"author":[{"embeddable":true,"href":"https:\/\/accesolatino.org\/en\/wp-json\/wp\/v2\/users\/15"}],"replies":[{"embeddable":true,"href":"https:\/\/accesolatino.org\/en\/wp-json\/wp\/v2\/comments?post=15162"}],"version-history":[{"count":1,"href":"https:\/\/accesolatino.org\/en\/wp-json\/wp\/v2\/pages\/15162\/revisions"}],"predecessor-version":[{"id":63748,"href":"https:\/\/accesolatino.org\/en\/wp-json\/wp\/v2\/pages\/15162\/revisions\/63748"}],"up":[{"embeddable":true,"href":"https:\/\/accesolatino.org\/en\/wp-json\/wp\/v2\/pages\/13781"}],"wp:featuredmedia":[{"embeddable":true,"href":"https:\/\/accesolatino.org\/en\/wp-json\/wp\/v2\/media\/15163"}],"wp:attachment":[{"href":"https:\/\/accesolatino.org\/en\/wp-json\/wp\/v2\/media?parent=15162"}],"curies":[{"name":"wp","href":"https:\/\/api.w.org\/{rel}","templated":true}]}}