{"id":15142,"date":"2018-10-19T09:49:58","date_gmt":"2018-10-19T14:49:58","guid":{"rendered":"https:\/\/accesolatino.org\/?page_id=15142"},"modified":"2025-10-07T15:26:09","modified_gmt":"2025-10-07T21:26:09","slug":"conoce-la-app-que-ofrece-ayuda-a-personas-sin-papeles-en-mesoamerica","status":"publish","type":"page","link":"https:\/\/accesolatino.org\/en\/inicio\/conoce-la-app-que-ofrece-ayuda-a-personas-sin-papeles-en-mesoamerica\/","title":{"rendered":"APP que ofrece ayuda a personas sin papeles en Mesoam\u00e9rica"},"content":{"rendered":"<div data-elementor-type=\"wp-post\" data-elementor-id=\"15142\" class=\"elementor elementor-15142\">\n\t\t\t\t\t\t<section class=\"elementor-section elementor-top-section elementor-element elementor-element-63421cc elementor-section-full_width elementor-section-height-min-height elementor-section-items-stretch elementor-section-height-default wpr-particle-no wpr-jarallax-no wpr-parallax-no wpr-sticky-section-no\" data-id=\"63421cc\" data-element_type=\"section\" data-e-type=\"section\" data-settings=\"{&quot;background_background&quot;:&quot;classic&quot;}\">\n\t\t\t\t\t\t<div class=\"elementor-container elementor-column-gap-no\">\n\t\t\t\t\t<div class=\"elementor-column elementor-col-100 elementor-top-column elementor-element elementor-element-5caa467\" data-id=\"5caa467\" data-element_type=\"column\" data-e-type=\"column\">\n\t\t\t<div class=\"elementor-widget-wrap elementor-element-populated\">\n\t\t\t\t\t\t<div class=\"elementor-element elementor-element-49b938e elementor--h-position-center elementor--v-position-middle elementor-widget elementor-widget-slides\" data-id=\"49b938e\" data-element_type=\"widget\" data-e-type=\"widget\" data-settings=\"{&quot;navigation&quot;:&quot;none&quot;,&quot;infinite&quot;:&quot;yes&quot;,&quot;transition&quot;:&quot;slide&quot;,&quot;transition_speed&quot;:500}\" data-widget_type=\"slides.default\">\n\t\t\t\t<div class=\"elementor-widget-container\">\n\t\t\t\t\t\t\t<div class=\"elementor-swiper\">\n\t\t\t<div class=\"elementor-slides-wrapper elementor-main-swiper swiper-container\" dir=\"ltr\" data-animation=\"\">\n\t\t\t\t<div class=\"swiper-wrapper elementor-slides\">\n\t\t\t\t\t\t\t\t\t\t<div class=\"elementor-repeater-item-d983a28 swiper-slide\"><div class=\"swiper-slide-bg\"><\/div><div class=\"swiper-slide-inner\" ><div class=\"swiper-slide-contents\"><div class=\"elementor-slide-heading\">Aplicaciones de ayuda<\/div><\/div><\/div><\/div>\t\t\t\t<\/div>\n\t\t\t\t\t\t\t<\/div>\n\t\t<\/div>\n\t\t\t\t\t\t<\/div>\n\t\t\t\t<\/div>\n\t\t\t\t\t<\/div>\n\t\t<\/div>\n\t\t\t\t\t<\/div>\n\t\t<\/section>\n\t\t\t\t<section class=\"elementor-section elementor-top-section elementor-element elementor-element-pobsu4s elementor-section-stretched elementor-section-boxed elementor-section-height-default elementor-section-height-default wpr-particle-no wpr-jarallax-no wpr-parallax-no wpr-sticky-section-no\" data-id=\"pobsu4s\" data-element_type=\"section\" data-e-type=\"section\" data-settings=\"{&quot;stretch_section&quot;:&quot;section-stretched&quot;}\">\n\t\t\t\t\t\t<div class=\"elementor-container elementor-column-gap-default\">\n\t\t\t\t\t<div class=\"elementor-column elementor-col-100 elementor-top-column elementor-element elementor-element-vmhmvuj\" data-id=\"vmhmvuj\" data-element_type=\"column\" data-e-type=\"column\">\n\t\t\t<div class=\"elementor-widget-wrap elementor-element-populated\">\n\t\t\t\t\t\t<div class=\"elementor-element elementor-element-4d2b93f elementor-widget elementor-widget-heading\" data-id=\"4d2b93f\" data-element_type=\"widget\" data-e-type=\"widget\" data-widget_type=\"heading.default\">\n\t\t\t\t<div class=\"elementor-widget-container\">\n\t\t\t\t\t<h3 class=\"elementor-heading-title elementor-size-default\">Conoce la app que ofrece ayuda a personas sin papeles en Mesoam\u00e9rica<\/h3>\t\t\t\t<\/div>\n\t\t\t\t<\/div>\n\t\t\t\t<div class=\"elementor-element elementor-element-56bebf2 elementor-widget elementor-widget-text-editor\" data-id=\"56bebf2\" data-element_type=\"widget\" data-e-type=\"widget\" data-widget_type=\"text-editor.default\">\n\t\t\t\t<div class=\"elementor-widget-container\">\n\t\t\t\t\t\t\t\t\t<p>Ante las diferentes amenazas que sufren los migrantes en Estados Unidos, M\u00e9xico y Mesoam\u00e9rica y que pueden convertirse en realidad, muchas organizaciones decidieron ayudar a los m\u00e1s vulnerables.<\/p><p>Estas organizaciones utilizan la tecnolog\u00eda para contrarrestar el temor de los inmigrantes y mantenerlos informados, desarrollando aplicaciones para tel\u00e9fonos m\u00f3viles que los pueden ayudar en momentos dif\u00edciles.<\/p><p>Ingresa a <strong>accesolatino.org<\/strong> y en nuestra secci\u00f3n de <a href=\"https:\/\/accesolatino.org\/en\/\"><strong>\u201cInicio\u201d<\/strong> <\/a>da clic en la app de <strong>\u201cMigrantApp\u201d<\/strong>. En esta app encontrar\u00e1s contactos de organizaciones que ofrecen servicios para migrantes que radican en Mesoam\u00e9rica.<\/p><p>Conoce esta y otras herramientas que tenemos para ti.<\/p>\t\t\t\t\t\t\t\t<\/div>\n\t\t\t\t<\/div>\n\t\t\t\t\t<\/div>\n\t\t<\/div>\n\t\t\t\t\t<\/div>\n\t\t<\/section>\n\t\t\t\t<\/div>","protected":false},"excerpt":{"rendered":"<p>Aplicaciones de ayuda Conoce la app que ofrece ayuda a personas sin papeles en Mesoam\u00e9rica Ante las diferentes amenazas que sufren los migrantes en Estados Unidos, M\u00e9xico y Mesoam\u00e9rica y que pueden convertirse en realidad, muchas organizaciones decidieron ayudar a los m\u00e1s vulnerables. Estas organizaciones utilizan la tecnolog\u00eda para contrarrestar el temor de los inmigrantes y mantenerlos informados, desarrollando aplicaciones para tel\u00e9fonos m\u00f3viles que los pueden ayudar en momentos dif\u00edciles. Ingresa a accesolatino.org y en nuestra secci\u00f3n de \u201cInicio\u201d da clic en la app de \u201cMigrantApp\u201d. En esta app encontrar\u00e1s contactos de organizaciones que ofrecen servicios para migrantes que radican en Mesoam\u00e9rica. Conoce esta y otras herramientas que tenemos para ti.<\/p>","protected":false},"author":15,"featured_media":15143,"parent":13781,"menu_order":0,"comment_status":"closed","ping_status":"closed","template":"elementor_header_footer","meta":{"_uf_show_specific_survey":0,"_uf_disable_surveys":false,"footnotes":""},"class_list":["post-15142","page","type-page","status-publish","has-post-thumbnail"],"aioseo_notices":[],"yoast_head":"<!-- This site is optimized with the Yoast SEO plugin v27.3 - https:\/\/yoast.com\/product\/yoast-seo-wordpress\/ -->\n<title>Conoce la app que ofrece ayuda a personas sin papeles<\/title>\n<meta name=\"description\" content=\"Aplicaciones de\u00a0ayuda\u00a0Conoce la\u00a0app\u00a0que ofrece\u00a0ayuda\u00a0a\u00a0personas\u00a0sin\u00a0papeles\u00a0en Mesoam\u00e9rica. Con\u00f3cela y aprovecha los beneficios.\" \/>\n<meta name=\"robots\" content=\"index, follow, max-snippet:-1, max-image-preview:large, max-video-preview:-1\" \/>\n<link rel=\"canonical\" href=\"https:\/\/accesolatino.org\/en\/inicio\/conoce-la-app-que-ofrece-ayuda-a-personas-sin-papeles-en-mesoamerica\/\" \/>\n<meta property=\"og:locale\" content=\"en_US\" \/>\n<meta property=\"og:type\" content=\"article\" \/>\n<meta property=\"og:title\" content=\"Acceso Latino | Apoyo a Latinos\" \/>\n<meta property=\"og:description\" content=\"Estamos listos para brindarte informaci\u00f3n actualizada en materia de migraci\u00f3n\" \/>\n<meta property=\"og:url\" content=\"https:\/\/accesolatino.org\/en\/inicio\/conoce-la-app-que-ofrece-ayuda-a-personas-sin-papeles-en-mesoamerica\/\" \/>\n<meta property=\"og:site_name\" content=\"Acceso Latino\" \/>\n<meta property=\"article:publisher\" content=\"https:\/\/www.facebook.com\/AccesoLatinoOrg\" \/>\n<meta property=\"article:modified_time\" content=\"2025-10-07T21:26:09+00:00\" \/>\n<meta property=\"og:image\" content=\"https:\/\/accesolatino.org\/wp-content\/uploads\/2018\/10\/Conoce-la-app-que-ofrece-ayuda-a-personas-sin-papeles-en-Mesoamerica.jpg\" \/>\n\t<meta property=\"og:image:width\" content=\"600\" \/>\n\t<meta property=\"og:image:height\" content=\"338\" \/>\n\t<meta property=\"og:image:type\" content=\"image\/jpeg\" \/>\n<meta name=\"twitter:card\" content=\"summary_large_image\" \/>\n<meta name=\"twitter:title\" content=\"Acceso Latino | Apoyo a Latinos\" \/>\n<meta name=\"twitter:description\" content=\"Estamos listos para brindarte informaci\u00f3n actualizada en materia de migraci\u00f3n\" \/>\n<meta name=\"twitter:image\" content=\"https:\/\/accesolatino.org\/wp-content\/uploads\/2018\/10\/Conoce-la-app-que-ofrece-ayuda-a-personas-sin-papeles-en-Mesoamerica.jpg\" \/>\n<meta name=\"twitter:site\" content=\"@FAccLatino\" \/>\n<meta name=\"twitter:label1\" content=\"Est. reading time\" \/>\n\t<meta name=\"twitter:data1\" content=\"1 minute\" \/>\n<script type=\"application\/ld+json\" class=\"yoast-schema-graph\">{\"@context\":\"https:\\\/\\\/schema.org\",\"@graph\":[{\"@type\":\"WebPage\",\"@id\":\"https:\\\/\\\/accesolatino.org\\\/inicio\\\/conoce-la-app-que-ofrece-ayuda-a-personas-sin-papeles-en-mesoamerica\\\/\",\"url\":\"https:\\\/\\\/accesolatino.org\\\/inicio\\\/conoce-la-app-que-ofrece-ayuda-a-personas-sin-papeles-en-mesoamerica\\\/\",\"name\":\"Conoce la app que ofrece ayuda a personas sin papeles\",\"isPartOf\":{\"@id\":\"https:\\\/\\\/accesolatino.org\\\/#website\"},\"primaryImageOfPage\":{\"@id\":\"https:\\\/\\\/accesolatino.org\\\/inicio\\\/conoce-la-app-que-ofrece-ayuda-a-personas-sin-papeles-en-mesoamerica\\\/#primaryimage\"},\"image\":{\"@id\":\"https:\\\/\\\/accesolatino.org\\\/inicio\\\/conoce-la-app-que-ofrece-ayuda-a-personas-sin-papeles-en-mesoamerica\\\/#primaryimage\"},\"thumbnailUrl\":\"https:\\\/\\\/accesolatino.org\\\/wp-content\\\/uploads\\\/2018\\\/10\\\/Conoce-la-app-que-ofrece-ayuda-a-personas-sin-papeles-en-Mesoamerica.jpg\",\"datePublished\":\"2018-10-19T14:49:58+00:00\",\"dateModified\":\"2025-10-07T21:26:09+00:00\",\"description\":\"Aplicaciones de\u00a0ayuda\u00a0Conoce la\u00a0app\u00a0que ofrece\u00a0ayuda\u00a0a\u00a0personas\u00a0sin\u00a0papeles\u00a0en Mesoam\u00e9rica. Con\u00f3cela y aprovecha los beneficios.\",\"breadcrumb\":{\"@id\":\"https:\\\/\\\/accesolatino.org\\\/inicio\\\/conoce-la-app-que-ofrece-ayuda-a-personas-sin-papeles-en-mesoamerica\\\/#breadcrumb\"},\"inLanguage\":\"en-US\",\"potentialAction\":[{\"@type\":\"ReadAction\",\"target\":[\"https:\\\/\\\/accesolatino.org\\\/inicio\\\/conoce-la-app-que-ofrece-ayuda-a-personas-sin-papeles-en-mesoamerica\\\/\"]}]},{\"@type\":\"ImageObject\",\"inLanguage\":\"en-US\",\"@id\":\"https:\\\/\\\/accesolatino.org\\\/inicio\\\/conoce-la-app-que-ofrece-ayuda-a-personas-sin-papeles-en-mesoamerica\\\/#primaryimage\",\"url\":\"https:\\\/\\\/accesolatino.org\\\/wp-content\\\/uploads\\\/2018\\\/10\\\/Conoce-la-app-que-ofrece-ayuda-a-personas-sin-papeles-en-Mesoamerica.jpg\",\"contentUrl\":\"https:\\\/\\\/accesolatino.org\\\/wp-content\\\/uploads\\\/2018\\\/10\\\/Conoce-la-app-que-ofrece-ayuda-a-personas-sin-papeles-en-Mesoamerica.jpg\",\"width\":600,\"height\":338,\"caption\":\"Conoce la app que ofrece ayuda a personas sin papeles en Mesoam\u00e9rica\"},{\"@type\":\"BreadcrumbList\",\"@id\":\"https:\\\/\\\/accesolatino.org\\\/inicio\\\/conoce-la-app-que-ofrece-ayuda-a-personas-sin-papeles-en-mesoamerica\\\/#breadcrumb\",\"itemListElement\":[{\"@type\":\"ListItem\",\"position\":1,\"name\":\"Portada\",\"item\":\"https:\\\/\\\/accesolatino.org\\\/\"},{\"@type\":\"ListItem\",\"position\":2,\"name\":\"Acceso Latino &#8211; Fundaci\u00f3n Carlos Slim\",\"item\":\"https:\\\/\\\/accesolatino.org\\\/\"},{\"@type\":\"ListItem\",\"position\":3,\"name\":\"APP que ofrece ayuda a personas sin papeles en Mesoam\u00e9rica\"}]},{\"@type\":\"WebSite\",\"@id\":\"https:\\\/\\\/accesolatino.org\\\/#website\",\"url\":\"https:\\\/\\\/accesolatino.org\\\/\",\"name\":\"Acceso Latino | Fundaci\u00f3n Carlos Slim\",\"description\":\"Fundaci\u00f3n Carlos Slim\",\"publisher\":{\"@id\":\"https:\\\/\\\/accesolatino.org\\\/#organization\"},\"potentialAction\":[{\"@type\":\"SearchAction\",\"target\":{\"@type\":\"EntryPoint\",\"urlTemplate\":\"https:\\\/\\\/accesolatino.org\\\/?s={search_term_string}\"},\"query-input\":{\"@type\":\"PropertyValueSpecification\",\"valueRequired\":true,\"valueName\":\"search_term_string\"}}],\"inLanguage\":\"en-US\"},{\"@type\":\"Organization\",\"@id\":\"https:\\\/\\\/accesolatino.org\\\/#organization\",\"name\":\"Acceso Latino | Fundaci\u00f3n Carlos Slim\",\"url\":\"https:\\\/\\\/accesolatino.org\\\/\",\"logo\":{\"@type\":\"ImageObject\",\"inLanguage\":\"en-US\",\"@id\":\"https:\\\/\\\/accesolatino.org\\\/#\\\/schema\\\/logo\\\/image\\\/\",\"url\":\"https:\\\/\\\/accesolatino.org\\\/wp-content\\\/uploads\\\/2021\\\/02\\\/logo-footer-acceso-latino.png\",\"contentUrl\":\"https:\\\/\\\/accesolatino.org\\\/wp-content\\\/uploads\\\/2021\\\/02\\\/logo-footer-acceso-latino.png\",\"width\":240,\"height\":40,\"caption\":\"Acceso Latino | Fundaci\u00f3n Carlos Slim\"},\"image\":{\"@id\":\"https:\\\/\\\/accesolatino.org\\\/#\\\/schema\\\/logo\\\/image\\\/\"},\"sameAs\":[\"https:\\\/\\\/www.facebook.com\\\/AccesoLatinoOrg\",\"https:\\\/\\\/x.com\\\/FAccLatino\"]}]}<\/script>\n<!-- \/ Yoast SEO plugin. -->","yoast_head_json":{"title":"Conoce la app que ofrece ayuda a personas sin papeles","description":"Aplicaciones de\u00a0ayuda\u00a0Conoce la\u00a0app\u00a0que ofrece\u00a0ayuda\u00a0a\u00a0personas\u00a0sin\u00a0papeles\u00a0en Mesoam\u00e9rica. Con\u00f3cela y aprovecha los beneficios.","robots":{"index":"index","follow":"follow","max-snippet":"max-snippet:-1","max-image-preview":"max-image-preview:large","max-video-preview":"max-video-preview:-1"},"canonical":"https:\/\/accesolatino.org\/en\/inicio\/conoce-la-app-que-ofrece-ayuda-a-personas-sin-papeles-en-mesoamerica\/","og_locale":"en_US","og_type":"article","og_title":"Acceso Latino | Apoyo a Latinos","og_description":"Estamos listos para brindarte informaci\u00f3n actualizada en materia de migraci\u00f3n","og_url":"https:\/\/accesolatino.org\/en\/inicio\/conoce-la-app-que-ofrece-ayuda-a-personas-sin-papeles-en-mesoamerica\/","og_site_name":"Acceso Latino","article_publisher":"https:\/\/www.facebook.com\/AccesoLatinoOrg","article_modified_time":"2025-10-07T21:26:09+00:00","og_image":[{"width":600,"height":338,"url":"https:\/\/accesolatino.org\/wp-content\/uploads\/2018\/10\/Conoce-la-app-que-ofrece-ayuda-a-personas-sin-papeles-en-Mesoamerica.jpg","type":"image\/jpeg"}],"twitter_card":"summary_large_image","twitter_title":"Acceso Latino | Apoyo a Latinos","twitter_description":"Estamos listos para brindarte informaci\u00f3n actualizada en materia de migraci\u00f3n","twitter_image":"https:\/\/accesolatino.org\/wp-content\/uploads\/2018\/10\/Conoce-la-app-que-ofrece-ayuda-a-personas-sin-papeles-en-Mesoamerica.jpg","twitter_site":"@FAccLatino","twitter_misc":{"Est. reading time":"1 minute"},"schema":{"@context":"https:\/\/schema.org","@graph":[{"@type":"WebPage","@id":"https:\/\/accesolatino.org\/inicio\/conoce-la-app-que-ofrece-ayuda-a-personas-sin-papeles-en-mesoamerica\/","url":"https:\/\/accesolatino.org\/inicio\/conoce-la-app-que-ofrece-ayuda-a-personas-sin-papeles-en-mesoamerica\/","name":"Conoce la app que ofrece ayuda a personas sin papeles","isPartOf":{"@id":"https:\/\/accesolatino.org\/#website"},"primaryImageOfPage":{"@id":"https:\/\/accesolatino.org\/inicio\/conoce-la-app-que-ofrece-ayuda-a-personas-sin-papeles-en-mesoamerica\/#primaryimage"},"image":{"@id":"https:\/\/accesolatino.org\/inicio\/conoce-la-app-que-ofrece-ayuda-a-personas-sin-papeles-en-mesoamerica\/#primaryimage"},"thumbnailUrl":"https:\/\/accesolatino.org\/wp-content\/uploads\/2018\/10\/Conoce-la-app-que-ofrece-ayuda-a-personas-sin-papeles-en-Mesoamerica.jpg","datePublished":"2018-10-19T14:49:58+00:00","dateModified":"2025-10-07T21:26:09+00:00","description":"Aplicaciones de\u00a0ayuda\u00a0Conoce la\u00a0app\u00a0que ofrece\u00a0ayuda\u00a0a\u00a0personas\u00a0sin\u00a0papeles\u00a0en Mesoam\u00e9rica. Con\u00f3cela y aprovecha los beneficios.","breadcrumb":{"@id":"https:\/\/accesolatino.org\/inicio\/conoce-la-app-que-ofrece-ayuda-a-personas-sin-papeles-en-mesoamerica\/#breadcrumb"},"inLanguage":"en-US","potentialAction":[{"@type":"ReadAction","target":["https:\/\/accesolatino.org\/inicio\/conoce-la-app-que-ofrece-ayuda-a-personas-sin-papeles-en-mesoamerica\/"]}]},{"@type":"ImageObject","inLanguage":"en-US","@id":"https:\/\/accesolatino.org\/inicio\/conoce-la-app-que-ofrece-ayuda-a-personas-sin-papeles-en-mesoamerica\/#primaryimage","url":"https:\/\/accesolatino.org\/wp-content\/uploads\/2018\/10\/Conoce-la-app-que-ofrece-ayuda-a-personas-sin-papeles-en-Mesoamerica.jpg","contentUrl":"https:\/\/accesolatino.org\/wp-content\/uploads\/2018\/10\/Conoce-la-app-que-ofrece-ayuda-a-personas-sin-papeles-en-Mesoamerica.jpg","width":600,"height":338,"caption":"Conoce la app que ofrece ayuda a personas sin papeles en Mesoam\u00e9rica"},{"@type":"BreadcrumbList","@id":"https:\/\/accesolatino.org\/inicio\/conoce-la-app-que-ofrece-ayuda-a-personas-sin-papeles-en-mesoamerica\/#breadcrumb","itemListElement":[{"@type":"ListItem","position":1,"name":"Portada","item":"https:\/\/accesolatino.org\/"},{"@type":"ListItem","position":2,"name":"Acceso Latino &#8211; Fundaci\u00f3n Carlos Slim","item":"https:\/\/accesolatino.org\/"},{"@type":"ListItem","position":3,"name":"APP que ofrece ayuda a personas sin papeles en Mesoam\u00e9rica"}]},{"@type":"WebSite","@id":"https:\/\/accesolatino.org\/#website","url":"https:\/\/accesolatino.org\/","name":"Acceso Latino | Fundaci\u00f3n Carlos Slim","description":"Fundaci\u00f3n Carlos Slim","publisher":{"@id":"https:\/\/accesolatino.org\/#organization"},"potentialAction":[{"@type":"SearchAction","target":{"@type":"EntryPoint","urlTemplate":"https:\/\/accesolatino.org\/?s={search_term_string}"},"query-input":{"@type":"PropertyValueSpecification","valueRequired":true,"valueName":"search_term_string"}}],"inLanguage":"en-US"},{"@type":"Organization","@id":"https:\/\/accesolatino.org\/#organization","name":"Acceso Latino | Fundaci\u00f3n Carlos Slim","url":"https:\/\/accesolatino.org\/","logo":{"@type":"ImageObject","inLanguage":"en-US","@id":"https:\/\/accesolatino.org\/#\/schema\/logo\/image\/","url":"https:\/\/accesolatino.org\/wp-content\/uploads\/2021\/02\/logo-footer-acceso-latino.png","contentUrl":"https:\/\/accesolatino.org\/wp-content\/uploads\/2021\/02\/logo-footer-acceso-latino.png","width":240,"height":40,"caption":"Acceso Latino | Fundaci\u00f3n Carlos Slim"},"image":{"@id":"https:\/\/accesolatino.org\/#\/schema\/logo\/image\/"},"sameAs":["https:\/\/www.facebook.com\/AccesoLatinoOrg","https:\/\/x.com\/FAccLatino"]}]}},"_links":{"self":[{"href":"https:\/\/accesolatino.org\/en\/wp-json\/wp\/v2\/pages\/15142","targetHints":{"allow":["GET"]}}],"collection":[{"href":"https:\/\/accesolatino.org\/en\/wp-json\/wp\/v2\/pages"}],"about":[{"href":"https:\/\/accesolatino.org\/en\/wp-json\/wp\/v2\/types\/page"}],"author":[{"embeddable":true,"href":"https:\/\/accesolatino.org\/en\/wp-json\/wp\/v2\/users\/15"}],"replies":[{"embeddable":true,"href":"https:\/\/accesolatino.org\/en\/wp-json\/wp\/v2\/comments?post=15142"}],"version-history":[{"count":1,"href":"https:\/\/accesolatino.org\/en\/wp-json\/wp\/v2\/pages\/15142\/revisions"}],"predecessor-version":[{"id":63767,"href":"https:\/\/accesolatino.org\/en\/wp-json\/wp\/v2\/pages\/15142\/revisions\/63767"}],"up":[{"embeddable":true,"href":"https:\/\/accesolatino.org\/en\/wp-json\/wp\/v2\/pages\/13781"}],"wp:featuredmedia":[{"embeddable":true,"href":"https:\/\/accesolatino.org\/en\/wp-json\/wp\/v2\/media\/15143"}],"wp:attachment":[{"href":"https:\/\/accesolatino.org\/en\/wp-json\/wp\/v2\/media?parent=15142"}],"curies":[{"name":"wp","href":"https:\/\/api.w.org\/{rel}","templated":true}]}}