{"id":15137,"date":"2018-10-18T09:34:22","date_gmt":"2018-10-18T14:34:22","guid":{"rendered":"https:\/\/accesolatino.org\/?page_id=15137"},"modified":"2025-10-07T14:39:48","modified_gmt":"2025-10-07T20:39:48","slug":"conoce-la-app-que-ayuda-a-estudiantes-sin-papeles-a-obtener-becas","status":"publish","type":"page","link":"https:\/\/accesolatino.org\/en\/inicio\/conoce-la-app-que-ayuda-a-estudiantes-sin-papeles-a-obtener-becas\/","title":{"rendered":"DREAMer\u2019s Roadmap App"},"content":{"rendered":"<div data-elementor-type=\"wp-post\" data-elementor-id=\"15137\" class=\"elementor elementor-15137\">\n\t\t\t\t\t\t<section class=\"elementor-section elementor-top-section elementor-element elementor-element-874f727 elementor-section-full_width elementor-section-height-min-height elementor-section-items-stretch elementor-section-height-default wpr-particle-no wpr-jarallax-no wpr-parallax-no wpr-sticky-section-no wpr-equal-height-no\" data-id=\"874f727\" data-element_type=\"section\" data-e-type=\"section\" data-settings=\"{&quot;background_background&quot;:&quot;classic&quot;}\">\n\t\t\t\t\t\t<div class=\"elementor-container elementor-column-gap-no\">\n\t\t\t\t\t<div class=\"elementor-column elementor-col-100 elementor-top-column elementor-element elementor-element-a98df31\" data-id=\"a98df31\" data-element_type=\"column\" data-e-type=\"column\">\n\t\t\t<div class=\"elementor-widget-wrap elementor-element-populated\">\n\t\t\t\t\t\t<div class=\"elementor-element elementor-element-c1c421d elementor--h-position-center elementor--v-position-middle elementor-widget elementor-widget-slides\" data-id=\"c1c421d\" data-element_type=\"widget\" data-e-type=\"widget\" data-settings=\"{&quot;navigation&quot;:&quot;none&quot;,&quot;infinite&quot;:&quot;yes&quot;,&quot;transition&quot;:&quot;slide&quot;,&quot;transition_speed&quot;:500}\" data-widget_type=\"slides.default\">\n\t\t\t\t<div class=\"elementor-widget-container\">\n\t\t\t\t\t\t\t<div class=\"elementor-swiper\">\n\t\t\t<div class=\"elementor-slides-wrapper elementor-main-swiper swiper-container\" dir=\"ltr\" data-animation=\"\">\n\t\t\t\t<div class=\"swiper-wrapper elementor-slides\">\n\t\t\t\t\t\t\t\t\t\t<div class=\"elementor-repeater-item-d983a28 swiper-slide\"><div class=\"swiper-slide-bg\"><\/div><div class=\"swiper-slide-inner\" ><div class=\"swiper-slide-contents\"><div class=\"elementor-slide-heading\">Aplicaciones de ayuda<\/div><\/div><\/div><\/div>\t\t\t\t<\/div>\n\t\t\t\t\t\t\t<\/div>\n\t\t<\/div>\n\t\t\t\t\t\t<\/div>\n\t\t\t\t<\/div>\n\t\t\t\t\t<\/div>\n\t\t<\/div>\n\t\t\t\t\t<\/div>\n\t\t<\/section>\n\t\t\t\t<section class=\"elementor-section elementor-top-section elementor-element elementor-element-pobsu4s elementor-section-stretched elementor-section-boxed elementor-section-height-default elementor-section-height-default wpr-particle-no wpr-jarallax-no wpr-parallax-no wpr-sticky-section-no wpr-equal-height-no\" data-id=\"pobsu4s\" data-element_type=\"section\" data-e-type=\"section\" data-settings=\"{&quot;stretch_section&quot;:&quot;section-stretched&quot;}\">\n\t\t\t\t\t\t<div class=\"elementor-container elementor-column-gap-default\">\n\t\t\t\t\t<div class=\"elementor-column elementor-col-100 elementor-top-column elementor-element elementor-element-vmhmvuj\" data-id=\"vmhmvuj\" data-element_type=\"column\" data-e-type=\"column\">\n\t\t\t<div class=\"elementor-widget-wrap elementor-element-populated\">\n\t\t\t\t\t\t<div class=\"elementor-element elementor-element-4d2b93f elementor-widget elementor-widget-heading\" data-id=\"4d2b93f\" data-element_type=\"widget\" data-e-type=\"widget\" data-widget_type=\"heading.default\">\n\t\t\t\t<div class=\"elementor-widget-container\">\n\t\t\t\t\t<h3 class=\"elementor-heading-title elementor-size-default\">Conoce la app que ayuda a estudiantes sin papeles a obtener becas<\/h3>\t\t\t\t<\/div>\n\t\t\t\t<\/div>\n\t\t\t\t<div class=\"elementor-element elementor-element-56bebf2 elementor-widget elementor-widget-text-editor\" data-id=\"56bebf2\" data-element_type=\"widget\" data-e-type=\"widget\" data-widget_type=\"text-editor.default\">\n\t\t\t\t<div class=\"elementor-widget-container\">\n\t\t\t\t\t\t\t\t\t<p>Cuando llega el \u00faltimo a\u00f1o de preparatoria, se convierte en uno de los a\u00f1os m\u00e1s dif\u00edciles para un estudiante indocumentado. Conseguir recursos para continuar sus estudios de educaci\u00f3n superior se vuelve un problema.<\/p><p>Este es el a\u00f1o en que la mayor\u00eda de los estudiantes descubren que no califican para FAFSA y otras becas. Primero porque no tienen un n\u00famero de seguro social y segundo porque no son residentes permanentes o ciudadanos de los Estados Unidos.<\/p><p>Con la intenci\u00f3n de ayudar a todos esos estudiantes en situaciones dif\u00edciles y poder ofrecerles la oportunidad de una educaci\u00f3n profesional, la michoacana Sarahi Espinoza Salamanca cre\u00f3 la app <strong>\u201cDREAMer\u2019s Roadmap\u201d<\/strong>; a la que podr\u00e1s acceder al final de nuestra p\u00e1gina de <a href=\"https:\/\/accesolatino.org\/en\/\"><strong>\u201cInicio\u201d<\/strong> <\/a>de accesolatino.org.<\/p><p>Esta aplicaci\u00f3n ayuda a los estudiantes indocumentados a encontrar becas para ir a la universidad; est\u00e1 disponible para su descarga tanto en \u201cApp Store\u201d como \u201cGoogle Play\u201d.<\/p>\t\t\t\t\t\t\t\t<\/div>\n\t\t\t\t<\/div>\n\t\t\t\t\t<\/div>\n\t\t<\/div>\n\t\t\t\t\t<\/div>\n\t\t<\/section>\n\t\t\t\t<\/div>","protected":false},"excerpt":{"rendered":"<p>Aplicaciones de ayuda Conoce la app que ayuda a estudiantes sin papeles a obtener becas Cuando llega el \u00faltimo a\u00f1o de preparatoria, se convierte en uno de los a\u00f1os m\u00e1s dif\u00edciles para un estudiante indocumentado. Conseguir recursos para continuar sus estudios de educaci\u00f3n superior se vuelve un problema. Este es el a\u00f1o en que la mayor\u00eda de los estudiantes descubren que no califican para FAFSA y otras becas. Primero porque no tienen un n\u00famero de seguro social y segundo porque no son residentes permanentes o ciudadanos de los Estados Unidos. Con la intenci\u00f3n de ayudar a todos esos estudiantes en situaciones dif\u00edciles y poder ofrecerles la oportunidad de una educaci\u00f3n profesional, la michoacana Sarahi Espinoza Salamanca cre\u00f3 la app \u201cDREAMer\u2019s Roadmap\u201d; a la que podr\u00e1s acceder al final de nuestra p\u00e1gina de \u201cInicio\u201d de accesolatino.org. Esta aplicaci\u00f3n ayuda a los estudiantes indocumentados a encontrar becas para ir a la universidad; est\u00e1 disponible para su descarga tanto en \u201cApp Store\u201d como \u201cGoogle Play\u201d.<\/p>","protected":false},"author":15,"featured_media":15138,"parent":13781,"menu_order":0,"comment_status":"closed","ping_status":"closed","template":"elementor_header_footer","meta":{"_uf_show_specific_survey":0,"_uf_disable_surveys":false,"footnotes":""},"class_list":["post-15137","page","type-page","status-publish","has-post-thumbnail"],"aioseo_notices":[],"yoast_head":"<!-- This site is optimized with the Yoast SEO plugin v27.5 - https:\/\/yoast.com\/product\/yoast-seo-wordpress\/ -->\n<title>App que ayuda a estudiantes sin papeles a obtener becas<\/title>\n<meta name=\"description\" content=\"DREAMer\u2019s Roadmap: aplicaci\u00f3n que ayuda a estudiantes sin papeles a obtener becas para continuar con su formaci\u00f3n\" \/>\n<meta name=\"robots\" content=\"index, follow, max-snippet:-1, max-image-preview:large, max-video-preview:-1\" \/>\n<link rel=\"canonical\" href=\"https:\/\/accesolatino.org\/en\/inicio\/conoce-la-app-que-ayuda-a-estudiantes-sin-papeles-a-obtener-becas\/\" \/>\n<meta property=\"og:locale\" content=\"en_US\" \/>\n<meta property=\"og:type\" content=\"article\" \/>\n<meta property=\"og:title\" content=\"Acceso Latino | Apoyo a Latinos\" \/>\n<meta property=\"og:description\" content=\"Estamos listos para brindarte informaci\u00f3n actualizada en materia de migraci\u00f3n\" \/>\n<meta property=\"og:url\" content=\"https:\/\/accesolatino.org\/en\/inicio\/conoce-la-app-que-ayuda-a-estudiantes-sin-papeles-a-obtener-becas\/\" \/>\n<meta property=\"og:site_name\" content=\"Acceso Latino\" \/>\n<meta property=\"article:publisher\" content=\"https:\/\/www.facebook.com\/AccesoLatinoOrg\" \/>\n<meta property=\"article:modified_time\" content=\"2025-10-07T20:39:48+00:00\" \/>\n<meta property=\"og:image\" content=\"https:\/\/accesolatino.org\/wp-content\/uploads\/2018\/10\/Conoce-la-app-que-ayuda-a-estudiantes-sin-papeles-a-obtener-becas.jpg\" \/>\n\t<meta property=\"og:image:width\" content=\"600\" \/>\n\t<meta property=\"og:image:height\" content=\"338\" \/>\n\t<meta property=\"og:image:type\" content=\"image\/jpeg\" \/>\n<meta name=\"twitter:card\" content=\"summary_large_image\" \/>\n<meta name=\"twitter:title\" content=\"Acceso Latino | Apoyo a Latinos\" \/>\n<meta name=\"twitter:description\" content=\"Estamos listos para brindarte informaci\u00f3n actualizada en materia de migraci\u00f3n\" \/>\n<meta name=\"twitter:site\" content=\"@FAccLatino\" \/>\n<meta name=\"twitter:label1\" content=\"Est. reading time\" \/>\n\t<meta name=\"twitter:data1\" content=\"1 minute\" \/>\n<script type=\"application\/ld+json\" class=\"yoast-schema-graph\">{\"@context\":\"https:\\\/\\\/schema.org\",\"@graph\":[{\"@type\":\"WebPage\",\"@id\":\"https:\\\/\\\/accesolatino.org\\\/inicio\\\/conoce-la-app-que-ayuda-a-estudiantes-sin-papeles-a-obtener-becas\\\/\",\"url\":\"https:\\\/\\\/accesolatino.org\\\/inicio\\\/conoce-la-app-que-ayuda-a-estudiantes-sin-papeles-a-obtener-becas\\\/\",\"name\":\"App que ayuda a estudiantes sin papeles a obtener becas\",\"isPartOf\":{\"@id\":\"https:\\\/\\\/accesolatino.org\\\/#website\"},\"primaryImageOfPage\":{\"@id\":\"https:\\\/\\\/accesolatino.org\\\/inicio\\\/conoce-la-app-que-ayuda-a-estudiantes-sin-papeles-a-obtener-becas\\\/#primaryimage\"},\"image\":{\"@id\":\"https:\\\/\\\/accesolatino.org\\\/inicio\\\/conoce-la-app-que-ayuda-a-estudiantes-sin-papeles-a-obtener-becas\\\/#primaryimage\"},\"thumbnailUrl\":\"https:\\\/\\\/accesolatino.org\\\/wp-content\\\/uploads\\\/2018\\\/10\\\/Conoce-la-app-que-ayuda-a-estudiantes-sin-papeles-a-obtener-becas.jpg\",\"datePublished\":\"2018-10-18T14:34:22+00:00\",\"dateModified\":\"2025-10-07T20:39:48+00:00\",\"description\":\"DREAMer\u2019s Roadmap: aplicaci\u00f3n que ayuda a estudiantes sin papeles a obtener becas para continuar con su formaci\u00f3n\",\"breadcrumb\":{\"@id\":\"https:\\\/\\\/accesolatino.org\\\/inicio\\\/conoce-la-app-que-ayuda-a-estudiantes-sin-papeles-a-obtener-becas\\\/#breadcrumb\"},\"inLanguage\":\"en-US\",\"potentialAction\":[{\"@type\":\"ReadAction\",\"target\":[\"https:\\\/\\\/accesolatino.org\\\/inicio\\\/conoce-la-app-que-ayuda-a-estudiantes-sin-papeles-a-obtener-becas\\\/\"]}]},{\"@type\":\"ImageObject\",\"inLanguage\":\"en-US\",\"@id\":\"https:\\\/\\\/accesolatino.org\\\/inicio\\\/conoce-la-app-que-ayuda-a-estudiantes-sin-papeles-a-obtener-becas\\\/#primaryimage\",\"url\":\"https:\\\/\\\/accesolatino.org\\\/wp-content\\\/uploads\\\/2018\\\/10\\\/Conoce-la-app-que-ayuda-a-estudiantes-sin-papeles-a-obtener-becas.jpg\",\"contentUrl\":\"https:\\\/\\\/accesolatino.org\\\/wp-content\\\/uploads\\\/2018\\\/10\\\/Conoce-la-app-que-ayuda-a-estudiantes-sin-papeles-a-obtener-becas.jpg\",\"width\":600,\"height\":338,\"caption\":\"DREAMer\u2019s Roadmap\u201d\"},{\"@type\":\"BreadcrumbList\",\"@id\":\"https:\\\/\\\/accesolatino.org\\\/inicio\\\/conoce-la-app-que-ayuda-a-estudiantes-sin-papeles-a-obtener-becas\\\/#breadcrumb\",\"itemListElement\":[{\"@type\":\"ListItem\",\"position\":1,\"name\":\"Portada\",\"item\":\"https:\\\/\\\/accesolatino.org\\\/\"},{\"@type\":\"ListItem\",\"position\":2,\"name\":\"Acceso Latino &#8211; Fundaci\u00f3n Carlos Slim\",\"item\":\"https:\\\/\\\/accesolatino.org\\\/\"},{\"@type\":\"ListItem\",\"position\":3,\"name\":\"DREAMer\u2019s Roadmap App\"}]},{\"@type\":\"WebSite\",\"@id\":\"https:\\\/\\\/accesolatino.org\\\/#website\",\"url\":\"https:\\\/\\\/accesolatino.org\\\/\",\"name\":\"Acceso Latino | Fundaci\u00f3n Carlos Slim\",\"description\":\"Fundaci\u00f3n Carlos Slim\",\"publisher\":{\"@id\":\"https:\\\/\\\/accesolatino.org\\\/#organization\"},\"potentialAction\":[{\"@type\":\"SearchAction\",\"target\":{\"@type\":\"EntryPoint\",\"urlTemplate\":\"https:\\\/\\\/accesolatino.org\\\/?s={search_term_string}\"},\"query-input\":{\"@type\":\"PropertyValueSpecification\",\"valueRequired\":true,\"valueName\":\"search_term_string\"}}],\"inLanguage\":\"en-US\"},{\"@type\":\"Organization\",\"@id\":\"https:\\\/\\\/accesolatino.org\\\/#organization\",\"name\":\"Acceso Latino | Fundaci\u00f3n Carlos Slim\",\"url\":\"https:\\\/\\\/accesolatino.org\\\/\",\"logo\":{\"@type\":\"ImageObject\",\"inLanguage\":\"en-US\",\"@id\":\"https:\\\/\\\/accesolatino.org\\\/#\\\/schema\\\/logo\\\/image\\\/\",\"url\":\"https:\\\/\\\/accesolatino.org\\\/wp-content\\\/uploads\\\/2021\\\/02\\\/logo-footer-acceso-latino.png\",\"contentUrl\":\"https:\\\/\\\/accesolatino.org\\\/wp-content\\\/uploads\\\/2021\\\/02\\\/logo-footer-acceso-latino.png\",\"width\":240,\"height\":40,\"caption\":\"Acceso Latino | Fundaci\u00f3n Carlos Slim\"},\"image\":{\"@id\":\"https:\\\/\\\/accesolatino.org\\\/#\\\/schema\\\/logo\\\/image\\\/\"},\"sameAs\":[\"https:\\\/\\\/www.facebook.com\\\/AccesoLatinoOrg\",\"https:\\\/\\\/x.com\\\/FAccLatino\"]}]}<\/script>\n<!-- \/ Yoast SEO plugin. -->","yoast_head_json":{"title":"App que ayuda a estudiantes sin papeles a obtener becas","description":"DREAMer\u2019s Roadmap: aplicaci\u00f3n que ayuda a estudiantes sin papeles a obtener becas para continuar con su formaci\u00f3n","robots":{"index":"index","follow":"follow","max-snippet":"max-snippet:-1","max-image-preview":"max-image-preview:large","max-video-preview":"max-video-preview:-1"},"canonical":"https:\/\/accesolatino.org\/en\/inicio\/conoce-la-app-que-ayuda-a-estudiantes-sin-papeles-a-obtener-becas\/","og_locale":"en_US","og_type":"article","og_title":"Acceso Latino | Apoyo a Latinos","og_description":"Estamos listos para brindarte informaci\u00f3n actualizada en materia de migraci\u00f3n","og_url":"https:\/\/accesolatino.org\/en\/inicio\/conoce-la-app-que-ayuda-a-estudiantes-sin-papeles-a-obtener-becas\/","og_site_name":"Acceso Latino","article_publisher":"https:\/\/www.facebook.com\/AccesoLatinoOrg","article_modified_time":"2025-10-07T20:39:48+00:00","og_image":[{"width":600,"height":338,"url":"https:\/\/accesolatino.org\/wp-content\/uploads\/2018\/10\/Conoce-la-app-que-ayuda-a-estudiantes-sin-papeles-a-obtener-becas.jpg","type":"image\/jpeg"}],"twitter_card":"summary_large_image","twitter_title":"Acceso Latino | Apoyo a Latinos","twitter_description":"Estamos listos para brindarte informaci\u00f3n actualizada en materia de migraci\u00f3n","twitter_site":"@FAccLatino","twitter_misc":{"Est. reading time":"1 minute"},"schema":{"@context":"https:\/\/schema.org","@graph":[{"@type":"WebPage","@id":"https:\/\/accesolatino.org\/inicio\/conoce-la-app-que-ayuda-a-estudiantes-sin-papeles-a-obtener-becas\/","url":"https:\/\/accesolatino.org\/inicio\/conoce-la-app-que-ayuda-a-estudiantes-sin-papeles-a-obtener-becas\/","name":"App que ayuda a estudiantes sin papeles a obtener becas","isPartOf":{"@id":"https:\/\/accesolatino.org\/#website"},"primaryImageOfPage":{"@id":"https:\/\/accesolatino.org\/inicio\/conoce-la-app-que-ayuda-a-estudiantes-sin-papeles-a-obtener-becas\/#primaryimage"},"image":{"@id":"https:\/\/accesolatino.org\/inicio\/conoce-la-app-que-ayuda-a-estudiantes-sin-papeles-a-obtener-becas\/#primaryimage"},"thumbnailUrl":"https:\/\/accesolatino.org\/wp-content\/uploads\/2018\/10\/Conoce-la-app-que-ayuda-a-estudiantes-sin-papeles-a-obtener-becas.jpg","datePublished":"2018-10-18T14:34:22+00:00","dateModified":"2025-10-07T20:39:48+00:00","description":"DREAMer\u2019s Roadmap: aplicaci\u00f3n que ayuda a estudiantes sin papeles a obtener becas para continuar con su formaci\u00f3n","breadcrumb":{"@id":"https:\/\/accesolatino.org\/inicio\/conoce-la-app-que-ayuda-a-estudiantes-sin-papeles-a-obtener-becas\/#breadcrumb"},"inLanguage":"en-US","potentialAction":[{"@type":"ReadAction","target":["https:\/\/accesolatino.org\/inicio\/conoce-la-app-que-ayuda-a-estudiantes-sin-papeles-a-obtener-becas\/"]}]},{"@type":"ImageObject","inLanguage":"en-US","@id":"https:\/\/accesolatino.org\/inicio\/conoce-la-app-que-ayuda-a-estudiantes-sin-papeles-a-obtener-becas\/#primaryimage","url":"https:\/\/accesolatino.org\/wp-content\/uploads\/2018\/10\/Conoce-la-app-que-ayuda-a-estudiantes-sin-papeles-a-obtener-becas.jpg","contentUrl":"https:\/\/accesolatino.org\/wp-content\/uploads\/2018\/10\/Conoce-la-app-que-ayuda-a-estudiantes-sin-papeles-a-obtener-becas.jpg","width":600,"height":338,"caption":"DREAMer\u2019s Roadmap\u201d"},{"@type":"BreadcrumbList","@id":"https:\/\/accesolatino.org\/inicio\/conoce-la-app-que-ayuda-a-estudiantes-sin-papeles-a-obtener-becas\/#breadcrumb","itemListElement":[{"@type":"ListItem","position":1,"name":"Portada","item":"https:\/\/accesolatino.org\/"},{"@type":"ListItem","position":2,"name":"Acceso Latino &#8211; Fundaci\u00f3n Carlos Slim","item":"https:\/\/accesolatino.org\/"},{"@type":"ListItem","position":3,"name":"DREAMer\u2019s Roadmap App"}]},{"@type":"WebSite","@id":"https:\/\/accesolatino.org\/#website","url":"https:\/\/accesolatino.org\/","name":"Acceso Latino | Fundaci\u00f3n Carlos Slim","description":"Fundaci\u00f3n Carlos Slim","publisher":{"@id":"https:\/\/accesolatino.org\/#organization"},"potentialAction":[{"@type":"SearchAction","target":{"@type":"EntryPoint","urlTemplate":"https:\/\/accesolatino.org\/?s={search_term_string}"},"query-input":{"@type":"PropertyValueSpecification","valueRequired":true,"valueName":"search_term_string"}}],"inLanguage":"en-US"},{"@type":"Organization","@id":"https:\/\/accesolatino.org\/#organization","name":"Acceso Latino | Fundaci\u00f3n Carlos Slim","url":"https:\/\/accesolatino.org\/","logo":{"@type":"ImageObject","inLanguage":"en-US","@id":"https:\/\/accesolatino.org\/#\/schema\/logo\/image\/","url":"https:\/\/accesolatino.org\/wp-content\/uploads\/2021\/02\/logo-footer-acceso-latino.png","contentUrl":"https:\/\/accesolatino.org\/wp-content\/uploads\/2021\/02\/logo-footer-acceso-latino.png","width":240,"height":40,"caption":"Acceso Latino | Fundaci\u00f3n Carlos Slim"},"image":{"@id":"https:\/\/accesolatino.org\/#\/schema\/logo\/image\/"},"sameAs":["https:\/\/www.facebook.com\/AccesoLatinoOrg","https:\/\/x.com\/FAccLatino"]}]}},"_links":{"self":[{"href":"https:\/\/accesolatino.org\/en\/wp-json\/wp\/v2\/pages\/15137","targetHints":{"allow":["GET"]}}],"collection":[{"href":"https:\/\/accesolatino.org\/en\/wp-json\/wp\/v2\/pages"}],"about":[{"href":"https:\/\/accesolatino.org\/en\/wp-json\/wp\/v2\/types\/page"}],"author":[{"embeddable":true,"href":"https:\/\/accesolatino.org\/en\/wp-json\/wp\/v2\/users\/15"}],"replies":[{"embeddable":true,"href":"https:\/\/accesolatino.org\/en\/wp-json\/wp\/v2\/comments?post=15137"}],"version-history":[{"count":1,"href":"https:\/\/accesolatino.org\/en\/wp-json\/wp\/v2\/pages\/15137\/revisions"}],"predecessor-version":[{"id":63764,"href":"https:\/\/accesolatino.org\/en\/wp-json\/wp\/v2\/pages\/15137\/revisions\/63764"}],"up":[{"embeddable":true,"href":"https:\/\/accesolatino.org\/en\/wp-json\/wp\/v2\/pages\/13781"}],"wp:featuredmedia":[{"embeddable":true,"href":"https:\/\/accesolatino.org\/en\/wp-json\/wp\/v2\/media\/15138"}],"wp:attachment":[{"href":"https:\/\/accesolatino.org\/en\/wp-json\/wp\/v2\/media?parent=15137"}],"curies":[{"name":"wp","href":"https:\/\/api.w.org\/{rel}","templated":true}]}}