{"id":14942,"date":"2018-10-02T10:35:17","date_gmt":"2018-10-02T15:35:17","guid":{"rendered":"https:\/\/accesolatino.org\/?page_id=14942"},"modified":"2025-10-17T17:23:06","modified_gmt":"2025-10-17T23:23:06","slug":"revalida-tus-estudios-en-las-sedes-de-la-unam-que-estan-en-estados-unidos","status":"publish","type":"page","link":"https:\/\/accesolatino.org\/en\/revalida-tus-estudios-en-las-sedes-de-la-unam-que-estan-en-estados-unidos\/","title":{"rendered":"Revalidate your studies at UNAM campuses in the U.S."},"content":{"rendered":"<div data-elementor-type=\"wp-post\" data-elementor-id=\"14942\" class=\"elementor elementor-14942\">\n\t\t\t\t\t\t<section class=\"elementor-section elementor-top-section elementor-element elementor-element-d98c510 elementor-section-full_width elementor-section-height-min-height elementor-section-items-stretch elementor-section-height-default wpr-particle-no wpr-jarallax-no wpr-parallax-no wpr-sticky-section-no wpr-equal-height-no\" data-id=\"d98c510\" data-element_type=\"section\" data-e-type=\"section\" data-settings=\"{&quot;background_background&quot;:&quot;classic&quot;}\">\n\t\t\t\t\t\t<div class=\"elementor-container elementor-column-gap-no\">\n\t\t\t\t\t<div class=\"elementor-column elementor-col-100 elementor-top-column elementor-element elementor-element-a017c9c\" data-id=\"a017c9c\" data-element_type=\"column\" data-e-type=\"column\">\n\t\t\t<div class=\"elementor-widget-wrap elementor-element-populated\">\n\t\t\t\t\t\t<div class=\"elementor-element elementor-element-3cf4548 elementor--h-position-center elementor--v-position-middle elementor-widget elementor-widget-slides\" data-id=\"3cf4548\" data-element_type=\"widget\" data-e-type=\"widget\" data-settings=\"{&quot;navigation&quot;:&quot;none&quot;,&quot;infinite&quot;:&quot;yes&quot;,&quot;transition&quot;:&quot;slide&quot;,&quot;transition_speed&quot;:500}\" data-widget_type=\"slides.default\">\n\t\t\t\t<div class=\"elementor-widget-container\">\n\t\t\t\t\t\t\t<div class=\"elementor-swiper\">\n\t\t\t<div class=\"elementor-slides-wrapper elementor-main-swiper swiper-container\" dir=\"ltr\" data-animation=\"\">\n\t\t\t\t<div class=\"swiper-wrapper elementor-slides\">\n\t\t\t\t\t\t\t\t\t\t<div class=\"elementor-repeater-item-d983a28 swiper-slide\"><div class=\"swiper-slide-bg\"><\/div><div class=\"swiper-slide-inner\" ><div class=\"swiper-slide-contents\"><div class=\"elementor-slide-heading\">Education<\/div><\/div><\/div><\/div>\t\t\t\t<\/div>\n\t\t\t\t\t\t\t<\/div>\n\t\t<\/div>\n\t\t\t\t\t\t<\/div>\n\t\t\t\t<\/div>\n\t\t\t\t\t<\/div>\n\t\t<\/div>\n\t\t\t\t\t<\/div>\n\t\t<\/section>\n\t\t\t\t<section class=\"elementor-section elementor-top-section elementor-element elementor-element-be524be elementor-section-stretched elementor-section-boxed elementor-section-height-default elementor-section-height-default wpr-particle-no wpr-jarallax-no wpr-parallax-no wpr-sticky-section-no wpr-equal-height-no\" data-id=\"be524be\" data-element_type=\"section\" data-e-type=\"section\" data-settings=\"{&quot;stretch_section&quot;:&quot;section-stretched&quot;,&quot;background_background&quot;:&quot;classic&quot;}\">\n\t\t\t\t\t\t<div class=\"elementor-container elementor-column-gap-default\">\n\t\t\t\t\t<div class=\"elementor-column elementor-col-100 elementor-top-column elementor-element elementor-element-c895ca4\" data-id=\"c895ca4\" data-element_type=\"column\" data-e-type=\"column\">\n\t\t\t<div class=\"elementor-widget-wrap elementor-element-populated\">\n\t\t\t\t\t\t<div class=\"elementor-element elementor-element-e85c5d3 elementor-widget elementor-widget-heading\" data-id=\"e85c5d3\" data-element_type=\"widget\" data-e-type=\"widget\" data-widget_type=\"heading.default\">\n\t\t\t\t<div class=\"elementor-widget-container\">\n\t\t\t\t\t<h3 class=\"elementor-heading-title elementor-size-default\">Revalidate your studies at UNAM campuses in the U.S.<\/h3>\t\t\t\t<\/div>\n\t\t\t\t<\/div>\n\t\t\t\t<div class=\"elementor-element elementor-element-26eaac0 elementor-widget elementor-widget-text-editor\" data-id=\"26eaac0\" data-element_type=\"widget\" data-e-type=\"widget\" data-widget_type=\"text-editor.default\">\n\t\t\t\t<div class=\"elementor-widget-container\">\n\t\t\t\t\t\t\t\t\t<p>The <strong>Universidad Nacional Aut\u00f3noma de M\u00e9xico<\/strong> extiende sus servicios a los mexicanos que se encuentran fuera de su pa\u00eds o bien que quieran continuar sus estudios en el extranjero mediante un intercambio.<\/p><p>Desde donde te encuentres, puedes ingresar a <strong>accesolatino.org<\/strong> que te ofrece herramientas para que puedas seguir estudiando a cualquier nivel escolar. En la secci\u00f3n de <a href=\"https:\/\/accesolatino.org\/en\/educacion\/\"><strong>\u201cEducaci\u00f3n\u201d<\/strong><\/a> podr\u00e1s ingresar a nuestra tarjeta de <strong>\u201cCursos y talleres en centros UNAM\u201d<\/strong>.<\/p><p>En dicha herramienta los estudiantes de la UNAM que busquen estudiar en el extranjero encontrar\u00e1n las sedes donde la universidad tiene presencia fuera de nuestro pa\u00eds.\u00a0 Actualmente, la Universidad Aut\u00f3noma de M\u00e9xico cuenta con seis planteles en Estados Unidos:<\/p><ul><li>San Antonio<\/li><li>Seattle<\/li><li>Chicago<\/li><li>Los \u00c1ngeles<\/li><li>Tucson<\/li><li>Boston<\/li><\/ul><p>Estas sedes tienen como objetivo principal ayudar a nuestros connacionales que radican en otro pa\u00eds a la ense\u00f1anza, evaluaci\u00f3n y certificaci\u00f3n del idioma espa\u00f1ol, de igual manera te brinda apoyo para que puedas estudiar y presentar el examen GED el cu\u00e1l es la equivalencia al certificado de secundaria en M\u00e9xico.<\/p><p>Adem\u00e1s,<strong> Acceso Latino<\/strong> colabora con las seis sedes de la UNAM para ayudarte a obtener tu ciudadan\u00eda americana a trav\u00e9s de talleres presenciales que hacen uso de la herramienta <a href=\"https:\/\/ciudadanizate.accesolatino.org\/#video3\" target=\"_blank\" rel=\"noopener\"><strong>\u201cCiudadan\u00edzate\u201d.<\/strong><\/a><\/p>\t\t\t\t\t\t\t\t<\/div>\n\t\t\t\t<\/div>\n\t\t\t\t<div class=\"elementor-element elementor-element-3efa17e elementor-widget elementor-widget-spacer\" data-id=\"3efa17e\" data-element_type=\"widget\" data-e-type=\"widget\" data-widget_type=\"spacer.default\">\n\t\t\t\t<div class=\"elementor-widget-container\">\n\t\t\t\t\t\t\t<div class=\"elementor-spacer\">\n\t\t\t<div class=\"elementor-spacer-inner\"><\/div>\n\t\t<\/div>\n\t\t\t\t\t\t<\/div>\n\t\t\t\t<\/div>\n\t\t\t\t\t<\/div>\n\t\t<\/div>\n\t\t\t\t\t<\/div>\n\t\t<\/section>\n\t\t\t\t<\/div>","protected":false},"excerpt":{"rendered":"<p>Educaci\u00f3n Revalida tus estudios en las sedes de la UNAM que est\u00e1n en Estados Unidos La Universidad Nacional Aut\u00f3noma de M\u00e9xico extiende sus servicios a los mexicanos que se encuentran fuera de su pa\u00eds o bien que quieran continuar sus estudios en el extranjero mediante un intercambio. Desde donde te encuentres, puedes ingresar a accesolatino.org que te ofrece herramientas para que puedas seguir estudiando a cualquier nivel escolar. En la secci\u00f3n de \u201cEducaci\u00f3n\u201d podr\u00e1s ingresar a nuestra tarjeta de \u201cCursos y talleres en centros UNAM\u201d. En dicha herramienta los estudiantes de la UNAM que busquen estudiar en el extranjero encontrar\u00e1n las sedes donde la universidad tiene presencia fuera de nuestro pa\u00eds.\u00a0 Actualmente, la Universidad Aut\u00f3noma de M\u00e9xico cuenta con seis planteles en Estados Unidos: San Antonio Seattle Chicago Los \u00c1ngeles Tucson Boston Estas sedes tienen como objetivo principal ayudar a nuestros connacionales que radican en otro pa\u00eds a la ense\u00f1anza, evaluaci\u00f3n y certificaci\u00f3n del idioma espa\u00f1ol, de igual manera te brinda apoyo para que puedas estudiar y presentar el examen GED el cu\u00e1l es la equivalencia al certificado de secundaria en M\u00e9xico. Adem\u00e1s, Acceso Latino colabora con las seis sedes de la UNAM para ayudarte a obtener tu ciudadan\u00eda americana a trav\u00e9s de talleres presenciales que hacen uso de la herramienta \u201cCiudadan\u00edzate\u201d.<\/p>","protected":false},"author":7,"featured_media":14943,"parent":0,"menu_order":0,"comment_status":"closed","ping_status":"closed","template":"elementor_header_footer","meta":{"_uf_show_specific_survey":0,"_uf_disable_surveys":false,"footnotes":""},"class_list":["post-14942","page","type-page","status-publish","has-post-thumbnail"],"aioseo_notices":[],"yoast_head":"<!-- This site is optimized with the Yoast SEO plugin v27.5 - https:\/\/yoast.com\/product\/yoast-seo-wordpress\/ -->\n<title>Revalida tus estudios en las sedes de la UNAM que est\u00e1n en Estados Unidos<\/title>\n<meta name=\"description\" content=\"Revalida tus estudios en las sedes de la\u00a0UNAM\u00a0que est\u00e1n en Estados Unidos La Universidad Nacional Aut\u00f3noma de M\u00e9xico extiende sus servicios...\" \/>\n<meta name=\"robots\" content=\"index, follow, max-snippet:-1, max-image-preview:large, max-video-preview:-1\" \/>\n<link rel=\"canonical\" href=\"https:\/\/accesolatino.org\/en\/revalida-tus-estudios-en-las-sedes-de-la-unam-que-estan-en-estados-unidos\/\" \/>\n<meta property=\"og:locale\" content=\"en_US\" \/>\n<meta property=\"og:type\" content=\"article\" \/>\n<meta property=\"og:title\" content=\"Acceso Latino | Revalida tus estudios en las sedes de la UNAM que est\u00e1n en Estados Unidos\" \/>\n<meta property=\"og:description\" content=\"Conoce las Instituciones que te pueden ser de ayuda en otros pa\u00edses.\" \/>\n<meta property=\"og:url\" content=\"https:\/\/accesolatino.org\/en\/revalida-tus-estudios-en-las-sedes-de-la-unam-que-estan-en-estados-unidos\/\" \/>\n<meta property=\"og:site_name\" content=\"Acceso Latino\" \/>\n<meta property=\"article:publisher\" content=\"https:\/\/www.facebook.com\/AccesoLatinoOrg\" \/>\n<meta property=\"article:modified_time\" content=\"2025-10-17T23:23:06+00:00\" \/>\n<meta property=\"og:image\" content=\"https:\/\/accesolatino.org\/wp-content\/uploads\/2018\/10\/Revalida-tus-estudios-en-las-sedes-de-la-UNAM-que-estan-en-Estados-Unidos.jpg\" \/>\n\t<meta property=\"og:image:width\" content=\"600\" \/>\n\t<meta property=\"og:image:height\" content=\"338\" \/>\n\t<meta property=\"og:image:type\" content=\"image\/jpeg\" \/>\n<meta name=\"twitter:card\" content=\"summary_large_image\" \/>\n<meta name=\"twitter:title\" content=\"Acceso Latino | Revalida tus estudios en las sedes de la UNAM que est\u00e1n en Estados Unidos\" \/>\n<meta name=\"twitter:description\" content=\"Conoce las Instituciones que te pueden ser de ayuda en otros pa\u00edses.\" \/>\n<meta name=\"twitter:image\" content=\"https:\/\/accesolatino.org\/wp-content\/uploads\/2018\/10\/Revalida-tus-estudios-en-las-sedes-de-la-UNAM-que-estan-en-Estados-Unidos.jpg\" \/>\n<meta name=\"twitter:site\" content=\"@FAccLatino\" \/>\n<meta name=\"twitter:label1\" content=\"Est. reading time\" \/>\n\t<meta name=\"twitter:data1\" content=\"2 minutes\" \/>\n<script type=\"application\/ld+json\" class=\"yoast-schema-graph\">{\"@context\":\"https:\\\/\\\/schema.org\",\"@graph\":[{\"@type\":\"WebPage\",\"@id\":\"https:\\\/\\\/accesolatino.org\\\/revalida-tus-estudios-en-las-sedes-de-la-unam-que-estan-en-estados-unidos\\\/\",\"url\":\"https:\\\/\\\/accesolatino.org\\\/revalida-tus-estudios-en-las-sedes-de-la-unam-que-estan-en-estados-unidos\\\/\",\"name\":\"Revalida tus estudios en las sedes de la UNAM que est\u00e1n en Estados Unidos\",\"isPartOf\":{\"@id\":\"https:\\\/\\\/accesolatino.org\\\/#website\"},\"primaryImageOfPage\":{\"@id\":\"https:\\\/\\\/accesolatino.org\\\/revalida-tus-estudios-en-las-sedes-de-la-unam-que-estan-en-estados-unidos\\\/#primaryimage\"},\"image\":{\"@id\":\"https:\\\/\\\/accesolatino.org\\\/revalida-tus-estudios-en-las-sedes-de-la-unam-que-estan-en-estados-unidos\\\/#primaryimage\"},\"thumbnailUrl\":\"https:\\\/\\\/accesolatino.org\\\/wp-content\\\/uploads\\\/2018\\\/10\\\/Revalida-tus-estudios-en-las-sedes-de-la-UNAM-que-estan-en-Estados-Unidos.jpg\",\"datePublished\":\"2018-10-02T15:35:17+00:00\",\"dateModified\":\"2025-10-17T23:23:06+00:00\",\"description\":\"Revalida tus estudios en las sedes de la\u00a0UNAM\u00a0que est\u00e1n en Estados Unidos La Universidad Nacional Aut\u00f3noma de M\u00e9xico extiende sus servicios...\",\"breadcrumb\":{\"@id\":\"https:\\\/\\\/accesolatino.org\\\/revalida-tus-estudios-en-las-sedes-de-la-unam-que-estan-en-estados-unidos\\\/#breadcrumb\"},\"inLanguage\":\"en-US\",\"potentialAction\":[{\"@type\":\"ReadAction\",\"target\":[\"https:\\\/\\\/accesolatino.org\\\/revalida-tus-estudios-en-las-sedes-de-la-unam-que-estan-en-estados-unidos\\\/\"]}]},{\"@type\":\"ImageObject\",\"inLanguage\":\"en-US\",\"@id\":\"https:\\\/\\\/accesolatino.org\\\/revalida-tus-estudios-en-las-sedes-de-la-unam-que-estan-en-estados-unidos\\\/#primaryimage\",\"url\":\"https:\\\/\\\/accesolatino.org\\\/wp-content\\\/uploads\\\/2018\\\/10\\\/Revalida-tus-estudios-en-las-sedes-de-la-UNAM-que-estan-en-Estados-Unidos.jpg\",\"contentUrl\":\"https:\\\/\\\/accesolatino.org\\\/wp-content\\\/uploads\\\/2018\\\/10\\\/Revalida-tus-estudios-en-las-sedes-de-la-UNAM-que-estan-en-Estados-Unidos.jpg\",\"width\":600,\"height\":338,\"caption\":\"UNAM\"},{\"@type\":\"BreadcrumbList\",\"@id\":\"https:\\\/\\\/accesolatino.org\\\/revalida-tus-estudios-en-las-sedes-de-la-unam-que-estan-en-estados-unidos\\\/#breadcrumb\",\"itemListElement\":[{\"@type\":\"ListItem\",\"position\":1,\"name\":\"Portada\",\"item\":\"https:\\\/\\\/accesolatino.org\\\/\"},{\"@type\":\"ListItem\",\"position\":2,\"name\":\"Revalida tus estudios en las sedes de la UNAM que est\u00e1n en Estados Unidos\"}]},{\"@type\":\"WebSite\",\"@id\":\"https:\\\/\\\/accesolatino.org\\\/#website\",\"url\":\"https:\\\/\\\/accesolatino.org\\\/\",\"name\":\"Acceso Latino | Fundaci\u00f3n Carlos Slim\",\"description\":\"Fundaci\u00f3n Carlos Slim\",\"publisher\":{\"@id\":\"https:\\\/\\\/accesolatino.org\\\/#organization\"},\"potentialAction\":[{\"@type\":\"SearchAction\",\"target\":{\"@type\":\"EntryPoint\",\"urlTemplate\":\"https:\\\/\\\/accesolatino.org\\\/?s={search_term_string}\"},\"query-input\":{\"@type\":\"PropertyValueSpecification\",\"valueRequired\":true,\"valueName\":\"search_term_string\"}}],\"inLanguage\":\"en-US\"},{\"@type\":\"Organization\",\"@id\":\"https:\\\/\\\/accesolatino.org\\\/#organization\",\"name\":\"Acceso Latino | Fundaci\u00f3n Carlos Slim\",\"url\":\"https:\\\/\\\/accesolatino.org\\\/\",\"logo\":{\"@type\":\"ImageObject\",\"inLanguage\":\"en-US\",\"@id\":\"https:\\\/\\\/accesolatino.org\\\/#\\\/schema\\\/logo\\\/image\\\/\",\"url\":\"https:\\\/\\\/accesolatino.org\\\/wp-content\\\/uploads\\\/2021\\\/02\\\/logo-footer-acceso-latino.png\",\"contentUrl\":\"https:\\\/\\\/accesolatino.org\\\/wp-content\\\/uploads\\\/2021\\\/02\\\/logo-footer-acceso-latino.png\",\"width\":240,\"height\":40,\"caption\":\"Acceso Latino | Fundaci\u00f3n Carlos Slim\"},\"image\":{\"@id\":\"https:\\\/\\\/accesolatino.org\\\/#\\\/schema\\\/logo\\\/image\\\/\"},\"sameAs\":[\"https:\\\/\\\/www.facebook.com\\\/AccesoLatinoOrg\",\"https:\\\/\\\/x.com\\\/FAccLatino\"]}]}<\/script>\n<!-- \/ Yoast SEO plugin. -->","yoast_head_json":{"title":"Revalidate your studies at UNAM campuses in the U.S.","description":"Revalida tus estudios en las sedes de la\u00a0UNAM\u00a0que est\u00e1n en Estados Unidos La Universidad Nacional Aut\u00f3noma de M\u00e9xico extiende sus servicios...","robots":{"index":"index","follow":"follow","max-snippet":"max-snippet:-1","max-image-preview":"max-image-preview:large","max-video-preview":"max-video-preview:-1"},"canonical":"https:\/\/accesolatino.org\/en\/revalida-tus-estudios-en-las-sedes-de-la-unam-que-estan-en-estados-unidos\/","og_locale":"en_US","og_type":"article","og_title":"Acceso Latino | Revalida tus estudios en las sedes de la UNAM que est\u00e1n en Estados Unidos","og_description":"Conoce las Instituciones que te pueden ser de ayuda en otros pa\u00edses.","og_url":"https:\/\/accesolatino.org\/en\/revalida-tus-estudios-en-las-sedes-de-la-unam-que-estan-en-estados-unidos\/","og_site_name":"Acceso Latino","article_publisher":"https:\/\/www.facebook.com\/AccesoLatinoOrg","article_modified_time":"2025-10-17T23:23:06+00:00","og_image":[{"width":600,"height":338,"url":"https:\/\/accesolatino.org\/wp-content\/uploads\/2018\/10\/Revalida-tus-estudios-en-las-sedes-de-la-UNAM-que-estan-en-Estados-Unidos.jpg","type":"image\/jpeg"}],"twitter_card":"summary_large_image","twitter_title":"Acceso Latino | Revalida tus estudios en las sedes de la UNAM que est\u00e1n en Estados Unidos","twitter_description":"Conoce las Instituciones que te pueden ser de ayuda en otros pa\u00edses.","twitter_image":"https:\/\/accesolatino.org\/wp-content\/uploads\/2018\/10\/Revalida-tus-estudios-en-las-sedes-de-la-UNAM-que-estan-en-Estados-Unidos.jpg","twitter_site":"@FAccLatino","twitter_misc":{"Est. reading time":"2 minutes"},"schema":{"@context":"https:\/\/schema.org","@graph":[{"@type":"WebPage","@id":"https:\/\/accesolatino.org\/revalida-tus-estudios-en-las-sedes-de-la-unam-que-estan-en-estados-unidos\/","url":"https:\/\/accesolatino.org\/revalida-tus-estudios-en-las-sedes-de-la-unam-que-estan-en-estados-unidos\/","name":"Revalidate your studies at UNAM campuses in the U.S.","isPartOf":{"@id":"https:\/\/accesolatino.org\/#website"},"primaryImageOfPage":{"@id":"https:\/\/accesolatino.org\/revalida-tus-estudios-en-las-sedes-de-la-unam-que-estan-en-estados-unidos\/#primaryimage"},"image":{"@id":"https:\/\/accesolatino.org\/revalida-tus-estudios-en-las-sedes-de-la-unam-que-estan-en-estados-unidos\/#primaryimage"},"thumbnailUrl":"https:\/\/accesolatino.org\/wp-content\/uploads\/2018\/10\/Revalida-tus-estudios-en-las-sedes-de-la-UNAM-que-estan-en-Estados-Unidos.jpg","datePublished":"2018-10-02T15:35:17+00:00","dateModified":"2025-10-17T23:23:06+00:00","description":"Revalida tus estudios en las sedes de la\u00a0UNAM\u00a0que est\u00e1n en Estados Unidos La Universidad Nacional Aut\u00f3noma de M\u00e9xico extiende sus servicios...","breadcrumb":{"@id":"https:\/\/accesolatino.org\/revalida-tus-estudios-en-las-sedes-de-la-unam-que-estan-en-estados-unidos\/#breadcrumb"},"inLanguage":"en-US","potentialAction":[{"@type":"ReadAction","target":["https:\/\/accesolatino.org\/revalida-tus-estudios-en-las-sedes-de-la-unam-que-estan-en-estados-unidos\/"]}]},{"@type":"ImageObject","inLanguage":"en-US","@id":"https:\/\/accesolatino.org\/revalida-tus-estudios-en-las-sedes-de-la-unam-que-estan-en-estados-unidos\/#primaryimage","url":"https:\/\/accesolatino.org\/wp-content\/uploads\/2018\/10\/Revalida-tus-estudios-en-las-sedes-de-la-UNAM-que-estan-en-Estados-Unidos.jpg","contentUrl":"https:\/\/accesolatino.org\/wp-content\/uploads\/2018\/10\/Revalida-tus-estudios-en-las-sedes-de-la-UNAM-que-estan-en-Estados-Unidos.jpg","width":600,"height":338,"caption":"UNAM"},{"@type":"BreadcrumbList","@id":"https:\/\/accesolatino.org\/revalida-tus-estudios-en-las-sedes-de-la-unam-que-estan-en-estados-unidos\/#breadcrumb","itemListElement":[{"@type":"ListItem","position":1,"name":"Portada","item":"https:\/\/accesolatino.org\/"},{"@type":"ListItem","position":2,"name":"Revalida tus estudios en las sedes de la UNAM que est\u00e1n en Estados Unidos"}]},{"@type":"WebSite","@id":"https:\/\/accesolatino.org\/#website","url":"https:\/\/accesolatino.org\/","name":"Acceso Latino | Fundaci\u00f3n Carlos Slim","description":"Fundaci\u00f3n Carlos Slim","publisher":{"@id":"https:\/\/accesolatino.org\/#organization"},"potentialAction":[{"@type":"SearchAction","target":{"@type":"EntryPoint","urlTemplate":"https:\/\/accesolatino.org\/?s={search_term_string}"},"query-input":{"@type":"PropertyValueSpecification","valueRequired":true,"valueName":"search_term_string"}}],"inLanguage":"en-US"},{"@type":"Organization","@id":"https:\/\/accesolatino.org\/#organization","name":"Acceso Latino | Fundaci\u00f3n Carlos Slim","url":"https:\/\/accesolatino.org\/","logo":{"@type":"ImageObject","inLanguage":"en-US","@id":"https:\/\/accesolatino.org\/#\/schema\/logo\/image\/","url":"https:\/\/accesolatino.org\/wp-content\/uploads\/2021\/02\/logo-footer-acceso-latino.png","contentUrl":"https:\/\/accesolatino.org\/wp-content\/uploads\/2021\/02\/logo-footer-acceso-latino.png","width":240,"height":40,"caption":"Acceso Latino | Fundaci\u00f3n Carlos Slim"},"image":{"@id":"https:\/\/accesolatino.org\/#\/schema\/logo\/image\/"},"sameAs":["https:\/\/www.facebook.com\/AccesoLatinoOrg","https:\/\/x.com\/FAccLatino"]}]}},"_links":{"self":[{"href":"https:\/\/accesolatino.org\/en\/wp-json\/wp\/v2\/pages\/14942","targetHints":{"allow":["GET"]}}],"collection":[{"href":"https:\/\/accesolatino.org\/en\/wp-json\/wp\/v2\/pages"}],"about":[{"href":"https:\/\/accesolatino.org\/en\/wp-json\/wp\/v2\/types\/page"}],"author":[{"embeddable":true,"href":"https:\/\/accesolatino.org\/en\/wp-json\/wp\/v2\/users\/7"}],"replies":[{"embeddable":true,"href":"https:\/\/accesolatino.org\/en\/wp-json\/wp\/v2\/comments?post=14942"}],"version-history":[{"count":1,"href":"https:\/\/accesolatino.org\/en\/wp-json\/wp\/v2\/pages\/14942\/revisions"}],"predecessor-version":[{"id":64251,"href":"https:\/\/accesolatino.org\/en\/wp-json\/wp\/v2\/pages\/14942\/revisions\/64251"}],"wp:featuredmedia":[{"embeddable":true,"href":"https:\/\/accesolatino.org\/en\/wp-json\/wp\/v2\/media\/14943"}],"wp:attachment":[{"href":"https:\/\/accesolatino.org\/en\/wp-json\/wp\/v2\/media?parent=14942"}],"curies":[{"name":"wp","href":"https:\/\/api.w.org\/{rel}","templated":true}]}}