{"id":14928,"date":"2018-10-01T12:06:39","date_gmt":"2018-10-01T17:06:39","guid":{"rendered":"https:\/\/accesolatino.org\/?page_id=14928"},"modified":"2025-10-17T14:12:56","modified_gmt":"2025-10-17T20:12:56","slug":"fortalece-tus-conocimientos-y-habilidades-con-la-herramienta-pruebat","status":"publish","type":"page","link":"https:\/\/accesolatino.org\/en\/fortalece-tus-conocimientos-y-habilidades-con-la-herramienta-pruebat\/","title":{"rendered":"Strengthen your knowledge and skills with the \"Pru\u00e9baT\" tool."},"content":{"rendered":"<div data-elementor-type=\"wp-post\" data-elementor-id=\"14928\" class=\"elementor elementor-14928\">\n\t\t\t\t\t\t<section class=\"elementor-section elementor-top-section elementor-element elementor-element-e99f379 elementor-section-full_width elementor-section-height-min-height elementor-section-items-stretch elementor-section-height-default wpr-particle-no wpr-jarallax-no wpr-parallax-no wpr-sticky-section-no wpr-equal-height-no\" data-id=\"e99f379\" data-element_type=\"section\" data-e-type=\"section\" data-settings=\"{&quot;background_background&quot;:&quot;classic&quot;}\">\n\t\t\t\t\t\t<div class=\"elementor-container elementor-column-gap-no\">\n\t\t\t\t\t<div class=\"elementor-column elementor-col-100 elementor-top-column elementor-element elementor-element-d5ffb6e\" data-id=\"d5ffb6e\" data-element_type=\"column\" data-e-type=\"column\">\n\t\t\t<div class=\"elementor-widget-wrap elementor-element-populated\">\n\t\t\t\t\t\t<div class=\"elementor-element elementor-element-4a6356e elementor--h-position-center elementor--v-position-middle elementor-widget elementor-widget-slides\" data-id=\"4a6356e\" data-element_type=\"widget\" data-e-type=\"widget\" data-settings=\"{&quot;navigation&quot;:&quot;none&quot;,&quot;infinite&quot;:&quot;yes&quot;,&quot;transition&quot;:&quot;slide&quot;,&quot;transition_speed&quot;:500}\" data-widget_type=\"slides.default\">\n\t\t\t\t<div class=\"elementor-widget-container\">\n\t\t\t\t\t\t\t<div class=\"elementor-swiper\">\n\t\t\t<div class=\"elementor-slides-wrapper elementor-main-swiper swiper-container\" dir=\"ltr\" data-animation=\"\">\n\t\t\t\t<div class=\"swiper-wrapper elementor-slides\">\n\t\t\t\t\t\t\t\t\t\t<div class=\"elementor-repeater-item-d983a28 swiper-slide\"><div class=\"swiper-slide-bg\"><\/div><div class=\"swiper-slide-inner\" ><div class=\"swiper-slide-contents\"><div class=\"elementor-slide-heading\">Education<\/div><\/div><\/div><\/div>\t\t\t\t<\/div>\n\t\t\t\t\t\t\t<\/div>\n\t\t<\/div>\n\t\t\t\t\t\t<\/div>\n\t\t\t\t<\/div>\n\t\t\t\t\t<\/div>\n\t\t<\/div>\n\t\t\t\t\t<\/div>\n\t\t<\/section>\n\t\t\t\t<section class=\"elementor-section elementor-top-section elementor-element elementor-element-366ca16 elementor-section-stretched elementor-section-boxed elementor-section-height-default elementor-section-height-default wpr-particle-no wpr-jarallax-no wpr-parallax-no wpr-sticky-section-no wpr-equal-height-no\" data-id=\"366ca16\" data-element_type=\"section\" data-e-type=\"section\" data-settings=\"{&quot;stretch_section&quot;:&quot;section-stretched&quot;,&quot;background_background&quot;:&quot;classic&quot;}\">\n\t\t\t\t\t\t<div class=\"elementor-container elementor-column-gap-default\">\n\t\t\t\t\t<div class=\"elementor-column elementor-col-100 elementor-top-column elementor-element elementor-element-3228298\" data-id=\"3228298\" data-element_type=\"column\" data-e-type=\"column\">\n\t\t\t<div class=\"elementor-widget-wrap elementor-element-populated\">\n\t\t\t\t\t\t<div class=\"elementor-element elementor-element-34c4de6 elementor-widget elementor-widget-heading\" data-id=\"34c4de6\" data-element_type=\"widget\" data-e-type=\"widget\" data-widget_type=\"heading.default\">\n\t\t\t\t<div class=\"elementor-widget-container\">\n\t\t\t\t\t<h3 class=\"elementor-heading-title elementor-size-default\">Strengthen your knowledge and skills with the \"Pru\u00e9baT\" tool.<\/h3>\t\t\t\t<\/div>\n\t\t\t\t<\/div>\n\t\t\t\t<div class=\"elementor-element elementor-element-c110cd8 elementor-widget elementor-widget-text-editor\" data-id=\"c110cd8\" data-element_type=\"widget\" data-e-type=\"widget\" data-widget_type=\"text-editor.default\">\n\t\t\t\t<div class=\"elementor-widget-container\">\n\t\t\t\t\t\t\t\t\t<p>T\u00fa como estudiante latinoamericano puedes continuar tus estudios y obtener certificaciones para mejorar tu calidad de vida a trav\u00e9s de los diferentes programas que tenemos para ti.<\/p><p>In our <a href=\"https:\/\/accesolatino.org\/en\/educacion\/\"><strong>\u201cEducaci\u00f3n\u201d<\/strong><\/a> encontrar\u00e1s la tarjeta de<a href=\"https:\/\/accesolatino.org\/en\/educacion\/cursos-en-linea\/\"><strong> Cursos gratis en l\u00ednea<\/strong><\/a>, con toda la informaci\u00f3n necesaria para que estudies a tu ritmo y en el tiempo que tengas disponible de manera online.<\/p><p>Practicar o adquirir nuevos conocimientos puede parecer un reto insuperable para los migrantes, por eso en nuestra tarjeta <a href=\"https:\/\/accesolatino.org\/en\/educacion\/cursos-en-linea\/\"><strong>\u201cCursos gratis en l\u00ednea\u201d<\/strong><\/a> encontrar\u00e1s nuestra herramienta <strong>\u201cPru\u00e9baT\u201d<\/strong>, para adquirir o reforzar conocimientos en razonamiento cient\u00edfico, gram\u00e1tica, matem\u00e1ticas, ortograf\u00eda y otras materias de educaci\u00f3n b\u00e1sica y media.<\/p><p><strong>En Acceso Latino tu primera ventana de consulta migratoria<\/strong>, encontrar\u00e1s herramientas que te ayudar\u00e1n en cualquier situaci\u00f3n en la que te encuentres y adem\u00e1s te ofrece cursos educativos sin costo para que puedas continuar con tu educaci\u00f3n.<\/p>\t\t\t\t\t\t\t\t<\/div>\n\t\t\t\t<\/div>\n\t\t\t\t<div class=\"elementor-element elementor-element-fe17d01 elementor-widget elementor-widget-spacer\" data-id=\"fe17d01\" data-element_type=\"widget\" data-e-type=\"widget\" data-widget_type=\"spacer.default\">\n\t\t\t\t<div class=\"elementor-widget-container\">\n\t\t\t\t\t\t\t<div class=\"elementor-spacer\">\n\t\t\t<div class=\"elementor-spacer-inner\"><\/div>\n\t\t<\/div>\n\t\t\t\t\t\t<\/div>\n\t\t\t\t<\/div>\n\t\t\t\t\t<\/div>\n\t\t<\/div>\n\t\t\t\t\t<\/div>\n\t\t<\/section>\n\t\t\t\t<\/div>","protected":false},"excerpt":{"rendered":"<p>Educaci\u00f3n Fortalece tus conocimientos y habilidades con la herramienta \u201cPru\u00e9baT\u201d T\u00fa como estudiante latinoamericano puedes continuar tus estudios y obtener certificaciones para mejorar tu calidad de vida a trav\u00e9s de los diferentes programas que tenemos para ti. En nuestra secci\u00f3n de \u201cEducaci\u00f3n\u201d encontrar\u00e1s la tarjeta de Cursos gratis en l\u00ednea, con toda la informaci\u00f3n necesaria para que estudies a tu ritmo y en el tiempo que tengas disponible de manera online. Practicar o adquirir nuevos conocimientos puede parecer un reto insuperable para los migrantes, por eso en nuestra tarjeta \u201cCursos gratis en l\u00ednea\u201d encontrar\u00e1s nuestra herramienta \u201cPru\u00e9baT\u201d, para adquirir o reforzar conocimientos en razonamiento cient\u00edfico, gram\u00e1tica, matem\u00e1ticas, ortograf\u00eda y otras materias de educaci\u00f3n b\u00e1sica y media. En Acceso Latino tu primera ventana de consulta migratoria, encontrar\u00e1s herramientas que te ayudar\u00e1n en cualquier situaci\u00f3n en la que te encuentres y adem\u00e1s te ofrece cursos educativos sin costo para que puedas continuar con tu educaci\u00f3n.<\/p>","protected":false},"author":7,"featured_media":14929,"parent":0,"menu_order":0,"comment_status":"closed","ping_status":"closed","template":"elementor_header_footer","meta":{"_uf_show_specific_survey":0,"_uf_disable_surveys":false,"footnotes":""},"class_list":["post-14928","page","type-page","status-publish","has-post-thumbnail"],"aioseo_notices":[],"yoast_head":"<!-- This site is optimized with the Yoast SEO plugin v27.5 - https:\/\/yoast.com\/product\/yoast-seo-wordpress\/ -->\n<title>Fortalece tus conocimientos y habilidades con la herramienta \u201cPru\u00e9baT\u201d<\/title>\n<meta name=\"description\" content=\"Fortalece tus conocimientos y habilidades con la herramienta \u201cPru\u00e9baT\u201d T\u00fa como estudiante latinoamericano puedes continuar tus estudios...\" \/>\n<meta name=\"robots\" content=\"index, follow, max-snippet:-1, max-image-preview:large, max-video-preview:-1\" \/>\n<link rel=\"canonical\" href=\"https:\/\/accesolatino.org\/en\/fortalece-tus-conocimientos-y-habilidades-con-la-herramienta-pruebat\/\" \/>\n<meta property=\"og:locale\" content=\"en_US\" \/>\n<meta property=\"og:type\" content=\"article\" \/>\n<meta property=\"og:title\" content=\"Acceso Latino | Fortalece tus conocimientos y habilidades con la herramienta \u201cPru\u00e9baT\u201d\" \/>\n<meta property=\"og:description\" content=\"T\u00fa como estudiante latinoamericano puedes continuar tus estudios y obtener certificaciones para mejorar tu calidad de vida\" \/>\n<meta property=\"og:url\" content=\"https:\/\/accesolatino.org\/en\/fortalece-tus-conocimientos-y-habilidades-con-la-herramienta-pruebat\/\" \/>\n<meta property=\"og:site_name\" content=\"Acceso Latino\" \/>\n<meta property=\"article:publisher\" content=\"https:\/\/www.facebook.com\/AccesoLatinoOrg\" \/>\n<meta property=\"article:modified_time\" content=\"2025-10-17T20:12:56+00:00\" \/>\n<meta property=\"og:image\" content=\"https:\/\/accesolatino.org\/wp-content\/uploads\/2018\/10\/Fortalece-tus-conocimientos-y-habilidades-con-la-herramienta-PruebaT.jpg\" \/>\n\t<meta property=\"og:image:width\" content=\"600\" \/>\n\t<meta property=\"og:image:height\" content=\"338\" \/>\n\t<meta property=\"og:image:type\" content=\"image\/jpeg\" \/>\n<meta name=\"twitter:card\" content=\"summary_large_image\" \/>\n<meta name=\"twitter:title\" content=\"Acceso Latino | Fortalece tus conocimientos y habilidades con la herramienta \u201cPru\u00e9baT\u201d\" \/>\n<meta name=\"twitter:description\" content=\"T\u00fa como estudiante latinoamericano puedes continuar tus estudios y obtener certificaciones para mejorar tu calidad de vida\" \/>\n<meta name=\"twitter:image\" content=\"https:\/\/accesolatino.org\/wp-content\/uploads\/2018\/10\/Fortalece-tus-conocimientos-y-habilidades-con-la-herramienta-PruebaT.jpg\" \/>\n<meta name=\"twitter:site\" content=\"@FAccLatino\" \/>\n<meta name=\"twitter:label1\" content=\"Est. reading time\" \/>\n\t<meta name=\"twitter:data1\" content=\"1 minute\" \/>\n<script type=\"application\/ld+json\" class=\"yoast-schema-graph\">{\"@context\":\"https:\\\/\\\/schema.org\",\"@graph\":[{\"@type\":\"WebPage\",\"@id\":\"https:\\\/\\\/accesolatino.org\\\/en\\\/fortalece-tus-conocimientos-y-habilidades-con-la-herramienta-pruebat\\\/\",\"url\":\"https:\\\/\\\/accesolatino.org\\\/en\\\/fortalece-tus-conocimientos-y-habilidades-con-la-herramienta-pruebat\\\/\",\"name\":\"Fortalece tus conocimientos y habilidades con la herramienta \u201cPru\u00e9baT\u201d\",\"isPartOf\":{\"@id\":\"https:\\\/\\\/accesolatino.org\\\/#website\"},\"primaryImageOfPage\":{\"@id\":\"https:\\\/\\\/accesolatino.org\\\/en\\\/fortalece-tus-conocimientos-y-habilidades-con-la-herramienta-pruebat\\\/#primaryimage\"},\"image\":{\"@id\":\"https:\\\/\\\/accesolatino.org\\\/en\\\/fortalece-tus-conocimientos-y-habilidades-con-la-herramienta-pruebat\\\/#primaryimage\"},\"thumbnailUrl\":\"https:\\\/\\\/accesolatino.org\\\/wp-content\\\/uploads\\\/2018\\\/10\\\/Fortalece-tus-conocimientos-y-habilidades-con-la-herramienta-PruebaT.jpg\",\"datePublished\":\"2018-10-01T17:06:39+00:00\",\"dateModified\":\"2025-10-17T20:12:56+00:00\",\"description\":\"Fortalece tus conocimientos y habilidades con la herramienta \u201cPru\u00e9baT\u201d T\u00fa como estudiante latinoamericano puedes continuar tus estudios...\",\"breadcrumb\":{\"@id\":\"https:\\\/\\\/accesolatino.org\\\/en\\\/fortalece-tus-conocimientos-y-habilidades-con-la-herramienta-pruebat\\\/#breadcrumb\"},\"inLanguage\":\"en-US\",\"potentialAction\":[{\"@type\":\"ReadAction\",\"target\":[\"https:\\\/\\\/accesolatino.org\\\/en\\\/fortalece-tus-conocimientos-y-habilidades-con-la-herramienta-pruebat\\\/\"]}]},{\"@type\":\"ImageObject\",\"inLanguage\":\"en-US\",\"@id\":\"https:\\\/\\\/accesolatino.org\\\/en\\\/fortalece-tus-conocimientos-y-habilidades-con-la-herramienta-pruebat\\\/#primaryimage\",\"url\":\"https:\\\/\\\/accesolatino.org\\\/wp-content\\\/uploads\\\/2018\\\/10\\\/Fortalece-tus-conocimientos-y-habilidades-con-la-herramienta-PruebaT.jpg\",\"contentUrl\":\"https:\\\/\\\/accesolatino.org\\\/wp-content\\\/uploads\\\/2018\\\/10\\\/Fortalece-tus-conocimientos-y-habilidades-con-la-herramienta-PruebaT.jpg\",\"width\":600,\"height\":338,\"caption\":\"prueba-t\"},{\"@type\":\"BreadcrumbList\",\"@id\":\"https:\\\/\\\/accesolatino.org\\\/en\\\/fortalece-tus-conocimientos-y-habilidades-con-la-herramienta-pruebat\\\/#breadcrumb\",\"itemListElement\":[{\"@type\":\"ListItem\",\"position\":1,\"name\":\"Portada\",\"item\":\"https:\\\/\\\/accesolatino.org\\\/\"},{\"@type\":\"ListItem\",\"position\":2,\"name\":\"Fortalece tus conocimientos y habilidades con la herramienta \u201cPru\u00e9baT\u201d\"}]},{\"@type\":\"WebSite\",\"@id\":\"https:\\\/\\\/accesolatino.org\\\/#website\",\"url\":\"https:\\\/\\\/accesolatino.org\\\/\",\"name\":\"Acceso Latino | Fundaci\u00f3n Carlos Slim\",\"description\":\"Fundaci\u00f3n Carlos Slim\",\"publisher\":{\"@id\":\"https:\\\/\\\/accesolatino.org\\\/#organization\"},\"potentialAction\":[{\"@type\":\"SearchAction\",\"target\":{\"@type\":\"EntryPoint\",\"urlTemplate\":\"https:\\\/\\\/accesolatino.org\\\/?s={search_term_string}\"},\"query-input\":{\"@type\":\"PropertyValueSpecification\",\"valueRequired\":true,\"valueName\":\"search_term_string\"}}],\"inLanguage\":\"en-US\"},{\"@type\":\"Organization\",\"@id\":\"https:\\\/\\\/accesolatino.org\\\/#organization\",\"name\":\"Acceso Latino | Fundaci\u00f3n Carlos Slim\",\"url\":\"https:\\\/\\\/accesolatino.org\\\/\",\"logo\":{\"@type\":\"ImageObject\",\"inLanguage\":\"en-US\",\"@id\":\"https:\\\/\\\/accesolatino.org\\\/#\\\/schema\\\/logo\\\/image\\\/\",\"url\":\"https:\\\/\\\/accesolatino.org\\\/wp-content\\\/uploads\\\/2021\\\/02\\\/logo-footer-acceso-latino.png\",\"contentUrl\":\"https:\\\/\\\/accesolatino.org\\\/wp-content\\\/uploads\\\/2021\\\/02\\\/logo-footer-acceso-latino.png\",\"width\":240,\"height\":40,\"caption\":\"Acceso Latino | Fundaci\u00f3n Carlos Slim\"},\"image\":{\"@id\":\"https:\\\/\\\/accesolatino.org\\\/#\\\/schema\\\/logo\\\/image\\\/\"},\"sameAs\":[\"https:\\\/\\\/www.facebook.com\\\/AccesoLatinoOrg\",\"https:\\\/\\\/x.com\\\/FAccLatino\"]}]}<\/script>\n<!-- \/ Yoast SEO plugin. -->","yoast_head_json":{"title":"Strengthen your knowledge and skills with the \"Pru\u00e9baT\" tool.","description":"Fortalece tus conocimientos y habilidades con la herramienta \u201cPru\u00e9baT\u201d T\u00fa como estudiante latinoamericano puedes continuar tus estudios...","robots":{"index":"index","follow":"follow","max-snippet":"max-snippet:-1","max-image-preview":"max-image-preview:large","max-video-preview":"max-video-preview:-1"},"canonical":"https:\/\/accesolatino.org\/en\/fortalece-tus-conocimientos-y-habilidades-con-la-herramienta-pruebat\/","og_locale":"en_US","og_type":"article","og_title":"Acceso Latino | Fortalece tus conocimientos y habilidades con la herramienta \u201cPru\u00e9baT\u201d","og_description":"T\u00fa como estudiante latinoamericano puedes continuar tus estudios y obtener certificaciones para mejorar tu calidad de vida","og_url":"https:\/\/accesolatino.org\/en\/fortalece-tus-conocimientos-y-habilidades-con-la-herramienta-pruebat\/","og_site_name":"Acceso Latino","article_publisher":"https:\/\/www.facebook.com\/AccesoLatinoOrg","article_modified_time":"2025-10-17T20:12:56+00:00","og_image":[{"width":600,"height":338,"url":"https:\/\/accesolatino.org\/wp-content\/uploads\/2018\/10\/Fortalece-tus-conocimientos-y-habilidades-con-la-herramienta-PruebaT.jpg","type":"image\/jpeg"}],"twitter_card":"summary_large_image","twitter_title":"Acceso Latino | Fortalece tus conocimientos y habilidades con la herramienta \u201cPru\u00e9baT\u201d","twitter_description":"T\u00fa como estudiante latinoamericano puedes continuar tus estudios y obtener certificaciones para mejorar tu calidad de vida","twitter_image":"https:\/\/accesolatino.org\/wp-content\/uploads\/2018\/10\/Fortalece-tus-conocimientos-y-habilidades-con-la-herramienta-PruebaT.jpg","twitter_site":"@FAccLatino","twitter_misc":{"Est. reading time":"1 minute"},"schema":{"@context":"https:\/\/schema.org","@graph":[{"@type":"WebPage","@id":"https:\/\/accesolatino.org\/en\/fortalece-tus-conocimientos-y-habilidades-con-la-herramienta-pruebat\/","url":"https:\/\/accesolatino.org\/en\/fortalece-tus-conocimientos-y-habilidades-con-la-herramienta-pruebat\/","name":"Strengthen your knowledge and skills with the \"Pru\u00e9baT\" tool.","isPartOf":{"@id":"https:\/\/accesolatino.org\/#website"},"primaryImageOfPage":{"@id":"https:\/\/accesolatino.org\/en\/fortalece-tus-conocimientos-y-habilidades-con-la-herramienta-pruebat\/#primaryimage"},"image":{"@id":"https:\/\/accesolatino.org\/en\/fortalece-tus-conocimientos-y-habilidades-con-la-herramienta-pruebat\/#primaryimage"},"thumbnailUrl":"https:\/\/accesolatino.org\/wp-content\/uploads\/2018\/10\/Fortalece-tus-conocimientos-y-habilidades-con-la-herramienta-PruebaT.jpg","datePublished":"2018-10-01T17:06:39+00:00","dateModified":"2025-10-17T20:12:56+00:00","description":"Fortalece tus conocimientos y habilidades con la herramienta \u201cPru\u00e9baT\u201d T\u00fa como estudiante latinoamericano puedes continuar tus estudios...","breadcrumb":{"@id":"https:\/\/accesolatino.org\/en\/fortalece-tus-conocimientos-y-habilidades-con-la-herramienta-pruebat\/#breadcrumb"},"inLanguage":"en-US","potentialAction":[{"@type":"ReadAction","target":["https:\/\/accesolatino.org\/en\/fortalece-tus-conocimientos-y-habilidades-con-la-herramienta-pruebat\/"]}]},{"@type":"ImageObject","inLanguage":"en-US","@id":"https:\/\/accesolatino.org\/en\/fortalece-tus-conocimientos-y-habilidades-con-la-herramienta-pruebat\/#primaryimage","url":"https:\/\/accesolatino.org\/wp-content\/uploads\/2018\/10\/Fortalece-tus-conocimientos-y-habilidades-con-la-herramienta-PruebaT.jpg","contentUrl":"https:\/\/accesolatino.org\/wp-content\/uploads\/2018\/10\/Fortalece-tus-conocimientos-y-habilidades-con-la-herramienta-PruebaT.jpg","width":600,"height":338,"caption":"prueba-t"},{"@type":"BreadcrumbList","@id":"https:\/\/accesolatino.org\/en\/fortalece-tus-conocimientos-y-habilidades-con-la-herramienta-pruebat\/#breadcrumb","itemListElement":[{"@type":"ListItem","position":1,"name":"Portada","item":"https:\/\/accesolatino.org\/"},{"@type":"ListItem","position":2,"name":"Fortalece tus conocimientos y habilidades con la herramienta \u201cPru\u00e9baT\u201d"}]},{"@type":"WebSite","@id":"https:\/\/accesolatino.org\/#website","url":"https:\/\/accesolatino.org\/","name":"Acceso Latino | Fundaci\u00f3n Carlos Slim","description":"Fundaci\u00f3n Carlos Slim","publisher":{"@id":"https:\/\/accesolatino.org\/#organization"},"potentialAction":[{"@type":"SearchAction","target":{"@type":"EntryPoint","urlTemplate":"https:\/\/accesolatino.org\/?s={search_term_string}"},"query-input":{"@type":"PropertyValueSpecification","valueRequired":true,"valueName":"search_term_string"}}],"inLanguage":"en-US"},{"@type":"Organization","@id":"https:\/\/accesolatino.org\/#organization","name":"Acceso Latino | Fundaci\u00f3n Carlos Slim","url":"https:\/\/accesolatino.org\/","logo":{"@type":"ImageObject","inLanguage":"en-US","@id":"https:\/\/accesolatino.org\/#\/schema\/logo\/image\/","url":"https:\/\/accesolatino.org\/wp-content\/uploads\/2021\/02\/logo-footer-acceso-latino.png","contentUrl":"https:\/\/accesolatino.org\/wp-content\/uploads\/2021\/02\/logo-footer-acceso-latino.png","width":240,"height":40,"caption":"Acceso Latino | Fundaci\u00f3n Carlos Slim"},"image":{"@id":"https:\/\/accesolatino.org\/#\/schema\/logo\/image\/"},"sameAs":["https:\/\/www.facebook.com\/AccesoLatinoOrg","https:\/\/x.com\/FAccLatino"]}]}},"_links":{"self":[{"href":"https:\/\/accesolatino.org\/en\/wp-json\/wp\/v2\/pages\/14928","targetHints":{"allow":["GET"]}}],"collection":[{"href":"https:\/\/accesolatino.org\/en\/wp-json\/wp\/v2\/pages"}],"about":[{"href":"https:\/\/accesolatino.org\/en\/wp-json\/wp\/v2\/types\/page"}],"author":[{"embeddable":true,"href":"https:\/\/accesolatino.org\/en\/wp-json\/wp\/v2\/users\/7"}],"replies":[{"embeddable":true,"href":"https:\/\/accesolatino.org\/en\/wp-json\/wp\/v2\/comments?post=14928"}],"version-history":[{"count":1,"href":"https:\/\/accesolatino.org\/en\/wp-json\/wp\/v2\/pages\/14928\/revisions"}],"predecessor-version":[{"id":64221,"href":"https:\/\/accesolatino.org\/en\/wp-json\/wp\/v2\/pages\/14928\/revisions\/64221"}],"wp:featuredmedia":[{"embeddable":true,"href":"https:\/\/accesolatino.org\/en\/wp-json\/wp\/v2\/media\/14929"}],"wp:attachment":[{"href":"https:\/\/accesolatino.org\/en\/wp-json\/wp\/v2\/media?parent=14928"}],"curies":[{"name":"wp","href":"https:\/\/api.w.org\/{rel}","templated":true}]}}