{"id":14866,"date":"2018-09-25T10:02:59","date_gmt":"2018-09-25T15:02:59","guid":{"rendered":"https:\/\/accesolatino.org\/?page_id=14866"},"modified":"2025-10-16T17:45:11","modified_gmt":"2025-10-16T23:45:11","slug":"conoce-la-plataforma-para-continuar-con-tus-estudios-gratis","status":"publish","type":"page","link":"https:\/\/accesolatino.org\/en\/conoce-la-plataforma-para-continuar-con-tus-estudios-gratis\/","title":{"rendered":"Get to know the platform to continue your studies for free"},"content":{"rendered":"<div data-elementor-type=\"wp-post\" data-elementor-id=\"14866\" class=\"elementor elementor-14866\">\n\t\t\t\t\t\t<section class=\"elementor-section elementor-top-section elementor-element elementor-element-7559be0 elementor-section-full_width elementor-section-height-min-height elementor-section-items-stretch elementor-section-height-default wpr-particle-no wpr-jarallax-no wpr-parallax-no wpr-sticky-section-no wpr-equal-height-no\" data-id=\"7559be0\" data-element_type=\"section\" data-e-type=\"section\" data-settings=\"{&quot;background_background&quot;:&quot;classic&quot;}\">\n\t\t\t\t\t\t<div class=\"elementor-container elementor-column-gap-no\">\n\t\t\t\t\t<div class=\"elementor-column elementor-col-100 elementor-top-column elementor-element elementor-element-a2870e7\" data-id=\"a2870e7\" data-element_type=\"column\" data-e-type=\"column\">\n\t\t\t<div class=\"elementor-widget-wrap elementor-element-populated\">\n\t\t\t\t\t\t<div class=\"elementor-element elementor-element-6bd38b7 elementor--h-position-center elementor--v-position-middle elementor-widget elementor-widget-slides\" data-id=\"6bd38b7\" data-element_type=\"widget\" data-e-type=\"widget\" data-settings=\"{&quot;navigation&quot;:&quot;none&quot;,&quot;infinite&quot;:&quot;yes&quot;,&quot;transition&quot;:&quot;slide&quot;,&quot;transition_speed&quot;:500}\" data-widget_type=\"slides.default\">\n\t\t\t\t<div class=\"elementor-widget-container\">\n\t\t\t\t\t\t\t<div class=\"elementor-swiper\">\n\t\t\t<div class=\"elementor-slides-wrapper elementor-main-swiper swiper-container\" dir=\"ltr\" data-animation=\"\">\n\t\t\t\t<div class=\"swiper-wrapper elementor-slides\">\n\t\t\t\t\t\t\t\t\t\t<div class=\"elementor-repeater-item-d983a28 swiper-slide\"><div class=\"swiper-slide-bg\"><\/div><div class=\"swiper-slide-inner\" ><div class=\"swiper-slide-contents\"><div class=\"elementor-slide-heading\">Education<\/div><\/div><\/div><\/div>\t\t\t\t<\/div>\n\t\t\t\t\t\t\t<\/div>\n\t\t<\/div>\n\t\t\t\t\t\t<\/div>\n\t\t\t\t<\/div>\n\t\t\t\t\t<\/div>\n\t\t<\/div>\n\t\t\t\t\t<\/div>\n\t\t<\/section>\n\t\t\t\t<section class=\"elementor-section elementor-top-section elementor-element elementor-element-0623660 elementor-section-stretched elementor-section-boxed elementor-section-height-default elementor-section-height-default wpr-particle-no wpr-jarallax-no wpr-parallax-no wpr-sticky-section-no wpr-equal-height-no\" data-id=\"0623660\" data-element_type=\"section\" data-e-type=\"section\" data-settings=\"{&quot;stretch_section&quot;:&quot;section-stretched&quot;,&quot;background_background&quot;:&quot;classic&quot;}\">\n\t\t\t\t\t\t<div class=\"elementor-container elementor-column-gap-default\">\n\t\t\t\t\t<div class=\"elementor-column elementor-col-100 elementor-top-column elementor-element elementor-element-60f56b9\" data-id=\"60f56b9\" data-element_type=\"column\" data-e-type=\"column\">\n\t\t\t<div class=\"elementor-widget-wrap elementor-element-populated\">\n\t\t\t\t\t\t<div class=\"elementor-element elementor-element-31e226a elementor-widget elementor-widget-heading\" data-id=\"31e226a\" data-element_type=\"widget\" data-e-type=\"widget\" data-widget_type=\"heading.default\">\n\t\t\t\t<div class=\"elementor-widget-container\">\n\t\t\t\t\t<h3 class=\"elementor-heading-title elementor-size-default\">Get to know the platform to continue your studies for free<\/h3>\t\t\t\t<\/div>\n\t\t\t\t<\/div>\n\t\t\t\t<div class=\"elementor-element elementor-element-19dd9e9 elementor-widget elementor-widget-text-editor\" data-id=\"19dd9e9\" data-element_type=\"widget\" data-e-type=\"widget\" data-widget_type=\"text-editor.default\">\n\t\t\t\t<div class=\"elementor-widget-container\">\n\t\t\t\t\t\t\t\t\t<p>T\u00fa como estudiante latinoamericano en Estados Unidos puedes continuar tus estudios y obtener certificaciones para mejorar tu calidad de vida a trav\u00e9s de las diferentes herramientas educativas que tenemos para ti.<\/p><p>In our <a href=\"https:\/\/accesolatino.org\/en\/educacion\/\"><strong>\u201cEducaci\u00f3n\u201d<\/strong><\/a> encontrar\u00e1s la tarjeta de <a href=\"https:\/\/accesolatino.org\/en\/educacion\/cursos-en-linea\/\"><strong>Cursos gratis en l\u00ednea<\/strong><\/a>, con toda la informaci\u00f3n necesaria para que estudies a tu ritmo y en el tiempo que tengas disponible, de manera online.<\/p><p>Retomar tus estudios o adquirir nuevos conocimientos puede parecer un reto insuperable como migrante, por eso en nuestra secci\u00f3n cursos gratis en l\u00ednea encontrar\u00e1s nuestra herramienta de <strong>\u201cApp-prende\u201d<\/strong>, para ayudarte a finalizar tus estudios o mantenerte en capacitaci\u00f3n constante.<\/p><p>In <strong>\u201cApp-prende\u201d<\/strong> podr\u00e1s encontrar cursos en diversos niveles educativos: inicial, b\u00e1sico, medio y superior.<\/p><p><strong>Acceso Latino tu primera ventana de consulta migratoria<\/strong>, te proporciona herramientas en distintas \u00e1reas como <strong>salud, orientaci\u00f3n legal, orientaci\u00f3n psicol\u00f3gica, ciudadan\u00eda<\/strong> entre otras, que te ayudar\u00e1n a resolver cualquier situaci\u00f3n en la que te encuentres como migrante en Estados Unidos, ingresa a <strong>accesolatino.org<\/strong> y haz uso de ellas totalmente gratis.<\/p>\t\t\t\t\t\t\t\t<\/div>\n\t\t\t\t<\/div>\n\t\t\t\t<div class=\"elementor-element elementor-element-a90f750 elementor-widget elementor-widget-spacer\" data-id=\"a90f750\" data-element_type=\"widget\" data-e-type=\"widget\" data-widget_type=\"spacer.default\">\n\t\t\t\t<div class=\"elementor-widget-container\">\n\t\t\t\t\t\t\t<div class=\"elementor-spacer\">\n\t\t\t<div class=\"elementor-spacer-inner\"><\/div>\n\t\t<\/div>\n\t\t\t\t\t\t<\/div>\n\t\t\t\t<\/div>\n\t\t\t\t\t<\/div>\n\t\t<\/div>\n\t\t\t\t\t<\/div>\n\t\t<\/section>\n\t\t\t\t<\/div>","protected":false},"excerpt":{"rendered":"<p>Educaci\u00f3n Conoce la plataforma para continuar con tus estudios gratis T\u00fa como estudiante latinoamericano en Estados Unidos puedes continuar tus estudios y obtener certificaciones para mejorar tu calidad de vida a trav\u00e9s de las diferentes herramientas educativas que tenemos para ti. En nuestra secci\u00f3n de \u201cEducaci\u00f3n\u201d encontrar\u00e1s la tarjeta de Cursos gratis en l\u00ednea, con toda la informaci\u00f3n necesaria para que estudies a tu ritmo y en el tiempo que tengas disponible, de manera online. Retomar tus estudios o adquirir nuevos conocimientos puede parecer un reto insuperable como migrante, por eso en nuestra secci\u00f3n cursos gratis en l\u00ednea encontrar\u00e1s nuestra herramienta de \u201cApp-prende\u201d, para ayudarte a finalizar tus estudios o mantenerte en capacitaci\u00f3n constante. En \u201cApp-prende\u201d podr\u00e1s encontrar cursos en diversos niveles educativos: inicial, b\u00e1sico, medio y superior. Acceso Latino tu primera ventana de consulta migratoria, te proporciona herramientas en distintas \u00e1reas como salud, orientaci\u00f3n legal, orientaci\u00f3n psicol\u00f3gica, ciudadan\u00eda entre otras, que te ayudar\u00e1n a resolver cualquier situaci\u00f3n en la que te encuentres como migrante en Estados Unidos, ingresa a accesolatino.org y haz uso de ellas totalmente gratis.<\/p>","protected":false},"author":7,"featured_media":14881,"parent":0,"menu_order":0,"comment_status":"closed","ping_status":"closed","template":"elementor_header_footer","meta":{"_uf_show_specific_survey":0,"_uf_disable_surveys":false,"footnotes":""},"class_list":["post-14866","page","type-page","status-publish","has-post-thumbnail"],"aioseo_notices":[],"yoast_head":"<!-- This site is optimized with the Yoast SEO plugin v27.4 - https:\/\/yoast.com\/product\/yoast-seo-wordpress\/ -->\n<title>Conoce la plataforma para continuar con tus estudios gratis<\/title>\n<meta name=\"description\" content=\"Conoce la plataforma para continuar con tus estudios gratis T\u00fa como estudiante latinoamericano en Estados Unidos puedes continuar tus estudios\" \/>\n<meta name=\"robots\" content=\"index, follow, max-snippet:-1, max-image-preview:large, max-video-preview:-1\" \/>\n<link rel=\"canonical\" href=\"https:\/\/accesolatino.org\/en\/conoce-la-plataforma-para-continuar-con-tus-estudios-gratis\/\" \/>\n<meta property=\"og:locale\" content=\"en_US\" \/>\n<meta property=\"og:type\" content=\"article\" \/>\n<meta property=\"og:title\" content=\"Acceso Latino | Conoce la plataforma para continuar con tus estudios gratis\" \/>\n<meta property=\"og:description\" content=\"Conoce la plataforma para continuar con tus estudios gratis\" \/>\n<meta property=\"og:url\" content=\"https:\/\/accesolatino.org\/en\/conoce-la-plataforma-para-continuar-con-tus-estudios-gratis\/\" \/>\n<meta property=\"og:site_name\" content=\"Acceso Latino\" \/>\n<meta property=\"article:publisher\" content=\"https:\/\/www.facebook.com\/AccesoLatinoOrg\" \/>\n<meta property=\"article:modified_time\" content=\"2025-10-16T23:45:11+00:00\" \/>\n<meta property=\"og:image\" content=\"https:\/\/accesolatino.org\/wp-content\/uploads\/2018\/09\/Conoce-la-plataforma-para-continuar-con-tus-estudios-gratis.jpg\" \/>\n\t<meta property=\"og:image:width\" content=\"600\" \/>\n\t<meta property=\"og:image:height\" content=\"338\" \/>\n\t<meta property=\"og:image:type\" content=\"image\/jpeg\" \/>\n<meta name=\"twitter:card\" content=\"summary_large_image\" \/>\n<meta name=\"twitter:title\" content=\"Acceso Latino | Conoce la plataforma para continuar con tus estudios gratis\" \/>\n<meta name=\"twitter:description\" content=\"Conoce la plataforma para continuar con tus estudios gratis\" \/>\n<meta name=\"twitter:image\" content=\"https:\/\/accesolatino.org\/wp-content\/uploads\/2018\/09\/Conoce-la-plataforma-para-continuar-con-tus-estudios-gratis.jpg\" \/>\n<meta name=\"twitter:site\" content=\"@FAccLatino\" \/>\n<meta name=\"twitter:label1\" content=\"Est. reading time\" \/>\n\t<meta name=\"twitter:data1\" content=\"2 minutes\" \/>\n<script type=\"application\/ld+json\" class=\"yoast-schema-graph\">{\"@context\":\"https:\\\/\\\/schema.org\",\"@graph\":[{\"@type\":\"WebPage\",\"@id\":\"https:\\\/\\\/accesolatino.org\\\/en\\\/conoce-la-plataforma-para-continuar-con-tus-estudios-gratis\\\/\",\"url\":\"https:\\\/\\\/accesolatino.org\\\/en\\\/conoce-la-plataforma-para-continuar-con-tus-estudios-gratis\\\/\",\"name\":\"Conoce la plataforma para continuar con tus estudios gratis\",\"isPartOf\":{\"@id\":\"https:\\\/\\\/accesolatino.org\\\/#website\"},\"primaryImageOfPage\":{\"@id\":\"https:\\\/\\\/accesolatino.org\\\/en\\\/conoce-la-plataforma-para-continuar-con-tus-estudios-gratis\\\/#primaryimage\"},\"image\":{\"@id\":\"https:\\\/\\\/accesolatino.org\\\/en\\\/conoce-la-plataforma-para-continuar-con-tus-estudios-gratis\\\/#primaryimage\"},\"thumbnailUrl\":\"https:\\\/\\\/accesolatino.org\\\/wp-content\\\/uploads\\\/2018\\\/09\\\/Conoce-la-plataforma-para-continuar-con-tus-estudios-gratis.jpg\",\"datePublished\":\"2018-09-25T15:02:59+00:00\",\"dateModified\":\"2025-10-16T23:45:11+00:00\",\"description\":\"Conoce la plataforma para continuar con tus estudios gratis T\u00fa como estudiante latinoamericano en Estados Unidos puedes continuar tus estudios\",\"breadcrumb\":{\"@id\":\"https:\\\/\\\/accesolatino.org\\\/en\\\/conoce-la-plataforma-para-continuar-con-tus-estudios-gratis\\\/#breadcrumb\"},\"inLanguage\":\"en-US\",\"potentialAction\":[{\"@type\":\"ReadAction\",\"target\":[\"https:\\\/\\\/accesolatino.org\\\/en\\\/conoce-la-plataforma-para-continuar-con-tus-estudios-gratis\\\/\"]}]},{\"@type\":\"ImageObject\",\"inLanguage\":\"en-US\",\"@id\":\"https:\\\/\\\/accesolatino.org\\\/en\\\/conoce-la-plataforma-para-continuar-con-tus-estudios-gratis\\\/#primaryimage\",\"url\":\"https:\\\/\\\/accesolatino.org\\\/wp-content\\\/uploads\\\/2018\\\/09\\\/Conoce-la-plataforma-para-continuar-con-tus-estudios-gratis.jpg\",\"contentUrl\":\"https:\\\/\\\/accesolatino.org\\\/wp-content\\\/uploads\\\/2018\\\/09\\\/Conoce-la-plataforma-para-continuar-con-tus-estudios-gratis.jpg\",\"width\":600,\"height\":338,\"caption\":\"plataforma educativa\"},{\"@type\":\"BreadcrumbList\",\"@id\":\"https:\\\/\\\/accesolatino.org\\\/en\\\/conoce-la-plataforma-para-continuar-con-tus-estudios-gratis\\\/#breadcrumb\",\"itemListElement\":[{\"@type\":\"ListItem\",\"position\":1,\"name\":\"Portada\",\"item\":\"https:\\\/\\\/accesolatino.org\\\/\"},{\"@type\":\"ListItem\",\"position\":2,\"name\":\"Conoce la plataforma para continuar con tus estudios gratis\"}]},{\"@type\":\"WebSite\",\"@id\":\"https:\\\/\\\/accesolatino.org\\\/#website\",\"url\":\"https:\\\/\\\/accesolatino.org\\\/\",\"name\":\"Acceso Latino | Fundaci\u00f3n Carlos Slim\",\"description\":\"Fundaci\u00f3n Carlos Slim\",\"publisher\":{\"@id\":\"https:\\\/\\\/accesolatino.org\\\/#organization\"},\"potentialAction\":[{\"@type\":\"SearchAction\",\"target\":{\"@type\":\"EntryPoint\",\"urlTemplate\":\"https:\\\/\\\/accesolatino.org\\\/?s={search_term_string}\"},\"query-input\":{\"@type\":\"PropertyValueSpecification\",\"valueRequired\":true,\"valueName\":\"search_term_string\"}}],\"inLanguage\":\"en-US\"},{\"@type\":\"Organization\",\"@id\":\"https:\\\/\\\/accesolatino.org\\\/#organization\",\"name\":\"Acceso Latino | Fundaci\u00f3n Carlos Slim\",\"url\":\"https:\\\/\\\/accesolatino.org\\\/\",\"logo\":{\"@type\":\"ImageObject\",\"inLanguage\":\"en-US\",\"@id\":\"https:\\\/\\\/accesolatino.org\\\/#\\\/schema\\\/logo\\\/image\\\/\",\"url\":\"https:\\\/\\\/accesolatino.org\\\/wp-content\\\/uploads\\\/2021\\\/02\\\/logo-footer-acceso-latino.png\",\"contentUrl\":\"https:\\\/\\\/accesolatino.org\\\/wp-content\\\/uploads\\\/2021\\\/02\\\/logo-footer-acceso-latino.png\",\"width\":240,\"height\":40,\"caption\":\"Acceso Latino | Fundaci\u00f3n Carlos Slim\"},\"image\":{\"@id\":\"https:\\\/\\\/accesolatino.org\\\/#\\\/schema\\\/logo\\\/image\\\/\"},\"sameAs\":[\"https:\\\/\\\/www.facebook.com\\\/AccesoLatinoOrg\",\"https:\\\/\\\/x.com\\\/FAccLatino\"]}]}<\/script>\n<!-- \/ Yoast SEO plugin. -->","yoast_head_json":{"title":"Get to know the platform to continue your studies for free","description":"Conoce la plataforma para continuar con tus estudios gratis T\u00fa como estudiante latinoamericano en Estados Unidos puedes continuar tus estudios","robots":{"index":"index","follow":"follow","max-snippet":"max-snippet:-1","max-image-preview":"max-image-preview:large","max-video-preview":"max-video-preview:-1"},"canonical":"https:\/\/accesolatino.org\/en\/conoce-la-plataforma-para-continuar-con-tus-estudios-gratis\/","og_locale":"en_US","og_type":"article","og_title":"Acceso Latino | Conoce la plataforma para continuar con tus estudios gratis","og_description":"Conoce la plataforma para continuar con tus estudios gratis","og_url":"https:\/\/accesolatino.org\/en\/conoce-la-plataforma-para-continuar-con-tus-estudios-gratis\/","og_site_name":"Acceso Latino","article_publisher":"https:\/\/www.facebook.com\/AccesoLatinoOrg","article_modified_time":"2025-10-16T23:45:11+00:00","og_image":[{"width":600,"height":338,"url":"https:\/\/accesolatino.org\/wp-content\/uploads\/2018\/09\/Conoce-la-plataforma-para-continuar-con-tus-estudios-gratis.jpg","type":"image\/jpeg"}],"twitter_card":"summary_large_image","twitter_title":"Acceso Latino | Conoce la plataforma para continuar con tus estudios gratis","twitter_description":"Conoce la plataforma para continuar con tus estudios gratis","twitter_image":"https:\/\/accesolatino.org\/wp-content\/uploads\/2018\/09\/Conoce-la-plataforma-para-continuar-con-tus-estudios-gratis.jpg","twitter_site":"@FAccLatino","twitter_misc":{"Est. reading time":"2 minutes"},"schema":{"@context":"https:\/\/schema.org","@graph":[{"@type":"WebPage","@id":"https:\/\/accesolatino.org\/en\/conoce-la-plataforma-para-continuar-con-tus-estudios-gratis\/","url":"https:\/\/accesolatino.org\/en\/conoce-la-plataforma-para-continuar-con-tus-estudios-gratis\/","name":"Get to know the platform to continue your studies for free","isPartOf":{"@id":"https:\/\/accesolatino.org\/#website"},"primaryImageOfPage":{"@id":"https:\/\/accesolatino.org\/en\/conoce-la-plataforma-para-continuar-con-tus-estudios-gratis\/#primaryimage"},"image":{"@id":"https:\/\/accesolatino.org\/en\/conoce-la-plataforma-para-continuar-con-tus-estudios-gratis\/#primaryimage"},"thumbnailUrl":"https:\/\/accesolatino.org\/wp-content\/uploads\/2018\/09\/Conoce-la-plataforma-para-continuar-con-tus-estudios-gratis.jpg","datePublished":"2018-09-25T15:02:59+00:00","dateModified":"2025-10-16T23:45:11+00:00","description":"Conoce la plataforma para continuar con tus estudios gratis T\u00fa como estudiante latinoamericano en Estados Unidos puedes continuar tus estudios","breadcrumb":{"@id":"https:\/\/accesolatino.org\/en\/conoce-la-plataforma-para-continuar-con-tus-estudios-gratis\/#breadcrumb"},"inLanguage":"en-US","potentialAction":[{"@type":"ReadAction","target":["https:\/\/accesolatino.org\/en\/conoce-la-plataforma-para-continuar-con-tus-estudios-gratis\/"]}]},{"@type":"ImageObject","inLanguage":"en-US","@id":"https:\/\/accesolatino.org\/en\/conoce-la-plataforma-para-continuar-con-tus-estudios-gratis\/#primaryimage","url":"https:\/\/accesolatino.org\/wp-content\/uploads\/2018\/09\/Conoce-la-plataforma-para-continuar-con-tus-estudios-gratis.jpg","contentUrl":"https:\/\/accesolatino.org\/wp-content\/uploads\/2018\/09\/Conoce-la-plataforma-para-continuar-con-tus-estudios-gratis.jpg","width":600,"height":338,"caption":"plataforma educativa"},{"@type":"BreadcrumbList","@id":"https:\/\/accesolatino.org\/en\/conoce-la-plataforma-para-continuar-con-tus-estudios-gratis\/#breadcrumb","itemListElement":[{"@type":"ListItem","position":1,"name":"Portada","item":"https:\/\/accesolatino.org\/"},{"@type":"ListItem","position":2,"name":"Conoce la plataforma para continuar con tus estudios gratis"}]},{"@type":"WebSite","@id":"https:\/\/accesolatino.org\/#website","url":"https:\/\/accesolatino.org\/","name":"Acceso Latino | Fundaci\u00f3n Carlos Slim","description":"Fundaci\u00f3n Carlos Slim","publisher":{"@id":"https:\/\/accesolatino.org\/#organization"},"potentialAction":[{"@type":"SearchAction","target":{"@type":"EntryPoint","urlTemplate":"https:\/\/accesolatino.org\/?s={search_term_string}"},"query-input":{"@type":"PropertyValueSpecification","valueRequired":true,"valueName":"search_term_string"}}],"inLanguage":"en-US"},{"@type":"Organization","@id":"https:\/\/accesolatino.org\/#organization","name":"Acceso Latino | Fundaci\u00f3n Carlos Slim","url":"https:\/\/accesolatino.org\/","logo":{"@type":"ImageObject","inLanguage":"en-US","@id":"https:\/\/accesolatino.org\/#\/schema\/logo\/image\/","url":"https:\/\/accesolatino.org\/wp-content\/uploads\/2021\/02\/logo-footer-acceso-latino.png","contentUrl":"https:\/\/accesolatino.org\/wp-content\/uploads\/2021\/02\/logo-footer-acceso-latino.png","width":240,"height":40,"caption":"Acceso Latino | Fundaci\u00f3n Carlos Slim"},"image":{"@id":"https:\/\/accesolatino.org\/#\/schema\/logo\/image\/"},"sameAs":["https:\/\/www.facebook.com\/AccesoLatinoOrg","https:\/\/x.com\/FAccLatino"]}]}},"_links":{"self":[{"href":"https:\/\/accesolatino.org\/en\/wp-json\/wp\/v2\/pages\/14866","targetHints":{"allow":["GET"]}}],"collection":[{"href":"https:\/\/accesolatino.org\/en\/wp-json\/wp\/v2\/pages"}],"about":[{"href":"https:\/\/accesolatino.org\/en\/wp-json\/wp\/v2\/types\/page"}],"author":[{"embeddable":true,"href":"https:\/\/accesolatino.org\/en\/wp-json\/wp\/v2\/users\/7"}],"replies":[{"embeddable":true,"href":"https:\/\/accesolatino.org\/en\/wp-json\/wp\/v2\/comments?post=14866"}],"version-history":[{"count":1,"href":"https:\/\/accesolatino.org\/en\/wp-json\/wp\/v2\/pages\/14866\/revisions"}],"predecessor-version":[{"id":64180,"href":"https:\/\/accesolatino.org\/en\/wp-json\/wp\/v2\/pages\/14866\/revisions\/64180"}],"wp:featuredmedia":[{"embeddable":true,"href":"https:\/\/accesolatino.org\/en\/wp-json\/wp\/v2\/media\/14881"}],"wp:attachment":[{"href":"https:\/\/accesolatino.org\/en\/wp-json\/wp\/v2\/media?parent=14866"}],"curies":[{"name":"wp","href":"https:\/\/api.w.org\/{rel}","templated":true}]}}