{"id":14845,"date":"2018-09-21T10:09:50","date_gmt":"2018-09-21T15:09:50","guid":{"rendered":"https:\/\/accesolatino.org\/?page_id=14845"},"modified":"2025-10-16T19:06:47","modified_gmt":"2025-10-17T01:06:47","slug":"cursa-diplomados-y-maestrias-de-las-mejores-universidades-en-linea-y-gratis","status":"publish","type":"page","link":"https:\/\/accesolatino.org\/en\/cursa-diplomados-y-maestrias-de-las-mejores-universidades-en-linea-y-gratis\/","title":{"rendered":"Cursa diplomados y maestr\u00edas de las mejores universidades en l\u00ednea y gratis"},"content":{"rendered":"<div data-elementor-type=\"wp-post\" data-elementor-id=\"14845\" class=\"elementor elementor-14845\">\n\t\t\t\t\t\t<section class=\"elementor-section elementor-top-section elementor-element elementor-element-0eb9bbc elementor-section-full_width elementor-section-height-min-height elementor-section-items-stretch elementor-section-height-default wpr-particle-no wpr-jarallax-no wpr-parallax-no wpr-sticky-section-no wpr-equal-height-no\" data-id=\"0eb9bbc\" data-element_type=\"section\" data-e-type=\"section\" data-settings=\"{&quot;background_background&quot;:&quot;classic&quot;}\">\n\t\t\t\t\t\t<div class=\"elementor-container elementor-column-gap-no\">\n\t\t\t\t\t<div class=\"elementor-column elementor-col-100 elementor-top-column elementor-element elementor-element-b71d035\" data-id=\"b71d035\" data-element_type=\"column\" data-e-type=\"column\">\n\t\t\t<div class=\"elementor-widget-wrap elementor-element-populated\">\n\t\t\t\t\t\t<div class=\"elementor-element elementor-element-fae8e08 elementor--h-position-center elementor--v-position-middle elementor-widget elementor-widget-slides\" data-id=\"fae8e08\" data-element_type=\"widget\" data-e-type=\"widget\" data-settings=\"{&quot;navigation&quot;:&quot;none&quot;,&quot;infinite&quot;:&quot;yes&quot;,&quot;transition&quot;:&quot;slide&quot;,&quot;transition_speed&quot;:500}\" data-widget_type=\"slides.default\">\n\t\t\t\t<div class=\"elementor-widget-container\">\n\t\t\t\t\t\t\t<div class=\"elementor-swiper\">\n\t\t\t<div class=\"elementor-slides-wrapper elementor-main-swiper swiper-container\" dir=\"ltr\" data-animation=\"\">\n\t\t\t\t<div class=\"swiper-wrapper elementor-slides\">\n\t\t\t\t\t\t\t\t\t\t<div class=\"elementor-repeater-item-d983a28 swiper-slide\"><div class=\"swiper-slide-bg\"><\/div><div class=\"swiper-slide-inner\" ><div class=\"swiper-slide-contents\"><div class=\"elementor-slide-heading\">Education<\/div><\/div><\/div><\/div>\t\t\t\t<\/div>\n\t\t\t\t\t\t\t<\/div>\n\t\t<\/div>\n\t\t\t\t\t\t<\/div>\n\t\t\t\t<\/div>\n\t\t\t\t\t<\/div>\n\t\t<\/div>\n\t\t\t\t\t<\/div>\n\t\t<\/section>\n\t\t\t\t<section class=\"elementor-section elementor-top-section elementor-element elementor-element-a1bbc81 elementor-section-stretched elementor-section-boxed elementor-section-height-default elementor-section-height-default wpr-particle-no wpr-jarallax-no wpr-parallax-no wpr-sticky-section-no wpr-equal-height-no\" data-id=\"a1bbc81\" data-element_type=\"section\" data-e-type=\"section\" data-settings=\"{&quot;stretch_section&quot;:&quot;section-stretched&quot;,&quot;background_background&quot;:&quot;classic&quot;}\">\n\t\t\t\t\t\t<div class=\"elementor-container elementor-column-gap-default\">\n\t\t\t\t\t<div class=\"elementor-column elementor-col-100 elementor-top-column elementor-element elementor-element-75af9ce\" data-id=\"75af9ce\" data-element_type=\"column\" data-e-type=\"column\">\n\t\t\t<div class=\"elementor-widget-wrap elementor-element-populated\">\n\t\t\t\t\t\t<div class=\"elementor-element elementor-element-9d4a709 elementor-widget elementor-widget-heading\" data-id=\"9d4a709\" data-element_type=\"widget\" data-e-type=\"widget\" data-widget_type=\"heading.default\">\n\t\t\t\t<div class=\"elementor-widget-container\">\n\t\t\t\t\t<h3 class=\"elementor-heading-title elementor-size-default\">Cursa diplomados y maestr\u00edas de las mejores universidades en l\u00ednea y gratis<\/h3>\t\t\t\t<\/div>\n\t\t\t\t<\/div>\n\t\t\t\t<div class=\"elementor-element elementor-element-c3061e5 elementor-widget elementor-widget-text-editor\" data-id=\"c3061e5\" data-element_type=\"widget\" data-e-type=\"widget\" data-widget_type=\"text-editor.default\">\n\t\t\t\t<div class=\"elementor-widget-container\">\n\t\t\t\t\t\t\t\t\t<p>Los altos costos de las matr\u00edculas escolares ya no son un obst\u00e1culo para continuar con tus estudios en Estados Unidos.<\/p><p>In <strong>Acceso Latino<\/strong> te brindamos herramientas para que puedas seguir estudiando a cualquier nivel. En la secci\u00f3n de <a href=\"https:\/\/accesolatino.org\/en\/educacion\/\"><strong>\u201cEducaci\u00f3n\u201d<\/strong><\/a> encontrar\u00e1s nuestra herramienta <a href=\"https:\/\/accesolatino.org\/en\/educacion\/cursos-en-linea\/\"><strong>\u201cCursos gratis en l\u00ednea\u201d<\/strong><\/a>.<\/p><p>En dicha herramienta encontrar\u00e1s distintas plataformas educativas en l\u00ednea y gratis. <strong>Coursera<\/strong> es la opci\u00f3n si est\u00e1s en busca de diplomados y maestr\u00edas en asignaturas de artes y humanidades, negocios, matem\u00e1ticas y l\u00f3gica, ciencias sociales y dem\u00e1s impartidos por las mejores universidades a nivel mundial.<\/p><p>Como esta herramienta, tenemos otras en diversos temas que te podr\u00e1n ayudar a completar tu preparaci\u00f3n acad\u00e9mica en EUA y M\u00e9xico.<\/p>\t\t\t\t\t\t\t\t<\/div>\n\t\t\t\t<\/div>\n\t\t\t\t<div class=\"elementor-element elementor-element-27e93ef elementor-widget elementor-widget-spacer\" data-id=\"27e93ef\" data-element_type=\"widget\" data-e-type=\"widget\" data-widget_type=\"spacer.default\">\n\t\t\t\t<div class=\"elementor-widget-container\">\n\t\t\t\t\t\t\t<div class=\"elementor-spacer\">\n\t\t\t<div class=\"elementor-spacer-inner\"><\/div>\n\t\t<\/div>\n\t\t\t\t\t\t<\/div>\n\t\t\t\t<\/div>\n\t\t\t\t\t<\/div>\n\t\t<\/div>\n\t\t\t\t\t<\/div>\n\t\t<\/section>\n\t\t\t\t<\/div>","protected":false},"excerpt":{"rendered":"<p>Educaci\u00f3n Cursa diplomados y maestr\u00edas de las mejores universidades en l\u00ednea y gratis Los altos costos de las matr\u00edculas escolares ya no son un obst\u00e1culo para continuar con tus estudios en Estados Unidos. En Acceso Latino te brindamos herramientas para que puedas seguir estudiando a cualquier nivel. En la secci\u00f3n de \u201cEducaci\u00f3n\u201d encontrar\u00e1s nuestra herramienta \u201cCursos gratis en l\u00ednea\u201d. En dicha herramienta encontrar\u00e1s distintas plataformas educativas en l\u00ednea y gratis. Coursera es la opci\u00f3n si est\u00e1s en busca de diplomados y maestr\u00edas en asignaturas de artes y humanidades, negocios, matem\u00e1ticas y l\u00f3gica, ciencias sociales y dem\u00e1s impartidos por las mejores universidades a nivel mundial. Como esta herramienta, tenemos otras en diversos temas que te podr\u00e1n ayudar a completar tu preparaci\u00f3n acad\u00e9mica en EUA y M\u00e9xico.<\/p>","protected":false},"author":7,"featured_media":14846,"parent":0,"menu_order":0,"comment_status":"closed","ping_status":"closed","template":"elementor_header_footer","meta":{"_uf_show_specific_survey":0,"_uf_disable_surveys":false,"footnotes":""},"class_list":["post-14845","page","type-page","status-publish","has-post-thumbnail"],"aioseo_notices":[],"yoast_head":"<!-- This site is optimized with the Yoast SEO plugin v27.5 - https:\/\/yoast.com\/product\/yoast-seo-wordpress\/ -->\n<title>Cursa diplomados y maestr\u00edas de las mejores universidades en l\u00ednea y gratis<\/title>\n<meta name=\"description\" content=\"Cursa diplomados y maestr\u00edas de las mejores universidades en l\u00ednea y gratis Los costos de las matr\u00edculas escolares ya no son obst\u00e1culo...\" \/>\n<meta name=\"robots\" content=\"index, follow, max-snippet:-1, max-image-preview:large, max-video-preview:-1\" \/>\n<link rel=\"canonical\" href=\"https:\/\/accesolatino.org\/en\/cursa-diplomados-y-maestrias-de-las-mejores-universidades-en-linea-y-gratis\/\" \/>\n<meta property=\"og:locale\" content=\"en_US\" \/>\n<meta property=\"og:type\" content=\"article\" \/>\n<meta property=\"og:title\" content=\"Acceso Latino | Cursa diplomados y maestr\u00edas de las mejores universidades en l\u00ednea y gratis\" \/>\n<meta property=\"og:description\" content=\"Cursa diplomados y maestr\u00edas de las mejores universidades en l\u00ednea y gratis\" \/>\n<meta property=\"og:url\" content=\"https:\/\/accesolatino.org\/en\/cursa-diplomados-y-maestrias-de-las-mejores-universidades-en-linea-y-gratis\/\" \/>\n<meta property=\"og:site_name\" content=\"Acceso Latino\" \/>\n<meta property=\"article:publisher\" content=\"https:\/\/www.facebook.com\/AccesoLatinoOrg\" \/>\n<meta property=\"article:modified_time\" content=\"2025-10-17T01:06:47+00:00\" \/>\n<meta property=\"og:image\" content=\"https:\/\/accesolatino.org\/wp-content\/uploads\/2018\/09\/Cursa-diplomados-y-maestrias-de-las-mejores-universidades-en-linea-y-gratis.jpg\" \/>\n\t<meta property=\"og:image:width\" content=\"600\" \/>\n\t<meta property=\"og:image:height\" content=\"338\" \/>\n\t<meta property=\"og:image:type\" content=\"image\/jpeg\" \/>\n<meta name=\"twitter:card\" content=\"summary_large_image\" \/>\n<meta name=\"twitter:title\" content=\"Acceso Latino | Cursa diplomados y maestr\u00edas de las mejores universidades en l\u00ednea y gratis\" \/>\n<meta name=\"twitter:description\" content=\"Cursa diplomados y maestr\u00edas de las mejores universidades en l\u00ednea y gratis\" \/>\n<meta name=\"twitter:image\" content=\"https:\/\/accesolatino.org\/wp-content\/uploads\/2018\/09\/Cursa-diplomados-y-maestrias-de-las-mejores-universidades-en-linea-y-gratis.jpg\" \/>\n<meta name=\"twitter:site\" content=\"@FAccLatino\" \/>\n<meta name=\"twitter:label1\" content=\"Est. reading time\" \/>\n\t<meta name=\"twitter:data1\" content=\"1 minute\" \/>\n<script type=\"application\/ld+json\" class=\"yoast-schema-graph\">{\"@context\":\"https:\\\/\\\/schema.org\",\"@graph\":[{\"@type\":\"WebPage\",\"@id\":\"https:\\\/\\\/accesolatino.org\\\/cursa-diplomados-y-maestrias-de-las-mejores-universidades-en-linea-y-gratis\\\/\",\"url\":\"https:\\\/\\\/accesolatino.org\\\/cursa-diplomados-y-maestrias-de-las-mejores-universidades-en-linea-y-gratis\\\/\",\"name\":\"Cursa diplomados y maestr\u00edas de las mejores universidades en l\u00ednea y gratis\",\"isPartOf\":{\"@id\":\"https:\\\/\\\/accesolatino.org\\\/#website\"},\"primaryImageOfPage\":{\"@id\":\"https:\\\/\\\/accesolatino.org\\\/cursa-diplomados-y-maestrias-de-las-mejores-universidades-en-linea-y-gratis\\\/#primaryimage\"},\"image\":{\"@id\":\"https:\\\/\\\/accesolatino.org\\\/cursa-diplomados-y-maestrias-de-las-mejores-universidades-en-linea-y-gratis\\\/#primaryimage\"},\"thumbnailUrl\":\"https:\\\/\\\/accesolatino.org\\\/wp-content\\\/uploads\\\/2018\\\/09\\\/Cursa-diplomados-y-maestrias-de-las-mejores-universidades-en-linea-y-gratis.jpg\",\"datePublished\":\"2018-09-21T15:09:50+00:00\",\"dateModified\":\"2025-10-17T01:06:47+00:00\",\"description\":\"Cursa diplomados y maestr\u00edas de las mejores universidades en l\u00ednea y gratis Los costos de las matr\u00edculas escolares ya no son obst\u00e1culo...\",\"breadcrumb\":{\"@id\":\"https:\\\/\\\/accesolatino.org\\\/cursa-diplomados-y-maestrias-de-las-mejores-universidades-en-linea-y-gratis\\\/#breadcrumb\"},\"inLanguage\":\"en-US\",\"potentialAction\":[{\"@type\":\"ReadAction\",\"target\":[\"https:\\\/\\\/accesolatino.org\\\/cursa-diplomados-y-maestrias-de-las-mejores-universidades-en-linea-y-gratis\\\/\"]}]},{\"@type\":\"ImageObject\",\"inLanguage\":\"en-US\",\"@id\":\"https:\\\/\\\/accesolatino.org\\\/cursa-diplomados-y-maestrias-de-las-mejores-universidades-en-linea-y-gratis\\\/#primaryimage\",\"url\":\"https:\\\/\\\/accesolatino.org\\\/wp-content\\\/uploads\\\/2018\\\/09\\\/Cursa-diplomados-y-maestrias-de-las-mejores-universidades-en-linea-y-gratis.jpg\",\"contentUrl\":\"https:\\\/\\\/accesolatino.org\\\/wp-content\\\/uploads\\\/2018\\\/09\\\/Cursa-diplomados-y-maestrias-de-las-mejores-universidades-en-linea-y-gratis.jpg\",\"width\":600,\"height\":338,\"caption\":\"cursos\"},{\"@type\":\"BreadcrumbList\",\"@id\":\"https:\\\/\\\/accesolatino.org\\\/cursa-diplomados-y-maestrias-de-las-mejores-universidades-en-linea-y-gratis\\\/#breadcrumb\",\"itemListElement\":[{\"@type\":\"ListItem\",\"position\":1,\"name\":\"Portada\",\"item\":\"https:\\\/\\\/accesolatino.org\\\/\"},{\"@type\":\"ListItem\",\"position\":2,\"name\":\"Cursa diplomados y maestr\u00edas de las mejores universidades en l\u00ednea y gratis\"}]},{\"@type\":\"WebSite\",\"@id\":\"https:\\\/\\\/accesolatino.org\\\/#website\",\"url\":\"https:\\\/\\\/accesolatino.org\\\/\",\"name\":\"Acceso Latino | Fundaci\u00f3n Carlos Slim\",\"description\":\"Fundaci\u00f3n Carlos Slim\",\"publisher\":{\"@id\":\"https:\\\/\\\/accesolatino.org\\\/#organization\"},\"potentialAction\":[{\"@type\":\"SearchAction\",\"target\":{\"@type\":\"EntryPoint\",\"urlTemplate\":\"https:\\\/\\\/accesolatino.org\\\/?s={search_term_string}\"},\"query-input\":{\"@type\":\"PropertyValueSpecification\",\"valueRequired\":true,\"valueName\":\"search_term_string\"}}],\"inLanguage\":\"en-US\"},{\"@type\":\"Organization\",\"@id\":\"https:\\\/\\\/accesolatino.org\\\/#organization\",\"name\":\"Acceso Latino | Fundaci\u00f3n Carlos Slim\",\"url\":\"https:\\\/\\\/accesolatino.org\\\/\",\"logo\":{\"@type\":\"ImageObject\",\"inLanguage\":\"en-US\",\"@id\":\"https:\\\/\\\/accesolatino.org\\\/#\\\/schema\\\/logo\\\/image\\\/\",\"url\":\"https:\\\/\\\/accesolatino.org\\\/wp-content\\\/uploads\\\/2021\\\/02\\\/logo-footer-acceso-latino.png\",\"contentUrl\":\"https:\\\/\\\/accesolatino.org\\\/wp-content\\\/uploads\\\/2021\\\/02\\\/logo-footer-acceso-latino.png\",\"width\":240,\"height\":40,\"caption\":\"Acceso Latino | Fundaci\u00f3n Carlos Slim\"},\"image\":{\"@id\":\"https:\\\/\\\/accesolatino.org\\\/#\\\/schema\\\/logo\\\/image\\\/\"},\"sameAs\":[\"https:\\\/\\\/www.facebook.com\\\/AccesoLatinoOrg\",\"https:\\\/\\\/x.com\\\/FAccLatino\"]}]}<\/script>\n<!-- \/ Yoast SEO plugin. -->","yoast_head_json":{"title":"Cursa diplomados y maestr\u00edas de las mejores universidades en l\u00ednea y gratis","description":"Cursa diplomados y maestr\u00edas de las mejores universidades en l\u00ednea y gratis Los costos de las matr\u00edculas escolares ya no son obst\u00e1culo...","robots":{"index":"index","follow":"follow","max-snippet":"max-snippet:-1","max-image-preview":"max-image-preview:large","max-video-preview":"max-video-preview:-1"},"canonical":"https:\/\/accesolatino.org\/en\/cursa-diplomados-y-maestrias-de-las-mejores-universidades-en-linea-y-gratis\/","og_locale":"en_US","og_type":"article","og_title":"Acceso Latino | Cursa diplomados y maestr\u00edas de las mejores universidades en l\u00ednea y gratis","og_description":"Cursa diplomados y maestr\u00edas de las mejores universidades en l\u00ednea y gratis","og_url":"https:\/\/accesolatino.org\/en\/cursa-diplomados-y-maestrias-de-las-mejores-universidades-en-linea-y-gratis\/","og_site_name":"Acceso Latino","article_publisher":"https:\/\/www.facebook.com\/AccesoLatinoOrg","article_modified_time":"2025-10-17T01:06:47+00:00","og_image":[{"width":600,"height":338,"url":"https:\/\/accesolatino.org\/wp-content\/uploads\/2018\/09\/Cursa-diplomados-y-maestrias-de-las-mejores-universidades-en-linea-y-gratis.jpg","type":"image\/jpeg"}],"twitter_card":"summary_large_image","twitter_title":"Acceso Latino | Cursa diplomados y maestr\u00edas de las mejores universidades en l\u00ednea y gratis","twitter_description":"Cursa diplomados y maestr\u00edas de las mejores universidades en l\u00ednea y gratis","twitter_image":"https:\/\/accesolatino.org\/wp-content\/uploads\/2018\/09\/Cursa-diplomados-y-maestrias-de-las-mejores-universidades-en-linea-y-gratis.jpg","twitter_site":"@FAccLatino","twitter_misc":{"Est. reading time":"1 minute"},"schema":{"@context":"https:\/\/schema.org","@graph":[{"@type":"WebPage","@id":"https:\/\/accesolatino.org\/cursa-diplomados-y-maestrias-de-las-mejores-universidades-en-linea-y-gratis\/","url":"https:\/\/accesolatino.org\/cursa-diplomados-y-maestrias-de-las-mejores-universidades-en-linea-y-gratis\/","name":"Cursa diplomados y maestr\u00edas de las mejores universidades en l\u00ednea y gratis","isPartOf":{"@id":"https:\/\/accesolatino.org\/#website"},"primaryImageOfPage":{"@id":"https:\/\/accesolatino.org\/cursa-diplomados-y-maestrias-de-las-mejores-universidades-en-linea-y-gratis\/#primaryimage"},"image":{"@id":"https:\/\/accesolatino.org\/cursa-diplomados-y-maestrias-de-las-mejores-universidades-en-linea-y-gratis\/#primaryimage"},"thumbnailUrl":"https:\/\/accesolatino.org\/wp-content\/uploads\/2018\/09\/Cursa-diplomados-y-maestrias-de-las-mejores-universidades-en-linea-y-gratis.jpg","datePublished":"2018-09-21T15:09:50+00:00","dateModified":"2025-10-17T01:06:47+00:00","description":"Cursa diplomados y maestr\u00edas de las mejores universidades en l\u00ednea y gratis Los costos de las matr\u00edculas escolares ya no son obst\u00e1culo...","breadcrumb":{"@id":"https:\/\/accesolatino.org\/cursa-diplomados-y-maestrias-de-las-mejores-universidades-en-linea-y-gratis\/#breadcrumb"},"inLanguage":"en-US","potentialAction":[{"@type":"ReadAction","target":["https:\/\/accesolatino.org\/cursa-diplomados-y-maestrias-de-las-mejores-universidades-en-linea-y-gratis\/"]}]},{"@type":"ImageObject","inLanguage":"en-US","@id":"https:\/\/accesolatino.org\/cursa-diplomados-y-maestrias-de-las-mejores-universidades-en-linea-y-gratis\/#primaryimage","url":"https:\/\/accesolatino.org\/wp-content\/uploads\/2018\/09\/Cursa-diplomados-y-maestrias-de-las-mejores-universidades-en-linea-y-gratis.jpg","contentUrl":"https:\/\/accesolatino.org\/wp-content\/uploads\/2018\/09\/Cursa-diplomados-y-maestrias-de-las-mejores-universidades-en-linea-y-gratis.jpg","width":600,"height":338,"caption":"cursos"},{"@type":"BreadcrumbList","@id":"https:\/\/accesolatino.org\/cursa-diplomados-y-maestrias-de-las-mejores-universidades-en-linea-y-gratis\/#breadcrumb","itemListElement":[{"@type":"ListItem","position":1,"name":"Portada","item":"https:\/\/accesolatino.org\/"},{"@type":"ListItem","position":2,"name":"Cursa diplomados y maestr\u00edas de las mejores universidades en l\u00ednea y gratis"}]},{"@type":"WebSite","@id":"https:\/\/accesolatino.org\/#website","url":"https:\/\/accesolatino.org\/","name":"Acceso Latino | Fundaci\u00f3n Carlos Slim","description":"Fundaci\u00f3n Carlos Slim","publisher":{"@id":"https:\/\/accesolatino.org\/#organization"},"potentialAction":[{"@type":"SearchAction","target":{"@type":"EntryPoint","urlTemplate":"https:\/\/accesolatino.org\/?s={search_term_string}"},"query-input":{"@type":"PropertyValueSpecification","valueRequired":true,"valueName":"search_term_string"}}],"inLanguage":"en-US"},{"@type":"Organization","@id":"https:\/\/accesolatino.org\/#organization","name":"Acceso Latino | Fundaci\u00f3n Carlos Slim","url":"https:\/\/accesolatino.org\/","logo":{"@type":"ImageObject","inLanguage":"en-US","@id":"https:\/\/accesolatino.org\/#\/schema\/logo\/image\/","url":"https:\/\/accesolatino.org\/wp-content\/uploads\/2021\/02\/logo-footer-acceso-latino.png","contentUrl":"https:\/\/accesolatino.org\/wp-content\/uploads\/2021\/02\/logo-footer-acceso-latino.png","width":240,"height":40,"caption":"Acceso Latino | Fundaci\u00f3n Carlos Slim"},"image":{"@id":"https:\/\/accesolatino.org\/#\/schema\/logo\/image\/"},"sameAs":["https:\/\/www.facebook.com\/AccesoLatinoOrg","https:\/\/x.com\/FAccLatino"]}]}},"_links":{"self":[{"href":"https:\/\/accesolatino.org\/en\/wp-json\/wp\/v2\/pages\/14845","targetHints":{"allow":["GET"]}}],"collection":[{"href":"https:\/\/accesolatino.org\/en\/wp-json\/wp\/v2\/pages"}],"about":[{"href":"https:\/\/accesolatino.org\/en\/wp-json\/wp\/v2\/types\/page"}],"author":[{"embeddable":true,"href":"https:\/\/accesolatino.org\/en\/wp-json\/wp\/v2\/users\/7"}],"replies":[{"embeddable":true,"href":"https:\/\/accesolatino.org\/en\/wp-json\/wp\/v2\/comments?post=14845"}],"version-history":[{"count":1,"href":"https:\/\/accesolatino.org\/en\/wp-json\/wp\/v2\/pages\/14845\/revisions"}],"predecessor-version":[{"id":64192,"href":"https:\/\/accesolatino.org\/en\/wp-json\/wp\/v2\/pages\/14845\/revisions\/64192"}],"wp:featuredmedia":[{"embeddable":true,"href":"https:\/\/accesolatino.org\/en\/wp-json\/wp\/v2\/media\/14846"}],"wp:attachment":[{"href":"https:\/\/accesolatino.org\/en\/wp-json\/wp\/v2\/media?parent=14845"}],"curies":[{"name":"wp","href":"https:\/\/api.w.org\/{rel}","templated":true}]}}