{"id":14810,"date":"2018-09-17T13:24:03","date_gmt":"2018-09-17T18:24:03","guid":{"rendered":"https:\/\/accesolatino.org\/?page_id=14810"},"modified":"2025-10-16T18:05:58","modified_gmt":"2025-10-17T00:05:58","slug":"continua-tus-estudios-a-traves-de-plataformas-online","status":"publish","type":"page","link":"https:\/\/accesolatino.org\/en\/continua-tus-estudios-a-traves-de-plataformas-online\/","title":{"rendered":"Contin\u00faa tus estudios a trav\u00e9s de plataformas online"},"content":{"rendered":"<div data-elementor-type=\"wp-post\" data-elementor-id=\"14810\" class=\"elementor elementor-14810\">\n\t\t\t\t\t\t<section class=\"elementor-section elementor-top-section elementor-element elementor-element-75ee846 elementor-section-full_width elementor-section-height-min-height elementor-section-items-stretch elementor-section-height-default wpr-particle-no wpr-jarallax-no wpr-parallax-no wpr-sticky-section-no wpr-equal-height-no\" data-id=\"75ee846\" data-element_type=\"section\" data-e-type=\"section\" data-settings=\"{&quot;background_background&quot;:&quot;classic&quot;}\">\n\t\t\t\t\t\t<div class=\"elementor-container elementor-column-gap-no\">\n\t\t\t\t\t<div class=\"elementor-column elementor-col-100 elementor-top-column elementor-element elementor-element-afb766d\" data-id=\"afb766d\" data-element_type=\"column\" data-e-type=\"column\">\n\t\t\t<div class=\"elementor-widget-wrap elementor-element-populated\">\n\t\t\t\t\t\t<div class=\"elementor-element elementor-element-3ce79fc elementor--h-position-center elementor--v-position-middle elementor-widget elementor-widget-slides\" data-id=\"3ce79fc\" data-element_type=\"widget\" data-e-type=\"widget\" data-settings=\"{&quot;navigation&quot;:&quot;none&quot;,&quot;infinite&quot;:&quot;yes&quot;,&quot;transition&quot;:&quot;slide&quot;,&quot;transition_speed&quot;:500}\" data-widget_type=\"slides.default\">\n\t\t\t\t<div class=\"elementor-widget-container\">\n\t\t\t\t\t\t\t<div class=\"elementor-swiper\">\n\t\t\t<div class=\"elementor-slides-wrapper elementor-main-swiper swiper-container\" dir=\"ltr\" data-animation=\"\">\n\t\t\t\t<div class=\"swiper-wrapper elementor-slides\">\n\t\t\t\t\t\t\t\t\t\t<div class=\"elementor-repeater-item-d983a28 swiper-slide\"><div class=\"swiper-slide-bg\"><\/div><div class=\"swiper-slide-inner\" ><div class=\"swiper-slide-contents\"><div class=\"elementor-slide-heading\">Education<\/div><\/div><\/div><\/div>\t\t\t\t<\/div>\n\t\t\t\t\t\t\t<\/div>\n\t\t<\/div>\n\t\t\t\t\t\t<\/div>\n\t\t\t\t<\/div>\n\t\t\t\t\t<\/div>\n\t\t<\/div>\n\t\t\t\t\t<\/div>\n\t\t<\/section>\n\t\t\t\t<section class=\"elementor-section elementor-top-section elementor-element elementor-element-3bd9a39 elementor-section-stretched elementor-section-boxed elementor-section-height-default elementor-section-height-default wpr-particle-no wpr-jarallax-no wpr-parallax-no wpr-sticky-section-no wpr-equal-height-no\" data-id=\"3bd9a39\" data-element_type=\"section\" data-e-type=\"section\" data-settings=\"{&quot;stretch_section&quot;:&quot;section-stretched&quot;,&quot;background_background&quot;:&quot;classic&quot;}\">\n\t\t\t\t\t\t<div class=\"elementor-container elementor-column-gap-default\">\n\t\t\t\t\t<div class=\"elementor-column elementor-col-100 elementor-top-column elementor-element elementor-element-a52ced2\" data-id=\"a52ced2\" data-element_type=\"column\" data-e-type=\"column\">\n\t\t\t<div class=\"elementor-widget-wrap elementor-element-populated\">\n\t\t\t\t\t\t<div class=\"elementor-element elementor-element-30bad75 elementor-widget elementor-widget-heading\" data-id=\"30bad75\" data-element_type=\"widget\" data-e-type=\"widget\" data-widget_type=\"heading.default\">\n\t\t\t\t<div class=\"elementor-widget-container\">\n\t\t\t\t\t<h3 class=\"elementor-heading-title elementor-size-default\">Contin\u00faa tus estudios a trav\u00e9s de plataformas online<\/h3>\t\t\t\t<\/div>\n\t\t\t\t<\/div>\n\t\t\t\t<div class=\"elementor-element elementor-element-6019cde elementor-widget elementor-widget-text-editor\" data-id=\"6019cde\" data-element_type=\"widget\" data-e-type=\"widget\" data-widget_type=\"text-editor.default\">\n\t\t\t\t<div class=\"elementor-widget-container\">\n\t\t\t\t\t\t\t\t\t<p>En nuestro portal de accesolatino.org encontrar\u00e1s herramientas e informaci\u00f3n \u00fatil que ofrecen los gobiernos u organizaciones para mejorar la calidad de vida de los latinos y de sus familias que radican en Estados Unidos.<\/p><p>Contamos con la secci\u00f3n <a href=\"https:\/\/accesolatino.org\/en\/educacion\/\"><strong>\u201cEducaci\u00f3n\u201d<\/strong> <\/a>donde descubrir\u00e1s distintas herramientas gratuitas que te ofrecen la oportunidad de retomar o continuar tus estudios en los colegios de Estados Unidos o a trav\u00e9s de plataformas online.<\/p><p>Si no cuentas con los medios suficientes para pagar la matr\u00edcula de un colegio en Estados Unidos, o bien buscas retomar poco a poco tus estudios despu\u00e9s de un tiempo de no hacerlo te recomendamos entrar a la tarjeta <strong>\u201cCursos gratis en l\u00ednea\u201d<\/strong>. En dicha tarjeta encontrar\u00e1s distintas plataformas online donde podr\u00e1s continuar tus estudios con <strong>cursos de las mejores universidades del mundo<\/strong>, <strong>aprender ingl\u00e9s a tu propio ritmo<\/strong>, <strong>tomar clases de computaci\u00f3n<\/strong> entre otras materias.<\/p><p>Encuentra \u00e9sta y m\u00e1s herramientas en <strong>Acceso Latino, your first immigration consultation window.<\/strong><\/p>\t\t\t\t\t\t\t\t<\/div>\n\t\t\t\t<\/div>\n\t\t\t\t<div class=\"elementor-element elementor-element-c04c9f2 elementor-widget elementor-widget-spacer\" data-id=\"c04c9f2\" data-element_type=\"widget\" data-e-type=\"widget\" data-widget_type=\"spacer.default\">\n\t\t\t\t<div class=\"elementor-widget-container\">\n\t\t\t\t\t\t\t<div class=\"elementor-spacer\">\n\t\t\t<div class=\"elementor-spacer-inner\"><\/div>\n\t\t<\/div>\n\t\t\t\t\t\t<\/div>\n\t\t\t\t<\/div>\n\t\t\t\t\t<\/div>\n\t\t<\/div>\n\t\t\t\t\t<\/div>\n\t\t<\/section>\n\t\t\t\t<\/div>","protected":false},"excerpt":{"rendered":"<p>Educaci\u00f3n Contin\u00faa tus estudios a trav\u00e9s de plataformas online En nuestro portal de accesolatino.org encontrar\u00e1s herramientas e informaci\u00f3n \u00fatil que ofrecen los gobiernos u organizaciones para mejorar la calidad de vida de los latinos y de sus familias que radican en Estados Unidos. Contamos con la secci\u00f3n \u201cEducaci\u00f3n\u201d donde descubrir\u00e1s distintas herramientas gratuitas que te ofrecen la oportunidad de retomar o continuar tus estudios en los colegios de Estados Unidos o a trav\u00e9s de plataformas online. Si no cuentas con los medios suficientes para pagar la matr\u00edcula de un colegio en Estados Unidos, o bien buscas retomar poco a poco tus estudios despu\u00e9s de un tiempo de no hacerlo te recomendamos entrar a la tarjeta \u201cCursos gratis en l\u00ednea\u201d. En dicha tarjeta encontrar\u00e1s distintas plataformas online donde podr\u00e1s continuar tus estudios con cursos de las mejores universidades del mundo, aprender ingl\u00e9s a tu propio ritmo, tomar clases de computaci\u00f3n entre otras materias. Encuentra \u00e9sta y m\u00e1s herramientas en Acceso Latino, tu primera ventana de consulta migratoria.<\/p>","protected":false},"author":7,"featured_media":14811,"parent":0,"menu_order":0,"comment_status":"closed","ping_status":"closed","template":"elementor_header_footer","meta":{"_uf_show_specific_survey":0,"_uf_disable_surveys":false,"footnotes":""},"class_list":["post-14810","page","type-page","status-publish","has-post-thumbnail"],"aioseo_notices":[],"yoast_head":"<!-- This site is optimized with the Yoast SEO plugin v27.5 - https:\/\/yoast.com\/product\/yoast-seo-wordpress\/ -->\n<title>Contin\u00faa tus estudios a trav\u00e9s de plataformas online<\/title>\n<meta name=\"description\" content=\"Educaci\u00f3n Contin\u00faa tus estudios a trav\u00e9s de plataformas online En nuestro portal de accesolatino.org encontrar\u00e1s herramientas...\" \/>\n<meta name=\"robots\" content=\"index, follow, max-snippet:-1, max-image-preview:large, max-video-preview:-1\" \/>\n<link rel=\"canonical\" href=\"https:\/\/accesolatino.org\/en\/continua-tus-estudios-a-traves-de-plataformas-online\/\" \/>\n<meta property=\"og:locale\" content=\"en_US\" \/>\n<meta property=\"og:type\" content=\"article\" \/>\n<meta property=\"og:title\" content=\"Acceso Latino | Contin\u00faa tus estudios a trav\u00e9s de plataformas online\" \/>\n<meta property=\"og:description\" content=\"Conoce la documentaci\u00f3n requerida para tramitar una licencia en cada uno de los estados de USA\" \/>\n<meta property=\"og:url\" content=\"https:\/\/accesolatino.org\/en\/continua-tus-estudios-a-traves-de-plataformas-online\/\" \/>\n<meta property=\"og:site_name\" content=\"Acceso Latino\" \/>\n<meta property=\"article:publisher\" content=\"https:\/\/www.facebook.com\/AccesoLatinoOrg\" \/>\n<meta property=\"article:modified_time\" content=\"2025-10-17T00:05:58+00:00\" \/>\n<meta property=\"og:image\" content=\"https:\/\/accesolatino.org\/wp-content\/uploads\/2018\/09\/Continua-tus-estudios-a-traves-de-plataformas-online.jpg\" \/>\n\t<meta property=\"og:image:width\" content=\"600\" \/>\n\t<meta property=\"og:image:height\" content=\"338\" \/>\n\t<meta property=\"og:image:type\" content=\"image\/jpeg\" \/>\n<meta name=\"twitter:card\" content=\"summary_large_image\" \/>\n<meta name=\"twitter:title\" content=\"Acceso Latino | Contin\u00faa tus estudios a trav\u00e9s de plataformas online\" \/>\n<meta name=\"twitter:description\" content=\"Conoce la documentaci\u00f3n requerida para tramitar una licencia en cada uno de los estados de USA\" \/>\n<meta name=\"twitter:image\" content=\"https:\/\/accesolatino.org\/wp-content\/uploads\/2018\/09\/Continua-tus-estudios-a-traves-de-plataformas-online.jpg\" \/>\n<meta name=\"twitter:site\" content=\"@FAccLatino\" \/>\n<meta name=\"twitter:label1\" content=\"Est. reading time\" \/>\n\t<meta name=\"twitter:data1\" content=\"1 minute\" \/>\n<script type=\"application\/ld+json\" class=\"yoast-schema-graph\">{\"@context\":\"https:\\\/\\\/schema.org\",\"@graph\":[{\"@type\":\"WebPage\",\"@id\":\"https:\\\/\\\/accesolatino.org\\\/continua-tus-estudios-a-traves-de-plataformas-online\\\/\",\"url\":\"https:\\\/\\\/accesolatino.org\\\/continua-tus-estudios-a-traves-de-plataformas-online\\\/\",\"name\":\"Contin\u00faa tus estudios a trav\u00e9s de plataformas online\",\"isPartOf\":{\"@id\":\"https:\\\/\\\/accesolatino.org\\\/#website\"},\"primaryImageOfPage\":{\"@id\":\"https:\\\/\\\/accesolatino.org\\\/continua-tus-estudios-a-traves-de-plataformas-online\\\/#primaryimage\"},\"image\":{\"@id\":\"https:\\\/\\\/accesolatino.org\\\/continua-tus-estudios-a-traves-de-plataformas-online\\\/#primaryimage\"},\"thumbnailUrl\":\"https:\\\/\\\/accesolatino.org\\\/wp-content\\\/uploads\\\/2018\\\/09\\\/Continua-tus-estudios-a-traves-de-plataformas-online.jpg\",\"datePublished\":\"2018-09-17T18:24:03+00:00\",\"dateModified\":\"2025-10-17T00:05:58+00:00\",\"description\":\"Educaci\u00f3n Contin\u00faa tus estudios a trav\u00e9s de plataformas online En nuestro portal de accesolatino.org encontrar\u00e1s herramientas...\",\"breadcrumb\":{\"@id\":\"https:\\\/\\\/accesolatino.org\\\/continua-tus-estudios-a-traves-de-plataformas-online\\\/#breadcrumb\"},\"inLanguage\":\"en-US\",\"potentialAction\":[{\"@type\":\"ReadAction\",\"target\":[\"https:\\\/\\\/accesolatino.org\\\/continua-tus-estudios-a-traves-de-plataformas-online\\\/\"]}]},{\"@type\":\"ImageObject\",\"inLanguage\":\"en-US\",\"@id\":\"https:\\\/\\\/accesolatino.org\\\/continua-tus-estudios-a-traves-de-plataformas-online\\\/#primaryimage\",\"url\":\"https:\\\/\\\/accesolatino.org\\\/wp-content\\\/uploads\\\/2018\\\/09\\\/Continua-tus-estudios-a-traves-de-plataformas-online.jpg\",\"contentUrl\":\"https:\\\/\\\/accesolatino.org\\\/wp-content\\\/uploads\\\/2018\\\/09\\\/Continua-tus-estudios-a-traves-de-plataformas-online.jpg\",\"width\":600,\"height\":338,\"caption\":\"cursos en l\u00ednea\"},{\"@type\":\"BreadcrumbList\",\"@id\":\"https:\\\/\\\/accesolatino.org\\\/continua-tus-estudios-a-traves-de-plataformas-online\\\/#breadcrumb\",\"itemListElement\":[{\"@type\":\"ListItem\",\"position\":1,\"name\":\"Portada\",\"item\":\"https:\\\/\\\/accesolatino.org\\\/\"},{\"@type\":\"ListItem\",\"position\":2,\"name\":\"Contin\u00faa tus estudios a trav\u00e9s de plataformas online\"}]},{\"@type\":\"WebSite\",\"@id\":\"https:\\\/\\\/accesolatino.org\\\/#website\",\"url\":\"https:\\\/\\\/accesolatino.org\\\/\",\"name\":\"Acceso Latino | Fundaci\u00f3n Carlos Slim\",\"description\":\"Fundaci\u00f3n Carlos Slim\",\"publisher\":{\"@id\":\"https:\\\/\\\/accesolatino.org\\\/#organization\"},\"potentialAction\":[{\"@type\":\"SearchAction\",\"target\":{\"@type\":\"EntryPoint\",\"urlTemplate\":\"https:\\\/\\\/accesolatino.org\\\/?s={search_term_string}\"},\"query-input\":{\"@type\":\"PropertyValueSpecification\",\"valueRequired\":true,\"valueName\":\"search_term_string\"}}],\"inLanguage\":\"en-US\"},{\"@type\":\"Organization\",\"@id\":\"https:\\\/\\\/accesolatino.org\\\/#organization\",\"name\":\"Acceso Latino | Fundaci\u00f3n Carlos Slim\",\"url\":\"https:\\\/\\\/accesolatino.org\\\/\",\"logo\":{\"@type\":\"ImageObject\",\"inLanguage\":\"en-US\",\"@id\":\"https:\\\/\\\/accesolatino.org\\\/#\\\/schema\\\/logo\\\/image\\\/\",\"url\":\"https:\\\/\\\/accesolatino.org\\\/wp-content\\\/uploads\\\/2021\\\/02\\\/logo-footer-acceso-latino.png\",\"contentUrl\":\"https:\\\/\\\/accesolatino.org\\\/wp-content\\\/uploads\\\/2021\\\/02\\\/logo-footer-acceso-latino.png\",\"width\":240,\"height\":40,\"caption\":\"Acceso Latino | Fundaci\u00f3n Carlos Slim\"},\"image\":{\"@id\":\"https:\\\/\\\/accesolatino.org\\\/#\\\/schema\\\/logo\\\/image\\\/\"},\"sameAs\":[\"https:\\\/\\\/www.facebook.com\\\/AccesoLatinoOrg\",\"https:\\\/\\\/x.com\\\/FAccLatino\"]}]}<\/script>\n<!-- \/ Yoast SEO plugin. -->","yoast_head_json":{"title":"Contin\u00faa tus estudios a trav\u00e9s de plataformas online","description":"Educaci\u00f3n Contin\u00faa tus estudios a trav\u00e9s de plataformas online En nuestro portal de accesolatino.org encontrar\u00e1s herramientas...","robots":{"index":"index","follow":"follow","max-snippet":"max-snippet:-1","max-image-preview":"max-image-preview:large","max-video-preview":"max-video-preview:-1"},"canonical":"https:\/\/accesolatino.org\/en\/continua-tus-estudios-a-traves-de-plataformas-online\/","og_locale":"en_US","og_type":"article","og_title":"Acceso Latino | Contin\u00faa tus estudios a trav\u00e9s de plataformas online","og_description":"Conoce la documentaci\u00f3n requerida para tramitar una licencia en cada uno de los estados de USA","og_url":"https:\/\/accesolatino.org\/en\/continua-tus-estudios-a-traves-de-plataformas-online\/","og_site_name":"Acceso Latino","article_publisher":"https:\/\/www.facebook.com\/AccesoLatinoOrg","article_modified_time":"2025-10-17T00:05:58+00:00","og_image":[{"width":600,"height":338,"url":"https:\/\/accesolatino.org\/wp-content\/uploads\/2018\/09\/Continua-tus-estudios-a-traves-de-plataformas-online.jpg","type":"image\/jpeg"}],"twitter_card":"summary_large_image","twitter_title":"Acceso Latino | Contin\u00faa tus estudios a trav\u00e9s de plataformas online","twitter_description":"Conoce la documentaci\u00f3n requerida para tramitar una licencia en cada uno de los estados de USA","twitter_image":"https:\/\/accesolatino.org\/wp-content\/uploads\/2018\/09\/Continua-tus-estudios-a-traves-de-plataformas-online.jpg","twitter_site":"@FAccLatino","twitter_misc":{"Est. reading time":"1 minute"},"schema":{"@context":"https:\/\/schema.org","@graph":[{"@type":"WebPage","@id":"https:\/\/accesolatino.org\/continua-tus-estudios-a-traves-de-plataformas-online\/","url":"https:\/\/accesolatino.org\/continua-tus-estudios-a-traves-de-plataformas-online\/","name":"Contin\u00faa tus estudios a trav\u00e9s de plataformas online","isPartOf":{"@id":"https:\/\/accesolatino.org\/#website"},"primaryImageOfPage":{"@id":"https:\/\/accesolatino.org\/continua-tus-estudios-a-traves-de-plataformas-online\/#primaryimage"},"image":{"@id":"https:\/\/accesolatino.org\/continua-tus-estudios-a-traves-de-plataformas-online\/#primaryimage"},"thumbnailUrl":"https:\/\/accesolatino.org\/wp-content\/uploads\/2018\/09\/Continua-tus-estudios-a-traves-de-plataformas-online.jpg","datePublished":"2018-09-17T18:24:03+00:00","dateModified":"2025-10-17T00:05:58+00:00","description":"Educaci\u00f3n Contin\u00faa tus estudios a trav\u00e9s de plataformas online En nuestro portal de accesolatino.org encontrar\u00e1s herramientas...","breadcrumb":{"@id":"https:\/\/accesolatino.org\/continua-tus-estudios-a-traves-de-plataformas-online\/#breadcrumb"},"inLanguage":"en-US","potentialAction":[{"@type":"ReadAction","target":["https:\/\/accesolatino.org\/continua-tus-estudios-a-traves-de-plataformas-online\/"]}]},{"@type":"ImageObject","inLanguage":"en-US","@id":"https:\/\/accesolatino.org\/continua-tus-estudios-a-traves-de-plataformas-online\/#primaryimage","url":"https:\/\/accesolatino.org\/wp-content\/uploads\/2018\/09\/Continua-tus-estudios-a-traves-de-plataformas-online.jpg","contentUrl":"https:\/\/accesolatino.org\/wp-content\/uploads\/2018\/09\/Continua-tus-estudios-a-traves-de-plataformas-online.jpg","width":600,"height":338,"caption":"cursos en l\u00ednea"},{"@type":"BreadcrumbList","@id":"https:\/\/accesolatino.org\/continua-tus-estudios-a-traves-de-plataformas-online\/#breadcrumb","itemListElement":[{"@type":"ListItem","position":1,"name":"Portada","item":"https:\/\/accesolatino.org\/"},{"@type":"ListItem","position":2,"name":"Contin\u00faa tus estudios a trav\u00e9s de plataformas online"}]},{"@type":"WebSite","@id":"https:\/\/accesolatino.org\/#website","url":"https:\/\/accesolatino.org\/","name":"Acceso Latino | Fundaci\u00f3n Carlos Slim","description":"Fundaci\u00f3n Carlos Slim","publisher":{"@id":"https:\/\/accesolatino.org\/#organization"},"potentialAction":[{"@type":"SearchAction","target":{"@type":"EntryPoint","urlTemplate":"https:\/\/accesolatino.org\/?s={search_term_string}"},"query-input":{"@type":"PropertyValueSpecification","valueRequired":true,"valueName":"search_term_string"}}],"inLanguage":"en-US"},{"@type":"Organization","@id":"https:\/\/accesolatino.org\/#organization","name":"Acceso Latino | Fundaci\u00f3n Carlos Slim","url":"https:\/\/accesolatino.org\/","logo":{"@type":"ImageObject","inLanguage":"en-US","@id":"https:\/\/accesolatino.org\/#\/schema\/logo\/image\/","url":"https:\/\/accesolatino.org\/wp-content\/uploads\/2021\/02\/logo-footer-acceso-latino.png","contentUrl":"https:\/\/accesolatino.org\/wp-content\/uploads\/2021\/02\/logo-footer-acceso-latino.png","width":240,"height":40,"caption":"Acceso Latino | Fundaci\u00f3n Carlos Slim"},"image":{"@id":"https:\/\/accesolatino.org\/#\/schema\/logo\/image\/"},"sameAs":["https:\/\/www.facebook.com\/AccesoLatinoOrg","https:\/\/x.com\/FAccLatino"]}]}},"_links":{"self":[{"href":"https:\/\/accesolatino.org\/en\/wp-json\/wp\/v2\/pages\/14810","targetHints":{"allow":["GET"]}}],"collection":[{"href":"https:\/\/accesolatino.org\/en\/wp-json\/wp\/v2\/pages"}],"about":[{"href":"https:\/\/accesolatino.org\/en\/wp-json\/wp\/v2\/types\/page"}],"author":[{"embeddable":true,"href":"https:\/\/accesolatino.org\/en\/wp-json\/wp\/v2\/users\/7"}],"replies":[{"embeddable":true,"href":"https:\/\/accesolatino.org\/en\/wp-json\/wp\/v2\/comments?post=14810"}],"version-history":[{"count":1,"href":"https:\/\/accesolatino.org\/en\/wp-json\/wp\/v2\/pages\/14810\/revisions"}],"predecessor-version":[{"id":64190,"href":"https:\/\/accesolatino.org\/en\/wp-json\/wp\/v2\/pages\/14810\/revisions\/64190"}],"wp:featuredmedia":[{"embeddable":true,"href":"https:\/\/accesolatino.org\/en\/wp-json\/wp\/v2\/media\/14811"}],"wp:attachment":[{"href":"https:\/\/accesolatino.org\/en\/wp-json\/wp\/v2\/media?parent=14810"}],"curies":[{"name":"wp","href":"https:\/\/api.w.org\/{rel}","templated":true}]}}