{"id":14785,"date":"2018-09-13T10:12:09","date_gmt":"2018-09-13T15:12:09","guid":{"rendered":"https:\/\/accesolatino.org\/?page_id=14785"},"modified":"2025-10-16T17:33:45","modified_gmt":"2025-10-16T23:33:45","slug":"conoce-como-tus-hijos-pueden-retomar-sus-estudios-en-mexico","status":"publish","type":"page","link":"https:\/\/accesolatino.org\/en\/conoce-como-tus-hijos-pueden-retomar-sus-estudios-en-mexico\/","title":{"rendered":"Learn how your children can resume their studies in Mexico"},"content":{"rendered":"<div data-elementor-type=\"wp-post\" data-elementor-id=\"14785\" class=\"elementor elementor-14785\">\n\t\t\t\t\t\t<section class=\"elementor-section elementor-top-section elementor-element elementor-element-69577c9 elementor-section-full_width elementor-section-height-min-height elementor-section-items-stretch elementor-section-height-default wpr-particle-no wpr-jarallax-no wpr-parallax-no wpr-sticky-section-no wpr-equal-height-no\" data-id=\"69577c9\" data-element_type=\"section\" data-e-type=\"section\" data-settings=\"{&quot;background_background&quot;:&quot;classic&quot;}\">\n\t\t\t\t\t\t<div class=\"elementor-container elementor-column-gap-no\">\n\t\t\t\t\t<div class=\"elementor-column elementor-col-100 elementor-top-column elementor-element elementor-element-72cbcb3\" data-id=\"72cbcb3\" data-element_type=\"column\" data-e-type=\"column\">\n\t\t\t<div class=\"elementor-widget-wrap elementor-element-populated\">\n\t\t\t\t\t\t<div class=\"elementor-element elementor-element-ce02dda elementor--h-position-center elementor--v-position-middle elementor-widget elementor-widget-slides\" data-id=\"ce02dda\" data-element_type=\"widget\" data-e-type=\"widget\" data-settings=\"{&quot;navigation&quot;:&quot;none&quot;,&quot;infinite&quot;:&quot;yes&quot;,&quot;transition&quot;:&quot;slide&quot;,&quot;transition_speed&quot;:500}\" data-widget_type=\"slides.default\">\n\t\t\t\t<div class=\"elementor-widget-container\">\n\t\t\t\t\t\t\t<div class=\"elementor-swiper\">\n\t\t\t<div class=\"elementor-slides-wrapper elementor-main-swiper swiper-container\" dir=\"ltr\" data-animation=\"\">\n\t\t\t\t<div class=\"swiper-wrapper elementor-slides\">\n\t\t\t\t\t\t\t\t\t\t<div class=\"elementor-repeater-item-d983a28 swiper-slide\"><div class=\"swiper-slide-bg\"><\/div><div class=\"swiper-slide-inner\" ><div class=\"swiper-slide-contents\"><div class=\"elementor-slide-heading\">Education<\/div><\/div><\/div><\/div>\t\t\t\t<\/div>\n\t\t\t\t\t\t\t<\/div>\n\t\t<\/div>\n\t\t\t\t\t\t<\/div>\n\t\t\t\t<\/div>\n\t\t\t\t\t<\/div>\n\t\t<\/div>\n\t\t\t\t\t<\/div>\n\t\t<\/section>\n\t\t\t\t<section class=\"elementor-section elementor-top-section elementor-element elementor-element-09ffb95 elementor-section-stretched elementor-section-boxed elementor-section-height-default elementor-section-height-default wpr-particle-no wpr-jarallax-no wpr-parallax-no wpr-sticky-section-no wpr-equal-height-no\" data-id=\"09ffb95\" data-element_type=\"section\" data-e-type=\"section\" data-settings=\"{&quot;stretch_section&quot;:&quot;section-stretched&quot;,&quot;background_background&quot;:&quot;classic&quot;}\">\n\t\t\t\t\t\t<div class=\"elementor-container elementor-column-gap-default\">\n\t\t\t\t\t<div class=\"elementor-column elementor-col-100 elementor-top-column elementor-element elementor-element-7fb7a5c\" data-id=\"7fb7a5c\" data-element_type=\"column\" data-e-type=\"column\">\n\t\t\t<div class=\"elementor-widget-wrap elementor-element-populated\">\n\t\t\t\t\t\t<div class=\"elementor-element elementor-element-076710e elementor-widget elementor-widget-heading\" data-id=\"076710e\" data-element_type=\"widget\" data-e-type=\"widget\" data-widget_type=\"heading.default\">\n\t\t\t\t<div class=\"elementor-widget-container\">\n\t\t\t\t\t<h3 class=\"elementor-heading-title elementor-size-default\">Learn how your children can resume their studies in Mexico<\/h3>\t\t\t\t<\/div>\n\t\t\t\t<\/div>\n\t\t\t\t<div class=\"elementor-element elementor-element-ef441f2 elementor-widget elementor-widget-text-editor\" data-id=\"ef441f2\" data-element_type=\"widget\" data-e-type=\"widget\" data-widget_type=\"text-editor.default\">\n\t\t\t\t<div class=\"elementor-widget-container\">\n\t\t\t\t\t\t\t\t\t<p>Son varios las consideraciones que debes tener al retornar a M\u00e9xico y retomar tu vida y la de tu familia. Una de ellas es la educaci\u00f3n de tus hijos.<\/p><p>In <strong>Acceso Latino<\/strong> nos dimos a la tarea de poner a tu alcance la informaci\u00f3n necesaria para que conozcas el proceso que tiene la <strong>Secretar\u00eda de Educaci\u00f3n P\u00fablica (SEP)<\/strong> para la reinserci\u00f3n de tus hijos a la escuela.<\/p><p>Ingresa a nuestra secci\u00f3n <a href=\"https:\/\/accesolatino.org\/en\/educacion\/\"><strong>\u201cEducaci\u00f3n\u201d<\/strong><\/a> y da clic en la tarjeta <strong>\u201cSecretar\u00eda de Educaci\u00f3n P\u00fablica\u201d<\/strong>.<\/p><p>En dicha tarjeta encontrar\u00e1s las acciones de apoyo a los retornados, la tabla de correspondencia de grados escolares y las normas de reingreso al sistema educativo nacional.<\/p><p>Como esta herramienta, tenemos otras en diversos temas que te podr\u00e1n ayudar a retomar tu vida en M\u00e9xico.<\/p>\t\t\t\t\t\t\t\t<\/div>\n\t\t\t\t<\/div>\n\t\t\t\t<div class=\"elementor-element elementor-element-9c03e0e elementor-widget elementor-widget-spacer\" data-id=\"9c03e0e\" data-element_type=\"widget\" data-e-type=\"widget\" data-widget_type=\"spacer.default\">\n\t\t\t\t<div class=\"elementor-widget-container\">\n\t\t\t\t\t\t\t<div class=\"elementor-spacer\">\n\t\t\t<div class=\"elementor-spacer-inner\"><\/div>\n\t\t<\/div>\n\t\t\t\t\t\t<\/div>\n\t\t\t\t<\/div>\n\t\t\t\t\t<\/div>\n\t\t<\/div>\n\t\t\t\t\t<\/div>\n\t\t<\/section>\n\t\t\t\t<\/div>","protected":false},"excerpt":{"rendered":"<p>Educaci\u00f3n Conoce c\u00f3mo tus hijos pueden retomar sus estudios en M\u00e9xico Son varios las consideraciones que debes tener al retornar a M\u00e9xico y retomar tu vida y la de tu familia. Una de ellas es la educaci\u00f3n de tus hijos. En Acceso Latino nos dimos a la tarea de poner a tu alcance la informaci\u00f3n necesaria para que conozcas el proceso que tiene la Secretar\u00eda de Educaci\u00f3n P\u00fablica (SEP) para la reinserci\u00f3n de tus hijos a la escuela. Ingresa a nuestra secci\u00f3n \u201cEducaci\u00f3n\u201d y da clic en la tarjeta \u201cSecretar\u00eda de Educaci\u00f3n P\u00fablica\u201d. En dicha tarjeta encontrar\u00e1s las acciones de apoyo a los retornados, la tabla de correspondencia de grados escolares y las normas de reingreso al sistema educativo nacional. Como esta herramienta, tenemos otras en diversos temas que te podr\u00e1n ayudar a retomar tu vida en M\u00e9xico.<\/p>","protected":false},"author":7,"featured_media":14786,"parent":0,"menu_order":0,"comment_status":"closed","ping_status":"closed","template":"elementor_header_footer","meta":{"_uf_show_specific_survey":0,"_uf_disable_surveys":false,"footnotes":""},"class_list":["post-14785","page","type-page","status-publish","has-post-thumbnail"],"aioseo_notices":[],"yoast_head":"<!-- This site is optimized with the Yoast SEO plugin v27.5 - https:\/\/yoast.com\/product\/yoast-seo-wordpress\/ -->\n<title>Conoce c\u00f3mo tus hijos pueden retomar sus estudios en M\u00e9xico<\/title>\n<meta name=\"description\" content=\"Conoce c\u00f3mo tus hijos pueden retomar sus estudios en M\u00e9xico Son varios las consideraciones que debes tener al retornar a M\u00e9xico y retomar\" \/>\n<meta name=\"robots\" content=\"index, follow, max-snippet:-1, max-image-preview:large, max-video-preview:-1\" \/>\n<link rel=\"canonical\" href=\"https:\/\/accesolatino.org\/en\/conoce-como-tus-hijos-pueden-retomar-sus-estudios-en-mexico\/\" \/>\n<meta property=\"og:locale\" content=\"en_US\" \/>\n<meta property=\"og:type\" content=\"article\" \/>\n<meta property=\"og:title\" content=\"Acceso Latino | Conoce c\u00f3mo tus hijos pueden retomar sus estudios en M\u00e9xico\" \/>\n<meta property=\"og:description\" content=\"Conoce c\u00f3mo tus hijos pueden retomar sus estudios en M\u00e9xico\" \/>\n<meta property=\"og:url\" content=\"https:\/\/accesolatino.org\/en\/conoce-como-tus-hijos-pueden-retomar-sus-estudios-en-mexico\/\" \/>\n<meta property=\"og:site_name\" content=\"Acceso Latino\" \/>\n<meta property=\"article:publisher\" content=\"https:\/\/www.facebook.com\/AccesoLatinoOrg\" \/>\n<meta property=\"article:modified_time\" content=\"2025-10-16T23:33:45+00:00\" \/>\n<meta property=\"og:image\" content=\"https:\/\/accesolatino.org\/wp-content\/uploads\/2018\/09\/Conoce-como-tus-hijos-pueden-retomar-sus-estudios-en-Mexico.jpg\" \/>\n\t<meta property=\"og:image:width\" content=\"600\" \/>\n\t<meta property=\"og:image:height\" content=\"338\" \/>\n\t<meta property=\"og:image:type\" content=\"image\/jpeg\" \/>\n<meta name=\"twitter:card\" content=\"summary_large_image\" \/>\n<meta name=\"twitter:title\" content=\"Acceso Latino | Conoce c\u00f3mo tus hijos pueden retomar sus estudios en M\u00e9xico\" \/>\n<meta name=\"twitter:description\" content=\"Conoce c\u00f3mo tus hijos pueden retomar sus estudios en M\u00e9xico\" \/>\n<meta name=\"twitter:image\" content=\"https:\/\/accesolatino.org\/wp-content\/uploads\/2018\/09\/Conoce-como-tus-hijos-pueden-retomar-sus-estudios-en-Mexico.jpg\" \/>\n<meta name=\"twitter:site\" content=\"@FAccLatino\" \/>\n<meta name=\"twitter:label1\" content=\"Est. reading time\" \/>\n\t<meta name=\"twitter:data1\" content=\"1 minute\" \/>\n<script type=\"application\/ld+json\" class=\"yoast-schema-graph\">{\"@context\":\"https:\\\/\\\/schema.org\",\"@graph\":[{\"@type\":\"WebPage\",\"@id\":\"https:\\\/\\\/accesolatino.org\\\/conoce-como-tus-hijos-pueden-retomar-sus-estudios-en-mexico\\\/\",\"url\":\"https:\\\/\\\/accesolatino.org\\\/conoce-como-tus-hijos-pueden-retomar-sus-estudios-en-mexico\\\/\",\"name\":\"Conoce c\u00f3mo tus hijos pueden retomar sus estudios en M\u00e9xico\",\"isPartOf\":{\"@id\":\"https:\\\/\\\/accesolatino.org\\\/#website\"},\"primaryImageOfPage\":{\"@id\":\"https:\\\/\\\/accesolatino.org\\\/conoce-como-tus-hijos-pueden-retomar-sus-estudios-en-mexico\\\/#primaryimage\"},\"image\":{\"@id\":\"https:\\\/\\\/accesolatino.org\\\/conoce-como-tus-hijos-pueden-retomar-sus-estudios-en-mexico\\\/#primaryimage\"},\"thumbnailUrl\":\"https:\\\/\\\/accesolatino.org\\\/wp-content\\\/uploads\\\/2018\\\/09\\\/Conoce-como-tus-hijos-pueden-retomar-sus-estudios-en-Mexico.jpg\",\"datePublished\":\"2018-09-13T15:12:09+00:00\",\"dateModified\":\"2025-10-16T23:33:45+00:00\",\"description\":\"Conoce c\u00f3mo tus hijos pueden retomar sus estudios en M\u00e9xico Son varios las consideraciones que debes tener al retornar a M\u00e9xico y retomar\",\"breadcrumb\":{\"@id\":\"https:\\\/\\\/accesolatino.org\\\/conoce-como-tus-hijos-pueden-retomar-sus-estudios-en-mexico\\\/#breadcrumb\"},\"inLanguage\":\"en-US\",\"potentialAction\":[{\"@type\":\"ReadAction\",\"target\":[\"https:\\\/\\\/accesolatino.org\\\/conoce-como-tus-hijos-pueden-retomar-sus-estudios-en-mexico\\\/\"]}]},{\"@type\":\"ImageObject\",\"inLanguage\":\"en-US\",\"@id\":\"https:\\\/\\\/accesolatino.org\\\/conoce-como-tus-hijos-pueden-retomar-sus-estudios-en-mexico\\\/#primaryimage\",\"url\":\"https:\\\/\\\/accesolatino.org\\\/wp-content\\\/uploads\\\/2018\\\/09\\\/Conoce-como-tus-hijos-pueden-retomar-sus-estudios-en-Mexico.jpg\",\"contentUrl\":\"https:\\\/\\\/accesolatino.org\\\/wp-content\\\/uploads\\\/2018\\\/09\\\/Conoce-como-tus-hijos-pueden-retomar-sus-estudios-en-Mexico.jpg\",\"width\":600,\"height\":338,\"caption\":\"estudios\"},{\"@type\":\"BreadcrumbList\",\"@id\":\"https:\\\/\\\/accesolatino.org\\\/conoce-como-tus-hijos-pueden-retomar-sus-estudios-en-mexico\\\/#breadcrumb\",\"itemListElement\":[{\"@type\":\"ListItem\",\"position\":1,\"name\":\"Portada\",\"item\":\"https:\\\/\\\/accesolatino.org\\\/\"},{\"@type\":\"ListItem\",\"position\":2,\"name\":\"Conoce c\u00f3mo tus hijos pueden retomar sus estudios en M\u00e9xico\"}]},{\"@type\":\"WebSite\",\"@id\":\"https:\\\/\\\/accesolatino.org\\\/#website\",\"url\":\"https:\\\/\\\/accesolatino.org\\\/\",\"name\":\"Acceso Latino | Fundaci\u00f3n Carlos Slim\",\"description\":\"Fundaci\u00f3n Carlos Slim\",\"publisher\":{\"@id\":\"https:\\\/\\\/accesolatino.org\\\/#organization\"},\"potentialAction\":[{\"@type\":\"SearchAction\",\"target\":{\"@type\":\"EntryPoint\",\"urlTemplate\":\"https:\\\/\\\/accesolatino.org\\\/?s={search_term_string}\"},\"query-input\":{\"@type\":\"PropertyValueSpecification\",\"valueRequired\":true,\"valueName\":\"search_term_string\"}}],\"inLanguage\":\"en-US\"},{\"@type\":\"Organization\",\"@id\":\"https:\\\/\\\/accesolatino.org\\\/#organization\",\"name\":\"Acceso Latino | Fundaci\u00f3n Carlos Slim\",\"url\":\"https:\\\/\\\/accesolatino.org\\\/\",\"logo\":{\"@type\":\"ImageObject\",\"inLanguage\":\"en-US\",\"@id\":\"https:\\\/\\\/accesolatino.org\\\/#\\\/schema\\\/logo\\\/image\\\/\",\"url\":\"https:\\\/\\\/accesolatino.org\\\/wp-content\\\/uploads\\\/2021\\\/02\\\/logo-footer-acceso-latino.png\",\"contentUrl\":\"https:\\\/\\\/accesolatino.org\\\/wp-content\\\/uploads\\\/2021\\\/02\\\/logo-footer-acceso-latino.png\",\"width\":240,\"height\":40,\"caption\":\"Acceso Latino | Fundaci\u00f3n Carlos Slim\"},\"image\":{\"@id\":\"https:\\\/\\\/accesolatino.org\\\/#\\\/schema\\\/logo\\\/image\\\/\"},\"sameAs\":[\"https:\\\/\\\/www.facebook.com\\\/AccesoLatinoOrg\",\"https:\\\/\\\/x.com\\\/FAccLatino\"]}]}<\/script>\n<!-- \/ Yoast SEO plugin. -->","yoast_head_json":{"title":"Learn how your children can resume their studies in Mexico","description":"Conoce c\u00f3mo tus hijos pueden retomar sus estudios en M\u00e9xico Son varios las consideraciones que debes tener al retornar a M\u00e9xico y retomar","robots":{"index":"index","follow":"follow","max-snippet":"max-snippet:-1","max-image-preview":"max-image-preview:large","max-video-preview":"max-video-preview:-1"},"canonical":"https:\/\/accesolatino.org\/en\/conoce-como-tus-hijos-pueden-retomar-sus-estudios-en-mexico\/","og_locale":"en_US","og_type":"article","og_title":"Acceso Latino | Conoce c\u00f3mo tus hijos pueden retomar sus estudios en M\u00e9xico","og_description":"Conoce c\u00f3mo tus hijos pueden retomar sus estudios en M\u00e9xico","og_url":"https:\/\/accesolatino.org\/en\/conoce-como-tus-hijos-pueden-retomar-sus-estudios-en-mexico\/","og_site_name":"Acceso Latino","article_publisher":"https:\/\/www.facebook.com\/AccesoLatinoOrg","article_modified_time":"2025-10-16T23:33:45+00:00","og_image":[{"width":600,"height":338,"url":"https:\/\/accesolatino.org\/wp-content\/uploads\/2018\/09\/Conoce-como-tus-hijos-pueden-retomar-sus-estudios-en-Mexico.jpg","type":"image\/jpeg"}],"twitter_card":"summary_large_image","twitter_title":"Acceso Latino | Conoce c\u00f3mo tus hijos pueden retomar sus estudios en M\u00e9xico","twitter_description":"Conoce c\u00f3mo tus hijos pueden retomar sus estudios en M\u00e9xico","twitter_image":"https:\/\/accesolatino.org\/wp-content\/uploads\/2018\/09\/Conoce-como-tus-hijos-pueden-retomar-sus-estudios-en-Mexico.jpg","twitter_site":"@FAccLatino","twitter_misc":{"Est. reading time":"1 minute"},"schema":{"@context":"https:\/\/schema.org","@graph":[{"@type":"WebPage","@id":"https:\/\/accesolatino.org\/conoce-como-tus-hijos-pueden-retomar-sus-estudios-en-mexico\/","url":"https:\/\/accesolatino.org\/conoce-como-tus-hijos-pueden-retomar-sus-estudios-en-mexico\/","name":"Learn how your children can resume their studies in Mexico","isPartOf":{"@id":"https:\/\/accesolatino.org\/#website"},"primaryImageOfPage":{"@id":"https:\/\/accesolatino.org\/conoce-como-tus-hijos-pueden-retomar-sus-estudios-en-mexico\/#primaryimage"},"image":{"@id":"https:\/\/accesolatino.org\/conoce-como-tus-hijos-pueden-retomar-sus-estudios-en-mexico\/#primaryimage"},"thumbnailUrl":"https:\/\/accesolatino.org\/wp-content\/uploads\/2018\/09\/Conoce-como-tus-hijos-pueden-retomar-sus-estudios-en-Mexico.jpg","datePublished":"2018-09-13T15:12:09+00:00","dateModified":"2025-10-16T23:33:45+00:00","description":"Conoce c\u00f3mo tus hijos pueden retomar sus estudios en M\u00e9xico Son varios las consideraciones que debes tener al retornar a M\u00e9xico y retomar","breadcrumb":{"@id":"https:\/\/accesolatino.org\/conoce-como-tus-hijos-pueden-retomar-sus-estudios-en-mexico\/#breadcrumb"},"inLanguage":"en-US","potentialAction":[{"@type":"ReadAction","target":["https:\/\/accesolatino.org\/conoce-como-tus-hijos-pueden-retomar-sus-estudios-en-mexico\/"]}]},{"@type":"ImageObject","inLanguage":"en-US","@id":"https:\/\/accesolatino.org\/conoce-como-tus-hijos-pueden-retomar-sus-estudios-en-mexico\/#primaryimage","url":"https:\/\/accesolatino.org\/wp-content\/uploads\/2018\/09\/Conoce-como-tus-hijos-pueden-retomar-sus-estudios-en-Mexico.jpg","contentUrl":"https:\/\/accesolatino.org\/wp-content\/uploads\/2018\/09\/Conoce-como-tus-hijos-pueden-retomar-sus-estudios-en-Mexico.jpg","width":600,"height":338,"caption":"estudios"},{"@type":"BreadcrumbList","@id":"https:\/\/accesolatino.org\/conoce-como-tus-hijos-pueden-retomar-sus-estudios-en-mexico\/#breadcrumb","itemListElement":[{"@type":"ListItem","position":1,"name":"Portada","item":"https:\/\/accesolatino.org\/"},{"@type":"ListItem","position":2,"name":"Conoce c\u00f3mo tus hijos pueden retomar sus estudios en M\u00e9xico"}]},{"@type":"WebSite","@id":"https:\/\/accesolatino.org\/#website","url":"https:\/\/accesolatino.org\/","name":"Acceso Latino | Fundaci\u00f3n Carlos Slim","description":"Fundaci\u00f3n Carlos Slim","publisher":{"@id":"https:\/\/accesolatino.org\/#organization"},"potentialAction":[{"@type":"SearchAction","target":{"@type":"EntryPoint","urlTemplate":"https:\/\/accesolatino.org\/?s={search_term_string}"},"query-input":{"@type":"PropertyValueSpecification","valueRequired":true,"valueName":"search_term_string"}}],"inLanguage":"en-US"},{"@type":"Organization","@id":"https:\/\/accesolatino.org\/#organization","name":"Acceso Latino | Fundaci\u00f3n Carlos Slim","url":"https:\/\/accesolatino.org\/","logo":{"@type":"ImageObject","inLanguage":"en-US","@id":"https:\/\/accesolatino.org\/#\/schema\/logo\/image\/","url":"https:\/\/accesolatino.org\/wp-content\/uploads\/2021\/02\/logo-footer-acceso-latino.png","contentUrl":"https:\/\/accesolatino.org\/wp-content\/uploads\/2021\/02\/logo-footer-acceso-latino.png","width":240,"height":40,"caption":"Acceso Latino | Fundaci\u00f3n Carlos Slim"},"image":{"@id":"https:\/\/accesolatino.org\/#\/schema\/logo\/image\/"},"sameAs":["https:\/\/www.facebook.com\/AccesoLatinoOrg","https:\/\/x.com\/FAccLatino"]}]}},"_links":{"self":[{"href":"https:\/\/accesolatino.org\/en\/wp-json\/wp\/v2\/pages\/14785","targetHints":{"allow":["GET"]}}],"collection":[{"href":"https:\/\/accesolatino.org\/en\/wp-json\/wp\/v2\/pages"}],"about":[{"href":"https:\/\/accesolatino.org\/en\/wp-json\/wp\/v2\/types\/page"}],"author":[{"embeddable":true,"href":"https:\/\/accesolatino.org\/en\/wp-json\/wp\/v2\/users\/7"}],"replies":[{"embeddable":true,"href":"https:\/\/accesolatino.org\/en\/wp-json\/wp\/v2\/comments?post=14785"}],"version-history":[{"count":1,"href":"https:\/\/accesolatino.org\/en\/wp-json\/wp\/v2\/pages\/14785\/revisions"}],"predecessor-version":[{"id":64172,"href":"https:\/\/accesolatino.org\/en\/wp-json\/wp\/v2\/pages\/14785\/revisions\/64172"}],"wp:featuredmedia":[{"embeddable":true,"href":"https:\/\/accesolatino.org\/en\/wp-json\/wp\/v2\/media\/14786"}],"wp:attachment":[{"href":"https:\/\/accesolatino.org\/en\/wp-json\/wp\/v2\/media?parent=14785"}],"curies":[{"name":"wp","href":"https:\/\/api.w.org\/{rel}","templated":true}]}}