{"id":14767,"date":"2018-09-12T11:06:43","date_gmt":"2018-09-12T16:06:43","guid":{"rendered":"https:\/\/accesolatino.org\/?page_id=14767"},"modified":"2025-10-17T14:15:10","modified_gmt":"2025-10-17T20:15:10","slug":"gobierno-de-eua-te-otorga-ayuda-financiera-para-terminar-tus-estudios","status":"publish","type":"page","link":"https:\/\/accesolatino.org\/en\/gobierno-de-eua-te-otorga-ayuda-financiera-para-terminar-tus-estudios\/","title":{"rendered":"U.S. Government grants you financial aid to finish your studies"},"content":{"rendered":"<div data-elementor-type=\"wp-post\" data-elementor-id=\"14767\" class=\"elementor elementor-14767\">\n\t\t\t\t\t\t<section class=\"elementor-section elementor-top-section elementor-element elementor-element-4bfc612 elementor-section-full_width elementor-section-height-min-height elementor-section-items-stretch elementor-section-height-default wpr-particle-no wpr-jarallax-no wpr-parallax-no wpr-sticky-section-no wpr-equal-height-no\" data-id=\"4bfc612\" data-element_type=\"section\" data-e-type=\"section\" data-settings=\"{&quot;background_background&quot;:&quot;classic&quot;}\">\n\t\t\t\t\t\t<div class=\"elementor-container elementor-column-gap-no\">\n\t\t\t\t\t<div class=\"elementor-column elementor-col-100 elementor-top-column elementor-element elementor-element-10a2516\" data-id=\"10a2516\" data-element_type=\"column\" data-e-type=\"column\">\n\t\t\t<div class=\"elementor-widget-wrap elementor-element-populated\">\n\t\t\t\t\t\t<div class=\"elementor-element elementor-element-775fbc5 elementor--h-position-center elementor--v-position-middle elementor-widget elementor-widget-slides\" data-id=\"775fbc5\" data-element_type=\"widget\" data-e-type=\"widget\" data-settings=\"{&quot;navigation&quot;:&quot;none&quot;,&quot;infinite&quot;:&quot;yes&quot;,&quot;transition&quot;:&quot;slide&quot;,&quot;transition_speed&quot;:500}\" data-widget_type=\"slides.default\">\n\t\t\t\t<div class=\"elementor-widget-container\">\n\t\t\t\t\t\t\t<div class=\"elementor-swiper\">\n\t\t\t<div class=\"elementor-slides-wrapper elementor-main-swiper swiper-container\" dir=\"ltr\" data-animation=\"\">\n\t\t\t\t<div class=\"swiper-wrapper elementor-slides\">\n\t\t\t\t\t\t\t\t\t\t<div class=\"elementor-repeater-item-d983a28 swiper-slide\"><div class=\"swiper-slide-bg\"><\/div><div class=\"swiper-slide-inner\" ><div class=\"swiper-slide-contents\"><div class=\"elementor-slide-heading\">Education<\/div><\/div><\/div><\/div>\t\t\t\t<\/div>\n\t\t\t\t\t\t\t<\/div>\n\t\t<\/div>\n\t\t\t\t\t\t<\/div>\n\t\t\t\t<\/div>\n\t\t\t\t\t<\/div>\n\t\t<\/div>\n\t\t\t\t\t<\/div>\n\t\t<\/section>\n\t\t\t\t<section class=\"elementor-section elementor-top-section elementor-element elementor-element-89cd983 elementor-section-stretched elementor-section-boxed elementor-section-height-default elementor-section-height-default wpr-particle-no wpr-jarallax-no wpr-parallax-no wpr-sticky-section-no wpr-equal-height-no\" data-id=\"89cd983\" data-element_type=\"section\" data-e-type=\"section\" data-settings=\"{&quot;stretch_section&quot;:&quot;section-stretched&quot;,&quot;background_background&quot;:&quot;classic&quot;}\">\n\t\t\t\t\t\t<div class=\"elementor-container elementor-column-gap-default\">\n\t\t\t\t\t<div class=\"elementor-column elementor-col-100 elementor-top-column elementor-element elementor-element-dea49ea\" data-id=\"dea49ea\" data-element_type=\"column\" data-e-type=\"column\">\n\t\t\t<div class=\"elementor-widget-wrap elementor-element-populated\">\n\t\t\t\t\t\t<div class=\"elementor-element elementor-element-e1b7f96 elementor-widget elementor-widget-heading\" data-id=\"e1b7f96\" data-element_type=\"widget\" data-e-type=\"widget\" data-widget_type=\"heading.default\">\n\t\t\t\t<div class=\"elementor-widget-container\">\n\t\t\t\t\t<h3 class=\"elementor-heading-title elementor-size-default\">U.S. Government grants you financial aid to finish your studies<\/h3>\t\t\t\t<\/div>\n\t\t\t\t<\/div>\n\t\t\t\t<div class=\"elementor-element elementor-element-e68c6fb elementor-widget elementor-widget-text-editor\" data-id=\"e68c6fb\" data-element_type=\"widget\" data-e-type=\"widget\" data-widget_type=\"text-editor.default\">\n\t\t\t\t<div class=\"elementor-widget-container\">\n\t\t\t\t\t\t\t\t\t<p>En nuestro portal de <strong>accesolatino.org<\/strong> encontrar\u00e1s herramientas sin costo e informaci\u00f3n \u00fatil que ofrecen los gobiernos u organizaciones para mejorar la calidad de vida de los latinos y de sus familias que radican en Estados Unidos.<\/p><p>Por ello, contamos con la secci\u00f3n <a href=\"https:\/\/accesolatino.org\/en\/educacion\/\"><strong>\u201cEducaci\u00f3n\u201d<\/strong><\/a> donde descubrir\u00e1s distintas herramientas que te ofrecen la oportunidad de retomar o continuar tus estudios en los colegios de la Uni\u00f3n Americana o a trav\u00e9s de plataformas online.<\/p><p>Si no cuentas con los medios suficientes para pagar la matr\u00edcula de un colegio en Estados Unidos, te recomendamos entrar a la tarjeta \u201c<strong>Ayuda financiera del gobierno estadounidense para estudiantes (FAFSA)<\/strong>\u201d. En dicha tarjeta te explicamos ampliamente en qu\u00e9 consiste este programa de apoyo del gobierno federal y c\u00f3mo iniciar el proceso para conseguir el dinero que necesitas y pagar tu educaci\u00f3n.<\/p><p>Encuentra \u00e9sta y m\u00e1s herramientas en <strong>Acceso Latino, your first immigration consultation window.<\/strong><\/p>\t\t\t\t\t\t\t\t<\/div>\n\t\t\t\t<\/div>\n\t\t\t\t<div class=\"elementor-element elementor-element-c75c058 elementor-widget elementor-widget-spacer\" data-id=\"c75c058\" data-element_type=\"widget\" data-e-type=\"widget\" data-widget_type=\"spacer.default\">\n\t\t\t\t<div class=\"elementor-widget-container\">\n\t\t\t\t\t\t\t<div class=\"elementor-spacer\">\n\t\t\t<div class=\"elementor-spacer-inner\"><\/div>\n\t\t<\/div>\n\t\t\t\t\t\t<\/div>\n\t\t\t\t<\/div>\n\t\t\t\t\t<\/div>\n\t\t<\/div>\n\t\t\t\t\t<\/div>\n\t\t<\/section>\n\t\t\t\t<\/div>","protected":false},"excerpt":{"rendered":"<p>Educaci\u00f3n Gobierno de EUA te otorga ayuda financiera para terminar tus estudios En nuestro portal de accesolatino.org encontrar\u00e1s herramientas sin costo e informaci\u00f3n \u00fatil que ofrecen los gobiernos u organizaciones para mejorar la calidad de vida de los latinos y de sus familias que radican en Estados Unidos. Por ello, contamos con la secci\u00f3n \u201cEducaci\u00f3n\u201d donde descubrir\u00e1s distintas herramientas que te ofrecen la oportunidad de retomar o continuar tus estudios en los colegios de la Uni\u00f3n Americana o a trav\u00e9s de plataformas online. Si no cuentas con los medios suficientes para pagar la matr\u00edcula de un colegio en Estados Unidos, te recomendamos entrar a la tarjeta \u201cAyuda financiera del gobierno estadounidense para estudiantes (FAFSA)\u201d. En dicha tarjeta te explicamos ampliamente en qu\u00e9 consiste este programa de apoyo del gobierno federal y c\u00f3mo iniciar el proceso para conseguir el dinero que necesitas y pagar tu educaci\u00f3n. Encuentra \u00e9sta y m\u00e1s herramientas en Acceso Latino, tu primera ventana de consulta migratoria.<\/p>","protected":false},"author":7,"featured_media":14768,"parent":0,"menu_order":0,"comment_status":"closed","ping_status":"closed","template":"elementor_header_footer","meta":{"_uf_show_specific_survey":0,"_uf_disable_surveys":false,"footnotes":""},"class_list":["post-14767","page","type-page","status-publish","has-post-thumbnail"],"aioseo_notices":[],"yoast_head":"<!-- This site is optimized with the Yoast SEO plugin v27.5 - https:\/\/yoast.com\/product\/yoast-seo-wordpress\/ -->\n<title>Gobierno de EUA te otorga ayuda financiera para terminar tus estudios<\/title>\n<meta name=\"description\" content=\"Gobierno\u00a0de EUA te otorga ayuda financiera para terminar tus estudios En nuestro portal de accesolatino.org encontrar\u00e1s herramientas...\" \/>\n<meta name=\"robots\" content=\"index, follow, max-snippet:-1, max-image-preview:large, max-video-preview:-1\" \/>\n<link rel=\"canonical\" href=\"https:\/\/accesolatino.org\/en\/gobierno-de-eua-te-otorga-ayuda-financiera-para-terminar-tus-estudios\/\" \/>\n<meta property=\"og:locale\" content=\"en_US\" \/>\n<meta property=\"og:type\" content=\"article\" \/>\n<meta property=\"og:title\" content=\"Acceso Latino | Gobierno de EUA te otorga ayuda financiera para terminar tus estudios\" \/>\n<meta property=\"og:description\" content=\"En nuestro portal de accesolatino.org encontrar\u00e1s herramientas sin costo e informaci\u00f3n \u00fatil que ofrecen los gobiernos u organizaciones\" \/>\n<meta property=\"og:url\" content=\"https:\/\/accesolatino.org\/en\/gobierno-de-eua-te-otorga-ayuda-financiera-para-terminar-tus-estudios\/\" \/>\n<meta property=\"og:site_name\" content=\"Acceso Latino\" \/>\n<meta property=\"article:publisher\" content=\"https:\/\/www.facebook.com\/AccesoLatinoOrg\" \/>\n<meta property=\"article:modified_time\" content=\"2025-10-17T20:15:10+00:00\" \/>\n<meta property=\"og:image\" content=\"https:\/\/accesolatino.org\/wp-content\/uploads\/2018\/09\/Gobierno-de-EUA-te-otorga-ayuda-financiera-para-terminar-tus-estudios.jpg\" \/>\n\t<meta property=\"og:image:width\" content=\"600\" \/>\n\t<meta property=\"og:image:height\" content=\"338\" \/>\n\t<meta property=\"og:image:type\" content=\"image\/jpeg\" \/>\n<meta name=\"twitter:card\" content=\"summary_large_image\" \/>\n<meta name=\"twitter:title\" content=\"Acceso Latino | Gobierno de EUA te otorga ayuda financiera para terminar tus estudios\" \/>\n<meta name=\"twitter:description\" content=\"En nuestro portal de accesolatino.org encontrar\u00e1s herramientas sin costo e informaci\u00f3n \u00fatil que ofrecen los gobiernos u organizaciones\" \/>\n<meta name=\"twitter:image\" content=\"https:\/\/accesolatino.org\/wp-content\/uploads\/2018\/09\/Gobierno-de-EUA-te-otorga-ayuda-financiera-para-terminar-tus-estudios.jpg\" \/>\n<meta name=\"twitter:site\" content=\"@FAccLatino\" \/>\n<meta name=\"twitter:label1\" content=\"Est. reading time\" \/>\n\t<meta name=\"twitter:data1\" content=\"1 minute\" \/>\n<script type=\"application\/ld+json\" class=\"yoast-schema-graph\">{\"@context\":\"https:\\\/\\\/schema.org\",\"@graph\":[{\"@type\":\"WebPage\",\"@id\":\"https:\\\/\\\/accesolatino.org\\\/gobierno-de-eua-te-otorga-ayuda-financiera-para-terminar-tus-estudios\\\/\",\"url\":\"https:\\\/\\\/accesolatino.org\\\/gobierno-de-eua-te-otorga-ayuda-financiera-para-terminar-tus-estudios\\\/\",\"name\":\"Gobierno de EUA te otorga ayuda financiera para terminar tus estudios\",\"isPartOf\":{\"@id\":\"https:\\\/\\\/accesolatino.org\\\/#website\"},\"primaryImageOfPage\":{\"@id\":\"https:\\\/\\\/accesolatino.org\\\/gobierno-de-eua-te-otorga-ayuda-financiera-para-terminar-tus-estudios\\\/#primaryimage\"},\"image\":{\"@id\":\"https:\\\/\\\/accesolatino.org\\\/gobierno-de-eua-te-otorga-ayuda-financiera-para-terminar-tus-estudios\\\/#primaryimage\"},\"thumbnailUrl\":\"https:\\\/\\\/accesolatino.org\\\/wp-content\\\/uploads\\\/2018\\\/09\\\/Gobierno-de-EUA-te-otorga-ayuda-financiera-para-terminar-tus-estudios.jpg\",\"datePublished\":\"2018-09-12T16:06:43+00:00\",\"dateModified\":\"2025-10-17T20:15:10+00:00\",\"description\":\"Gobierno\u00a0de EUA te otorga ayuda financiera para terminar tus estudios En nuestro portal de accesolatino.org encontrar\u00e1s herramientas...\",\"breadcrumb\":{\"@id\":\"https:\\\/\\\/accesolatino.org\\\/gobierno-de-eua-te-otorga-ayuda-financiera-para-terminar-tus-estudios\\\/#breadcrumb\"},\"inLanguage\":\"en-US\",\"potentialAction\":[{\"@type\":\"ReadAction\",\"target\":[\"https:\\\/\\\/accesolatino.org\\\/gobierno-de-eua-te-otorga-ayuda-financiera-para-terminar-tus-estudios\\\/\"]}]},{\"@type\":\"ImageObject\",\"inLanguage\":\"en-US\",\"@id\":\"https:\\\/\\\/accesolatino.org\\\/gobierno-de-eua-te-otorga-ayuda-financiera-para-terminar-tus-estudios\\\/#primaryimage\",\"url\":\"https:\\\/\\\/accesolatino.org\\\/wp-content\\\/uploads\\\/2018\\\/09\\\/Gobierno-de-EUA-te-otorga-ayuda-financiera-para-terminar-tus-estudios.jpg\",\"contentUrl\":\"https:\\\/\\\/accesolatino.org\\\/wp-content\\\/uploads\\\/2018\\\/09\\\/Gobierno-de-EUA-te-otorga-ayuda-financiera-para-terminar-tus-estudios.jpg\",\"width\":600,\"height\":338,\"caption\":\"gobierno\"},{\"@type\":\"BreadcrumbList\",\"@id\":\"https:\\\/\\\/accesolatino.org\\\/gobierno-de-eua-te-otorga-ayuda-financiera-para-terminar-tus-estudios\\\/#breadcrumb\",\"itemListElement\":[{\"@type\":\"ListItem\",\"position\":1,\"name\":\"Portada\",\"item\":\"https:\\\/\\\/accesolatino.org\\\/\"},{\"@type\":\"ListItem\",\"position\":2,\"name\":\"Gobierno de EUA te otorga ayuda financiera para terminar tus estudios\"}]},{\"@type\":\"WebSite\",\"@id\":\"https:\\\/\\\/accesolatino.org\\\/#website\",\"url\":\"https:\\\/\\\/accesolatino.org\\\/\",\"name\":\"Acceso Latino | Fundaci\u00f3n Carlos Slim\",\"description\":\"Fundaci\u00f3n Carlos Slim\",\"publisher\":{\"@id\":\"https:\\\/\\\/accesolatino.org\\\/#organization\"},\"potentialAction\":[{\"@type\":\"SearchAction\",\"target\":{\"@type\":\"EntryPoint\",\"urlTemplate\":\"https:\\\/\\\/accesolatino.org\\\/?s={search_term_string}\"},\"query-input\":{\"@type\":\"PropertyValueSpecification\",\"valueRequired\":true,\"valueName\":\"search_term_string\"}}],\"inLanguage\":\"en-US\"},{\"@type\":\"Organization\",\"@id\":\"https:\\\/\\\/accesolatino.org\\\/#organization\",\"name\":\"Acceso Latino | Fundaci\u00f3n Carlos Slim\",\"url\":\"https:\\\/\\\/accesolatino.org\\\/\",\"logo\":{\"@type\":\"ImageObject\",\"inLanguage\":\"en-US\",\"@id\":\"https:\\\/\\\/accesolatino.org\\\/#\\\/schema\\\/logo\\\/image\\\/\",\"url\":\"https:\\\/\\\/accesolatino.org\\\/wp-content\\\/uploads\\\/2021\\\/02\\\/logo-footer-acceso-latino.png\",\"contentUrl\":\"https:\\\/\\\/accesolatino.org\\\/wp-content\\\/uploads\\\/2021\\\/02\\\/logo-footer-acceso-latino.png\",\"width\":240,\"height\":40,\"caption\":\"Acceso Latino | Fundaci\u00f3n Carlos Slim\"},\"image\":{\"@id\":\"https:\\\/\\\/accesolatino.org\\\/#\\\/schema\\\/logo\\\/image\\\/\"},\"sameAs\":[\"https:\\\/\\\/www.facebook.com\\\/AccesoLatinoOrg\",\"https:\\\/\\\/x.com\\\/FAccLatino\"]}]}<\/script>\n<!-- \/ Yoast SEO plugin. -->","yoast_head_json":{"title":"U.S. Government grants you financial aid to finish your studies","description":"Gobierno\u00a0de EUA te otorga ayuda financiera para terminar tus estudios En nuestro portal de accesolatino.org encontrar\u00e1s herramientas...","robots":{"index":"index","follow":"follow","max-snippet":"max-snippet:-1","max-image-preview":"max-image-preview:large","max-video-preview":"max-video-preview:-1"},"canonical":"https:\/\/accesolatino.org\/en\/gobierno-de-eua-te-otorga-ayuda-financiera-para-terminar-tus-estudios\/","og_locale":"en_US","og_type":"article","og_title":"Acceso Latino | Gobierno de EUA te otorga ayuda financiera para terminar tus estudios","og_description":"En nuestro portal de accesolatino.org encontrar\u00e1s herramientas sin costo e informaci\u00f3n \u00fatil que ofrecen los gobiernos u organizaciones","og_url":"https:\/\/accesolatino.org\/en\/gobierno-de-eua-te-otorga-ayuda-financiera-para-terminar-tus-estudios\/","og_site_name":"Acceso Latino","article_publisher":"https:\/\/www.facebook.com\/AccesoLatinoOrg","article_modified_time":"2025-10-17T20:15:10+00:00","og_image":[{"width":600,"height":338,"url":"https:\/\/accesolatino.org\/wp-content\/uploads\/2018\/09\/Gobierno-de-EUA-te-otorga-ayuda-financiera-para-terminar-tus-estudios.jpg","type":"image\/jpeg"}],"twitter_card":"summary_large_image","twitter_title":"Acceso Latino | Gobierno de EUA te otorga ayuda financiera para terminar tus estudios","twitter_description":"En nuestro portal de accesolatino.org encontrar\u00e1s herramientas sin costo e informaci\u00f3n \u00fatil que ofrecen los gobiernos u organizaciones","twitter_image":"https:\/\/accesolatino.org\/wp-content\/uploads\/2018\/09\/Gobierno-de-EUA-te-otorga-ayuda-financiera-para-terminar-tus-estudios.jpg","twitter_site":"@FAccLatino","twitter_misc":{"Est. reading time":"1 minute"},"schema":{"@context":"https:\/\/schema.org","@graph":[{"@type":"WebPage","@id":"https:\/\/accesolatino.org\/gobierno-de-eua-te-otorga-ayuda-financiera-para-terminar-tus-estudios\/","url":"https:\/\/accesolatino.org\/gobierno-de-eua-te-otorga-ayuda-financiera-para-terminar-tus-estudios\/","name":"U.S. Government grants you financial aid to finish your studies","isPartOf":{"@id":"https:\/\/accesolatino.org\/#website"},"primaryImageOfPage":{"@id":"https:\/\/accesolatino.org\/gobierno-de-eua-te-otorga-ayuda-financiera-para-terminar-tus-estudios\/#primaryimage"},"image":{"@id":"https:\/\/accesolatino.org\/gobierno-de-eua-te-otorga-ayuda-financiera-para-terminar-tus-estudios\/#primaryimage"},"thumbnailUrl":"https:\/\/accesolatino.org\/wp-content\/uploads\/2018\/09\/Gobierno-de-EUA-te-otorga-ayuda-financiera-para-terminar-tus-estudios.jpg","datePublished":"2018-09-12T16:06:43+00:00","dateModified":"2025-10-17T20:15:10+00:00","description":"Gobierno\u00a0de EUA te otorga ayuda financiera para terminar tus estudios En nuestro portal de accesolatino.org encontrar\u00e1s herramientas...","breadcrumb":{"@id":"https:\/\/accesolatino.org\/gobierno-de-eua-te-otorga-ayuda-financiera-para-terminar-tus-estudios\/#breadcrumb"},"inLanguage":"en-US","potentialAction":[{"@type":"ReadAction","target":["https:\/\/accesolatino.org\/gobierno-de-eua-te-otorga-ayuda-financiera-para-terminar-tus-estudios\/"]}]},{"@type":"ImageObject","inLanguage":"en-US","@id":"https:\/\/accesolatino.org\/gobierno-de-eua-te-otorga-ayuda-financiera-para-terminar-tus-estudios\/#primaryimage","url":"https:\/\/accesolatino.org\/wp-content\/uploads\/2018\/09\/Gobierno-de-EUA-te-otorga-ayuda-financiera-para-terminar-tus-estudios.jpg","contentUrl":"https:\/\/accesolatino.org\/wp-content\/uploads\/2018\/09\/Gobierno-de-EUA-te-otorga-ayuda-financiera-para-terminar-tus-estudios.jpg","width":600,"height":338,"caption":"gobierno"},{"@type":"BreadcrumbList","@id":"https:\/\/accesolatino.org\/gobierno-de-eua-te-otorga-ayuda-financiera-para-terminar-tus-estudios\/#breadcrumb","itemListElement":[{"@type":"ListItem","position":1,"name":"Portada","item":"https:\/\/accesolatino.org\/"},{"@type":"ListItem","position":2,"name":"Gobierno de EUA te otorga ayuda financiera para terminar tus estudios"}]},{"@type":"WebSite","@id":"https:\/\/accesolatino.org\/#website","url":"https:\/\/accesolatino.org\/","name":"Acceso Latino | Fundaci\u00f3n Carlos Slim","description":"Fundaci\u00f3n Carlos Slim","publisher":{"@id":"https:\/\/accesolatino.org\/#organization"},"potentialAction":[{"@type":"SearchAction","target":{"@type":"EntryPoint","urlTemplate":"https:\/\/accesolatino.org\/?s={search_term_string}"},"query-input":{"@type":"PropertyValueSpecification","valueRequired":true,"valueName":"search_term_string"}}],"inLanguage":"en-US"},{"@type":"Organization","@id":"https:\/\/accesolatino.org\/#organization","name":"Acceso Latino | Fundaci\u00f3n Carlos Slim","url":"https:\/\/accesolatino.org\/","logo":{"@type":"ImageObject","inLanguage":"en-US","@id":"https:\/\/accesolatino.org\/#\/schema\/logo\/image\/","url":"https:\/\/accesolatino.org\/wp-content\/uploads\/2021\/02\/logo-footer-acceso-latino.png","contentUrl":"https:\/\/accesolatino.org\/wp-content\/uploads\/2021\/02\/logo-footer-acceso-latino.png","width":240,"height":40,"caption":"Acceso Latino | Fundaci\u00f3n Carlos Slim"},"image":{"@id":"https:\/\/accesolatino.org\/#\/schema\/logo\/image\/"},"sameAs":["https:\/\/www.facebook.com\/AccesoLatinoOrg","https:\/\/x.com\/FAccLatino"]}]}},"_links":{"self":[{"href":"https:\/\/accesolatino.org\/en\/wp-json\/wp\/v2\/pages\/14767","targetHints":{"allow":["GET"]}}],"collection":[{"href":"https:\/\/accesolatino.org\/en\/wp-json\/wp\/v2\/pages"}],"about":[{"href":"https:\/\/accesolatino.org\/en\/wp-json\/wp\/v2\/types\/page"}],"author":[{"embeddable":true,"href":"https:\/\/accesolatino.org\/en\/wp-json\/wp\/v2\/users\/7"}],"replies":[{"embeddable":true,"href":"https:\/\/accesolatino.org\/en\/wp-json\/wp\/v2\/comments?post=14767"}],"version-history":[{"count":1,"href":"https:\/\/accesolatino.org\/en\/wp-json\/wp\/v2\/pages\/14767\/revisions"}],"predecessor-version":[{"id":64223,"href":"https:\/\/accesolatino.org\/en\/wp-json\/wp\/v2\/pages\/14767\/revisions\/64223"}],"wp:featuredmedia":[{"embeddable":true,"href":"https:\/\/accesolatino.org\/en\/wp-json\/wp\/v2\/media\/14768"}],"wp:attachment":[{"href":"https:\/\/accesolatino.org\/en\/wp-json\/wp\/v2\/media?parent=14767"}],"curies":[{"name":"wp","href":"https:\/\/api.w.org\/{rel}","templated":true}]}}