{"id":14589,"date":"2018-08-21T09:15:30","date_gmt":"2018-08-21T14:15:30","guid":{"rendered":"https:\/\/accesolatino.org\/?page_id=14589"},"modified":"2025-11-14T17:39:16","modified_gmt":"2025-11-14T23:39:16","slug":"encuentra-ayuda-de-distintos-rubros-en-acceso-latino","status":"publish","type":"page","link":"https:\/\/accesolatino.org\/en\/inicio\/encuentra-ayuda-de-distintos-rubros-en-acceso-latino\/","title":{"rendered":"Encuentra ayuda de distintos rubros"},"content":{"rendered":"<div data-elementor-type=\"wp-post\" data-elementor-id=\"14589\" class=\"elementor elementor-14589\">\n\t\t\t\t\t\t<section class=\"elementor-section elementor-top-section elementor-element elementor-element-dfce8cc elementor-section-full_width elementor-section-height-min-height elementor-section-items-stretch elementor-section-height-default wpr-particle-no wpr-jarallax-no wpr-parallax-no wpr-sticky-section-no\" data-id=\"dfce8cc\" data-element_type=\"section\" data-e-type=\"section\" data-settings=\"{&quot;background_background&quot;:&quot;classic&quot;}\">\n\t\t\t\t\t\t<div class=\"elementor-container elementor-column-gap-no\">\n\t\t\t\t\t<div class=\"elementor-column elementor-col-100 elementor-top-column elementor-element elementor-element-dcbcf34\" data-id=\"dcbcf34\" data-element_type=\"column\" data-e-type=\"column\">\n\t\t\t<div class=\"elementor-widget-wrap elementor-element-populated\">\n\t\t\t\t\t\t<div class=\"elementor-element elementor-element-cabceb9 elementor--h-position-center elementor--v-position-middle elementor-widget elementor-widget-slides\" data-id=\"cabceb9\" data-element_type=\"widget\" data-e-type=\"widget\" data-settings=\"{&quot;navigation&quot;:&quot;none&quot;,&quot;infinite&quot;:&quot;yes&quot;,&quot;transition&quot;:&quot;slide&quot;,&quot;transition_speed&quot;:500}\" data-widget_type=\"slides.default\">\n\t\t\t\t<div class=\"elementor-widget-container\">\n\t\t\t\t\t\t\t<div class=\"elementor-swiper\">\n\t\t\t<div class=\"elementor-slides-wrapper elementor-main-swiper swiper-container\" dir=\"ltr\" data-animation=\"\">\n\t\t\t\t<div class=\"swiper-wrapper elementor-slides\">\n\t\t\t\t\t\t\t\t\t\t<div class=\"elementor-repeater-item-d983a28 swiper-slide\"><div class=\"swiper-slide-bg\"><\/div><div class=\"swiper-slide-inner\" ><div class=\"swiper-slide-contents\"><div class=\"elementor-slide-heading\">Health<\/div><\/div><\/div><\/div>\t\t\t\t<\/div>\n\t\t\t\t\t\t\t<\/div>\n\t\t<\/div>\n\t\t\t\t\t\t<\/div>\n\t\t\t\t<\/div>\n\t\t\t\t\t<\/div>\n\t\t<\/div>\n\t\t\t\t\t<\/div>\n\t\t<\/section>\n\t\t\t\t<section class=\"elementor-section elementor-top-section elementor-element elementor-element-pobsu4s elementor-section-stretched elementor-section-boxed elementor-section-height-default elementor-section-height-default wpr-particle-no wpr-jarallax-no wpr-parallax-no wpr-sticky-section-no\" data-id=\"pobsu4s\" data-element_type=\"section\" data-e-type=\"section\" data-settings=\"{&quot;stretch_section&quot;:&quot;section-stretched&quot;}\">\n\t\t\t\t\t\t<div class=\"elementor-container elementor-column-gap-default\">\n\t\t\t\t\t<div class=\"elementor-column elementor-col-100 elementor-top-column elementor-element elementor-element-vmhmvuj\" data-id=\"vmhmvuj\" data-element_type=\"column\" data-e-type=\"column\">\n\t\t\t<div class=\"elementor-widget-wrap elementor-element-populated\">\n\t\t\t\t\t\t<div class=\"elementor-element elementor-element-4d2b93f elementor-widget elementor-widget-heading\" data-id=\"4d2b93f\" data-element_type=\"widget\" data-e-type=\"widget\" data-widget_type=\"heading.default\">\n\t\t\t\t<div class=\"elementor-widget-container\">\n\t\t\t\t\t<h4 class=\"elementor-heading-title elementor-size-default\">Encuentra ayuda de distintos rubros en Acceso Latino<\/h4>\t\t\t\t<\/div>\n\t\t\t\t<\/div>\n\t\t\t\t<div class=\"elementor-element elementor-element-56bebf2 elementor-widget elementor-widget-text-editor\" data-id=\"56bebf2\" data-element_type=\"widget\" data-e-type=\"widget\" data-widget_type=\"text-editor.default\">\n\t\t\t\t<div class=\"elementor-widget-container\">\n\t\t\t\t\t\t\t\t\t<p>Ante las diferentes dificultades que sufren los migrantes en Estados Unidos, as\u00ed como los migrantes retornados a M\u00e9xico diversas organizaciones han reforzado esfuerzos por ayudar a los migrantes.<\/p>\n<p>Estas organizaciones junto con <strong>Acceso Latino<\/strong> han formado alianzas para contrarrestar los problemas o dificultades a las que se enfrentan los migrantes adem\u00e1s de mantenerlos informados de servicios, apoyos, oportunidades o ayuda de distinta \u00edndole a los que podr\u00e1n tener acceso en cada situaci\u00f3n en particular.<\/p>\n<p>In our <a href=\"https:\/\/accesolatino.org\/en\/\"><strong>\u201cAlianzas\u201d<\/strong> <\/a>de <strong>Acceso Latino<\/strong>, encontrar\u00e1s organizaciones de Estados Unidos y M\u00e9xico, que te ayudar\u00e1n dependiendo de la situaci\u00f3n que est\u00e9s atravesando en la Uni\u00f3n Americana o en M\u00e9xico.<\/p>\n<p>Adem\u00e1s, conoce otras secciones que te brindan herramientas en l\u00ednea totalmente gratuitas en rubros tales como <strong><a href=\"https:\/\/accesolatino.org\/en\/orientacion-legal\/\">Orientaci\u00f3n Legal,<\/a> <a href=\"\/en\/educacion\/\">Education<\/a>, <a href=\"https:\/\/accesolatino.org\/en\/category\/derecho\/\">Derechos Humanos<\/a>, <a href=\"\/en\/salud\/\">Health<\/a><\/strong>, <a href=\"\/en\/tus-documentos\/\"><strong>Tr\u00e1mites personales<\/strong><\/a> entre otros.<\/p>\t\t\t\t\t\t\t\t<\/div>\n\t\t\t\t<\/div>\n\t\t\t\t\t<\/div>\n\t\t<\/div>\n\t\t\t\t\t<\/div>\n\t\t<\/section>\n\t\t\t\t<\/div>","protected":false},"excerpt":{"rendered":"<p>Salud Encuentra ayuda de distintos rubros en Acceso Latino Ante las diferentes dificultades que sufren los migrantes en Estados Unidos, as\u00ed como los migrantes retornados a M\u00e9xico diversas organizaciones han reforzado esfuerzos por ayudar a los migrantes. Estas organizaciones junto con Acceso Latino han formado alianzas para contrarrestar los problemas o dificultades a las que se enfrentan los migrantes adem\u00e1s de mantenerlos informados de servicios, apoyos, oportunidades o ayuda de distinta \u00edndole a los que podr\u00e1n tener acceso en cada situaci\u00f3n en particular. En nuestra secci\u00f3n de \u201cAlianzas\u201d de Acceso Latino, encontrar\u00e1s organizaciones de Estados Unidos y M\u00e9xico, que te ayudar\u00e1n dependiendo de la situaci\u00f3n que est\u00e9s atravesando en la Uni\u00f3n Americana o en M\u00e9xico. Adem\u00e1s, conoce otras secciones que te brindan herramientas en l\u00ednea totalmente gratuitas en rubros tales como Orientaci\u00f3n Legal, Educaci\u00f3n, Derechos Humanos, Salud, Tr\u00e1mites personales entre otros.<\/p>","protected":false},"author":4,"featured_media":14590,"parent":13781,"menu_order":0,"comment_status":"closed","ping_status":"closed","template":"elementor_header_footer","meta":{"_uf_show_specific_survey":0,"_uf_disable_surveys":false,"footnotes":""},"class_list":["post-14589","page","type-page","status-publish","has-post-thumbnail"],"aioseo_notices":[],"yoast_head":"<!-- This site is optimized with the Yoast SEO plugin v27.3 - https:\/\/yoast.com\/product\/yoast-seo-wordpress\/ -->\n<title>Acceso Latino | Apoyo a Latinos<\/title>\n<meta name=\"description\" content=\"Acceso Latino: Ayuda en temas relacionados con la migraci\u00f3n legal entre M\u00e9xico y Estados Unidos. Iniciativa de Fundaci\u00f3n Carlos Slim\" \/>\n<meta name=\"robots\" content=\"index, follow, max-snippet:-1, max-image-preview:large, max-video-preview:-1\" \/>\n<link rel=\"canonical\" href=\"https:\/\/accesolatino.org\/en\/inicio\/encuentra-ayuda-de-distintos-rubros-en-acceso-latino\/\" \/>\n<meta property=\"og:locale\" content=\"en_US\" \/>\n<meta property=\"og:type\" content=\"article\" \/>\n<meta property=\"og:title\" content=\"Acceso Latino | Apoyo a Latinos\" \/>\n<meta property=\"og:description\" content=\"Estamos listos para brindarte informaci\u00f3n actualizada en materia de migraci\u00f3n\" \/>\n<meta property=\"og:url\" content=\"https:\/\/accesolatino.org\/en\/inicio\/encuentra-ayuda-de-distintos-rubros-en-acceso-latino\/\" \/>\n<meta property=\"og:site_name\" content=\"Acceso Latino\" \/>\n<meta property=\"article:publisher\" content=\"https:\/\/www.facebook.com\/AccesoLatinoOrg\" \/>\n<meta property=\"article:modified_time\" content=\"2025-11-14T23:39:16+00:00\" \/>\n<meta property=\"og:image\" content=\"https:\/\/accesolatino.org\/wp-content\/uploads\/2018\/08\/Encuentra-ayuda-de-distintos-rubros-en-Acceso-Latino.jpg\" \/>\n\t<meta property=\"og:image:width\" content=\"600\" \/>\n\t<meta property=\"og:image:height\" content=\"338\" \/>\n\t<meta property=\"og:image:type\" content=\"image\/jpeg\" \/>\n<meta name=\"twitter:card\" content=\"summary_large_image\" \/>\n<meta name=\"twitter:title\" content=\"Acceso Latino | Apoyo a Latinos\" \/>\n<meta name=\"twitter:description\" content=\"Estamos listos para brindarte informaci\u00f3n actualizada en materia de migraci\u00f3n\" \/>\n<meta name=\"twitter:image\" content=\"https:\/\/accesolatino.org\/wp-content\/uploads\/2018\/08\/Encuentra-ayuda-de-distintos-rubros-en-Acceso-Latino.jpg\" \/>\n<meta name=\"twitter:site\" content=\"@FAccLatino\" \/>\n<meta name=\"twitter:label1\" content=\"Est. reading time\" \/>\n\t<meta name=\"twitter:data1\" content=\"1 minute\" \/>\n<script type=\"application\/ld+json\" class=\"yoast-schema-graph\">{\"@context\":\"https:\\\/\\\/schema.org\",\"@graph\":[{\"@type\":\"WebPage\",\"@id\":\"https:\\\/\\\/accesolatino.org\\\/inicio\\\/encuentra-ayuda-de-distintos-rubros-en-acceso-latino\\\/\",\"url\":\"https:\\\/\\\/accesolatino.org\\\/inicio\\\/encuentra-ayuda-de-distintos-rubros-en-acceso-latino\\\/\",\"name\":\"Acceso Latino | Apoyo a Latinos\",\"isPartOf\":{\"@id\":\"https:\\\/\\\/accesolatino.org\\\/#website\"},\"primaryImageOfPage\":{\"@id\":\"https:\\\/\\\/accesolatino.org\\\/inicio\\\/encuentra-ayuda-de-distintos-rubros-en-acceso-latino\\\/#primaryimage\"},\"image\":{\"@id\":\"https:\\\/\\\/accesolatino.org\\\/inicio\\\/encuentra-ayuda-de-distintos-rubros-en-acceso-latino\\\/#primaryimage\"},\"thumbnailUrl\":\"https:\\\/\\\/accesolatino.org\\\/wp-content\\\/uploads\\\/2018\\\/08\\\/Encuentra-ayuda-de-distintos-rubros-en-Acceso-Latino.jpg\",\"datePublished\":\"2018-08-21T14:15:30+00:00\",\"dateModified\":\"2025-11-14T23:39:16+00:00\",\"description\":\"Acceso Latino: Ayuda en temas relacionados con la migraci\u00f3n legal entre M\u00e9xico y Estados Unidos. Iniciativa de Fundaci\u00f3n Carlos Slim\",\"breadcrumb\":{\"@id\":\"https:\\\/\\\/accesolatino.org\\\/inicio\\\/encuentra-ayuda-de-distintos-rubros-en-acceso-latino\\\/#breadcrumb\"},\"inLanguage\":\"en-US\",\"potentialAction\":[{\"@type\":\"ReadAction\",\"target\":[\"https:\\\/\\\/accesolatino.org\\\/inicio\\\/encuentra-ayuda-de-distintos-rubros-en-acceso-latino\\\/\"]}]},{\"@type\":\"ImageObject\",\"inLanguage\":\"en-US\",\"@id\":\"https:\\\/\\\/accesolatino.org\\\/inicio\\\/encuentra-ayuda-de-distintos-rubros-en-acceso-latino\\\/#primaryimage\",\"url\":\"https:\\\/\\\/accesolatino.org\\\/wp-content\\\/uploads\\\/2018\\\/08\\\/Encuentra-ayuda-de-distintos-rubros-en-Acceso-Latino.jpg\",\"contentUrl\":\"https:\\\/\\\/accesolatino.org\\\/wp-content\\\/uploads\\\/2018\\\/08\\\/Encuentra-ayuda-de-distintos-rubros-en-Acceso-Latino.jpg\",\"width\":600,\"height\":338,\"caption\":\"Encuentra ayuda de distintos rubros en Acceso Latino\"},{\"@type\":\"BreadcrumbList\",\"@id\":\"https:\\\/\\\/accesolatino.org\\\/inicio\\\/encuentra-ayuda-de-distintos-rubros-en-acceso-latino\\\/#breadcrumb\",\"itemListElement\":[{\"@type\":\"ListItem\",\"position\":1,\"name\":\"Portada\",\"item\":\"https:\\\/\\\/accesolatino.org\\\/\"},{\"@type\":\"ListItem\",\"position\":2,\"name\":\"Acceso Latino &#8211; Fundaci\u00f3n Carlos Slim\",\"item\":\"https:\\\/\\\/accesolatino.org\\\/\"},{\"@type\":\"ListItem\",\"position\":3,\"name\":\"Encuentra ayuda de distintos rubros\"}]},{\"@type\":\"WebSite\",\"@id\":\"https:\\\/\\\/accesolatino.org\\\/#website\",\"url\":\"https:\\\/\\\/accesolatino.org\\\/\",\"name\":\"Acceso Latino | Fundaci\u00f3n Carlos Slim\",\"description\":\"Fundaci\u00f3n Carlos Slim\",\"publisher\":{\"@id\":\"https:\\\/\\\/accesolatino.org\\\/#organization\"},\"potentialAction\":[{\"@type\":\"SearchAction\",\"target\":{\"@type\":\"EntryPoint\",\"urlTemplate\":\"https:\\\/\\\/accesolatino.org\\\/?s={search_term_string}\"},\"query-input\":{\"@type\":\"PropertyValueSpecification\",\"valueRequired\":true,\"valueName\":\"search_term_string\"}}],\"inLanguage\":\"en-US\"},{\"@type\":\"Organization\",\"@id\":\"https:\\\/\\\/accesolatino.org\\\/#organization\",\"name\":\"Acceso Latino | Fundaci\u00f3n Carlos Slim\",\"url\":\"https:\\\/\\\/accesolatino.org\\\/\",\"logo\":{\"@type\":\"ImageObject\",\"inLanguage\":\"en-US\",\"@id\":\"https:\\\/\\\/accesolatino.org\\\/#\\\/schema\\\/logo\\\/image\\\/\",\"url\":\"https:\\\/\\\/accesolatino.org\\\/wp-content\\\/uploads\\\/2021\\\/02\\\/logo-footer-acceso-latino.png\",\"contentUrl\":\"https:\\\/\\\/accesolatino.org\\\/wp-content\\\/uploads\\\/2021\\\/02\\\/logo-footer-acceso-latino.png\",\"width\":240,\"height\":40,\"caption\":\"Acceso Latino | Fundaci\u00f3n Carlos Slim\"},\"image\":{\"@id\":\"https:\\\/\\\/accesolatino.org\\\/#\\\/schema\\\/logo\\\/image\\\/\"},\"sameAs\":[\"https:\\\/\\\/www.facebook.com\\\/AccesoLatinoOrg\",\"https:\\\/\\\/x.com\\\/FAccLatino\"]}]}<\/script>\n<!-- \/ Yoast SEO plugin. -->","yoast_head_json":{"title":"Acceso Latino | Apoyo a Latinos","description":"Acceso Latino: Ayuda en temas relacionados con la migraci\u00f3n legal entre M\u00e9xico y Estados Unidos. Iniciativa de Fundaci\u00f3n Carlos Slim","robots":{"index":"index","follow":"follow","max-snippet":"max-snippet:-1","max-image-preview":"max-image-preview:large","max-video-preview":"max-video-preview:-1"},"canonical":"https:\/\/accesolatino.org\/en\/inicio\/encuentra-ayuda-de-distintos-rubros-en-acceso-latino\/","og_locale":"en_US","og_type":"article","og_title":"Acceso Latino | Apoyo a Latinos","og_description":"Estamos listos para brindarte informaci\u00f3n actualizada en materia de migraci\u00f3n","og_url":"https:\/\/accesolatino.org\/en\/inicio\/encuentra-ayuda-de-distintos-rubros-en-acceso-latino\/","og_site_name":"Acceso Latino","article_publisher":"https:\/\/www.facebook.com\/AccesoLatinoOrg","article_modified_time":"2025-11-14T23:39:16+00:00","og_image":[{"width":600,"height":338,"url":"https:\/\/accesolatino.org\/wp-content\/uploads\/2018\/08\/Encuentra-ayuda-de-distintos-rubros-en-Acceso-Latino.jpg","type":"image\/jpeg"}],"twitter_card":"summary_large_image","twitter_title":"Acceso Latino | Apoyo a Latinos","twitter_description":"Estamos listos para brindarte informaci\u00f3n actualizada en materia de migraci\u00f3n","twitter_image":"https:\/\/accesolatino.org\/wp-content\/uploads\/2018\/08\/Encuentra-ayuda-de-distintos-rubros-en-Acceso-Latino.jpg","twitter_site":"@FAccLatino","twitter_misc":{"Est. reading time":"1 minute"},"schema":{"@context":"https:\/\/schema.org","@graph":[{"@type":"WebPage","@id":"https:\/\/accesolatino.org\/inicio\/encuentra-ayuda-de-distintos-rubros-en-acceso-latino\/","url":"https:\/\/accesolatino.org\/inicio\/encuentra-ayuda-de-distintos-rubros-en-acceso-latino\/","name":"Acceso Latino | Apoyo a Latinos","isPartOf":{"@id":"https:\/\/accesolatino.org\/#website"},"primaryImageOfPage":{"@id":"https:\/\/accesolatino.org\/inicio\/encuentra-ayuda-de-distintos-rubros-en-acceso-latino\/#primaryimage"},"image":{"@id":"https:\/\/accesolatino.org\/inicio\/encuentra-ayuda-de-distintos-rubros-en-acceso-latino\/#primaryimage"},"thumbnailUrl":"https:\/\/accesolatino.org\/wp-content\/uploads\/2018\/08\/Encuentra-ayuda-de-distintos-rubros-en-Acceso-Latino.jpg","datePublished":"2018-08-21T14:15:30+00:00","dateModified":"2025-11-14T23:39:16+00:00","description":"Acceso Latino: Ayuda en temas relacionados con la migraci\u00f3n legal entre M\u00e9xico y Estados Unidos. Iniciativa de Fundaci\u00f3n Carlos Slim","breadcrumb":{"@id":"https:\/\/accesolatino.org\/inicio\/encuentra-ayuda-de-distintos-rubros-en-acceso-latino\/#breadcrumb"},"inLanguage":"en-US","potentialAction":[{"@type":"ReadAction","target":["https:\/\/accesolatino.org\/inicio\/encuentra-ayuda-de-distintos-rubros-en-acceso-latino\/"]}]},{"@type":"ImageObject","inLanguage":"en-US","@id":"https:\/\/accesolatino.org\/inicio\/encuentra-ayuda-de-distintos-rubros-en-acceso-latino\/#primaryimage","url":"https:\/\/accesolatino.org\/wp-content\/uploads\/2018\/08\/Encuentra-ayuda-de-distintos-rubros-en-Acceso-Latino.jpg","contentUrl":"https:\/\/accesolatino.org\/wp-content\/uploads\/2018\/08\/Encuentra-ayuda-de-distintos-rubros-en-Acceso-Latino.jpg","width":600,"height":338,"caption":"Encuentra ayuda de distintos rubros en Acceso Latino"},{"@type":"BreadcrumbList","@id":"https:\/\/accesolatino.org\/inicio\/encuentra-ayuda-de-distintos-rubros-en-acceso-latino\/#breadcrumb","itemListElement":[{"@type":"ListItem","position":1,"name":"Portada","item":"https:\/\/accesolatino.org\/"},{"@type":"ListItem","position":2,"name":"Acceso Latino &#8211; Fundaci\u00f3n Carlos Slim","item":"https:\/\/accesolatino.org\/"},{"@type":"ListItem","position":3,"name":"Encuentra ayuda de distintos rubros"}]},{"@type":"WebSite","@id":"https:\/\/accesolatino.org\/#website","url":"https:\/\/accesolatino.org\/","name":"Acceso Latino | Fundaci\u00f3n Carlos Slim","description":"Fundaci\u00f3n Carlos Slim","publisher":{"@id":"https:\/\/accesolatino.org\/#organization"},"potentialAction":[{"@type":"SearchAction","target":{"@type":"EntryPoint","urlTemplate":"https:\/\/accesolatino.org\/?s={search_term_string}"},"query-input":{"@type":"PropertyValueSpecification","valueRequired":true,"valueName":"search_term_string"}}],"inLanguage":"en-US"},{"@type":"Organization","@id":"https:\/\/accesolatino.org\/#organization","name":"Acceso Latino | Fundaci\u00f3n Carlos Slim","url":"https:\/\/accesolatino.org\/","logo":{"@type":"ImageObject","inLanguage":"en-US","@id":"https:\/\/accesolatino.org\/#\/schema\/logo\/image\/","url":"https:\/\/accesolatino.org\/wp-content\/uploads\/2021\/02\/logo-footer-acceso-latino.png","contentUrl":"https:\/\/accesolatino.org\/wp-content\/uploads\/2021\/02\/logo-footer-acceso-latino.png","width":240,"height":40,"caption":"Acceso Latino | Fundaci\u00f3n Carlos Slim"},"image":{"@id":"https:\/\/accesolatino.org\/#\/schema\/logo\/image\/"},"sameAs":["https:\/\/www.facebook.com\/AccesoLatinoOrg","https:\/\/x.com\/FAccLatino"]}]}},"_links":{"self":[{"href":"https:\/\/accesolatino.org\/en\/wp-json\/wp\/v2\/pages\/14589","targetHints":{"allow":["GET"]}}],"collection":[{"href":"https:\/\/accesolatino.org\/en\/wp-json\/wp\/v2\/pages"}],"about":[{"href":"https:\/\/accesolatino.org\/en\/wp-json\/wp\/v2\/types\/page"}],"author":[{"embeddable":true,"href":"https:\/\/accesolatino.org\/en\/wp-json\/wp\/v2\/users\/4"}],"replies":[{"embeddable":true,"href":"https:\/\/accesolatino.org\/en\/wp-json\/wp\/v2\/comments?post=14589"}],"version-history":[{"count":1,"href":"https:\/\/accesolatino.org\/en\/wp-json\/wp\/v2\/pages\/14589\/revisions"}],"predecessor-version":[{"id":68818,"href":"https:\/\/accesolatino.org\/en\/wp-json\/wp\/v2\/pages\/14589\/revisions\/68818"}],"up":[{"embeddable":true,"href":"https:\/\/accesolatino.org\/en\/wp-json\/wp\/v2\/pages\/13781"}],"wp:featuredmedia":[{"embeddable":true,"href":"https:\/\/accesolatino.org\/en\/wp-json\/wp\/v2\/media\/14590"}],"wp:attachment":[{"href":"https:\/\/accesolatino.org\/en\/wp-json\/wp\/v2\/media?parent=14589"}],"curies":[{"name":"wp","href":"https:\/\/api.w.org\/{rel}","templated":true}]}}