{"id":14557,"date":"2018-08-17T12:22:24","date_gmt":"2018-08-17T17:22:24","guid":{"rendered":"https:\/\/accesolatino.org\/?page_id=14557"},"modified":"2025-10-10T13:34:42","modified_gmt":"2025-10-10T19:34:42","slug":"conoce-la-guia-de-rutas-y-albergues-que-apoyan-a-migrantes-en-transito","status":"publish","type":"page","link":"https:\/\/accesolatino.org\/en\/apoyos-sociales\/conoce-la-guia-de-rutas-y-albergues-que-apoyan-a-migrantes-en-transito\/","title":{"rendered":"Gu\u00eda de rutas y albergues que apoyan a migrantes en tr\u00e1nsito"},"content":{"rendered":"<div data-elementor-type=\"wp-post\" data-elementor-id=\"14557\" class=\"elementor elementor-14557\">\n\t\t\t\t\t\t<section class=\"elementor-section elementor-top-section elementor-element elementor-element-e16ddcc elementor-section-full_width elementor-section-height-min-height elementor-section-items-stretch elementor-section-height-default wpr-particle-no wpr-jarallax-no wpr-parallax-no wpr-sticky-section-no wpr-equal-height-no\" data-id=\"e16ddcc\" data-element_type=\"section\" data-e-type=\"section\" data-settings=\"{&quot;background_background&quot;:&quot;classic&quot;}\">\n\t\t\t\t\t\t<div class=\"elementor-container elementor-column-gap-no\">\n\t\t\t\t\t<div class=\"elementor-column elementor-col-100 elementor-top-column elementor-element elementor-element-2c50536\" data-id=\"2c50536\" data-element_type=\"column\" data-e-type=\"column\">\n\t\t\t<div class=\"elementor-widget-wrap elementor-element-populated\">\n\t\t\t\t\t\t<div class=\"elementor-element elementor-element-6c83d14 elementor--h-position-center elementor--v-position-middle elementor-widget elementor-widget-slides\" data-id=\"6c83d14\" data-element_type=\"widget\" data-e-type=\"widget\" data-settings=\"{&quot;navigation&quot;:&quot;none&quot;,&quot;infinite&quot;:&quot;yes&quot;,&quot;transition&quot;:&quot;slide&quot;,&quot;transition_speed&quot;:500}\" data-widget_type=\"slides.default\">\n\t\t\t\t<div class=\"elementor-widget-container\">\n\t\t\t\t\t\t\t<div class=\"elementor-swiper\">\n\t\t\t<div class=\"elementor-slides-wrapper elementor-main-swiper swiper-container\" dir=\"ltr\" data-animation=\"\">\n\t\t\t\t<div class=\"swiper-wrapper elementor-slides\">\n\t\t\t\t\t\t\t\t\t\t<div class=\"elementor-repeater-item-d983a28 swiper-slide\"><div class=\"swiper-slide-bg\"><\/div><div class=\"swiper-slide-inner\" ><div class=\"swiper-slide-contents\"><div class=\"elementor-slide-heading\">Social Supports<\/div><\/div><\/div><\/div>\t\t\t\t<\/div>\n\t\t\t\t\t\t\t<\/div>\n\t\t<\/div>\n\t\t\t\t\t\t<\/div>\n\t\t\t\t<\/div>\n\t\t\t\t\t<\/div>\n\t\t<\/div>\n\t\t\t\t\t<\/div>\n\t\t<\/section>\n\t\t\t\t<section class=\"elementor-section elementor-top-section elementor-element elementor-element-6b9c8e7 elementor-section-stretched elementor-section-boxed elementor-section-height-default elementor-section-height-default wpr-particle-no wpr-jarallax-no wpr-parallax-no wpr-sticky-section-no wpr-equal-height-no\" data-id=\"6b9c8e7\" data-element_type=\"section\" data-e-type=\"section\" data-settings=\"{&quot;stretch_section&quot;:&quot;section-stretched&quot;,&quot;background_background&quot;:&quot;classic&quot;}\">\n\t\t\t\t\t\t<div class=\"elementor-container elementor-column-gap-default\">\n\t\t\t\t\t<div class=\"elementor-column elementor-col-100 elementor-top-column elementor-element elementor-element-af3a75d\" data-id=\"af3a75d\" data-element_type=\"column\" data-e-type=\"column\">\n\t\t\t<div class=\"elementor-widget-wrap elementor-element-populated\">\n\t\t\t\t\t\t<div class=\"elementor-element elementor-element-b27f0ce elementor-widget elementor-widget-heading\" data-id=\"b27f0ce\" data-element_type=\"widget\" data-e-type=\"widget\" data-widget_type=\"heading.default\">\n\t\t\t\t<div class=\"elementor-widget-container\">\n\t\t\t\t\t<h3 class=\"elementor-heading-title elementor-size-default\">Get to know the guide to routes and shelters that support migrants in transit<\/h3>\t\t\t\t<\/div>\n\t\t\t\t<\/div>\n\t\t\t\t<div class=\"elementor-element elementor-element-9eb3e30 elementor-widget elementor-widget-text-editor\" data-id=\"9eb3e30\" data-element_type=\"widget\" data-e-type=\"widget\" data-widget_type=\"text-editor.default\">\n\t\t\t\t<div class=\"elementor-widget-container\">\n\t\t\t\t\t\t\t\t\t<p>Con la finalidad de brindar ayuda a nuestros compatriotas que regresan por decisi\u00f3n propia, son deportados por las autoridades de Estados Unidos o comienzan su viaje rumbo a nuestro pa\u00eds vecino, en nuestro portal <strong>Acceso Latino<\/strong> les otorgamos una serie de herramientas al alcance de todos.<\/p><p>Buscando que tu camino de regreso o hacia Estados Unidos sea lo m\u00e1s seguro posible, en nuestra secci\u00f3n de <a href=\"https:\/\/accesolatino.org\/en\/apoyos-sociales\/\">\u201cApoyos sociales\u201d<\/a> contamos con nuestra tarjeta de <strong>\u201cRutas y albergues\u201d<\/strong>.<\/p><p>Esta herramienta brinda a los mexicanos y a los latinos que comienzan su viaje un listado con diferentes rutas y albergues a lo largo de los estados de nuestro pa\u00eds.<\/p><p>El objetivo de esta herramienta es facilitar el tr\u00e1nsito de los migrantes en su retorno a M\u00e9xico o su traves\u00eda rumbo a Estados Unidos con las siguientes rutas:<\/p><ul><li>Ruta Tapachula \u2013 Tierra blanca, Chiapas<\/li><li>Ruta Tenosique \u2013 Tierra Blanca<\/li><li>Ruta Ramal Oaxaca \u2013 Puebla<\/li><li>Ruta Tierra Blanca \u2013 Apizaco<\/li><li>Ruta Ciudad de M\u00e9xico<\/li><li>Ruta Tultitl\u00e1n \u2013 Ciudad Ju\u00e1rez<\/li><li>Ruta Tultitl\u00e1n \u2013 Ciudad de M\u00e9xico<\/li><li>Ruta Tultitl\u00e1n \u2013 Mexicali<\/li><\/ul><p>Accede a la tarjeta<strong> \u201cRutas y albergues\u201d<\/strong> de la secci\u00f3n <a href=\"https:\/\/accesolatino.org\/en\/apoyos-sociales\/\">\u201cApoyos sociales\u201d<\/a> y verifica cu\u00e1l es la ruta que t\u00fa necesitas. <strong>Acceso Latino<\/strong> tu primera ventana de consulta migratoria.<\/p>\t\t\t\t\t\t\t\t<\/div>\n\t\t\t\t<\/div>\n\t\t\t\t<div class=\"elementor-element elementor-element-7ed3aea elementor-widget elementor-widget-spacer\" data-id=\"7ed3aea\" data-element_type=\"widget\" data-e-type=\"widget\" data-widget_type=\"spacer.default\">\n\t\t\t\t<div class=\"elementor-widget-container\">\n\t\t\t\t\t\t\t<div class=\"elementor-spacer\">\n\t\t\t<div class=\"elementor-spacer-inner\"><\/div>\n\t\t<\/div>\n\t\t\t\t\t\t<\/div>\n\t\t\t\t<\/div>\n\t\t\t\t\t<\/div>\n\t\t<\/div>\n\t\t\t\t\t<\/div>\n\t\t<\/section>\n\t\t\t\t<\/div>","protected":false},"excerpt":{"rendered":"<p>Apoyos Sociales Conoce la gu\u00eda de rutas y albergues que apoyan a migrantes en tr\u00e1nsito Con la finalidad de brindar ayuda a nuestros compatriotas que regresan por decisi\u00f3n propia, son deportados por las autoridades de Estados Unidos o comienzan su viaje rumbo a nuestro pa\u00eds vecino, en nuestro portal Acceso Latino les otorgamos una serie de herramientas al alcance de todos. Buscando que tu camino de regreso o hacia Estados Unidos sea lo m\u00e1s seguro posible, en nuestra secci\u00f3n de \u201cApoyos sociales\u201d contamos con nuestra tarjeta de \u201cRutas y albergues\u201d. Esta herramienta brinda a los mexicanos y a los latinos que comienzan su viaje un listado con diferentes rutas y albergues a lo largo de los estados de nuestro pa\u00eds. El objetivo de esta herramienta es facilitar el tr\u00e1nsito de los migrantes en su retorno a M\u00e9xico o su traves\u00eda rumbo a Estados Unidos con las siguientes rutas: Ruta Tapachula \u2013 Tierra blanca, Chiapas Ruta Tenosique \u2013 Tierra Blanca Ruta Ramal Oaxaca \u2013 Puebla Ruta Tierra Blanca \u2013 Apizaco Ruta Ciudad de M\u00e9xico Ruta Tultitl\u00e1n \u2013 Ciudad Ju\u00e1rez Ruta Tultitl\u00e1n \u2013 Ciudad de M\u00e9xico Ruta Tultitl\u00e1n \u2013 Mexicali Accede a la tarjeta \u201cRutas y albergues\u201d de la secci\u00f3n \u201cApoyos sociales\u201d y verifica cu\u00e1l es la ruta que t\u00fa necesitas. Acceso Latino tu primera ventana de consulta migratoria.<\/p>","protected":false},"author":6,"featured_media":14558,"parent":1435,"menu_order":0,"comment_status":"closed","ping_status":"closed","template":"elementor_header_footer","meta":{"_uf_show_specific_survey":0,"_uf_disable_surveys":false,"footnotes":""},"class_list":["post-14557","page","type-page","status-publish","has-post-thumbnail"],"aioseo_notices":[],"yoast_head":"<!-- This site is optimized with the Yoast SEO plugin v27.5 - https:\/\/yoast.com\/product\/yoast-seo-wordpress\/ -->\n<title>Gu\u00eda de rutas y albergues que apoyan a migrantes en tr\u00e1nsito<\/title>\n<meta name=\"description\" content=\"Conoce las diferentes formas en las que los migrantes se pueden ver beneficiados en Estados Unidos - Acceso Latino\" \/>\n<meta name=\"robots\" content=\"index, follow, max-snippet:-1, max-image-preview:large, max-video-preview:-1\" \/>\n<link rel=\"canonical\" href=\"https:\/\/accesolatino.org\/en\/apoyos-sociales\/conoce-la-guia-de-rutas-y-albergues-que-apoyan-a-migrantes-en-transito\/\" \/>\n<meta property=\"og:locale\" content=\"en_US\" \/>\n<meta property=\"og:type\" content=\"article\" \/>\n<meta property=\"og:title\" content=\"Acceso Latino | Gu\u00eda de rutas y albergues que apoyan a migrantes en tr\u00e1nsito\" \/>\n<meta property=\"og:description\" content=\"Conoce las diferentes formas en las que los migrantes se pueden ver beneficiados en USA\" \/>\n<meta property=\"og:url\" content=\"https:\/\/accesolatino.org\/en\/apoyos-sociales\/conoce-la-guia-de-rutas-y-albergues-que-apoyan-a-migrantes-en-transito\/\" \/>\n<meta property=\"og:site_name\" content=\"Acceso Latino\" \/>\n<meta property=\"article:publisher\" content=\"https:\/\/www.facebook.com\/AccesoLatinoOrg\" \/>\n<meta property=\"article:modified_time\" content=\"2025-10-10T19:34:42+00:00\" \/>\n<meta property=\"og:image\" content=\"https:\/\/accesolatino.org\/wp-content\/uploads\/2018\/08\/Conoce-la-guia-de-rutas-y-albergues-que-apoyan-a-migrantes-en-transito.jpg\" \/>\n\t<meta property=\"og:image:width\" content=\"600\" \/>\n\t<meta property=\"og:image:height\" content=\"338\" \/>\n\t<meta property=\"og:image:type\" content=\"image\/jpeg\" \/>\n<meta name=\"twitter:card\" content=\"summary_large_image\" \/>\n<meta name=\"twitter:title\" content=\"Acceso Latino | Gu\u00eda de rutas y albergues que apoyan a migrantes en tr\u00e1nsito\" \/>\n<meta name=\"twitter:description\" content=\"Conoce las diferentes formas en las que los migrantes se pueden ver beneficiados en USA\" \/>\n<meta name=\"twitter:image\" content=\"https:\/\/accesolatino.org\/wp-content\/uploads\/2018\/08\/Conoce-la-guia-de-rutas-y-albergues-que-apoyan-a-migrantes-en-transito.jpg\" \/>\n<meta name=\"twitter:site\" content=\"@FAccLatino\" \/>\n<meta name=\"twitter:label1\" content=\"Est. reading time\" \/>\n\t<meta name=\"twitter:data1\" content=\"2 minutes\" \/>\n<script type=\"application\/ld+json\" class=\"yoast-schema-graph\">{\"@context\":\"https:\\\/\\\/schema.org\",\"@graph\":[{\"@type\":\"WebPage\",\"@id\":\"https:\\\/\\\/accesolatino.org\\\/apoyos-sociales\\\/conoce-la-guia-de-rutas-y-albergues-que-apoyan-a-migrantes-en-transito\\\/\",\"url\":\"https:\\\/\\\/accesolatino.org\\\/apoyos-sociales\\\/conoce-la-guia-de-rutas-y-albergues-que-apoyan-a-migrantes-en-transito\\\/\",\"name\":\"Gu\u00eda de rutas y albergues que apoyan a migrantes en tr\u00e1nsito\",\"isPartOf\":{\"@id\":\"https:\\\/\\\/accesolatino.org\\\/#website\"},\"primaryImageOfPage\":{\"@id\":\"https:\\\/\\\/accesolatino.org\\\/apoyos-sociales\\\/conoce-la-guia-de-rutas-y-albergues-que-apoyan-a-migrantes-en-transito\\\/#primaryimage\"},\"image\":{\"@id\":\"https:\\\/\\\/accesolatino.org\\\/apoyos-sociales\\\/conoce-la-guia-de-rutas-y-albergues-que-apoyan-a-migrantes-en-transito\\\/#primaryimage\"},\"thumbnailUrl\":\"https:\\\/\\\/accesolatino.org\\\/wp-content\\\/uploads\\\/2018\\\/08\\\/Conoce-la-guia-de-rutas-y-albergues-que-apoyan-a-migrantes-en-transito.jpg\",\"datePublished\":\"2018-08-17T17:22:24+00:00\",\"dateModified\":\"2025-10-10T19:34:42+00:00\",\"description\":\"Conoce las diferentes formas en las que los migrantes se pueden ver beneficiados en Estados Unidos - Acceso Latino\",\"breadcrumb\":{\"@id\":\"https:\\\/\\\/accesolatino.org\\\/apoyos-sociales\\\/conoce-la-guia-de-rutas-y-albergues-que-apoyan-a-migrantes-en-transito\\\/#breadcrumb\"},\"inLanguage\":\"en-US\",\"potentialAction\":[{\"@type\":\"ReadAction\",\"target\":[\"https:\\\/\\\/accesolatino.org\\\/apoyos-sociales\\\/conoce-la-guia-de-rutas-y-albergues-que-apoyan-a-migrantes-en-transito\\\/\"]}]},{\"@type\":\"ImageObject\",\"inLanguage\":\"en-US\",\"@id\":\"https:\\\/\\\/accesolatino.org\\\/apoyos-sociales\\\/conoce-la-guia-de-rutas-y-albergues-que-apoyan-a-migrantes-en-transito\\\/#primaryimage\",\"url\":\"https:\\\/\\\/accesolatino.org\\\/wp-content\\\/uploads\\\/2018\\\/08\\\/Conoce-la-guia-de-rutas-y-albergues-que-apoyan-a-migrantes-en-transito.jpg\",\"contentUrl\":\"https:\\\/\\\/accesolatino.org\\\/wp-content\\\/uploads\\\/2018\\\/08\\\/Conoce-la-guia-de-rutas-y-albergues-que-apoyan-a-migrantes-en-transito.jpg\",\"width\":600,\"height\":338,\"caption\":\"Gu\u00eda de rutas y albergues que apoyan a migrantes en tr\u00e1nsito\"},{\"@type\":\"BreadcrumbList\",\"@id\":\"https:\\\/\\\/accesolatino.org\\\/apoyos-sociales\\\/conoce-la-guia-de-rutas-y-albergues-que-apoyan-a-migrantes-en-transito\\\/#breadcrumb\",\"itemListElement\":[{\"@type\":\"ListItem\",\"position\":1,\"name\":\"Portada\",\"item\":\"https:\\\/\\\/accesolatino.org\\\/\"},{\"@type\":\"ListItem\",\"position\":2,\"name\":\"Apoyos Sociales\",\"item\":\"https:\\\/\\\/accesolatino.org\\\/en\\\/apoyos-sociales\\\/\"},{\"@type\":\"ListItem\",\"position\":3,\"name\":\"Gu\u00eda de rutas y albergues que apoyan a migrantes en tr\u00e1nsito\"}]},{\"@type\":\"WebSite\",\"@id\":\"https:\\\/\\\/accesolatino.org\\\/#website\",\"url\":\"https:\\\/\\\/accesolatino.org\\\/\",\"name\":\"Acceso Latino | Fundaci\u00f3n Carlos Slim\",\"description\":\"Fundaci\u00f3n Carlos Slim\",\"publisher\":{\"@id\":\"https:\\\/\\\/accesolatino.org\\\/#organization\"},\"potentialAction\":[{\"@type\":\"SearchAction\",\"target\":{\"@type\":\"EntryPoint\",\"urlTemplate\":\"https:\\\/\\\/accesolatino.org\\\/?s={search_term_string}\"},\"query-input\":{\"@type\":\"PropertyValueSpecification\",\"valueRequired\":true,\"valueName\":\"search_term_string\"}}],\"inLanguage\":\"en-US\"},{\"@type\":\"Organization\",\"@id\":\"https:\\\/\\\/accesolatino.org\\\/#organization\",\"name\":\"Acceso Latino | Fundaci\u00f3n Carlos Slim\",\"url\":\"https:\\\/\\\/accesolatino.org\\\/\",\"logo\":{\"@type\":\"ImageObject\",\"inLanguage\":\"en-US\",\"@id\":\"https:\\\/\\\/accesolatino.org\\\/#\\\/schema\\\/logo\\\/image\\\/\",\"url\":\"https:\\\/\\\/accesolatino.org\\\/wp-content\\\/uploads\\\/2021\\\/02\\\/logo-footer-acceso-latino.png\",\"contentUrl\":\"https:\\\/\\\/accesolatino.org\\\/wp-content\\\/uploads\\\/2021\\\/02\\\/logo-footer-acceso-latino.png\",\"width\":240,\"height\":40,\"caption\":\"Acceso Latino | Fundaci\u00f3n Carlos Slim\"},\"image\":{\"@id\":\"https:\\\/\\\/accesolatino.org\\\/#\\\/schema\\\/logo\\\/image\\\/\"},\"sameAs\":[\"https:\\\/\\\/www.facebook.com\\\/AccesoLatinoOrg\",\"https:\\\/\\\/x.com\\\/FAccLatino\"]}]}<\/script>\n<!-- \/ Yoast SEO plugin. -->","yoast_head_json":{"title":"Gu\u00eda de rutas y albergues que apoyan a migrantes en tr\u00e1nsito","description":"Conoce las diferentes formas en las que los migrantes se pueden ver beneficiados en Estados Unidos - Acceso Latino","robots":{"index":"index","follow":"follow","max-snippet":"max-snippet:-1","max-image-preview":"max-image-preview:large","max-video-preview":"max-video-preview:-1"},"canonical":"https:\/\/accesolatino.org\/en\/apoyos-sociales\/conoce-la-guia-de-rutas-y-albergues-que-apoyan-a-migrantes-en-transito\/","og_locale":"en_US","og_type":"article","og_title":"Acceso Latino | Gu\u00eda de rutas y albergues que apoyan a migrantes en tr\u00e1nsito","og_description":"Conoce las diferentes formas en las que los migrantes se pueden ver beneficiados en USA","og_url":"https:\/\/accesolatino.org\/en\/apoyos-sociales\/conoce-la-guia-de-rutas-y-albergues-que-apoyan-a-migrantes-en-transito\/","og_site_name":"Acceso Latino","article_publisher":"https:\/\/www.facebook.com\/AccesoLatinoOrg","article_modified_time":"2025-10-10T19:34:42+00:00","og_image":[{"width":600,"height":338,"url":"https:\/\/accesolatino.org\/wp-content\/uploads\/2018\/08\/Conoce-la-guia-de-rutas-y-albergues-que-apoyan-a-migrantes-en-transito.jpg","type":"image\/jpeg"}],"twitter_card":"summary_large_image","twitter_title":"Acceso Latino | Gu\u00eda de rutas y albergues que apoyan a migrantes en tr\u00e1nsito","twitter_description":"Conoce las diferentes formas en las que los migrantes se pueden ver beneficiados en USA","twitter_image":"https:\/\/accesolatino.org\/wp-content\/uploads\/2018\/08\/Conoce-la-guia-de-rutas-y-albergues-que-apoyan-a-migrantes-en-transito.jpg","twitter_site":"@FAccLatino","twitter_misc":{"Est. reading time":"2 minutes"},"schema":{"@context":"https:\/\/schema.org","@graph":[{"@type":"WebPage","@id":"https:\/\/accesolatino.org\/apoyos-sociales\/conoce-la-guia-de-rutas-y-albergues-que-apoyan-a-migrantes-en-transito\/","url":"https:\/\/accesolatino.org\/apoyos-sociales\/conoce-la-guia-de-rutas-y-albergues-que-apoyan-a-migrantes-en-transito\/","name":"Gu\u00eda de rutas y albergues que apoyan a migrantes en tr\u00e1nsito","isPartOf":{"@id":"https:\/\/accesolatino.org\/#website"},"primaryImageOfPage":{"@id":"https:\/\/accesolatino.org\/apoyos-sociales\/conoce-la-guia-de-rutas-y-albergues-que-apoyan-a-migrantes-en-transito\/#primaryimage"},"image":{"@id":"https:\/\/accesolatino.org\/apoyos-sociales\/conoce-la-guia-de-rutas-y-albergues-que-apoyan-a-migrantes-en-transito\/#primaryimage"},"thumbnailUrl":"https:\/\/accesolatino.org\/wp-content\/uploads\/2018\/08\/Conoce-la-guia-de-rutas-y-albergues-que-apoyan-a-migrantes-en-transito.jpg","datePublished":"2018-08-17T17:22:24+00:00","dateModified":"2025-10-10T19:34:42+00:00","description":"Conoce las diferentes formas en las que los migrantes se pueden ver beneficiados en Estados Unidos - Acceso Latino","breadcrumb":{"@id":"https:\/\/accesolatino.org\/apoyos-sociales\/conoce-la-guia-de-rutas-y-albergues-que-apoyan-a-migrantes-en-transito\/#breadcrumb"},"inLanguage":"en-US","potentialAction":[{"@type":"ReadAction","target":["https:\/\/accesolatino.org\/apoyos-sociales\/conoce-la-guia-de-rutas-y-albergues-que-apoyan-a-migrantes-en-transito\/"]}]},{"@type":"ImageObject","inLanguage":"en-US","@id":"https:\/\/accesolatino.org\/apoyos-sociales\/conoce-la-guia-de-rutas-y-albergues-que-apoyan-a-migrantes-en-transito\/#primaryimage","url":"https:\/\/accesolatino.org\/wp-content\/uploads\/2018\/08\/Conoce-la-guia-de-rutas-y-albergues-que-apoyan-a-migrantes-en-transito.jpg","contentUrl":"https:\/\/accesolatino.org\/wp-content\/uploads\/2018\/08\/Conoce-la-guia-de-rutas-y-albergues-que-apoyan-a-migrantes-en-transito.jpg","width":600,"height":338,"caption":"Gu\u00eda de rutas y albergues que apoyan a migrantes en tr\u00e1nsito"},{"@type":"BreadcrumbList","@id":"https:\/\/accesolatino.org\/apoyos-sociales\/conoce-la-guia-de-rutas-y-albergues-que-apoyan-a-migrantes-en-transito\/#breadcrumb","itemListElement":[{"@type":"ListItem","position":1,"name":"Portada","item":"https:\/\/accesolatino.org\/"},{"@type":"ListItem","position":2,"name":"Apoyos Sociales","item":"https:\/\/accesolatino.org\/en\/apoyos-sociales\/"},{"@type":"ListItem","position":3,"name":"Gu\u00eda de rutas y albergues que apoyan a migrantes en tr\u00e1nsito"}]},{"@type":"WebSite","@id":"https:\/\/accesolatino.org\/#website","url":"https:\/\/accesolatino.org\/","name":"Acceso Latino | Fundaci\u00f3n Carlos Slim","description":"Fundaci\u00f3n Carlos Slim","publisher":{"@id":"https:\/\/accesolatino.org\/#organization"},"potentialAction":[{"@type":"SearchAction","target":{"@type":"EntryPoint","urlTemplate":"https:\/\/accesolatino.org\/?s={search_term_string}"},"query-input":{"@type":"PropertyValueSpecification","valueRequired":true,"valueName":"search_term_string"}}],"inLanguage":"en-US"},{"@type":"Organization","@id":"https:\/\/accesolatino.org\/#organization","name":"Acceso Latino | Fundaci\u00f3n Carlos Slim","url":"https:\/\/accesolatino.org\/","logo":{"@type":"ImageObject","inLanguage":"en-US","@id":"https:\/\/accesolatino.org\/#\/schema\/logo\/image\/","url":"https:\/\/accesolatino.org\/wp-content\/uploads\/2021\/02\/logo-footer-acceso-latino.png","contentUrl":"https:\/\/accesolatino.org\/wp-content\/uploads\/2021\/02\/logo-footer-acceso-latino.png","width":240,"height":40,"caption":"Acceso Latino | Fundaci\u00f3n Carlos Slim"},"image":{"@id":"https:\/\/accesolatino.org\/#\/schema\/logo\/image\/"},"sameAs":["https:\/\/www.facebook.com\/AccesoLatinoOrg","https:\/\/x.com\/FAccLatino"]}]}},"_links":{"self":[{"href":"https:\/\/accesolatino.org\/en\/wp-json\/wp\/v2\/pages\/14557","targetHints":{"allow":["GET"]}}],"collection":[{"href":"https:\/\/accesolatino.org\/en\/wp-json\/wp\/v2\/pages"}],"about":[{"href":"https:\/\/accesolatino.org\/en\/wp-json\/wp\/v2\/types\/page"}],"author":[{"embeddable":true,"href":"https:\/\/accesolatino.org\/en\/wp-json\/wp\/v2\/users\/6"}],"replies":[{"embeddable":true,"href":"https:\/\/accesolatino.org\/en\/wp-json\/wp\/v2\/comments?post=14557"}],"version-history":[{"count":1,"href":"https:\/\/accesolatino.org\/en\/wp-json\/wp\/v2\/pages\/14557\/revisions"}],"predecessor-version":[{"id":63881,"href":"https:\/\/accesolatino.org\/en\/wp-json\/wp\/v2\/pages\/14557\/revisions\/63881"}],"up":[{"embeddable":true,"href":"https:\/\/accesolatino.org\/en\/wp-json\/wp\/v2\/pages\/1435"}],"wp:featuredmedia":[{"embeddable":true,"href":"https:\/\/accesolatino.org\/en\/wp-json\/wp\/v2\/media\/14558"}],"wp:attachment":[{"href":"https:\/\/accesolatino.org\/en\/wp-json\/wp\/v2\/media?parent=14557"}],"curies":[{"name":"wp","href":"https:\/\/api.w.org\/{rel}","templated":true}]}}