{"id":14354,"date":"2018-08-13T11:50:00","date_gmt":"2018-08-13T16:50:00","guid":{"rendered":"https:\/\/accesolatino.org\/?page_id=14354"},"modified":"2025-10-09T10:40:55","modified_gmt":"2025-10-09T16:40:55","slug":"como-trabajador-en-eua-tienes-derecho-a-una-indemnizacion-en-caso-de-accidente-o-enfermedad","status":"publish","type":"page","link":"https:\/\/accesolatino.org\/en\/apoyos-sociales\/como-trabajador-en-eua-tienes-derecho-a-una-indemnizacion-en-caso-de-accidente-o-enfermedad\/","title":{"rendered":"As a worker in the USA you are entitled to compensation in case of accident or illness"},"content":{"rendered":"<div data-elementor-type=\"wp-post\" data-elementor-id=\"14354\" class=\"elementor elementor-14354\">\n\t\t\t\t\t\t<section class=\"elementor-section elementor-top-section elementor-element elementor-element-0a62a7d elementor-section-full_width elementor-section-height-min-height elementor-section-items-stretch elementor-section-height-default wpr-particle-no wpr-jarallax-no wpr-parallax-no wpr-sticky-section-no wpr-equal-height-no\" data-id=\"0a62a7d\" data-element_type=\"section\" data-e-type=\"section\" data-settings=\"{&quot;background_background&quot;:&quot;classic&quot;}\">\n\t\t\t\t\t\t<div class=\"elementor-container elementor-column-gap-no\">\n\t\t\t\t\t<div class=\"elementor-column elementor-col-100 elementor-top-column elementor-element elementor-element-17ef014\" data-id=\"17ef014\" data-element_type=\"column\" data-e-type=\"column\">\n\t\t\t<div class=\"elementor-widget-wrap elementor-element-populated\">\n\t\t\t\t\t\t<div class=\"elementor-element elementor-element-b9e2214 elementor--h-position-center elementor--v-position-middle elementor-widget elementor-widget-slides\" data-id=\"b9e2214\" data-element_type=\"widget\" data-e-type=\"widget\" data-settings=\"{&quot;navigation&quot;:&quot;none&quot;,&quot;infinite&quot;:&quot;yes&quot;,&quot;transition&quot;:&quot;slide&quot;,&quot;transition_speed&quot;:500}\" data-widget_type=\"slides.default\">\n\t\t\t\t<div class=\"elementor-widget-container\">\n\t\t\t\t\t\t\t<div class=\"elementor-swiper\">\n\t\t\t<div class=\"elementor-slides-wrapper elementor-main-swiper swiper-container\" dir=\"ltr\" data-animation=\"\">\n\t\t\t\t<div class=\"swiper-wrapper elementor-slides\">\n\t\t\t\t\t\t\t\t\t\t<div class=\"elementor-repeater-item-d983a28 swiper-slide\"><div class=\"swiper-slide-bg\"><\/div><div class=\"swiper-slide-inner\" ><div class=\"swiper-slide-contents\"><div class=\"elementor-slide-heading\">Social Supports<\/div><\/div><\/div><\/div>\t\t\t\t<\/div>\n\t\t\t\t\t\t\t<\/div>\n\t\t<\/div>\n\t\t\t\t\t\t<\/div>\n\t\t\t\t<\/div>\n\t\t\t\t\t<\/div>\n\t\t<\/div>\n\t\t\t\t\t<\/div>\n\t\t<\/section>\n\t\t\t\t<section class=\"elementor-section elementor-top-section elementor-element elementor-element-81b9e16 elementor-section-stretched elementor-section-boxed elementor-section-height-default elementor-section-height-default wpr-particle-no wpr-jarallax-no wpr-parallax-no wpr-sticky-section-no wpr-equal-height-no\" data-id=\"81b9e16\" data-element_type=\"section\" data-e-type=\"section\" data-settings=\"{&quot;stretch_section&quot;:&quot;section-stretched&quot;,&quot;background_background&quot;:&quot;classic&quot;}\">\n\t\t\t\t\t\t<div class=\"elementor-container elementor-column-gap-default\">\n\t\t\t\t\t<div class=\"elementor-column elementor-col-100 elementor-top-column elementor-element elementor-element-93eb222\" data-id=\"93eb222\" data-element_type=\"column\" data-e-type=\"column\">\n\t\t\t<div class=\"elementor-widget-wrap elementor-element-populated\">\n\t\t\t\t\t\t<div class=\"elementor-element elementor-element-edccedf elementor-widget elementor-widget-heading\" data-id=\"edccedf\" data-element_type=\"widget\" data-e-type=\"widget\" data-widget_type=\"heading.default\">\n\t\t\t\t<div class=\"elementor-widget-container\">\n\t\t\t\t\t<h3 class=\"elementor-heading-title elementor-size-default\">As a worker in the USA you are entitled to compensation in case of accident or illness<\/h3>\t\t\t\t<\/div>\n\t\t\t\t<\/div>\n\t\t\t\t<div class=\"elementor-element elementor-element-4077de7 elementor-widget elementor-widget-text-editor\" data-id=\"4077de7\" data-element_type=\"widget\" data-e-type=\"widget\" data-widget_type=\"text-editor.default\">\n\t\t\t\t<div class=\"elementor-widget-container\">\n\t\t\t\t\t\t\t\t\t<p>In <strong>Acceso Latino<\/strong> encontrar\u00e1n nuestra herramienta de <a href=\"https:\/\/accesolatino.org\/en\/apoyos-sociales\/\">\u201cApoyos sociales\u201d<\/a> donde contamos con la tarjeta <strong>\u201cIndemnizaci\u00f3n por accidentes laborales (Workers&#8217; Compensation)\u201d<\/strong> conocido en ingl\u00e9s, que ofrece apoyo a los trabajadores federales y en algunas ocasiones a indocumentados.<\/p><p>Este programa de compensaci\u00f3n por discapacidad del gobierno federal se cre\u00f3 con la intenci\u00f3n de brindar seguridad y protecci\u00f3n a los trabajadores en Estados Unidos en caso de lesi\u00f3n en el trabajo o si adquieren una enfermedad ocupacional.<\/p><p>Este programa incluye:<\/p><ul><li>Beneficios de reemplazo de salario<\/li><li>Tratamiento m\u00e9dico<\/li><li>Rehabilitaci\u00f3n vocacional<\/li><li>Otros beneficios<\/li><\/ul><p>In <strong>Acceso Latino tu primera ventana de consulta migratoria<\/strong> encontrar\u00e1s herramientas que te ayudar\u00e1n en cualquier situaci\u00f3n a la que te enfrentes. Accede e inf\u00f3rmate de todos los derechos a los que eres acreedor como inmigrante en Estados Unidos.<\/p>\t\t\t\t\t\t\t\t<\/div>\n\t\t\t\t<\/div>\n\t\t\t\t<div class=\"elementor-element elementor-element-b0c6443 elementor-widget elementor-widget-spacer\" data-id=\"b0c6443\" data-element_type=\"widget\" data-e-type=\"widget\" data-widget_type=\"spacer.default\">\n\t\t\t\t<div class=\"elementor-widget-container\">\n\t\t\t\t\t\t\t<div class=\"elementor-spacer\">\n\t\t\t<div class=\"elementor-spacer-inner\"><\/div>\n\t\t<\/div>\n\t\t\t\t\t\t<\/div>\n\t\t\t\t<\/div>\n\t\t\t\t\t<\/div>\n\t\t<\/div>\n\t\t\t\t\t<\/div>\n\t\t<\/section>\n\t\t\t\t<\/div>","protected":false},"excerpt":{"rendered":"<p>Apoyos Sociales Como trabajador en EUA tienes derecho a una indemnizaci\u00f3n en caso de accidente o enfermedad En Acceso Latino encontrar\u00e1n nuestra herramienta de \u201cApoyos sociales\u201d donde contamos con la tarjeta \u201cIndemnizaci\u00f3n por accidentes laborales (Workers&#8217; Compensation)\u201d conocido en ingl\u00e9s, que ofrece apoyo a los trabajadores federales y en algunas ocasiones a indocumentados. Este programa de compensaci\u00f3n por discapacidad del gobierno federal se cre\u00f3 con la intenci\u00f3n de brindar seguridad y protecci\u00f3n a los trabajadores en Estados Unidos en caso de lesi\u00f3n en el trabajo o si adquieren una enfermedad ocupacional. Este programa incluye: Beneficios de reemplazo de salario Tratamiento m\u00e9dico Rehabilitaci\u00f3n vocacional Otros beneficios En Acceso Latino tu primera ventana de consulta migratoria encontrar\u00e1s herramientas que te ayudar\u00e1n en cualquier situaci\u00f3n a la que te enfrentes. Accede e inf\u00f3rmate de todos los derechos a los que eres acreedor como inmigrante en Estados Unidos.<\/p>","protected":false},"author":6,"featured_media":14355,"parent":1435,"menu_order":0,"comment_status":"closed","ping_status":"closed","template":"elementor_header_footer","meta":{"_uf_show_specific_survey":0,"_uf_disable_surveys":false,"footnotes":""},"class_list":["post-14354","page","type-page","status-publish","has-post-thumbnail"],"aioseo_notices":[],"yoast_head":"<!-- This site is optimized with the Yoast SEO plugin v27.5 - https:\/\/yoast.com\/product\/yoast-seo-wordpress\/ -->\n<title>Como trabajador en EUA tienes derecho a una indemnizaci\u00f3n en caso de accidente o enfermedad<\/title>\n<meta name=\"description\" content=\"Conoce las diferentes formas en las que los migrantes se pueden ver beneficiados en USA\" \/>\n<meta name=\"robots\" content=\"index, follow, max-snippet:-1, max-image-preview:large, max-video-preview:-1\" \/>\n<link rel=\"canonical\" href=\"https:\/\/accesolatino.org\/en\/apoyos-sociales\/como-trabajador-en-eua-tienes-derecho-a-una-indemnizacion-en-caso-de-accidente-o-enfermedad\/\" \/>\n<meta property=\"og:locale\" content=\"en_US\" \/>\n<meta property=\"og:type\" content=\"article\" \/>\n<meta property=\"og:title\" content=\"Acceso Latino | Como trabajador en EUA tienes derecho a una indemnizaci\u00f3n en caso de accidente o enfermedad\" \/>\n<meta property=\"og:description\" content=\"Conoce las diferentes formas en las que los migrantes se pueden ver beneficiados en USA\" \/>\n<meta property=\"og:url\" content=\"https:\/\/accesolatino.org\/en\/apoyos-sociales\/como-trabajador-en-eua-tienes-derecho-a-una-indemnizacion-en-caso-de-accidente-o-enfermedad\/\" \/>\n<meta property=\"og:site_name\" content=\"Acceso Latino\" \/>\n<meta property=\"article:publisher\" content=\"https:\/\/www.facebook.com\/AccesoLatinoOrg\" \/>\n<meta property=\"article:modified_time\" content=\"2025-10-09T16:40:55+00:00\" \/>\n<meta property=\"og:image\" content=\"https:\/\/accesolatino.org\/wp-content\/uploads\/2018\/08\/Como-trabajador-en-EUA-tienes-derecho-a-una-indemnizacion-en-caso-de-accidente-o-enfermedad.jpg\" \/>\n\t<meta property=\"og:image:width\" content=\"600\" \/>\n\t<meta property=\"og:image:height\" content=\"338\" \/>\n\t<meta property=\"og:image:type\" content=\"image\/jpeg\" \/>\n<meta name=\"twitter:card\" content=\"summary_large_image\" \/>\n<meta name=\"twitter:title\" content=\"Acceso Latino | Como trabajador en EUA tienes derecho a una indemnizaci\u00f3n en caso de accidente o enfermedad\" \/>\n<meta name=\"twitter:description\" content=\"Conoce las diferentes formas en las que los migrantes se pueden ver beneficiados en USA\" \/>\n<meta name=\"twitter:image\" content=\"https:\/\/accesolatino.org\/wp-content\/uploads\/2018\/08\/Como-trabajador-en-EUA-tienes-derecho-a-una-indemnizacion-en-caso-de-accidente-o-enfermedad.jpg\" \/>\n<meta name=\"twitter:site\" content=\"@FAccLatino\" \/>\n<meta name=\"twitter:label1\" content=\"Est. reading time\" \/>\n\t<meta name=\"twitter:data1\" content=\"1 minute\" \/>\n<script type=\"application\/ld+json\" class=\"yoast-schema-graph\">{\"@context\":\"https:\\\/\\\/schema.org\",\"@graph\":[{\"@type\":\"WebPage\",\"@id\":\"https:\\\/\\\/accesolatino.org\\\/en\\\/apoyos-sociales\\\/como-trabajador-en-eua-tienes-derecho-a-una-indemnizacion-en-caso-de-accidente-o-enfermedad\\\/\",\"url\":\"https:\\\/\\\/accesolatino.org\\\/en\\\/apoyos-sociales\\\/como-trabajador-en-eua-tienes-derecho-a-una-indemnizacion-en-caso-de-accidente-o-enfermedad\\\/\",\"name\":\"Como trabajador en EUA tienes derecho a una indemnizaci\u00f3n en caso de accidente o enfermedad\",\"isPartOf\":{\"@id\":\"https:\\\/\\\/accesolatino.org\\\/#website\"},\"primaryImageOfPage\":{\"@id\":\"https:\\\/\\\/accesolatino.org\\\/en\\\/apoyos-sociales\\\/como-trabajador-en-eua-tienes-derecho-a-una-indemnizacion-en-caso-de-accidente-o-enfermedad\\\/#primaryimage\"},\"image\":{\"@id\":\"https:\\\/\\\/accesolatino.org\\\/en\\\/apoyos-sociales\\\/como-trabajador-en-eua-tienes-derecho-a-una-indemnizacion-en-caso-de-accidente-o-enfermedad\\\/#primaryimage\"},\"thumbnailUrl\":\"https:\\\/\\\/accesolatino.org\\\/wp-content\\\/uploads\\\/2018\\\/08\\\/Como-trabajador-en-EUA-tienes-derecho-a-una-indemnizacion-en-caso-de-accidente-o-enfermedad.jpg\",\"datePublished\":\"2018-08-13T16:50:00+00:00\",\"dateModified\":\"2025-10-09T16:40:55+00:00\",\"description\":\"Conoce las diferentes formas en las que los migrantes se pueden ver beneficiados en USA\",\"breadcrumb\":{\"@id\":\"https:\\\/\\\/accesolatino.org\\\/en\\\/apoyos-sociales\\\/como-trabajador-en-eua-tienes-derecho-a-una-indemnizacion-en-caso-de-accidente-o-enfermedad\\\/#breadcrumb\"},\"inLanguage\":\"en-US\",\"potentialAction\":[{\"@type\":\"ReadAction\",\"target\":[\"https:\\\/\\\/accesolatino.org\\\/en\\\/apoyos-sociales\\\/como-trabajador-en-eua-tienes-derecho-a-una-indemnizacion-en-caso-de-accidente-o-enfermedad\\\/\"]}]},{\"@type\":\"ImageObject\",\"inLanguage\":\"en-US\",\"@id\":\"https:\\\/\\\/accesolatino.org\\\/en\\\/apoyos-sociales\\\/como-trabajador-en-eua-tienes-derecho-a-una-indemnizacion-en-caso-de-accidente-o-enfermedad\\\/#primaryimage\",\"url\":\"https:\\\/\\\/accesolatino.org\\\/wp-content\\\/uploads\\\/2018\\\/08\\\/Como-trabajador-en-EUA-tienes-derecho-a-una-indemnizacion-en-caso-de-accidente-o-enfermedad.jpg\",\"contentUrl\":\"https:\\\/\\\/accesolatino.org\\\/wp-content\\\/uploads\\\/2018\\\/08\\\/Como-trabajador-en-EUA-tienes-derecho-a-una-indemnizacion-en-caso-de-accidente-o-enfermedad.jpg\",\"width\":600,\"height\":338,\"caption\":\"indemnizaci\u00f3n en caso de accidente o enfermedad\"},{\"@type\":\"BreadcrumbList\",\"@id\":\"https:\\\/\\\/accesolatino.org\\\/en\\\/apoyos-sociales\\\/como-trabajador-en-eua-tienes-derecho-a-una-indemnizacion-en-caso-de-accidente-o-enfermedad\\\/#breadcrumb\",\"itemListElement\":[{\"@type\":\"ListItem\",\"position\":1,\"name\":\"Portada\",\"item\":\"https:\\\/\\\/accesolatino.org\\\/\"},{\"@type\":\"ListItem\",\"position\":2,\"name\":\"Apoyos Sociales\",\"item\":\"https:\\\/\\\/accesolatino.org\\\/en\\\/apoyos-sociales\\\/\"},{\"@type\":\"ListItem\",\"position\":3,\"name\":\"Como trabajador en EUA tienes derecho a una indemnizaci\u00f3n en caso de accidente o enfermedad\"}]},{\"@type\":\"WebSite\",\"@id\":\"https:\\\/\\\/accesolatino.org\\\/#website\",\"url\":\"https:\\\/\\\/accesolatino.org\\\/\",\"name\":\"Acceso Latino | Fundaci\u00f3n Carlos Slim\",\"description\":\"Fundaci\u00f3n Carlos Slim\",\"publisher\":{\"@id\":\"https:\\\/\\\/accesolatino.org\\\/#organization\"},\"potentialAction\":[{\"@type\":\"SearchAction\",\"target\":{\"@type\":\"EntryPoint\",\"urlTemplate\":\"https:\\\/\\\/accesolatino.org\\\/?s={search_term_string}\"},\"query-input\":{\"@type\":\"PropertyValueSpecification\",\"valueRequired\":true,\"valueName\":\"search_term_string\"}}],\"inLanguage\":\"en-US\"},{\"@type\":\"Organization\",\"@id\":\"https:\\\/\\\/accesolatino.org\\\/#organization\",\"name\":\"Acceso Latino | Fundaci\u00f3n Carlos Slim\",\"url\":\"https:\\\/\\\/accesolatino.org\\\/\",\"logo\":{\"@type\":\"ImageObject\",\"inLanguage\":\"en-US\",\"@id\":\"https:\\\/\\\/accesolatino.org\\\/#\\\/schema\\\/logo\\\/image\\\/\",\"url\":\"https:\\\/\\\/accesolatino.org\\\/wp-content\\\/uploads\\\/2021\\\/02\\\/logo-footer-acceso-latino.png\",\"contentUrl\":\"https:\\\/\\\/accesolatino.org\\\/wp-content\\\/uploads\\\/2021\\\/02\\\/logo-footer-acceso-latino.png\",\"width\":240,\"height\":40,\"caption\":\"Acceso Latino | Fundaci\u00f3n Carlos Slim\"},\"image\":{\"@id\":\"https:\\\/\\\/accesolatino.org\\\/#\\\/schema\\\/logo\\\/image\\\/\"},\"sameAs\":[\"https:\\\/\\\/www.facebook.com\\\/AccesoLatinoOrg\",\"https:\\\/\\\/x.com\\\/FAccLatino\"]}]}<\/script>\n<!-- \/ Yoast SEO plugin. -->","yoast_head_json":{"title":"As a worker in the USA you are entitled to compensation in case of accident or illness","description":"Conoce las diferentes formas en las que los migrantes se pueden ver beneficiados en USA","robots":{"index":"index","follow":"follow","max-snippet":"max-snippet:-1","max-image-preview":"max-image-preview:large","max-video-preview":"max-video-preview:-1"},"canonical":"https:\/\/accesolatino.org\/en\/apoyos-sociales\/como-trabajador-en-eua-tienes-derecho-a-una-indemnizacion-en-caso-de-accidente-o-enfermedad\/","og_locale":"en_US","og_type":"article","og_title":"Acceso Latino | Como trabajador en EUA tienes derecho a una indemnizaci\u00f3n en caso de accidente o enfermedad","og_description":"Conoce las diferentes formas en las que los migrantes se pueden ver beneficiados en USA","og_url":"https:\/\/accesolatino.org\/en\/apoyos-sociales\/como-trabajador-en-eua-tienes-derecho-a-una-indemnizacion-en-caso-de-accidente-o-enfermedad\/","og_site_name":"Acceso Latino","article_publisher":"https:\/\/www.facebook.com\/AccesoLatinoOrg","article_modified_time":"2025-10-09T16:40:55+00:00","og_image":[{"width":600,"height":338,"url":"https:\/\/accesolatino.org\/wp-content\/uploads\/2018\/08\/Como-trabajador-en-EUA-tienes-derecho-a-una-indemnizacion-en-caso-de-accidente-o-enfermedad.jpg","type":"image\/jpeg"}],"twitter_card":"summary_large_image","twitter_title":"Acceso Latino | Como trabajador en EUA tienes derecho a una indemnizaci\u00f3n en caso de accidente o enfermedad","twitter_description":"Conoce las diferentes formas en las que los migrantes se pueden ver beneficiados en USA","twitter_image":"https:\/\/accesolatino.org\/wp-content\/uploads\/2018\/08\/Como-trabajador-en-EUA-tienes-derecho-a-una-indemnizacion-en-caso-de-accidente-o-enfermedad.jpg","twitter_site":"@FAccLatino","twitter_misc":{"Est. reading time":"1 minute"},"schema":{"@context":"https:\/\/schema.org","@graph":[{"@type":"WebPage","@id":"https:\/\/accesolatino.org\/en\/apoyos-sociales\/como-trabajador-en-eua-tienes-derecho-a-una-indemnizacion-en-caso-de-accidente-o-enfermedad\/","url":"https:\/\/accesolatino.org\/en\/apoyos-sociales\/como-trabajador-en-eua-tienes-derecho-a-una-indemnizacion-en-caso-de-accidente-o-enfermedad\/","name":"As a worker in the USA you are entitled to compensation in case of accident or illness","isPartOf":{"@id":"https:\/\/accesolatino.org\/#website"},"primaryImageOfPage":{"@id":"https:\/\/accesolatino.org\/en\/apoyos-sociales\/como-trabajador-en-eua-tienes-derecho-a-una-indemnizacion-en-caso-de-accidente-o-enfermedad\/#primaryimage"},"image":{"@id":"https:\/\/accesolatino.org\/en\/apoyos-sociales\/como-trabajador-en-eua-tienes-derecho-a-una-indemnizacion-en-caso-de-accidente-o-enfermedad\/#primaryimage"},"thumbnailUrl":"https:\/\/accesolatino.org\/wp-content\/uploads\/2018\/08\/Como-trabajador-en-EUA-tienes-derecho-a-una-indemnizacion-en-caso-de-accidente-o-enfermedad.jpg","datePublished":"2018-08-13T16:50:00+00:00","dateModified":"2025-10-09T16:40:55+00:00","description":"Conoce las diferentes formas en las que los migrantes se pueden ver beneficiados en USA","breadcrumb":{"@id":"https:\/\/accesolatino.org\/en\/apoyos-sociales\/como-trabajador-en-eua-tienes-derecho-a-una-indemnizacion-en-caso-de-accidente-o-enfermedad\/#breadcrumb"},"inLanguage":"en-US","potentialAction":[{"@type":"ReadAction","target":["https:\/\/accesolatino.org\/en\/apoyos-sociales\/como-trabajador-en-eua-tienes-derecho-a-una-indemnizacion-en-caso-de-accidente-o-enfermedad\/"]}]},{"@type":"ImageObject","inLanguage":"en-US","@id":"https:\/\/accesolatino.org\/en\/apoyos-sociales\/como-trabajador-en-eua-tienes-derecho-a-una-indemnizacion-en-caso-de-accidente-o-enfermedad\/#primaryimage","url":"https:\/\/accesolatino.org\/wp-content\/uploads\/2018\/08\/Como-trabajador-en-EUA-tienes-derecho-a-una-indemnizacion-en-caso-de-accidente-o-enfermedad.jpg","contentUrl":"https:\/\/accesolatino.org\/wp-content\/uploads\/2018\/08\/Como-trabajador-en-EUA-tienes-derecho-a-una-indemnizacion-en-caso-de-accidente-o-enfermedad.jpg","width":600,"height":338,"caption":"indemnizaci\u00f3n en caso de accidente o enfermedad"},{"@type":"BreadcrumbList","@id":"https:\/\/accesolatino.org\/en\/apoyos-sociales\/como-trabajador-en-eua-tienes-derecho-a-una-indemnizacion-en-caso-de-accidente-o-enfermedad\/#breadcrumb","itemListElement":[{"@type":"ListItem","position":1,"name":"Portada","item":"https:\/\/accesolatino.org\/"},{"@type":"ListItem","position":2,"name":"Apoyos Sociales","item":"https:\/\/accesolatino.org\/en\/apoyos-sociales\/"},{"@type":"ListItem","position":3,"name":"Como trabajador en EUA tienes derecho a una indemnizaci\u00f3n en caso de accidente o enfermedad"}]},{"@type":"WebSite","@id":"https:\/\/accesolatino.org\/#website","url":"https:\/\/accesolatino.org\/","name":"Acceso Latino | Fundaci\u00f3n Carlos Slim","description":"Fundaci\u00f3n Carlos Slim","publisher":{"@id":"https:\/\/accesolatino.org\/#organization"},"potentialAction":[{"@type":"SearchAction","target":{"@type":"EntryPoint","urlTemplate":"https:\/\/accesolatino.org\/?s={search_term_string}"},"query-input":{"@type":"PropertyValueSpecification","valueRequired":true,"valueName":"search_term_string"}}],"inLanguage":"en-US"},{"@type":"Organization","@id":"https:\/\/accesolatino.org\/#organization","name":"Acceso Latino | Fundaci\u00f3n Carlos Slim","url":"https:\/\/accesolatino.org\/","logo":{"@type":"ImageObject","inLanguage":"en-US","@id":"https:\/\/accesolatino.org\/#\/schema\/logo\/image\/","url":"https:\/\/accesolatino.org\/wp-content\/uploads\/2021\/02\/logo-footer-acceso-latino.png","contentUrl":"https:\/\/accesolatino.org\/wp-content\/uploads\/2021\/02\/logo-footer-acceso-latino.png","width":240,"height":40,"caption":"Acceso Latino | Fundaci\u00f3n Carlos Slim"},"image":{"@id":"https:\/\/accesolatino.org\/#\/schema\/logo\/image\/"},"sameAs":["https:\/\/www.facebook.com\/AccesoLatinoOrg","https:\/\/x.com\/FAccLatino"]}]}},"_links":{"self":[{"href":"https:\/\/accesolatino.org\/en\/wp-json\/wp\/v2\/pages\/14354","targetHints":{"allow":["GET"]}}],"collection":[{"href":"https:\/\/accesolatino.org\/en\/wp-json\/wp\/v2\/pages"}],"about":[{"href":"https:\/\/accesolatino.org\/en\/wp-json\/wp\/v2\/types\/page"}],"author":[{"embeddable":true,"href":"https:\/\/accesolatino.org\/en\/wp-json\/wp\/v2\/users\/6"}],"replies":[{"embeddable":true,"href":"https:\/\/accesolatino.org\/en\/wp-json\/wp\/v2\/comments?post=14354"}],"version-history":[{"count":1,"href":"https:\/\/accesolatino.org\/en\/wp-json\/wp\/v2\/pages\/14354\/revisions"}],"predecessor-version":[{"id":63793,"href":"https:\/\/accesolatino.org\/en\/wp-json\/wp\/v2\/pages\/14354\/revisions\/63793"}],"up":[{"embeddable":true,"href":"https:\/\/accesolatino.org\/en\/wp-json\/wp\/v2\/pages\/1435"}],"wp:featuredmedia":[{"embeddable":true,"href":"https:\/\/accesolatino.org\/en\/wp-json\/wp\/v2\/media\/14355"}],"wp:attachment":[{"href":"https:\/\/accesolatino.org\/en\/wp-json\/wp\/v2\/media?parent=14354"}],"curies":[{"name":"wp","href":"https:\/\/api.w.org\/{rel}","templated":true}]}}