{"id":14342,"date":"2018-08-10T09:27:29","date_gmt":"2018-08-10T14:27:29","guid":{"rendered":"https:\/\/accesolatino.org\/?page_id=14342"},"modified":"2025-10-10T13:12:56","modified_gmt":"2025-10-10T19:12:56","slug":"estados-unidos-otorga-facilidades-para-obtener-una-vivienda-a-personas-de-bajos-recursos","status":"publish","type":"page","link":"https:\/\/accesolatino.org\/en\/apoyos-sociales\/estados-unidos-otorga-facilidades-para-obtener-una-vivienda-a-personas-de-bajos-recursos\/","title":{"rendered":"Facilidades para vivienda a personas de bajos recursos"},"content":{"rendered":"<div data-elementor-type=\"wp-post\" data-elementor-id=\"14342\" class=\"elementor elementor-14342\">\n\t\t\t\t\t\t<section class=\"elementor-section elementor-top-section elementor-element elementor-element-35632fb elementor-section-full_width elementor-section-height-min-height elementor-section-items-stretch elementor-section-height-default wpr-particle-no wpr-jarallax-no wpr-parallax-no wpr-sticky-section-no wpr-equal-height-no\" data-id=\"35632fb\" data-element_type=\"section\" data-e-type=\"section\" data-settings=\"{&quot;background_background&quot;:&quot;classic&quot;}\">\n\t\t\t\t\t\t<div class=\"elementor-container elementor-column-gap-no\">\n\t\t\t\t\t<div class=\"elementor-column elementor-col-100 elementor-top-column elementor-element elementor-element-9fbf104\" data-id=\"9fbf104\" data-element_type=\"column\" data-e-type=\"column\">\n\t\t\t<div class=\"elementor-widget-wrap elementor-element-populated\">\n\t\t\t\t\t\t<div class=\"elementor-element elementor-element-8780705 elementor--h-position-center elementor--v-position-middle elementor-widget elementor-widget-slides\" data-id=\"8780705\" data-element_type=\"widget\" data-e-type=\"widget\" data-settings=\"{&quot;navigation&quot;:&quot;none&quot;,&quot;infinite&quot;:&quot;yes&quot;,&quot;transition&quot;:&quot;slide&quot;,&quot;transition_speed&quot;:500}\" data-widget_type=\"slides.default\">\n\t\t\t\t<div class=\"elementor-widget-container\">\n\t\t\t\t\t\t\t<div class=\"elementor-swiper\">\n\t\t\t<div class=\"elementor-slides-wrapper elementor-main-swiper swiper-container\" dir=\"ltr\" data-animation=\"\">\n\t\t\t\t<div class=\"swiper-wrapper elementor-slides\">\n\t\t\t\t\t\t\t\t\t\t<div class=\"elementor-repeater-item-d983a28 swiper-slide\"><div class=\"swiper-slide-bg\"><\/div><div class=\"swiper-slide-inner\" ><div class=\"swiper-slide-contents\"><div class=\"elementor-slide-heading\">Social Supports<\/div><\/div><\/div><\/div>\t\t\t\t<\/div>\n\t\t\t\t\t\t\t<\/div>\n\t\t<\/div>\n\t\t\t\t\t\t<\/div>\n\t\t\t\t<\/div>\n\t\t\t\t\t<\/div>\n\t\t<\/div>\n\t\t\t\t\t<\/div>\n\t\t<\/section>\n\t\t\t\t<section class=\"elementor-section elementor-top-section elementor-element elementor-element-9cee0da elementor-section-stretched elementor-section-boxed elementor-section-height-default elementor-section-height-default wpr-particle-no wpr-jarallax-no wpr-parallax-no wpr-sticky-section-no wpr-equal-height-no\" data-id=\"9cee0da\" data-element_type=\"section\" data-e-type=\"section\" data-settings=\"{&quot;stretch_section&quot;:&quot;section-stretched&quot;,&quot;background_background&quot;:&quot;classic&quot;}\">\n\t\t\t\t\t\t<div class=\"elementor-container elementor-column-gap-default\">\n\t\t\t\t\t<div class=\"elementor-column elementor-col-100 elementor-top-column elementor-element elementor-element-fccaca6\" data-id=\"fccaca6\" data-element_type=\"column\" data-e-type=\"column\">\n\t\t\t<div class=\"elementor-widget-wrap elementor-element-populated\">\n\t\t\t\t\t\t<div class=\"elementor-element elementor-element-8052a7c elementor-widget elementor-widget-heading\" data-id=\"8052a7c\" data-element_type=\"widget\" data-e-type=\"widget\" data-widget_type=\"heading.default\">\n\t\t\t\t<div class=\"elementor-widget-container\">\n\t\t\t\t\t<h3 class=\"elementor-heading-title elementor-size-default\">United States provides low-income housing assistance to low-income persons\n\n<\/h3>\t\t\t\t<\/div>\n\t\t\t\t<\/div>\n\t\t\t\t<div class=\"elementor-element elementor-element-d424c35 elementor-widget elementor-widget-text-editor\" data-id=\"d424c35\" data-element_type=\"widget\" data-e-type=\"widget\" data-widget_type=\"text-editor.default\">\n\t\t\t\t<div class=\"elementor-widget-container\">\n\t\t\t\t\t\t\t\t\t<p>\u00a0<\/p><p>El gobierno de Estados Unidos ha creado una gran variedad de programas federales para apoyar a las personas de bajos recursos, con el objetivo de brindar una vivienda digna, se cre\u00f3 el programa de alquiler de viviendas que puede incluir casas unifamiliares, en grupo de casas semejantes y\/o apartamentos.<\/p><p>Es por eso que, a los migrantes en Estados Unidos, as\u00ed como retornados a M\u00e9xico les brindamos nuestra herramienta de <a href=\"https:\/\/accesolatino.org\/en\/apoyos-sociales\/\">\u201cApoyos Sociales\u201d<\/a> donde encontrar\u00e1n la tarjeta de <strong>Vivienda \u201cSection 8: Hounsing Choice Voucher\u201d<\/strong> conocido en ingl\u00e9s.<\/p><p>Este programa ofrece a los migrantes que viven legalmente en Estados Unidos y no ganan el suficiente dinero para pagar el alquiler o la hipoteca, la oportunidad de calificar por una vivienda en <strong>Secci\u00f3n 8<\/strong>, tambi\u00e9n conocido como &#8220;vales de elecci\u00f3n de vivienda\u201d.<\/p><p>En nuestra tarjeta de <strong>\u201cVivienda\u201d<\/strong> podr\u00e1s encontrar mayor informaci\u00f3n, la gu\u00eda para participar en este programa al igual que los beneficios que este te otorga.<\/p>\t\t\t\t\t\t\t\t<\/div>\n\t\t\t\t<\/div>\n\t\t\t\t<div class=\"elementor-element elementor-element-86c431a elementor-widget elementor-widget-spacer\" data-id=\"86c431a\" data-element_type=\"widget\" data-e-type=\"widget\" data-widget_type=\"spacer.default\">\n\t\t\t\t<div class=\"elementor-widget-container\">\n\t\t\t\t\t\t\t<div class=\"elementor-spacer\">\n\t\t\t<div class=\"elementor-spacer-inner\"><\/div>\n\t\t<\/div>\n\t\t\t\t\t\t<\/div>\n\t\t\t\t<\/div>\n\t\t\t\t\t<\/div>\n\t\t<\/div>\n\t\t\t\t\t<\/div>\n\t\t<\/section>\n\t\t\t\t<\/div>","protected":false},"excerpt":{"rendered":"<p>Apoyos Sociales Estados Unidos otorga facilidades para obtener una vivienda a personas de bajos recursos \u00a0 El gobierno de Estados Unidos ha creado una gran variedad de programas federales para apoyar a las personas de bajos recursos, con el objetivo de brindar una vivienda digna, se cre\u00f3 el programa de alquiler de viviendas que puede incluir casas unifamiliares, en grupo de casas semejantes y\/o apartamentos. Es por eso que, a los migrantes en Estados Unidos, as\u00ed como retornados a M\u00e9xico les brindamos nuestra herramienta de \u201cApoyos Sociales\u201d donde encontrar\u00e1n la tarjeta de Vivienda \u201cSection 8: Hounsing Choice Voucher\u201d conocido en ingl\u00e9s. Este programa ofrece a los migrantes que viven legalmente en Estados Unidos y no ganan el suficiente dinero para pagar el alquiler o la hipoteca, la oportunidad de calificar por una vivienda en Secci\u00f3n 8, tambi\u00e9n conocido como &#8220;vales de elecci\u00f3n de vivienda\u201d. En nuestra tarjeta de \u201cVivienda\u201d podr\u00e1s encontrar mayor informaci\u00f3n, la gu\u00eda para participar en este programa al igual que los beneficios que este te otorga.<\/p>","protected":false},"author":6,"featured_media":14343,"parent":1435,"menu_order":0,"comment_status":"closed","ping_status":"closed","template":"elementor_header_footer","meta":{"_uf_show_specific_survey":0,"_uf_disable_surveys":false,"footnotes":""},"class_list":["post-14342","page","type-page","status-publish","has-post-thumbnail"],"aioseo_notices":[],"yoast_head":"<!-- This site is optimized with the Yoast SEO plugin v27.5 - https:\/\/yoast.com\/product\/yoast-seo-wordpress\/ -->\n<title>Obtener una vivienda a personas de bajos recursos<\/title>\n<meta name=\"description\" content=\"Conoce las diferentes formas en las que los migrantes se pueden ver beneficiados en Estados Unidos - Acceso Latino\" \/>\n<meta name=\"robots\" content=\"index, follow, max-snippet:-1, max-image-preview:large, max-video-preview:-1\" \/>\n<link rel=\"canonical\" href=\"https:\/\/accesolatino.org\/en\/apoyos-sociales\/estados-unidos-otorga-facilidades-para-obtener-una-vivienda-a-personas-de-bajos-recursos\/\" \/>\n<meta property=\"og:locale\" content=\"en_US\" \/>\n<meta property=\"og:type\" content=\"article\" \/>\n<meta property=\"og:title\" content=\"Acceso Latino | Facilidades para vivienda a personas de bajos recursos\" \/>\n<meta property=\"og:description\" content=\"Conoce las diferentes formas en las que los migrantes se pueden ver beneficiados en USA\" \/>\n<meta property=\"og:url\" content=\"https:\/\/accesolatino.org\/en\/apoyos-sociales\/estados-unidos-otorga-facilidades-para-obtener-una-vivienda-a-personas-de-bajos-recursos\/\" \/>\n<meta property=\"og:site_name\" content=\"Acceso Latino\" \/>\n<meta property=\"article:publisher\" content=\"https:\/\/www.facebook.com\/AccesoLatinoOrg\" \/>\n<meta property=\"article:modified_time\" content=\"2025-10-10T19:12:56+00:00\" \/>\n<meta property=\"og:image\" content=\"https:\/\/accesolatino.org\/wp-content\/uploads\/2018\/08\/Estados-Unidos-otorga-facilidades-para-obtener-una-vivienda-a-personas-de-bajos-recursos.jpg\" \/>\n\t<meta property=\"og:image:width\" content=\"1920\" \/>\n\t<meta property=\"og:image:height\" content=\"1276\" \/>\n\t<meta property=\"og:image:type\" content=\"image\/jpeg\" \/>\n<meta name=\"twitter:card\" content=\"summary_large_image\" \/>\n<meta name=\"twitter:title\" content=\"Acceso Latino | Facilidades para vivienda a personas de bajos recursos\" \/>\n<meta name=\"twitter:description\" content=\"Conoce las diferentes formas en las que los migrantes se pueden ver beneficiados en USA\" \/>\n<meta name=\"twitter:image\" content=\"https:\/\/accesolatino.org\/wp-content\/uploads\/2018\/08\/Estados-Unidos-otorga-facilidades-para-obtener-una-vivienda-a-personas-de-bajos-recursos.jpg\" \/>\n<meta name=\"twitter:site\" content=\"@FAccLatino\" \/>\n<meta name=\"twitter:label1\" content=\"Est. reading time\" \/>\n\t<meta name=\"twitter:data1\" content=\"1 minute\" \/>\n<script type=\"application\/ld+json\" class=\"yoast-schema-graph\">{\"@context\":\"https:\\\/\\\/schema.org\",\"@graph\":[{\"@type\":\"WebPage\",\"@id\":\"https:\\\/\\\/accesolatino.org\\\/en\\\/apoyos-sociales\\\/estados-unidos-otorga-facilidades-para-obtener-una-vivienda-a-personas-de-bajos-recursos\\\/\",\"url\":\"https:\\\/\\\/accesolatino.org\\\/en\\\/apoyos-sociales\\\/estados-unidos-otorga-facilidades-para-obtener-una-vivienda-a-personas-de-bajos-recursos\\\/\",\"name\":\"Obtener una vivienda a personas de bajos recursos\",\"isPartOf\":{\"@id\":\"https:\\\/\\\/accesolatino.org\\\/#website\"},\"primaryImageOfPage\":{\"@id\":\"https:\\\/\\\/accesolatino.org\\\/en\\\/apoyos-sociales\\\/estados-unidos-otorga-facilidades-para-obtener-una-vivienda-a-personas-de-bajos-recursos\\\/#primaryimage\"},\"image\":{\"@id\":\"https:\\\/\\\/accesolatino.org\\\/en\\\/apoyos-sociales\\\/estados-unidos-otorga-facilidades-para-obtener-una-vivienda-a-personas-de-bajos-recursos\\\/#primaryimage\"},\"thumbnailUrl\":\"https:\\\/\\\/accesolatino.org\\\/wp-content\\\/uploads\\\/2018\\\/08\\\/Estados-Unidos-otorga-facilidades-para-obtener-una-vivienda-a-personas-de-bajos-recursos.jpg\",\"datePublished\":\"2018-08-10T14:27:29+00:00\",\"dateModified\":\"2025-10-10T19:12:56+00:00\",\"description\":\"Conoce las diferentes formas en las que los migrantes se pueden ver beneficiados en Estados Unidos - Acceso Latino\",\"breadcrumb\":{\"@id\":\"https:\\\/\\\/accesolatino.org\\\/en\\\/apoyos-sociales\\\/estados-unidos-otorga-facilidades-para-obtener-una-vivienda-a-personas-de-bajos-recursos\\\/#breadcrumb\"},\"inLanguage\":\"en-US\",\"potentialAction\":[{\"@type\":\"ReadAction\",\"target\":[\"https:\\\/\\\/accesolatino.org\\\/en\\\/apoyos-sociales\\\/estados-unidos-otorga-facilidades-para-obtener-una-vivienda-a-personas-de-bajos-recursos\\\/\"]}]},{\"@type\":\"ImageObject\",\"inLanguage\":\"en-US\",\"@id\":\"https:\\\/\\\/accesolatino.org\\\/en\\\/apoyos-sociales\\\/estados-unidos-otorga-facilidades-para-obtener-una-vivienda-a-personas-de-bajos-recursos\\\/#primaryimage\",\"url\":\"https:\\\/\\\/accesolatino.org\\\/wp-content\\\/uploads\\\/2018\\\/08\\\/Estados-Unidos-otorga-facilidades-para-obtener-una-vivienda-a-personas-de-bajos-recursos.jpg\",\"contentUrl\":\"https:\\\/\\\/accesolatino.org\\\/wp-content\\\/uploads\\\/2018\\\/08\\\/Estados-Unidos-otorga-facilidades-para-obtener-una-vivienda-a-personas-de-bajos-recursos.jpg\",\"width\":1920,\"height\":1276,\"caption\":\"vivienda bajo costo\"},{\"@type\":\"BreadcrumbList\",\"@id\":\"https:\\\/\\\/accesolatino.org\\\/en\\\/apoyos-sociales\\\/estados-unidos-otorga-facilidades-para-obtener-una-vivienda-a-personas-de-bajos-recursos\\\/#breadcrumb\",\"itemListElement\":[{\"@type\":\"ListItem\",\"position\":1,\"name\":\"Portada\",\"item\":\"https:\\\/\\\/accesolatino.org\\\/\"},{\"@type\":\"ListItem\",\"position\":2,\"name\":\"Apoyos Sociales\",\"item\":\"https:\\\/\\\/accesolatino.org\\\/en\\\/apoyos-sociales\\\/\"},{\"@type\":\"ListItem\",\"position\":3,\"name\":\"Facilidades para vivienda a personas de bajos recursos\"}]},{\"@type\":\"WebSite\",\"@id\":\"https:\\\/\\\/accesolatino.org\\\/#website\",\"url\":\"https:\\\/\\\/accesolatino.org\\\/\",\"name\":\"Acceso Latino | Fundaci\u00f3n Carlos Slim\",\"description\":\"Fundaci\u00f3n Carlos Slim\",\"publisher\":{\"@id\":\"https:\\\/\\\/accesolatino.org\\\/#organization\"},\"potentialAction\":[{\"@type\":\"SearchAction\",\"target\":{\"@type\":\"EntryPoint\",\"urlTemplate\":\"https:\\\/\\\/accesolatino.org\\\/?s={search_term_string}\"},\"query-input\":{\"@type\":\"PropertyValueSpecification\",\"valueRequired\":true,\"valueName\":\"search_term_string\"}}],\"inLanguage\":\"en-US\"},{\"@type\":\"Organization\",\"@id\":\"https:\\\/\\\/accesolatino.org\\\/#organization\",\"name\":\"Acceso Latino | Fundaci\u00f3n Carlos Slim\",\"url\":\"https:\\\/\\\/accesolatino.org\\\/\",\"logo\":{\"@type\":\"ImageObject\",\"inLanguage\":\"en-US\",\"@id\":\"https:\\\/\\\/accesolatino.org\\\/#\\\/schema\\\/logo\\\/image\\\/\",\"url\":\"https:\\\/\\\/accesolatino.org\\\/wp-content\\\/uploads\\\/2021\\\/02\\\/logo-footer-acceso-latino.png\",\"contentUrl\":\"https:\\\/\\\/accesolatino.org\\\/wp-content\\\/uploads\\\/2021\\\/02\\\/logo-footer-acceso-latino.png\",\"width\":240,\"height\":40,\"caption\":\"Acceso Latino | Fundaci\u00f3n Carlos Slim\"},\"image\":{\"@id\":\"https:\\\/\\\/accesolatino.org\\\/#\\\/schema\\\/logo\\\/image\\\/\"},\"sameAs\":[\"https:\\\/\\\/www.facebook.com\\\/AccesoLatinoOrg\",\"https:\\\/\\\/x.com\\\/FAccLatino\"]}]}<\/script>\n<!-- \/ Yoast SEO plugin. -->","yoast_head_json":{"title":"Obtener una vivienda a personas de bajos recursos","description":"Conoce las diferentes formas en las que los migrantes se pueden ver beneficiados en Estados Unidos - Acceso Latino","robots":{"index":"index","follow":"follow","max-snippet":"max-snippet:-1","max-image-preview":"max-image-preview:large","max-video-preview":"max-video-preview:-1"},"canonical":"https:\/\/accesolatino.org\/en\/apoyos-sociales\/estados-unidos-otorga-facilidades-para-obtener-una-vivienda-a-personas-de-bajos-recursos\/","og_locale":"en_US","og_type":"article","og_title":"Acceso Latino | Facilidades para vivienda a personas de bajos recursos","og_description":"Conoce las diferentes formas en las que los migrantes se pueden ver beneficiados en USA","og_url":"https:\/\/accesolatino.org\/en\/apoyos-sociales\/estados-unidos-otorga-facilidades-para-obtener-una-vivienda-a-personas-de-bajos-recursos\/","og_site_name":"Acceso Latino","article_publisher":"https:\/\/www.facebook.com\/AccesoLatinoOrg","article_modified_time":"2025-10-10T19:12:56+00:00","og_image":[{"width":1920,"height":1276,"url":"https:\/\/accesolatino.org\/wp-content\/uploads\/2018\/08\/Estados-Unidos-otorga-facilidades-para-obtener-una-vivienda-a-personas-de-bajos-recursos.jpg","type":"image\/jpeg"}],"twitter_card":"summary_large_image","twitter_title":"Acceso Latino | Facilidades para vivienda a personas de bajos recursos","twitter_description":"Conoce las diferentes formas en las que los migrantes se pueden ver beneficiados en USA","twitter_image":"https:\/\/accesolatino.org\/wp-content\/uploads\/2018\/08\/Estados-Unidos-otorga-facilidades-para-obtener-una-vivienda-a-personas-de-bajos-recursos.jpg","twitter_site":"@FAccLatino","twitter_misc":{"Est. reading time":"1 minute"},"schema":{"@context":"https:\/\/schema.org","@graph":[{"@type":"WebPage","@id":"https:\/\/accesolatino.org\/en\/apoyos-sociales\/estados-unidos-otorga-facilidades-para-obtener-una-vivienda-a-personas-de-bajos-recursos\/","url":"https:\/\/accesolatino.org\/en\/apoyos-sociales\/estados-unidos-otorga-facilidades-para-obtener-una-vivienda-a-personas-de-bajos-recursos\/","name":"Obtener una vivienda a personas de bajos recursos","isPartOf":{"@id":"https:\/\/accesolatino.org\/#website"},"primaryImageOfPage":{"@id":"https:\/\/accesolatino.org\/en\/apoyos-sociales\/estados-unidos-otorga-facilidades-para-obtener-una-vivienda-a-personas-de-bajos-recursos\/#primaryimage"},"image":{"@id":"https:\/\/accesolatino.org\/en\/apoyos-sociales\/estados-unidos-otorga-facilidades-para-obtener-una-vivienda-a-personas-de-bajos-recursos\/#primaryimage"},"thumbnailUrl":"https:\/\/accesolatino.org\/wp-content\/uploads\/2018\/08\/Estados-Unidos-otorga-facilidades-para-obtener-una-vivienda-a-personas-de-bajos-recursos.jpg","datePublished":"2018-08-10T14:27:29+00:00","dateModified":"2025-10-10T19:12:56+00:00","description":"Conoce las diferentes formas en las que los migrantes se pueden ver beneficiados en Estados Unidos - Acceso Latino","breadcrumb":{"@id":"https:\/\/accesolatino.org\/en\/apoyos-sociales\/estados-unidos-otorga-facilidades-para-obtener-una-vivienda-a-personas-de-bajos-recursos\/#breadcrumb"},"inLanguage":"en-US","potentialAction":[{"@type":"ReadAction","target":["https:\/\/accesolatino.org\/en\/apoyos-sociales\/estados-unidos-otorga-facilidades-para-obtener-una-vivienda-a-personas-de-bajos-recursos\/"]}]},{"@type":"ImageObject","inLanguage":"en-US","@id":"https:\/\/accesolatino.org\/en\/apoyos-sociales\/estados-unidos-otorga-facilidades-para-obtener-una-vivienda-a-personas-de-bajos-recursos\/#primaryimage","url":"https:\/\/accesolatino.org\/wp-content\/uploads\/2018\/08\/Estados-Unidos-otorga-facilidades-para-obtener-una-vivienda-a-personas-de-bajos-recursos.jpg","contentUrl":"https:\/\/accesolatino.org\/wp-content\/uploads\/2018\/08\/Estados-Unidos-otorga-facilidades-para-obtener-una-vivienda-a-personas-de-bajos-recursos.jpg","width":1920,"height":1276,"caption":"vivienda bajo costo"},{"@type":"BreadcrumbList","@id":"https:\/\/accesolatino.org\/en\/apoyos-sociales\/estados-unidos-otorga-facilidades-para-obtener-una-vivienda-a-personas-de-bajos-recursos\/#breadcrumb","itemListElement":[{"@type":"ListItem","position":1,"name":"Portada","item":"https:\/\/accesolatino.org\/"},{"@type":"ListItem","position":2,"name":"Apoyos Sociales","item":"https:\/\/accesolatino.org\/en\/apoyos-sociales\/"},{"@type":"ListItem","position":3,"name":"Facilidades para vivienda a personas de bajos recursos"}]},{"@type":"WebSite","@id":"https:\/\/accesolatino.org\/#website","url":"https:\/\/accesolatino.org\/","name":"Acceso Latino | Fundaci\u00f3n Carlos Slim","description":"Fundaci\u00f3n Carlos Slim","publisher":{"@id":"https:\/\/accesolatino.org\/#organization"},"potentialAction":[{"@type":"SearchAction","target":{"@type":"EntryPoint","urlTemplate":"https:\/\/accesolatino.org\/?s={search_term_string}"},"query-input":{"@type":"PropertyValueSpecification","valueRequired":true,"valueName":"search_term_string"}}],"inLanguage":"en-US"},{"@type":"Organization","@id":"https:\/\/accesolatino.org\/#organization","name":"Acceso Latino | Fundaci\u00f3n Carlos Slim","url":"https:\/\/accesolatino.org\/","logo":{"@type":"ImageObject","inLanguage":"en-US","@id":"https:\/\/accesolatino.org\/#\/schema\/logo\/image\/","url":"https:\/\/accesolatino.org\/wp-content\/uploads\/2021\/02\/logo-footer-acceso-latino.png","contentUrl":"https:\/\/accesolatino.org\/wp-content\/uploads\/2021\/02\/logo-footer-acceso-latino.png","width":240,"height":40,"caption":"Acceso Latino | Fundaci\u00f3n Carlos Slim"},"image":{"@id":"https:\/\/accesolatino.org\/#\/schema\/logo\/image\/"},"sameAs":["https:\/\/www.facebook.com\/AccesoLatinoOrg","https:\/\/x.com\/FAccLatino"]}]}},"_links":{"self":[{"href":"https:\/\/accesolatino.org\/en\/wp-json\/wp\/v2\/pages\/14342","targetHints":{"allow":["GET"]}}],"collection":[{"href":"https:\/\/accesolatino.org\/en\/wp-json\/wp\/v2\/pages"}],"about":[{"href":"https:\/\/accesolatino.org\/en\/wp-json\/wp\/v2\/types\/page"}],"author":[{"embeddable":true,"href":"https:\/\/accesolatino.org\/en\/wp-json\/wp\/v2\/users\/6"}],"replies":[{"embeddable":true,"href":"https:\/\/accesolatino.org\/en\/wp-json\/wp\/v2\/comments?post=14342"}],"version-history":[{"count":1,"href":"https:\/\/accesolatino.org\/en\/wp-json\/wp\/v2\/pages\/14342\/revisions"}],"predecessor-version":[{"id":63868,"href":"https:\/\/accesolatino.org\/en\/wp-json\/wp\/v2\/pages\/14342\/revisions\/63868"}],"up":[{"embeddable":true,"href":"https:\/\/accesolatino.org\/en\/wp-json\/wp\/v2\/pages\/1435"}],"wp:featuredmedia":[{"embeddable":true,"href":"https:\/\/accesolatino.org\/en\/wp-json\/wp\/v2\/media\/14343"}],"wp:attachment":[{"href":"https:\/\/accesolatino.org\/en\/wp-json\/wp\/v2\/media?parent=14342"}],"curies":[{"name":"wp","href":"https:\/\/api.w.org\/{rel}","templated":true}]}}