{"id":14316,"date":"2018-08-07T09:34:08","date_gmt":"2018-08-07T14:34:08","guid":{"rendered":"https:\/\/accesolatino.org\/?page_id=14316"},"modified":"2025-10-10T13:49:40","modified_gmt":"2025-10-10T19:49:40","slug":"programa-de-apoyo-alimenticio-para-ninos-de-bajos-recursos","status":"publish","type":"page","link":"https:\/\/accesolatino.org\/en\/apoyos-sociales\/programa-de-apoyo-alimenticio-para-ninos-de-bajos-recursos\/","title":{"rendered":"Programa de apoyo alimenticio para ni\u00f1os de bajos recursos en EUA"},"content":{"rendered":"<div data-elementor-type=\"wp-post\" data-elementor-id=\"14316\" class=\"elementor elementor-14316\">\n\t\t\t\t\t\t<section class=\"elementor-section elementor-top-section elementor-element elementor-element-9333fcc elementor-section-full_width elementor-section-height-min-height elementor-section-items-stretch elementor-section-height-default wpr-particle-no wpr-jarallax-no wpr-parallax-no wpr-sticky-section-no wpr-equal-height-no\" data-id=\"9333fcc\" data-element_type=\"section\" data-e-type=\"section\" data-settings=\"{&quot;background_background&quot;:&quot;classic&quot;}\">\n\t\t\t\t\t\t<div class=\"elementor-container elementor-column-gap-no\">\n\t\t\t\t\t<div class=\"elementor-column elementor-col-100 elementor-top-column elementor-element elementor-element-0c21889\" data-id=\"0c21889\" data-element_type=\"column\" data-e-type=\"column\">\n\t\t\t<div class=\"elementor-widget-wrap elementor-element-populated\">\n\t\t\t\t\t\t<div class=\"elementor-element elementor-element-8c7cb02 elementor--h-position-center elementor--v-position-middle elementor-widget elementor-widget-slides\" data-id=\"8c7cb02\" data-element_type=\"widget\" data-e-type=\"widget\" data-settings=\"{&quot;navigation&quot;:&quot;none&quot;,&quot;infinite&quot;:&quot;yes&quot;,&quot;transition&quot;:&quot;slide&quot;,&quot;transition_speed&quot;:500}\" data-widget_type=\"slides.default\">\n\t\t\t\t<div class=\"elementor-widget-container\">\n\t\t\t\t\t\t\t<div class=\"elementor-swiper\">\n\t\t\t<div class=\"elementor-slides-wrapper elementor-main-swiper swiper-container\" dir=\"ltr\" data-animation=\"\">\n\t\t\t\t<div class=\"swiper-wrapper elementor-slides\">\n\t\t\t\t\t\t\t\t\t\t<div class=\"elementor-repeater-item-d983a28 swiper-slide\"><div class=\"swiper-slide-bg\"><\/div><div class=\"swiper-slide-inner\" ><div class=\"swiper-slide-contents\"><div class=\"elementor-slide-heading\">Social Supports<\/div><\/div><\/div><\/div>\t\t\t\t<\/div>\n\t\t\t\t\t\t\t<\/div>\n\t\t<\/div>\n\t\t\t\t\t\t<\/div>\n\t\t\t\t<\/div>\n\t\t\t\t\t<\/div>\n\t\t<\/div>\n\t\t\t\t\t<\/div>\n\t\t<\/section>\n\t\t\t\t<section class=\"elementor-section elementor-top-section elementor-element elementor-element-9d8d51a elementor-section-stretched elementor-section-boxed elementor-section-height-default elementor-section-height-default wpr-particle-no wpr-jarallax-no wpr-parallax-no wpr-sticky-section-no wpr-equal-height-no\" data-id=\"9d8d51a\" data-element_type=\"section\" data-e-type=\"section\" data-settings=\"{&quot;stretch_section&quot;:&quot;section-stretched&quot;,&quot;background_background&quot;:&quot;classic&quot;}\">\n\t\t\t\t\t\t<div class=\"elementor-container elementor-column-gap-default\">\n\t\t\t\t\t<div class=\"elementor-column elementor-col-100 elementor-top-column elementor-element elementor-element-6e43f43\" data-id=\"6e43f43\" data-element_type=\"column\" data-e-type=\"column\">\n\t\t\t<div class=\"elementor-widget-wrap elementor-element-populated\">\n\t\t\t\t\t\t<div class=\"elementor-element elementor-element-3e571b9 elementor-widget elementor-widget-heading\" data-id=\"3e571b9\" data-element_type=\"widget\" data-e-type=\"widget\" data-widget_type=\"heading.default\">\n\t\t\t\t<div class=\"elementor-widget-container\">\n\t\t\t\t\t<h3 class=\"elementor-heading-title elementor-size-default\">Learn about the food support program for low-income children in the U.S.<\/h3>\t\t\t\t<\/div>\n\t\t\t\t<\/div>\n\t\t\t\t<div class=\"elementor-element elementor-element-36fb9ec elementor-widget elementor-widget-text-editor\" data-id=\"36fb9ec\" data-element_type=\"widget\" data-e-type=\"widget\" data-widget_type=\"text-editor.default\">\n\t\t\t\t<div class=\"elementor-widget-container\">\n\t\t\t\t\t\t\t\t\t<p>Para ti migrante en Estados Unidos, te proporcionamos la herramienta de <a href=\"https:\/\/accesolatino.org\/en\/apoyos-sociales\/\">\u201cApoyos Sociales\u201d<\/a> donde encontrar\u00e1s la tarjeta del<strong> Programa de Servicio de Alimentos de Verano \u201cSFSP\u201d<\/strong> (por sus siglas en ingl\u00e9s).<\/p><p>Este programa financiado por el gobierno federal se estableci\u00f3 para asegurar que los ni\u00f1os de bajos recursos contin\u00faen recibiendo alimentos nutritivos durante el per\u00edodo de vacaciones. Se proporcionan alimentos gratuitos, que cumplen con las gu\u00edas de nutrici\u00f3n establecidas por el gobierno federal, a todos los ni\u00f1os en lugares aprobados por el <strong>SFSP<\/strong> en \u00e1reas con concentraciones importantes de ni\u00f1os de bajos recursos.<\/p><p>Para poder obtener m\u00e1s detalles de este programa y poder recibir la ayuda, deber\u00e1s ingresar a <a href=\"http:\/\/accesolatino.org\/en\/\"><strong>accesolatino.org<\/strong><\/a> y dar click en la herramienta de <a href=\"https:\/\/accesolatino.org\/en\/apoyos-sociales\/\"><strong>Social Supports<\/strong>.<\/a> Tambi\u00e9n, podr\u00e1s conocer otros programas de apoyo del gobierno federal adem\u00e1s de utilizar los distintos servicios y herramientas que tenemos para ti completamente gratis.<\/p>\t\t\t\t\t\t\t\t<\/div>\n\t\t\t\t<\/div>\n\t\t\t\t<div class=\"elementor-element elementor-element-89b3ef0 elementor-widget elementor-widget-spacer\" data-id=\"89b3ef0\" data-element_type=\"widget\" data-e-type=\"widget\" data-widget_type=\"spacer.default\">\n\t\t\t\t<div class=\"elementor-widget-container\">\n\t\t\t\t\t\t\t<div class=\"elementor-spacer\">\n\t\t\t<div class=\"elementor-spacer-inner\"><\/div>\n\t\t<\/div>\n\t\t\t\t\t\t<\/div>\n\t\t\t\t<\/div>\n\t\t\t\t\t<\/div>\n\t\t<\/div>\n\t\t\t\t\t<\/div>\n\t\t<\/section>\n\t\t\t\t<\/div>","protected":false},"excerpt":{"rendered":"<p>Apoyos Sociales Conoce el programa de apoyo alimenticio para ni\u00f1os de bajos recursos en EUA Para ti migrante en Estados Unidos, te proporcionamos la herramienta de \u201cApoyos Sociales\u201d donde encontrar\u00e1s la tarjeta del Programa de Servicio de Alimentos de Verano \u201cSFSP\u201d (por sus siglas en ingl\u00e9s). Este programa financiado por el gobierno federal se estableci\u00f3 para asegurar que los ni\u00f1os de bajos recursos contin\u00faen recibiendo alimentos nutritivos durante el per\u00edodo de vacaciones. Se proporcionan alimentos gratuitos, que cumplen con las gu\u00edas de nutrici\u00f3n establecidas por el gobierno federal, a todos los ni\u00f1os en lugares aprobados por el SFSP en \u00e1reas con concentraciones importantes de ni\u00f1os de bajos recursos. Para poder obtener m\u00e1s detalles de este programa y poder recibir la ayuda, deber\u00e1s ingresar a accesolatino.org y dar click en la herramienta de Apoyos Sociales. Tambi\u00e9n, podr\u00e1s conocer otros programas de apoyo del gobierno federal adem\u00e1s de utilizar los distintos servicios y herramientas que tenemos para ti completamente gratis.<\/p>","protected":false},"author":6,"featured_media":14317,"parent":1435,"menu_order":0,"comment_status":"closed","ping_status":"closed","template":"elementor_header_footer","meta":{"_uf_show_specific_survey":0,"_uf_disable_surveys":false,"footnotes":""},"class_list":["post-14316","page","type-page","status-publish","has-post-thumbnail"],"aioseo_notices":[],"yoast_head":"<!-- This site is optimized with the Yoast SEO plugin v27.5 - https:\/\/yoast.com\/product\/yoast-seo-wordpress\/ -->\n<title>Programa de apoyo alimenticio para ni\u00f1os de bajos recursos<\/title>\n<meta name=\"description\" content=\"Conoce las diferentes formas en las que los migrantes se pueden ver beneficiados en Estados Unidos - Acceso Latino\" \/>\n<meta name=\"robots\" content=\"index, follow, max-snippet:-1, max-image-preview:large, max-video-preview:-1\" \/>\n<link rel=\"canonical\" href=\"https:\/\/accesolatino.org\/en\/apoyos-sociales\/programa-de-apoyo-alimenticio-para-ninos-de-bajos-recursos\/\" \/>\n<meta property=\"og:locale\" content=\"en_US\" \/>\n<meta property=\"og:type\" content=\"article\" \/>\n<meta property=\"og:title\" content=\"Acceso Latino | Programa de apoyo alimenticio para ni\u00f1os de bajos recursos en EUA\" \/>\n<meta property=\"og:description\" content=\"Conoce las diferentes formas en las que los migrantes se pueden ver beneficiados en USA\" \/>\n<meta property=\"og:url\" content=\"https:\/\/accesolatino.org\/en\/apoyos-sociales\/programa-de-apoyo-alimenticio-para-ninos-de-bajos-recursos\/\" \/>\n<meta property=\"og:site_name\" content=\"Acceso Latino\" \/>\n<meta property=\"article:publisher\" content=\"https:\/\/www.facebook.com\/AccesoLatinoOrg\" \/>\n<meta property=\"article:modified_time\" content=\"2025-10-10T19:49:40+00:00\" \/>\n<meta property=\"og:image\" content=\"https:\/\/accesolatino.org\/wp-content\/uploads\/2018\/08\/Conoce-el-programa-de-apoyo-alimenticio-para-ninos-de-bajos-recursos-en-EUA.jpg\" \/>\n\t<meta property=\"og:image:width\" content=\"1200\" \/>\n\t<meta property=\"og:image:height\" content=\"900\" \/>\n\t<meta property=\"og:image:type\" content=\"image\/jpeg\" \/>\n<meta name=\"twitter:card\" content=\"summary_large_image\" \/>\n<meta name=\"twitter:title\" content=\"Acceso Latino | Programa de apoyo alimenticio para ni\u00f1os de bajos recursos en EUA\" \/>\n<meta name=\"twitter:description\" content=\"Conoce las diferentes formas en las que los migrantes se pueden ver beneficiados en USA\" \/>\n<meta name=\"twitter:image\" content=\"https:\/\/accesolatino.org\/wp-content\/uploads\/2018\/08\/Conoce-el-programa-de-apoyo-alimenticio-para-ninos-de-bajos-recursos-en-EUA.jpg\" \/>\n<meta name=\"twitter:site\" content=\"@FAccLatino\" \/>\n<meta name=\"twitter:label1\" content=\"Est. reading time\" \/>\n\t<meta name=\"twitter:data1\" content=\"1 minute\" \/>\n<script type=\"application\/ld+json\" class=\"yoast-schema-graph\">{\"@context\":\"https:\\\/\\\/schema.org\",\"@graph\":[{\"@type\":\"WebPage\",\"@id\":\"https:\\\/\\\/accesolatino.org\\\/apoyos-sociales\\\/programa-de-apoyo-alimenticio-para-ninos-de-bajos-recursos\\\/\",\"url\":\"https:\\\/\\\/accesolatino.org\\\/apoyos-sociales\\\/programa-de-apoyo-alimenticio-para-ninos-de-bajos-recursos\\\/\",\"name\":\"Programa de apoyo alimenticio para ni\u00f1os de bajos recursos\",\"isPartOf\":{\"@id\":\"https:\\\/\\\/accesolatino.org\\\/#website\"},\"primaryImageOfPage\":{\"@id\":\"https:\\\/\\\/accesolatino.org\\\/apoyos-sociales\\\/programa-de-apoyo-alimenticio-para-ninos-de-bajos-recursos\\\/#primaryimage\"},\"image\":{\"@id\":\"https:\\\/\\\/accesolatino.org\\\/apoyos-sociales\\\/programa-de-apoyo-alimenticio-para-ninos-de-bajos-recursos\\\/#primaryimage\"},\"thumbnailUrl\":\"https:\\\/\\\/accesolatino.org\\\/wp-content\\\/uploads\\\/2018\\\/08\\\/Conoce-el-programa-de-apoyo-alimenticio-para-ninos-de-bajos-recursos-en-EUA.jpg\",\"datePublished\":\"2018-08-07T14:34:08+00:00\",\"dateModified\":\"2025-10-10T19:49:40+00:00\",\"description\":\"Conoce las diferentes formas en las que los migrantes se pueden ver beneficiados en Estados Unidos - Acceso Latino\",\"breadcrumb\":{\"@id\":\"https:\\\/\\\/accesolatino.org\\\/apoyos-sociales\\\/programa-de-apoyo-alimenticio-para-ninos-de-bajos-recursos\\\/#breadcrumb\"},\"inLanguage\":\"en-US\",\"potentialAction\":[{\"@type\":\"ReadAction\",\"target\":[\"https:\\\/\\\/accesolatino.org\\\/apoyos-sociales\\\/programa-de-apoyo-alimenticio-para-ninos-de-bajos-recursos\\\/\"]}]},{\"@type\":\"ImageObject\",\"inLanguage\":\"en-US\",\"@id\":\"https:\\\/\\\/accesolatino.org\\\/apoyos-sociales\\\/programa-de-apoyo-alimenticio-para-ninos-de-bajos-recursos\\\/#primaryimage\",\"url\":\"https:\\\/\\\/accesolatino.org\\\/wp-content\\\/uploads\\\/2018\\\/08\\\/Conoce-el-programa-de-apoyo-alimenticio-para-ninos-de-bajos-recursos-en-EUA.jpg\",\"contentUrl\":\"https:\\\/\\\/accesolatino.org\\\/wp-content\\\/uploads\\\/2018\\\/08\\\/Conoce-el-programa-de-apoyo-alimenticio-para-ninos-de-bajos-recursos-en-EUA.jpg\",\"width\":1200,\"height\":900,\"caption\":\"apoyo alimenticio\"},{\"@type\":\"BreadcrumbList\",\"@id\":\"https:\\\/\\\/accesolatino.org\\\/apoyos-sociales\\\/programa-de-apoyo-alimenticio-para-ninos-de-bajos-recursos\\\/#breadcrumb\",\"itemListElement\":[{\"@type\":\"ListItem\",\"position\":1,\"name\":\"Portada\",\"item\":\"https:\\\/\\\/accesolatino.org\\\/\"},{\"@type\":\"ListItem\",\"position\":2,\"name\":\"Apoyos Sociales\",\"item\":\"https:\\\/\\\/accesolatino.org\\\/en\\\/apoyos-sociales\\\/\"},{\"@type\":\"ListItem\",\"position\":3,\"name\":\"Programa de apoyo alimenticio para ni\u00f1os de bajos recursos en EUA\"}]},{\"@type\":\"WebSite\",\"@id\":\"https:\\\/\\\/accesolatino.org\\\/#website\",\"url\":\"https:\\\/\\\/accesolatino.org\\\/\",\"name\":\"Acceso Latino | Fundaci\u00f3n Carlos Slim\",\"description\":\"Fundaci\u00f3n Carlos Slim\",\"publisher\":{\"@id\":\"https:\\\/\\\/accesolatino.org\\\/#organization\"},\"potentialAction\":[{\"@type\":\"SearchAction\",\"target\":{\"@type\":\"EntryPoint\",\"urlTemplate\":\"https:\\\/\\\/accesolatino.org\\\/?s={search_term_string}\"},\"query-input\":{\"@type\":\"PropertyValueSpecification\",\"valueRequired\":true,\"valueName\":\"search_term_string\"}}],\"inLanguage\":\"en-US\"},{\"@type\":\"Organization\",\"@id\":\"https:\\\/\\\/accesolatino.org\\\/#organization\",\"name\":\"Acceso Latino | Fundaci\u00f3n Carlos Slim\",\"url\":\"https:\\\/\\\/accesolatino.org\\\/\",\"logo\":{\"@type\":\"ImageObject\",\"inLanguage\":\"en-US\",\"@id\":\"https:\\\/\\\/accesolatino.org\\\/#\\\/schema\\\/logo\\\/image\\\/\",\"url\":\"https:\\\/\\\/accesolatino.org\\\/wp-content\\\/uploads\\\/2021\\\/02\\\/logo-footer-acceso-latino.png\",\"contentUrl\":\"https:\\\/\\\/accesolatino.org\\\/wp-content\\\/uploads\\\/2021\\\/02\\\/logo-footer-acceso-latino.png\",\"width\":240,\"height\":40,\"caption\":\"Acceso Latino | Fundaci\u00f3n Carlos Slim\"},\"image\":{\"@id\":\"https:\\\/\\\/accesolatino.org\\\/#\\\/schema\\\/logo\\\/image\\\/\"},\"sameAs\":[\"https:\\\/\\\/www.facebook.com\\\/AccesoLatinoOrg\",\"https:\\\/\\\/x.com\\\/FAccLatino\"]}]}<\/script>\n<!-- \/ Yoast SEO plugin. -->","yoast_head_json":{"title":"Programa de apoyo alimenticio para ni\u00f1os de bajos recursos","description":"Conoce las diferentes formas en las que los migrantes se pueden ver beneficiados en Estados Unidos - Acceso Latino","robots":{"index":"index","follow":"follow","max-snippet":"max-snippet:-1","max-image-preview":"max-image-preview:large","max-video-preview":"max-video-preview:-1"},"canonical":"https:\/\/accesolatino.org\/en\/apoyos-sociales\/programa-de-apoyo-alimenticio-para-ninos-de-bajos-recursos\/","og_locale":"en_US","og_type":"article","og_title":"Acceso Latino | Programa de apoyo alimenticio para ni\u00f1os de bajos recursos en EUA","og_description":"Conoce las diferentes formas en las que los migrantes se pueden ver beneficiados en USA","og_url":"https:\/\/accesolatino.org\/en\/apoyos-sociales\/programa-de-apoyo-alimenticio-para-ninos-de-bajos-recursos\/","og_site_name":"Acceso Latino","article_publisher":"https:\/\/www.facebook.com\/AccesoLatinoOrg","article_modified_time":"2025-10-10T19:49:40+00:00","og_image":[{"width":1200,"height":900,"url":"https:\/\/accesolatino.org\/wp-content\/uploads\/2018\/08\/Conoce-el-programa-de-apoyo-alimenticio-para-ninos-de-bajos-recursos-en-EUA.jpg","type":"image\/jpeg"}],"twitter_card":"summary_large_image","twitter_title":"Acceso Latino | Programa de apoyo alimenticio para ni\u00f1os de bajos recursos en EUA","twitter_description":"Conoce las diferentes formas en las que los migrantes se pueden ver beneficiados en USA","twitter_image":"https:\/\/accesolatino.org\/wp-content\/uploads\/2018\/08\/Conoce-el-programa-de-apoyo-alimenticio-para-ninos-de-bajos-recursos-en-EUA.jpg","twitter_site":"@FAccLatino","twitter_misc":{"Est. reading time":"1 minute"},"schema":{"@context":"https:\/\/schema.org","@graph":[{"@type":"WebPage","@id":"https:\/\/accesolatino.org\/apoyos-sociales\/programa-de-apoyo-alimenticio-para-ninos-de-bajos-recursos\/","url":"https:\/\/accesolatino.org\/apoyos-sociales\/programa-de-apoyo-alimenticio-para-ninos-de-bajos-recursos\/","name":"Programa de apoyo alimenticio para ni\u00f1os de bajos recursos","isPartOf":{"@id":"https:\/\/accesolatino.org\/#website"},"primaryImageOfPage":{"@id":"https:\/\/accesolatino.org\/apoyos-sociales\/programa-de-apoyo-alimenticio-para-ninos-de-bajos-recursos\/#primaryimage"},"image":{"@id":"https:\/\/accesolatino.org\/apoyos-sociales\/programa-de-apoyo-alimenticio-para-ninos-de-bajos-recursos\/#primaryimage"},"thumbnailUrl":"https:\/\/accesolatino.org\/wp-content\/uploads\/2018\/08\/Conoce-el-programa-de-apoyo-alimenticio-para-ninos-de-bajos-recursos-en-EUA.jpg","datePublished":"2018-08-07T14:34:08+00:00","dateModified":"2025-10-10T19:49:40+00:00","description":"Conoce las diferentes formas en las que los migrantes se pueden ver beneficiados en Estados Unidos - Acceso Latino","breadcrumb":{"@id":"https:\/\/accesolatino.org\/apoyos-sociales\/programa-de-apoyo-alimenticio-para-ninos-de-bajos-recursos\/#breadcrumb"},"inLanguage":"en-US","potentialAction":[{"@type":"ReadAction","target":["https:\/\/accesolatino.org\/apoyos-sociales\/programa-de-apoyo-alimenticio-para-ninos-de-bajos-recursos\/"]}]},{"@type":"ImageObject","inLanguage":"en-US","@id":"https:\/\/accesolatino.org\/apoyos-sociales\/programa-de-apoyo-alimenticio-para-ninos-de-bajos-recursos\/#primaryimage","url":"https:\/\/accesolatino.org\/wp-content\/uploads\/2018\/08\/Conoce-el-programa-de-apoyo-alimenticio-para-ninos-de-bajos-recursos-en-EUA.jpg","contentUrl":"https:\/\/accesolatino.org\/wp-content\/uploads\/2018\/08\/Conoce-el-programa-de-apoyo-alimenticio-para-ninos-de-bajos-recursos-en-EUA.jpg","width":1200,"height":900,"caption":"apoyo alimenticio"},{"@type":"BreadcrumbList","@id":"https:\/\/accesolatino.org\/apoyos-sociales\/programa-de-apoyo-alimenticio-para-ninos-de-bajos-recursos\/#breadcrumb","itemListElement":[{"@type":"ListItem","position":1,"name":"Portada","item":"https:\/\/accesolatino.org\/"},{"@type":"ListItem","position":2,"name":"Apoyos Sociales","item":"https:\/\/accesolatino.org\/en\/apoyos-sociales\/"},{"@type":"ListItem","position":3,"name":"Programa de apoyo alimenticio para ni\u00f1os de bajos recursos en EUA"}]},{"@type":"WebSite","@id":"https:\/\/accesolatino.org\/#website","url":"https:\/\/accesolatino.org\/","name":"Acceso Latino | Fundaci\u00f3n Carlos Slim","description":"Fundaci\u00f3n Carlos Slim","publisher":{"@id":"https:\/\/accesolatino.org\/#organization"},"potentialAction":[{"@type":"SearchAction","target":{"@type":"EntryPoint","urlTemplate":"https:\/\/accesolatino.org\/?s={search_term_string}"},"query-input":{"@type":"PropertyValueSpecification","valueRequired":true,"valueName":"search_term_string"}}],"inLanguage":"en-US"},{"@type":"Organization","@id":"https:\/\/accesolatino.org\/#organization","name":"Acceso Latino | Fundaci\u00f3n Carlos Slim","url":"https:\/\/accesolatino.org\/","logo":{"@type":"ImageObject","inLanguage":"en-US","@id":"https:\/\/accesolatino.org\/#\/schema\/logo\/image\/","url":"https:\/\/accesolatino.org\/wp-content\/uploads\/2021\/02\/logo-footer-acceso-latino.png","contentUrl":"https:\/\/accesolatino.org\/wp-content\/uploads\/2021\/02\/logo-footer-acceso-latino.png","width":240,"height":40,"caption":"Acceso Latino | Fundaci\u00f3n Carlos Slim"},"image":{"@id":"https:\/\/accesolatino.org\/#\/schema\/logo\/image\/"},"sameAs":["https:\/\/www.facebook.com\/AccesoLatinoOrg","https:\/\/x.com\/FAccLatino"]}]}},"_links":{"self":[{"href":"https:\/\/accesolatino.org\/en\/wp-json\/wp\/v2\/pages\/14316","targetHints":{"allow":["GET"]}}],"collection":[{"href":"https:\/\/accesolatino.org\/en\/wp-json\/wp\/v2\/pages"}],"about":[{"href":"https:\/\/accesolatino.org\/en\/wp-json\/wp\/v2\/types\/page"}],"author":[{"embeddable":true,"href":"https:\/\/accesolatino.org\/en\/wp-json\/wp\/v2\/users\/6"}],"replies":[{"embeddable":true,"href":"https:\/\/accesolatino.org\/en\/wp-json\/wp\/v2\/comments?post=14316"}],"version-history":[{"count":1,"href":"https:\/\/accesolatino.org\/en\/wp-json\/wp\/v2\/pages\/14316\/revisions"}],"predecessor-version":[{"id":63895,"href":"https:\/\/accesolatino.org\/en\/wp-json\/wp\/v2\/pages\/14316\/revisions\/63895"}],"up":[{"embeddable":true,"href":"https:\/\/accesolatino.org\/en\/wp-json\/wp\/v2\/pages\/1435"}],"wp:featuredmedia":[{"embeddable":true,"href":"https:\/\/accesolatino.org\/en\/wp-json\/wp\/v2\/media\/14317"}],"wp:attachment":[{"href":"https:\/\/accesolatino.org\/en\/wp-json\/wp\/v2\/media?parent=14316"}],"curies":[{"name":"wp","href":"https:\/\/api.w.org\/{rel}","templated":true}]}}