{"id":14306,"date":"2018-08-06T11:57:35","date_gmt":"2018-08-06T16:57:35","guid":{"rendered":"https:\/\/accesolatino.org\/?page_id=14306"},"modified":"2025-10-10T13:48:04","modified_gmt":"2025-10-10T19:48:04","slug":"conoce-el-programa-de-apoyo-alimenticio-para-ninos-mujeres-y-adultos-mayores-en-eua","status":"publish","type":"page","link":"https:\/\/accesolatino.org\/en\/apoyos-sociales\/conoce-el-programa-de-apoyo-alimenticio-para-ninos-mujeres-y-adultos-mayores-en-eua\/","title":{"rendered":"Programa de apoyo alimenticio para ni\u00f1os, mujeres y adultos mayores en EUA"},"content":{"rendered":"<div data-elementor-type=\"wp-post\" data-elementor-id=\"14306\" class=\"elementor elementor-14306\">\n\t\t\t\t\t\t<section class=\"elementor-section elementor-top-section elementor-element elementor-element-1ccb7e8 elementor-section-full_width elementor-section-height-min-height elementor-section-items-stretch elementor-section-height-default wpr-particle-no wpr-jarallax-no wpr-parallax-no wpr-sticky-section-no wpr-equal-height-no\" data-id=\"1ccb7e8\" data-element_type=\"section\" data-e-type=\"section\" data-settings=\"{&quot;background_background&quot;:&quot;classic&quot;}\">\n\t\t\t\t\t\t<div class=\"elementor-container elementor-column-gap-no\">\n\t\t\t\t\t<div class=\"elementor-column elementor-col-100 elementor-top-column elementor-element elementor-element-84b61b5\" data-id=\"84b61b5\" data-element_type=\"column\" data-e-type=\"column\">\n\t\t\t<div class=\"elementor-widget-wrap elementor-element-populated\">\n\t\t\t\t\t\t<div class=\"elementor-element elementor-element-3eae0d4 elementor--h-position-center elementor--v-position-middle elementor-widget elementor-widget-slides\" data-id=\"3eae0d4\" data-element_type=\"widget\" data-e-type=\"widget\" data-settings=\"{&quot;navigation&quot;:&quot;none&quot;,&quot;infinite&quot;:&quot;yes&quot;,&quot;transition&quot;:&quot;slide&quot;,&quot;transition_speed&quot;:500}\" data-widget_type=\"slides.default\">\n\t\t\t\t<div class=\"elementor-widget-container\">\n\t\t\t\t\t\t\t<div class=\"elementor-swiper\">\n\t\t\t<div class=\"elementor-slides-wrapper elementor-main-swiper swiper-container\" dir=\"ltr\" data-animation=\"\">\n\t\t\t\t<div class=\"swiper-wrapper elementor-slides\">\n\t\t\t\t\t\t\t\t\t\t<div class=\"elementor-repeater-item-d983a28 swiper-slide\"><div class=\"swiper-slide-bg\"><\/div><div class=\"swiper-slide-inner\" ><div class=\"swiper-slide-contents\"><div class=\"elementor-slide-heading\">Social Supports<\/div><\/div><\/div><\/div>\t\t\t\t<\/div>\n\t\t\t\t\t\t\t<\/div>\n\t\t<\/div>\n\t\t\t\t\t\t<\/div>\n\t\t\t\t<\/div>\n\t\t\t\t\t<\/div>\n\t\t<\/div>\n\t\t\t\t\t<\/div>\n\t\t<\/section>\n\t\t\t\t<section class=\"elementor-section elementor-top-section elementor-element elementor-element-b22984f elementor-section-stretched elementor-section-boxed elementor-section-height-default elementor-section-height-default wpr-particle-no wpr-jarallax-no wpr-parallax-no wpr-sticky-section-no wpr-equal-height-no\" data-id=\"b22984f\" data-element_type=\"section\" data-e-type=\"section\" data-settings=\"{&quot;stretch_section&quot;:&quot;section-stretched&quot;,&quot;background_background&quot;:&quot;classic&quot;}\">\n\t\t\t\t\t\t<div class=\"elementor-container elementor-column-gap-default\">\n\t\t\t\t\t<div class=\"elementor-column elementor-col-100 elementor-top-column elementor-element elementor-element-1566bff\" data-id=\"1566bff\" data-element_type=\"column\" data-e-type=\"column\">\n\t\t\t<div class=\"elementor-widget-wrap elementor-element-populated\">\n\t\t\t\t\t\t<div class=\"elementor-element elementor-element-8c5b545 elementor-widget elementor-widget-heading\" data-id=\"8c5b545\" data-element_type=\"widget\" data-e-type=\"widget\" data-widget_type=\"heading.default\">\n\t\t\t\t<div class=\"elementor-widget-container\">\n\t\t\t\t\t<h3 class=\"elementor-heading-title elementor-size-default\">Learn about the food support program for children, women and seniors in the U.S.<\/h3>\t\t\t\t<\/div>\n\t\t\t\t<\/div>\n\t\t\t\t<div class=\"elementor-element elementor-element-e525f4f elementor-widget elementor-widget-text-editor\" data-id=\"e525f4f\" data-element_type=\"widget\" data-e-type=\"widget\" data-widget_type=\"text-editor.default\">\n\t\t\t\t<div class=\"elementor-widget-container\">\n\t\t\t\t\t\t\t\t\t<p>Te acercamos nuestra herramienta de \u201c<a href=\"https:\/\/accesolatino.org\/en\/apoyos-sociales\/\">Apoyos Sociales\u201d<\/a> donde encontrar\u00e1s la tarjeta del <strong>Programa Suplementario de Comestibles B\u00e1sicos \u201cCSFP\u201d<\/strong> (por sus siglas en ingl\u00e9s).<\/p><p>Este es un programa financiado por el gobierno federal, que trabaja para mejorar la salud de las mujeres de bajos recursos que est\u00e1n embarazadas, que est\u00e1n amamantando, otras nuevas madres hasta un a\u00f1o posterior al parto, beb\u00e9s, ni\u00f1os de hasta 6 a\u00f1os y adultos mayores de por lo menos 60 a\u00f1os de edad, complementando sus dietas con comestibles b\u00e1sicos del USDA. Proporciona alimentos y fondos administrativos a los estados para complementar la dieta de estos grupos.<\/p><p>Deber\u00e1s ingresar a <strong>accesolatino.org<\/strong> y dar click en la herramienta de <a href=\"https:\/\/accesolatino.org\/en\/apoyos-sociales\/\"><strong>Social Supports<\/strong><\/a> para conocer a detalle en qu\u00e9 consiste el programa y c\u00f3mo puedes tener acceso a \u00e9l. Tambi\u00e9n, podr\u00e1s conocer otros programas de apoyo del gobierno federal adem\u00e1s de utilizar los distintos servicios y herramientas que tenemos para ti completamente gratis.<\/p>\t\t\t\t\t\t\t\t<\/div>\n\t\t\t\t<\/div>\n\t\t\t\t<div class=\"elementor-element elementor-element-bcc7cfa elementor-widget elementor-widget-spacer\" data-id=\"bcc7cfa\" data-element_type=\"widget\" data-e-type=\"widget\" data-widget_type=\"spacer.default\">\n\t\t\t\t<div class=\"elementor-widget-container\">\n\t\t\t\t\t\t\t<div class=\"elementor-spacer\">\n\t\t\t<div class=\"elementor-spacer-inner\"><\/div>\n\t\t<\/div>\n\t\t\t\t\t\t<\/div>\n\t\t\t\t<\/div>\n\t\t\t\t\t<\/div>\n\t\t<\/div>\n\t\t\t\t\t<\/div>\n\t\t<\/section>\n\t\t\t\t<\/div>","protected":false},"excerpt":{"rendered":"<p>Apoyos Sociales Conoce el programa de apoyo alimenticio para ni\u00f1os, mujeres y adultos mayores en EUA Te acercamos nuestra herramienta de \u201cApoyos Sociales\u201d donde encontrar\u00e1s la tarjeta del Programa Suplementario de Comestibles B\u00e1sicos \u201cCSFP\u201d (por sus siglas en ingl\u00e9s). Este es un programa financiado por el gobierno federal, que trabaja para mejorar la salud de las mujeres de bajos recursos que est\u00e1n embarazadas, que est\u00e1n amamantando, otras nuevas madres hasta un a\u00f1o posterior al parto, beb\u00e9s, ni\u00f1os de hasta 6 a\u00f1os y adultos mayores de por lo menos 60 a\u00f1os de edad, complementando sus dietas con comestibles b\u00e1sicos del USDA. Proporciona alimentos y fondos administrativos a los estados para complementar la dieta de estos grupos. Deber\u00e1s ingresar a accesolatino.org y dar click en la herramienta de Apoyos Sociales para conocer a detalle en qu\u00e9 consiste el programa y c\u00f3mo puedes tener acceso a \u00e9l. Tambi\u00e9n, podr\u00e1s conocer otros programas de apoyo del gobierno federal adem\u00e1s de utilizar los distintos servicios y herramientas que tenemos para ti completamente gratis.<\/p>","protected":false},"author":6,"featured_media":14307,"parent":1435,"menu_order":0,"comment_status":"closed","ping_status":"closed","template":"elementor_header_footer","meta":{"_uf_show_specific_survey":0,"_uf_disable_surveys":false,"footnotes":""},"class_list":["post-14306","page","type-page","status-publish","has-post-thumbnail"],"aioseo_notices":[],"yoast_head":"<!-- This site is optimized with the Yoast SEO plugin v27.5 - https:\/\/yoast.com\/product\/yoast-seo-wordpress\/ -->\n<title>Apoyo alimenticio para ni\u00f1os, mujeres y adultos mayores<\/title>\n<meta name=\"description\" content=\"Conoce las diferentes formas en las que los migrantes se pueden ver beneficiados en Estados Unidos - Acceso Latino\" \/>\n<meta name=\"robots\" content=\"index, follow, max-snippet:-1, max-image-preview:large, max-video-preview:-1\" \/>\n<link rel=\"canonical\" href=\"https:\/\/accesolatino.org\/en\/apoyos-sociales\/conoce-el-programa-de-apoyo-alimenticio-para-ninos-mujeres-y-adultos-mayores-en-eua\/\" \/>\n<meta property=\"og:locale\" content=\"en_US\" \/>\n<meta property=\"og:type\" content=\"article\" \/>\n<meta property=\"og:title\" content=\"Acceso Latino | Programa de apoyo alimenticio para ni\u00f1os, mujeres y adultos mayores en EUA\" \/>\n<meta property=\"og:description\" content=\"Conoce las diferentes formas en las que los migrantes se pueden ver beneficiados en USA\" \/>\n<meta property=\"og:url\" content=\"https:\/\/accesolatino.org\/en\/apoyos-sociales\/conoce-el-programa-de-apoyo-alimenticio-para-ninos-mujeres-y-adultos-mayores-en-eua\/\" \/>\n<meta property=\"og:site_name\" content=\"Acceso Latino\" \/>\n<meta property=\"article:publisher\" content=\"https:\/\/www.facebook.com\/AccesoLatinoOrg\" \/>\n<meta property=\"article:modified_time\" content=\"2025-10-10T19:48:04+00:00\" \/>\n<meta property=\"og:image\" content=\"https:\/\/accesolatino.org\/wp-content\/uploads\/2018\/08\/Conoce-el-programa-de-apoyo-alimenticio-para-ninos-mujeres-y-adultos-mayores-en-EUA.jpg\" \/>\n\t<meta property=\"og:image:width\" content=\"563\" \/>\n\t<meta property=\"og:image:height\" content=\"378\" \/>\n\t<meta property=\"og:image:type\" content=\"image\/jpeg\" \/>\n<meta name=\"twitter:card\" content=\"summary_large_image\" \/>\n<meta name=\"twitter:title\" content=\"Acceso Latino | Programa de apoyo alimenticio para ni\u00f1os, mujeres y adultos mayores en EUA\" \/>\n<meta name=\"twitter:description\" content=\"Conoce las diferentes formas en las que los migrantes se pueden ver beneficiados en USA\" \/>\n<meta name=\"twitter:image\" content=\"https:\/\/accesolatino.org\/wp-content\/uploads\/2018\/08\/Conoce-el-programa-de-apoyo-alimenticio-para-ninos-mujeres-y-adultos-mayores-en-EUA.jpg\" \/>\n<meta name=\"twitter:site\" content=\"@FAccLatino\" \/>\n<meta name=\"twitter:label1\" content=\"Est. reading time\" \/>\n\t<meta name=\"twitter:data1\" content=\"1 minute\" \/>\n<script type=\"application\/ld+json\" class=\"yoast-schema-graph\">{\"@context\":\"https:\\\/\\\/schema.org\",\"@graph\":[{\"@type\":\"WebPage\",\"@id\":\"https:\\\/\\\/accesolatino.org\\\/apoyos-sociales\\\/conoce-el-programa-de-apoyo-alimenticio-para-ninos-mujeres-y-adultos-mayores-en-eua\\\/\",\"url\":\"https:\\\/\\\/accesolatino.org\\\/apoyos-sociales\\\/conoce-el-programa-de-apoyo-alimenticio-para-ninos-mujeres-y-adultos-mayores-en-eua\\\/\",\"name\":\"Apoyo alimenticio para ni\u00f1os, mujeres y adultos mayores\",\"isPartOf\":{\"@id\":\"https:\\\/\\\/accesolatino.org\\\/#website\"},\"primaryImageOfPage\":{\"@id\":\"https:\\\/\\\/accesolatino.org\\\/apoyos-sociales\\\/conoce-el-programa-de-apoyo-alimenticio-para-ninos-mujeres-y-adultos-mayores-en-eua\\\/#primaryimage\"},\"image\":{\"@id\":\"https:\\\/\\\/accesolatino.org\\\/apoyos-sociales\\\/conoce-el-programa-de-apoyo-alimenticio-para-ninos-mujeres-y-adultos-mayores-en-eua\\\/#primaryimage\"},\"thumbnailUrl\":\"https:\\\/\\\/accesolatino.org\\\/wp-content\\\/uploads\\\/2018\\\/08\\\/Conoce-el-programa-de-apoyo-alimenticio-para-ninos-mujeres-y-adultos-mayores-en-EUA.jpg\",\"datePublished\":\"2018-08-06T16:57:35+00:00\",\"dateModified\":\"2025-10-10T19:48:04+00:00\",\"description\":\"Conoce las diferentes formas en las que los migrantes se pueden ver beneficiados en Estados Unidos - Acceso Latino\",\"breadcrumb\":{\"@id\":\"https:\\\/\\\/accesolatino.org\\\/apoyos-sociales\\\/conoce-el-programa-de-apoyo-alimenticio-para-ninos-mujeres-y-adultos-mayores-en-eua\\\/#breadcrumb\"},\"inLanguage\":\"en-US\",\"potentialAction\":[{\"@type\":\"ReadAction\",\"target\":[\"https:\\\/\\\/accesolatino.org\\\/apoyos-sociales\\\/conoce-el-programa-de-apoyo-alimenticio-para-ninos-mujeres-y-adultos-mayores-en-eua\\\/\"]}]},{\"@type\":\"ImageObject\",\"inLanguage\":\"en-US\",\"@id\":\"https:\\\/\\\/accesolatino.org\\\/apoyos-sociales\\\/conoce-el-programa-de-apoyo-alimenticio-para-ninos-mujeres-y-adultos-mayores-en-eua\\\/#primaryimage\",\"url\":\"https:\\\/\\\/accesolatino.org\\\/wp-content\\\/uploads\\\/2018\\\/08\\\/Conoce-el-programa-de-apoyo-alimenticio-para-ninos-mujeres-y-adultos-mayores-en-EUA.jpg\",\"contentUrl\":\"https:\\\/\\\/accesolatino.org\\\/wp-content\\\/uploads\\\/2018\\\/08\\\/Conoce-el-programa-de-apoyo-alimenticio-para-ninos-mujeres-y-adultos-mayores-en-EUA.jpg\",\"width\":563,\"height\":378,\"caption\":\"apoyo alimenticio\"},{\"@type\":\"BreadcrumbList\",\"@id\":\"https:\\\/\\\/accesolatino.org\\\/apoyos-sociales\\\/conoce-el-programa-de-apoyo-alimenticio-para-ninos-mujeres-y-adultos-mayores-en-eua\\\/#breadcrumb\",\"itemListElement\":[{\"@type\":\"ListItem\",\"position\":1,\"name\":\"Portada\",\"item\":\"https:\\\/\\\/accesolatino.org\\\/\"},{\"@type\":\"ListItem\",\"position\":2,\"name\":\"Apoyos Sociales\",\"item\":\"https:\\\/\\\/accesolatino.org\\\/en\\\/apoyos-sociales\\\/\"},{\"@type\":\"ListItem\",\"position\":3,\"name\":\"Programa de apoyo alimenticio para ni\u00f1os, mujeres y adultos mayores en EUA\"}]},{\"@type\":\"WebSite\",\"@id\":\"https:\\\/\\\/accesolatino.org\\\/#website\",\"url\":\"https:\\\/\\\/accesolatino.org\\\/\",\"name\":\"Acceso Latino | Fundaci\u00f3n Carlos Slim\",\"description\":\"Fundaci\u00f3n Carlos Slim\",\"publisher\":{\"@id\":\"https:\\\/\\\/accesolatino.org\\\/#organization\"},\"potentialAction\":[{\"@type\":\"SearchAction\",\"target\":{\"@type\":\"EntryPoint\",\"urlTemplate\":\"https:\\\/\\\/accesolatino.org\\\/?s={search_term_string}\"},\"query-input\":{\"@type\":\"PropertyValueSpecification\",\"valueRequired\":true,\"valueName\":\"search_term_string\"}}],\"inLanguage\":\"en-US\"},{\"@type\":\"Organization\",\"@id\":\"https:\\\/\\\/accesolatino.org\\\/#organization\",\"name\":\"Acceso Latino | Fundaci\u00f3n Carlos Slim\",\"url\":\"https:\\\/\\\/accesolatino.org\\\/\",\"logo\":{\"@type\":\"ImageObject\",\"inLanguage\":\"en-US\",\"@id\":\"https:\\\/\\\/accesolatino.org\\\/#\\\/schema\\\/logo\\\/image\\\/\",\"url\":\"https:\\\/\\\/accesolatino.org\\\/wp-content\\\/uploads\\\/2021\\\/02\\\/logo-footer-acceso-latino.png\",\"contentUrl\":\"https:\\\/\\\/accesolatino.org\\\/wp-content\\\/uploads\\\/2021\\\/02\\\/logo-footer-acceso-latino.png\",\"width\":240,\"height\":40,\"caption\":\"Acceso Latino | Fundaci\u00f3n Carlos Slim\"},\"image\":{\"@id\":\"https:\\\/\\\/accesolatino.org\\\/#\\\/schema\\\/logo\\\/image\\\/\"},\"sameAs\":[\"https:\\\/\\\/www.facebook.com\\\/AccesoLatinoOrg\",\"https:\\\/\\\/x.com\\\/FAccLatino\"]}]}<\/script>\n<!-- \/ Yoast SEO plugin. -->","yoast_head_json":{"title":"Apoyo alimenticio para ni\u00f1os, mujeres y adultos mayores","description":"Conoce las diferentes formas en las que los migrantes se pueden ver beneficiados en Estados Unidos - Acceso Latino","robots":{"index":"index","follow":"follow","max-snippet":"max-snippet:-1","max-image-preview":"max-image-preview:large","max-video-preview":"max-video-preview:-1"},"canonical":"https:\/\/accesolatino.org\/en\/apoyos-sociales\/conoce-el-programa-de-apoyo-alimenticio-para-ninos-mujeres-y-adultos-mayores-en-eua\/","og_locale":"en_US","og_type":"article","og_title":"Acceso Latino | Programa de apoyo alimenticio para ni\u00f1os, mujeres y adultos mayores en EUA","og_description":"Conoce las diferentes formas en las que los migrantes se pueden ver beneficiados en USA","og_url":"https:\/\/accesolatino.org\/en\/apoyos-sociales\/conoce-el-programa-de-apoyo-alimenticio-para-ninos-mujeres-y-adultos-mayores-en-eua\/","og_site_name":"Acceso Latino","article_publisher":"https:\/\/www.facebook.com\/AccesoLatinoOrg","article_modified_time":"2025-10-10T19:48:04+00:00","og_image":[{"width":563,"height":378,"url":"https:\/\/accesolatino.org\/wp-content\/uploads\/2018\/08\/Conoce-el-programa-de-apoyo-alimenticio-para-ninos-mujeres-y-adultos-mayores-en-EUA.jpg","type":"image\/jpeg"}],"twitter_card":"summary_large_image","twitter_title":"Acceso Latino | Programa de apoyo alimenticio para ni\u00f1os, mujeres y adultos mayores en EUA","twitter_description":"Conoce las diferentes formas en las que los migrantes se pueden ver beneficiados en USA","twitter_image":"https:\/\/accesolatino.org\/wp-content\/uploads\/2018\/08\/Conoce-el-programa-de-apoyo-alimenticio-para-ninos-mujeres-y-adultos-mayores-en-EUA.jpg","twitter_site":"@FAccLatino","twitter_misc":{"Est. reading time":"1 minute"},"schema":{"@context":"https:\/\/schema.org","@graph":[{"@type":"WebPage","@id":"https:\/\/accesolatino.org\/apoyos-sociales\/conoce-el-programa-de-apoyo-alimenticio-para-ninos-mujeres-y-adultos-mayores-en-eua\/","url":"https:\/\/accesolatino.org\/apoyos-sociales\/conoce-el-programa-de-apoyo-alimenticio-para-ninos-mujeres-y-adultos-mayores-en-eua\/","name":"Apoyo alimenticio para ni\u00f1os, mujeres y adultos mayores","isPartOf":{"@id":"https:\/\/accesolatino.org\/#website"},"primaryImageOfPage":{"@id":"https:\/\/accesolatino.org\/apoyos-sociales\/conoce-el-programa-de-apoyo-alimenticio-para-ninos-mujeres-y-adultos-mayores-en-eua\/#primaryimage"},"image":{"@id":"https:\/\/accesolatino.org\/apoyos-sociales\/conoce-el-programa-de-apoyo-alimenticio-para-ninos-mujeres-y-adultos-mayores-en-eua\/#primaryimage"},"thumbnailUrl":"https:\/\/accesolatino.org\/wp-content\/uploads\/2018\/08\/Conoce-el-programa-de-apoyo-alimenticio-para-ninos-mujeres-y-adultos-mayores-en-EUA.jpg","datePublished":"2018-08-06T16:57:35+00:00","dateModified":"2025-10-10T19:48:04+00:00","description":"Conoce las diferentes formas en las que los migrantes se pueden ver beneficiados en Estados Unidos - Acceso Latino","breadcrumb":{"@id":"https:\/\/accesolatino.org\/apoyos-sociales\/conoce-el-programa-de-apoyo-alimenticio-para-ninos-mujeres-y-adultos-mayores-en-eua\/#breadcrumb"},"inLanguage":"en-US","potentialAction":[{"@type":"ReadAction","target":["https:\/\/accesolatino.org\/apoyos-sociales\/conoce-el-programa-de-apoyo-alimenticio-para-ninos-mujeres-y-adultos-mayores-en-eua\/"]}]},{"@type":"ImageObject","inLanguage":"en-US","@id":"https:\/\/accesolatino.org\/apoyos-sociales\/conoce-el-programa-de-apoyo-alimenticio-para-ninos-mujeres-y-adultos-mayores-en-eua\/#primaryimage","url":"https:\/\/accesolatino.org\/wp-content\/uploads\/2018\/08\/Conoce-el-programa-de-apoyo-alimenticio-para-ninos-mujeres-y-adultos-mayores-en-EUA.jpg","contentUrl":"https:\/\/accesolatino.org\/wp-content\/uploads\/2018\/08\/Conoce-el-programa-de-apoyo-alimenticio-para-ninos-mujeres-y-adultos-mayores-en-EUA.jpg","width":563,"height":378,"caption":"apoyo alimenticio"},{"@type":"BreadcrumbList","@id":"https:\/\/accesolatino.org\/apoyos-sociales\/conoce-el-programa-de-apoyo-alimenticio-para-ninos-mujeres-y-adultos-mayores-en-eua\/#breadcrumb","itemListElement":[{"@type":"ListItem","position":1,"name":"Portada","item":"https:\/\/accesolatino.org\/"},{"@type":"ListItem","position":2,"name":"Apoyos Sociales","item":"https:\/\/accesolatino.org\/en\/apoyos-sociales\/"},{"@type":"ListItem","position":3,"name":"Programa de apoyo alimenticio para ni\u00f1os, mujeres y adultos mayores en EUA"}]},{"@type":"WebSite","@id":"https:\/\/accesolatino.org\/#website","url":"https:\/\/accesolatino.org\/","name":"Acceso Latino | Fundaci\u00f3n Carlos Slim","description":"Fundaci\u00f3n Carlos Slim","publisher":{"@id":"https:\/\/accesolatino.org\/#organization"},"potentialAction":[{"@type":"SearchAction","target":{"@type":"EntryPoint","urlTemplate":"https:\/\/accesolatino.org\/?s={search_term_string}"},"query-input":{"@type":"PropertyValueSpecification","valueRequired":true,"valueName":"search_term_string"}}],"inLanguage":"en-US"},{"@type":"Organization","@id":"https:\/\/accesolatino.org\/#organization","name":"Acceso Latino | Fundaci\u00f3n Carlos Slim","url":"https:\/\/accesolatino.org\/","logo":{"@type":"ImageObject","inLanguage":"en-US","@id":"https:\/\/accesolatino.org\/#\/schema\/logo\/image\/","url":"https:\/\/accesolatino.org\/wp-content\/uploads\/2021\/02\/logo-footer-acceso-latino.png","contentUrl":"https:\/\/accesolatino.org\/wp-content\/uploads\/2021\/02\/logo-footer-acceso-latino.png","width":240,"height":40,"caption":"Acceso Latino | Fundaci\u00f3n Carlos Slim"},"image":{"@id":"https:\/\/accesolatino.org\/#\/schema\/logo\/image\/"},"sameAs":["https:\/\/www.facebook.com\/AccesoLatinoOrg","https:\/\/x.com\/FAccLatino"]}]}},"_links":{"self":[{"href":"https:\/\/accesolatino.org\/en\/wp-json\/wp\/v2\/pages\/14306","targetHints":{"allow":["GET"]}}],"collection":[{"href":"https:\/\/accesolatino.org\/en\/wp-json\/wp\/v2\/pages"}],"about":[{"href":"https:\/\/accesolatino.org\/en\/wp-json\/wp\/v2\/types\/page"}],"author":[{"embeddable":true,"href":"https:\/\/accesolatino.org\/en\/wp-json\/wp\/v2\/users\/6"}],"replies":[{"embeddable":true,"href":"https:\/\/accesolatino.org\/en\/wp-json\/wp\/v2\/comments?post=14306"}],"version-history":[{"count":1,"href":"https:\/\/accesolatino.org\/en\/wp-json\/wp\/v2\/pages\/14306\/revisions"}],"predecessor-version":[{"id":63893,"href":"https:\/\/accesolatino.org\/en\/wp-json\/wp\/v2\/pages\/14306\/revisions\/63893"}],"up":[{"embeddable":true,"href":"https:\/\/accesolatino.org\/en\/wp-json\/wp\/v2\/pages\/1435"}],"wp:featuredmedia":[{"embeddable":true,"href":"https:\/\/accesolatino.org\/en\/wp-json\/wp\/v2\/media\/14307"}],"wp:attachment":[{"href":"https:\/\/accesolatino.org\/en\/wp-json\/wp\/v2\/media?parent=14306"}],"curies":[{"name":"wp","href":"https:\/\/api.w.org\/{rel}","templated":true}]}}