{"id":14260,"date":"2018-07-31T10:51:28","date_gmt":"2018-07-31T15:51:28","guid":{"rendered":"https:\/\/accesolatino.org\/?page_id=14260"},"modified":"2025-10-13T11:40:25","modified_gmt":"2025-10-13T17:40:25","slug":"programa-de-alimentos-para-migrantes-en-estados-unidos","status":"publish","type":"page","link":"https:\/\/accesolatino.org\/en\/apoyos-sociales\/programa-de-alimentos-para-migrantes-en-estados-unidos\/","title":{"rendered":"Food program for migrants in the United States"},"content":{"rendered":"<div data-elementor-type=\"wp-post\" data-elementor-id=\"14260\" class=\"elementor elementor-14260\">\n\t\t\t\t\t\t<section class=\"elementor-section elementor-top-section elementor-element elementor-element-10226ee elementor-section-full_width elementor-section-height-min-height elementor-section-items-stretch elementor-section-height-default wpr-particle-no wpr-jarallax-no wpr-parallax-no wpr-sticky-section-no wpr-equal-height-no\" data-id=\"10226ee\" data-element_type=\"section\" data-e-type=\"section\" data-settings=\"{&quot;background_background&quot;:&quot;classic&quot;}\">\n\t\t\t\t\t\t<div class=\"elementor-container elementor-column-gap-no\">\n\t\t\t\t\t<div class=\"elementor-column elementor-col-100 elementor-top-column elementor-element elementor-element-88c295e\" data-id=\"88c295e\" data-element_type=\"column\" data-e-type=\"column\">\n\t\t\t<div class=\"elementor-widget-wrap elementor-element-populated\">\n\t\t\t\t\t\t<div class=\"elementor-element elementor-element-d28b609 elementor--h-position-center elementor--v-position-middle elementor-widget elementor-widget-slides\" data-id=\"d28b609\" data-element_type=\"widget\" data-e-type=\"widget\" data-settings=\"{&quot;navigation&quot;:&quot;none&quot;,&quot;infinite&quot;:&quot;yes&quot;,&quot;transition&quot;:&quot;slide&quot;,&quot;transition_speed&quot;:500}\" data-widget_type=\"slides.default\">\n\t\t\t\t<div class=\"elementor-widget-container\">\n\t\t\t\t\t\t\t<div class=\"elementor-swiper\">\n\t\t\t<div class=\"elementor-slides-wrapper elementor-main-swiper swiper-container\" dir=\"ltr\" data-animation=\"\">\n\t\t\t\t<div class=\"swiper-wrapper elementor-slides\">\n\t\t\t\t\t\t\t\t\t\t<div class=\"elementor-repeater-item-d983a28 swiper-slide\"><div class=\"swiper-slide-bg\"><\/div><div class=\"swiper-slide-inner\" ><div class=\"swiper-slide-contents\"><div class=\"elementor-slide-heading\">Social Supports<\/div><\/div><\/div><\/div>\t\t\t\t<\/div>\n\t\t\t\t\t\t\t<\/div>\n\t\t<\/div>\n\t\t\t\t\t\t<\/div>\n\t\t\t\t<\/div>\n\t\t\t\t\t<\/div>\n\t\t<\/div>\n\t\t\t\t\t<\/div>\n\t\t<\/section>\n\t\t\t\t<section class=\"elementor-section elementor-top-section elementor-element elementor-element-b7d70e6 elementor-section-stretched elementor-section-boxed elementor-section-height-default elementor-section-height-default wpr-particle-no wpr-jarallax-no wpr-parallax-no wpr-sticky-section-no wpr-equal-height-no\" data-id=\"b7d70e6\" data-element_type=\"section\" data-e-type=\"section\" data-settings=\"{&quot;stretch_section&quot;:&quot;section-stretched&quot;,&quot;background_background&quot;:&quot;classic&quot;}\">\n\t\t\t\t\t\t<div class=\"elementor-container elementor-column-gap-default\">\n\t\t\t\t\t<div class=\"elementor-column elementor-col-100 elementor-top-column elementor-element elementor-element-ad27c22\" data-id=\"ad27c22\" data-element_type=\"column\" data-e-type=\"column\">\n\t\t\t<div class=\"elementor-widget-wrap elementor-element-populated\">\n\t\t\t\t\t\t<div class=\"elementor-element elementor-element-6ade3ae elementor-widget elementor-widget-heading\" data-id=\"6ade3ae\" data-element_type=\"widget\" data-e-type=\"widget\" data-widget_type=\"heading.default\">\n\t\t\t\t<div class=\"elementor-widget-container\">\n\t\t\t\t\t<h3 class=\"elementor-heading-title elementor-size-default\">Food program for migrants in the United States<\/h3>\t\t\t\t<\/div>\n\t\t\t\t<\/div>\n\t\t\t\t<div class=\"elementor-element elementor-element-7434b56 elementor-widget elementor-widget-text-editor\" data-id=\"7434b56\" data-element_type=\"widget\" data-e-type=\"widget\" data-widget_type=\"text-editor.default\">\n\t\t\t\t<div class=\"elementor-widget-container\">\n\t\t\t\t\t\t\t\t\t<p>Los migrantes en Estados Unidos tienen la posibilidad de adquirir diferentes apoyos sociales del gobierno federal.<\/p><p>Con el prop\u00f3sito de que tu estad\u00eda por Estados Unidos sea lo m\u00e1s llevadera posible, en nuestra herramienta de <a href=\"https:\/\/accesolatino.org\/en\/apoyos-sociales\/\">\u201cApoyos Sociales\u201d<\/a> encontrar\u00e1s nuestra tarjeta de<strong> Programa de Asistencia Nutricional Suplementaria \u201cSNAP\u201d<\/strong> (por sus siglas en ingl\u00e9s).<\/p><p>Este programa otorga a los migrantes cupones para alimentos y de esa manera los apoya a optimizar su presupuesto y comprar m\u00e1s alimentos saludables.<\/p><p>Al igual que los migrantes, cualquier persona podr\u00e1 encontrar ayuda en materia social en <strong>Acceso Latino tu primera ventana de consulta migratoria.<\/strong><\/p>\t\t\t\t\t\t\t\t<\/div>\n\t\t\t\t<\/div>\n\t\t\t\t<div class=\"elementor-element elementor-element-1367381 elementor-widget elementor-widget-spacer\" data-id=\"1367381\" data-element_type=\"widget\" data-e-type=\"widget\" data-widget_type=\"spacer.default\">\n\t\t\t\t<div class=\"elementor-widget-container\">\n\t\t\t\t\t\t\t<div class=\"elementor-spacer\">\n\t\t\t<div class=\"elementor-spacer-inner\"><\/div>\n\t\t<\/div>\n\t\t\t\t\t\t<\/div>\n\t\t\t\t<\/div>\n\t\t\t\t\t<\/div>\n\t\t<\/div>\n\t\t\t\t\t<\/div>\n\t\t<\/section>\n\t\t\t\t<\/div>","protected":false},"excerpt":{"rendered":"<p>Apoyos Sociales Programa de alimentos para migrantes en Estados Unidos Los migrantes en Estados Unidos tienen la posibilidad de adquirir diferentes apoyos sociales del gobierno federal. Con el prop\u00f3sito de que tu estad\u00eda por Estados Unidos sea lo m\u00e1s llevadera posible, en nuestra herramienta de \u201cApoyos Sociales\u201d encontrar\u00e1s nuestra tarjeta de Programa de Asistencia Nutricional Suplementaria \u201cSNAP\u201d (por sus siglas en ingl\u00e9s). Este programa otorga a los migrantes cupones para alimentos y de esa manera los apoya a optimizar su presupuesto y comprar m\u00e1s alimentos saludables. Al igual que los migrantes, cualquier persona podr\u00e1 encontrar ayuda en materia social en Acceso Latino tu primera ventana de consulta migratoria.<\/p>","protected":false},"author":6,"featured_media":14258,"parent":1435,"menu_order":0,"comment_status":"closed","ping_status":"closed","template":"elementor_header_footer","meta":{"_uf_show_specific_survey":0,"_uf_disable_surveys":false,"footnotes":""},"class_list":["post-14260","page","type-page","status-publish","has-post-thumbnail"],"aioseo_notices":[],"yoast_head":"<!-- This site is optimized with the Yoast SEO plugin v27.5 - https:\/\/yoast.com\/product\/yoast-seo-wordpress\/ -->\n<title>Programa de alimentos para migrantes en Estados Unidos<\/title>\n<meta name=\"description\" content=\"Conoce las diferentes formas en las que los migrantes se pueden ver beneficiados en Estados Unidos - Acceso Latino\" \/>\n<meta name=\"robots\" content=\"index, follow, max-snippet:-1, max-image-preview:large, max-video-preview:-1\" \/>\n<link rel=\"canonical\" href=\"https:\/\/accesolatino.org\/en\/apoyos-sociales\/programa-de-alimentos-para-migrantes-en-estados-unidos\/\" \/>\n<meta property=\"og:locale\" content=\"en_US\" \/>\n<meta property=\"og:type\" content=\"article\" \/>\n<meta property=\"og:title\" content=\"Acceso Latino | Programa de alimentos para migrantes en Estados Unidos\" \/>\n<meta property=\"og:description\" content=\"Conoce las diferentes formas en las que los migrantes se pueden ver beneficiados en USA\" \/>\n<meta property=\"og:url\" content=\"https:\/\/accesolatino.org\/en\/apoyos-sociales\/programa-de-alimentos-para-migrantes-en-estados-unidos\/\" \/>\n<meta property=\"og:site_name\" content=\"Acceso Latino\" \/>\n<meta property=\"article:publisher\" content=\"https:\/\/www.facebook.com\/AccesoLatinoOrg\" \/>\n<meta property=\"article:modified_time\" content=\"2025-10-13T17:40:25+00:00\" \/>\n<meta property=\"og:image\" content=\"https:\/\/accesolatino.org\/wp-content\/uploads\/2018\/07\/Programa-de-alimentos-para-migrantes-en-Estados-Unidos.jpg\" \/>\n\t<meta property=\"og:image:width\" content=\"720\" \/>\n\t<meta property=\"og:image:height\" content=\"480\" \/>\n\t<meta property=\"og:image:type\" content=\"image\/jpeg\" \/>\n<meta name=\"twitter:card\" content=\"summary_large_image\" \/>\n<meta name=\"twitter:title\" content=\"Acceso Latino | Programa de alimentos para migrantes en Estados Unidos\" \/>\n<meta name=\"twitter:description\" content=\"Conoce las diferentes formas en las que los migrantes se pueden ver beneficiados en USA\" \/>\n<meta name=\"twitter:image\" content=\"https:\/\/accesolatino.org\/wp-content\/uploads\/2018\/07\/Programa-de-alimentos-para-migrantes-en-Estados-Unidos.jpg\" \/>\n<meta name=\"twitter:site\" content=\"@FAccLatino\" \/>\n<meta name=\"twitter:label1\" content=\"Est. reading time\" \/>\n\t<meta name=\"twitter:data1\" content=\"1 minute\" \/>\n<script type=\"application\/ld+json\" class=\"yoast-schema-graph\">{\"@context\":\"https:\\\/\\\/schema.org\",\"@graph\":[{\"@type\":\"WebPage\",\"@id\":\"https:\\\/\\\/accesolatino.org\\\/en\\\/apoyos-sociales\\\/programa-de-alimentos-para-migrantes-en-estados-unidos\\\/\",\"url\":\"https:\\\/\\\/accesolatino.org\\\/en\\\/apoyos-sociales\\\/programa-de-alimentos-para-migrantes-en-estados-unidos\\\/\",\"name\":\"Programa de alimentos para migrantes en Estados Unidos\",\"isPartOf\":{\"@id\":\"https:\\\/\\\/accesolatino.org\\\/#website\"},\"primaryImageOfPage\":{\"@id\":\"https:\\\/\\\/accesolatino.org\\\/en\\\/apoyos-sociales\\\/programa-de-alimentos-para-migrantes-en-estados-unidos\\\/#primaryimage\"},\"image\":{\"@id\":\"https:\\\/\\\/accesolatino.org\\\/en\\\/apoyos-sociales\\\/programa-de-alimentos-para-migrantes-en-estados-unidos\\\/#primaryimage\"},\"thumbnailUrl\":\"https:\\\/\\\/accesolatino.org\\\/wp-content\\\/uploads\\\/2018\\\/07\\\/Programa-de-alimentos-para-migrantes-en-Estados-Unidos.jpg\",\"datePublished\":\"2018-07-31T15:51:28+00:00\",\"dateModified\":\"2025-10-13T17:40:25+00:00\",\"description\":\"Conoce las diferentes formas en las que los migrantes se pueden ver beneficiados en Estados Unidos - Acceso Latino\",\"breadcrumb\":{\"@id\":\"https:\\\/\\\/accesolatino.org\\\/en\\\/apoyos-sociales\\\/programa-de-alimentos-para-migrantes-en-estados-unidos\\\/#breadcrumb\"},\"inLanguage\":\"en-US\",\"potentialAction\":[{\"@type\":\"ReadAction\",\"target\":[\"https:\\\/\\\/accesolatino.org\\\/en\\\/apoyos-sociales\\\/programa-de-alimentos-para-migrantes-en-estados-unidos\\\/\"]}]},{\"@type\":\"ImageObject\",\"inLanguage\":\"en-US\",\"@id\":\"https:\\\/\\\/accesolatino.org\\\/en\\\/apoyos-sociales\\\/programa-de-alimentos-para-migrantes-en-estados-unidos\\\/#primaryimage\",\"url\":\"https:\\\/\\\/accesolatino.org\\\/wp-content\\\/uploads\\\/2018\\\/07\\\/Programa-de-alimentos-para-migrantes-en-Estados-Unidos.jpg\",\"contentUrl\":\"https:\\\/\\\/accesolatino.org\\\/wp-content\\\/uploads\\\/2018\\\/07\\\/Programa-de-alimentos-para-migrantes-en-Estados-Unidos.jpg\",\"width\":720,\"height\":480,\"caption\":\"Asistencia Nutricional\"},{\"@type\":\"BreadcrumbList\",\"@id\":\"https:\\\/\\\/accesolatino.org\\\/en\\\/apoyos-sociales\\\/programa-de-alimentos-para-migrantes-en-estados-unidos\\\/#breadcrumb\",\"itemListElement\":[{\"@type\":\"ListItem\",\"position\":1,\"name\":\"Portada\",\"item\":\"https:\\\/\\\/accesolatino.org\\\/\"},{\"@type\":\"ListItem\",\"position\":2,\"name\":\"Apoyos Sociales\",\"item\":\"https:\\\/\\\/accesolatino.org\\\/en\\\/apoyos-sociales\\\/\"},{\"@type\":\"ListItem\",\"position\":3,\"name\":\"Programa de alimentos para migrantes en Estados Unidos\"}]},{\"@type\":\"WebSite\",\"@id\":\"https:\\\/\\\/accesolatino.org\\\/#website\",\"url\":\"https:\\\/\\\/accesolatino.org\\\/\",\"name\":\"Acceso Latino | Fundaci\u00f3n Carlos Slim\",\"description\":\"Fundaci\u00f3n Carlos Slim\",\"publisher\":{\"@id\":\"https:\\\/\\\/accesolatino.org\\\/#organization\"},\"potentialAction\":[{\"@type\":\"SearchAction\",\"target\":{\"@type\":\"EntryPoint\",\"urlTemplate\":\"https:\\\/\\\/accesolatino.org\\\/?s={search_term_string}\"},\"query-input\":{\"@type\":\"PropertyValueSpecification\",\"valueRequired\":true,\"valueName\":\"search_term_string\"}}],\"inLanguage\":\"en-US\"},{\"@type\":\"Organization\",\"@id\":\"https:\\\/\\\/accesolatino.org\\\/#organization\",\"name\":\"Acceso Latino | Fundaci\u00f3n Carlos Slim\",\"url\":\"https:\\\/\\\/accesolatino.org\\\/\",\"logo\":{\"@type\":\"ImageObject\",\"inLanguage\":\"en-US\",\"@id\":\"https:\\\/\\\/accesolatino.org\\\/#\\\/schema\\\/logo\\\/image\\\/\",\"url\":\"https:\\\/\\\/accesolatino.org\\\/wp-content\\\/uploads\\\/2021\\\/02\\\/logo-footer-acceso-latino.png\",\"contentUrl\":\"https:\\\/\\\/accesolatino.org\\\/wp-content\\\/uploads\\\/2021\\\/02\\\/logo-footer-acceso-latino.png\",\"width\":240,\"height\":40,\"caption\":\"Acceso Latino | Fundaci\u00f3n Carlos Slim\"},\"image\":{\"@id\":\"https:\\\/\\\/accesolatino.org\\\/#\\\/schema\\\/logo\\\/image\\\/\"},\"sameAs\":[\"https:\\\/\\\/www.facebook.com\\\/AccesoLatinoOrg\",\"https:\\\/\\\/x.com\\\/FAccLatino\"]}]}<\/script>\n<!-- \/ Yoast SEO plugin. -->","yoast_head_json":{"title":"Food program for migrants in the United States","description":"Conoce las diferentes formas en las que los migrantes se pueden ver beneficiados en Estados Unidos - Acceso Latino","robots":{"index":"index","follow":"follow","max-snippet":"max-snippet:-1","max-image-preview":"max-image-preview:large","max-video-preview":"max-video-preview:-1"},"canonical":"https:\/\/accesolatino.org\/en\/apoyos-sociales\/programa-de-alimentos-para-migrantes-en-estados-unidos\/","og_locale":"en_US","og_type":"article","og_title":"Acceso Latino | Programa de alimentos para migrantes en Estados Unidos","og_description":"Conoce las diferentes formas en las que los migrantes se pueden ver beneficiados en USA","og_url":"https:\/\/accesolatino.org\/en\/apoyos-sociales\/programa-de-alimentos-para-migrantes-en-estados-unidos\/","og_site_name":"Acceso Latino","article_publisher":"https:\/\/www.facebook.com\/AccesoLatinoOrg","article_modified_time":"2025-10-13T17:40:25+00:00","og_image":[{"width":720,"height":480,"url":"https:\/\/accesolatino.org\/wp-content\/uploads\/2018\/07\/Programa-de-alimentos-para-migrantes-en-Estados-Unidos.jpg","type":"image\/jpeg"}],"twitter_card":"summary_large_image","twitter_title":"Acceso Latino | Programa de alimentos para migrantes en Estados Unidos","twitter_description":"Conoce las diferentes formas en las que los migrantes se pueden ver beneficiados en USA","twitter_image":"https:\/\/accesolatino.org\/wp-content\/uploads\/2018\/07\/Programa-de-alimentos-para-migrantes-en-Estados-Unidos.jpg","twitter_site":"@FAccLatino","twitter_misc":{"Est. reading time":"1 minute"},"schema":{"@context":"https:\/\/schema.org","@graph":[{"@type":"WebPage","@id":"https:\/\/accesolatino.org\/en\/apoyos-sociales\/programa-de-alimentos-para-migrantes-en-estados-unidos\/","url":"https:\/\/accesolatino.org\/en\/apoyos-sociales\/programa-de-alimentos-para-migrantes-en-estados-unidos\/","name":"Food program for migrants in the United States","isPartOf":{"@id":"https:\/\/accesolatino.org\/#website"},"primaryImageOfPage":{"@id":"https:\/\/accesolatino.org\/en\/apoyos-sociales\/programa-de-alimentos-para-migrantes-en-estados-unidos\/#primaryimage"},"image":{"@id":"https:\/\/accesolatino.org\/en\/apoyos-sociales\/programa-de-alimentos-para-migrantes-en-estados-unidos\/#primaryimage"},"thumbnailUrl":"https:\/\/accesolatino.org\/wp-content\/uploads\/2018\/07\/Programa-de-alimentos-para-migrantes-en-Estados-Unidos.jpg","datePublished":"2018-07-31T15:51:28+00:00","dateModified":"2025-10-13T17:40:25+00:00","description":"Conoce las diferentes formas en las que los migrantes se pueden ver beneficiados en Estados Unidos - Acceso Latino","breadcrumb":{"@id":"https:\/\/accesolatino.org\/en\/apoyos-sociales\/programa-de-alimentos-para-migrantes-en-estados-unidos\/#breadcrumb"},"inLanguage":"en-US","potentialAction":[{"@type":"ReadAction","target":["https:\/\/accesolatino.org\/en\/apoyos-sociales\/programa-de-alimentos-para-migrantes-en-estados-unidos\/"]}]},{"@type":"ImageObject","inLanguage":"en-US","@id":"https:\/\/accesolatino.org\/en\/apoyos-sociales\/programa-de-alimentos-para-migrantes-en-estados-unidos\/#primaryimage","url":"https:\/\/accesolatino.org\/wp-content\/uploads\/2018\/07\/Programa-de-alimentos-para-migrantes-en-Estados-Unidos.jpg","contentUrl":"https:\/\/accesolatino.org\/wp-content\/uploads\/2018\/07\/Programa-de-alimentos-para-migrantes-en-Estados-Unidos.jpg","width":720,"height":480,"caption":"Asistencia Nutricional"},{"@type":"BreadcrumbList","@id":"https:\/\/accesolatino.org\/en\/apoyos-sociales\/programa-de-alimentos-para-migrantes-en-estados-unidos\/#breadcrumb","itemListElement":[{"@type":"ListItem","position":1,"name":"Portada","item":"https:\/\/accesolatino.org\/"},{"@type":"ListItem","position":2,"name":"Apoyos Sociales","item":"https:\/\/accesolatino.org\/en\/apoyos-sociales\/"},{"@type":"ListItem","position":3,"name":"Programa de alimentos para migrantes en Estados Unidos"}]},{"@type":"WebSite","@id":"https:\/\/accesolatino.org\/#website","url":"https:\/\/accesolatino.org\/","name":"Acceso Latino | Fundaci\u00f3n Carlos Slim","description":"Fundaci\u00f3n Carlos Slim","publisher":{"@id":"https:\/\/accesolatino.org\/#organization"},"potentialAction":[{"@type":"SearchAction","target":{"@type":"EntryPoint","urlTemplate":"https:\/\/accesolatino.org\/?s={search_term_string}"},"query-input":{"@type":"PropertyValueSpecification","valueRequired":true,"valueName":"search_term_string"}}],"inLanguage":"en-US"},{"@type":"Organization","@id":"https:\/\/accesolatino.org\/#organization","name":"Acceso Latino | Fundaci\u00f3n Carlos Slim","url":"https:\/\/accesolatino.org\/","logo":{"@type":"ImageObject","inLanguage":"en-US","@id":"https:\/\/accesolatino.org\/#\/schema\/logo\/image\/","url":"https:\/\/accesolatino.org\/wp-content\/uploads\/2021\/02\/logo-footer-acceso-latino.png","contentUrl":"https:\/\/accesolatino.org\/wp-content\/uploads\/2021\/02\/logo-footer-acceso-latino.png","width":240,"height":40,"caption":"Acceso Latino | Fundaci\u00f3n Carlos Slim"},"image":{"@id":"https:\/\/accesolatino.org\/#\/schema\/logo\/image\/"},"sameAs":["https:\/\/www.facebook.com\/AccesoLatinoOrg","https:\/\/x.com\/FAccLatino"]}]}},"_links":{"self":[{"href":"https:\/\/accesolatino.org\/en\/wp-json\/wp\/v2\/pages\/14260","targetHints":{"allow":["GET"]}}],"collection":[{"href":"https:\/\/accesolatino.org\/en\/wp-json\/wp\/v2\/pages"}],"about":[{"href":"https:\/\/accesolatino.org\/en\/wp-json\/wp\/v2\/types\/page"}],"author":[{"embeddable":true,"href":"https:\/\/accesolatino.org\/en\/wp-json\/wp\/v2\/users\/6"}],"replies":[{"embeddable":true,"href":"https:\/\/accesolatino.org\/en\/wp-json\/wp\/v2\/comments?post=14260"}],"version-history":[{"count":1,"href":"https:\/\/accesolatino.org\/en\/wp-json\/wp\/v2\/pages\/14260\/revisions"}],"predecessor-version":[{"id":63915,"href":"https:\/\/accesolatino.org\/en\/wp-json\/wp\/v2\/pages\/14260\/revisions\/63915"}],"up":[{"embeddable":true,"href":"https:\/\/accesolatino.org\/en\/wp-json\/wp\/v2\/pages\/1435"}],"wp:featuredmedia":[{"embeddable":true,"href":"https:\/\/accesolatino.org\/en\/wp-json\/wp\/v2\/media\/14258"}],"wp:attachment":[{"href":"https:\/\/accesolatino.org\/en\/wp-json\/wp\/v2\/media?parent=14260"}],"curies":[{"name":"wp","href":"https:\/\/api.w.org\/{rel}","templated":true}]}}