{"id":14199,"date":"2018-07-27T09:48:09","date_gmt":"2018-07-27T14:48:09","guid":{"rendered":"https:\/\/accesolatino.org\/?page_id=14199"},"modified":"2025-10-16T17:41:46","modified_gmt":"2025-10-16T23:41:46","slug":"conoce-la-manera-mas-segura-de-traer-a-tus-hijos-a-mexico","status":"publish","type":"page","link":"https:\/\/accesolatino.org\/en\/conoce-la-manera-mas-segura-de-traer-a-tus-hijos-a-mexico\/","title":{"rendered":"Conoce la manera m\u00e1s segura de traer a tus hijos a M\u00e9xico"},"content":{"rendered":"<div data-elementor-type=\"wp-post\" data-elementor-id=\"14199\" class=\"elementor elementor-14199\">\n\t\t\t\t\t\t<section class=\"elementor-section elementor-top-section elementor-element elementor-element-c4f8383 elementor-section-full_width elementor-section-height-min-height elementor-section-items-stretch elementor-section-height-default wpr-particle-no wpr-jarallax-no wpr-parallax-no wpr-sticky-section-no\" data-id=\"c4f8383\" data-element_type=\"section\" data-e-type=\"section\" data-settings=\"{&quot;background_background&quot;:&quot;classic&quot;}\">\n\t\t\t\t\t\t<div class=\"elementor-container elementor-column-gap-no\">\n\t\t\t\t\t<div class=\"elementor-column elementor-col-100 elementor-top-column elementor-element elementor-element-d819512\" data-id=\"d819512\" data-element_type=\"column\" data-e-type=\"column\">\n\t\t\t<div class=\"elementor-widget-wrap elementor-element-populated\">\n\t\t\t\t\t\t<div class=\"elementor-element elementor-element-ca64f7a elementor--h-position-center elementor--v-position-middle elementor-widget elementor-widget-slides\" data-id=\"ca64f7a\" data-element_type=\"widget\" data-e-type=\"widget\" data-settings=\"{&quot;navigation&quot;:&quot;none&quot;,&quot;infinite&quot;:&quot;yes&quot;,&quot;transition&quot;:&quot;slide&quot;,&quot;transition_speed&quot;:500}\" data-widget_type=\"slides.default\">\n\t\t\t\t<div class=\"elementor-widget-container\">\n\t\t\t\t\t\t\t<div class=\"elementor-swiper\">\n\t\t\t<div class=\"elementor-slides-wrapper elementor-main-swiper swiper-container\" dir=\"ltr\" data-animation=\"\">\n\t\t\t\t<div class=\"swiper-wrapper elementor-slides\">\n\t\t\t\t\t\t\t\t\t\t<div class=\"elementor-repeater-item-d983a28 swiper-slide\"><div class=\"swiper-slide-bg\"><\/div><div class=\"swiper-slide-inner\" ><div class=\"swiper-slide-contents\"><div class=\"elementor-slide-heading\">Health<\/div><\/div><\/div><\/div>\t\t\t\t<\/div>\n\t\t\t\t\t\t\t<\/div>\n\t\t<\/div>\n\t\t\t\t\t\t<\/div>\n\t\t\t\t<\/div>\n\t\t\t\t\t<\/div>\n\t\t<\/div>\n\t\t\t\t\t<\/div>\n\t\t<\/section>\n\t\t\t\t<section class=\"elementor-section elementor-top-section elementor-element elementor-element-86ad068 elementor-section-stretched elementor-section-full_width elementor-section-height-default elementor-section-height-default wpr-particle-no wpr-jarallax-no wpr-parallax-no wpr-sticky-section-no\" data-id=\"86ad068\" data-element_type=\"section\" data-e-type=\"section\" data-settings=\"{&quot;stretch_section&quot;:&quot;section-stretched&quot;,&quot;background_background&quot;:&quot;classic&quot;}\">\n\t\t\t\t\t\t<div class=\"elementor-container elementor-column-gap-default\">\n\t\t\t\t\t<div class=\"elementor-column elementor-col-100 elementor-top-column elementor-element elementor-element-fe4acfa\" data-id=\"fe4acfa\" data-element_type=\"column\" data-e-type=\"column\">\n\t\t\t<div class=\"elementor-widget-wrap elementor-element-populated\">\n\t\t\t\t\t\t<div class=\"elementor-element elementor-element-7a01abc elementor-widget elementor-widget-spacer\" data-id=\"7a01abc\" data-element_type=\"widget\" data-e-type=\"widget\" data-widget_type=\"spacer.default\">\n\t\t\t\t<div class=\"elementor-widget-container\">\n\t\t\t\t\t\t\t<div class=\"elementor-spacer\">\n\t\t\t<div class=\"elementor-spacer-inner\"><\/div>\n\t\t<\/div>\n\t\t\t\t\t\t<\/div>\n\t\t\t\t<\/div>\n\t\t\t\t<div class=\"elementor-element elementor-element-cfae084 elementor-widget elementor-widget-heading\" data-id=\"cfae084\" data-element_type=\"widget\" data-e-type=\"widget\" data-widget_type=\"heading.default\">\n\t\t\t\t<div class=\"elementor-widget-container\">\n\t\t\t\t\t<h3 class=\"elementor-heading-title elementor-size-default\">Conoce la manera m\u00e1s segura de traer a tus hijos a M\u00e9xico<\/h3>\t\t\t\t<\/div>\n\t\t\t\t<\/div>\n\t\t\t\t\t<\/div>\n\t\t<\/div>\n\t\t\t\t\t<\/div>\n\t\t<\/section>\n\t\t\t\t<section class=\"elementor-section elementor-top-section elementor-element elementor-element-c016663 elementor-section-stretched elementor-section-full_width elementor-section-height-default elementor-section-height-default wpr-particle-no wpr-jarallax-no wpr-parallax-no wpr-sticky-section-no\" data-id=\"c016663\" data-element_type=\"section\" data-e-type=\"section\" data-settings=\"{&quot;stretch_section&quot;:&quot;section-stretched&quot;,&quot;background_background&quot;:&quot;classic&quot;}\">\n\t\t\t\t\t\t<div class=\"elementor-container elementor-column-gap-default\">\n\t\t\t\t\t<div class=\"elementor-column elementor-col-100 elementor-top-column elementor-element elementor-element-de33230\" data-id=\"de33230\" data-element_type=\"column\" data-e-type=\"column\">\n\t\t\t<div class=\"elementor-widget-wrap elementor-element-populated\">\n\t\t\t\t\t\t<div class=\"elementor-element elementor-element-7ff9637 elementor-widget elementor-widget-text-editor\" data-id=\"7ff9637\" data-element_type=\"widget\" data-e-type=\"widget\" data-widget_type=\"text-editor.default\">\n\t\t\t\t<div class=\"elementor-widget-container\">\n\t\t\t\t\t\t\t\t\t<p>Para los migrantes que viven en Estados Unidos y que deseen emprender su retorno a M\u00e9xico, Fundaci\u00f3n Carlos Slim a trav\u00e9s de su portal <strong>Acceso Latino<\/strong> les proporciona una serie de herramientas que les ayudar\u00e1 en cualquier situaci\u00f3n que se encuentren.<\/p><p>Buscando que su regreso sea lo m\u00e1s seguro posible, en nuestra herramienta de <a href=\"https:\/\/accesolatino.org\/en\/orientacion-legal\/\">\u201cOrientaci\u00f3n Legal\u201d<\/a> tenemos el apartado <strong>\u00bfPlaneas regresar a M\u00e9xico?<\/strong> donde encontrar\u00e1s, entre varios asuntos, informaci\u00f3n sobre <a href=\"https:\/\/accesolatino.org\/en\/orientacion-legal\/migrantes-en-mexico\/\">\u201c\u00bfC\u00f3mo traer a tus hijos?\u201d<\/a>.<\/p><p>En esta tarjeta encontrar\u00e1s una gu\u00eda que te brindar\u00e1 recomendaciones para informarte, documentarte y prepararte ante un posible retorno a M\u00e9xico y c\u00f3mo poder traer a tus hijos contigo.<\/p><p>Los ni\u00f1os nacidos en Estados Unidos (EUA), NO perder\u00e1n la nacionalidad estadounidense al adquirir la nacionalidad mexicana, tendr\u00e1n doble nacionalidad. En M\u00e9xico, tienen el derecho de acceder a todos los servicios p\u00fablicos. Al mismo tiempo, pueden acercarse a la embajada de EUA si necesitan pasaporte o un n\u00famero de seguro social. Podr\u00e1n viajar a los EUA o volver a vivir ah\u00ed el d\u00eda que quieran.<\/p>\t\t\t\t\t\t\t\t<\/div>\n\t\t\t\t<\/div>\n\t\t\t\t\t<\/div>\n\t\t<\/div>\n\t\t\t\t\t<\/div>\n\t\t<\/section>\n\t\t\t\t<section class=\"elementor-section elementor-top-section elementor-element elementor-element-2987564 elementor-section-stretched elementor-section-full_width elementor-section-height-default elementor-section-height-default wpr-particle-no wpr-jarallax-no wpr-parallax-no wpr-sticky-section-no\" data-id=\"2987564\" data-element_type=\"section\" data-e-type=\"section\" data-settings=\"{&quot;stretch_section&quot;:&quot;section-stretched&quot;,&quot;background_background&quot;:&quot;classic&quot;}\">\n\t\t\t\t\t\t<div class=\"elementor-container elementor-column-gap-default\">\n\t\t\t\t\t<div class=\"elementor-column elementor-col-100 elementor-top-column elementor-element elementor-element-8a116be\" data-id=\"8a116be\" data-element_type=\"column\" data-e-type=\"column\">\n\t\t\t<div class=\"elementor-widget-wrap elementor-element-populated\">\n\t\t\t\t\t\t<div class=\"elementor-element elementor-element-7149ad6 elementor-widget elementor-widget-spacer\" data-id=\"7149ad6\" data-element_type=\"widget\" data-e-type=\"widget\" data-widget_type=\"spacer.default\">\n\t\t\t\t<div class=\"elementor-widget-container\">\n\t\t\t\t\t\t\t<div class=\"elementor-spacer\">\n\t\t\t<div class=\"elementor-spacer-inner\"><\/div>\n\t\t<\/div>\n\t\t\t\t\t\t<\/div>\n\t\t\t\t<\/div>\n\t\t\t\t\t<\/div>\n\t\t<\/div>\n\t\t\t\t\t<\/div>\n\t\t<\/section>\n\t\t\t\t<section class=\"elementor-section elementor-top-section elementor-element elementor-element-7155c3b elementor-section-stretched elementor-section-full_width elementor-section-height-default elementor-section-height-default wpr-particle-no wpr-jarallax-no wpr-parallax-no wpr-sticky-section-no\" data-id=\"7155c3b\" data-element_type=\"section\" data-e-type=\"section\" data-settings=\"{&quot;stretch_section&quot;:&quot;section-stretched&quot;}\">\n\t\t\t\t\t\t<div class=\"elementor-container elementor-column-gap-default\">\n\t\t\t\t\t<div class=\"elementor-column elementor-col-100 elementor-top-column elementor-element elementor-element-7478d2c\" data-id=\"7478d2c\" data-element_type=\"column\" data-e-type=\"column\">\n\t\t\t<div class=\"elementor-widget-wrap elementor-element-populated\">\n\t\t\t\t\t\t<div class=\"elementor-element elementor-element-1bb2bcf elementor-widget elementor-widget-spacer\" data-id=\"1bb2bcf\" data-element_type=\"widget\" data-e-type=\"widget\" data-widget_type=\"spacer.default\">\n\t\t\t\t<div class=\"elementor-widget-container\">\n\t\t\t\t\t\t\t<div class=\"elementor-spacer\">\n\t\t\t<div class=\"elementor-spacer-inner\"><\/div>\n\t\t<\/div>\n\t\t\t\t\t\t<\/div>\n\t\t\t\t<\/div>\n\t\t\t\t\t<\/div>\n\t\t<\/div>\n\t\t\t\t\t<\/div>\n\t\t<\/section>\n\t\t\t\t<\/div>","protected":false},"excerpt":{"rendered":"<p>Salud Conoce la manera m\u00e1s segura de traer a tus hijos a M\u00e9xico Para los migrantes que viven en Estados Unidos y que deseen emprender su retorno a M\u00e9xico, Fundaci\u00f3n Carlos Slim a trav\u00e9s de su portal Acceso Latino les proporciona una serie de herramientas que les ayudar\u00e1 en cualquier situaci\u00f3n que se encuentren. Buscando que su regreso sea lo m\u00e1s seguro posible, en nuestra herramienta de \u201cOrientaci\u00f3n Legal\u201d tenemos el apartado \u00bfPlaneas regresar a M\u00e9xico? donde encontrar\u00e1s, entre varios asuntos, informaci\u00f3n sobre \u201c\u00bfC\u00f3mo traer a tus hijos?\u201d. En esta tarjeta encontrar\u00e1s una gu\u00eda que te brindar\u00e1 recomendaciones para informarte, documentarte y prepararte ante un posible retorno a M\u00e9xico y c\u00f3mo poder traer a tus hijos contigo. Los ni\u00f1os nacidos en Estados Unidos (EUA), NO perder\u00e1n la nacionalidad estadounidense al adquirir la nacionalidad mexicana, tendr\u00e1n doble nacionalidad. En M\u00e9xico, tienen el derecho de acceder a todos los servicios p\u00fablicos. Al mismo tiempo, pueden acercarse a la embajada de EUA si necesitan pasaporte o un n\u00famero de seguro social. Podr\u00e1n viajar a los EUA o volver a vivir ah\u00ed el d\u00eda que quieran.<\/p>","protected":false},"author":4,"featured_media":8519,"parent":0,"menu_order":0,"comment_status":"closed","ping_status":"closed","template":"elementor_header_footer","meta":{"_uf_show_specific_survey":0,"_uf_disable_surveys":false,"footnotes":""},"class_list":["post-14199","page","type-page","status-publish","has-post-thumbnail"],"aioseo_notices":[],"yoast_head":"<!-- This site is optimized with the Yoast SEO plugin v27.3 - https:\/\/yoast.com\/product\/yoast-seo-wordpress\/ -->\n<title>Conoce la manera m\u00e1s segura de traer a tus hijos a M\u00e9xico<\/title>\n<meta name=\"description\" content=\"Conoce la manera m\u00e1s segura de traer a tus hijos a M\u00e9xico Para quienes viven en Estados Unidos y que deseen emprender su retorno a M\u00e9xico\" \/>\n<meta name=\"robots\" content=\"index, follow, max-snippet:-1, max-image-preview:large, max-video-preview:-1\" \/>\n<link rel=\"canonical\" href=\"https:\/\/accesolatino.org\/en\/conoce-la-manera-mas-segura-de-traer-a-tus-hijos-a-mexico\/\" \/>\n<meta property=\"og:locale\" content=\"en_US\" \/>\n<meta property=\"og:type\" content=\"article\" \/>\n<meta property=\"og:title\" content=\"Acceso Latino | Conoce la manera m\u00e1s segura de traer a tus hijos a M\u00e9xico\" \/>\n<meta property=\"og:description\" content=\"Conoce la manera m\u00e1s segura de traer a tus hijos a M\u00e9xico\" \/>\n<meta property=\"og:url\" content=\"https:\/\/accesolatino.org\/en\/conoce-la-manera-mas-segura-de-traer-a-tus-hijos-a-mexico\/\" \/>\n<meta property=\"og:site_name\" content=\"Acceso Latino\" \/>\n<meta property=\"article:publisher\" content=\"https:\/\/www.facebook.com\/AccesoLatinoOrg\" \/>\n<meta property=\"article:modified_time\" content=\"2025-10-16T23:41:46+00:00\" \/>\n<meta property=\"og:image\" content=\"https:\/\/accesolatino.org\/wp-content\/uploads\/2017\/03\/Que-pasara-con-sus-hijos-si-usted-es-deportado-Hay-una-agencia-que-le-ayuda-a-prepararse.jpg\" \/>\n\t<meta property=\"og:image:width\" content=\"600\" \/>\n\t<meta property=\"og:image:height\" content=\"450\" \/>\n\t<meta property=\"og:image:type\" content=\"image\/jpeg\" \/>\n<meta name=\"twitter:card\" content=\"summary_large_image\" \/>\n<meta name=\"twitter:title\" content=\"Acceso Latino | Conoce la manera m\u00e1s segura de traer a tus hijos a M\u00e9xico\" \/>\n<meta name=\"twitter:description\" content=\"Conoce la manera m\u00e1s segura de traer a tus hijos a M\u00e9xico\" \/>\n<meta name=\"twitter:image\" content=\"https:\/\/accesolatino.org\/wp-content\/uploads\/2017\/03\/Que-pasara-con-sus-hijos-si-usted-es-deportado-Hay-una-agencia-que-le-ayuda-a-prepararse.jpg\" \/>\n<meta name=\"twitter:site\" content=\"@FAccLatino\" \/>\n<meta name=\"twitter:label1\" content=\"Est. reading time\" \/>\n\t<meta name=\"twitter:data1\" content=\"2 minutes\" \/>\n<script type=\"application\/ld+json\" class=\"yoast-schema-graph\">{\"@context\":\"https:\\\/\\\/schema.org\",\"@graph\":[{\"@type\":\"WebPage\",\"@id\":\"https:\\\/\\\/accesolatino.org\\\/conoce-la-manera-mas-segura-de-traer-a-tus-hijos-a-mexico\\\/\",\"url\":\"https:\\\/\\\/accesolatino.org\\\/conoce-la-manera-mas-segura-de-traer-a-tus-hijos-a-mexico\\\/\",\"name\":\"Conoce la manera m\u00e1s segura de traer a tus hijos a M\u00e9xico\",\"isPartOf\":{\"@id\":\"https:\\\/\\\/accesolatino.org\\\/#website\"},\"primaryImageOfPage\":{\"@id\":\"https:\\\/\\\/accesolatino.org\\\/conoce-la-manera-mas-segura-de-traer-a-tus-hijos-a-mexico\\\/#primaryimage\"},\"image\":{\"@id\":\"https:\\\/\\\/accesolatino.org\\\/conoce-la-manera-mas-segura-de-traer-a-tus-hijos-a-mexico\\\/#primaryimage\"},\"thumbnailUrl\":\"https:\\\/\\\/accesolatino.org\\\/wp-content\\\/uploads\\\/2017\\\/03\\\/Que-pasara-con-sus-hijos-si-usted-es-deportado-Hay-una-agencia-que-le-ayuda-a-prepararse.jpg\",\"datePublished\":\"2018-07-27T14:48:09+00:00\",\"dateModified\":\"2025-10-16T23:41:46+00:00\",\"description\":\"Conoce la manera m\u00e1s segura de traer a tus hijos a M\u00e9xico Para quienes viven en Estados Unidos y que deseen emprender su retorno a M\u00e9xico\",\"breadcrumb\":{\"@id\":\"https:\\\/\\\/accesolatino.org\\\/conoce-la-manera-mas-segura-de-traer-a-tus-hijos-a-mexico\\\/#breadcrumb\"},\"inLanguage\":\"en-US\",\"potentialAction\":[{\"@type\":\"ReadAction\",\"target\":[\"https:\\\/\\\/accesolatino.org\\\/conoce-la-manera-mas-segura-de-traer-a-tus-hijos-a-mexico\\\/\"]}]},{\"@type\":\"ImageObject\",\"inLanguage\":\"en-US\",\"@id\":\"https:\\\/\\\/accesolatino.org\\\/conoce-la-manera-mas-segura-de-traer-a-tus-hijos-a-mexico\\\/#primaryimage\",\"url\":\"https:\\\/\\\/accesolatino.org\\\/wp-content\\\/uploads\\\/2017\\\/03\\\/Que-pasara-con-sus-hijos-si-usted-es-deportado-Hay-una-agencia-que-le-ayuda-a-prepararse.jpg\",\"contentUrl\":\"https:\\\/\\\/accesolatino.org\\\/wp-content\\\/uploads\\\/2017\\\/03\\\/Que-pasara-con-sus-hijos-si-usted-es-deportado-Hay-una-agencia-que-le-ayuda-a-prepararse.jpg\",\"width\":\"600\",\"height\":\"450\",\"caption\":\"migrantes\"},{\"@type\":\"BreadcrumbList\",\"@id\":\"https:\\\/\\\/accesolatino.org\\\/conoce-la-manera-mas-segura-de-traer-a-tus-hijos-a-mexico\\\/#breadcrumb\",\"itemListElement\":[{\"@type\":\"ListItem\",\"position\":1,\"name\":\"Portada\",\"item\":\"https:\\\/\\\/accesolatino.org\\\/\"},{\"@type\":\"ListItem\",\"position\":2,\"name\":\"Conoce la manera m\u00e1s segura de traer a tus hijos a M\u00e9xico\"}]},{\"@type\":\"WebSite\",\"@id\":\"https:\\\/\\\/accesolatino.org\\\/#website\",\"url\":\"https:\\\/\\\/accesolatino.org\\\/\",\"name\":\"Acceso Latino | Fundaci\u00f3n Carlos Slim\",\"description\":\"Fundaci\u00f3n Carlos Slim\",\"publisher\":{\"@id\":\"https:\\\/\\\/accesolatino.org\\\/#organization\"},\"potentialAction\":[{\"@type\":\"SearchAction\",\"target\":{\"@type\":\"EntryPoint\",\"urlTemplate\":\"https:\\\/\\\/accesolatino.org\\\/?s={search_term_string}\"},\"query-input\":{\"@type\":\"PropertyValueSpecification\",\"valueRequired\":true,\"valueName\":\"search_term_string\"}}],\"inLanguage\":\"en-US\"},{\"@type\":\"Organization\",\"@id\":\"https:\\\/\\\/accesolatino.org\\\/#organization\",\"name\":\"Acceso Latino | Fundaci\u00f3n Carlos Slim\",\"url\":\"https:\\\/\\\/accesolatino.org\\\/\",\"logo\":{\"@type\":\"ImageObject\",\"inLanguage\":\"en-US\",\"@id\":\"https:\\\/\\\/accesolatino.org\\\/#\\\/schema\\\/logo\\\/image\\\/\",\"url\":\"https:\\\/\\\/accesolatino.org\\\/wp-content\\\/uploads\\\/2021\\\/02\\\/logo-footer-acceso-latino.png\",\"contentUrl\":\"https:\\\/\\\/accesolatino.org\\\/wp-content\\\/uploads\\\/2021\\\/02\\\/logo-footer-acceso-latino.png\",\"width\":240,\"height\":40,\"caption\":\"Acceso Latino | Fundaci\u00f3n Carlos Slim\"},\"image\":{\"@id\":\"https:\\\/\\\/accesolatino.org\\\/#\\\/schema\\\/logo\\\/image\\\/\"},\"sameAs\":[\"https:\\\/\\\/www.facebook.com\\\/AccesoLatinoOrg\",\"https:\\\/\\\/x.com\\\/FAccLatino\"]}]}<\/script>\n<!-- \/ Yoast SEO plugin. -->","yoast_head_json":{"title":"Conoce la manera m\u00e1s segura de traer a tus hijos a M\u00e9xico","description":"Conoce la manera m\u00e1s segura de traer a tus hijos a M\u00e9xico Para quienes viven en Estados Unidos y que deseen emprender su retorno a M\u00e9xico","robots":{"index":"index","follow":"follow","max-snippet":"max-snippet:-1","max-image-preview":"max-image-preview:large","max-video-preview":"max-video-preview:-1"},"canonical":"https:\/\/accesolatino.org\/en\/conoce-la-manera-mas-segura-de-traer-a-tus-hijos-a-mexico\/","og_locale":"en_US","og_type":"article","og_title":"Acceso Latino | Conoce la manera m\u00e1s segura de traer a tus hijos a M\u00e9xico","og_description":"Conoce la manera m\u00e1s segura de traer a tus hijos a M\u00e9xico","og_url":"https:\/\/accesolatino.org\/en\/conoce-la-manera-mas-segura-de-traer-a-tus-hijos-a-mexico\/","og_site_name":"Acceso Latino","article_publisher":"https:\/\/www.facebook.com\/AccesoLatinoOrg","article_modified_time":"2025-10-16T23:41:46+00:00","og_image":[{"width":600,"height":450,"url":"https:\/\/accesolatino.org\/wp-content\/uploads\/2017\/03\/Que-pasara-con-sus-hijos-si-usted-es-deportado-Hay-una-agencia-que-le-ayuda-a-prepararse.jpg","type":"image\/jpeg"}],"twitter_card":"summary_large_image","twitter_title":"Acceso Latino | Conoce la manera m\u00e1s segura de traer a tus hijos a M\u00e9xico","twitter_description":"Conoce la manera m\u00e1s segura de traer a tus hijos a M\u00e9xico","twitter_image":"https:\/\/accesolatino.org\/wp-content\/uploads\/2017\/03\/Que-pasara-con-sus-hijos-si-usted-es-deportado-Hay-una-agencia-que-le-ayuda-a-prepararse.jpg","twitter_site":"@FAccLatino","twitter_misc":{"Est. reading time":"2 minutes"},"schema":{"@context":"https:\/\/schema.org","@graph":[{"@type":"WebPage","@id":"https:\/\/accesolatino.org\/conoce-la-manera-mas-segura-de-traer-a-tus-hijos-a-mexico\/","url":"https:\/\/accesolatino.org\/conoce-la-manera-mas-segura-de-traer-a-tus-hijos-a-mexico\/","name":"Conoce la manera m\u00e1s segura de traer a tus hijos a M\u00e9xico","isPartOf":{"@id":"https:\/\/accesolatino.org\/#website"},"primaryImageOfPage":{"@id":"https:\/\/accesolatino.org\/conoce-la-manera-mas-segura-de-traer-a-tus-hijos-a-mexico\/#primaryimage"},"image":{"@id":"https:\/\/accesolatino.org\/conoce-la-manera-mas-segura-de-traer-a-tus-hijos-a-mexico\/#primaryimage"},"thumbnailUrl":"https:\/\/accesolatino.org\/wp-content\/uploads\/2017\/03\/Que-pasara-con-sus-hijos-si-usted-es-deportado-Hay-una-agencia-que-le-ayuda-a-prepararse.jpg","datePublished":"2018-07-27T14:48:09+00:00","dateModified":"2025-10-16T23:41:46+00:00","description":"Conoce la manera m\u00e1s segura de traer a tus hijos a M\u00e9xico Para quienes viven en Estados Unidos y que deseen emprender su retorno a M\u00e9xico","breadcrumb":{"@id":"https:\/\/accesolatino.org\/conoce-la-manera-mas-segura-de-traer-a-tus-hijos-a-mexico\/#breadcrumb"},"inLanguage":"en-US","potentialAction":[{"@type":"ReadAction","target":["https:\/\/accesolatino.org\/conoce-la-manera-mas-segura-de-traer-a-tus-hijos-a-mexico\/"]}]},{"@type":"ImageObject","inLanguage":"en-US","@id":"https:\/\/accesolatino.org\/conoce-la-manera-mas-segura-de-traer-a-tus-hijos-a-mexico\/#primaryimage","url":"https:\/\/accesolatino.org\/wp-content\/uploads\/2017\/03\/Que-pasara-con-sus-hijos-si-usted-es-deportado-Hay-una-agencia-que-le-ayuda-a-prepararse.jpg","contentUrl":"https:\/\/accesolatino.org\/wp-content\/uploads\/2017\/03\/Que-pasara-con-sus-hijos-si-usted-es-deportado-Hay-una-agencia-que-le-ayuda-a-prepararse.jpg","width":"600","height":"450","caption":"migrantes"},{"@type":"BreadcrumbList","@id":"https:\/\/accesolatino.org\/conoce-la-manera-mas-segura-de-traer-a-tus-hijos-a-mexico\/#breadcrumb","itemListElement":[{"@type":"ListItem","position":1,"name":"Portada","item":"https:\/\/accesolatino.org\/"},{"@type":"ListItem","position":2,"name":"Conoce la manera m\u00e1s segura de traer a tus hijos a M\u00e9xico"}]},{"@type":"WebSite","@id":"https:\/\/accesolatino.org\/#website","url":"https:\/\/accesolatino.org\/","name":"Acceso Latino | Fundaci\u00f3n Carlos Slim","description":"Fundaci\u00f3n Carlos Slim","publisher":{"@id":"https:\/\/accesolatino.org\/#organization"},"potentialAction":[{"@type":"SearchAction","target":{"@type":"EntryPoint","urlTemplate":"https:\/\/accesolatino.org\/?s={search_term_string}"},"query-input":{"@type":"PropertyValueSpecification","valueRequired":true,"valueName":"search_term_string"}}],"inLanguage":"en-US"},{"@type":"Organization","@id":"https:\/\/accesolatino.org\/#organization","name":"Acceso Latino | Fundaci\u00f3n Carlos Slim","url":"https:\/\/accesolatino.org\/","logo":{"@type":"ImageObject","inLanguage":"en-US","@id":"https:\/\/accesolatino.org\/#\/schema\/logo\/image\/","url":"https:\/\/accesolatino.org\/wp-content\/uploads\/2021\/02\/logo-footer-acceso-latino.png","contentUrl":"https:\/\/accesolatino.org\/wp-content\/uploads\/2021\/02\/logo-footer-acceso-latino.png","width":240,"height":40,"caption":"Acceso Latino | Fundaci\u00f3n Carlos Slim"},"image":{"@id":"https:\/\/accesolatino.org\/#\/schema\/logo\/image\/"},"sameAs":["https:\/\/www.facebook.com\/AccesoLatinoOrg","https:\/\/x.com\/FAccLatino"]}]}},"_links":{"self":[{"href":"https:\/\/accesolatino.org\/en\/wp-json\/wp\/v2\/pages\/14199","targetHints":{"allow":["GET"]}}],"collection":[{"href":"https:\/\/accesolatino.org\/en\/wp-json\/wp\/v2\/pages"}],"about":[{"href":"https:\/\/accesolatino.org\/en\/wp-json\/wp\/v2\/types\/page"}],"author":[{"embeddable":true,"href":"https:\/\/accesolatino.org\/en\/wp-json\/wp\/v2\/users\/4"}],"replies":[{"embeddable":true,"href":"https:\/\/accesolatino.org\/en\/wp-json\/wp\/v2\/comments?post=14199"}],"version-history":[{"count":1,"href":"https:\/\/accesolatino.org\/en\/wp-json\/wp\/v2\/pages\/14199\/revisions"}],"predecessor-version":[{"id":64178,"href":"https:\/\/accesolatino.org\/en\/wp-json\/wp\/v2\/pages\/14199\/revisions\/64178"}],"wp:featuredmedia":[{"embeddable":true,"href":"https:\/\/accesolatino.org\/en\/wp-json\/wp\/v2\/media\/8519"}],"wp:attachment":[{"href":"https:\/\/accesolatino.org\/en\/wp-json\/wp\/v2\/media?parent=14199"}],"curies":[{"name":"wp","href":"https:\/\/api.w.org\/{rel}","templated":true}]}}