{"id":14155,"date":"2018-07-26T14:03:06","date_gmt":"2018-07-26T19:03:06","guid":{"rendered":"https:\/\/accesolatino.org\/?page_id=14155"},"modified":"2025-11-06T19:29:14","modified_gmt":"2025-11-07T01:29:14","slug":"te-decimos-como-traer-a-tus-hijos-a-mexico-de-forma-segura","status":"publish","type":"page","link":"https:\/\/accesolatino.org\/en\/te-decimos-como-traer-a-tus-hijos-a-mexico-de-forma-segura\/","title":{"rendered":"We tell you how to bring your children to Mexico safely."},"content":{"rendered":"<div data-elementor-type=\"wp-post\" data-elementor-id=\"14155\" class=\"elementor elementor-14155\">\n\t\t\t\t\t\t<section class=\"elementor-section elementor-top-section elementor-element elementor-element-68b69bc elementor-section-full_width elementor-section-height-min-height elementor-section-items-stretch elementor-section-height-default wpr-particle-no wpr-jarallax-no wpr-parallax-no wpr-sticky-section-no wpr-equal-height-no\" data-id=\"68b69bc\" data-element_type=\"section\" data-e-type=\"section\" data-settings=\"{&quot;background_background&quot;:&quot;classic&quot;}\">\n\t\t\t\t\t\t<div class=\"elementor-container elementor-column-gap-no\">\n\t\t\t\t\t<div class=\"elementor-column elementor-col-100 elementor-top-column elementor-element elementor-element-93f9390\" data-id=\"93f9390\" data-element_type=\"column\" data-e-type=\"column\">\n\t\t\t<div class=\"elementor-widget-wrap elementor-element-populated\">\n\t\t\t\t\t\t<div class=\"elementor-element elementor-element-2cf791a elementor--h-position-center elementor--v-position-middle elementor-widget elementor-widget-slides\" data-id=\"2cf791a\" data-element_type=\"widget\" data-e-type=\"widget\" data-settings=\"{&quot;navigation&quot;:&quot;none&quot;,&quot;infinite&quot;:&quot;yes&quot;,&quot;transition&quot;:&quot;slide&quot;,&quot;transition_speed&quot;:500}\" data-widget_type=\"slides.default\">\n\t\t\t\t<div class=\"elementor-widget-container\">\n\t\t\t\t\t\t\t<div class=\"elementor-swiper\">\n\t\t\t<div class=\"elementor-slides-wrapper elementor-main-swiper swiper-container\" dir=\"ltr\" data-animation=\"\">\n\t\t\t\t<div class=\"swiper-wrapper elementor-slides\">\n\t\t\t\t\t\t\t\t\t\t<div class=\"elementor-repeater-item-d983a28 swiper-slide\"><div class=\"swiper-slide-bg\"><\/div><div class=\"swiper-slide-inner\" ><div class=\"swiper-slide-contents\"><div class=\"elementor-slide-heading\">Legal Guidance<\/div><\/div><\/div><\/div>\t\t\t\t<\/div>\n\t\t\t\t\t\t\t<\/div>\n\t\t<\/div>\n\t\t\t\t\t\t<\/div>\n\t\t\t\t<\/div>\n\t\t\t\t\t<\/div>\n\t\t<\/div>\n\t\t\t\t\t<\/div>\n\t\t<\/section>\n\t\t\t\t<section class=\"elementor-section elementor-top-section elementor-element elementor-element-de3d4d7 elementor-section-stretched elementor-section-boxed elementor-section-height-default elementor-section-height-default wpr-particle-no wpr-jarallax-no wpr-parallax-no wpr-sticky-section-no wpr-equal-height-no\" data-id=\"de3d4d7\" data-element_type=\"section\" data-e-type=\"section\" data-settings=\"{&quot;stretch_section&quot;:&quot;section-stretched&quot;,&quot;background_background&quot;:&quot;classic&quot;}\">\n\t\t\t\t\t\t<div class=\"elementor-container elementor-column-gap-default\">\n\t\t\t\t\t<div class=\"elementor-column elementor-col-100 elementor-top-column elementor-element elementor-element-d3f1981\" data-id=\"d3f1981\" data-element_type=\"column\" data-e-type=\"column\">\n\t\t\t<div class=\"elementor-widget-wrap elementor-element-populated\">\n\t\t\t\t\t\t<div class=\"elementor-element elementor-element-45ffbc9 elementor-widget elementor-widget-heading\" data-id=\"45ffbc9\" data-element_type=\"widget\" data-e-type=\"widget\" data-widget_type=\"heading.default\">\n\t\t\t\t<div class=\"elementor-widget-container\">\n\t\t\t\t\t<h3 class=\"elementor-heading-title elementor-size-default\">Migrante ten un regreso seguro a M\u00e9xico <\/h3>\t\t\t\t<\/div>\n\t\t\t\t<\/div>\n\t\t\t\t<div class=\"elementor-element elementor-element-4dd1e9b elementor-widget elementor-widget-text-editor\" data-id=\"4dd1e9b\" data-element_type=\"widget\" data-e-type=\"widget\" data-widget_type=\"text-editor.default\">\n\t\t\t\t<div class=\"elementor-widget-container\">\n\t\t\t\t\t\t\t\t\t<p>La pol\u00edtica de \u201cTolerancia cero\u201d que ha implementado el gobierno de Estados Unidos ha aumentado a\u00fan m\u00e1s, la deportaci\u00f3n de muchos migrantes a M\u00e9xico. No obstante, muchos migrantes tambi\u00e9n han decidido regresar a su pa\u00eds por decisi\u00f3n propia.<\/p><p>Gran parte de las personas que deciden retornar a M\u00e9xico o son deportadas, lo hacen sin sus hijos por el temor de que pierdan la nacionalidad americana o simplemente por lagunas en el proceso legal del gobierno americano.<\/p><p>En nuestra herramienta de <a href=\"https:\/\/accesolatino.org\/en\/orientacion-legal\/\">\u201cOrientaci\u00f3n Legal\u201d<\/a> tenemos nuestra tarjeta<strong> \u00bfPlaneas regresar a M\u00e9xico?<\/strong> donde encontrar\u00e1s distintos apartados que te ayudar\u00e1n a planear mejor tu regreso y a saber con qu\u00e9 posibilidades cuentas para saber <a href=\"https:\/\/accesolatino.org\/en\/orientacion-legal\/migrantes-en-mexico\/\">\u201c\u00bfC\u00f3mo traer a tus hijos?\u201d<\/a>.<\/p><p>En esta tarjeta encontrar\u00e1s una gu\u00eda que te brindar\u00e1 recomendaciones para informarse, documentarse y prepararse ante un posible retorno a M\u00e9xico y c\u00f3mo poder traer a tus hijos contigo.<\/p><p>Cabe recordar que las ni\u00f1as y ni\u00f1os nacidos en Estados Unidos (EUA), NO perder\u00e1n la nacionalidad estadounidense al adquirir la nacionalidad mexicana, tendr\u00e1n doble nacionalidad.<\/p>\t\t\t\t\t\t\t\t<\/div>\n\t\t\t\t<\/div>\n\t\t\t\t<div class=\"elementor-element elementor-element-f22c4df elementor-widget elementor-widget-spacer\" data-id=\"f22c4df\" data-element_type=\"widget\" data-e-type=\"widget\" data-widget_type=\"spacer.default\">\n\t\t\t\t<div class=\"elementor-widget-container\">\n\t\t\t\t\t\t\t<div class=\"elementor-spacer\">\n\t\t\t<div class=\"elementor-spacer-inner\"><\/div>\n\t\t<\/div>\n\t\t\t\t\t\t<\/div>\n\t\t\t\t<\/div>\n\t\t\t\t\t<\/div>\n\t\t<\/div>\n\t\t\t\t\t<\/div>\n\t\t<\/section>\n\t\t\t\t<\/div>","protected":false},"excerpt":{"rendered":"<p>Orientaci\u00f3n Legal Migrante ten un regreso seguro a M\u00e9xico La pol\u00edtica de \u201cTolerancia cero\u201d que ha implementado el gobierno de Estados Unidos ha aumentado a\u00fan m\u00e1s, la deportaci\u00f3n de muchos migrantes a M\u00e9xico. No obstante, muchos migrantes tambi\u00e9n han decidido regresar a su pa\u00eds por decisi\u00f3n propia. Gran parte de las personas que deciden retornar a M\u00e9xico o son deportadas, lo hacen sin sus hijos por el temor de que pierdan la nacionalidad americana o simplemente por lagunas en el proceso legal del gobierno americano. En nuestra herramienta de \u201cOrientaci\u00f3n Legal\u201d tenemos nuestra tarjeta \u00bfPlaneas regresar a M\u00e9xico? donde encontrar\u00e1s distintos apartados que te ayudar\u00e1n a planear mejor tu regreso y a saber con qu\u00e9 posibilidades cuentas para saber \u201c\u00bfC\u00f3mo traer a tus hijos?\u201d. En esta tarjeta encontrar\u00e1s una gu\u00eda que te brindar\u00e1 recomendaciones para informarse, documentarse y prepararse ante un posible retorno a M\u00e9xico y c\u00f3mo poder traer a tus hijos contigo. Cabe recordar que las ni\u00f1as y ni\u00f1os nacidos en Estados Unidos (EUA), NO perder\u00e1n la nacionalidad estadounidense al adquirir la nacionalidad mexicana, tendr\u00e1n doble nacionalidad.<\/p>","protected":false},"author":8,"featured_media":14156,"parent":0,"menu_order":0,"comment_status":"closed","ping_status":"closed","template":"elementor_header_footer","meta":{"_uf_show_specific_survey":0,"_uf_disable_surveys":false,"footnotes":""},"class_list":["post-14155","page","type-page","status-publish","has-post-thumbnail"],"aioseo_notices":[],"yoast_head":"<!-- This site is optimized with the Yoast SEO plugin v27.4 - https:\/\/yoast.com\/product\/yoast-seo-wordpress\/ -->\n<title>Te decimos c\u00f3mo traer a tus hijos a M\u00e9xico de forma segura<\/title>\n<meta name=\"description\" content=\"Migrante ten un regreso seguro a M\u00e9xico La pol\u00edtica de \u201cTolerancia cero\u201d que ha implementado el gobierno de Estados Unidos ha...\" \/>\n<meta name=\"robots\" content=\"index, follow, max-snippet:-1, max-image-preview:large, max-video-preview:-1\" \/>\n<link rel=\"canonical\" href=\"https:\/\/accesolatino.org\/en\/te-decimos-como-traer-a-tus-hijos-a-mexico-de-forma-segura\/\" \/>\n<meta property=\"og:locale\" content=\"en_US\" \/>\n<meta property=\"og:type\" content=\"article\" \/>\n<meta property=\"og:title\" content=\"Acceso Latino | Te decimos c\u00f3mo traer a tus hijos a M\u00e9xico de forma segura\" \/>\n<meta property=\"og:description\" content=\"Conoce las Instituciones que te pueden ser de ayuda en otros pa\u00edses.\" \/>\n<meta property=\"og:url\" content=\"https:\/\/accesolatino.org\/en\/te-decimos-como-traer-a-tus-hijos-a-mexico-de-forma-segura\/\" \/>\n<meta property=\"og:site_name\" content=\"Acceso Latino\" \/>\n<meta property=\"article:publisher\" content=\"https:\/\/www.facebook.com\/AccesoLatinoOrg\" \/>\n<meta property=\"article:modified_time\" content=\"2025-11-07T01:29:14+00:00\" \/>\n<meta property=\"og:image\" content=\"https:\/\/accesolatino.org\/wp-content\/uploads\/2018\/07\/Te-decimos-como-traer-a-tus-hijos-a-Mexico-de-forma-segura-.jpg\" \/>\n\t<meta property=\"og:image:width\" content=\"624\" \/>\n\t<meta property=\"og:image:height\" content=\"351\" \/>\n\t<meta property=\"og:image:type\" content=\"image\/jpeg\" \/>\n<meta name=\"twitter:card\" content=\"summary_large_image\" \/>\n<meta name=\"twitter:title\" content=\"Acceso Latino | Te decimos c\u00f3mo traer a tus hijos a M\u00e9xico de forma segura\" \/>\n<meta name=\"twitter:description\" content=\"Conoce las Instituciones que te pueden ser de ayuda en otros pa\u00edses.\" \/>\n<meta name=\"twitter:image\" content=\"https:\/\/accesolatino.org\/wp-content\/uploads\/2018\/07\/Te-decimos-como-traer-a-tus-hijos-a-Mexico-de-forma-segura-.jpg\" \/>\n<meta name=\"twitter:site\" content=\"@FAccLatino\" \/>\n<meta name=\"twitter:label1\" content=\"Est. reading time\" \/>\n\t<meta name=\"twitter:data1\" content=\"2 minutes\" \/>\n<script type=\"application\/ld+json\" class=\"yoast-schema-graph\">{\"@context\":\"https:\\\/\\\/schema.org\",\"@graph\":[{\"@type\":\"WebPage\",\"@id\":\"https:\\\/\\\/accesolatino.org\\\/en\\\/te-decimos-como-traer-a-tus-hijos-a-mexico-de-forma-segura\\\/\",\"url\":\"https:\\\/\\\/accesolatino.org\\\/en\\\/te-decimos-como-traer-a-tus-hijos-a-mexico-de-forma-segura\\\/\",\"name\":\"Te decimos c\u00f3mo traer a tus hijos a M\u00e9xico de forma segura\",\"isPartOf\":{\"@id\":\"https:\\\/\\\/accesolatino.org\\\/#website\"},\"primaryImageOfPage\":{\"@id\":\"https:\\\/\\\/accesolatino.org\\\/en\\\/te-decimos-como-traer-a-tus-hijos-a-mexico-de-forma-segura\\\/#primaryimage\"},\"image\":{\"@id\":\"https:\\\/\\\/accesolatino.org\\\/en\\\/te-decimos-como-traer-a-tus-hijos-a-mexico-de-forma-segura\\\/#primaryimage\"},\"thumbnailUrl\":\"https:\\\/\\\/accesolatino.org\\\/wp-content\\\/uploads\\\/2018\\\/07\\\/Te-decimos-como-traer-a-tus-hijos-a-Mexico-de-forma-segura-.jpg\",\"datePublished\":\"2018-07-26T19:03:06+00:00\",\"dateModified\":\"2025-11-07T01:29:14+00:00\",\"description\":\"Migrante ten un regreso seguro a M\u00e9xico La pol\u00edtica de \u201cTolerancia cero\u201d que ha implementado el gobierno de Estados Unidos ha...\",\"breadcrumb\":{\"@id\":\"https:\\\/\\\/accesolatino.org\\\/en\\\/te-decimos-como-traer-a-tus-hijos-a-mexico-de-forma-segura\\\/#breadcrumb\"},\"inLanguage\":\"en-US\",\"potentialAction\":[{\"@type\":\"ReadAction\",\"target\":[\"https:\\\/\\\/accesolatino.org\\\/en\\\/te-decimos-como-traer-a-tus-hijos-a-mexico-de-forma-segura\\\/\"]}]},{\"@type\":\"ImageObject\",\"inLanguage\":\"en-US\",\"@id\":\"https:\\\/\\\/accesolatino.org\\\/en\\\/te-decimos-como-traer-a-tus-hijos-a-mexico-de-forma-segura\\\/#primaryimage\",\"url\":\"https:\\\/\\\/accesolatino.org\\\/wp-content\\\/uploads\\\/2018\\\/07\\\/Te-decimos-como-traer-a-tus-hijos-a-Mexico-de-forma-segura-.jpg\",\"contentUrl\":\"https:\\\/\\\/accesolatino.org\\\/wp-content\\\/uploads\\\/2018\\\/07\\\/Te-decimos-como-traer-a-tus-hijos-a-Mexico-de-forma-segura-.jpg\",\"width\":\"624\",\"height\":\"351\",\"caption\":\"orientaci\u00f3n legal\"},{\"@type\":\"BreadcrumbList\",\"@id\":\"https:\\\/\\\/accesolatino.org\\\/en\\\/te-decimos-como-traer-a-tus-hijos-a-mexico-de-forma-segura\\\/#breadcrumb\",\"itemListElement\":[{\"@type\":\"ListItem\",\"position\":1,\"name\":\"Portada\",\"item\":\"https:\\\/\\\/accesolatino.org\\\/\"},{\"@type\":\"ListItem\",\"position\":2,\"name\":\"Te decimos c\u00f3mo traer a tus hijos a M\u00e9xico de forma segura\"}]},{\"@type\":\"WebSite\",\"@id\":\"https:\\\/\\\/accesolatino.org\\\/#website\",\"url\":\"https:\\\/\\\/accesolatino.org\\\/\",\"name\":\"Acceso Latino | Fundaci\u00f3n Carlos Slim\",\"description\":\"Fundaci\u00f3n Carlos Slim\",\"publisher\":{\"@id\":\"https:\\\/\\\/accesolatino.org\\\/#organization\"},\"potentialAction\":[{\"@type\":\"SearchAction\",\"target\":{\"@type\":\"EntryPoint\",\"urlTemplate\":\"https:\\\/\\\/accesolatino.org\\\/?s={search_term_string}\"},\"query-input\":{\"@type\":\"PropertyValueSpecification\",\"valueRequired\":true,\"valueName\":\"search_term_string\"}}],\"inLanguage\":\"en-US\"},{\"@type\":\"Organization\",\"@id\":\"https:\\\/\\\/accesolatino.org\\\/#organization\",\"name\":\"Acceso Latino | Fundaci\u00f3n Carlos Slim\",\"url\":\"https:\\\/\\\/accesolatino.org\\\/\",\"logo\":{\"@type\":\"ImageObject\",\"inLanguage\":\"en-US\",\"@id\":\"https:\\\/\\\/accesolatino.org\\\/#\\\/schema\\\/logo\\\/image\\\/\",\"url\":\"https:\\\/\\\/accesolatino.org\\\/wp-content\\\/uploads\\\/2021\\\/02\\\/logo-footer-acceso-latino.png\",\"contentUrl\":\"https:\\\/\\\/accesolatino.org\\\/wp-content\\\/uploads\\\/2021\\\/02\\\/logo-footer-acceso-latino.png\",\"width\":240,\"height\":40,\"caption\":\"Acceso Latino | Fundaci\u00f3n Carlos Slim\"},\"image\":{\"@id\":\"https:\\\/\\\/accesolatino.org\\\/#\\\/schema\\\/logo\\\/image\\\/\"},\"sameAs\":[\"https:\\\/\\\/www.facebook.com\\\/AccesoLatinoOrg\",\"https:\\\/\\\/x.com\\\/FAccLatino\"]}]}<\/script>\n<!-- \/ Yoast SEO plugin. -->","yoast_head_json":{"title":"We tell you how to bring your children to Mexico safely.","description":"Migrante ten un regreso seguro a M\u00e9xico La pol\u00edtica de \u201cTolerancia cero\u201d que ha implementado el gobierno de Estados Unidos ha...","robots":{"index":"index","follow":"follow","max-snippet":"max-snippet:-1","max-image-preview":"max-image-preview:large","max-video-preview":"max-video-preview:-1"},"canonical":"https:\/\/accesolatino.org\/en\/te-decimos-como-traer-a-tus-hijos-a-mexico-de-forma-segura\/","og_locale":"en_US","og_type":"article","og_title":"Acceso Latino | Te decimos c\u00f3mo traer a tus hijos a M\u00e9xico de forma segura","og_description":"Conoce las Instituciones que te pueden ser de ayuda en otros pa\u00edses.","og_url":"https:\/\/accesolatino.org\/en\/te-decimos-como-traer-a-tus-hijos-a-mexico-de-forma-segura\/","og_site_name":"Acceso Latino","article_publisher":"https:\/\/www.facebook.com\/AccesoLatinoOrg","article_modified_time":"2025-11-07T01:29:14+00:00","og_image":[{"width":624,"height":351,"url":"https:\/\/accesolatino.org\/wp-content\/uploads\/2018\/07\/Te-decimos-como-traer-a-tus-hijos-a-Mexico-de-forma-segura-.jpg","type":"image\/jpeg"}],"twitter_card":"summary_large_image","twitter_title":"Acceso Latino | Te decimos c\u00f3mo traer a tus hijos a M\u00e9xico de forma segura","twitter_description":"Conoce las Instituciones que te pueden ser de ayuda en otros pa\u00edses.","twitter_image":"https:\/\/accesolatino.org\/wp-content\/uploads\/2018\/07\/Te-decimos-como-traer-a-tus-hijos-a-Mexico-de-forma-segura-.jpg","twitter_site":"@FAccLatino","twitter_misc":{"Est. reading time":"2 minutes"},"schema":{"@context":"https:\/\/schema.org","@graph":[{"@type":"WebPage","@id":"https:\/\/accesolatino.org\/en\/te-decimos-como-traer-a-tus-hijos-a-mexico-de-forma-segura\/","url":"https:\/\/accesolatino.org\/en\/te-decimos-como-traer-a-tus-hijos-a-mexico-de-forma-segura\/","name":"We tell you how to bring your children to Mexico safely.","isPartOf":{"@id":"https:\/\/accesolatino.org\/#website"},"primaryImageOfPage":{"@id":"https:\/\/accesolatino.org\/en\/te-decimos-como-traer-a-tus-hijos-a-mexico-de-forma-segura\/#primaryimage"},"image":{"@id":"https:\/\/accesolatino.org\/en\/te-decimos-como-traer-a-tus-hijos-a-mexico-de-forma-segura\/#primaryimage"},"thumbnailUrl":"https:\/\/accesolatino.org\/wp-content\/uploads\/2018\/07\/Te-decimos-como-traer-a-tus-hijos-a-Mexico-de-forma-segura-.jpg","datePublished":"2018-07-26T19:03:06+00:00","dateModified":"2025-11-07T01:29:14+00:00","description":"Migrante ten un regreso seguro a M\u00e9xico La pol\u00edtica de \u201cTolerancia cero\u201d que ha implementado el gobierno de Estados Unidos ha...","breadcrumb":{"@id":"https:\/\/accesolatino.org\/en\/te-decimos-como-traer-a-tus-hijos-a-mexico-de-forma-segura\/#breadcrumb"},"inLanguage":"en-US","potentialAction":[{"@type":"ReadAction","target":["https:\/\/accesolatino.org\/en\/te-decimos-como-traer-a-tus-hijos-a-mexico-de-forma-segura\/"]}]},{"@type":"ImageObject","inLanguage":"en-US","@id":"https:\/\/accesolatino.org\/en\/te-decimos-como-traer-a-tus-hijos-a-mexico-de-forma-segura\/#primaryimage","url":"https:\/\/accesolatino.org\/wp-content\/uploads\/2018\/07\/Te-decimos-como-traer-a-tus-hijos-a-Mexico-de-forma-segura-.jpg","contentUrl":"https:\/\/accesolatino.org\/wp-content\/uploads\/2018\/07\/Te-decimos-como-traer-a-tus-hijos-a-Mexico-de-forma-segura-.jpg","width":"624","height":"351","caption":"orientaci\u00f3n legal"},{"@type":"BreadcrumbList","@id":"https:\/\/accesolatino.org\/en\/te-decimos-como-traer-a-tus-hijos-a-mexico-de-forma-segura\/#breadcrumb","itemListElement":[{"@type":"ListItem","position":1,"name":"Portada","item":"https:\/\/accesolatino.org\/"},{"@type":"ListItem","position":2,"name":"Te decimos c\u00f3mo traer a tus hijos a M\u00e9xico de forma segura"}]},{"@type":"WebSite","@id":"https:\/\/accesolatino.org\/#website","url":"https:\/\/accesolatino.org\/","name":"Acceso Latino | Fundaci\u00f3n Carlos Slim","description":"Fundaci\u00f3n Carlos Slim","publisher":{"@id":"https:\/\/accesolatino.org\/#organization"},"potentialAction":[{"@type":"SearchAction","target":{"@type":"EntryPoint","urlTemplate":"https:\/\/accesolatino.org\/?s={search_term_string}"},"query-input":{"@type":"PropertyValueSpecification","valueRequired":true,"valueName":"search_term_string"}}],"inLanguage":"en-US"},{"@type":"Organization","@id":"https:\/\/accesolatino.org\/#organization","name":"Acceso Latino | Fundaci\u00f3n Carlos Slim","url":"https:\/\/accesolatino.org\/","logo":{"@type":"ImageObject","inLanguage":"en-US","@id":"https:\/\/accesolatino.org\/#\/schema\/logo\/image\/","url":"https:\/\/accesolatino.org\/wp-content\/uploads\/2021\/02\/logo-footer-acceso-latino.png","contentUrl":"https:\/\/accesolatino.org\/wp-content\/uploads\/2021\/02\/logo-footer-acceso-latino.png","width":240,"height":40,"caption":"Acceso Latino | Fundaci\u00f3n Carlos Slim"},"image":{"@id":"https:\/\/accesolatino.org\/#\/schema\/logo\/image\/"},"sameAs":["https:\/\/www.facebook.com\/AccesoLatinoOrg","https:\/\/x.com\/FAccLatino"]}]}},"_links":{"self":[{"href":"https:\/\/accesolatino.org\/en\/wp-json\/wp\/v2\/pages\/14155","targetHints":{"allow":["GET"]}}],"collection":[{"href":"https:\/\/accesolatino.org\/en\/wp-json\/wp\/v2\/pages"}],"about":[{"href":"https:\/\/accesolatino.org\/en\/wp-json\/wp\/v2\/types\/page"}],"author":[{"embeddable":true,"href":"https:\/\/accesolatino.org\/en\/wp-json\/wp\/v2\/users\/8"}],"replies":[{"embeddable":true,"href":"https:\/\/accesolatino.org\/en\/wp-json\/wp\/v2\/comments?post=14155"}],"version-history":[{"count":1,"href":"https:\/\/accesolatino.org\/en\/wp-json\/wp\/v2\/pages\/14155\/revisions"}],"predecessor-version":[{"id":68593,"href":"https:\/\/accesolatino.org\/en\/wp-json\/wp\/v2\/pages\/14155\/revisions\/68593"}],"wp:featuredmedia":[{"embeddable":true,"href":"https:\/\/accesolatino.org\/en\/wp-json\/wp\/v2\/media\/14156"}],"wp:attachment":[{"href":"https:\/\/accesolatino.org\/en\/wp-json\/wp\/v2\/media?parent=14155"}],"curies":[{"name":"wp","href":"https:\/\/api.w.org\/{rel}","templated":true}]}}