{"id":14138,"date":"2018-07-24T09:44:37","date_gmt":"2018-07-24T14:44:37","guid":{"rendered":"https:\/\/accesolatino.org\/?page_id=14138"},"modified":"2025-11-06T19:29:14","modified_gmt":"2025-11-07T01:29:14","slug":"migrante-ten-un-viaje-seguro-por-mexico","status":"publish","type":"page","link":"https:\/\/accesolatino.org\/en\/migrante-ten-un-viaje-seguro-por-mexico\/","title":{"rendered":"Migrant, have a safe trip through Mexico"},"content":{"rendered":"<div data-elementor-type=\"wp-post\" data-elementor-id=\"14138\" class=\"elementor elementor-14138\">\n\t\t\t\t\t\t<section class=\"elementor-section elementor-top-section elementor-element elementor-element-b9ddf47 elementor-section-full_width elementor-section-height-min-height elementor-section-items-stretch elementor-section-height-default wpr-particle-no wpr-jarallax-no wpr-parallax-no wpr-sticky-section-no wpr-equal-height-no\" data-id=\"b9ddf47\" data-element_type=\"section\" data-e-type=\"section\" data-settings=\"{&quot;background_background&quot;:&quot;classic&quot;}\">\n\t\t\t\t\t\t<div class=\"elementor-container elementor-column-gap-no\">\n\t\t\t\t\t<div class=\"elementor-column elementor-col-100 elementor-top-column elementor-element elementor-element-ba85fac\" data-id=\"ba85fac\" data-element_type=\"column\" data-e-type=\"column\">\n\t\t\t<div class=\"elementor-widget-wrap elementor-element-populated\">\n\t\t\t\t\t\t<div class=\"elementor-element elementor-element-9a276b3 elementor--h-position-center elementor--v-position-middle elementor-widget elementor-widget-slides\" data-id=\"9a276b3\" data-element_type=\"widget\" data-e-type=\"widget\" data-settings=\"{&quot;navigation&quot;:&quot;none&quot;,&quot;infinite&quot;:&quot;yes&quot;,&quot;transition&quot;:&quot;slide&quot;,&quot;transition_speed&quot;:500}\" data-widget_type=\"slides.default\">\n\t\t\t\t<div class=\"elementor-widget-container\">\n\t\t\t\t\t\t\t<div class=\"elementor-swiper\">\n\t\t\t<div class=\"elementor-slides-wrapper elementor-main-swiper swiper-container\" dir=\"ltr\" data-animation=\"\">\n\t\t\t\t<div class=\"swiper-wrapper elementor-slides\">\n\t\t\t\t\t\t\t\t\t\t<div class=\"elementor-repeater-item-d983a28 swiper-slide\"><div class=\"swiper-slide-bg\"><\/div><div class=\"swiper-slide-inner\" ><div class=\"swiper-slide-contents\"><div class=\"elementor-slide-heading\">Legal Guidance<\/div><\/div><\/div><\/div>\t\t\t\t<\/div>\n\t\t\t\t\t\t\t<\/div>\n\t\t<\/div>\n\t\t\t\t\t\t<\/div>\n\t\t\t\t<\/div>\n\t\t\t\t\t<\/div>\n\t\t<\/div>\n\t\t\t\t\t<\/div>\n\t\t<\/section>\n\t\t\t\t<section class=\"elementor-section elementor-top-section elementor-element elementor-element-78c886b elementor-section-stretched elementor-section-boxed elementor-section-height-default elementor-section-height-default wpr-particle-no wpr-jarallax-no wpr-parallax-no wpr-sticky-section-no wpr-equal-height-no\" data-id=\"78c886b\" data-element_type=\"section\" data-e-type=\"section\" data-settings=\"{&quot;stretch_section&quot;:&quot;section-stretched&quot;,&quot;background_background&quot;:&quot;classic&quot;}\">\n\t\t\t\t\t\t<div class=\"elementor-container elementor-column-gap-default\">\n\t\t\t\t\t<div class=\"elementor-column elementor-col-100 elementor-top-column elementor-element elementor-element-146f21f\" data-id=\"146f21f\" data-element_type=\"column\" data-e-type=\"column\">\n\t\t\t<div class=\"elementor-widget-wrap elementor-element-populated\">\n\t\t\t\t\t\t<div class=\"elementor-element elementor-element-305512b elementor-widget elementor-widget-heading\" data-id=\"305512b\" data-element_type=\"widget\" data-e-type=\"widget\" data-widget_type=\"heading.default\">\n\t\t\t\t<div class=\"elementor-widget-container\">\n\t\t\t\t\t<h3 class=\"elementor-heading-title elementor-size-default\">Migrant, have a safe trip through Mexico<\/h3>\t\t\t\t<\/div>\n\t\t\t\t<\/div>\n\t\t\t\t<div class=\"elementor-element elementor-element-a1bc030 elementor-widget elementor-widget-text-editor\" data-id=\"a1bc030\" data-element_type=\"widget\" data-e-type=\"widget\" data-widget_type=\"text-editor.default\">\n\t\t\t\t<div class=\"elementor-widget-container\">\n\t\t\t\t\t\t\t\t\t<p>Con la finalidad de brindar ayuda a los migrantes que viven en Centroam\u00e9rica y que deseen emprender su viaje a M\u00e9xico o Estados Unidos, Fundaci\u00f3n Carlos Slim a trav\u00e9s de su portal <strong>Acceso Latino<\/strong> mantiene una serie de herramientas al alcance de todas las personas.<\/p><p>Buscando que tu viaje sea lo m\u00e1s seguro posible, en nuestra secci\u00f3n de <a href=\"https:\/\/accesolatino.org\/en\/orientacion-legal\/\">\u201cOrientaci\u00f3n Legal\u201d<\/a> tenemos el apartado<strong> <em>\u00bfPlaneas regresar a M\u00e9xico?<\/em><\/strong> donde encontrar\u00e1s, entre varios asuntos, una <a href=\"https:\/\/accesolatino.org\/en\/orientacion-legal\/migrantes-en-mexico\/\">\u201cGu\u00eda de Regulaci\u00f3n Migratoria\u201d<\/a><\/p><p>En esta gu\u00eda encontrar\u00e1n informaci\u00f3n acerca de estaciones migratorias, c\u00f3mo hacer una denuncia, tus derechos como migrante, regularizaci\u00f3n migratoria as\u00ed como oficinas for\u00e1neas de la Comisi\u00f3n Nacional de los Derechos Humanos (CNDH).<\/p><p>En la tarjeta de <a href=\"https:\/\/accesolatino.org\/en\/orientacion-legal\/migrantes-en-mexico\/\">\u201cGu\u00eda de Regulaci\u00f3n Migratoria\u201d<\/a> que proporcionamos para ti, encontrar\u00e1s una gu\u00eda espec\u00edfica para migrantes elaborada por la Comisi\u00f3n Nacional de los Derechos Humanos (CNDH) con toda la informaci\u00f3n necesaria para que tu paso por M\u00e9xico sea lo m\u00e1s seguro posible, respetando tu integridad y tus derechos.<\/p>\t\t\t\t\t\t\t\t<\/div>\n\t\t\t\t<\/div>\n\t\t\t\t<div class=\"elementor-element elementor-element-2b74e37 elementor-widget elementor-widget-spacer\" data-id=\"2b74e37\" data-element_type=\"widget\" data-e-type=\"widget\" data-widget_type=\"spacer.default\">\n\t\t\t\t<div class=\"elementor-widget-container\">\n\t\t\t\t\t\t\t<div class=\"elementor-spacer\">\n\t\t\t<div class=\"elementor-spacer-inner\"><\/div>\n\t\t<\/div>\n\t\t\t\t\t\t<\/div>\n\t\t\t\t<\/div>\n\t\t\t\t\t<\/div>\n\t\t<\/div>\n\t\t\t\t\t<\/div>\n\t\t<\/section>\n\t\t\t\t<\/div>","protected":false},"excerpt":{"rendered":"<p>Orientaci\u00f3n Legal Migrante, ten un viaje seguro por M\u00e9xico Con la finalidad de brindar ayuda a los migrantes que viven en Centroam\u00e9rica y que deseen emprender su viaje a M\u00e9xico o Estados Unidos, Fundaci\u00f3n Carlos Slim a trav\u00e9s de su portal Acceso Latino mantiene una serie de herramientas al alcance de todas las personas. Buscando que tu viaje sea lo m\u00e1s seguro posible, en nuestra secci\u00f3n de \u201cOrientaci\u00f3n Legal\u201d tenemos el apartado \u00bfPlaneas regresar a M\u00e9xico? donde encontrar\u00e1s, entre varios asuntos, una \u201cGu\u00eda de Regulaci\u00f3n Migratoria\u201d En esta gu\u00eda encontrar\u00e1n informaci\u00f3n acerca de estaciones migratorias, c\u00f3mo hacer una denuncia, tus derechos como migrante, regularizaci\u00f3n migratoria as\u00ed como oficinas for\u00e1neas de la Comisi\u00f3n Nacional de los Derechos Humanos (CNDH). En la tarjeta de \u201cGu\u00eda de Regulaci\u00f3n Migratoria\u201d que proporcionamos para ti, encontrar\u00e1s una gu\u00eda espec\u00edfica para migrantes elaborada por la Comisi\u00f3n Nacional de los Derechos Humanos (CNDH) con toda la informaci\u00f3n necesaria para que tu paso por M\u00e9xico sea lo m\u00e1s seguro posible, respetando tu integridad y tus derechos.<\/p>","protected":false},"author":8,"featured_media":4282,"parent":0,"menu_order":0,"comment_status":"closed","ping_status":"closed","template":"elementor_header_footer","meta":{"_uf_show_specific_survey":0,"_uf_disable_surveys":false,"footnotes":""},"class_list":["post-14138","page","type-page","status-publish","has-post-thumbnail"],"aioseo_notices":[],"yoast_head":"<!-- This site is optimized with the Yoast SEO plugin v27.4 - https:\/\/yoast.com\/product\/yoast-seo-wordpress\/ -->\n<title>Migrante, ten un viaje seguro por M\u00e9xico<\/title>\n<meta name=\"description\" content=\"Orientaci\u00f3n Legal: Migrante, ten un viaje seguro por M\u00e9xico Con la finalidad de brindar ayuda a los migrantes que viven en Centroam\u00e9rica y...\" \/>\n<meta name=\"robots\" content=\"index, follow, max-snippet:-1, max-image-preview:large, max-video-preview:-1\" \/>\n<link rel=\"canonical\" href=\"https:\/\/accesolatino.org\/en\/migrante-ten-un-viaje-seguro-por-mexico\/\" \/>\n<meta property=\"og:locale\" content=\"en_US\" \/>\n<meta property=\"og:type\" content=\"article\" \/>\n<meta property=\"og:title\" content=\"Acceso Latino | Migrante, ten un viaje seguro por M\u00e9xico\" \/>\n<meta property=\"og:description\" content=\"Migrante, ten un viaje seguro por M\u00e9xico\" \/>\n<meta property=\"og:url\" content=\"https:\/\/accesolatino.org\/en\/migrante-ten-un-viaje-seguro-por-mexico\/\" \/>\n<meta property=\"og:site_name\" content=\"Acceso Latino\" \/>\n<meta property=\"article:publisher\" content=\"https:\/\/www.facebook.com\/AccesoLatinoOrg\" \/>\n<meta property=\"article:modified_time\" content=\"2025-11-07T01:29:14+00:00\" \/>\n<meta property=\"og:image\" content=\"https:\/\/accesolatino.org\/wp-content\/uploads\/2018\/04\/Guia-Regularizacion-Migratoria.jpg\" \/>\n\t<meta property=\"og:image:width\" content=\"1000\" \/>\n\t<meta property=\"og:image:height\" content=\"665\" \/>\n\t<meta property=\"og:image:type\" content=\"image\/jpeg\" \/>\n<meta name=\"twitter:card\" content=\"summary_large_image\" \/>\n<meta name=\"twitter:title\" content=\"Acceso Latino | Migrante, ten un viaje seguro por M\u00e9xico\" \/>\n<meta name=\"twitter:description\" content=\"Migrante, ten un viaje seguro por M\u00e9xico\" \/>\n<meta name=\"twitter:image\" content=\"https:\/\/accesolatino.org\/wp-content\/uploads\/2018\/04\/Guia-Regularizacion-Migratoria.jpg\" \/>\n<meta name=\"twitter:site\" content=\"@FAccLatino\" \/>\n<meta name=\"twitter:label1\" content=\"Est. reading time\" \/>\n\t<meta name=\"twitter:data1\" content=\"1 minute\" \/>\n<script type=\"application\/ld+json\" class=\"yoast-schema-graph\">{\"@context\":\"https:\\\/\\\/schema.org\",\"@graph\":[{\"@type\":\"WebPage\",\"@id\":\"https:\\\/\\\/accesolatino.org\\\/migrante-ten-un-viaje-seguro-por-mexico\\\/\",\"url\":\"https:\\\/\\\/accesolatino.org\\\/migrante-ten-un-viaje-seguro-por-mexico\\\/\",\"name\":\"Migrante, ten un viaje seguro por M\u00e9xico\",\"isPartOf\":{\"@id\":\"https:\\\/\\\/accesolatino.org\\\/#website\"},\"primaryImageOfPage\":{\"@id\":\"https:\\\/\\\/accesolatino.org\\\/migrante-ten-un-viaje-seguro-por-mexico\\\/#primaryimage\"},\"image\":{\"@id\":\"https:\\\/\\\/accesolatino.org\\\/migrante-ten-un-viaje-seguro-por-mexico\\\/#primaryimage\"},\"thumbnailUrl\":\"https:\\\/\\\/accesolatino.org\\\/wp-content\\\/uploads\\\/2018\\\/04\\\/Guia-Regularizacion-Migratoria.jpg\",\"datePublished\":\"2018-07-24T14:44:37+00:00\",\"dateModified\":\"2025-11-07T01:29:14+00:00\",\"description\":\"Orientaci\u00f3n Legal: Migrante, ten un viaje seguro por M\u00e9xico Con la finalidad de brindar ayuda a los migrantes que viven en Centroam\u00e9rica y...\",\"breadcrumb\":{\"@id\":\"https:\\\/\\\/accesolatino.org\\\/migrante-ten-un-viaje-seguro-por-mexico\\\/#breadcrumb\"},\"inLanguage\":\"en-US\",\"potentialAction\":[{\"@type\":\"ReadAction\",\"target\":[\"https:\\\/\\\/accesolatino.org\\\/migrante-ten-un-viaje-seguro-por-mexico\\\/\"]}]},{\"@type\":\"ImageObject\",\"inLanguage\":\"en-US\",\"@id\":\"https:\\\/\\\/accesolatino.org\\\/migrante-ten-un-viaje-seguro-por-mexico\\\/#primaryimage\",\"url\":\"https:\\\/\\\/accesolatino.org\\\/wp-content\\\/uploads\\\/2018\\\/04\\\/Guia-Regularizacion-Migratoria.jpg\",\"contentUrl\":\"https:\\\/\\\/accesolatino.org\\\/wp-content\\\/uploads\\\/2018\\\/04\\\/Guia-Regularizacion-Migratoria.jpg\",\"width\":\"1000\",\"height\":\"665\",\"caption\":\"migrante\"},{\"@type\":\"BreadcrumbList\",\"@id\":\"https:\\\/\\\/accesolatino.org\\\/migrante-ten-un-viaje-seguro-por-mexico\\\/#breadcrumb\",\"itemListElement\":[{\"@type\":\"ListItem\",\"position\":1,\"name\":\"Portada\",\"item\":\"https:\\\/\\\/accesolatino.org\\\/\"},{\"@type\":\"ListItem\",\"position\":2,\"name\":\"Migrante, ten un viaje seguro por M\u00e9xico\"}]},{\"@type\":\"WebSite\",\"@id\":\"https:\\\/\\\/accesolatino.org\\\/#website\",\"url\":\"https:\\\/\\\/accesolatino.org\\\/\",\"name\":\"Acceso Latino | Fundaci\u00f3n Carlos Slim\",\"description\":\"Fundaci\u00f3n Carlos Slim\",\"publisher\":{\"@id\":\"https:\\\/\\\/accesolatino.org\\\/#organization\"},\"potentialAction\":[{\"@type\":\"SearchAction\",\"target\":{\"@type\":\"EntryPoint\",\"urlTemplate\":\"https:\\\/\\\/accesolatino.org\\\/?s={search_term_string}\"},\"query-input\":{\"@type\":\"PropertyValueSpecification\",\"valueRequired\":true,\"valueName\":\"search_term_string\"}}],\"inLanguage\":\"en-US\"},{\"@type\":\"Organization\",\"@id\":\"https:\\\/\\\/accesolatino.org\\\/#organization\",\"name\":\"Acceso Latino | Fundaci\u00f3n Carlos Slim\",\"url\":\"https:\\\/\\\/accesolatino.org\\\/\",\"logo\":{\"@type\":\"ImageObject\",\"inLanguage\":\"en-US\",\"@id\":\"https:\\\/\\\/accesolatino.org\\\/#\\\/schema\\\/logo\\\/image\\\/\",\"url\":\"https:\\\/\\\/accesolatino.org\\\/wp-content\\\/uploads\\\/2021\\\/02\\\/logo-footer-acceso-latino.png\",\"contentUrl\":\"https:\\\/\\\/accesolatino.org\\\/wp-content\\\/uploads\\\/2021\\\/02\\\/logo-footer-acceso-latino.png\",\"width\":240,\"height\":40,\"caption\":\"Acceso Latino | Fundaci\u00f3n Carlos Slim\"},\"image\":{\"@id\":\"https:\\\/\\\/accesolatino.org\\\/#\\\/schema\\\/logo\\\/image\\\/\"},\"sameAs\":[\"https:\\\/\\\/www.facebook.com\\\/AccesoLatinoOrg\",\"https:\\\/\\\/x.com\\\/FAccLatino\"]}]}<\/script>\n<!-- \/ Yoast SEO plugin. -->","yoast_head_json":{"title":"Migrant, have a safe trip through Mexico","description":"Orientaci\u00f3n Legal: Migrante, ten un viaje seguro por M\u00e9xico Con la finalidad de brindar ayuda a los migrantes que viven en Centroam\u00e9rica y...","robots":{"index":"index","follow":"follow","max-snippet":"max-snippet:-1","max-image-preview":"max-image-preview:large","max-video-preview":"max-video-preview:-1"},"canonical":"https:\/\/accesolatino.org\/en\/migrante-ten-un-viaje-seguro-por-mexico\/","og_locale":"en_US","og_type":"article","og_title":"Acceso Latino | Migrante, ten un viaje seguro por M\u00e9xico","og_description":"Migrante, ten un viaje seguro por M\u00e9xico","og_url":"https:\/\/accesolatino.org\/en\/migrante-ten-un-viaje-seguro-por-mexico\/","og_site_name":"Acceso Latino","article_publisher":"https:\/\/www.facebook.com\/AccesoLatinoOrg","article_modified_time":"2025-11-07T01:29:14+00:00","og_image":[{"width":1000,"height":665,"url":"https:\/\/accesolatino.org\/wp-content\/uploads\/2018\/04\/Guia-Regularizacion-Migratoria.jpg","type":"image\/jpeg"}],"twitter_card":"summary_large_image","twitter_title":"Acceso Latino | Migrante, ten un viaje seguro por M\u00e9xico","twitter_description":"Migrante, ten un viaje seguro por M\u00e9xico","twitter_image":"https:\/\/accesolatino.org\/wp-content\/uploads\/2018\/04\/Guia-Regularizacion-Migratoria.jpg","twitter_site":"@FAccLatino","twitter_misc":{"Est. reading time":"1 minute"},"schema":{"@context":"https:\/\/schema.org","@graph":[{"@type":"WebPage","@id":"https:\/\/accesolatino.org\/migrante-ten-un-viaje-seguro-por-mexico\/","url":"https:\/\/accesolatino.org\/migrante-ten-un-viaje-seguro-por-mexico\/","name":"Migrant, have a safe trip through Mexico","isPartOf":{"@id":"https:\/\/accesolatino.org\/#website"},"primaryImageOfPage":{"@id":"https:\/\/accesolatino.org\/migrante-ten-un-viaje-seguro-por-mexico\/#primaryimage"},"image":{"@id":"https:\/\/accesolatino.org\/migrante-ten-un-viaje-seguro-por-mexico\/#primaryimage"},"thumbnailUrl":"https:\/\/accesolatino.org\/wp-content\/uploads\/2018\/04\/Guia-Regularizacion-Migratoria.jpg","datePublished":"2018-07-24T14:44:37+00:00","dateModified":"2025-11-07T01:29:14+00:00","description":"Orientaci\u00f3n Legal: Migrante, ten un viaje seguro por M\u00e9xico Con la finalidad de brindar ayuda a los migrantes que viven en Centroam\u00e9rica y...","breadcrumb":{"@id":"https:\/\/accesolatino.org\/migrante-ten-un-viaje-seguro-por-mexico\/#breadcrumb"},"inLanguage":"en-US","potentialAction":[{"@type":"ReadAction","target":["https:\/\/accesolatino.org\/migrante-ten-un-viaje-seguro-por-mexico\/"]}]},{"@type":"ImageObject","inLanguage":"en-US","@id":"https:\/\/accesolatino.org\/migrante-ten-un-viaje-seguro-por-mexico\/#primaryimage","url":"https:\/\/accesolatino.org\/wp-content\/uploads\/2018\/04\/Guia-Regularizacion-Migratoria.jpg","contentUrl":"https:\/\/accesolatino.org\/wp-content\/uploads\/2018\/04\/Guia-Regularizacion-Migratoria.jpg","width":"1000","height":"665","caption":"migrante"},{"@type":"BreadcrumbList","@id":"https:\/\/accesolatino.org\/migrante-ten-un-viaje-seguro-por-mexico\/#breadcrumb","itemListElement":[{"@type":"ListItem","position":1,"name":"Portada","item":"https:\/\/accesolatino.org\/"},{"@type":"ListItem","position":2,"name":"Migrante, ten un viaje seguro por M\u00e9xico"}]},{"@type":"WebSite","@id":"https:\/\/accesolatino.org\/#website","url":"https:\/\/accesolatino.org\/","name":"Acceso Latino | Fundaci\u00f3n Carlos Slim","description":"Fundaci\u00f3n Carlos Slim","publisher":{"@id":"https:\/\/accesolatino.org\/#organization"},"potentialAction":[{"@type":"SearchAction","target":{"@type":"EntryPoint","urlTemplate":"https:\/\/accesolatino.org\/?s={search_term_string}"},"query-input":{"@type":"PropertyValueSpecification","valueRequired":true,"valueName":"search_term_string"}}],"inLanguage":"en-US"},{"@type":"Organization","@id":"https:\/\/accesolatino.org\/#organization","name":"Acceso Latino | Fundaci\u00f3n Carlos Slim","url":"https:\/\/accesolatino.org\/","logo":{"@type":"ImageObject","inLanguage":"en-US","@id":"https:\/\/accesolatino.org\/#\/schema\/logo\/image\/","url":"https:\/\/accesolatino.org\/wp-content\/uploads\/2021\/02\/logo-footer-acceso-latino.png","contentUrl":"https:\/\/accesolatino.org\/wp-content\/uploads\/2021\/02\/logo-footer-acceso-latino.png","width":240,"height":40,"caption":"Acceso Latino | Fundaci\u00f3n Carlos Slim"},"image":{"@id":"https:\/\/accesolatino.org\/#\/schema\/logo\/image\/"},"sameAs":["https:\/\/www.facebook.com\/AccesoLatinoOrg","https:\/\/x.com\/FAccLatino"]}]}},"_links":{"self":[{"href":"https:\/\/accesolatino.org\/en\/wp-json\/wp\/v2\/pages\/14138","targetHints":{"allow":["GET"]}}],"collection":[{"href":"https:\/\/accesolatino.org\/en\/wp-json\/wp\/v2\/pages"}],"about":[{"href":"https:\/\/accesolatino.org\/en\/wp-json\/wp\/v2\/types\/page"}],"author":[{"embeddable":true,"href":"https:\/\/accesolatino.org\/en\/wp-json\/wp\/v2\/users\/8"}],"replies":[{"embeddable":true,"href":"https:\/\/accesolatino.org\/en\/wp-json\/wp\/v2\/comments?post=14138"}],"version-history":[{"count":1,"href":"https:\/\/accesolatino.org\/en\/wp-json\/wp\/v2\/pages\/14138\/revisions"}],"predecessor-version":[{"id":68590,"href":"https:\/\/accesolatino.org\/en\/wp-json\/wp\/v2\/pages\/14138\/revisions\/68590"}],"wp:featuredmedia":[{"embeddable":true,"href":"https:\/\/accesolatino.org\/en\/wp-json\/wp\/v2\/media\/4282"}],"wp:attachment":[{"href":"https:\/\/accesolatino.org\/en\/wp-json\/wp\/v2\/media?parent=14138"}],"curies":[{"name":"wp","href":"https:\/\/api.w.org\/{rel}","templated":true}]}}