{"id":14094,"date":"2018-07-18T10:36:07","date_gmt":"2018-07-18T15:36:07","guid":{"rendered":"https:\/\/accesolatino.org\/?page_id=14094"},"modified":"2025-10-17T14:09:54","modified_gmt":"2025-10-17T20:09:54","slug":"evita-ser-sorprendido-y-consulta-si-tienes-una-orden-de-deportacion","status":"publish","type":"page","link":"https:\/\/accesolatino.org\/en\/evita-ser-sorprendido-y-consulta-si-tienes-una-orden-de-deportacion\/","title":{"rendered":"Avoid being caught and check if you have a deportation order."},"content":{"rendered":"<div data-elementor-type=\"wp-post\" data-elementor-id=\"14094\" class=\"elementor elementor-14094\">\n\t\t\t\t\t\t<section class=\"elementor-section elementor-top-section elementor-element elementor-element-1bdd0a2 elementor-section-full_width elementor-section-height-min-height elementor-section-items-stretch elementor-section-height-default wpr-particle-no wpr-jarallax-no wpr-parallax-no wpr-sticky-section-no wpr-equal-height-no\" data-id=\"1bdd0a2\" data-element_type=\"section\" data-e-type=\"section\" data-settings=\"{&quot;background_background&quot;:&quot;classic&quot;}\">\n\t\t\t\t\t\t<div class=\"elementor-container elementor-column-gap-no\">\n\t\t\t\t\t<div class=\"elementor-column elementor-col-100 elementor-top-column elementor-element elementor-element-d40abf1\" data-id=\"d40abf1\" data-element_type=\"column\" data-e-type=\"column\">\n\t\t\t<div class=\"elementor-widget-wrap elementor-element-populated\">\n\t\t\t\t\t\t<div class=\"elementor-element elementor-element-46144f1 elementor--h-position-center elementor--v-position-middle elementor-widget elementor-widget-slides\" data-id=\"46144f1\" data-element_type=\"widget\" data-e-type=\"widget\" data-settings=\"{&quot;navigation&quot;:&quot;none&quot;,&quot;infinite&quot;:&quot;yes&quot;,&quot;transition&quot;:&quot;slide&quot;,&quot;transition_speed&quot;:500}\" data-widget_type=\"slides.default\">\n\t\t\t\t<div class=\"elementor-widget-container\">\n\t\t\t\t\t\t\t<div class=\"elementor-swiper\">\n\t\t\t<div class=\"elementor-slides-wrapper elementor-main-swiper swiper-container\" dir=\"ltr\" data-animation=\"\">\n\t\t\t\t<div class=\"swiper-wrapper elementor-slides\">\n\t\t\t\t\t\t\t\t\t\t<div class=\"elementor-repeater-item-d983a28 swiper-slide\"><div class=\"swiper-slide-bg\"><\/div><div class=\"swiper-slide-inner\" ><div class=\"swiper-slide-contents\"><div class=\"elementor-slide-heading\">Legal Guidance<\/div><\/div><\/div><\/div>\t\t\t\t<\/div>\n\t\t\t\t\t\t\t<\/div>\n\t\t<\/div>\n\t\t\t\t\t\t<\/div>\n\t\t\t\t<\/div>\n\t\t\t\t\t<\/div>\n\t\t<\/div>\n\t\t\t\t\t<\/div>\n\t\t<\/section>\n\t\t\t\t<section class=\"elementor-section elementor-top-section elementor-element elementor-element-a45e9a8 elementor-section-stretched elementor-section-boxed elementor-section-height-default elementor-section-height-default wpr-particle-no wpr-jarallax-no wpr-parallax-no wpr-sticky-section-no wpr-equal-height-no\" data-id=\"a45e9a8\" data-element_type=\"section\" data-e-type=\"section\" data-settings=\"{&quot;stretch_section&quot;:&quot;section-stretched&quot;,&quot;background_background&quot;:&quot;classic&quot;}\">\n\t\t\t\t\t\t<div class=\"elementor-container elementor-column-gap-default\">\n\t\t\t\t\t<div class=\"elementor-column elementor-col-100 elementor-top-column elementor-element elementor-element-acef14f\" data-id=\"acef14f\" data-element_type=\"column\" data-e-type=\"column\">\n\t\t\t<div class=\"elementor-widget-wrap elementor-element-populated\">\n\t\t\t\t\t\t<div class=\"elementor-element elementor-element-ac93d14 elementor-widget elementor-widget-heading\" data-id=\"ac93d14\" data-element_type=\"widget\" data-e-type=\"widget\" data-widget_type=\"heading.default\">\n\t\t\t\t<div class=\"elementor-widget-container\">\n\t\t\t\t\t<h3 class=\"elementor-heading-title elementor-size-default\">Avoid being caught and check if you have a deportation order.<\/h3>\t\t\t\t<\/div>\n\t\t\t\t<\/div>\n\t\t\t\t<div class=\"elementor-element elementor-element-8b1ead1 elementor-widget elementor-widget-text-editor\" data-id=\"8b1ead1\" data-element_type=\"widget\" data-e-type=\"widget\" data-widget_type=\"text-editor.default\">\n\t\t\t\t<div class=\"elementor-widget-container\">\n\t\t\t\t\t\t\t\t\t<p>Tener una orden de deportaci\u00f3n se ha convertido en uno de los mayores temores de los migrantes en Estados Unidos, no solo por ser separados de sus familias sino por tener que regresar a la vida que por alg\u00fan motivo dejaron en busca de una mejor.<\/p><p>Adem\u00e1s, el temor incrementa al tener una orden de deportaci\u00f3n y no tener los medios ni los recursos para contar con una asesor\u00eda legal que los ayude en este proceso, por lo anterior, en<strong> Acceso Latino<\/strong> encontrar\u00e1n el apoyo necesario en nuestra herramienta de <a href=\"https:\/\/accesolatino.org\/en\/orientacion-legal\/\">\u201cOrientaci\u00f3n Legal\u201d<\/a>, misma donde encontrar\u00e1n tarjetas de ayuda sin importar el proceso legal que lleven.<\/p><p>Una de estas tarjetas es <strong>\u201cConsulta si tienes una orden de deportaci\u00f3n\u201d<\/strong> donde encontrar\u00e1n el tel\u00e9fono de la Oficina de Revisi\u00f3n Migratoria (EOIR sus siglas en ingl\u00e9s), al cual podr\u00e1n llamar para verificar si usted o alg\u00fan conocido cuenta con una orden de deportaci\u00f3n.<\/p><p>De igual manera, contar\u00e1 con varias tarjetas donde encontrar\u00e1 la asesor\u00eda legal que necesite.<\/p>\t\t\t\t\t\t\t\t<\/div>\n\t\t\t\t<\/div>\n\t\t\t\t<div class=\"elementor-element elementor-element-8c95e75 elementor-widget elementor-widget-spacer\" data-id=\"8c95e75\" data-element_type=\"widget\" data-e-type=\"widget\" data-widget_type=\"spacer.default\">\n\t\t\t\t<div class=\"elementor-widget-container\">\n\t\t\t\t\t\t\t<div class=\"elementor-spacer\">\n\t\t\t<div class=\"elementor-spacer-inner\"><\/div>\n\t\t<\/div>\n\t\t\t\t\t\t<\/div>\n\t\t\t\t<\/div>\n\t\t\t\t\t<\/div>\n\t\t<\/div>\n\t\t\t\t\t<\/div>\n\t\t<\/section>\n\t\t\t\t<\/div>","protected":false},"excerpt":{"rendered":"<p>Orientaci\u00f3n Legal Evita ser sorprendido y consulta si tienes una orden de deportaci\u00f3n Tener una orden de deportaci\u00f3n se ha convertido en uno de los mayores temores de los migrantes en Estados Unidos, no solo por ser separados de sus familias sino por tener que regresar a la vida que por alg\u00fan motivo dejaron en busca de una mejor. Adem\u00e1s, el temor incrementa al tener una orden de deportaci\u00f3n y no tener los medios ni los recursos para contar con una asesor\u00eda legal que los ayude en este proceso, por lo anterior, en Acceso Latino encontrar\u00e1n el apoyo necesario en nuestra herramienta de \u201cOrientaci\u00f3n Legal\u201d, misma donde encontrar\u00e1n tarjetas de ayuda sin importar el proceso legal que lleven. Una de estas tarjetas es \u201cConsulta si tienes una orden de deportaci\u00f3n\u201d donde encontrar\u00e1n el tel\u00e9fono de la Oficina de Revisi\u00f3n Migratoria (EOIR sus siglas en ingl\u00e9s), al cual podr\u00e1n llamar para verificar si usted o alg\u00fan conocido cuenta con una orden de deportaci\u00f3n. De igual manera, contar\u00e1 con varias tarjetas donde encontrar\u00e1 la asesor\u00eda legal que necesite.<\/p>","protected":false},"author":12,"featured_media":2336,"parent":0,"menu_order":0,"comment_status":"closed","ping_status":"closed","template":"elementor_header_footer","meta":{"_uf_show_specific_survey":0,"_uf_disable_surveys":false,"footnotes":""},"class_list":["post-14094","page","type-page","status-publish","has-post-thumbnail"],"aioseo_notices":[],"yoast_head":"<!-- This site is optimized with the Yoast SEO plugin v27.4 - https:\/\/yoast.com\/product\/yoast-seo-wordpress\/ -->\n<title>Evita ser sorprendido y consulta si tienes una orden de deportaci\u00f3n<\/title>\n<meta name=\"description\" content=\"Evita ser sorprendido y consulta si tienes una orden de\u00a0deportaci\u00f3n\u00a0Tener una orden de\u00a0deportaci\u00f3n\u00a0se ha convertido en uno de ...\" \/>\n<meta name=\"robots\" content=\"index, follow, max-snippet:-1, max-image-preview:large, max-video-preview:-1\" \/>\n<link rel=\"canonical\" href=\"https:\/\/accesolatino.org\/en\/evita-ser-sorprendido-y-consulta-si-tienes-una-orden-de-deportacion\/\" \/>\n<meta property=\"og:locale\" content=\"en_US\" \/>\n<meta property=\"og:type\" content=\"article\" \/>\n<meta property=\"og:title\" content=\"Acceso Latino | Evita ser sorprendido y consulta si tienes una orden de deportaci\u00f3n\" \/>\n<meta property=\"og:description\" content=\"Tener una orden de deportaci\u00f3n se ha convertido en uno de los mayores temores de los migrantes en Estados Unidos.\" \/>\n<meta property=\"og:url\" content=\"https:\/\/accesolatino.org\/en\/evita-ser-sorprendido-y-consulta-si-tienes-una-orden-de-deportacion\/\" \/>\n<meta property=\"og:site_name\" content=\"Acceso Latino\" \/>\n<meta property=\"article:publisher\" content=\"https:\/\/www.facebook.com\/AccesoLatinoOrg\" \/>\n<meta property=\"article:modified_time\" content=\"2025-10-17T20:09:54+00:00\" \/>\n<meta property=\"og:image\" content=\"https:\/\/accesolatino.org\/wp-content\/uploads\/2018\/03\/Solicita-informacion-sobre-tu-caso-en-la-corte.jpg\" \/>\n\t<meta property=\"og:image:width\" content=\"1000\" \/>\n\t<meta property=\"og:image:height\" content=\"665\" \/>\n\t<meta property=\"og:image:type\" content=\"image\/jpeg\" \/>\n<meta name=\"twitter:card\" content=\"summary_large_image\" \/>\n<meta name=\"twitter:title\" content=\"Acceso Latino | Evita ser sorprendido y consulta si tienes una orden de deportaci\u00f3n\" \/>\n<meta name=\"twitter:description\" content=\"Tener una orden de deportaci\u00f3n se ha convertido en uno de los mayores temores de los migrantes en Estados Unidos.\" \/>\n<meta name=\"twitter:image\" content=\"https:\/\/accesolatino.org\/wp-content\/uploads\/2018\/03\/Solicita-informacion-sobre-tu-caso-en-la-corte.jpg\" \/>\n<meta name=\"twitter:site\" content=\"@FAccLatino\" \/>\n<meta name=\"twitter:label1\" content=\"Est. reading time\" \/>\n\t<meta name=\"twitter:data1\" content=\"2 minutes\" \/>\n<script type=\"application\/ld+json\" class=\"yoast-schema-graph\">{\"@context\":\"https:\\\/\\\/schema.org\",\"@graph\":[{\"@type\":\"WebPage\",\"@id\":\"https:\\\/\\\/accesolatino.org\\\/en\\\/evita-ser-sorprendido-y-consulta-si-tienes-una-orden-de-deportacion\\\/\",\"url\":\"https:\\\/\\\/accesolatino.org\\\/en\\\/evita-ser-sorprendido-y-consulta-si-tienes-una-orden-de-deportacion\\\/\",\"name\":\"Evita ser sorprendido y consulta si tienes una orden de deportaci\u00f3n\",\"isPartOf\":{\"@id\":\"https:\\\/\\\/accesolatino.org\\\/#website\"},\"primaryImageOfPage\":{\"@id\":\"https:\\\/\\\/accesolatino.org\\\/en\\\/evita-ser-sorprendido-y-consulta-si-tienes-una-orden-de-deportacion\\\/#primaryimage\"},\"image\":{\"@id\":\"https:\\\/\\\/accesolatino.org\\\/en\\\/evita-ser-sorprendido-y-consulta-si-tienes-una-orden-de-deportacion\\\/#primaryimage\"},\"thumbnailUrl\":\"https:\\\/\\\/accesolatino.org\\\/wp-content\\\/uploads\\\/2018\\\/03\\\/Solicita-informacion-sobre-tu-caso-en-la-corte.jpg\",\"datePublished\":\"2018-07-18T15:36:07+00:00\",\"dateModified\":\"2025-10-17T20:09:54+00:00\",\"description\":\"Evita ser sorprendido y consulta si tienes una orden de\u00a0deportaci\u00f3n\u00a0Tener una orden de\u00a0deportaci\u00f3n\u00a0se ha convertido en uno de ...\",\"breadcrumb\":{\"@id\":\"https:\\\/\\\/accesolatino.org\\\/en\\\/evita-ser-sorprendido-y-consulta-si-tienes-una-orden-de-deportacion\\\/#breadcrumb\"},\"inLanguage\":\"en-US\",\"potentialAction\":[{\"@type\":\"ReadAction\",\"target\":[\"https:\\\/\\\/accesolatino.org\\\/en\\\/evita-ser-sorprendido-y-consulta-si-tienes-una-orden-de-deportacion\\\/\"]}]},{\"@type\":\"ImageObject\",\"inLanguage\":\"en-US\",\"@id\":\"https:\\\/\\\/accesolatino.org\\\/en\\\/evita-ser-sorprendido-y-consulta-si-tienes-una-orden-de-deportacion\\\/#primaryimage\",\"url\":\"https:\\\/\\\/accesolatino.org\\\/wp-content\\\/uploads\\\/2018\\\/03\\\/Solicita-informacion-sobre-tu-caso-en-la-corte.jpg\",\"contentUrl\":\"https:\\\/\\\/accesolatino.org\\\/wp-content\\\/uploads\\\/2018\\\/03\\\/Solicita-informacion-sobre-tu-caso-en-la-corte.jpg\",\"width\":\"1000\",\"height\":\"665\",\"caption\":\"deportaci\u00f3n\"},{\"@type\":\"BreadcrumbList\",\"@id\":\"https:\\\/\\\/accesolatino.org\\\/en\\\/evita-ser-sorprendido-y-consulta-si-tienes-una-orden-de-deportacion\\\/#breadcrumb\",\"itemListElement\":[{\"@type\":\"ListItem\",\"position\":1,\"name\":\"Portada\",\"item\":\"https:\\\/\\\/accesolatino.org\\\/\"},{\"@type\":\"ListItem\",\"position\":2,\"name\":\"Evita ser sorprendido y consulta si tienes una orden de deportaci\u00f3n\"}]},{\"@type\":\"WebSite\",\"@id\":\"https:\\\/\\\/accesolatino.org\\\/#website\",\"url\":\"https:\\\/\\\/accesolatino.org\\\/\",\"name\":\"Acceso Latino | Fundaci\u00f3n Carlos Slim\",\"description\":\"Fundaci\u00f3n Carlos Slim\",\"publisher\":{\"@id\":\"https:\\\/\\\/accesolatino.org\\\/#organization\"},\"potentialAction\":[{\"@type\":\"SearchAction\",\"target\":{\"@type\":\"EntryPoint\",\"urlTemplate\":\"https:\\\/\\\/accesolatino.org\\\/?s={search_term_string}\"},\"query-input\":{\"@type\":\"PropertyValueSpecification\",\"valueRequired\":true,\"valueName\":\"search_term_string\"}}],\"inLanguage\":\"en-US\"},{\"@type\":\"Organization\",\"@id\":\"https:\\\/\\\/accesolatino.org\\\/#organization\",\"name\":\"Acceso Latino | Fundaci\u00f3n Carlos Slim\",\"url\":\"https:\\\/\\\/accesolatino.org\\\/\",\"logo\":{\"@type\":\"ImageObject\",\"inLanguage\":\"en-US\",\"@id\":\"https:\\\/\\\/accesolatino.org\\\/#\\\/schema\\\/logo\\\/image\\\/\",\"url\":\"https:\\\/\\\/accesolatino.org\\\/wp-content\\\/uploads\\\/2021\\\/02\\\/logo-footer-acceso-latino.png\",\"contentUrl\":\"https:\\\/\\\/accesolatino.org\\\/wp-content\\\/uploads\\\/2021\\\/02\\\/logo-footer-acceso-latino.png\",\"width\":240,\"height\":40,\"caption\":\"Acceso Latino | Fundaci\u00f3n Carlos Slim\"},\"image\":{\"@id\":\"https:\\\/\\\/accesolatino.org\\\/#\\\/schema\\\/logo\\\/image\\\/\"},\"sameAs\":[\"https:\\\/\\\/www.facebook.com\\\/AccesoLatinoOrg\",\"https:\\\/\\\/x.com\\\/FAccLatino\"]}]}<\/script>\n<!-- \/ Yoast SEO plugin. -->","yoast_head_json":{"title":"Avoid being caught and check if you have a deportation order.","description":"Evita ser sorprendido y consulta si tienes una orden de\u00a0deportaci\u00f3n\u00a0Tener una orden de\u00a0deportaci\u00f3n\u00a0se ha convertido en uno de ...","robots":{"index":"index","follow":"follow","max-snippet":"max-snippet:-1","max-image-preview":"max-image-preview:large","max-video-preview":"max-video-preview:-1"},"canonical":"https:\/\/accesolatino.org\/en\/evita-ser-sorprendido-y-consulta-si-tienes-una-orden-de-deportacion\/","og_locale":"en_US","og_type":"article","og_title":"Acceso Latino | Evita ser sorprendido y consulta si tienes una orden de deportaci\u00f3n","og_description":"Tener una orden de deportaci\u00f3n se ha convertido en uno de los mayores temores de los migrantes en Estados Unidos.","og_url":"https:\/\/accesolatino.org\/en\/evita-ser-sorprendido-y-consulta-si-tienes-una-orden-de-deportacion\/","og_site_name":"Acceso Latino","article_publisher":"https:\/\/www.facebook.com\/AccesoLatinoOrg","article_modified_time":"2025-10-17T20:09:54+00:00","og_image":[{"width":1000,"height":665,"url":"https:\/\/accesolatino.org\/wp-content\/uploads\/2018\/03\/Solicita-informacion-sobre-tu-caso-en-la-corte.jpg","type":"image\/jpeg"}],"twitter_card":"summary_large_image","twitter_title":"Acceso Latino | Evita ser sorprendido y consulta si tienes una orden de deportaci\u00f3n","twitter_description":"Tener una orden de deportaci\u00f3n se ha convertido en uno de los mayores temores de los migrantes en Estados Unidos.","twitter_image":"https:\/\/accesolatino.org\/wp-content\/uploads\/2018\/03\/Solicita-informacion-sobre-tu-caso-en-la-corte.jpg","twitter_site":"@FAccLatino","twitter_misc":{"Est. reading time":"2 minutes"},"schema":{"@context":"https:\/\/schema.org","@graph":[{"@type":"WebPage","@id":"https:\/\/accesolatino.org\/en\/evita-ser-sorprendido-y-consulta-si-tienes-una-orden-de-deportacion\/","url":"https:\/\/accesolatino.org\/en\/evita-ser-sorprendido-y-consulta-si-tienes-una-orden-de-deportacion\/","name":"Avoid being caught and check if you have a deportation order.","isPartOf":{"@id":"https:\/\/accesolatino.org\/#website"},"primaryImageOfPage":{"@id":"https:\/\/accesolatino.org\/en\/evita-ser-sorprendido-y-consulta-si-tienes-una-orden-de-deportacion\/#primaryimage"},"image":{"@id":"https:\/\/accesolatino.org\/en\/evita-ser-sorprendido-y-consulta-si-tienes-una-orden-de-deportacion\/#primaryimage"},"thumbnailUrl":"https:\/\/accesolatino.org\/wp-content\/uploads\/2018\/03\/Solicita-informacion-sobre-tu-caso-en-la-corte.jpg","datePublished":"2018-07-18T15:36:07+00:00","dateModified":"2025-10-17T20:09:54+00:00","description":"Evita ser sorprendido y consulta si tienes una orden de\u00a0deportaci\u00f3n\u00a0Tener una orden de\u00a0deportaci\u00f3n\u00a0se ha convertido en uno de ...","breadcrumb":{"@id":"https:\/\/accesolatino.org\/en\/evita-ser-sorprendido-y-consulta-si-tienes-una-orden-de-deportacion\/#breadcrumb"},"inLanguage":"en-US","potentialAction":[{"@type":"ReadAction","target":["https:\/\/accesolatino.org\/en\/evita-ser-sorprendido-y-consulta-si-tienes-una-orden-de-deportacion\/"]}]},{"@type":"ImageObject","inLanguage":"en-US","@id":"https:\/\/accesolatino.org\/en\/evita-ser-sorprendido-y-consulta-si-tienes-una-orden-de-deportacion\/#primaryimage","url":"https:\/\/accesolatino.org\/wp-content\/uploads\/2018\/03\/Solicita-informacion-sobre-tu-caso-en-la-corte.jpg","contentUrl":"https:\/\/accesolatino.org\/wp-content\/uploads\/2018\/03\/Solicita-informacion-sobre-tu-caso-en-la-corte.jpg","width":"1000","height":"665","caption":"deportaci\u00f3n"},{"@type":"BreadcrumbList","@id":"https:\/\/accesolatino.org\/en\/evita-ser-sorprendido-y-consulta-si-tienes-una-orden-de-deportacion\/#breadcrumb","itemListElement":[{"@type":"ListItem","position":1,"name":"Portada","item":"https:\/\/accesolatino.org\/"},{"@type":"ListItem","position":2,"name":"Evita ser sorprendido y consulta si tienes una orden de deportaci\u00f3n"}]},{"@type":"WebSite","@id":"https:\/\/accesolatino.org\/#website","url":"https:\/\/accesolatino.org\/","name":"Acceso Latino | Fundaci\u00f3n Carlos Slim","description":"Fundaci\u00f3n Carlos Slim","publisher":{"@id":"https:\/\/accesolatino.org\/#organization"},"potentialAction":[{"@type":"SearchAction","target":{"@type":"EntryPoint","urlTemplate":"https:\/\/accesolatino.org\/?s={search_term_string}"},"query-input":{"@type":"PropertyValueSpecification","valueRequired":true,"valueName":"search_term_string"}}],"inLanguage":"en-US"},{"@type":"Organization","@id":"https:\/\/accesolatino.org\/#organization","name":"Acceso Latino | Fundaci\u00f3n Carlos Slim","url":"https:\/\/accesolatino.org\/","logo":{"@type":"ImageObject","inLanguage":"en-US","@id":"https:\/\/accesolatino.org\/#\/schema\/logo\/image\/","url":"https:\/\/accesolatino.org\/wp-content\/uploads\/2021\/02\/logo-footer-acceso-latino.png","contentUrl":"https:\/\/accesolatino.org\/wp-content\/uploads\/2021\/02\/logo-footer-acceso-latino.png","width":240,"height":40,"caption":"Acceso Latino | Fundaci\u00f3n Carlos Slim"},"image":{"@id":"https:\/\/accesolatino.org\/#\/schema\/logo\/image\/"},"sameAs":["https:\/\/www.facebook.com\/AccesoLatinoOrg","https:\/\/x.com\/FAccLatino"]}]}},"_links":{"self":[{"href":"https:\/\/accesolatino.org\/en\/wp-json\/wp\/v2\/pages\/14094","targetHints":{"allow":["GET"]}}],"collection":[{"href":"https:\/\/accesolatino.org\/en\/wp-json\/wp\/v2\/pages"}],"about":[{"href":"https:\/\/accesolatino.org\/en\/wp-json\/wp\/v2\/types\/page"}],"author":[{"embeddable":true,"href":"https:\/\/accesolatino.org\/en\/wp-json\/wp\/v2\/users\/12"}],"replies":[{"embeddable":true,"href":"https:\/\/accesolatino.org\/en\/wp-json\/wp\/v2\/comments?post=14094"}],"version-history":[{"count":1,"href":"https:\/\/accesolatino.org\/en\/wp-json\/wp\/v2\/pages\/14094\/revisions"}],"predecessor-version":[{"id":64219,"href":"https:\/\/accesolatino.org\/en\/wp-json\/wp\/v2\/pages\/14094\/revisions\/64219"}],"wp:featuredmedia":[{"embeddable":true,"href":"https:\/\/accesolatino.org\/en\/wp-json\/wp\/v2\/media\/2336"}],"wp:attachment":[{"href":"https:\/\/accesolatino.org\/en\/wp-json\/wp\/v2\/media?parent=14094"}],"curies":[{"name":"wp","href":"https:\/\/api.w.org\/{rel}","templated":true}]}}