{"id":14086,"date":"2018-07-17T09:12:35","date_gmt":"2018-07-17T14:12:35","guid":{"rendered":"https:\/\/accesolatino.org\/?page_id=14086"},"modified":"2025-10-17T17:32:28","modified_gmt":"2025-10-17T23:32:28","slug":"reporta-los-fraudes-migratorios-de-los-que-has-sido-victima","status":"publish","type":"page","link":"https:\/\/accesolatino.org\/en\/reporta-los-fraudes-migratorios-de-los-que-has-sido-victima\/","title":{"rendered":"Report immigration frauds you have been a victim of"},"content":{"rendered":"<div data-elementor-type=\"wp-post\" data-elementor-id=\"14086\" class=\"elementor elementor-14086\">\n\t\t\t\t\t\t<section class=\"elementor-section elementor-top-section elementor-element elementor-element-9516701 elementor-section-full_width elementor-section-height-min-height elementor-section-items-stretch elementor-section-height-default wpr-particle-no wpr-jarallax-no wpr-parallax-no wpr-sticky-section-no wpr-equal-height-no\" data-id=\"9516701\" data-element_type=\"section\" data-e-type=\"section\" data-settings=\"{&quot;background_background&quot;:&quot;classic&quot;}\">\n\t\t\t\t\t\t<div class=\"elementor-container elementor-column-gap-no\">\n\t\t\t\t\t<div class=\"elementor-column elementor-col-100 elementor-top-column elementor-element elementor-element-6491d8b\" data-id=\"6491d8b\" data-element_type=\"column\" data-e-type=\"column\">\n\t\t\t<div class=\"elementor-widget-wrap elementor-element-populated\">\n\t\t\t\t\t\t<div class=\"elementor-element elementor-element-f7d0d40 elementor--h-position-center elementor--v-position-middle elementor-widget elementor-widget-slides\" data-id=\"f7d0d40\" data-element_type=\"widget\" data-e-type=\"widget\" data-settings=\"{&quot;navigation&quot;:&quot;none&quot;,&quot;infinite&quot;:&quot;yes&quot;,&quot;transition&quot;:&quot;slide&quot;,&quot;transition_speed&quot;:500}\" data-widget_type=\"slides.default\">\n\t\t\t\t<div class=\"elementor-widget-container\">\n\t\t\t\t\t\t\t<div class=\"elementor-swiper\">\n\t\t\t<div class=\"elementor-slides-wrapper elementor-main-swiper swiper-container\" dir=\"ltr\" data-animation=\"\">\n\t\t\t\t<div class=\"swiper-wrapper elementor-slides\">\n\t\t\t\t\t\t\t\t\t\t<div class=\"elementor-repeater-item-d983a28 swiper-slide\"><div class=\"swiper-slide-bg\"><\/div><div class=\"swiper-slide-inner\" ><div class=\"swiper-slide-contents\"><div class=\"elementor-slide-heading\">Legal Guidance<\/div><\/div><\/div><\/div>\t\t\t\t<\/div>\n\t\t\t\t\t\t\t<\/div>\n\t\t<\/div>\n\t\t\t\t\t\t<\/div>\n\t\t\t\t<\/div>\n\t\t\t\t\t<\/div>\n\t\t<\/div>\n\t\t\t\t\t<\/div>\n\t\t<\/section>\n\t\t\t\t<section class=\"elementor-section elementor-top-section elementor-element elementor-element-afed266 elementor-section-stretched elementor-section-boxed elementor-section-height-default elementor-section-height-default wpr-particle-no wpr-jarallax-no wpr-parallax-no wpr-sticky-section-no wpr-equal-height-no\" data-id=\"afed266\" data-element_type=\"section\" data-e-type=\"section\" data-settings=\"{&quot;stretch_section&quot;:&quot;section-stretched&quot;,&quot;background_background&quot;:&quot;classic&quot;}\">\n\t\t\t\t\t\t<div class=\"elementor-container elementor-column-gap-default\">\n\t\t\t\t\t<div class=\"elementor-column elementor-col-100 elementor-top-column elementor-element elementor-element-033837e\" data-id=\"033837e\" data-element_type=\"column\" data-e-type=\"column\">\n\t\t\t<div class=\"elementor-widget-wrap elementor-element-populated\">\n\t\t\t\t\t\t<div class=\"elementor-element elementor-element-e09f0a9 elementor-widget elementor-widget-heading\" data-id=\"e09f0a9\" data-element_type=\"widget\" data-e-type=\"widget\" data-widget_type=\"heading.default\">\n\t\t\t\t<div class=\"elementor-widget-container\">\n\t\t\t\t\t<h3 class=\"elementor-heading-title elementor-size-default\">Report immigration frauds you have been a victim of\n<\/h3>\t\t\t\t<\/div>\n\t\t\t\t<\/div>\n\t\t\t\t<div class=\"elementor-element elementor-element-46962b4 elementor-widget elementor-widget-text-editor\" data-id=\"46962b4\" data-element_type=\"widget\" data-e-type=\"widget\" data-widget_type=\"text-editor.default\">\n\t\t\t\t<div class=\"elementor-widget-container\">\n\t\t\t\t\t\t\t\t\t<p>Lamentablemente la comunidad indocumentada ha sido v\u00edctima de fraudes sobre la resoluci\u00f3n en sus tr\u00e1mites migratorios.<\/p><p>Para ayudar a los migrantes en asuntos migratorios, en el portal de <strong>Acceso Latino<\/strong> les brindamos asesor\u00eda en materia legal mediante nuestra herramienta <a href=\"https:\/\/accesolatino.org\/en\/orientacion-legal\/\">\u201cOrientaci\u00f3n Legal\u201d<\/a>.<\/p><p>Asimismo, si usted conoce a alguien que podr\u00eda ser v\u00edctima de fraude o usted mismo se encuentra en esa situaci\u00f3n, en nuestra herramienta de <a href=\"https:\/\/accesolatino.org\/en\/orientacion-legal\/\">\u201cOrientaci\u00f3n Legal\u201d<\/a> encontrar\u00e1 la ayuda que necesita.<\/p><p>En nuestra tarjeta <strong>\u201cReporta aqu\u00ed fraudes migratorios\u201d<\/strong> encontrar\u00e1s el tel\u00e9fono de ayuda para reportar el fraude del que fuiste v\u00edctima. Adem\u00e1s, podr\u00e1s encontrar otras herramientas que te apoyen por las diversas situaciones que atraviesas.<\/p>\t\t\t\t\t\t\t\t<\/div>\n\t\t\t\t<\/div>\n\t\t\t\t<div class=\"elementor-element elementor-element-d81e6cf elementor-widget elementor-widget-spacer\" data-id=\"d81e6cf\" data-element_type=\"widget\" data-e-type=\"widget\" data-widget_type=\"spacer.default\">\n\t\t\t\t<div class=\"elementor-widget-container\">\n\t\t\t\t\t\t\t<div class=\"elementor-spacer\">\n\t\t\t<div class=\"elementor-spacer-inner\"><\/div>\n\t\t<\/div>\n\t\t\t\t\t\t<\/div>\n\t\t\t\t<\/div>\n\t\t\t\t\t<\/div>\n\t\t<\/div>\n\t\t\t\t\t<\/div>\n\t\t<\/section>\n\t\t\t\t<\/div>","protected":false},"excerpt":{"rendered":"<p>Orientaci\u00f3n Legal Reporta los fraudes migratorios de los que has sido v\u00edctima Lamentablemente la comunidad indocumentada ha sido v\u00edctima de fraudes sobre la resoluci\u00f3n en sus tr\u00e1mites migratorios. Para ayudar a los migrantes en asuntos migratorios, en el portal de Acceso Latino les brindamos asesor\u00eda en materia legal mediante nuestra herramienta \u201cOrientaci\u00f3n Legal\u201d. Asimismo, si usted conoce a alguien que podr\u00eda ser v\u00edctima de fraude o usted mismo se encuentra en esa situaci\u00f3n, en nuestra herramienta de \u201cOrientaci\u00f3n Legal\u201d encontrar\u00e1 la ayuda que necesita. En nuestra tarjeta \u201cReporta aqu\u00ed fraudes migratorios\u201d encontrar\u00e1s el tel\u00e9fono de ayuda para reportar el fraude del que fuiste v\u00edctima. Adem\u00e1s, podr\u00e1s encontrar otras herramientas que te apoyen por las diversas situaciones que atraviesas.<\/p>","protected":false},"author":8,"featured_media":14087,"parent":0,"menu_order":0,"comment_status":"closed","ping_status":"closed","template":"elementor_header_footer","meta":{"_uf_show_specific_survey":0,"_uf_disable_surveys":false,"footnotes":""},"class_list":["post-14086","page","type-page","status-publish","has-post-thumbnail"],"aioseo_notices":[],"yoast_head":"<!-- This site is optimized with the Yoast SEO plugin v27.4 - https:\/\/yoast.com\/product\/yoast-seo-wordpress\/ -->\n<title>Acceso Latino | Reporta los fraudes migratorios de los que has sido v\u00edctima<\/title>\n<meta name=\"description\" content=\"Reporta los\u00a0fraudes\u00a0migratorios\u00a0de los que has sido v\u00edctima Lamentablemente la comunidad indocumentada ha sido v\u00edctima de\u00a0fraudes...\" \/>\n<meta name=\"robots\" content=\"index, follow, max-snippet:-1, max-image-preview:large, max-video-preview:-1\" \/>\n<link rel=\"canonical\" href=\"https:\/\/accesolatino.org\/en\/reporta-los-fraudes-migratorios-de-los-que-has-sido-victima\/\" \/>\n<meta property=\"og:locale\" content=\"en_US\" \/>\n<meta property=\"og:type\" content=\"article\" \/>\n<meta property=\"og:title\" content=\"Acceso Latino | Reporta los fraudes migratorios de los que has sido v\u00edctima\" \/>\n<meta property=\"og:description\" content=\"Mantente informado en temas de migraci\u00f3n y regulaciones\" \/>\n<meta property=\"og:url\" content=\"https:\/\/accesolatino.org\/en\/reporta-los-fraudes-migratorios-de-los-que-has-sido-victima\/\" \/>\n<meta property=\"og:site_name\" content=\"Acceso Latino\" \/>\n<meta property=\"article:publisher\" content=\"https:\/\/www.facebook.com\/AccesoLatinoOrg\" \/>\n<meta property=\"article:modified_time\" content=\"2025-10-17T23:32:28+00:00\" \/>\n<meta property=\"og:image\" content=\"https:\/\/accesolatino.org\/wp-content\/uploads\/2018\/07\/Reporta-los-fraudes-migratorios-de-los-que-has-sido-victima.jpg\" \/>\n\t<meta property=\"og:image:width\" content=\"1045\" \/>\n\t<meta property=\"og:image:height\" content=\"780\" \/>\n\t<meta property=\"og:image:type\" content=\"image\/jpeg\" \/>\n<meta name=\"twitter:card\" content=\"summary_large_image\" \/>\n<meta name=\"twitter:title\" content=\"Acceso Latino | Reporta los fraudes migratorios de los que has sido v\u00edctima\" \/>\n<meta name=\"twitter:description\" content=\"Mantente informado en temas de migraci\u00f3n y regulaciones\" \/>\n<meta name=\"twitter:image\" content=\"https:\/\/accesolatino.org\/wp-content\/uploads\/2018\/07\/Reporta-los-fraudes-migratorios-de-los-que-has-sido-victima.jpg\" \/>\n<meta name=\"twitter:site\" content=\"@FAccLatino\" \/>\n<meta name=\"twitter:label1\" content=\"Est. reading time\" \/>\n\t<meta name=\"twitter:data1\" content=\"1 minute\" \/>\n<script type=\"application\/ld+json\" class=\"yoast-schema-graph\">{\"@context\":\"https:\\\/\\\/schema.org\",\"@graph\":[{\"@type\":\"WebPage\",\"@id\":\"https:\\\/\\\/accesolatino.org\\\/reporta-los-fraudes-migratorios-de-los-que-has-sido-victima\\\/\",\"url\":\"https:\\\/\\\/accesolatino.org\\\/reporta-los-fraudes-migratorios-de-los-que-has-sido-victima\\\/\",\"name\":\"Acceso Latino | Reporta los fraudes migratorios de los que has sido v\u00edctima\",\"isPartOf\":{\"@id\":\"https:\\\/\\\/accesolatino.org\\\/#website\"},\"primaryImageOfPage\":{\"@id\":\"https:\\\/\\\/accesolatino.org\\\/reporta-los-fraudes-migratorios-de-los-que-has-sido-victima\\\/#primaryimage\"},\"image\":{\"@id\":\"https:\\\/\\\/accesolatino.org\\\/reporta-los-fraudes-migratorios-de-los-que-has-sido-victima\\\/#primaryimage\"},\"thumbnailUrl\":\"https:\\\/\\\/accesolatino.org\\\/wp-content\\\/uploads\\\/2018\\\/07\\\/Reporta-los-fraudes-migratorios-de-los-que-has-sido-victima.jpg\",\"datePublished\":\"2018-07-17T14:12:35+00:00\",\"dateModified\":\"2025-10-17T23:32:28+00:00\",\"description\":\"Reporta los\u00a0fraudes\u00a0migratorios\u00a0de los que has sido v\u00edctima Lamentablemente la comunidad indocumentada ha sido v\u00edctima de\u00a0fraudes...\",\"breadcrumb\":{\"@id\":\"https:\\\/\\\/accesolatino.org\\\/reporta-los-fraudes-migratorios-de-los-que-has-sido-victima\\\/#breadcrumb\"},\"inLanguage\":\"en-US\",\"potentialAction\":[{\"@type\":\"ReadAction\",\"target\":[\"https:\\\/\\\/accesolatino.org\\\/reporta-los-fraudes-migratorios-de-los-que-has-sido-victima\\\/\"]}]},{\"@type\":\"ImageObject\",\"inLanguage\":\"en-US\",\"@id\":\"https:\\\/\\\/accesolatino.org\\\/reporta-los-fraudes-migratorios-de-los-que-has-sido-victima\\\/#primaryimage\",\"url\":\"https:\\\/\\\/accesolatino.org\\\/wp-content\\\/uploads\\\/2018\\\/07\\\/Reporta-los-fraudes-migratorios-de-los-que-has-sido-victima.jpg\",\"contentUrl\":\"https:\\\/\\\/accesolatino.org\\\/wp-content\\\/uploads\\\/2018\\\/07\\\/Reporta-los-fraudes-migratorios-de-los-que-has-sido-victima.jpg\",\"width\":\"1045\",\"height\":\"780\",\"caption\":\"fraudes migratorios\"},{\"@type\":\"BreadcrumbList\",\"@id\":\"https:\\\/\\\/accesolatino.org\\\/reporta-los-fraudes-migratorios-de-los-que-has-sido-victima\\\/#breadcrumb\",\"itemListElement\":[{\"@type\":\"ListItem\",\"position\":1,\"name\":\"Portada\",\"item\":\"https:\\\/\\\/accesolatino.org\\\/\"},{\"@type\":\"ListItem\",\"position\":2,\"name\":\"Reporta los fraudes migratorios de los que has sido v\u00edctima\"}]},{\"@type\":\"WebSite\",\"@id\":\"https:\\\/\\\/accesolatino.org\\\/#website\",\"url\":\"https:\\\/\\\/accesolatino.org\\\/\",\"name\":\"Acceso Latino | Fundaci\u00f3n Carlos Slim\",\"description\":\"Fundaci\u00f3n Carlos Slim\",\"publisher\":{\"@id\":\"https:\\\/\\\/accesolatino.org\\\/#organization\"},\"potentialAction\":[{\"@type\":\"SearchAction\",\"target\":{\"@type\":\"EntryPoint\",\"urlTemplate\":\"https:\\\/\\\/accesolatino.org\\\/?s={search_term_string}\"},\"query-input\":{\"@type\":\"PropertyValueSpecification\",\"valueRequired\":true,\"valueName\":\"search_term_string\"}}],\"inLanguage\":\"en-US\"},{\"@type\":\"Organization\",\"@id\":\"https:\\\/\\\/accesolatino.org\\\/#organization\",\"name\":\"Acceso Latino | Fundaci\u00f3n Carlos Slim\",\"url\":\"https:\\\/\\\/accesolatino.org\\\/\",\"logo\":{\"@type\":\"ImageObject\",\"inLanguage\":\"en-US\",\"@id\":\"https:\\\/\\\/accesolatino.org\\\/#\\\/schema\\\/logo\\\/image\\\/\",\"url\":\"https:\\\/\\\/accesolatino.org\\\/wp-content\\\/uploads\\\/2021\\\/02\\\/logo-footer-acceso-latino.png\",\"contentUrl\":\"https:\\\/\\\/accesolatino.org\\\/wp-content\\\/uploads\\\/2021\\\/02\\\/logo-footer-acceso-latino.png\",\"width\":240,\"height\":40,\"caption\":\"Acceso Latino | Fundaci\u00f3n Carlos Slim\"},\"image\":{\"@id\":\"https:\\\/\\\/accesolatino.org\\\/#\\\/schema\\\/logo\\\/image\\\/\"},\"sameAs\":[\"https:\\\/\\\/www.facebook.com\\\/AccesoLatinoOrg\",\"https:\\\/\\\/x.com\\\/FAccLatino\"]}]}<\/script>\n<!-- \/ Yoast SEO plugin. -->","yoast_head_json":{"title":"Acceso Latino | Reporta los fraudes migratorios de los que has sido v\u00edctima","description":"Reporta los\u00a0fraudes\u00a0migratorios\u00a0de los que has sido v\u00edctima Lamentablemente la comunidad indocumentada ha sido v\u00edctima de\u00a0fraudes...","robots":{"index":"index","follow":"follow","max-snippet":"max-snippet:-1","max-image-preview":"max-image-preview:large","max-video-preview":"max-video-preview:-1"},"canonical":"https:\/\/accesolatino.org\/en\/reporta-los-fraudes-migratorios-de-los-que-has-sido-victima\/","og_locale":"en_US","og_type":"article","og_title":"Acceso Latino | Reporta los fraudes migratorios de los que has sido v\u00edctima","og_description":"Mantente informado en temas de migraci\u00f3n y regulaciones","og_url":"https:\/\/accesolatino.org\/en\/reporta-los-fraudes-migratorios-de-los-que-has-sido-victima\/","og_site_name":"Acceso Latino","article_publisher":"https:\/\/www.facebook.com\/AccesoLatinoOrg","article_modified_time":"2025-10-17T23:32:28+00:00","og_image":[{"width":1045,"height":780,"url":"https:\/\/accesolatino.org\/wp-content\/uploads\/2018\/07\/Reporta-los-fraudes-migratorios-de-los-que-has-sido-victima.jpg","type":"image\/jpeg"}],"twitter_card":"summary_large_image","twitter_title":"Acceso Latino | Reporta los fraudes migratorios de los que has sido v\u00edctima","twitter_description":"Mantente informado en temas de migraci\u00f3n y regulaciones","twitter_image":"https:\/\/accesolatino.org\/wp-content\/uploads\/2018\/07\/Reporta-los-fraudes-migratorios-de-los-que-has-sido-victima.jpg","twitter_site":"@FAccLatino","twitter_misc":{"Est. reading time":"1 minute"},"schema":{"@context":"https:\/\/schema.org","@graph":[{"@type":"WebPage","@id":"https:\/\/accesolatino.org\/reporta-los-fraudes-migratorios-de-los-que-has-sido-victima\/","url":"https:\/\/accesolatino.org\/reporta-los-fraudes-migratorios-de-los-que-has-sido-victima\/","name":"Acceso Latino | Reporta los fraudes migratorios de los que has sido v\u00edctima","isPartOf":{"@id":"https:\/\/accesolatino.org\/#website"},"primaryImageOfPage":{"@id":"https:\/\/accesolatino.org\/reporta-los-fraudes-migratorios-de-los-que-has-sido-victima\/#primaryimage"},"image":{"@id":"https:\/\/accesolatino.org\/reporta-los-fraudes-migratorios-de-los-que-has-sido-victima\/#primaryimage"},"thumbnailUrl":"https:\/\/accesolatino.org\/wp-content\/uploads\/2018\/07\/Reporta-los-fraudes-migratorios-de-los-que-has-sido-victima.jpg","datePublished":"2018-07-17T14:12:35+00:00","dateModified":"2025-10-17T23:32:28+00:00","description":"Reporta los\u00a0fraudes\u00a0migratorios\u00a0de los que has sido v\u00edctima Lamentablemente la comunidad indocumentada ha sido v\u00edctima de\u00a0fraudes...","breadcrumb":{"@id":"https:\/\/accesolatino.org\/reporta-los-fraudes-migratorios-de-los-que-has-sido-victima\/#breadcrumb"},"inLanguage":"en-US","potentialAction":[{"@type":"ReadAction","target":["https:\/\/accesolatino.org\/reporta-los-fraudes-migratorios-de-los-que-has-sido-victima\/"]}]},{"@type":"ImageObject","inLanguage":"en-US","@id":"https:\/\/accesolatino.org\/reporta-los-fraudes-migratorios-de-los-que-has-sido-victima\/#primaryimage","url":"https:\/\/accesolatino.org\/wp-content\/uploads\/2018\/07\/Reporta-los-fraudes-migratorios-de-los-que-has-sido-victima.jpg","contentUrl":"https:\/\/accesolatino.org\/wp-content\/uploads\/2018\/07\/Reporta-los-fraudes-migratorios-de-los-que-has-sido-victima.jpg","width":"1045","height":"780","caption":"fraudes migratorios"},{"@type":"BreadcrumbList","@id":"https:\/\/accesolatino.org\/reporta-los-fraudes-migratorios-de-los-que-has-sido-victima\/#breadcrumb","itemListElement":[{"@type":"ListItem","position":1,"name":"Portada","item":"https:\/\/accesolatino.org\/"},{"@type":"ListItem","position":2,"name":"Reporta los fraudes migratorios de los que has sido v\u00edctima"}]},{"@type":"WebSite","@id":"https:\/\/accesolatino.org\/#website","url":"https:\/\/accesolatino.org\/","name":"Acceso Latino | Fundaci\u00f3n Carlos Slim","description":"Fundaci\u00f3n Carlos Slim","publisher":{"@id":"https:\/\/accesolatino.org\/#organization"},"potentialAction":[{"@type":"SearchAction","target":{"@type":"EntryPoint","urlTemplate":"https:\/\/accesolatino.org\/?s={search_term_string}"},"query-input":{"@type":"PropertyValueSpecification","valueRequired":true,"valueName":"search_term_string"}}],"inLanguage":"en-US"},{"@type":"Organization","@id":"https:\/\/accesolatino.org\/#organization","name":"Acceso Latino | Fundaci\u00f3n Carlos Slim","url":"https:\/\/accesolatino.org\/","logo":{"@type":"ImageObject","inLanguage":"en-US","@id":"https:\/\/accesolatino.org\/#\/schema\/logo\/image\/","url":"https:\/\/accesolatino.org\/wp-content\/uploads\/2021\/02\/logo-footer-acceso-latino.png","contentUrl":"https:\/\/accesolatino.org\/wp-content\/uploads\/2021\/02\/logo-footer-acceso-latino.png","width":240,"height":40,"caption":"Acceso Latino | Fundaci\u00f3n Carlos Slim"},"image":{"@id":"https:\/\/accesolatino.org\/#\/schema\/logo\/image\/"},"sameAs":["https:\/\/www.facebook.com\/AccesoLatinoOrg","https:\/\/x.com\/FAccLatino"]}]}},"_links":{"self":[{"href":"https:\/\/accesolatino.org\/en\/wp-json\/wp\/v2\/pages\/14086","targetHints":{"allow":["GET"]}}],"collection":[{"href":"https:\/\/accesolatino.org\/en\/wp-json\/wp\/v2\/pages"}],"about":[{"href":"https:\/\/accesolatino.org\/en\/wp-json\/wp\/v2\/types\/page"}],"author":[{"embeddable":true,"href":"https:\/\/accesolatino.org\/en\/wp-json\/wp\/v2\/users\/8"}],"replies":[{"embeddable":true,"href":"https:\/\/accesolatino.org\/en\/wp-json\/wp\/v2\/comments?post=14086"}],"version-history":[{"count":1,"href":"https:\/\/accesolatino.org\/en\/wp-json\/wp\/v2\/pages\/14086\/revisions"}],"predecessor-version":[{"id":64257,"href":"https:\/\/accesolatino.org\/en\/wp-json\/wp\/v2\/pages\/14086\/revisions\/64257"}],"wp:featuredmedia":[{"embeddable":true,"href":"https:\/\/accesolatino.org\/en\/wp-json\/wp\/v2\/media\/14087"}],"wp:attachment":[{"href":"https:\/\/accesolatino.org\/en\/wp-json\/wp\/v2\/media?parent=14086"}],"curies":[{"name":"wp","href":"https:\/\/api.w.org\/{rel}","templated":true}]}}