{"id":14072,"date":"2018-07-16T12:11:22","date_gmt":"2018-07-16T17:11:22","guid":{"rendered":"https:\/\/accesolatino.org\/?page_id=14072"},"modified":"2025-10-17T13:24:05","modified_gmt":"2025-10-17T19:24:05","slug":"encuentra-asesoria-sobre-su-tramite-migratorio-en-nuestra-herramienta-orientacion-legal","status":"publish","type":"page","link":"https:\/\/accesolatino.org\/en\/encuentra-asesoria-sobre-su-tramite-migratorio-en-nuestra-herramienta-orientacion-legal\/","title":{"rendered":"Encuentra asesor\u00eda sobre su tr\u00e1mite migratorio en nuestra herramienta \u201cOrientaci\u00f3n Legal\u201d"},"content":{"rendered":"<div data-elementor-type=\"wp-post\" data-elementor-id=\"14072\" class=\"elementor elementor-14072\">\n\t\t\t\t\t\t<section class=\"elementor-section elementor-top-section elementor-element elementor-element-028f9e4 elementor-section-full_width elementor-section-height-min-height elementor-section-items-stretch elementor-section-height-default wpr-particle-no wpr-jarallax-no wpr-parallax-no wpr-sticky-section-no\" data-id=\"028f9e4\" data-element_type=\"section\" data-e-type=\"section\" data-settings=\"{&quot;background_background&quot;:&quot;classic&quot;}\">\n\t\t\t\t\t\t<div class=\"elementor-container elementor-column-gap-no\">\n\t\t\t\t\t<div class=\"elementor-column elementor-col-100 elementor-top-column elementor-element elementor-element-5330847\" data-id=\"5330847\" data-element_type=\"column\" data-e-type=\"column\">\n\t\t\t<div class=\"elementor-widget-wrap elementor-element-populated\">\n\t\t\t\t\t\t<div class=\"elementor-element elementor-element-00845aa elementor--h-position-center elementor--v-position-middle elementor-widget elementor-widget-slides\" data-id=\"00845aa\" data-element_type=\"widget\" data-e-type=\"widget\" data-settings=\"{&quot;navigation&quot;:&quot;none&quot;,&quot;infinite&quot;:&quot;yes&quot;,&quot;transition&quot;:&quot;slide&quot;,&quot;transition_speed&quot;:500}\" data-widget_type=\"slides.default\">\n\t\t\t\t<div class=\"elementor-widget-container\">\n\t\t\t\t\t\t\t<div class=\"elementor-swiper\">\n\t\t\t<div class=\"elementor-slides-wrapper elementor-main-swiper swiper-container\" dir=\"ltr\" data-animation=\"\">\n\t\t\t\t<div class=\"swiper-wrapper elementor-slides\">\n\t\t\t\t\t\t\t\t\t\t<div class=\"elementor-repeater-item-d983a28 swiper-slide\"><div class=\"swiper-slide-bg\"><\/div><div class=\"swiper-slide-inner\" ><div class=\"swiper-slide-contents\"><div class=\"elementor-slide-heading\">Legal Guidance<\/div><\/div><\/div><\/div>\t\t\t\t<\/div>\n\t\t\t\t\t\t\t<\/div>\n\t\t<\/div>\n\t\t\t\t\t\t<\/div>\n\t\t\t\t<\/div>\n\t\t\t\t\t<\/div>\n\t\t<\/div>\n\t\t\t\t\t<\/div>\n\t\t<\/section>\n\t\t\t\t<section class=\"elementor-section elementor-top-section elementor-element elementor-element-915de91 elementor-section-stretched elementor-section-boxed elementor-section-height-default elementor-section-height-default wpr-particle-no wpr-jarallax-no wpr-parallax-no wpr-sticky-section-no\" data-id=\"915de91\" data-element_type=\"section\" data-e-type=\"section\" data-settings=\"{&quot;stretch_section&quot;:&quot;section-stretched&quot;,&quot;background_background&quot;:&quot;classic&quot;}\">\n\t\t\t\t\t\t<div class=\"elementor-container elementor-column-gap-default\">\n\t\t\t\t\t<div class=\"elementor-column elementor-col-100 elementor-top-column elementor-element elementor-element-d4c2849\" data-id=\"d4c2849\" data-element_type=\"column\" data-e-type=\"column\">\n\t\t\t<div class=\"elementor-widget-wrap elementor-element-populated\">\n\t\t\t\t\t\t<div class=\"elementor-element elementor-element-96f04da elementor-widget elementor-widget-heading\" data-id=\"96f04da\" data-element_type=\"widget\" data-e-type=\"widget\" data-widget_type=\"heading.default\">\n\t\t\t\t<div class=\"elementor-widget-container\">\n\t\t\t\t\t<h3 class=\"elementor-heading-title elementor-size-default\">Encuentra asesor\u00eda sobre su tr\u00e1mite migratorio en nuestra herramienta \u201cOrientaci\u00f3n Legal\u201d <\/h3>\t\t\t\t<\/div>\n\t\t\t\t<\/div>\n\t\t\t\t<div class=\"elementor-element elementor-element-b292b1e elementor-widget elementor-widget-text-editor\" data-id=\"b292b1e\" data-element_type=\"widget\" data-e-type=\"widget\" data-widget_type=\"text-editor.default\">\n\t\t\t\t<div class=\"elementor-widget-container\">\n\t\t\t\t\t\t\t\t\t<p>Sin importar tu estatus legal en Estados Unidos, migrantes documentados e indocumentados, cualquier persona podr\u00e1 encontrar la ayuda legal que necesita en <strong>Acceso Latino<\/strong>.<\/p><p>La oficina de Servicios de Inmigraci\u00f3n y Ciudadan\u00eda de Estados Unidos (USCIS), es la agencia federal que supervisa la inmigraci\u00f3n legal a los Estados Unidos, as\u00ed como cualquier tr\u00e1mite migratorio.<\/p><p>Todos los migrantes legales deben realizar sus tr\u00e1mites en USCIS, al igual que los ciudadanos americanos que desean pedir los papeles para un familiar.<\/p><p>In<strong> Acceso Latino<\/strong>, los migrantes encontrar\u00e1n asesor\u00eda legal en su herramienta de <a href=\"https:\/\/accesolatino.org\/en\/orientacion-legal\/\">\u201cOrientaci\u00f3n Legal\u201d<\/a>, la cual cuenta con una variedad de tarjetas para poder apoyar a los migrantes en los diferentes problemas legales que enfrentan.<\/p><p>Si has realizado o est\u00e1s por realizar alg\u00fan tr\u00e1mite en USCIS, puedes acceder a nuestra tarjeta <strong>\u201cConoce el avance de tu tr\u00e1mite migratorio\u201d<\/strong> y resolver tus dudas sobre los tr\u00e1mites con el gobierno estadounidense.<\/p>\t\t\t\t\t\t\t\t<\/div>\n\t\t\t\t<\/div>\n\t\t\t\t<div class=\"elementor-element elementor-element-c2f2f5c elementor-widget elementor-widget-spacer\" data-id=\"c2f2f5c\" data-element_type=\"widget\" data-e-type=\"widget\" data-widget_type=\"spacer.default\">\n\t\t\t\t<div class=\"elementor-widget-container\">\n\t\t\t\t\t\t\t<div class=\"elementor-spacer\">\n\t\t\t<div class=\"elementor-spacer-inner\"><\/div>\n\t\t<\/div>\n\t\t\t\t\t\t<\/div>\n\t\t\t\t<\/div>\n\t\t\t\t\t<\/div>\n\t\t<\/div>\n\t\t\t\t\t<\/div>\n\t\t<\/section>\n\t\t\t\t<\/div>","protected":false},"excerpt":{"rendered":"<p>Orientaci\u00f3n Legal Encuentra asesor\u00eda sobre su tr\u00e1mite migratorio en nuestra herramienta \u201cOrientaci\u00f3n Legal\u201d Sin importar tu estatus legal en Estados Unidos, migrantes documentados e indocumentados, cualquier persona podr\u00e1 encontrar la ayuda legal que necesita en Acceso Latino. La oficina de Servicios de Inmigraci\u00f3n y Ciudadan\u00eda de Estados Unidos (USCIS), es la agencia federal que supervisa la inmigraci\u00f3n legal a los Estados Unidos, as\u00ed como cualquier tr\u00e1mite migratorio. Todos los migrantes legales deben realizar sus tr\u00e1mites en USCIS, al igual que los ciudadanos americanos que desean pedir los papeles para un familiar. En Acceso Latino, los migrantes encontrar\u00e1n asesor\u00eda legal en su herramienta de \u201cOrientaci\u00f3n Legal\u201d, la cual cuenta con una variedad de tarjetas para poder apoyar a los migrantes en los diferentes problemas legales que enfrentan. Si has realizado o est\u00e1s por realizar alg\u00fan tr\u00e1mite en USCIS, puedes acceder a nuestra tarjeta \u201cConoce el avance de tu tr\u00e1mite migratorio\u201d y resolver tus dudas sobre los tr\u00e1mites con el gobierno estadounidense.<\/p>","protected":false},"author":8,"featured_media":9862,"parent":0,"menu_order":0,"comment_status":"closed","ping_status":"closed","template":"elementor_header_footer","meta":{"_uf_show_specific_survey":0,"_uf_disable_surveys":false,"footnotes":""},"class_list":["post-14072","page","type-page","status-publish","has-post-thumbnail"],"aioseo_notices":[],"yoast_head":"<!-- This site is optimized with the Yoast SEO plugin v27.3 - https:\/\/yoast.com\/product\/yoast-seo-wordpress\/ -->\n<title>Encuentra asesor\u00eda sobre su tr\u00e1mite migratorio en nuestra herramienta \u201cOrientaci\u00f3n Legal\u201d<\/title>\n<meta name=\"description\" content=\"Encuentra asesor\u00eda sobre su tr\u00e1mite migratorio en nuestra herramienta \u201cOrientaci\u00f3n\u00a0Legal\u201d Sin importar tu estatus\u00a0legal\u00a0en Estados Unidos ...\" \/>\n<meta name=\"robots\" content=\"index, follow, max-snippet:-1, max-image-preview:large, max-video-preview:-1\" \/>\n<link rel=\"canonical\" href=\"https:\/\/accesolatino.org\/en\/encuentra-asesoria-sobre-su-tramite-migratorio-en-nuestra-herramienta-orientacion-legal\/\" \/>\n<meta property=\"og:locale\" content=\"en_US\" \/>\n<meta property=\"og:type\" content=\"article\" \/>\n<meta property=\"og:title\" content=\"Acceso Latino | Encuentra asesor\u00eda sobre su tr\u00e1mite migratorio en nuestra herramienta \u201cOrientaci\u00f3n Legal\u201d\" \/>\n<meta property=\"og:description\" content=\"Encuentra asesor\u00eda sobre su tr\u00e1mite migratorio en nuestra herramienta \u201cOrientaci\u00f3n Legal\u201d\" \/>\n<meta property=\"og:url\" content=\"https:\/\/accesolatino.org\/en\/encuentra-asesoria-sobre-su-tramite-migratorio-en-nuestra-herramienta-orientacion-legal\/\" \/>\n<meta property=\"og:site_name\" content=\"Acceso Latino\" \/>\n<meta property=\"article:publisher\" content=\"https:\/\/www.facebook.com\/AccesoLatinoOrg\" \/>\n<meta property=\"article:modified_time\" content=\"2025-10-17T19:24:05+00:00\" \/>\n<meta property=\"og:image\" content=\"https:\/\/accesolatino.org\/wp-content\/uploads\/2017\/08\/Cada-vez-son-mas-las-iniciativas-que-ayudan-con-fondos-a-la-defensa-legal-de-inmigrantes.jpg\" \/>\n\t<meta property=\"og:image:width\" content=\"600\" \/>\n\t<meta property=\"og:image:height\" content=\"415\" \/>\n\t<meta property=\"og:image:type\" content=\"image\/jpeg\" \/>\n<meta name=\"twitter:card\" content=\"summary_large_image\" \/>\n<meta name=\"twitter:title\" content=\"Acceso Latino | Encuentra asesor\u00eda sobre su tr\u00e1mite migratorio en nuestra herramienta \u201cOrientaci\u00f3n Legal\u201d\" \/>\n<meta name=\"twitter:description\" content=\"Encuentra asesor\u00eda sobre su tr\u00e1mite migratorio en nuestra herramienta \u201cOrientaci\u00f3n Legal\u201d\" \/>\n<meta name=\"twitter:image\" content=\"https:\/\/accesolatino.org\/wp-content\/uploads\/2017\/08\/Cada-vez-son-mas-las-iniciativas-que-ayudan-con-fondos-a-la-defensa-legal-de-inmigrantes.jpg\" \/>\n<meta name=\"twitter:site\" content=\"@FAccLatino\" \/>\n<meta name=\"twitter:label1\" content=\"Est. reading time\" \/>\n\t<meta name=\"twitter:data1\" content=\"1 minute\" \/>\n<script type=\"application\/ld+json\" class=\"yoast-schema-graph\">{\"@context\":\"https:\\\/\\\/schema.org\",\"@graph\":[{\"@type\":\"WebPage\",\"@id\":\"https:\\\/\\\/accesolatino.org\\\/encuentra-asesoria-sobre-su-tramite-migratorio-en-nuestra-herramienta-orientacion-legal\\\/\",\"url\":\"https:\\\/\\\/accesolatino.org\\\/encuentra-asesoria-sobre-su-tramite-migratorio-en-nuestra-herramienta-orientacion-legal\\\/\",\"name\":\"Encuentra asesor\u00eda sobre su tr\u00e1mite migratorio en nuestra herramienta \u201cOrientaci\u00f3n Legal\u201d\",\"isPartOf\":{\"@id\":\"https:\\\/\\\/accesolatino.org\\\/#website\"},\"primaryImageOfPage\":{\"@id\":\"https:\\\/\\\/accesolatino.org\\\/encuentra-asesoria-sobre-su-tramite-migratorio-en-nuestra-herramienta-orientacion-legal\\\/#primaryimage\"},\"image\":{\"@id\":\"https:\\\/\\\/accesolatino.org\\\/encuentra-asesoria-sobre-su-tramite-migratorio-en-nuestra-herramienta-orientacion-legal\\\/#primaryimage\"},\"thumbnailUrl\":\"https:\\\/\\\/accesolatino.org\\\/wp-content\\\/uploads\\\/2017\\\/08\\\/Cada-vez-son-mas-las-iniciativas-que-ayudan-con-fondos-a-la-defensa-legal-de-inmigrantes.jpg\",\"datePublished\":\"2018-07-16T17:11:22+00:00\",\"dateModified\":\"2025-10-17T19:24:05+00:00\",\"description\":\"Encuentra asesor\u00eda sobre su tr\u00e1mite migratorio en nuestra herramienta \u201cOrientaci\u00f3n\u00a0Legal\u201d Sin importar tu estatus\u00a0legal\u00a0en Estados Unidos ...\",\"breadcrumb\":{\"@id\":\"https:\\\/\\\/accesolatino.org\\\/encuentra-asesoria-sobre-su-tramite-migratorio-en-nuestra-herramienta-orientacion-legal\\\/#breadcrumb\"},\"inLanguage\":\"en-US\",\"potentialAction\":[{\"@type\":\"ReadAction\",\"target\":[\"https:\\\/\\\/accesolatino.org\\\/encuentra-asesoria-sobre-su-tramite-migratorio-en-nuestra-herramienta-orientacion-legal\\\/\"]}]},{\"@type\":\"ImageObject\",\"inLanguage\":\"en-US\",\"@id\":\"https:\\\/\\\/accesolatino.org\\\/encuentra-asesoria-sobre-su-tramite-migratorio-en-nuestra-herramienta-orientacion-legal\\\/#primaryimage\",\"url\":\"https:\\\/\\\/accesolatino.org\\\/wp-content\\\/uploads\\\/2017\\\/08\\\/Cada-vez-son-mas-las-iniciativas-que-ayudan-con-fondos-a-la-defensa-legal-de-inmigrantes.jpg\",\"contentUrl\":\"https:\\\/\\\/accesolatino.org\\\/wp-content\\\/uploads\\\/2017\\\/08\\\/Cada-vez-son-mas-las-iniciativas-que-ayudan-con-fondos-a-la-defensa-legal-de-inmigrantes.jpg\",\"width\":\"600\",\"height\":\"415\",\"caption\":\"orientaci\u00f3n legal\"},{\"@type\":\"BreadcrumbList\",\"@id\":\"https:\\\/\\\/accesolatino.org\\\/encuentra-asesoria-sobre-su-tramite-migratorio-en-nuestra-herramienta-orientacion-legal\\\/#breadcrumb\",\"itemListElement\":[{\"@type\":\"ListItem\",\"position\":1,\"name\":\"Portada\",\"item\":\"https:\\\/\\\/accesolatino.org\\\/\"},{\"@type\":\"ListItem\",\"position\":2,\"name\":\"Encuentra asesor\u00eda sobre su tr\u00e1mite migratorio en nuestra herramienta \u201cOrientaci\u00f3n Legal\u201d\"}]},{\"@type\":\"WebSite\",\"@id\":\"https:\\\/\\\/accesolatino.org\\\/#website\",\"url\":\"https:\\\/\\\/accesolatino.org\\\/\",\"name\":\"Acceso Latino | Fundaci\u00f3n Carlos Slim\",\"description\":\"Fundaci\u00f3n Carlos Slim\",\"publisher\":{\"@id\":\"https:\\\/\\\/accesolatino.org\\\/#organization\"},\"potentialAction\":[{\"@type\":\"SearchAction\",\"target\":{\"@type\":\"EntryPoint\",\"urlTemplate\":\"https:\\\/\\\/accesolatino.org\\\/?s={search_term_string}\"},\"query-input\":{\"@type\":\"PropertyValueSpecification\",\"valueRequired\":true,\"valueName\":\"search_term_string\"}}],\"inLanguage\":\"en-US\"},{\"@type\":\"Organization\",\"@id\":\"https:\\\/\\\/accesolatino.org\\\/#organization\",\"name\":\"Acceso Latino | Fundaci\u00f3n Carlos Slim\",\"url\":\"https:\\\/\\\/accesolatino.org\\\/\",\"logo\":{\"@type\":\"ImageObject\",\"inLanguage\":\"en-US\",\"@id\":\"https:\\\/\\\/accesolatino.org\\\/#\\\/schema\\\/logo\\\/image\\\/\",\"url\":\"https:\\\/\\\/accesolatino.org\\\/wp-content\\\/uploads\\\/2021\\\/02\\\/logo-footer-acceso-latino.png\",\"contentUrl\":\"https:\\\/\\\/accesolatino.org\\\/wp-content\\\/uploads\\\/2021\\\/02\\\/logo-footer-acceso-latino.png\",\"width\":240,\"height\":40,\"caption\":\"Acceso Latino | Fundaci\u00f3n Carlos Slim\"},\"image\":{\"@id\":\"https:\\\/\\\/accesolatino.org\\\/#\\\/schema\\\/logo\\\/image\\\/\"},\"sameAs\":[\"https:\\\/\\\/www.facebook.com\\\/AccesoLatinoOrg\",\"https:\\\/\\\/x.com\\\/FAccLatino\"]}]}<\/script>\n<!-- \/ Yoast SEO plugin. -->","yoast_head_json":{"title":"Encuentra asesor\u00eda sobre su tr\u00e1mite migratorio en nuestra herramienta \u201cOrientaci\u00f3n Legal\u201d","description":"Encuentra asesor\u00eda sobre su tr\u00e1mite migratorio en nuestra herramienta \u201cOrientaci\u00f3n\u00a0Legal\u201d Sin importar tu estatus\u00a0legal\u00a0en Estados Unidos ...","robots":{"index":"index","follow":"follow","max-snippet":"max-snippet:-1","max-image-preview":"max-image-preview:large","max-video-preview":"max-video-preview:-1"},"canonical":"https:\/\/accesolatino.org\/en\/encuentra-asesoria-sobre-su-tramite-migratorio-en-nuestra-herramienta-orientacion-legal\/","og_locale":"en_US","og_type":"article","og_title":"Acceso Latino | Encuentra asesor\u00eda sobre su tr\u00e1mite migratorio en nuestra herramienta \u201cOrientaci\u00f3n Legal\u201d","og_description":"Encuentra asesor\u00eda sobre su tr\u00e1mite migratorio en nuestra herramienta \u201cOrientaci\u00f3n Legal\u201d","og_url":"https:\/\/accesolatino.org\/en\/encuentra-asesoria-sobre-su-tramite-migratorio-en-nuestra-herramienta-orientacion-legal\/","og_site_name":"Acceso Latino","article_publisher":"https:\/\/www.facebook.com\/AccesoLatinoOrg","article_modified_time":"2025-10-17T19:24:05+00:00","og_image":[{"width":600,"height":415,"url":"https:\/\/accesolatino.org\/wp-content\/uploads\/2017\/08\/Cada-vez-son-mas-las-iniciativas-que-ayudan-con-fondos-a-la-defensa-legal-de-inmigrantes.jpg","type":"image\/jpeg"}],"twitter_card":"summary_large_image","twitter_title":"Acceso Latino | Encuentra asesor\u00eda sobre su tr\u00e1mite migratorio en nuestra herramienta \u201cOrientaci\u00f3n Legal\u201d","twitter_description":"Encuentra asesor\u00eda sobre su tr\u00e1mite migratorio en nuestra herramienta \u201cOrientaci\u00f3n Legal\u201d","twitter_image":"https:\/\/accesolatino.org\/wp-content\/uploads\/2017\/08\/Cada-vez-son-mas-las-iniciativas-que-ayudan-con-fondos-a-la-defensa-legal-de-inmigrantes.jpg","twitter_site":"@FAccLatino","twitter_misc":{"Est. reading time":"1 minute"},"schema":{"@context":"https:\/\/schema.org","@graph":[{"@type":"WebPage","@id":"https:\/\/accesolatino.org\/encuentra-asesoria-sobre-su-tramite-migratorio-en-nuestra-herramienta-orientacion-legal\/","url":"https:\/\/accesolatino.org\/encuentra-asesoria-sobre-su-tramite-migratorio-en-nuestra-herramienta-orientacion-legal\/","name":"Encuentra asesor\u00eda sobre su tr\u00e1mite migratorio en nuestra herramienta \u201cOrientaci\u00f3n Legal\u201d","isPartOf":{"@id":"https:\/\/accesolatino.org\/#website"},"primaryImageOfPage":{"@id":"https:\/\/accesolatino.org\/encuentra-asesoria-sobre-su-tramite-migratorio-en-nuestra-herramienta-orientacion-legal\/#primaryimage"},"image":{"@id":"https:\/\/accesolatino.org\/encuentra-asesoria-sobre-su-tramite-migratorio-en-nuestra-herramienta-orientacion-legal\/#primaryimage"},"thumbnailUrl":"https:\/\/accesolatino.org\/wp-content\/uploads\/2017\/08\/Cada-vez-son-mas-las-iniciativas-que-ayudan-con-fondos-a-la-defensa-legal-de-inmigrantes.jpg","datePublished":"2018-07-16T17:11:22+00:00","dateModified":"2025-10-17T19:24:05+00:00","description":"Encuentra asesor\u00eda sobre su tr\u00e1mite migratorio en nuestra herramienta \u201cOrientaci\u00f3n\u00a0Legal\u201d Sin importar tu estatus\u00a0legal\u00a0en Estados Unidos ...","breadcrumb":{"@id":"https:\/\/accesolatino.org\/encuentra-asesoria-sobre-su-tramite-migratorio-en-nuestra-herramienta-orientacion-legal\/#breadcrumb"},"inLanguage":"en-US","potentialAction":[{"@type":"ReadAction","target":["https:\/\/accesolatino.org\/encuentra-asesoria-sobre-su-tramite-migratorio-en-nuestra-herramienta-orientacion-legal\/"]}]},{"@type":"ImageObject","inLanguage":"en-US","@id":"https:\/\/accesolatino.org\/encuentra-asesoria-sobre-su-tramite-migratorio-en-nuestra-herramienta-orientacion-legal\/#primaryimage","url":"https:\/\/accesolatino.org\/wp-content\/uploads\/2017\/08\/Cada-vez-son-mas-las-iniciativas-que-ayudan-con-fondos-a-la-defensa-legal-de-inmigrantes.jpg","contentUrl":"https:\/\/accesolatino.org\/wp-content\/uploads\/2017\/08\/Cada-vez-son-mas-las-iniciativas-que-ayudan-con-fondos-a-la-defensa-legal-de-inmigrantes.jpg","width":"600","height":"415","caption":"orientaci\u00f3n legal"},{"@type":"BreadcrumbList","@id":"https:\/\/accesolatino.org\/encuentra-asesoria-sobre-su-tramite-migratorio-en-nuestra-herramienta-orientacion-legal\/#breadcrumb","itemListElement":[{"@type":"ListItem","position":1,"name":"Portada","item":"https:\/\/accesolatino.org\/"},{"@type":"ListItem","position":2,"name":"Encuentra asesor\u00eda sobre su tr\u00e1mite migratorio en nuestra herramienta \u201cOrientaci\u00f3n Legal\u201d"}]},{"@type":"WebSite","@id":"https:\/\/accesolatino.org\/#website","url":"https:\/\/accesolatino.org\/","name":"Acceso Latino | Fundaci\u00f3n Carlos Slim","description":"Fundaci\u00f3n Carlos Slim","publisher":{"@id":"https:\/\/accesolatino.org\/#organization"},"potentialAction":[{"@type":"SearchAction","target":{"@type":"EntryPoint","urlTemplate":"https:\/\/accesolatino.org\/?s={search_term_string}"},"query-input":{"@type":"PropertyValueSpecification","valueRequired":true,"valueName":"search_term_string"}}],"inLanguage":"en-US"},{"@type":"Organization","@id":"https:\/\/accesolatino.org\/#organization","name":"Acceso Latino | Fundaci\u00f3n Carlos Slim","url":"https:\/\/accesolatino.org\/","logo":{"@type":"ImageObject","inLanguage":"en-US","@id":"https:\/\/accesolatino.org\/#\/schema\/logo\/image\/","url":"https:\/\/accesolatino.org\/wp-content\/uploads\/2021\/02\/logo-footer-acceso-latino.png","contentUrl":"https:\/\/accesolatino.org\/wp-content\/uploads\/2021\/02\/logo-footer-acceso-latino.png","width":240,"height":40,"caption":"Acceso Latino | Fundaci\u00f3n Carlos Slim"},"image":{"@id":"https:\/\/accesolatino.org\/#\/schema\/logo\/image\/"},"sameAs":["https:\/\/www.facebook.com\/AccesoLatinoOrg","https:\/\/x.com\/FAccLatino"]}]}},"_links":{"self":[{"href":"https:\/\/accesolatino.org\/en\/wp-json\/wp\/v2\/pages\/14072","targetHints":{"allow":["GET"]}}],"collection":[{"href":"https:\/\/accesolatino.org\/en\/wp-json\/wp\/v2\/pages"}],"about":[{"href":"https:\/\/accesolatino.org\/en\/wp-json\/wp\/v2\/types\/page"}],"author":[{"embeddable":true,"href":"https:\/\/accesolatino.org\/en\/wp-json\/wp\/v2\/users\/8"}],"replies":[{"embeddable":true,"href":"https:\/\/accesolatino.org\/en\/wp-json\/wp\/v2\/comments?post=14072"}],"version-history":[{"count":1,"href":"https:\/\/accesolatino.org\/en\/wp-json\/wp\/v2\/pages\/14072\/revisions"}],"predecessor-version":[{"id":64207,"href":"https:\/\/accesolatino.org\/en\/wp-json\/wp\/v2\/pages\/14072\/revisions\/64207"}],"wp:featuredmedia":[{"embeddable":true,"href":"https:\/\/accesolatino.org\/en\/wp-json\/wp\/v2\/media\/9862"}],"wp:attachment":[{"href":"https:\/\/accesolatino.org\/en\/wp-json\/wp\/v2\/media?parent=14072"}],"curies":[{"name":"wp","href":"https:\/\/api.w.org\/{rel}","templated":true}]}}