{"id":14064,"date":"2018-07-13T10:16:42","date_gmt":"2018-07-13T15:16:42","guid":{"rendered":"https:\/\/accesolatino.org\/?page_id=14064"},"modified":"2025-10-17T13:27:11","modified_gmt":"2025-10-17T19:27:11","slug":"encuentra-asesoria-sobre-tu-tramite-migratorio-en-orientacion-legal","status":"publish","type":"page","link":"https:\/\/accesolatino.org\/en\/encuentra-asesoria-sobre-tu-tramite-migratorio-en-orientacion-legal\/","title":{"rendered":"Find advice about your immigration process in Orientaci\u00f3n Legal"},"content":{"rendered":"<div data-elementor-type=\"wp-post\" data-elementor-id=\"14064\" class=\"elementor elementor-14064\">\n\t\t\t\t\t\t<section class=\"elementor-section elementor-top-section elementor-element elementor-element-8470df5 elementor-section-full_width elementor-section-height-min-height elementor-section-items-stretch elementor-section-height-default wpr-particle-no wpr-jarallax-no wpr-parallax-no wpr-sticky-section-no wpr-equal-height-no\" data-id=\"8470df5\" data-element_type=\"section\" data-e-type=\"section\" data-settings=\"{&quot;background_background&quot;:&quot;classic&quot;}\">\n\t\t\t\t\t\t<div class=\"elementor-container elementor-column-gap-no\">\n\t\t\t\t\t<div class=\"elementor-column elementor-col-100 elementor-top-column elementor-element elementor-element-eb8e9eb\" data-id=\"eb8e9eb\" data-element_type=\"column\" data-e-type=\"column\">\n\t\t\t<div class=\"elementor-widget-wrap elementor-element-populated\">\n\t\t\t\t\t\t<div class=\"elementor-element elementor-element-fa534d2 elementor--h-position-center elementor--v-position-middle elementor-widget elementor-widget-slides\" data-id=\"fa534d2\" data-element_type=\"widget\" data-e-type=\"widget\" data-settings=\"{&quot;navigation&quot;:&quot;none&quot;,&quot;infinite&quot;:&quot;yes&quot;,&quot;transition&quot;:&quot;slide&quot;,&quot;transition_speed&quot;:500}\" data-widget_type=\"slides.default\">\n\t\t\t\t<div class=\"elementor-widget-container\">\n\t\t\t\t\t\t\t<div class=\"elementor-swiper\">\n\t\t\t<div class=\"elementor-slides-wrapper elementor-main-swiper swiper-container\" dir=\"ltr\" data-animation=\"\">\n\t\t\t\t<div class=\"swiper-wrapper elementor-slides\">\n\t\t\t\t\t\t\t\t\t\t<div class=\"elementor-repeater-item-d983a28 swiper-slide\"><div class=\"swiper-slide-bg\"><\/div><div class=\"swiper-slide-inner\" ><div class=\"swiper-slide-contents\"><div class=\"elementor-slide-heading\">Legal Guidance<\/div><\/div><\/div><\/div>\t\t\t\t<\/div>\n\t\t\t\t\t\t\t<\/div>\n\t\t<\/div>\n\t\t\t\t\t\t<\/div>\n\t\t\t\t<\/div>\n\t\t\t\t\t<\/div>\n\t\t<\/div>\n\t\t\t\t\t<\/div>\n\t\t<\/section>\n\t\t\t\t<section class=\"elementor-section elementor-top-section elementor-element elementor-element-e2fe854 elementor-section-stretched elementor-section-boxed elementor-section-height-default elementor-section-height-default wpr-particle-no wpr-jarallax-no wpr-parallax-no wpr-sticky-section-no wpr-equal-height-no\" data-id=\"e2fe854\" data-element_type=\"section\" data-e-type=\"section\" data-settings=\"{&quot;stretch_section&quot;:&quot;section-stretched&quot;,&quot;background_background&quot;:&quot;classic&quot;}\">\n\t\t\t\t\t\t<div class=\"elementor-container elementor-column-gap-default\">\n\t\t\t\t\t<div class=\"elementor-column elementor-col-100 elementor-top-column elementor-element elementor-element-29aecf2\" data-id=\"29aecf2\" data-element_type=\"column\" data-e-type=\"column\">\n\t\t\t<div class=\"elementor-widget-wrap elementor-element-populated\">\n\t\t\t\t\t\t<div class=\"elementor-element elementor-element-314005f elementor-widget elementor-widget-heading\" data-id=\"314005f\" data-element_type=\"widget\" data-e-type=\"widget\" data-widget_type=\"heading.default\">\n\t\t\t\t<div class=\"elementor-widget-container\">\n\t\t\t\t\t<h3 class=\"elementor-heading-title elementor-size-default\">Find advice about your immigration process in Orientaci\u00f3n Legal\n<\/h3>\t\t\t\t<\/div>\n\t\t\t\t<\/div>\n\t\t\t\t<div class=\"elementor-element elementor-element-3ee1a64 elementor-widget elementor-widget-text-editor\" data-id=\"3ee1a64\" data-element_type=\"widget\" data-e-type=\"widget\" data-widget_type=\"text-editor.default\">\n\t\t\t\t<div class=\"elementor-widget-container\">\n\t\t\t\t\t\t\t\t\t<p>Cualquier migrante puede encontrar ayuda en material legal en <strong>Acceso Latino tu primera ventana de consulta migratoria.<\/strong><\/p><p>La oficina de Servicios de Inmigraci\u00f3n y Ciudadan\u00eda de Estados Unidos (USCIS), es el departamento gubernamental encargado de revisar y realizar cualquier tipo de tr\u00e1mite migratorio.<\/p><p>Todos los migrantes legales deben hacer tr\u00e1mites con USCIS, al igual que los ciudadanos americanos que desean pedir los papeles para un familiar.<\/p><p><strong>Acceso Latino<\/strong>, brinda asesor\u00eda legal a todos los migrantes con su herramienta <a href=\"https:\/\/accesolatino.org\/en\/orientacion-legal\/\">\u201cOrientaci\u00f3n Legal\u201d<\/a>, la cual cuenta con una variedad de tarjetas para poder apoyar a los migrantes en los diferentes problemas legales que enfrenten.<\/p><p>Si eres de las personas que ha realizado o piensa realizar alg\u00fan tr\u00e1mite en USCIS, puedes acceder a nuestra tarjeta \u201cConoce el avance de tu tr\u00e1mite migratorio\u200b\u201d, donde podr\u00e1s contactar directamente a la dependencia gubernamental para solicitar el estatus de tu tr\u00e1mite.<\/p>\t\t\t\t\t\t\t\t<\/div>\n\t\t\t\t<\/div>\n\t\t\t\t<div class=\"elementor-element elementor-element-de4a03a elementor-widget elementor-widget-spacer\" data-id=\"de4a03a\" data-element_type=\"widget\" data-e-type=\"widget\" data-widget_type=\"spacer.default\">\n\t\t\t\t<div class=\"elementor-widget-container\">\n\t\t\t\t\t\t\t<div class=\"elementor-spacer\">\n\t\t\t<div class=\"elementor-spacer-inner\"><\/div>\n\t\t<\/div>\n\t\t\t\t\t\t<\/div>\n\t\t\t\t<\/div>\n\t\t\t\t\t<\/div>\n\t\t<\/div>\n\t\t\t\t\t<\/div>\n\t\t<\/section>\n\t\t\t\t<\/div>","protected":false},"excerpt":{"rendered":"<p>Orientaci\u00f3n Legal Encuentra asesor\u00eda sobre tu tr\u00e1mite migratorio en Orientaci\u00f3n Legal Cualquier migrante puede encontrar ayuda en material legal en Acceso Latino tu primera ventana de consulta migratoria. La oficina de Servicios de Inmigraci\u00f3n y Ciudadan\u00eda de Estados Unidos (USCIS), es el departamento gubernamental encargado de revisar y realizar cualquier tipo de tr\u00e1mite migratorio. Todos los migrantes legales deben hacer tr\u00e1mites con USCIS, al igual que los ciudadanos americanos que desean pedir los papeles para un familiar. Acceso Latino, brinda asesor\u00eda legal a todos los migrantes con su herramienta \u201cOrientaci\u00f3n Legal\u201d, la cual cuenta con una variedad de tarjetas para poder apoyar a los migrantes en los diferentes problemas legales que enfrenten. Si eres de las personas que ha realizado o piensa realizar alg\u00fan tr\u00e1mite en USCIS, puedes acceder a nuestra tarjeta \u201cConoce el avance de tu tr\u00e1mite migratorio\u200b\u201d, donde podr\u00e1s contactar directamente a la dependencia gubernamental para solicitar el estatus de tu tr\u00e1mite.<\/p>","protected":false},"author":8,"featured_media":2334,"parent":0,"menu_order":0,"comment_status":"closed","ping_status":"closed","template":"elementor_header_footer","meta":{"_uf_show_specific_survey":0,"_uf_disable_surveys":false,"footnotes":""},"class_list":["post-14064","page","type-page","status-publish","has-post-thumbnail"],"aioseo_notices":[],"yoast_head":"<!-- This site is optimized with the Yoast SEO plugin v27.4 - https:\/\/yoast.com\/product\/yoast-seo-wordpress\/ -->\n<title>Encuentra asesor\u00eda sobre tu tr\u00e1mite migratorio en Orientaci\u00f3n Legal<\/title>\n<meta name=\"description\" content=\"Encuentra asesor\u00eda sobre tu tr\u00e1mite migratorio en Orientaci\u00f3n Legal Cualquier migrante puede encontrar ayuda en material legal ...\" \/>\n<meta name=\"robots\" content=\"index, follow, max-snippet:-1, max-image-preview:large, max-video-preview:-1\" \/>\n<link rel=\"canonical\" href=\"https:\/\/accesolatino.org\/en\/encuentra-asesoria-sobre-tu-tramite-migratorio-en-orientacion-legal\/\" \/>\n<meta property=\"og:locale\" content=\"en_US\" \/>\n<meta property=\"og:type\" content=\"article\" \/>\n<meta property=\"og:title\" content=\"Acceso Latino | Encuentra asesor\u00eda sobre tu tr\u00e1mite migratorio en Orientaci\u00f3n Legal\" \/>\n<meta property=\"og:description\" content=\"Cualquier migrante puede encontrar ayuda en material legal en Acceso Latino tu primera ventana de consulta migratoria.\" \/>\n<meta property=\"og:url\" content=\"https:\/\/accesolatino.org\/en\/encuentra-asesoria-sobre-tu-tramite-migratorio-en-orientacion-legal\/\" \/>\n<meta property=\"og:site_name\" content=\"Acceso Latino\" \/>\n<meta property=\"article:publisher\" content=\"https:\/\/www.facebook.com\/AccesoLatinoOrg\" \/>\n<meta property=\"article:modified_time\" content=\"2025-10-17T19:27:11+00:00\" \/>\n<meta property=\"og:image\" content=\"https:\/\/accesolatino.org\/wp-content\/uploads\/2018\/03\/Conoce-el-estatus-de-tu-tramite-migratorio.jpg\" \/>\n\t<meta property=\"og:image:width\" content=\"1000\" \/>\n\t<meta property=\"og:image:height\" content=\"665\" \/>\n\t<meta property=\"og:image:type\" content=\"image\/jpeg\" \/>\n<meta name=\"twitter:card\" content=\"summary_large_image\" \/>\n<meta name=\"twitter:title\" content=\"Acceso Latino | Encuentra asesor\u00eda sobre tu tr\u00e1mite migratorio en Orientaci\u00f3n Legal\" \/>\n<meta name=\"twitter:description\" content=\"Cualquier migrante puede encontrar ayuda en material legal en Acceso Latino tu primera ventana de consulta migratoria.\" \/>\n<meta name=\"twitter:image\" content=\"https:\/\/accesolatino.org\/wp-content\/uploads\/2018\/03\/Conoce-el-estatus-de-tu-tramite-migratorio.jpg\" \/>\n<meta name=\"twitter:site\" content=\"@FAccLatino\" \/>\n<meta name=\"twitter:label1\" content=\"Est. reading time\" \/>\n\t<meta name=\"twitter:data1\" content=\"1 minute\" \/>\n<script type=\"application\/ld+json\" class=\"yoast-schema-graph\">{\"@context\":\"https:\\\/\\\/schema.org\",\"@graph\":[{\"@type\":\"WebPage\",\"@id\":\"https:\\\/\\\/accesolatino.org\\\/en\\\/encuentra-asesoria-sobre-tu-tramite-migratorio-en-orientacion-legal\\\/\",\"url\":\"https:\\\/\\\/accesolatino.org\\\/en\\\/encuentra-asesoria-sobre-tu-tramite-migratorio-en-orientacion-legal\\\/\",\"name\":\"Encuentra asesor\u00eda sobre tu tr\u00e1mite migratorio en Orientaci\u00f3n Legal\",\"isPartOf\":{\"@id\":\"https:\\\/\\\/accesolatino.org\\\/#website\"},\"primaryImageOfPage\":{\"@id\":\"https:\\\/\\\/accesolatino.org\\\/en\\\/encuentra-asesoria-sobre-tu-tramite-migratorio-en-orientacion-legal\\\/#primaryimage\"},\"image\":{\"@id\":\"https:\\\/\\\/accesolatino.org\\\/en\\\/encuentra-asesoria-sobre-tu-tramite-migratorio-en-orientacion-legal\\\/#primaryimage\"},\"thumbnailUrl\":\"https:\\\/\\\/accesolatino.org\\\/wp-content\\\/uploads\\\/2018\\\/03\\\/Conoce-el-estatus-de-tu-tramite-migratorio.jpg\",\"datePublished\":\"2018-07-13T15:16:42+00:00\",\"dateModified\":\"2025-10-17T19:27:11+00:00\",\"description\":\"Encuentra asesor\u00eda sobre tu tr\u00e1mite migratorio en Orientaci\u00f3n Legal Cualquier migrante puede encontrar ayuda en material legal ...\",\"breadcrumb\":{\"@id\":\"https:\\\/\\\/accesolatino.org\\\/en\\\/encuentra-asesoria-sobre-tu-tramite-migratorio-en-orientacion-legal\\\/#breadcrumb\"},\"inLanguage\":\"en-US\",\"potentialAction\":[{\"@type\":\"ReadAction\",\"target\":[\"https:\\\/\\\/accesolatino.org\\\/en\\\/encuentra-asesoria-sobre-tu-tramite-migratorio-en-orientacion-legal\\\/\"]}]},{\"@type\":\"ImageObject\",\"inLanguage\":\"en-US\",\"@id\":\"https:\\\/\\\/accesolatino.org\\\/en\\\/encuentra-asesoria-sobre-tu-tramite-migratorio-en-orientacion-legal\\\/#primaryimage\",\"url\":\"https:\\\/\\\/accesolatino.org\\\/wp-content\\\/uploads\\\/2018\\\/03\\\/Conoce-el-estatus-de-tu-tramite-migratorio.jpg\",\"contentUrl\":\"https:\\\/\\\/accesolatino.org\\\/wp-content\\\/uploads\\\/2018\\\/03\\\/Conoce-el-estatus-de-tu-tramite-migratorio.jpg\",\"width\":\"1000\",\"height\":\"665\",\"caption\":\"orientaci\u00f3n legal\"},{\"@type\":\"BreadcrumbList\",\"@id\":\"https:\\\/\\\/accesolatino.org\\\/en\\\/encuentra-asesoria-sobre-tu-tramite-migratorio-en-orientacion-legal\\\/#breadcrumb\",\"itemListElement\":[{\"@type\":\"ListItem\",\"position\":1,\"name\":\"Portada\",\"item\":\"https:\\\/\\\/accesolatino.org\\\/\"},{\"@type\":\"ListItem\",\"position\":2,\"name\":\"Encuentra asesor\u00eda sobre tu tr\u00e1mite migratorio en Orientaci\u00f3n Legal\"}]},{\"@type\":\"WebSite\",\"@id\":\"https:\\\/\\\/accesolatino.org\\\/#website\",\"url\":\"https:\\\/\\\/accesolatino.org\\\/\",\"name\":\"Acceso Latino | Fundaci\u00f3n Carlos Slim\",\"description\":\"Fundaci\u00f3n Carlos Slim\",\"publisher\":{\"@id\":\"https:\\\/\\\/accesolatino.org\\\/#organization\"},\"potentialAction\":[{\"@type\":\"SearchAction\",\"target\":{\"@type\":\"EntryPoint\",\"urlTemplate\":\"https:\\\/\\\/accesolatino.org\\\/?s={search_term_string}\"},\"query-input\":{\"@type\":\"PropertyValueSpecification\",\"valueRequired\":true,\"valueName\":\"search_term_string\"}}],\"inLanguage\":\"en-US\"},{\"@type\":\"Organization\",\"@id\":\"https:\\\/\\\/accesolatino.org\\\/#organization\",\"name\":\"Acceso Latino | Fundaci\u00f3n Carlos Slim\",\"url\":\"https:\\\/\\\/accesolatino.org\\\/\",\"logo\":{\"@type\":\"ImageObject\",\"inLanguage\":\"en-US\",\"@id\":\"https:\\\/\\\/accesolatino.org\\\/#\\\/schema\\\/logo\\\/image\\\/\",\"url\":\"https:\\\/\\\/accesolatino.org\\\/wp-content\\\/uploads\\\/2021\\\/02\\\/logo-footer-acceso-latino.png\",\"contentUrl\":\"https:\\\/\\\/accesolatino.org\\\/wp-content\\\/uploads\\\/2021\\\/02\\\/logo-footer-acceso-latino.png\",\"width\":240,\"height\":40,\"caption\":\"Acceso Latino | Fundaci\u00f3n Carlos Slim\"},\"image\":{\"@id\":\"https:\\\/\\\/accesolatino.org\\\/#\\\/schema\\\/logo\\\/image\\\/\"},\"sameAs\":[\"https:\\\/\\\/www.facebook.com\\\/AccesoLatinoOrg\",\"https:\\\/\\\/x.com\\\/FAccLatino\"]}]}<\/script>\n<!-- \/ Yoast SEO plugin. -->","yoast_head_json":{"title":"Find advice about your immigration process in Orientaci\u00f3n Legal","description":"Encuentra asesor\u00eda sobre tu tr\u00e1mite migratorio en Orientaci\u00f3n Legal Cualquier migrante puede encontrar ayuda en material legal ...","robots":{"index":"index","follow":"follow","max-snippet":"max-snippet:-1","max-image-preview":"max-image-preview:large","max-video-preview":"max-video-preview:-1"},"canonical":"https:\/\/accesolatino.org\/en\/encuentra-asesoria-sobre-tu-tramite-migratorio-en-orientacion-legal\/","og_locale":"en_US","og_type":"article","og_title":"Acceso Latino | Encuentra asesor\u00eda sobre tu tr\u00e1mite migratorio en Orientaci\u00f3n Legal","og_description":"Cualquier migrante puede encontrar ayuda en material legal en Acceso Latino tu primera ventana de consulta migratoria.","og_url":"https:\/\/accesolatino.org\/en\/encuentra-asesoria-sobre-tu-tramite-migratorio-en-orientacion-legal\/","og_site_name":"Acceso Latino","article_publisher":"https:\/\/www.facebook.com\/AccesoLatinoOrg","article_modified_time":"2025-10-17T19:27:11+00:00","og_image":[{"width":1000,"height":665,"url":"https:\/\/accesolatino.org\/wp-content\/uploads\/2018\/03\/Conoce-el-estatus-de-tu-tramite-migratorio.jpg","type":"image\/jpeg"}],"twitter_card":"summary_large_image","twitter_title":"Acceso Latino | Encuentra asesor\u00eda sobre tu tr\u00e1mite migratorio en Orientaci\u00f3n Legal","twitter_description":"Cualquier migrante puede encontrar ayuda en material legal en Acceso Latino tu primera ventana de consulta migratoria.","twitter_image":"https:\/\/accesolatino.org\/wp-content\/uploads\/2018\/03\/Conoce-el-estatus-de-tu-tramite-migratorio.jpg","twitter_site":"@FAccLatino","twitter_misc":{"Est. reading time":"1 minute"},"schema":{"@context":"https:\/\/schema.org","@graph":[{"@type":"WebPage","@id":"https:\/\/accesolatino.org\/en\/encuentra-asesoria-sobre-tu-tramite-migratorio-en-orientacion-legal\/","url":"https:\/\/accesolatino.org\/en\/encuentra-asesoria-sobre-tu-tramite-migratorio-en-orientacion-legal\/","name":"Find advice about your immigration process in Orientaci\u00f3n Legal","isPartOf":{"@id":"https:\/\/accesolatino.org\/#website"},"primaryImageOfPage":{"@id":"https:\/\/accesolatino.org\/en\/encuentra-asesoria-sobre-tu-tramite-migratorio-en-orientacion-legal\/#primaryimage"},"image":{"@id":"https:\/\/accesolatino.org\/en\/encuentra-asesoria-sobre-tu-tramite-migratorio-en-orientacion-legal\/#primaryimage"},"thumbnailUrl":"https:\/\/accesolatino.org\/wp-content\/uploads\/2018\/03\/Conoce-el-estatus-de-tu-tramite-migratorio.jpg","datePublished":"2018-07-13T15:16:42+00:00","dateModified":"2025-10-17T19:27:11+00:00","description":"Encuentra asesor\u00eda sobre tu tr\u00e1mite migratorio en Orientaci\u00f3n Legal Cualquier migrante puede encontrar ayuda en material legal ...","breadcrumb":{"@id":"https:\/\/accesolatino.org\/en\/encuentra-asesoria-sobre-tu-tramite-migratorio-en-orientacion-legal\/#breadcrumb"},"inLanguage":"en-US","potentialAction":[{"@type":"ReadAction","target":["https:\/\/accesolatino.org\/en\/encuentra-asesoria-sobre-tu-tramite-migratorio-en-orientacion-legal\/"]}]},{"@type":"ImageObject","inLanguage":"en-US","@id":"https:\/\/accesolatino.org\/en\/encuentra-asesoria-sobre-tu-tramite-migratorio-en-orientacion-legal\/#primaryimage","url":"https:\/\/accesolatino.org\/wp-content\/uploads\/2018\/03\/Conoce-el-estatus-de-tu-tramite-migratorio.jpg","contentUrl":"https:\/\/accesolatino.org\/wp-content\/uploads\/2018\/03\/Conoce-el-estatus-de-tu-tramite-migratorio.jpg","width":"1000","height":"665","caption":"orientaci\u00f3n legal"},{"@type":"BreadcrumbList","@id":"https:\/\/accesolatino.org\/en\/encuentra-asesoria-sobre-tu-tramite-migratorio-en-orientacion-legal\/#breadcrumb","itemListElement":[{"@type":"ListItem","position":1,"name":"Portada","item":"https:\/\/accesolatino.org\/"},{"@type":"ListItem","position":2,"name":"Encuentra asesor\u00eda sobre tu tr\u00e1mite migratorio en Orientaci\u00f3n Legal"}]},{"@type":"WebSite","@id":"https:\/\/accesolatino.org\/#website","url":"https:\/\/accesolatino.org\/","name":"Acceso Latino | Fundaci\u00f3n Carlos Slim","description":"Fundaci\u00f3n Carlos Slim","publisher":{"@id":"https:\/\/accesolatino.org\/#organization"},"potentialAction":[{"@type":"SearchAction","target":{"@type":"EntryPoint","urlTemplate":"https:\/\/accesolatino.org\/?s={search_term_string}"},"query-input":{"@type":"PropertyValueSpecification","valueRequired":true,"valueName":"search_term_string"}}],"inLanguage":"en-US"},{"@type":"Organization","@id":"https:\/\/accesolatino.org\/#organization","name":"Acceso Latino | Fundaci\u00f3n Carlos Slim","url":"https:\/\/accesolatino.org\/","logo":{"@type":"ImageObject","inLanguage":"en-US","@id":"https:\/\/accesolatino.org\/#\/schema\/logo\/image\/","url":"https:\/\/accesolatino.org\/wp-content\/uploads\/2021\/02\/logo-footer-acceso-latino.png","contentUrl":"https:\/\/accesolatino.org\/wp-content\/uploads\/2021\/02\/logo-footer-acceso-latino.png","width":240,"height":40,"caption":"Acceso Latino | Fundaci\u00f3n Carlos Slim"},"image":{"@id":"https:\/\/accesolatino.org\/#\/schema\/logo\/image\/"},"sameAs":["https:\/\/www.facebook.com\/AccesoLatinoOrg","https:\/\/x.com\/FAccLatino"]}]}},"_links":{"self":[{"href":"https:\/\/accesolatino.org\/en\/wp-json\/wp\/v2\/pages\/14064","targetHints":{"allow":["GET"]}}],"collection":[{"href":"https:\/\/accesolatino.org\/en\/wp-json\/wp\/v2\/pages"}],"about":[{"href":"https:\/\/accesolatino.org\/en\/wp-json\/wp\/v2\/types\/page"}],"author":[{"embeddable":true,"href":"https:\/\/accesolatino.org\/en\/wp-json\/wp\/v2\/users\/8"}],"replies":[{"embeddable":true,"href":"https:\/\/accesolatino.org\/en\/wp-json\/wp\/v2\/comments?post=14064"}],"version-history":[{"count":1,"href":"https:\/\/accesolatino.org\/en\/wp-json\/wp\/v2\/pages\/14064\/revisions"}],"predecessor-version":[{"id":64208,"href":"https:\/\/accesolatino.org\/en\/wp-json\/wp\/v2\/pages\/14064\/revisions\/64208"}],"wp:featuredmedia":[{"embeddable":true,"href":"https:\/\/accesolatino.org\/en\/wp-json\/wp\/v2\/media\/2334"}],"wp:attachment":[{"href":"https:\/\/accesolatino.org\/en\/wp-json\/wp\/v2\/media?parent=14064"}],"curies":[{"name":"wp","href":"https:\/\/api.w.org\/{rel}","templated":true}]}}