{"id":14054,"date":"2018-07-12T10:17:42","date_gmt":"2018-07-12T15:17:42","guid":{"rendered":"https:\/\/accesolatino.org\/?page_id=14054"},"modified":"2025-10-17T13:02:17","modified_gmt":"2025-10-17T19:02:17","slug":"dreamers-encontraran-ayuda-sobre-daca-en-orientacion-legal","status":"publish","type":"page","link":"https:\/\/accesolatino.org\/en\/dreamers-encontraran-ayuda-sobre-daca-en-orientacion-legal\/","title":{"rendered":"Dreamers to find help on DACA at Legal Orientation"},"content":{"rendered":"<div data-elementor-type=\"wp-post\" data-elementor-id=\"14054\" class=\"elementor elementor-14054\">\n\t\t\t\t\t\t<section class=\"elementor-section elementor-top-section elementor-element elementor-element-91f915f elementor-section-full_width elementor-section-height-min-height elementor-section-items-stretch elementor-section-height-default wpr-particle-no wpr-jarallax-no wpr-parallax-no wpr-sticky-section-no wpr-equal-height-no\" data-id=\"91f915f\" data-element_type=\"section\" data-e-type=\"section\" data-settings=\"{&quot;background_background&quot;:&quot;classic&quot;}\">\n\t\t\t\t\t\t<div class=\"elementor-container elementor-column-gap-no\">\n\t\t\t\t\t<div class=\"elementor-column elementor-col-100 elementor-top-column elementor-element elementor-element-130f3a6\" data-id=\"130f3a6\" data-element_type=\"column\" data-e-type=\"column\">\n\t\t\t<div class=\"elementor-widget-wrap elementor-element-populated\">\n\t\t\t\t\t\t<div class=\"elementor-element elementor-element-18961f3 elementor--h-position-center elementor--v-position-middle elementor-widget elementor-widget-slides\" data-id=\"18961f3\" data-element_type=\"widget\" data-e-type=\"widget\" data-settings=\"{&quot;navigation&quot;:&quot;none&quot;,&quot;infinite&quot;:&quot;yes&quot;,&quot;transition&quot;:&quot;slide&quot;,&quot;transition_speed&quot;:500}\" data-widget_type=\"slides.default\">\n\t\t\t\t<div class=\"elementor-widget-container\">\n\t\t\t\t\t\t\t<div class=\"elementor-swiper\">\n\t\t\t<div class=\"elementor-slides-wrapper elementor-main-swiper swiper-container\" dir=\"ltr\" data-animation=\"\">\n\t\t\t\t<div class=\"swiper-wrapper elementor-slides\">\n\t\t\t\t\t\t\t\t\t\t<div class=\"elementor-repeater-item-d983a28 swiper-slide\"><div class=\"swiper-slide-bg\"><\/div><div class=\"swiper-slide-inner\" ><div class=\"swiper-slide-contents\"><div class=\"elementor-slide-heading\">Legal Guidance<\/div><\/div><\/div><\/div>\t\t\t\t<\/div>\n\t\t\t\t\t\t\t<\/div>\n\t\t<\/div>\n\t\t\t\t\t\t<\/div>\n\t\t\t\t<\/div>\n\t\t\t\t\t<\/div>\n\t\t<\/div>\n\t\t\t\t\t<\/div>\n\t\t<\/section>\n\t\t\t\t<section class=\"elementor-section elementor-top-section elementor-element elementor-element-7c19481 elementor-section-stretched elementor-section-boxed elementor-section-height-default elementor-section-height-default wpr-particle-no wpr-jarallax-no wpr-parallax-no wpr-sticky-section-no wpr-equal-height-no\" data-id=\"7c19481\" data-element_type=\"section\" data-e-type=\"section\" data-settings=\"{&quot;stretch_section&quot;:&quot;section-stretched&quot;,&quot;background_background&quot;:&quot;classic&quot;}\">\n\t\t\t\t\t\t<div class=\"elementor-container elementor-column-gap-default\">\n\t\t\t\t\t<div class=\"elementor-column elementor-col-100 elementor-top-column elementor-element elementor-element-4d5cb0c\" data-id=\"4d5cb0c\" data-element_type=\"column\" data-e-type=\"column\">\n\t\t\t<div class=\"elementor-widget-wrap elementor-element-populated\">\n\t\t\t\t\t\t<div class=\"elementor-element elementor-element-51c794c elementor-widget elementor-widget-heading\" data-id=\"51c794c\" data-element_type=\"widget\" data-e-type=\"widget\" data-widget_type=\"heading.default\">\n\t\t\t\t<div class=\"elementor-widget-container\">\n\t\t\t\t\t<h3 class=\"elementor-heading-title elementor-size-default\">Dreamers to find help on DACA at Legal Orientation\n<\/h3>\t\t\t\t<\/div>\n\t\t\t\t<\/div>\n\t\t\t\t<div class=\"elementor-element elementor-element-acd0276 elementor-widget elementor-widget-text-editor\" data-id=\"acd0276\" data-element_type=\"widget\" data-e-type=\"widget\" data-widget_type=\"text-editor.default\">\n\t\t\t\t<div class=\"elementor-widget-container\">\n\t\t\t\t\t\t\t\t\t<p>La incertidumbre que aqueja a los \u201cdreamers\u201d ocupa a la Fundaci\u00f3n Carlos Slim as\u00ed como a las distintas organizaciones que apoyan a la comunidad migrante en Estados Unidos. Por tal motivo, <strong>Acceso Latino<\/strong> te brinda diferentes herramientas jur\u00eddicas dentro de la secci\u00f3n <a href=\"https:\/\/accesolatino.org\/en\/orientacion-legal\/\">\u201cOrientaci\u00f3n Legal\u201d<\/a>, que te proporcionan informaci\u00f3n \u00fatil en tu situaci\u00f3n actual.<\/p><p>Una de las alternativas que encontrar\u00e1s en nuestra herramienta es la tarjeta <strong>\u201cPreguntas frecuentes sobre DACA\u201d<\/strong>; herramienta donde encontrar\u00e1s recomendaciones e informaci\u00f3n actualizada de la presente administraci\u00f3n estadounidense en cuesti\u00f3n de DACA.<\/p><p>Parte de la informaci\u00f3n que encontrar\u00e1s, responder\u00e1 a las siguientes preguntas:<\/p><ul><li>\u00bfQui\u00e9n es elegible para solicitar DACA en este momento?<\/li><li>\u00bfQu\u00e9 debo presentar para renovar DACA?<\/li><li>\u00bfDeber\u00eda solicitar la renovaci\u00f3n de DACA si tengo un nuevo crimen en mi r\u00e9cord?<\/li><\/ul><p>Estas y muchas otras preguntas relacionada con tu DACA podr\u00e1s resolverlas accediendo a nuestra tarjeta de \u201cPreguntas frecuentes sobre DACA\u201d.<\/p><p>In <strong>Acceso Latino tu primera ventana de consulta migratoria<\/strong>, encontrar\u00e1s informaci\u00f3n espec\u00edfica para cada problema que se te presente en tu estad\u00eda por la Uni\u00f3n Americana.<\/p>\t\t\t\t\t\t\t\t<\/div>\n\t\t\t\t<\/div>\n\t\t\t\t<div class=\"elementor-element elementor-element-eb81b02 elementor-widget elementor-widget-spacer\" data-id=\"eb81b02\" data-element_type=\"widget\" data-e-type=\"widget\" data-widget_type=\"spacer.default\">\n\t\t\t\t<div class=\"elementor-widget-container\">\n\t\t\t\t\t\t\t<div class=\"elementor-spacer\">\n\t\t\t<div class=\"elementor-spacer-inner\"><\/div>\n\t\t<\/div>\n\t\t\t\t\t\t<\/div>\n\t\t\t\t<\/div>\n\t\t\t\t\t<\/div>\n\t\t<\/div>\n\t\t\t\t\t<\/div>\n\t\t<\/section>\n\t\t\t\t<\/div>","protected":false},"excerpt":{"rendered":"<p>Orientaci\u00f3n Legal Dreamers encontrar\u00e1n ayuda sobre DACA en Orientaci\u00f3n Legal La incertidumbre que aqueja a los \u201cdreamers\u201d ocupa a la Fundaci\u00f3n Carlos Slim as\u00ed como a las distintas organizaciones que apoyan a la comunidad migrante en Estados Unidos. Por tal motivo, Acceso Latino te brinda diferentes herramientas jur\u00eddicas dentro de la secci\u00f3n \u201cOrientaci\u00f3n Legal\u201d, que te proporcionan informaci\u00f3n \u00fatil en tu situaci\u00f3n actual. Una de las alternativas que encontrar\u00e1s en nuestra herramienta es la tarjeta \u201cPreguntas frecuentes sobre DACA\u201d; herramienta donde encontrar\u00e1s recomendaciones e informaci\u00f3n actualizada de la presente administraci\u00f3n estadounidense en cuesti\u00f3n de DACA. Parte de la informaci\u00f3n que encontrar\u00e1s, responder\u00e1 a las siguientes preguntas: \u00bfQui\u00e9n es elegible para solicitar DACA en este momento? \u00bfQu\u00e9 debo presentar para renovar DACA? \u00bfDeber\u00eda solicitar la renovaci\u00f3n de DACA si tengo un nuevo crimen en mi r\u00e9cord? Estas y muchas otras preguntas relacionada con tu DACA podr\u00e1s resolverlas accediendo a nuestra tarjeta de \u201cPreguntas frecuentes sobre DACA\u201d. En Acceso Latino tu primera ventana de consulta migratoria, encontrar\u00e1s informaci\u00f3n espec\u00edfica para cada problema que se te presente en tu estad\u00eda por la Uni\u00f3n Americana.<\/p>","protected":false},"author":8,"featured_media":2246,"parent":0,"menu_order":0,"comment_status":"closed","ping_status":"closed","template":"elementor_header_footer","meta":{"_uf_show_specific_survey":0,"_uf_disable_surveys":false,"footnotes":""},"class_list":["post-14054","page","type-page","status-publish","has-post-thumbnail"],"aioseo_notices":[],"yoast_head":"<!-- This site is optimized with the Yoast SEO plugin v27.4 - https:\/\/yoast.com\/product\/yoast-seo-wordpress\/ -->\n<title>Dreamers encontrar\u00e1n ayuda sobre DACA en Orientaci\u00f3n Legal<\/title>\n<meta name=\"description\" content=\"Dreamers\u00a0encontrar\u00e1n ayuda sobre DACA en Orientaci\u00f3n Legal La incertidumbre que aqueja a los \u201cdreamers\u201d ocupa a la Fundaci\u00f3n Carlos Slim\" \/>\n<meta name=\"robots\" content=\"index, follow, max-snippet:-1, max-image-preview:large, max-video-preview:-1\" \/>\n<link rel=\"canonical\" href=\"https:\/\/accesolatino.org\/en\/dreamers-encontraran-ayuda-sobre-daca-en-orientacion-legal\/\" \/>\n<meta property=\"og:locale\" content=\"en_US\" \/>\n<meta property=\"og:type\" content=\"article\" \/>\n<meta property=\"og:title\" content=\"Acceso Latino | Dreamers encontrar\u00e1n ayuda sobre DACA en Orientaci\u00f3n Legal\" \/>\n<meta property=\"og:description\" content=\"Dreamers encontrar\u00e1n ayuda sobre DACA en Orientaci\u00f3n Legal\" \/>\n<meta property=\"og:url\" content=\"https:\/\/accesolatino.org\/en\/dreamers-encontraran-ayuda-sobre-daca-en-orientacion-legal\/\" \/>\n<meta property=\"og:site_name\" content=\"Acceso Latino\" \/>\n<meta property=\"article:publisher\" content=\"https:\/\/www.facebook.com\/AccesoLatinoOrg\" \/>\n<meta property=\"article:modified_time\" content=\"2025-10-17T19:02:17+00:00\" \/>\n<meta property=\"og:image\" content=\"https:\/\/accesolatino.org\/wp-content\/uploads\/2021\/03\/Preguntas-frecuentes1.jpg\" \/>\n\t<meta property=\"og:image:width\" content=\"1000\" \/>\n\t<meta property=\"og:image:height\" content=\"665\" \/>\n\t<meta property=\"og:image:type\" content=\"image\/jpeg\" \/>\n<meta name=\"twitter:card\" content=\"summary_large_image\" \/>\n<meta name=\"twitter:title\" content=\"Acceso Latino | Dreamers encontrar\u00e1n ayuda sobre DACA en Orientaci\u00f3n Legal\" \/>\n<meta name=\"twitter:description\" content=\"Dreamers encontrar\u00e1n ayuda sobre DACA en Orientaci\u00f3n Legal\" \/>\n<meta name=\"twitter:image\" content=\"https:\/\/accesolatino.org\/wp-content\/uploads\/2021\/03\/Preguntas-frecuentes1.jpg\" \/>\n<meta name=\"twitter:site\" content=\"@FAccLatino\" \/>\n<meta name=\"twitter:label1\" content=\"Est. reading time\" \/>\n\t<meta name=\"twitter:data1\" content=\"2 minutes\" \/>\n<script type=\"application\/ld+json\" class=\"yoast-schema-graph\">{\"@context\":\"https:\\\/\\\/schema.org\",\"@graph\":[{\"@type\":\"WebPage\",\"@id\":\"https:\\\/\\\/accesolatino.org\\\/dreamers-encontraran-ayuda-sobre-daca-en-orientacion-legal\\\/\",\"url\":\"https:\\\/\\\/accesolatino.org\\\/dreamers-encontraran-ayuda-sobre-daca-en-orientacion-legal\\\/\",\"name\":\"Dreamers encontrar\u00e1n ayuda sobre DACA en Orientaci\u00f3n Legal\",\"isPartOf\":{\"@id\":\"https:\\\/\\\/accesolatino.org\\\/#website\"},\"primaryImageOfPage\":{\"@id\":\"https:\\\/\\\/accesolatino.org\\\/dreamers-encontraran-ayuda-sobre-daca-en-orientacion-legal\\\/#primaryimage\"},\"image\":{\"@id\":\"https:\\\/\\\/accesolatino.org\\\/dreamers-encontraran-ayuda-sobre-daca-en-orientacion-legal\\\/#primaryimage\"},\"thumbnailUrl\":\"https:\\\/\\\/accesolatino.org\\\/wp-content\\\/uploads\\\/2018\\\/03\\\/Preguntas-frecuentes1.jpg\",\"datePublished\":\"2018-07-12T15:17:42+00:00\",\"dateModified\":\"2025-10-17T19:02:17+00:00\",\"description\":\"Dreamers\u00a0encontrar\u00e1n ayuda sobre DACA en Orientaci\u00f3n Legal La incertidumbre que aqueja a los \u201cdreamers\u201d ocupa a la Fundaci\u00f3n Carlos Slim\",\"breadcrumb\":{\"@id\":\"https:\\\/\\\/accesolatino.org\\\/dreamers-encontraran-ayuda-sobre-daca-en-orientacion-legal\\\/#breadcrumb\"},\"inLanguage\":\"en-US\",\"potentialAction\":[{\"@type\":\"ReadAction\",\"target\":[\"https:\\\/\\\/accesolatino.org\\\/dreamers-encontraran-ayuda-sobre-daca-en-orientacion-legal\\\/\"]}]},{\"@type\":\"ImageObject\",\"inLanguage\":\"en-US\",\"@id\":\"https:\\\/\\\/accesolatino.org\\\/dreamers-encontraran-ayuda-sobre-daca-en-orientacion-legal\\\/#primaryimage\",\"url\":\"https:\\\/\\\/accesolatino.org\\\/wp-content\\\/uploads\\\/2018\\\/03\\\/Preguntas-frecuentes1.jpg\",\"contentUrl\":\"https:\\\/\\\/accesolatino.org\\\/wp-content\\\/uploads\\\/2018\\\/03\\\/Preguntas-frecuentes1.jpg\",\"width\":\"1000\",\"height\":\"665\",\"caption\":\"dreamers\"},{\"@type\":\"BreadcrumbList\",\"@id\":\"https:\\\/\\\/accesolatino.org\\\/dreamers-encontraran-ayuda-sobre-daca-en-orientacion-legal\\\/#breadcrumb\",\"itemListElement\":[{\"@type\":\"ListItem\",\"position\":1,\"name\":\"Portada\",\"item\":\"https:\\\/\\\/accesolatino.org\\\/\"},{\"@type\":\"ListItem\",\"position\":2,\"name\":\"Dreamers encontrar\u00e1n ayuda sobre DACA en Orientaci\u00f3n Legal\"}]},{\"@type\":\"WebSite\",\"@id\":\"https:\\\/\\\/accesolatino.org\\\/#website\",\"url\":\"https:\\\/\\\/accesolatino.org\\\/\",\"name\":\"Acceso Latino | Fundaci\u00f3n Carlos Slim\",\"description\":\"Fundaci\u00f3n Carlos Slim\",\"publisher\":{\"@id\":\"https:\\\/\\\/accesolatino.org\\\/#organization\"},\"potentialAction\":[{\"@type\":\"SearchAction\",\"target\":{\"@type\":\"EntryPoint\",\"urlTemplate\":\"https:\\\/\\\/accesolatino.org\\\/?s={search_term_string}\"},\"query-input\":{\"@type\":\"PropertyValueSpecification\",\"valueRequired\":true,\"valueName\":\"search_term_string\"}}],\"inLanguage\":\"en-US\"},{\"@type\":\"Organization\",\"@id\":\"https:\\\/\\\/accesolatino.org\\\/#organization\",\"name\":\"Acceso Latino | Fundaci\u00f3n Carlos Slim\",\"url\":\"https:\\\/\\\/accesolatino.org\\\/\",\"logo\":{\"@type\":\"ImageObject\",\"inLanguage\":\"en-US\",\"@id\":\"https:\\\/\\\/accesolatino.org\\\/#\\\/schema\\\/logo\\\/image\\\/\",\"url\":\"https:\\\/\\\/accesolatino.org\\\/wp-content\\\/uploads\\\/2021\\\/02\\\/logo-footer-acceso-latino.png\",\"contentUrl\":\"https:\\\/\\\/accesolatino.org\\\/wp-content\\\/uploads\\\/2021\\\/02\\\/logo-footer-acceso-latino.png\",\"width\":240,\"height\":40,\"caption\":\"Acceso Latino | Fundaci\u00f3n Carlos Slim\"},\"image\":{\"@id\":\"https:\\\/\\\/accesolatino.org\\\/#\\\/schema\\\/logo\\\/image\\\/\"},\"sameAs\":[\"https:\\\/\\\/www.facebook.com\\\/AccesoLatinoOrg\",\"https:\\\/\\\/x.com\\\/FAccLatino\"]}]}<\/script>\n<!-- \/ Yoast SEO plugin. -->","yoast_head_json":{"title":"Dreamers to find help on DACA at Legal Orientation","description":"Dreamers\u00a0encontrar\u00e1n ayuda sobre DACA en Orientaci\u00f3n Legal La incertidumbre que aqueja a los \u201cdreamers\u201d ocupa a la Fundaci\u00f3n Carlos Slim","robots":{"index":"index","follow":"follow","max-snippet":"max-snippet:-1","max-image-preview":"max-image-preview:large","max-video-preview":"max-video-preview:-1"},"canonical":"https:\/\/accesolatino.org\/en\/dreamers-encontraran-ayuda-sobre-daca-en-orientacion-legal\/","og_locale":"en_US","og_type":"article","og_title":"Acceso Latino | Dreamers encontrar\u00e1n ayuda sobre DACA en Orientaci\u00f3n Legal","og_description":"Dreamers encontrar\u00e1n ayuda sobre DACA en Orientaci\u00f3n Legal","og_url":"https:\/\/accesolatino.org\/en\/dreamers-encontraran-ayuda-sobre-daca-en-orientacion-legal\/","og_site_name":"Acceso Latino","article_publisher":"https:\/\/www.facebook.com\/AccesoLatinoOrg","article_modified_time":"2025-10-17T19:02:17+00:00","og_image":[{"width":1000,"height":665,"url":"https:\/\/accesolatino.org\/wp-content\/uploads\/2021\/03\/Preguntas-frecuentes1.jpg","type":"image\/jpeg"}],"twitter_card":"summary_large_image","twitter_title":"Acceso Latino | Dreamers encontrar\u00e1n ayuda sobre DACA en Orientaci\u00f3n Legal","twitter_description":"Dreamers encontrar\u00e1n ayuda sobre DACA en Orientaci\u00f3n Legal","twitter_image":"https:\/\/accesolatino.org\/wp-content\/uploads\/2021\/03\/Preguntas-frecuentes1.jpg","twitter_site":"@FAccLatino","twitter_misc":{"Est. reading time":"2 minutes"},"schema":{"@context":"https:\/\/schema.org","@graph":[{"@type":"WebPage","@id":"https:\/\/accesolatino.org\/dreamers-encontraran-ayuda-sobre-daca-en-orientacion-legal\/","url":"https:\/\/accesolatino.org\/dreamers-encontraran-ayuda-sobre-daca-en-orientacion-legal\/","name":"Dreamers to find help on DACA at Legal Orientation","isPartOf":{"@id":"https:\/\/accesolatino.org\/#website"},"primaryImageOfPage":{"@id":"https:\/\/accesolatino.org\/dreamers-encontraran-ayuda-sobre-daca-en-orientacion-legal\/#primaryimage"},"image":{"@id":"https:\/\/accesolatino.org\/dreamers-encontraran-ayuda-sobre-daca-en-orientacion-legal\/#primaryimage"},"thumbnailUrl":"https:\/\/accesolatino.org\/wp-content\/uploads\/2018\/03\/Preguntas-frecuentes1.jpg","datePublished":"2018-07-12T15:17:42+00:00","dateModified":"2025-10-17T19:02:17+00:00","description":"Dreamers\u00a0encontrar\u00e1n ayuda sobre DACA en Orientaci\u00f3n Legal La incertidumbre que aqueja a los \u201cdreamers\u201d ocupa a la Fundaci\u00f3n Carlos Slim","breadcrumb":{"@id":"https:\/\/accesolatino.org\/dreamers-encontraran-ayuda-sobre-daca-en-orientacion-legal\/#breadcrumb"},"inLanguage":"en-US","potentialAction":[{"@type":"ReadAction","target":["https:\/\/accesolatino.org\/dreamers-encontraran-ayuda-sobre-daca-en-orientacion-legal\/"]}]},{"@type":"ImageObject","inLanguage":"en-US","@id":"https:\/\/accesolatino.org\/dreamers-encontraran-ayuda-sobre-daca-en-orientacion-legal\/#primaryimage","url":"https:\/\/accesolatino.org\/wp-content\/uploads\/2018\/03\/Preguntas-frecuentes1.jpg","contentUrl":"https:\/\/accesolatino.org\/wp-content\/uploads\/2018\/03\/Preguntas-frecuentes1.jpg","width":"1000","height":"665","caption":"dreamers"},{"@type":"BreadcrumbList","@id":"https:\/\/accesolatino.org\/dreamers-encontraran-ayuda-sobre-daca-en-orientacion-legal\/#breadcrumb","itemListElement":[{"@type":"ListItem","position":1,"name":"Portada","item":"https:\/\/accesolatino.org\/"},{"@type":"ListItem","position":2,"name":"Dreamers encontrar\u00e1n ayuda sobre DACA en Orientaci\u00f3n Legal"}]},{"@type":"WebSite","@id":"https:\/\/accesolatino.org\/#website","url":"https:\/\/accesolatino.org\/","name":"Acceso Latino | Fundaci\u00f3n Carlos Slim","description":"Fundaci\u00f3n Carlos Slim","publisher":{"@id":"https:\/\/accesolatino.org\/#organization"},"potentialAction":[{"@type":"SearchAction","target":{"@type":"EntryPoint","urlTemplate":"https:\/\/accesolatino.org\/?s={search_term_string}"},"query-input":{"@type":"PropertyValueSpecification","valueRequired":true,"valueName":"search_term_string"}}],"inLanguage":"en-US"},{"@type":"Organization","@id":"https:\/\/accesolatino.org\/#organization","name":"Acceso Latino | Fundaci\u00f3n Carlos Slim","url":"https:\/\/accesolatino.org\/","logo":{"@type":"ImageObject","inLanguage":"en-US","@id":"https:\/\/accesolatino.org\/#\/schema\/logo\/image\/","url":"https:\/\/accesolatino.org\/wp-content\/uploads\/2021\/02\/logo-footer-acceso-latino.png","contentUrl":"https:\/\/accesolatino.org\/wp-content\/uploads\/2021\/02\/logo-footer-acceso-latino.png","width":240,"height":40,"caption":"Acceso Latino | Fundaci\u00f3n Carlos Slim"},"image":{"@id":"https:\/\/accesolatino.org\/#\/schema\/logo\/image\/"},"sameAs":["https:\/\/www.facebook.com\/AccesoLatinoOrg","https:\/\/x.com\/FAccLatino"]}]}},"_links":{"self":[{"href":"https:\/\/accesolatino.org\/en\/wp-json\/wp\/v2\/pages\/14054","targetHints":{"allow":["GET"]}}],"collection":[{"href":"https:\/\/accesolatino.org\/en\/wp-json\/wp\/v2\/pages"}],"about":[{"href":"https:\/\/accesolatino.org\/en\/wp-json\/wp\/v2\/types\/page"}],"author":[{"embeddable":true,"href":"https:\/\/accesolatino.org\/en\/wp-json\/wp\/v2\/users\/8"}],"replies":[{"embeddable":true,"href":"https:\/\/accesolatino.org\/en\/wp-json\/wp\/v2\/comments?post=14054"}],"version-history":[{"count":1,"href":"https:\/\/accesolatino.org\/en\/wp-json\/wp\/v2\/pages\/14054\/revisions"}],"predecessor-version":[{"id":64199,"href":"https:\/\/accesolatino.org\/en\/wp-json\/wp\/v2\/pages\/14054\/revisions\/64199"}],"wp:featuredmedia":[{"embeddable":true,"href":"https:\/\/accesolatino.org\/en\/wp-json\/wp\/v2\/media\/2246"}],"wp:attachment":[{"href":"https:\/\/accesolatino.org\/en\/wp-json\/wp\/v2\/media?parent=14054"}],"curies":[{"name":"wp","href":"https:\/\/api.w.org\/{rel}","templated":true}]}}