{"id":14046,"date":"2018-07-11T09:51:47","date_gmt":"2018-07-11T14:51:47","guid":{"rendered":"https:\/\/accesolatino.org\/?page_id=14046"},"modified":"2025-10-17T16:30:33","modified_gmt":"2025-10-17T22:30:33","slug":"migrantes-encontraran-ayuda-legal-en-hispanic-federation","status":"publish","type":"page","link":"https:\/\/accesolatino.org\/en\/migrantes-encontraran-ayuda-legal-en-hispanic-federation\/","title":{"rendered":"Migrants will find legal help at Hispanic Federation"},"content":{"rendered":"<div data-elementor-type=\"wp-post\" data-elementor-id=\"14046\" class=\"elementor elementor-14046\">\n\t\t\t\t\t\t<section class=\"elementor-section elementor-top-section elementor-element elementor-element-9a7fdb5 elementor-section-full_width elementor-section-height-min-height elementor-section-items-stretch elementor-section-height-default wpr-particle-no wpr-jarallax-no wpr-parallax-no wpr-sticky-section-no wpr-equal-height-no\" data-id=\"9a7fdb5\" data-element_type=\"section\" data-e-type=\"section\" data-settings=\"{&quot;background_background&quot;:&quot;classic&quot;}\">\n\t\t\t\t\t\t<div class=\"elementor-container elementor-column-gap-no\">\n\t\t\t\t\t<div class=\"elementor-column elementor-col-100 elementor-top-column elementor-element elementor-element-704ea39\" data-id=\"704ea39\" data-element_type=\"column\" data-e-type=\"column\">\n\t\t\t<div class=\"elementor-widget-wrap elementor-element-populated\">\n\t\t\t\t\t\t<div class=\"elementor-element elementor-element-a768f49 elementor--h-position-center elementor--v-position-middle elementor-widget elementor-widget-slides\" data-id=\"a768f49\" data-element_type=\"widget\" data-e-type=\"widget\" data-settings=\"{&quot;navigation&quot;:&quot;none&quot;,&quot;infinite&quot;:&quot;yes&quot;,&quot;transition&quot;:&quot;slide&quot;,&quot;transition_speed&quot;:500}\" data-widget_type=\"slides.default\">\n\t\t\t\t<div class=\"elementor-widget-container\">\n\t\t\t\t\t\t\t<div class=\"elementor-swiper\">\n\t\t\t<div class=\"elementor-slides-wrapper elementor-main-swiper swiper-container\" dir=\"ltr\" data-animation=\"\">\n\t\t\t\t<div class=\"swiper-wrapper elementor-slides\">\n\t\t\t\t\t\t\t\t\t\t<div class=\"elementor-repeater-item-d983a28 swiper-slide\"><div class=\"swiper-slide-bg\"><\/div><div class=\"swiper-slide-inner\" ><div class=\"swiper-slide-contents\"><div class=\"elementor-slide-heading\">Legal Guidance<\/div><\/div><\/div><\/div>\t\t\t\t<\/div>\n\t\t\t\t\t\t\t<\/div>\n\t\t<\/div>\n\t\t\t\t\t\t<\/div>\n\t\t\t\t<\/div>\n\t\t\t\t\t<\/div>\n\t\t<\/div>\n\t\t\t\t\t<\/div>\n\t\t<\/section>\n\t\t\t\t<section class=\"elementor-section elementor-top-section elementor-element elementor-element-268e1db elementor-section-stretched elementor-section-boxed elementor-section-height-default elementor-section-height-default wpr-particle-no wpr-jarallax-no wpr-parallax-no wpr-sticky-section-no wpr-equal-height-no\" data-id=\"268e1db\" data-element_type=\"section\" data-e-type=\"section\" data-settings=\"{&quot;stretch_section&quot;:&quot;section-stretched&quot;,&quot;background_background&quot;:&quot;classic&quot;}\">\n\t\t\t\t\t\t<div class=\"elementor-container elementor-column-gap-default\">\n\t\t\t\t\t<div class=\"elementor-column elementor-col-100 elementor-top-column elementor-element elementor-element-3ce9627\" data-id=\"3ce9627\" data-element_type=\"column\" data-e-type=\"column\">\n\t\t\t<div class=\"elementor-widget-wrap elementor-element-populated\">\n\t\t\t\t\t\t<div class=\"elementor-element elementor-element-424ecab elementor-widget elementor-widget-heading\" data-id=\"424ecab\" data-element_type=\"widget\" data-e-type=\"widget\" data-widget_type=\"heading.default\">\n\t\t\t\t<div class=\"elementor-widget-container\">\n\t\t\t\t\t<h3 class=\"elementor-heading-title elementor-size-default\">Migrants will find legal help at Hispanic Federation <\/h3>\t\t\t\t<\/div>\n\t\t\t\t<\/div>\n\t\t\t\t<div class=\"elementor-element elementor-element-21f23ab elementor-widget elementor-widget-text-editor\" data-id=\"21f23ab\" data-element_type=\"widget\" data-e-type=\"widget\" data-widget_type=\"text-editor.default\">\n\t\t\t\t<div class=\"elementor-widget-container\">\n\t\t\t\t\t\t\t\t\t<p>Sabemos que en estos momentos, la ayuda legal es una necesidad principal de todo migrante en Estados Unidos y por este motivo, <strong>Acceso Latino<\/strong> te brinda diferentes herramientas jur\u00eddicas dentro de la secci\u00f3n <a href=\"https:\/\/accesolatino.org\/en\/orientacion-legal\/\">\u201cOrientaci\u00f3n Legal\u201d<\/a>, que te proporciona informaci\u00f3n \u00fatil en temas migratorios.<\/p><p>Una de las opciones que encontrar\u00e1n en dicha herramienta es la <strong>l\u00ednea telef\u00f3nica directa Hispanic Federation<\/strong>, organizaci\u00f3n que se dedica a proveer informaci\u00f3n, referencias y servicios directos a la comunidad de forma gratuita.<\/p><p>Los servicios que ofrece la <strong>Hispanic Federation<\/strong> a los migrantes son:<\/p><ul><li>Inscripci\u00f3n en Mercado de Seguros de Salud del Estado de Nueva York.<\/li><li>Servicios de inmigraci\u00f3n y ciudadan\u00eda.<\/li><li>Servicios de educaci\u00f3n de la primera infancia y preparaci\u00f3n para la universidad.<\/li><\/ul><p>Si necesitas ayuda o tienes preguntas, inquietudes, accede a nuestra tarjeta de <strong>Hispanic Federation<\/strong>.<\/p><p>Conoce otras herramientas legales que tenemos para ti en <strong>Acceso Latino tu primera ventana de consulta migratoria<\/strong>.<\/p>\t\t\t\t\t\t\t\t<\/div>\n\t\t\t\t<\/div>\n\t\t\t\t<div class=\"elementor-element elementor-element-86c2a5c elementor-widget elementor-widget-spacer\" data-id=\"86c2a5c\" data-element_type=\"widget\" data-e-type=\"widget\" data-widget_type=\"spacer.default\">\n\t\t\t\t<div class=\"elementor-widget-container\">\n\t\t\t\t\t\t\t<div class=\"elementor-spacer\">\n\t\t\t<div class=\"elementor-spacer-inner\"><\/div>\n\t\t<\/div>\n\t\t\t\t\t\t<\/div>\n\t\t\t\t<\/div>\n\t\t\t\t\t<\/div>\n\t\t<\/div>\n\t\t\t\t\t<\/div>\n\t\t<\/section>\n\t\t\t\t<\/div>","protected":false},"excerpt":{"rendered":"<p>Orientaci\u00f3n Legal Migrantes encontrar\u00e1n ayuda legal en Hispanic Federation Sabemos que en estos momentos, la ayuda legal es una necesidad principal de todo migrante en Estados Unidos y por este motivo, Acceso Latino te brinda diferentes herramientas jur\u00eddicas dentro de la secci\u00f3n \u201cOrientaci\u00f3n Legal\u201d, que te proporciona informaci\u00f3n \u00fatil en temas migratorios. Una de las opciones que encontrar\u00e1n en dicha herramienta es la l\u00ednea telef\u00f3nica directa Hispanic Federation, organizaci\u00f3n que se dedica a proveer informaci\u00f3n, referencias y servicios directos a la comunidad de forma gratuita. Los servicios que ofrece la Hispanic Federation a los migrantes son: Inscripci\u00f3n en Mercado de Seguros de Salud del Estado de Nueva York. Servicios de inmigraci\u00f3n y ciudadan\u00eda. Servicios de educaci\u00f3n de la primera infancia y preparaci\u00f3n para la universidad. Si necesitas ayuda o tienes preguntas, inquietudes, accede a nuestra tarjeta de Hispanic Federation. Conoce otras herramientas legales que tenemos para ti en Acceso Latino tu primera ventana de consulta migratoria.<\/p>","protected":false},"author":8,"featured_media":14047,"parent":0,"menu_order":0,"comment_status":"closed","ping_status":"closed","template":"elementor_header_footer","meta":{"_uf_show_specific_survey":0,"_uf_disable_surveys":false,"footnotes":""},"class_list":["post-14046","page","type-page","status-publish","has-post-thumbnail"],"aioseo_notices":[],"yoast_head":"<!-- This site is optimized with the Yoast SEO plugin v27.4 - https:\/\/yoast.com\/product\/yoast-seo-wordpress\/ -->\n<title>Migrantes encontrar\u00e1n ayuda legal en Hispanic Federation<\/title>\n<meta name=\"description\" content=\"Orientaci\u00f3n Legal: Migrantes encontrar\u00e1n ayuda legal en\u00a0Hispanic\u00a0Federation\u00a0Sabemos que en estos momentos, la ayuda legal es una necesidad...\" \/>\n<meta name=\"robots\" content=\"index, follow, max-snippet:-1, max-image-preview:large, max-video-preview:-1\" \/>\n<link rel=\"canonical\" href=\"https:\/\/accesolatino.org\/en\/migrantes-encontraran-ayuda-legal-en-hispanic-federation\/\" \/>\n<meta property=\"og:locale\" content=\"en_US\" \/>\n<meta property=\"og:type\" content=\"article\" \/>\n<meta property=\"og:title\" content=\"Acceso Latino | Migrantes encontrar\u00e1n ayuda legal en Hispanic Federation\" \/>\n<meta property=\"og:description\" content=\"Migrantes encontrar\u00e1n ayuda legal en Hispanic Federation\" \/>\n<meta property=\"og:url\" content=\"https:\/\/accesolatino.org\/en\/migrantes-encontraran-ayuda-legal-en-hispanic-federation\/\" \/>\n<meta property=\"og:site_name\" content=\"Acceso Latino\" \/>\n<meta property=\"article:publisher\" content=\"https:\/\/www.facebook.com\/AccesoLatinoOrg\" \/>\n<meta property=\"article:modified_time\" content=\"2025-10-17T22:30:33+00:00\" \/>\n<meta property=\"og:image\" content=\"https:\/\/accesolatino.org\/wp-content\/uploads\/2018\/07\/Migrantes-encontraran-ayuda-legal-en-Hispanic-Federation-.jpg\" \/>\n\t<meta property=\"og:image:width\" content=\"1200\" \/>\n\t<meta property=\"og:image:height\" content=\"676\" \/>\n\t<meta property=\"og:image:type\" content=\"image\/jpeg\" \/>\n<meta name=\"twitter:card\" content=\"summary_large_image\" \/>\n<meta name=\"twitter:title\" content=\"Acceso Latino | Migrantes encontrar\u00e1n ayuda legal en Hispanic Federation\" \/>\n<meta name=\"twitter:description\" content=\"Migrantes encontrar\u00e1n ayuda legal en Hispanic Federation\" \/>\n<meta name=\"twitter:image\" content=\"https:\/\/accesolatino.org\/wp-content\/uploads\/2018\/07\/Migrantes-encontraran-ayuda-legal-en-Hispanic-Federation-.jpg\" \/>\n<meta name=\"twitter:site\" content=\"@FAccLatino\" \/>\n<meta name=\"twitter:label1\" content=\"Est. reading time\" \/>\n\t<meta name=\"twitter:data1\" content=\"1 minute\" \/>\n<script type=\"application\/ld+json\" class=\"yoast-schema-graph\">{\"@context\":\"https:\\\/\\\/schema.org\",\"@graph\":[{\"@type\":\"WebPage\",\"@id\":\"https:\\\/\\\/accesolatino.org\\\/en\\\/migrantes-encontraran-ayuda-legal-en-hispanic-federation\\\/\",\"url\":\"https:\\\/\\\/accesolatino.org\\\/en\\\/migrantes-encontraran-ayuda-legal-en-hispanic-federation\\\/\",\"name\":\"Migrantes encontrar\u00e1n ayuda legal en Hispanic Federation\",\"isPartOf\":{\"@id\":\"https:\\\/\\\/accesolatino.org\\\/#website\"},\"primaryImageOfPage\":{\"@id\":\"https:\\\/\\\/accesolatino.org\\\/en\\\/migrantes-encontraran-ayuda-legal-en-hispanic-federation\\\/#primaryimage\"},\"image\":{\"@id\":\"https:\\\/\\\/accesolatino.org\\\/en\\\/migrantes-encontraran-ayuda-legal-en-hispanic-federation\\\/#primaryimage\"},\"thumbnailUrl\":\"https:\\\/\\\/accesolatino.org\\\/wp-content\\\/uploads\\\/2018\\\/07\\\/Migrantes-encontraran-ayuda-legal-en-Hispanic-Federation-.jpg\",\"datePublished\":\"2018-07-11T14:51:47+00:00\",\"dateModified\":\"2025-10-17T22:30:33+00:00\",\"description\":\"Orientaci\u00f3n Legal: Migrantes encontrar\u00e1n ayuda legal en\u00a0Hispanic\u00a0Federation\u00a0Sabemos que en estos momentos, la ayuda legal es una necesidad...\",\"breadcrumb\":{\"@id\":\"https:\\\/\\\/accesolatino.org\\\/en\\\/migrantes-encontraran-ayuda-legal-en-hispanic-federation\\\/#breadcrumb\"},\"inLanguage\":\"en-US\",\"potentialAction\":[{\"@type\":\"ReadAction\",\"target\":[\"https:\\\/\\\/accesolatino.org\\\/en\\\/migrantes-encontraran-ayuda-legal-en-hispanic-federation\\\/\"]}]},{\"@type\":\"ImageObject\",\"inLanguage\":\"en-US\",\"@id\":\"https:\\\/\\\/accesolatino.org\\\/en\\\/migrantes-encontraran-ayuda-legal-en-hispanic-federation\\\/#primaryimage\",\"url\":\"https:\\\/\\\/accesolatino.org\\\/wp-content\\\/uploads\\\/2018\\\/07\\\/Migrantes-encontraran-ayuda-legal-en-Hispanic-Federation-.jpg\",\"contentUrl\":\"https:\\\/\\\/accesolatino.org\\\/wp-content\\\/uploads\\\/2018\\\/07\\\/Migrantes-encontraran-ayuda-legal-en-Hispanic-Federation-.jpg\",\"width\":\"1200\",\"height\":\"676\",\"caption\":\"Hispanic Federation\"},{\"@type\":\"BreadcrumbList\",\"@id\":\"https:\\\/\\\/accesolatino.org\\\/en\\\/migrantes-encontraran-ayuda-legal-en-hispanic-federation\\\/#breadcrumb\",\"itemListElement\":[{\"@type\":\"ListItem\",\"position\":1,\"name\":\"Portada\",\"item\":\"https:\\\/\\\/accesolatino.org\\\/\"},{\"@type\":\"ListItem\",\"position\":2,\"name\":\"Migrantes encontrar\u00e1n ayuda legal en Hispanic Federation\"}]},{\"@type\":\"WebSite\",\"@id\":\"https:\\\/\\\/accesolatino.org\\\/#website\",\"url\":\"https:\\\/\\\/accesolatino.org\\\/\",\"name\":\"Acceso Latino | Fundaci\u00f3n Carlos Slim\",\"description\":\"Fundaci\u00f3n Carlos Slim\",\"publisher\":{\"@id\":\"https:\\\/\\\/accesolatino.org\\\/#organization\"},\"potentialAction\":[{\"@type\":\"SearchAction\",\"target\":{\"@type\":\"EntryPoint\",\"urlTemplate\":\"https:\\\/\\\/accesolatino.org\\\/?s={search_term_string}\"},\"query-input\":{\"@type\":\"PropertyValueSpecification\",\"valueRequired\":true,\"valueName\":\"search_term_string\"}}],\"inLanguage\":\"en-US\"},{\"@type\":\"Organization\",\"@id\":\"https:\\\/\\\/accesolatino.org\\\/#organization\",\"name\":\"Acceso Latino | Fundaci\u00f3n Carlos Slim\",\"url\":\"https:\\\/\\\/accesolatino.org\\\/\",\"logo\":{\"@type\":\"ImageObject\",\"inLanguage\":\"en-US\",\"@id\":\"https:\\\/\\\/accesolatino.org\\\/#\\\/schema\\\/logo\\\/image\\\/\",\"url\":\"https:\\\/\\\/accesolatino.org\\\/wp-content\\\/uploads\\\/2021\\\/02\\\/logo-footer-acceso-latino.png\",\"contentUrl\":\"https:\\\/\\\/accesolatino.org\\\/wp-content\\\/uploads\\\/2021\\\/02\\\/logo-footer-acceso-latino.png\",\"width\":240,\"height\":40,\"caption\":\"Acceso Latino | Fundaci\u00f3n Carlos Slim\"},\"image\":{\"@id\":\"https:\\\/\\\/accesolatino.org\\\/#\\\/schema\\\/logo\\\/image\\\/\"},\"sameAs\":[\"https:\\\/\\\/www.facebook.com\\\/AccesoLatinoOrg\",\"https:\\\/\\\/x.com\\\/FAccLatino\"]}]}<\/script>\n<!-- \/ Yoast SEO plugin. -->","yoast_head_json":{"title":"Migrants will find legal help at Hispanic Federation","description":"Orientaci\u00f3n Legal: Migrantes encontrar\u00e1n ayuda legal en\u00a0Hispanic\u00a0Federation\u00a0Sabemos que en estos momentos, la ayuda legal es una necesidad...","robots":{"index":"index","follow":"follow","max-snippet":"max-snippet:-1","max-image-preview":"max-image-preview:large","max-video-preview":"max-video-preview:-1"},"canonical":"https:\/\/accesolatino.org\/en\/migrantes-encontraran-ayuda-legal-en-hispanic-federation\/","og_locale":"en_US","og_type":"article","og_title":"Acceso Latino | Migrantes encontrar\u00e1n ayuda legal en Hispanic Federation","og_description":"Migrantes encontrar\u00e1n ayuda legal en Hispanic Federation","og_url":"https:\/\/accesolatino.org\/en\/migrantes-encontraran-ayuda-legal-en-hispanic-federation\/","og_site_name":"Acceso Latino","article_publisher":"https:\/\/www.facebook.com\/AccesoLatinoOrg","article_modified_time":"2025-10-17T22:30:33+00:00","og_image":[{"width":1200,"height":676,"url":"https:\/\/accesolatino.org\/wp-content\/uploads\/2018\/07\/Migrantes-encontraran-ayuda-legal-en-Hispanic-Federation-.jpg","type":"image\/jpeg"}],"twitter_card":"summary_large_image","twitter_title":"Acceso Latino | Migrantes encontrar\u00e1n ayuda legal en Hispanic Federation","twitter_description":"Migrantes encontrar\u00e1n ayuda legal en Hispanic Federation","twitter_image":"https:\/\/accesolatino.org\/wp-content\/uploads\/2018\/07\/Migrantes-encontraran-ayuda-legal-en-Hispanic-Federation-.jpg","twitter_site":"@FAccLatino","twitter_misc":{"Est. reading time":"1 minute"},"schema":{"@context":"https:\/\/schema.org","@graph":[{"@type":"WebPage","@id":"https:\/\/accesolatino.org\/en\/migrantes-encontraran-ayuda-legal-en-hispanic-federation\/","url":"https:\/\/accesolatino.org\/en\/migrantes-encontraran-ayuda-legal-en-hispanic-federation\/","name":"Migrants will find legal help at Hispanic Federation","isPartOf":{"@id":"https:\/\/accesolatino.org\/#website"},"primaryImageOfPage":{"@id":"https:\/\/accesolatino.org\/en\/migrantes-encontraran-ayuda-legal-en-hispanic-federation\/#primaryimage"},"image":{"@id":"https:\/\/accesolatino.org\/en\/migrantes-encontraran-ayuda-legal-en-hispanic-federation\/#primaryimage"},"thumbnailUrl":"https:\/\/accesolatino.org\/wp-content\/uploads\/2018\/07\/Migrantes-encontraran-ayuda-legal-en-Hispanic-Federation-.jpg","datePublished":"2018-07-11T14:51:47+00:00","dateModified":"2025-10-17T22:30:33+00:00","description":"Orientaci\u00f3n Legal: Migrantes encontrar\u00e1n ayuda legal en\u00a0Hispanic\u00a0Federation\u00a0Sabemos que en estos momentos, la ayuda legal es una necesidad...","breadcrumb":{"@id":"https:\/\/accesolatino.org\/en\/migrantes-encontraran-ayuda-legal-en-hispanic-federation\/#breadcrumb"},"inLanguage":"en-US","potentialAction":[{"@type":"ReadAction","target":["https:\/\/accesolatino.org\/en\/migrantes-encontraran-ayuda-legal-en-hispanic-federation\/"]}]},{"@type":"ImageObject","inLanguage":"en-US","@id":"https:\/\/accesolatino.org\/en\/migrantes-encontraran-ayuda-legal-en-hispanic-federation\/#primaryimage","url":"https:\/\/accesolatino.org\/wp-content\/uploads\/2018\/07\/Migrantes-encontraran-ayuda-legal-en-Hispanic-Federation-.jpg","contentUrl":"https:\/\/accesolatino.org\/wp-content\/uploads\/2018\/07\/Migrantes-encontraran-ayuda-legal-en-Hispanic-Federation-.jpg","width":"1200","height":"676","caption":"Hispanic Federation"},{"@type":"BreadcrumbList","@id":"https:\/\/accesolatino.org\/en\/migrantes-encontraran-ayuda-legal-en-hispanic-federation\/#breadcrumb","itemListElement":[{"@type":"ListItem","position":1,"name":"Portada","item":"https:\/\/accesolatino.org\/"},{"@type":"ListItem","position":2,"name":"Migrantes encontrar\u00e1n ayuda legal en Hispanic Federation"}]},{"@type":"WebSite","@id":"https:\/\/accesolatino.org\/#website","url":"https:\/\/accesolatino.org\/","name":"Acceso Latino | Fundaci\u00f3n Carlos Slim","description":"Fundaci\u00f3n Carlos Slim","publisher":{"@id":"https:\/\/accesolatino.org\/#organization"},"potentialAction":[{"@type":"SearchAction","target":{"@type":"EntryPoint","urlTemplate":"https:\/\/accesolatino.org\/?s={search_term_string}"},"query-input":{"@type":"PropertyValueSpecification","valueRequired":true,"valueName":"search_term_string"}}],"inLanguage":"en-US"},{"@type":"Organization","@id":"https:\/\/accesolatino.org\/#organization","name":"Acceso Latino | Fundaci\u00f3n Carlos Slim","url":"https:\/\/accesolatino.org\/","logo":{"@type":"ImageObject","inLanguage":"en-US","@id":"https:\/\/accesolatino.org\/#\/schema\/logo\/image\/","url":"https:\/\/accesolatino.org\/wp-content\/uploads\/2021\/02\/logo-footer-acceso-latino.png","contentUrl":"https:\/\/accesolatino.org\/wp-content\/uploads\/2021\/02\/logo-footer-acceso-latino.png","width":240,"height":40,"caption":"Acceso Latino | Fundaci\u00f3n Carlos Slim"},"image":{"@id":"https:\/\/accesolatino.org\/#\/schema\/logo\/image\/"},"sameAs":["https:\/\/www.facebook.com\/AccesoLatinoOrg","https:\/\/x.com\/FAccLatino"]}]}},"_links":{"self":[{"href":"https:\/\/accesolatino.org\/en\/wp-json\/wp\/v2\/pages\/14046","targetHints":{"allow":["GET"]}}],"collection":[{"href":"https:\/\/accesolatino.org\/en\/wp-json\/wp\/v2\/pages"}],"about":[{"href":"https:\/\/accesolatino.org\/en\/wp-json\/wp\/v2\/types\/page"}],"author":[{"embeddable":true,"href":"https:\/\/accesolatino.org\/en\/wp-json\/wp\/v2\/users\/8"}],"replies":[{"embeddable":true,"href":"https:\/\/accesolatino.org\/en\/wp-json\/wp\/v2\/comments?post=14046"}],"version-history":[{"count":1,"href":"https:\/\/accesolatino.org\/en\/wp-json\/wp\/v2\/pages\/14046\/revisions"}],"predecessor-version":[{"id":64240,"href":"https:\/\/accesolatino.org\/en\/wp-json\/wp\/v2\/pages\/14046\/revisions\/64240"}],"wp:featuredmedia":[{"embeddable":true,"href":"https:\/\/accesolatino.org\/en\/wp-json\/wp\/v2\/media\/14047"}],"wp:attachment":[{"href":"https:\/\/accesolatino.org\/en\/wp-json\/wp\/v2\/media?parent=14046"}],"curies":[{"name":"wp","href":"https:\/\/api.w.org\/{rel}","templated":true}]}}