{"id":14030,"date":"2018-07-09T11:58:19","date_gmt":"2018-07-09T16:58:19","guid":{"rendered":"https:\/\/accesolatino.org\/?page_id=14030"},"modified":"2025-10-17T17:17:24","modified_gmt":"2025-10-17T23:17:24","slug":"linea-telefonica-que-ofrece-orientacion-legal-para-dacamentados","status":"publish","type":"page","link":"https:\/\/accesolatino.org\/en\/linea-telefonica-que-ofrece-orientacion-legal-para-dacamentados\/","title":{"rendered":"Telephone line offering legal guidance for DACAmented persons"},"content":{"rendered":"<div data-elementor-type=\"wp-post\" data-elementor-id=\"14030\" class=\"elementor elementor-14030\">\n\t\t\t\t\t\t<section class=\"elementor-section elementor-top-section elementor-element elementor-element-55888ed elementor-section-full_width elementor-section-height-min-height elementor-section-items-stretch elementor-section-height-default wpr-particle-no wpr-jarallax-no wpr-parallax-no wpr-sticky-section-no wpr-column-slider-no wpr-equal-height-no\" data-id=\"55888ed\" data-element_type=\"section\" data-e-type=\"section\" data-settings=\"{&quot;background_background&quot;:&quot;classic&quot;}\">\n\t\t\t\t\t\t<div class=\"elementor-container elementor-column-gap-no\">\n\t\t\t\t\t<div class=\"elementor-column elementor-col-100 elementor-top-column elementor-element elementor-element-87a45a1\" data-id=\"87a45a1\" data-element_type=\"column\" data-e-type=\"column\">\n\t\t\t<div class=\"elementor-widget-wrap elementor-element-populated\">\n\t\t\t\t\t\t<div class=\"elementor-element elementor-element-71b9534 elementor--h-position-center elementor--v-position-middle elementor-widget elementor-widget-slides\" data-id=\"71b9534\" data-element_type=\"widget\" data-e-type=\"widget\" data-settings=\"{&quot;navigation&quot;:&quot;none&quot;,&quot;infinite&quot;:&quot;yes&quot;,&quot;transition&quot;:&quot;slide&quot;,&quot;transition_speed&quot;:500}\" data-widget_type=\"slides.default\">\n\t\t\t\t<div class=\"elementor-widget-container\">\n\t\t\t\t\t\t\t<div class=\"elementor-swiper\">\n\t\t\t<div class=\"elementor-slides-wrapper elementor-main-swiper swiper-container\" dir=\"ltr\" data-animation=\"\">\n\t\t\t\t<div class=\"swiper-wrapper elementor-slides\">\n\t\t\t\t\t\t\t\t\t\t<div class=\"elementor-repeater-item-d983a28 swiper-slide\"><div class=\"swiper-slide-bg\"><\/div><div class=\"swiper-slide-inner\" ><div class=\"swiper-slide-contents\"><div class=\"elementor-slide-heading\">Legal Guidance<\/div><\/div><\/div><\/div>\t\t\t\t<\/div>\n\t\t\t\t\t\t\t<\/div>\n\t\t<\/div>\n\t\t\t\t\t\t<\/div>\n\t\t\t\t<\/div>\n\t\t\t\t\t<\/div>\n\t\t<\/div>\n\t\t\t\t\t<\/div>\n\t\t<\/section>\n\t\t\t\t<section class=\"elementor-section elementor-top-section elementor-element elementor-element-470f351 elementor-section-stretched elementor-section-boxed elementor-section-height-default elementor-section-height-default wpr-particle-no wpr-jarallax-no wpr-parallax-no wpr-sticky-section-no wpr-column-slider-no wpr-equal-height-no\" data-id=\"470f351\" data-element_type=\"section\" data-e-type=\"section\" data-settings=\"{&quot;stretch_section&quot;:&quot;section-stretched&quot;,&quot;background_background&quot;:&quot;classic&quot;}\">\n\t\t\t\t\t\t<div class=\"elementor-container elementor-column-gap-default\">\n\t\t\t\t\t<div class=\"elementor-column elementor-col-100 elementor-top-column elementor-element elementor-element-357b6e2\" data-id=\"357b6e2\" data-element_type=\"column\" data-e-type=\"column\">\n\t\t\t<div class=\"elementor-widget-wrap elementor-element-populated\">\n\t\t\t\t\t\t<div class=\"elementor-element elementor-element-e503ff2 elementor-widget elementor-widget-heading\" data-id=\"e503ff2\" data-element_type=\"widget\" data-e-type=\"widget\" data-widget_type=\"heading.default\">\n\t\t\t\t<div class=\"elementor-widget-container\">\n\t\t\t\t\t<h3 class=\"elementor-heading-title elementor-size-default\">Telephone line offering legal guidance for DACAmented persons\n<\/h3>\t\t\t\t<\/div>\n\t\t\t\t<\/div>\n\t\t\t\t<div class=\"elementor-element elementor-element-3d564bd elementor-widget elementor-widget-text-editor\" data-id=\"3d564bd\" data-element_type=\"widget\" data-e-type=\"widget\" data-widget_type=\"text-editor.default\">\n\t\t\t\t<div class=\"elementor-widget-container\">\n\t\t\t\t\t\t\t\t\t<p>Los migrantes que llegaron de manera ilegal a Estados Unidos, enfrentan mucha discriminaci\u00f3n, y problemas en general. Es por eso que en <strong>Acceso Latino<\/strong> les brindamos diferentes herramientas que los ayudar\u00e1n en los distintos problemas que enfrenten en su d\u00eda a d\u00eda en la Uni\u00f3n Americana.<\/p><p>Una de nuestras herramientas es <a href=\"https:\/\/accesolatino.org\/en\/orientacion-legal\/\">\u201cOrientaci\u00f3n Legal\u201d<\/a>, donde encontrar\u00e1s apoyo en materia legal y podr\u00e1s contactar a especialistas de manera gratuita o a bajo costo.<\/p><p>En dicha herramienta encontrar\u00e1s la tarjeta de l\u00ednea telef\u00f3nica directa Migrawatch, que te brindar\u00e1 ayuda en caso de detenci\u00f3n y deportaci\u00f3n migratoria para personas del programa DACA, adem\u00e1s podr\u00e1s reportar actividades de ICE en tu comunidad.<\/p><p>Conoce otras herramientas legales que tenemos para ti en <strong>Acceso Latino tu primera ventana de consulta migratoria.<\/strong><\/p>\t\t\t\t\t\t\t\t<\/div>\n\t\t\t\t<\/div>\n\t\t\t\t<div class=\"elementor-element elementor-element-d2e90a1 elementor-widget elementor-widget-spacer\" data-id=\"d2e90a1\" data-element_type=\"widget\" data-e-type=\"widget\" data-widget_type=\"spacer.default\">\n\t\t\t\t<div class=\"elementor-widget-container\">\n\t\t\t\t\t\t\t<div class=\"elementor-spacer\">\n\t\t\t<div class=\"elementor-spacer-inner\"><\/div>\n\t\t<\/div>\n\t\t\t\t\t\t<\/div>\n\t\t\t\t<\/div>\n\t\t\t\t\t<\/div>\n\t\t<\/div>\n\t\t\t\t\t<\/div>\n\t\t<\/section>\n\t\t\t\t<\/div>","protected":false},"excerpt":{"rendered":"<p>Orientaci\u00f3n Legal L\u00ednea telef\u00f3nica que ofrece orientaci\u00f3n legal para DACAmentados Los migrantes que llegaron de manera ilegal a Estados Unidos, enfrentan mucha discriminaci\u00f3n, y problemas en general. Es por eso que en Acceso Latino les brindamos diferentes herramientas que los ayudar\u00e1n en los distintos problemas que enfrenten en su d\u00eda a d\u00eda en la Uni\u00f3n Americana. Una de nuestras herramientas es \u201cOrientaci\u00f3n Legal\u201d, donde encontrar\u00e1s apoyo en materia legal y podr\u00e1s contactar a especialistas de manera gratuita o a bajo costo. En dicha herramienta encontrar\u00e1s la tarjeta de l\u00ednea telef\u00f3nica directa Migrawatch, que te brindar\u00e1 ayuda en caso de detenci\u00f3n y deportaci\u00f3n migratoria para personas del programa DACA, adem\u00e1s podr\u00e1s reportar actividades de ICE en tu comunidad. Conoce otras herramientas legales que tenemos para ti en Acceso Latino tu primera ventana de consulta migratoria.<\/p>","protected":false},"author":8,"featured_media":14031,"parent":0,"menu_order":0,"comment_status":"closed","ping_status":"closed","template":"elementor_header_footer","meta":{"_uf_show_specific_survey":0,"_uf_disable_surveys":false,"footnotes":""},"class_list":["post-14030","page","type-page","status-publish","has-post-thumbnail"],"aioseo_notices":[],"yoast_head":"<!-- This site is optimized with the Yoast SEO plugin v27.6 - https:\/\/yoast.com\/product\/yoast-seo-wordpress\/ -->\n<title>L\u00ednea telef\u00f3nica que ofrece orientaci\u00f3n legal para DACAmentados<\/title>\n<meta name=\"description\" content=\"L\u00ednea telef\u00f3nica que ofrece orientaci\u00f3n legal para\u00a0DACAmentados\u00a0Los migrantes que llegaron de manera ilegal a Estados Unidos...\" \/>\n<meta name=\"robots\" content=\"index, follow, max-snippet:-1, max-image-preview:large, max-video-preview:-1\" \/>\n<link rel=\"canonical\" href=\"https:\/\/accesolatino.org\/en\/linea-telefonica-que-ofrece-orientacion-legal-para-dacamentados\/\" \/>\n<meta property=\"og:locale\" content=\"en_US\" \/>\n<meta property=\"og:type\" content=\"article\" \/>\n<meta property=\"og:title\" content=\"Acceso Latino | L\u00ednea telef\u00f3nica que ofrece orientaci\u00f3n legal para DACAmentados\" \/>\n<meta property=\"og:description\" content=\"L\u00ednea telef\u00f3nica que ofrece orientaci\u00f3n legal para DACAmentados\" \/>\n<meta property=\"og:url\" content=\"https:\/\/accesolatino.org\/en\/linea-telefonica-que-ofrece-orientacion-legal-para-dacamentados\/\" \/>\n<meta property=\"og:site_name\" content=\"Acceso Latino\" \/>\n<meta property=\"article:publisher\" content=\"https:\/\/www.facebook.com\/AccesoLatinoOrg\" \/>\n<meta property=\"article:modified_time\" content=\"2025-10-17T23:17:24+00:00\" \/>\n<meta property=\"og:image\" content=\"https:\/\/accesolatino.org\/wp-content\/uploads\/2018\/07\/L\u00ednea-telefonica-que-ofrece-orientaci\u00f3n-legal-para-DACAmentados.png\" \/>\n\t<meta property=\"og:image:width\" content=\"624\" \/>\n\t<meta property=\"og:image:height\" content=\"468\" \/>\n\t<meta property=\"og:image:type\" content=\"image\/png\" \/>\n<meta name=\"twitter:card\" content=\"summary_large_image\" \/>\n<meta name=\"twitter:title\" content=\"Acceso Latino | L\u00ednea telef\u00f3nica que ofrece orientaci\u00f3n legal para DACAmentados\" \/>\n<meta name=\"twitter:description\" content=\"L\u00ednea telef\u00f3nica que ofrece orientaci\u00f3n legal para DACAmentados\" \/>\n<meta name=\"twitter:image\" content=\"https:\/\/accesolatino.org\/wp-content\/uploads\/2018\/07\/L\u00ednea-telefonica-que-ofrece-orientaci\u00f3n-legal-para-DACAmentados.png\" \/>\n<meta name=\"twitter:site\" content=\"@FAccLatino\" \/>\n<meta name=\"twitter:label1\" content=\"Est. reading time\" \/>\n\t<meta name=\"twitter:data1\" content=\"1 minute\" \/>\n<script type=\"application\/ld+json\" class=\"yoast-schema-graph\">{\"@context\":\"https:\\\/\\\/schema.org\",\"@graph\":[{\"@type\":\"WebPage\",\"@id\":\"https:\\\/\\\/accesolatino.org\\\/en\\\/linea-telefonica-que-ofrece-orientacion-legal-para-dacamentados\\\/\",\"url\":\"https:\\\/\\\/accesolatino.org\\\/en\\\/linea-telefonica-que-ofrece-orientacion-legal-para-dacamentados\\\/\",\"name\":\"L\u00ednea telef\u00f3nica que ofrece orientaci\u00f3n legal para DACAmentados\",\"isPartOf\":{\"@id\":\"https:\\\/\\\/accesolatino.org\\\/#website\"},\"primaryImageOfPage\":{\"@id\":\"https:\\\/\\\/accesolatino.org\\\/en\\\/linea-telefonica-que-ofrece-orientacion-legal-para-dacamentados\\\/#primaryimage\"},\"image\":{\"@id\":\"https:\\\/\\\/accesolatino.org\\\/en\\\/linea-telefonica-que-ofrece-orientacion-legal-para-dacamentados\\\/#primaryimage\"},\"thumbnailUrl\":\"https:\\\/\\\/accesolatino.org\\\/wp-content\\\/uploads\\\/2018\\\/07\\\/L\u00ednea-telefonica-que-ofrece-orientaci\u00f3n-legal-para-DACAmentados.png\",\"datePublished\":\"2018-07-09T16:58:19+00:00\",\"dateModified\":\"2025-10-17T23:17:24+00:00\",\"description\":\"L\u00ednea telef\u00f3nica que ofrece orientaci\u00f3n legal para\u00a0DACAmentados\u00a0Los migrantes que llegaron de manera ilegal a Estados Unidos...\",\"breadcrumb\":{\"@id\":\"https:\\\/\\\/accesolatino.org\\\/en\\\/linea-telefonica-que-ofrece-orientacion-legal-para-dacamentados\\\/#breadcrumb\"},\"inLanguage\":\"en-US\",\"potentialAction\":[{\"@type\":\"ReadAction\",\"target\":[\"https:\\\/\\\/accesolatino.org\\\/en\\\/linea-telefonica-que-ofrece-orientacion-legal-para-dacamentados\\\/\"]}]},{\"@type\":\"ImageObject\",\"inLanguage\":\"en-US\",\"@id\":\"https:\\\/\\\/accesolatino.org\\\/en\\\/linea-telefonica-que-ofrece-orientacion-legal-para-dacamentados\\\/#primaryimage\",\"url\":\"https:\\\/\\\/accesolatino.org\\\/wp-content\\\/uploads\\\/2018\\\/07\\\/L\u00ednea-telefonica-que-ofrece-orientaci\u00f3n-legal-para-DACAmentados.png\",\"contentUrl\":\"https:\\\/\\\/accesolatino.org\\\/wp-content\\\/uploads\\\/2018\\\/07\\\/L\u00ednea-telefonica-que-ofrece-orientaci\u00f3n-legal-para-DACAmentados.png\",\"width\":\"624\",\"height\":\"468\",\"caption\":\"DACAmentados\"},{\"@type\":\"BreadcrumbList\",\"@id\":\"https:\\\/\\\/accesolatino.org\\\/en\\\/linea-telefonica-que-ofrece-orientacion-legal-para-dacamentados\\\/#breadcrumb\",\"itemListElement\":[{\"@type\":\"ListItem\",\"position\":1,\"name\":\"Portada\",\"item\":\"https:\\\/\\\/accesolatino.org\\\/\"},{\"@type\":\"ListItem\",\"position\":2,\"name\":\"L\u00ednea telef\u00f3nica que ofrece orientaci\u00f3n legal para DACAmentados\"}]},{\"@type\":\"WebSite\",\"@id\":\"https:\\\/\\\/accesolatino.org\\\/#website\",\"url\":\"https:\\\/\\\/accesolatino.org\\\/\",\"name\":\"Acceso Latino | Fundaci\u00f3n Carlos Slim\",\"description\":\"Fundaci\u00f3n Carlos Slim\",\"publisher\":{\"@id\":\"https:\\\/\\\/accesolatino.org\\\/#organization\"},\"potentialAction\":[{\"@type\":\"SearchAction\",\"target\":{\"@type\":\"EntryPoint\",\"urlTemplate\":\"https:\\\/\\\/accesolatino.org\\\/?s={search_term_string}\"},\"query-input\":{\"@type\":\"PropertyValueSpecification\",\"valueRequired\":true,\"valueName\":\"search_term_string\"}}],\"inLanguage\":\"en-US\"},{\"@type\":\"Organization\",\"@id\":\"https:\\\/\\\/accesolatino.org\\\/#organization\",\"name\":\"Acceso Latino | Fundaci\u00f3n Carlos Slim\",\"url\":\"https:\\\/\\\/accesolatino.org\\\/\",\"logo\":{\"@type\":\"ImageObject\",\"inLanguage\":\"en-US\",\"@id\":\"https:\\\/\\\/accesolatino.org\\\/#\\\/schema\\\/logo\\\/image\\\/\",\"url\":\"https:\\\/\\\/accesolatino.org\\\/wp-content\\\/uploads\\\/2021\\\/02\\\/logo-footer-acceso-latino.png\",\"contentUrl\":\"https:\\\/\\\/accesolatino.org\\\/wp-content\\\/uploads\\\/2021\\\/02\\\/logo-footer-acceso-latino.png\",\"width\":240,\"height\":40,\"caption\":\"Acceso Latino | Fundaci\u00f3n Carlos Slim\"},\"image\":{\"@id\":\"https:\\\/\\\/accesolatino.org\\\/#\\\/schema\\\/logo\\\/image\\\/\"},\"sameAs\":[\"https:\\\/\\\/www.facebook.com\\\/AccesoLatinoOrg\",\"https:\\\/\\\/x.com\\\/FAccLatino\"]}]}<\/script>\n<!-- \/ Yoast SEO plugin. -->","yoast_head_json":{"title":"Telephone line offering legal guidance for DACAmented persons","description":"L\u00ednea telef\u00f3nica que ofrece orientaci\u00f3n legal para\u00a0DACAmentados\u00a0Los migrantes que llegaron de manera ilegal a Estados Unidos...","robots":{"index":"index","follow":"follow","max-snippet":"max-snippet:-1","max-image-preview":"max-image-preview:large","max-video-preview":"max-video-preview:-1"},"canonical":"https:\/\/accesolatino.org\/en\/linea-telefonica-que-ofrece-orientacion-legal-para-dacamentados\/","og_locale":"en_US","og_type":"article","og_title":"Acceso Latino | L\u00ednea telef\u00f3nica que ofrece orientaci\u00f3n legal para DACAmentados","og_description":"L\u00ednea telef\u00f3nica que ofrece orientaci\u00f3n legal para DACAmentados","og_url":"https:\/\/accesolatino.org\/en\/linea-telefonica-que-ofrece-orientacion-legal-para-dacamentados\/","og_site_name":"Acceso Latino","article_publisher":"https:\/\/www.facebook.com\/AccesoLatinoOrg","article_modified_time":"2025-10-17T23:17:24+00:00","og_image":[{"width":624,"height":468,"url":"https:\/\/accesolatino.org\/wp-content\/uploads\/2018\/07\/L\u00ednea-telefonica-que-ofrece-orientaci\u00f3n-legal-para-DACAmentados.png","type":"image\/png"}],"twitter_card":"summary_large_image","twitter_title":"Acceso Latino | L\u00ednea telef\u00f3nica que ofrece orientaci\u00f3n legal para DACAmentados","twitter_description":"L\u00ednea telef\u00f3nica que ofrece orientaci\u00f3n legal para DACAmentados","twitter_image":"https:\/\/accesolatino.org\/wp-content\/uploads\/2018\/07\/L\u00ednea-telefonica-que-ofrece-orientaci\u00f3n-legal-para-DACAmentados.png","twitter_site":"@FAccLatino","twitter_misc":{"Est. reading time":"1 minute"},"schema":{"@context":"https:\/\/schema.org","@graph":[{"@type":"WebPage","@id":"https:\/\/accesolatino.org\/en\/linea-telefonica-que-ofrece-orientacion-legal-para-dacamentados\/","url":"https:\/\/accesolatino.org\/en\/linea-telefonica-que-ofrece-orientacion-legal-para-dacamentados\/","name":"Telephone line offering legal guidance for DACAmented persons","isPartOf":{"@id":"https:\/\/accesolatino.org\/#website"},"primaryImageOfPage":{"@id":"https:\/\/accesolatino.org\/en\/linea-telefonica-que-ofrece-orientacion-legal-para-dacamentados\/#primaryimage"},"image":{"@id":"https:\/\/accesolatino.org\/en\/linea-telefonica-que-ofrece-orientacion-legal-para-dacamentados\/#primaryimage"},"thumbnailUrl":"https:\/\/accesolatino.org\/wp-content\/uploads\/2018\/07\/L\u00ednea-telefonica-que-ofrece-orientaci\u00f3n-legal-para-DACAmentados.png","datePublished":"2018-07-09T16:58:19+00:00","dateModified":"2025-10-17T23:17:24+00:00","description":"L\u00ednea telef\u00f3nica que ofrece orientaci\u00f3n legal para\u00a0DACAmentados\u00a0Los migrantes que llegaron de manera ilegal a Estados Unidos...","breadcrumb":{"@id":"https:\/\/accesolatino.org\/en\/linea-telefonica-que-ofrece-orientacion-legal-para-dacamentados\/#breadcrumb"},"inLanguage":"en-US","potentialAction":[{"@type":"ReadAction","target":["https:\/\/accesolatino.org\/en\/linea-telefonica-que-ofrece-orientacion-legal-para-dacamentados\/"]}]},{"@type":"ImageObject","inLanguage":"en-US","@id":"https:\/\/accesolatino.org\/en\/linea-telefonica-que-ofrece-orientacion-legal-para-dacamentados\/#primaryimage","url":"https:\/\/accesolatino.org\/wp-content\/uploads\/2018\/07\/L\u00ednea-telefonica-que-ofrece-orientaci\u00f3n-legal-para-DACAmentados.png","contentUrl":"https:\/\/accesolatino.org\/wp-content\/uploads\/2018\/07\/L\u00ednea-telefonica-que-ofrece-orientaci\u00f3n-legal-para-DACAmentados.png","width":"624","height":"468","caption":"DACAmentados"},{"@type":"BreadcrumbList","@id":"https:\/\/accesolatino.org\/en\/linea-telefonica-que-ofrece-orientacion-legal-para-dacamentados\/#breadcrumb","itemListElement":[{"@type":"ListItem","position":1,"name":"Portada","item":"https:\/\/accesolatino.org\/"},{"@type":"ListItem","position":2,"name":"L\u00ednea telef\u00f3nica que ofrece orientaci\u00f3n legal para DACAmentados"}]},{"@type":"WebSite","@id":"https:\/\/accesolatino.org\/#website","url":"https:\/\/accesolatino.org\/","name":"Acceso Latino | Fundaci\u00f3n Carlos Slim","description":"Fundaci\u00f3n Carlos Slim","publisher":{"@id":"https:\/\/accesolatino.org\/#organization"},"potentialAction":[{"@type":"SearchAction","target":{"@type":"EntryPoint","urlTemplate":"https:\/\/accesolatino.org\/?s={search_term_string}"},"query-input":{"@type":"PropertyValueSpecification","valueRequired":true,"valueName":"search_term_string"}}],"inLanguage":"en-US"},{"@type":"Organization","@id":"https:\/\/accesolatino.org\/#organization","name":"Acceso Latino | Fundaci\u00f3n Carlos Slim","url":"https:\/\/accesolatino.org\/","logo":{"@type":"ImageObject","inLanguage":"en-US","@id":"https:\/\/accesolatino.org\/#\/schema\/logo\/image\/","url":"https:\/\/accesolatino.org\/wp-content\/uploads\/2021\/02\/logo-footer-acceso-latino.png","contentUrl":"https:\/\/accesolatino.org\/wp-content\/uploads\/2021\/02\/logo-footer-acceso-latino.png","width":240,"height":40,"caption":"Acceso Latino | Fundaci\u00f3n Carlos Slim"},"image":{"@id":"https:\/\/accesolatino.org\/#\/schema\/logo\/image\/"},"sameAs":["https:\/\/www.facebook.com\/AccesoLatinoOrg","https:\/\/x.com\/FAccLatino"]}]}},"_links":{"self":[{"href":"https:\/\/accesolatino.org\/en\/wp-json\/wp\/v2\/pages\/14030","targetHints":{"allow":["GET"]}}],"collection":[{"href":"https:\/\/accesolatino.org\/en\/wp-json\/wp\/v2\/pages"}],"about":[{"href":"https:\/\/accesolatino.org\/en\/wp-json\/wp\/v2\/types\/page"}],"author":[{"embeddable":true,"href":"https:\/\/accesolatino.org\/en\/wp-json\/wp\/v2\/users\/8"}],"replies":[{"embeddable":true,"href":"https:\/\/accesolatino.org\/en\/wp-json\/wp\/v2\/comments?post=14030"}],"version-history":[{"count":1,"href":"https:\/\/accesolatino.org\/en\/wp-json\/wp\/v2\/pages\/14030\/revisions"}],"predecessor-version":[{"id":64249,"href":"https:\/\/accesolatino.org\/en\/wp-json\/wp\/v2\/pages\/14030\/revisions\/64249"}],"wp:featuredmedia":[{"embeddable":true,"href":"https:\/\/accesolatino.org\/en\/wp-json\/wp\/v2\/media\/14031"}],"wp:attachment":[{"href":"https:\/\/accesolatino.org\/en\/wp-json\/wp\/v2\/media?parent=14030"}],"curies":[{"name":"wp","href":"https:\/\/api.w.org\/{rel}","templated":true}]}}