{"id":14003,"date":"2018-07-04T10:54:16","date_gmt":"2018-07-04T15:54:16","guid":{"rendered":"https:\/\/accesolatino.org\/?page_id=14003"},"modified":"2025-10-16T19:50:16","modified_gmt":"2025-10-17T01:50:16","slug":"dreamer-consulta-la-informacion-mas-actualizada-sobre-daca","status":"publish","type":"page","link":"https:\/\/accesolatino.org\/en\/dreamer-consulta-la-informacion-mas-actualizada-sobre-daca\/","title":{"rendered":"Dreamer, check the latest information about DACA"},"content":{"rendered":"<div data-elementor-type=\"wp-post\" data-elementor-id=\"14003\" class=\"elementor elementor-14003\">\n\t\t\t\t\t\t<section class=\"elementor-section elementor-top-section elementor-element elementor-element-eddeac7 elementor-section-full_width elementor-section-height-min-height elementor-section-items-stretch elementor-section-height-default wpr-particle-no wpr-jarallax-no wpr-parallax-no wpr-sticky-section-no wpr-equal-height-no\" data-id=\"eddeac7\" data-element_type=\"section\" data-e-type=\"section\" data-settings=\"{&quot;background_background&quot;:&quot;classic&quot;}\">\n\t\t\t\t\t\t<div class=\"elementor-container elementor-column-gap-no\">\n\t\t\t\t\t<div class=\"elementor-column elementor-col-100 elementor-top-column elementor-element elementor-element-82b99e3\" data-id=\"82b99e3\" data-element_type=\"column\" data-e-type=\"column\">\n\t\t\t<div class=\"elementor-widget-wrap elementor-element-populated\">\n\t\t\t\t\t\t<div class=\"elementor-element elementor-element-a380699 elementor--h-position-center elementor--v-position-middle elementor-widget elementor-widget-slides\" data-id=\"a380699\" data-element_type=\"widget\" data-e-type=\"widget\" data-settings=\"{&quot;navigation&quot;:&quot;none&quot;,&quot;infinite&quot;:&quot;yes&quot;,&quot;transition&quot;:&quot;slide&quot;,&quot;transition_speed&quot;:500}\" data-widget_type=\"slides.default\">\n\t\t\t\t<div class=\"elementor-widget-container\">\n\t\t\t\t\t\t\t<div class=\"elementor-swiper\">\n\t\t\t<div class=\"elementor-slides-wrapper elementor-main-swiper swiper-container\" dir=\"ltr\" data-animation=\"\">\n\t\t\t\t<div class=\"swiper-wrapper elementor-slides\">\n\t\t\t\t\t\t\t\t\t\t<div class=\"elementor-repeater-item-d983a28 swiper-slide\"><div class=\"swiper-slide-bg\"><\/div><div class=\"swiper-slide-inner\" ><div class=\"swiper-slide-contents\"><div class=\"elementor-slide-heading\">Legal Guidance<\/div><\/div><\/div><\/div>\t\t\t\t<\/div>\n\t\t\t\t\t\t\t<\/div>\n\t\t<\/div>\n\t\t\t\t\t\t<\/div>\n\t\t\t\t<\/div>\n\t\t\t\t\t<\/div>\n\t\t<\/div>\n\t\t\t\t\t<\/div>\n\t\t<\/section>\n\t\t\t\t<section class=\"elementor-section elementor-top-section elementor-element elementor-element-8228f0f elementor-section-stretched elementor-section-boxed elementor-section-height-default elementor-section-height-default wpr-particle-no wpr-jarallax-no wpr-parallax-no wpr-sticky-section-no wpr-equal-height-no\" data-id=\"8228f0f\" data-element_type=\"section\" data-e-type=\"section\" data-settings=\"{&quot;stretch_section&quot;:&quot;section-stretched&quot;,&quot;background_background&quot;:&quot;classic&quot;}\">\n\t\t\t\t\t\t<div class=\"elementor-container elementor-column-gap-default\">\n\t\t\t\t\t<div class=\"elementor-column elementor-col-100 elementor-top-column elementor-element elementor-element-58b3508\" data-id=\"58b3508\" data-element_type=\"column\" data-e-type=\"column\">\n\t\t\t<div class=\"elementor-widget-wrap elementor-element-populated\">\n\t\t\t\t\t\t<div class=\"elementor-element elementor-element-f9cb684 elementor-widget elementor-widget-heading\" data-id=\"f9cb684\" data-element_type=\"widget\" data-e-type=\"widget\" data-widget_type=\"heading.default\">\n\t\t\t\t<div class=\"elementor-widget-container\">\n\t\t\t\t\t<h3 class=\"elementor-heading-title elementor-size-default\">Dreamer, check the latest information about DACA \n<\/h3>\t\t\t\t<\/div>\n\t\t\t\t<\/div>\n\t\t\t\t<div class=\"elementor-element elementor-element-10efed6 elementor-widget elementor-widget-text-editor\" data-id=\"10efed6\" data-element_type=\"widget\" data-e-type=\"widget\" data-widget_type=\"text-editor.default\">\n\t\t\t\t<div class=\"elementor-widget-container\">\n\t\t\t\t\t\t\t\t\t<p>La pol\u00edtica de \u201cTolerancia Cero\u201d que ha implementado el gobierno es uno de los principales problemas que enfrentan los inmigrantes en Estados Unidos.<\/p><p>Debido a esta pol\u00edtica, uno de los principales apoyos que buscan los inmigrantes es en materia legal, ayuda que encontrar\u00e1s en <strong>Acceso Latino<\/strong>, donde contamos con la herramienta de <a href=\"https:\/\/accesolatino.org\/en\/orientacion-legal\/\">Legal Guidance<\/a>, aqu\u00ed podr\u00e1s contactar a especialistas de manera gratuita o a bajo costo.<\/p><p>Una de las tarjetas que encontrar\u00e1s en la misma secci\u00f3n es \u201c<strong>La Asociaci\u00f3n Nacional de Latinos Elegidos\u201d (NALEO por sus siglas en ingl\u00e9s)<\/strong>, que es una organizaci\u00f3n que facilita la participaci\u00f3n latina completa en el proceso pol\u00edtico estadounidense, desde la ciudadan\u00eda hasta el servicio p\u00fablico.<\/p><p>En nuestro apartado de <strong>NALEO<\/strong> encontrar\u00e1s el tel\u00e9fono de la organizaci\u00f3n donde podr\u00e1s adquirir la informaci\u00f3n m\u00e1s actualizada sobre DACA, reforma migratoria y adem\u00e1s, conocer el proceso para volverte ciudadano, entre otras.<\/p><p>Ahora accede a nuestra herramienta de <a href=\"https:\/\/accesolatino.org\/en\/orientacion-legal\/\">\u201cOrientaci\u00f3n Legal\u201d<\/a>, obt\u00e9n tu asesor\u00eda gratis.<\/p>\t\t\t\t\t\t\t\t<\/div>\n\t\t\t\t<\/div>\n\t\t\t\t<div class=\"elementor-element elementor-element-bde3c0a elementor-widget elementor-widget-spacer\" data-id=\"bde3c0a\" data-element_type=\"widget\" data-e-type=\"widget\" data-widget_type=\"spacer.default\">\n\t\t\t\t<div class=\"elementor-widget-container\">\n\t\t\t\t\t\t\t<div class=\"elementor-spacer\">\n\t\t\t<div class=\"elementor-spacer-inner\"><\/div>\n\t\t<\/div>\n\t\t\t\t\t\t<\/div>\n\t\t\t\t<\/div>\n\t\t\t\t\t<\/div>\n\t\t<\/div>\n\t\t\t\t\t<\/div>\n\t\t<\/section>\n\t\t\t\t<\/div>","protected":false},"excerpt":{"rendered":"<p>Orientaci\u00f3n Legal Dreamer, consulta la informaci\u00f3n m\u00e1s actualizada sobre DACA La pol\u00edtica de \u201cTolerancia Cero\u201d que ha implementado el gobierno es uno de los principales problemas que enfrentan los inmigrantes en Estados Unidos. Debido a esta pol\u00edtica, uno de los principales apoyos que buscan los inmigrantes es en materia legal, ayuda que encontrar\u00e1s en Acceso Latino, donde contamos con la herramienta de Orientaci\u00f3n Legal, aqu\u00ed podr\u00e1s contactar a especialistas de manera gratuita o a bajo costo. Una de las tarjetas que encontrar\u00e1s en la misma secci\u00f3n es \u201cLa Asociaci\u00f3n Nacional de Latinos Elegidos\u201d (NALEO por sus siglas en ingl\u00e9s), que es una organizaci\u00f3n que facilita la participaci\u00f3n latina completa en el proceso pol\u00edtico estadounidense, desde la ciudadan\u00eda hasta el servicio p\u00fablico. En nuestro apartado de NALEO encontrar\u00e1s el tel\u00e9fono de la organizaci\u00f3n donde podr\u00e1s adquirir la informaci\u00f3n m\u00e1s actualizada sobre DACA, reforma migratoria y adem\u00e1s, conocer el proceso para volverte ciudadano, entre otras. Ahora accede a nuestra herramienta de \u201cOrientaci\u00f3n Legal\u201d, obt\u00e9n tu asesor\u00eda gratis.<\/p>","protected":false},"author":8,"featured_media":2242,"parent":0,"menu_order":0,"comment_status":"closed","ping_status":"closed","template":"elementor_header_footer","meta":{"_uf_show_specific_survey":0,"_uf_disable_surveys":false,"footnotes":""},"class_list":["post-14003","page","type-page","status-publish","has-post-thumbnail"],"aioseo_notices":[],"yoast_head":"<!-- This site is optimized with the Yoast SEO plugin v27.4 - https:\/\/yoast.com\/product\/yoast-seo-wordpress\/ -->\n<title>Dreamer, consulta la informaci\u00f3n m\u00e1s actualizada sobre DACA<\/title>\n<meta name=\"description\" content=\"Orientaci\u00f3n Legal Dreamer, consulta la informaci\u00f3n m\u00e1s actualizada sobre DACA La pol\u00edtica de \u201cTolerancia Cero\u201d que ha implementado el gobierno\" \/>\n<meta name=\"robots\" content=\"index, follow, max-snippet:-1, max-image-preview:large, max-video-preview:-1\" \/>\n<link rel=\"canonical\" href=\"https:\/\/accesolatino.org\/en\/dreamer-consulta-la-informacion-mas-actualizada-sobre-daca\/\" \/>\n<meta property=\"og:locale\" content=\"en_US\" \/>\n<meta property=\"og:type\" content=\"article\" \/>\n<meta property=\"og:title\" content=\"Acceso Latino | Dreamer, consulta la informaci\u00f3n m\u00e1s actualizada sobre DACA\" \/>\n<meta property=\"og:description\" content=\"Dreamer, consulta la informaci\u00f3n m\u00e1s actualizada sobre DACA\" \/>\n<meta property=\"og:url\" content=\"https:\/\/accesolatino.org\/en\/dreamer-consulta-la-informacion-mas-actualizada-sobre-daca\/\" \/>\n<meta property=\"og:site_name\" content=\"Acceso Latino\" \/>\n<meta property=\"article:publisher\" content=\"https:\/\/www.facebook.com\/AccesoLatinoOrg\" \/>\n<meta property=\"article:modified_time\" content=\"2025-10-17T01:50:16+00:00\" \/>\n<meta property=\"og:image\" content=\"https:\/\/accesolatino.org\/wp-content\/uploads\/2018\/03\/Linea-telefonica-bilingue.jpg\" \/>\n\t<meta property=\"og:image:width\" content=\"1000\" \/>\n\t<meta property=\"og:image:height\" content=\"665\" \/>\n\t<meta property=\"og:image:type\" content=\"image\/jpeg\" \/>\n<meta name=\"twitter:card\" content=\"summary_large_image\" \/>\n<meta name=\"twitter:title\" content=\"Acceso Latino | Dreamer, consulta la informaci\u00f3n m\u00e1s actualizada sobre DACA\" \/>\n<meta name=\"twitter:description\" content=\"Dreamer, consulta la informaci\u00f3n m\u00e1s actualizada sobre DACA\" \/>\n<meta name=\"twitter:image\" content=\"https:\/\/accesolatino.org\/wp-content\/uploads\/2018\/03\/Linea-telefonica-bilingue.jpg\" \/>\n<meta name=\"twitter:site\" content=\"@FAccLatino\" \/>\n<meta name=\"twitter:label1\" content=\"Est. reading time\" \/>\n\t<meta name=\"twitter:data1\" content=\"1 minute\" \/>\n<script type=\"application\/ld+json\" class=\"yoast-schema-graph\">{\"@context\":\"https:\\\/\\\/schema.org\",\"@graph\":[{\"@type\":\"WebPage\",\"@id\":\"https:\\\/\\\/accesolatino.org\\\/en\\\/dreamer-consulta-la-informacion-mas-actualizada-sobre-daca\\\/\",\"url\":\"https:\\\/\\\/accesolatino.org\\\/en\\\/dreamer-consulta-la-informacion-mas-actualizada-sobre-daca\\\/\",\"name\":\"Dreamer, consulta la informaci\u00f3n m\u00e1s actualizada sobre DACA\",\"isPartOf\":{\"@id\":\"https:\\\/\\\/accesolatino.org\\\/#website\"},\"primaryImageOfPage\":{\"@id\":\"https:\\\/\\\/accesolatino.org\\\/en\\\/dreamer-consulta-la-informacion-mas-actualizada-sobre-daca\\\/#primaryimage\"},\"image\":{\"@id\":\"https:\\\/\\\/accesolatino.org\\\/en\\\/dreamer-consulta-la-informacion-mas-actualizada-sobre-daca\\\/#primaryimage\"},\"thumbnailUrl\":\"https:\\\/\\\/accesolatino.org\\\/wp-content\\\/uploads\\\/2018\\\/03\\\/Linea-telefonica-bilingue.jpg\",\"datePublished\":\"2018-07-04T15:54:16+00:00\",\"dateModified\":\"2025-10-17T01:50:16+00:00\",\"description\":\"Orientaci\u00f3n Legal Dreamer, consulta la informaci\u00f3n m\u00e1s actualizada sobre DACA La pol\u00edtica de \u201cTolerancia Cero\u201d que ha implementado el gobierno\",\"breadcrumb\":{\"@id\":\"https:\\\/\\\/accesolatino.org\\\/en\\\/dreamer-consulta-la-informacion-mas-actualizada-sobre-daca\\\/#breadcrumb\"},\"inLanguage\":\"en-US\",\"potentialAction\":[{\"@type\":\"ReadAction\",\"target\":[\"https:\\\/\\\/accesolatino.org\\\/en\\\/dreamer-consulta-la-informacion-mas-actualizada-sobre-daca\\\/\"]}]},{\"@type\":\"ImageObject\",\"inLanguage\":\"en-US\",\"@id\":\"https:\\\/\\\/accesolatino.org\\\/en\\\/dreamer-consulta-la-informacion-mas-actualizada-sobre-daca\\\/#primaryimage\",\"url\":\"https:\\\/\\\/accesolatino.org\\\/wp-content\\\/uploads\\\/2018\\\/03\\\/Linea-telefonica-bilingue.jpg\",\"contentUrl\":\"https:\\\/\\\/accesolatino.org\\\/wp-content\\\/uploads\\\/2018\\\/03\\\/Linea-telefonica-bilingue.jpg\",\"width\":\"1000\",\"height\":\"665\",\"caption\":\"dreamer\"},{\"@type\":\"BreadcrumbList\",\"@id\":\"https:\\\/\\\/accesolatino.org\\\/en\\\/dreamer-consulta-la-informacion-mas-actualizada-sobre-daca\\\/#breadcrumb\",\"itemListElement\":[{\"@type\":\"ListItem\",\"position\":1,\"name\":\"Portada\",\"item\":\"https:\\\/\\\/accesolatino.org\\\/\"},{\"@type\":\"ListItem\",\"position\":2,\"name\":\"Dreamer, consulta la informaci\u00f3n m\u00e1s actualizada sobre DACA\"}]},{\"@type\":\"WebSite\",\"@id\":\"https:\\\/\\\/accesolatino.org\\\/#website\",\"url\":\"https:\\\/\\\/accesolatino.org\\\/\",\"name\":\"Acceso Latino | Fundaci\u00f3n Carlos Slim\",\"description\":\"Fundaci\u00f3n Carlos Slim\",\"publisher\":{\"@id\":\"https:\\\/\\\/accesolatino.org\\\/#organization\"},\"potentialAction\":[{\"@type\":\"SearchAction\",\"target\":{\"@type\":\"EntryPoint\",\"urlTemplate\":\"https:\\\/\\\/accesolatino.org\\\/?s={search_term_string}\"},\"query-input\":{\"@type\":\"PropertyValueSpecification\",\"valueRequired\":true,\"valueName\":\"search_term_string\"}}],\"inLanguage\":\"en-US\"},{\"@type\":\"Organization\",\"@id\":\"https:\\\/\\\/accesolatino.org\\\/#organization\",\"name\":\"Acceso Latino | Fundaci\u00f3n Carlos Slim\",\"url\":\"https:\\\/\\\/accesolatino.org\\\/\",\"logo\":{\"@type\":\"ImageObject\",\"inLanguage\":\"en-US\",\"@id\":\"https:\\\/\\\/accesolatino.org\\\/#\\\/schema\\\/logo\\\/image\\\/\",\"url\":\"https:\\\/\\\/accesolatino.org\\\/wp-content\\\/uploads\\\/2021\\\/02\\\/logo-footer-acceso-latino.png\",\"contentUrl\":\"https:\\\/\\\/accesolatino.org\\\/wp-content\\\/uploads\\\/2021\\\/02\\\/logo-footer-acceso-latino.png\",\"width\":240,\"height\":40,\"caption\":\"Acceso Latino | Fundaci\u00f3n Carlos Slim\"},\"image\":{\"@id\":\"https:\\\/\\\/accesolatino.org\\\/#\\\/schema\\\/logo\\\/image\\\/\"},\"sameAs\":[\"https:\\\/\\\/www.facebook.com\\\/AccesoLatinoOrg\",\"https:\\\/\\\/x.com\\\/FAccLatino\"]}]}<\/script>\n<!-- \/ Yoast SEO plugin. -->","yoast_head_json":{"title":"Dreamer, check the latest information about DACA","description":"Orientaci\u00f3n Legal Dreamer, consulta la informaci\u00f3n m\u00e1s actualizada sobre DACA La pol\u00edtica de \u201cTolerancia Cero\u201d que ha implementado el gobierno","robots":{"index":"index","follow":"follow","max-snippet":"max-snippet:-1","max-image-preview":"max-image-preview:large","max-video-preview":"max-video-preview:-1"},"canonical":"https:\/\/accesolatino.org\/en\/dreamer-consulta-la-informacion-mas-actualizada-sobre-daca\/","og_locale":"en_US","og_type":"article","og_title":"Acceso Latino | Dreamer, consulta la informaci\u00f3n m\u00e1s actualizada sobre DACA","og_description":"Dreamer, consulta la informaci\u00f3n m\u00e1s actualizada sobre DACA","og_url":"https:\/\/accesolatino.org\/en\/dreamer-consulta-la-informacion-mas-actualizada-sobre-daca\/","og_site_name":"Acceso Latino","article_publisher":"https:\/\/www.facebook.com\/AccesoLatinoOrg","article_modified_time":"2025-10-17T01:50:16+00:00","og_image":[{"width":1000,"height":665,"url":"https:\/\/accesolatino.org\/wp-content\/uploads\/2018\/03\/Linea-telefonica-bilingue.jpg","type":"image\/jpeg"}],"twitter_card":"summary_large_image","twitter_title":"Acceso Latino | Dreamer, consulta la informaci\u00f3n m\u00e1s actualizada sobre DACA","twitter_description":"Dreamer, consulta la informaci\u00f3n m\u00e1s actualizada sobre DACA","twitter_image":"https:\/\/accesolatino.org\/wp-content\/uploads\/2018\/03\/Linea-telefonica-bilingue.jpg","twitter_site":"@FAccLatino","twitter_misc":{"Est. reading time":"1 minute"},"schema":{"@context":"https:\/\/schema.org","@graph":[{"@type":"WebPage","@id":"https:\/\/accesolatino.org\/en\/dreamer-consulta-la-informacion-mas-actualizada-sobre-daca\/","url":"https:\/\/accesolatino.org\/en\/dreamer-consulta-la-informacion-mas-actualizada-sobre-daca\/","name":"Dreamer, check the latest information about DACA","isPartOf":{"@id":"https:\/\/accesolatino.org\/#website"},"primaryImageOfPage":{"@id":"https:\/\/accesolatino.org\/en\/dreamer-consulta-la-informacion-mas-actualizada-sobre-daca\/#primaryimage"},"image":{"@id":"https:\/\/accesolatino.org\/en\/dreamer-consulta-la-informacion-mas-actualizada-sobre-daca\/#primaryimage"},"thumbnailUrl":"https:\/\/accesolatino.org\/wp-content\/uploads\/2018\/03\/Linea-telefonica-bilingue.jpg","datePublished":"2018-07-04T15:54:16+00:00","dateModified":"2025-10-17T01:50:16+00:00","description":"Orientaci\u00f3n Legal Dreamer, consulta la informaci\u00f3n m\u00e1s actualizada sobre DACA La pol\u00edtica de \u201cTolerancia Cero\u201d que ha implementado el gobierno","breadcrumb":{"@id":"https:\/\/accesolatino.org\/en\/dreamer-consulta-la-informacion-mas-actualizada-sobre-daca\/#breadcrumb"},"inLanguage":"en-US","potentialAction":[{"@type":"ReadAction","target":["https:\/\/accesolatino.org\/en\/dreamer-consulta-la-informacion-mas-actualizada-sobre-daca\/"]}]},{"@type":"ImageObject","inLanguage":"en-US","@id":"https:\/\/accesolatino.org\/en\/dreamer-consulta-la-informacion-mas-actualizada-sobre-daca\/#primaryimage","url":"https:\/\/accesolatino.org\/wp-content\/uploads\/2018\/03\/Linea-telefonica-bilingue.jpg","contentUrl":"https:\/\/accesolatino.org\/wp-content\/uploads\/2018\/03\/Linea-telefonica-bilingue.jpg","width":"1000","height":"665","caption":"dreamer"},{"@type":"BreadcrumbList","@id":"https:\/\/accesolatino.org\/en\/dreamer-consulta-la-informacion-mas-actualizada-sobre-daca\/#breadcrumb","itemListElement":[{"@type":"ListItem","position":1,"name":"Portada","item":"https:\/\/accesolatino.org\/"},{"@type":"ListItem","position":2,"name":"Dreamer, consulta la informaci\u00f3n m\u00e1s actualizada sobre DACA"}]},{"@type":"WebSite","@id":"https:\/\/accesolatino.org\/#website","url":"https:\/\/accesolatino.org\/","name":"Acceso Latino | Fundaci\u00f3n Carlos Slim","description":"Fundaci\u00f3n Carlos Slim","publisher":{"@id":"https:\/\/accesolatino.org\/#organization"},"potentialAction":[{"@type":"SearchAction","target":{"@type":"EntryPoint","urlTemplate":"https:\/\/accesolatino.org\/?s={search_term_string}"},"query-input":{"@type":"PropertyValueSpecification","valueRequired":true,"valueName":"search_term_string"}}],"inLanguage":"en-US"},{"@type":"Organization","@id":"https:\/\/accesolatino.org\/#organization","name":"Acceso Latino | Fundaci\u00f3n Carlos Slim","url":"https:\/\/accesolatino.org\/","logo":{"@type":"ImageObject","inLanguage":"en-US","@id":"https:\/\/accesolatino.org\/#\/schema\/logo\/image\/","url":"https:\/\/accesolatino.org\/wp-content\/uploads\/2021\/02\/logo-footer-acceso-latino.png","contentUrl":"https:\/\/accesolatino.org\/wp-content\/uploads\/2021\/02\/logo-footer-acceso-latino.png","width":240,"height":40,"caption":"Acceso Latino | Fundaci\u00f3n Carlos Slim"},"image":{"@id":"https:\/\/accesolatino.org\/#\/schema\/logo\/image\/"},"sameAs":["https:\/\/www.facebook.com\/AccesoLatinoOrg","https:\/\/x.com\/FAccLatino"]}]}},"_links":{"self":[{"href":"https:\/\/accesolatino.org\/en\/wp-json\/wp\/v2\/pages\/14003","targetHints":{"allow":["GET"]}}],"collection":[{"href":"https:\/\/accesolatino.org\/en\/wp-json\/wp\/v2\/pages"}],"about":[{"href":"https:\/\/accesolatino.org\/en\/wp-json\/wp\/v2\/types\/page"}],"author":[{"embeddable":true,"href":"https:\/\/accesolatino.org\/en\/wp-json\/wp\/v2\/users\/8"}],"replies":[{"embeddable":true,"href":"https:\/\/accesolatino.org\/en\/wp-json\/wp\/v2\/comments?post=14003"}],"version-history":[{"count":1,"href":"https:\/\/accesolatino.org\/en\/wp-json\/wp\/v2\/pages\/14003\/revisions"}],"predecessor-version":[{"id":64197,"href":"https:\/\/accesolatino.org\/en\/wp-json\/wp\/v2\/pages\/14003\/revisions\/64197"}],"wp:featuredmedia":[{"embeddable":true,"href":"https:\/\/accesolatino.org\/en\/wp-json\/wp\/v2\/media\/2242"}],"wp:attachment":[{"href":"https:\/\/accesolatino.org\/en\/wp-json\/wp\/v2\/media?parent=14003"}],"curies":[{"name":"wp","href":"https:\/\/api.w.org\/{rel}","templated":true}]}}