{"id":13948,"date":"2018-07-03T14:56:40","date_gmt":"2018-07-03T19:56:40","guid":{"rendered":"http:\/\/accesolatino.org\/?page_id=13948"},"modified":"2025-10-17T14:26:07","modified_gmt":"2025-10-17T20:26:07","slug":"inmigrante-encuentra-asesoria-legal-especializada","status":"publish","type":"page","link":"https:\/\/accesolatino.org\/en\/inmigrante-encuentra-asesoria-legal-especializada\/","title":{"rendered":"Immigrant, find specialized legal advice"},"content":{"rendered":"<div data-elementor-type=\"wp-post\" data-elementor-id=\"13948\" class=\"elementor elementor-13948\">\n\t\t\t\t\t\t<section class=\"elementor-section elementor-top-section elementor-element elementor-element-d5827ad elementor-section-full_width elementor-section-height-min-height elementor-section-items-stretch elementor-section-height-default wpr-particle-no wpr-jarallax-no wpr-parallax-no wpr-sticky-section-no wpr-column-slider-no wpr-equal-height-no\" data-id=\"d5827ad\" data-element_type=\"section\" data-e-type=\"section\" data-settings=\"{&quot;background_background&quot;:&quot;classic&quot;}\">\n\t\t\t\t\t\t<div class=\"elementor-container elementor-column-gap-no\">\n\t\t\t\t\t<div class=\"elementor-column elementor-col-100 elementor-top-column elementor-element elementor-element-bbcd814\" data-id=\"bbcd814\" data-element_type=\"column\" data-e-type=\"column\">\n\t\t\t<div class=\"elementor-widget-wrap elementor-element-populated\">\n\t\t\t\t\t\t<div class=\"elementor-element elementor-element-96cbd1f elementor--h-position-center elementor--v-position-middle elementor-widget elementor-widget-slides\" data-id=\"96cbd1f\" data-element_type=\"widget\" data-e-type=\"widget\" data-settings=\"{&quot;navigation&quot;:&quot;none&quot;,&quot;infinite&quot;:&quot;yes&quot;,&quot;transition&quot;:&quot;slide&quot;,&quot;transition_speed&quot;:500}\" data-widget_type=\"slides.default\">\n\t\t\t\t<div class=\"elementor-widget-container\">\n\t\t\t\t\t\t\t<div class=\"elementor-swiper\">\n\t\t\t<div class=\"elementor-slides-wrapper elementor-main-swiper swiper-container\" dir=\"ltr\" data-animation=\"\">\n\t\t\t\t<div class=\"swiper-wrapper elementor-slides\">\n\t\t\t\t\t\t\t\t\t\t<div class=\"elementor-repeater-item-d983a28 swiper-slide\"><div class=\"swiper-slide-bg\"><\/div><div class=\"swiper-slide-inner\" ><div class=\"swiper-slide-contents\"><div class=\"elementor-slide-heading\">Legal Guidance<\/div><\/div><\/div><\/div>\t\t\t\t<\/div>\n\t\t\t\t\t\t\t<\/div>\n\t\t<\/div>\n\t\t\t\t\t\t<\/div>\n\t\t\t\t<\/div>\n\t\t\t\t\t<\/div>\n\t\t<\/div>\n\t\t\t\t\t<\/div>\n\t\t<\/section>\n\t\t\t\t<section class=\"elementor-section elementor-top-section elementor-element elementor-element-c657db4 elementor-section-stretched elementor-section-boxed elementor-section-height-default elementor-section-height-default wpr-particle-no wpr-jarallax-no wpr-parallax-no wpr-sticky-section-no wpr-column-slider-no wpr-equal-height-no\" data-id=\"c657db4\" data-element_type=\"section\" data-e-type=\"section\" data-settings=\"{&quot;stretch_section&quot;:&quot;section-stretched&quot;,&quot;background_background&quot;:&quot;classic&quot;}\">\n\t\t\t\t\t\t<div class=\"elementor-container elementor-column-gap-default\">\n\t\t\t\t\t<div class=\"elementor-column elementor-col-100 elementor-top-column elementor-element elementor-element-7f57b21\" data-id=\"7f57b21\" data-element_type=\"column\" data-e-type=\"column\">\n\t\t\t<div class=\"elementor-widget-wrap elementor-element-populated\">\n\t\t\t\t\t\t<div class=\"elementor-element elementor-element-8f31a86 elementor-widget elementor-widget-heading\" data-id=\"8f31a86\" data-element_type=\"widget\" data-e-type=\"widget\" data-widget_type=\"heading.default\">\n\t\t\t\t<div class=\"elementor-widget-container\">\n\t\t\t\t\t<h3 class=\"elementor-heading-title elementor-size-default\">Immigrant, find specialized legal advice\n<\/h3>\t\t\t\t<\/div>\n\t\t\t\t<\/div>\n\t\t\t\t<div class=\"elementor-element elementor-element-90d8a6c elementor-widget elementor-widget-text-editor\" data-id=\"90d8a6c\" data-element_type=\"widget\" data-e-type=\"widget\" data-widget_type=\"text-editor.default\">\n\t\t\t\t<div class=\"elementor-widget-container\">\n\t\t\t\t\t\t\t\t\t<p>La gran mayor\u00eda de los migrantes que viven en Estados Unidos se encuentra en una posici\u00f3n complicada debido a la dura pol\u00edtica de \u201cTolerancia Cero\u201d que ha implementado el gobierno.<\/p><p>Por este motivo, uno de los principales apoyos que buscan los inmigrantes es en materia legal. <strong>Acceso Latino<\/strong> les brinda la herramienta de <a href=\"https:\/\/accesolatino.org\/en\/orientacion-legal\/\">Legal Guidance<\/a>, donde podr\u00e1s contactar a especialistas de manera gratuita o a bajo costo.<\/p><p>Una de las tarjetas que encontrar\u00e1s en nuestra herramienta es<strong> AILA<\/strong>, que es una asociaci\u00f3n de abogados expertos en materia migratoria.<\/p><p>En la plataforma de la <strong>Asociaci\u00f3n Americana de Abogados de Inmigraci\u00f3n<\/strong>, encontrar\u00e1s un apartado donde te ayudar\u00e1n a encontrar un abogado a la medida de tus necesidades.<\/p><p>In this form you must fill in the following fields: type of lawyer you need (specialist in the situation in which you find yourself), the zip code where you live to be able to refer to someone near your locality.<\/p><p>Al terminar de llenar el formulario te re-direccionar\u00e1n a un cat\u00e1logo con los datos de los abogados que se ajusten a tus necesidades.<\/p><p>Ahora accede a nuestra herramienta de <a href=\"https:\/\/accesolatino.org\/en\/orientacion-legal\/\">\u201cOrientaci\u00f3n Legal\u201d<\/a>, obt\u00e9n tu asesor\u00eda y representaci\u00f3n gratis.<\/p>\t\t\t\t\t\t\t\t<\/div>\n\t\t\t\t<\/div>\n\t\t\t\t<div class=\"elementor-element elementor-element-fbc093c elementor-widget elementor-widget-spacer\" data-id=\"fbc093c\" data-element_type=\"widget\" data-e-type=\"widget\" data-widget_type=\"spacer.default\">\n\t\t\t\t<div class=\"elementor-widget-container\">\n\t\t\t\t\t\t\t<div class=\"elementor-spacer\">\n\t\t\t<div class=\"elementor-spacer-inner\"><\/div>\n\t\t<\/div>\n\t\t\t\t\t\t<\/div>\n\t\t\t\t<\/div>\n\t\t\t\t\t<\/div>\n\t\t<\/div>\n\t\t\t\t\t<\/div>\n\t\t<\/section>\n\t\t\t\t<\/div>","protected":false},"excerpt":{"rendered":"<p>Orientaci\u00f3n Legal Inmigrante, encuentra asesor\u00eda legal especializada La gran mayor\u00eda de los migrantes que viven en Estados Unidos se encuentra en una posici\u00f3n complicada debido a la dura pol\u00edtica de \u201cTolerancia Cero\u201d que ha implementado el gobierno. Por este motivo, uno de los principales apoyos que buscan los inmigrantes es en materia legal. Acceso Latino les brinda la herramienta de Orientaci\u00f3n Legal, donde podr\u00e1s contactar a especialistas de manera gratuita o a bajo costo. Una de las tarjetas que encontrar\u00e1s en nuestra herramienta es AILA, que es una asociaci\u00f3n de abogados expertos en materia migratoria. En la plataforma de la Asociaci\u00f3n Americana de Abogados de Inmigraci\u00f3n, encontrar\u00e1s un apartado donde te ayudar\u00e1n a encontrar un abogado a la medida de tus necesidades. En este formulario deber\u00e1s llenar los siguientes campos: tipo de abogado que necesitas (especialista en la situaci\u00f3n en la que te encuentres), el c\u00f3digo postal donde radicas para poder referirte a alguien cerca de tu localidad. Al terminar de llenar el formulario te re-direccionar\u00e1n a un cat\u00e1logo con los datos de los abogados que se ajusten a tus necesidades. Ahora accede a nuestra herramienta de \u201cOrientaci\u00f3n Legal\u201d, obt\u00e9n tu asesor\u00eda y representaci\u00f3n gratis.<\/p>","protected":false},"author":8,"featured_media":9926,"parent":0,"menu_order":0,"comment_status":"closed","ping_status":"closed","template":"elementor_header_footer","meta":{"_uf_show_specific_survey":0,"_uf_disable_surveys":false,"footnotes":""},"class_list":["post-13948","page","type-page","status-publish","has-post-thumbnail"],"aioseo_notices":[],"yoast_head":"<!-- This site is optimized with the Yoast SEO plugin v27.6 - https:\/\/yoast.com\/product\/yoast-seo-wordpress\/ -->\n<title>Inmigrante, encuentra asesor\u00eda legal especializada<\/title>\n<meta name=\"description\" content=\"Inmigrante, encuentra\u00a0asesor\u00eda\u00a0legal especializada La gran mayor\u00eda de los migrantes que viven en Estados Unidos se encuentra en un ...\" \/>\n<meta name=\"robots\" content=\"index, follow, max-snippet:-1, max-image-preview:large, max-video-preview:-1\" \/>\n<link rel=\"canonical\" href=\"https:\/\/accesolatino.org\/en\/inmigrante-encuentra-asesoria-legal-especializada\/\" \/>\n<meta property=\"og:locale\" content=\"en_US\" \/>\n<meta property=\"og:type\" content=\"article\" \/>\n<meta property=\"og:title\" content=\"Acceso Latino | Inmigrante, encuentra asesor\u00eda legal especializada\" \/>\n<meta property=\"og:description\" content=\"Inmigrante, encuentra asesor\u00eda legal especializada\" \/>\n<meta property=\"og:url\" content=\"https:\/\/accesolatino.org\/en\/inmigrante-encuentra-asesoria-legal-especializada\/\" \/>\n<meta property=\"og:site_name\" content=\"Acceso Latino\" \/>\n<meta property=\"article:publisher\" content=\"https:\/\/www.facebook.com\/AccesoLatinoOrg\" \/>\n<meta property=\"article:modified_time\" content=\"2025-10-17T20:26:07+00:00\" \/>\n<meta property=\"og:image\" content=\"https:\/\/accesolatino.org\/wp-content\/uploads\/2017\/08\/Consulado-de-Mexico-realizara-talleres-de-ayuda-legal-para-migrantes-en-las-Carolinas.jpg\" \/>\n\t<meta property=\"og:image:width\" content=\"600\" \/>\n\t<meta property=\"og:image:height\" content=\"450\" \/>\n\t<meta property=\"og:image:type\" content=\"image\/jpeg\" \/>\n<meta name=\"twitter:card\" content=\"summary_large_image\" \/>\n<meta name=\"twitter:title\" content=\"Acceso Latino | Inmigrante, encuentra asesor\u00eda legal especializada\" \/>\n<meta name=\"twitter:description\" content=\"Inmigrante, encuentra asesor\u00eda legal especializada\" \/>\n<meta name=\"twitter:image\" content=\"https:\/\/accesolatino.org\/wp-content\/uploads\/2017\/08\/Consulado-de-Mexico-realizara-talleres-de-ayuda-legal-para-migrantes-en-las-Carolinas.jpg\" \/>\n<meta name=\"twitter:site\" content=\"@FAccLatino\" \/>\n<meta name=\"twitter:label1\" content=\"Est. reading time\" \/>\n\t<meta name=\"twitter:data1\" content=\"2 minutes\" \/>\n<script type=\"application\/ld+json\" class=\"yoast-schema-graph\">{\"@context\":\"https:\\\/\\\/schema.org\",\"@graph\":[{\"@type\":\"WebPage\",\"@id\":\"https:\\\/\\\/accesolatino.org\\\/en\\\/inmigrante-encuentra-asesoria-legal-especializada\\\/\",\"url\":\"https:\\\/\\\/accesolatino.org\\\/en\\\/inmigrante-encuentra-asesoria-legal-especializada\\\/\",\"name\":\"Inmigrante, encuentra asesor\u00eda legal especializada\",\"isPartOf\":{\"@id\":\"https:\\\/\\\/accesolatino.org\\\/#website\"},\"primaryImageOfPage\":{\"@id\":\"https:\\\/\\\/accesolatino.org\\\/en\\\/inmigrante-encuentra-asesoria-legal-especializada\\\/#primaryimage\"},\"image\":{\"@id\":\"https:\\\/\\\/accesolatino.org\\\/en\\\/inmigrante-encuentra-asesoria-legal-especializada\\\/#primaryimage\"},\"thumbnailUrl\":\"https:\\\/\\\/accesolatino.org\\\/wp-content\\\/uploads\\\/2017\\\/08\\\/Consulado-de-Mexico-realizara-talleres-de-ayuda-legal-para-migrantes-en-las-Carolinas.jpg\",\"datePublished\":\"2018-07-03T19:56:40+00:00\",\"dateModified\":\"2025-10-17T20:26:07+00:00\",\"description\":\"Inmigrante, encuentra\u00a0asesor\u00eda\u00a0legal especializada La gran mayor\u00eda de los migrantes que viven en Estados Unidos se encuentra en un ...\",\"breadcrumb\":{\"@id\":\"https:\\\/\\\/accesolatino.org\\\/en\\\/inmigrante-encuentra-asesoria-legal-especializada\\\/#breadcrumb\"},\"inLanguage\":\"en-US\",\"potentialAction\":[{\"@type\":\"ReadAction\",\"target\":[\"https:\\\/\\\/accesolatino.org\\\/en\\\/inmigrante-encuentra-asesoria-legal-especializada\\\/\"]}]},{\"@type\":\"ImageObject\",\"inLanguage\":\"en-US\",\"@id\":\"https:\\\/\\\/accesolatino.org\\\/en\\\/inmigrante-encuentra-asesoria-legal-especializada\\\/#primaryimage\",\"url\":\"https:\\\/\\\/accesolatino.org\\\/wp-content\\\/uploads\\\/2017\\\/08\\\/Consulado-de-Mexico-realizara-talleres-de-ayuda-legal-para-migrantes-en-las-Carolinas.jpg\",\"contentUrl\":\"https:\\\/\\\/accesolatino.org\\\/wp-content\\\/uploads\\\/2017\\\/08\\\/Consulado-de-Mexico-realizara-talleres-de-ayuda-legal-para-migrantes-en-las-Carolinas.jpg\",\"width\":\"600\",\"height\":\"450\",\"caption\":\"asesor\u00edas\"},{\"@type\":\"BreadcrumbList\",\"@id\":\"https:\\\/\\\/accesolatino.org\\\/en\\\/inmigrante-encuentra-asesoria-legal-especializada\\\/#breadcrumb\",\"itemListElement\":[{\"@type\":\"ListItem\",\"position\":1,\"name\":\"Portada\",\"item\":\"https:\\\/\\\/accesolatino.org\\\/\"},{\"@type\":\"ListItem\",\"position\":2,\"name\":\"Inmigrante, encuentra asesor\u00eda legal especializada\"}]},{\"@type\":\"WebSite\",\"@id\":\"https:\\\/\\\/accesolatino.org\\\/#website\",\"url\":\"https:\\\/\\\/accesolatino.org\\\/\",\"name\":\"Acceso Latino | Fundaci\u00f3n Carlos Slim\",\"description\":\"Fundaci\u00f3n Carlos Slim\",\"publisher\":{\"@id\":\"https:\\\/\\\/accesolatino.org\\\/#organization\"},\"potentialAction\":[{\"@type\":\"SearchAction\",\"target\":{\"@type\":\"EntryPoint\",\"urlTemplate\":\"https:\\\/\\\/accesolatino.org\\\/?s={search_term_string}\"},\"query-input\":{\"@type\":\"PropertyValueSpecification\",\"valueRequired\":true,\"valueName\":\"search_term_string\"}}],\"inLanguage\":\"en-US\"},{\"@type\":\"Organization\",\"@id\":\"https:\\\/\\\/accesolatino.org\\\/#organization\",\"name\":\"Acceso Latino | Fundaci\u00f3n Carlos Slim\",\"url\":\"https:\\\/\\\/accesolatino.org\\\/\",\"logo\":{\"@type\":\"ImageObject\",\"inLanguage\":\"en-US\",\"@id\":\"https:\\\/\\\/accesolatino.org\\\/#\\\/schema\\\/logo\\\/image\\\/\",\"url\":\"https:\\\/\\\/accesolatino.org\\\/wp-content\\\/uploads\\\/2021\\\/02\\\/logo-footer-acceso-latino.png\",\"contentUrl\":\"https:\\\/\\\/accesolatino.org\\\/wp-content\\\/uploads\\\/2021\\\/02\\\/logo-footer-acceso-latino.png\",\"width\":240,\"height\":40,\"caption\":\"Acceso Latino | Fundaci\u00f3n Carlos Slim\"},\"image\":{\"@id\":\"https:\\\/\\\/accesolatino.org\\\/#\\\/schema\\\/logo\\\/image\\\/\"},\"sameAs\":[\"https:\\\/\\\/www.facebook.com\\\/AccesoLatinoOrg\",\"https:\\\/\\\/x.com\\\/FAccLatino\"]}]}<\/script>\n<!-- \/ Yoast SEO plugin. -->","yoast_head_json":{"title":"Immigrant, find specialized legal advice","description":"Inmigrante, encuentra\u00a0asesor\u00eda\u00a0legal especializada La gran mayor\u00eda de los migrantes que viven en Estados Unidos se encuentra en un ...","robots":{"index":"index","follow":"follow","max-snippet":"max-snippet:-1","max-image-preview":"max-image-preview:large","max-video-preview":"max-video-preview:-1"},"canonical":"https:\/\/accesolatino.org\/en\/inmigrante-encuentra-asesoria-legal-especializada\/","og_locale":"en_US","og_type":"article","og_title":"Acceso Latino | Inmigrante, encuentra asesor\u00eda legal especializada","og_description":"Inmigrante, encuentra asesor\u00eda legal especializada","og_url":"https:\/\/accesolatino.org\/en\/inmigrante-encuentra-asesoria-legal-especializada\/","og_site_name":"Acceso Latino","article_publisher":"https:\/\/www.facebook.com\/AccesoLatinoOrg","article_modified_time":"2025-10-17T20:26:07+00:00","og_image":[{"width":600,"height":450,"url":"https:\/\/accesolatino.org\/wp-content\/uploads\/2017\/08\/Consulado-de-Mexico-realizara-talleres-de-ayuda-legal-para-migrantes-en-las-Carolinas.jpg","type":"image\/jpeg"}],"twitter_card":"summary_large_image","twitter_title":"Acceso Latino | Inmigrante, encuentra asesor\u00eda legal especializada","twitter_description":"Inmigrante, encuentra asesor\u00eda legal especializada","twitter_image":"https:\/\/accesolatino.org\/wp-content\/uploads\/2017\/08\/Consulado-de-Mexico-realizara-talleres-de-ayuda-legal-para-migrantes-en-las-Carolinas.jpg","twitter_site":"@FAccLatino","twitter_misc":{"Est. reading time":"2 minutes"},"schema":{"@context":"https:\/\/schema.org","@graph":[{"@type":"WebPage","@id":"https:\/\/accesolatino.org\/en\/inmigrante-encuentra-asesoria-legal-especializada\/","url":"https:\/\/accesolatino.org\/en\/inmigrante-encuentra-asesoria-legal-especializada\/","name":"Immigrant, find specialized legal advice","isPartOf":{"@id":"https:\/\/accesolatino.org\/#website"},"primaryImageOfPage":{"@id":"https:\/\/accesolatino.org\/en\/inmigrante-encuentra-asesoria-legal-especializada\/#primaryimage"},"image":{"@id":"https:\/\/accesolatino.org\/en\/inmigrante-encuentra-asesoria-legal-especializada\/#primaryimage"},"thumbnailUrl":"https:\/\/accesolatino.org\/wp-content\/uploads\/2017\/08\/Consulado-de-Mexico-realizara-talleres-de-ayuda-legal-para-migrantes-en-las-Carolinas.jpg","datePublished":"2018-07-03T19:56:40+00:00","dateModified":"2025-10-17T20:26:07+00:00","description":"Inmigrante, encuentra\u00a0asesor\u00eda\u00a0legal especializada La gran mayor\u00eda de los migrantes que viven en Estados Unidos se encuentra en un ...","breadcrumb":{"@id":"https:\/\/accesolatino.org\/en\/inmigrante-encuentra-asesoria-legal-especializada\/#breadcrumb"},"inLanguage":"en-US","potentialAction":[{"@type":"ReadAction","target":["https:\/\/accesolatino.org\/en\/inmigrante-encuentra-asesoria-legal-especializada\/"]}]},{"@type":"ImageObject","inLanguage":"en-US","@id":"https:\/\/accesolatino.org\/en\/inmigrante-encuentra-asesoria-legal-especializada\/#primaryimage","url":"https:\/\/accesolatino.org\/wp-content\/uploads\/2017\/08\/Consulado-de-Mexico-realizara-talleres-de-ayuda-legal-para-migrantes-en-las-Carolinas.jpg","contentUrl":"https:\/\/accesolatino.org\/wp-content\/uploads\/2017\/08\/Consulado-de-Mexico-realizara-talleres-de-ayuda-legal-para-migrantes-en-las-Carolinas.jpg","width":"600","height":"450","caption":"asesor\u00edas"},{"@type":"BreadcrumbList","@id":"https:\/\/accesolatino.org\/en\/inmigrante-encuentra-asesoria-legal-especializada\/#breadcrumb","itemListElement":[{"@type":"ListItem","position":1,"name":"Portada","item":"https:\/\/accesolatino.org\/"},{"@type":"ListItem","position":2,"name":"Inmigrante, encuentra asesor\u00eda legal especializada"}]},{"@type":"WebSite","@id":"https:\/\/accesolatino.org\/#website","url":"https:\/\/accesolatino.org\/","name":"Acceso Latino | Fundaci\u00f3n Carlos Slim","description":"Fundaci\u00f3n Carlos Slim","publisher":{"@id":"https:\/\/accesolatino.org\/#organization"},"potentialAction":[{"@type":"SearchAction","target":{"@type":"EntryPoint","urlTemplate":"https:\/\/accesolatino.org\/?s={search_term_string}"},"query-input":{"@type":"PropertyValueSpecification","valueRequired":true,"valueName":"search_term_string"}}],"inLanguage":"en-US"},{"@type":"Organization","@id":"https:\/\/accesolatino.org\/#organization","name":"Acceso Latino | Fundaci\u00f3n Carlos Slim","url":"https:\/\/accesolatino.org\/","logo":{"@type":"ImageObject","inLanguage":"en-US","@id":"https:\/\/accesolatino.org\/#\/schema\/logo\/image\/","url":"https:\/\/accesolatino.org\/wp-content\/uploads\/2021\/02\/logo-footer-acceso-latino.png","contentUrl":"https:\/\/accesolatino.org\/wp-content\/uploads\/2021\/02\/logo-footer-acceso-latino.png","width":240,"height":40,"caption":"Acceso Latino | Fundaci\u00f3n Carlos Slim"},"image":{"@id":"https:\/\/accesolatino.org\/#\/schema\/logo\/image\/"},"sameAs":["https:\/\/www.facebook.com\/AccesoLatinoOrg","https:\/\/x.com\/FAccLatino"]}]}},"_links":{"self":[{"href":"https:\/\/accesolatino.org\/en\/wp-json\/wp\/v2\/pages\/13948","targetHints":{"allow":["GET"]}}],"collection":[{"href":"https:\/\/accesolatino.org\/en\/wp-json\/wp\/v2\/pages"}],"about":[{"href":"https:\/\/accesolatino.org\/en\/wp-json\/wp\/v2\/types\/page"}],"author":[{"embeddable":true,"href":"https:\/\/accesolatino.org\/en\/wp-json\/wp\/v2\/users\/8"}],"replies":[{"embeddable":true,"href":"https:\/\/accesolatino.org\/en\/wp-json\/wp\/v2\/comments?post=13948"}],"version-history":[{"count":1,"href":"https:\/\/accesolatino.org\/en\/wp-json\/wp\/v2\/pages\/13948\/revisions"}],"predecessor-version":[{"id":64231,"href":"https:\/\/accesolatino.org\/en\/wp-json\/wp\/v2\/pages\/13948\/revisions\/64231"}],"wp:featuredmedia":[{"embeddable":true,"href":"https:\/\/accesolatino.org\/en\/wp-json\/wp\/v2\/media\/9926"}],"wp:attachment":[{"href":"https:\/\/accesolatino.org\/en\/wp-json\/wp\/v2\/media?parent=13948"}],"curies":[{"name":"wp","href":"https:\/\/api.w.org\/{rel}","templated":true}]}}