{"id":13922,"date":"2018-06-29T10:07:59","date_gmt":"2018-06-29T15:07:59","guid":{"rendered":"http:\/\/accesolatino.org\/?page_id=13922"},"modified":"2025-10-17T18:15:52","modified_gmt":"2025-10-18T00:15:52","slug":"sin-fronteras-ofrece-ayuda-legal-a-migrantes-en-mexico","status":"publish","type":"page","link":"https:\/\/accesolatino.org\/en\/sin-fronteras-ofrece-ayuda-legal-a-migrantes-en-mexico\/","title":{"rendered":"Sin Fronteras offers legal aid to migrants in Mexico"},"content":{"rendered":"<div data-elementor-type=\"wp-post\" data-elementor-id=\"13922\" class=\"elementor elementor-13922\">\n\t\t\t\t\t\t<section class=\"elementor-section elementor-top-section elementor-element elementor-element-760e6b6 elementor-section-full_width elementor-section-height-min-height elementor-section-items-stretch elementor-section-height-default wpr-particle-no wpr-jarallax-no wpr-parallax-no wpr-sticky-section-no wpr-equal-height-no\" data-id=\"760e6b6\" data-element_type=\"section\" data-e-type=\"section\" data-settings=\"{&quot;background_background&quot;:&quot;classic&quot;}\">\n\t\t\t\t\t\t<div class=\"elementor-container elementor-column-gap-no\">\n\t\t\t\t\t<div class=\"elementor-column elementor-col-100 elementor-top-column elementor-element elementor-element-79256c8\" data-id=\"79256c8\" data-element_type=\"column\" data-e-type=\"column\">\n\t\t\t<div class=\"elementor-widget-wrap elementor-element-populated\">\n\t\t\t\t\t\t<div class=\"elementor-element elementor-element-28fb744 elementor--h-position-center elementor--v-position-middle elementor-widget elementor-widget-slides\" data-id=\"28fb744\" data-element_type=\"widget\" data-e-type=\"widget\" data-settings=\"{&quot;navigation&quot;:&quot;none&quot;,&quot;infinite&quot;:&quot;yes&quot;,&quot;transition&quot;:&quot;slide&quot;,&quot;transition_speed&quot;:500}\" data-widget_type=\"slides.default\">\n\t\t\t\t<div class=\"elementor-widget-container\">\n\t\t\t\t\t\t\t<div class=\"elementor-swiper\">\n\t\t\t<div class=\"elementor-slides-wrapper elementor-main-swiper swiper-container\" dir=\"ltr\" data-animation=\"\">\n\t\t\t\t<div class=\"swiper-wrapper elementor-slides\">\n\t\t\t\t\t\t\t\t\t\t<div class=\"elementor-repeater-item-d983a28 swiper-slide\"><div class=\"swiper-slide-bg\"><\/div><div class=\"swiper-slide-inner\" ><div class=\"swiper-slide-contents\"><div class=\"elementor-slide-heading\">Legal Guidance<\/div><\/div><\/div><\/div>\t\t\t\t<\/div>\n\t\t\t\t\t\t\t<\/div>\n\t\t<\/div>\n\t\t\t\t\t\t<\/div>\n\t\t\t\t<\/div>\n\t\t\t\t\t<\/div>\n\t\t<\/div>\n\t\t\t\t\t<\/div>\n\t\t<\/section>\n\t\t\t\t<section class=\"elementor-section elementor-top-section elementor-element elementor-element-664753b elementor-section-stretched elementor-section-boxed elementor-section-height-default elementor-section-height-default wpr-particle-no wpr-jarallax-no wpr-parallax-no wpr-sticky-section-no wpr-equal-height-no\" data-id=\"664753b\" data-element_type=\"section\" data-e-type=\"section\" data-settings=\"{&quot;stretch_section&quot;:&quot;section-stretched&quot;,&quot;background_background&quot;:&quot;classic&quot;}\">\n\t\t\t\t\t\t<div class=\"elementor-container elementor-column-gap-default\">\n\t\t\t\t\t<div class=\"elementor-column elementor-col-100 elementor-top-column elementor-element elementor-element-5209c48\" data-id=\"5209c48\" data-element_type=\"column\" data-e-type=\"column\">\n\t\t\t<div class=\"elementor-widget-wrap elementor-element-populated\">\n\t\t\t\t\t\t<div class=\"elementor-element elementor-element-744a6c8 elementor-widget elementor-widget-heading\" data-id=\"744a6c8\" data-element_type=\"widget\" data-e-type=\"widget\" data-widget_type=\"heading.default\">\n\t\t\t\t<div class=\"elementor-widget-container\">\n\t\t\t\t\t<h3 class=\"elementor-heading-title elementor-size-default\">Sin Fronteras offers legal aid to migrants in Mexico\n<\/h3>\t\t\t\t<\/div>\n\t\t\t\t<\/div>\n\t\t\t\t<div class=\"elementor-element elementor-element-592782f elementor-widget elementor-widget-text-editor\" data-id=\"592782f\" data-element_type=\"widget\" data-e-type=\"widget\" data-widget_type=\"text-editor.default\">\n\t\t\t\t<div class=\"elementor-widget-container\">\n\t\t\t\t\t\t\t\t\t<p>Ahora m\u00e1s que nunca el poder recurrir a abogados confiables y de bajo costo o sin costo, es de vital importancia. Por eso, en <strong>Acceso Latino<\/strong> podr\u00e1s contactar a especialistas migratorios que te orientar\u00e1n en asuntos legales.<\/p><p>In <strong>Acceso Latino<\/strong> les brindamos a los migrantes herramientas en nuestra secci\u00f3n <a href=\"https:\/\/accesolatino.org\/en\/orientacion-legal\/\">\u201cOrientaci\u00f3n Legal\u201d<\/a>, donde encontrar\u00e1n la tarjeta de <strong>Sin Fronteras<\/strong>, organizaci\u00f3n que cuenta con una red de abogados sin costo.<\/p><p><strong>Sin Fronteras<\/strong> es una organizaci\u00f3n que ha constituido la Red de Abogados Pro Bono, la cual brinda, por un lado, la oportunidad de dar apoyo a un sector vulnerable en M\u00e9xico, mientras que por el otro, es un catalizador para impulsar la participaci\u00f3n y el debate p\u00fablico sobre la situaci\u00f3n de los migrantes documentados, indocumentados y solicitantes de asilo en M\u00e9xico.<\/p><p>Conoce otras herramientas legales que tenemos para ti en <strong>Acceso Latino tu primera ventana de consulta migratoria.<\/strong><\/p>\t\t\t\t\t\t\t\t<\/div>\n\t\t\t\t<\/div>\n\t\t\t\t<div class=\"elementor-element elementor-element-8396275 elementor-widget elementor-widget-spacer\" data-id=\"8396275\" data-element_type=\"widget\" data-e-type=\"widget\" data-widget_type=\"spacer.default\">\n\t\t\t\t<div class=\"elementor-widget-container\">\n\t\t\t\t\t\t\t<div class=\"elementor-spacer\">\n\t\t\t<div class=\"elementor-spacer-inner\"><\/div>\n\t\t<\/div>\n\t\t\t\t\t\t<\/div>\n\t\t\t\t<\/div>\n\t\t\t\t\t<\/div>\n\t\t<\/div>\n\t\t\t\t\t<\/div>\n\t\t<\/section>\n\t\t\t\t<\/div>","protected":false},"excerpt":{"rendered":"<p>Orientaci\u00f3n Legal Sin Fronteras ofrece ayuda legal a migrantes en M\u00e9xico Ahora m\u00e1s que nunca el poder recurrir a abogados confiables y de bajo costo o sin costo, es de vital importancia. Por eso, en Acceso Latino podr\u00e1s contactar a especialistas migratorios que te orientar\u00e1n en asuntos legales. En Acceso Latino les brindamos a los migrantes herramientas en nuestra secci\u00f3n \u201cOrientaci\u00f3n Legal\u201d, donde encontrar\u00e1n la tarjeta de Sin Fronteras, organizaci\u00f3n que cuenta con una red de abogados sin costo. Sin Fronteras es una organizaci\u00f3n que ha constituido la Red de Abogados Pro Bono, la cual brinda, por un lado, la oportunidad de dar apoyo a un sector vulnerable en M\u00e9xico, mientras que por el otro, es un catalizador para impulsar la participaci\u00f3n y el debate p\u00fablico sobre la situaci\u00f3n de los migrantes documentados, indocumentados y solicitantes de asilo en M\u00e9xico. Conoce otras herramientas legales que tenemos para ti en Acceso Latino tu primera ventana de consulta migratoria.<\/p>","protected":false},"author":8,"featured_media":2307,"parent":0,"menu_order":0,"comment_status":"closed","ping_status":"closed","template":"elementor_header_footer","meta":{"_uf_show_specific_survey":0,"_uf_disable_surveys":false,"footnotes":""},"class_list":["post-13922","page","type-page","status-publish","has-post-thumbnail"],"aioseo_notices":[],"yoast_head":"<!-- This site is optimized with the Yoast SEO plugin v27.4 - https:\/\/yoast.com\/product\/yoast-seo-wordpress\/ -->\n<title>Sin Fronteras ofrece ayuda legal a migrantes en M\u00e9xico<\/title>\n<meta name=\"description\" content=\"Sin Fronteras ofrece ayuda legal a migrantes en M\u00e9xico Ahora m\u00e1s que nunca el poder recurrir a abogados confiables y de bajo costo...\" \/>\n<meta name=\"robots\" content=\"index, follow, max-snippet:-1, max-image-preview:large, max-video-preview:-1\" \/>\n<link rel=\"canonical\" href=\"https:\/\/accesolatino.org\/en\/sin-fronteras-ofrece-ayuda-legal-a-migrantes-en-mexico\/\" \/>\n<meta property=\"og:locale\" content=\"en_US\" \/>\n<meta property=\"og:type\" content=\"article\" \/>\n<meta property=\"og:title\" content=\"Acceso Latino | Sin Fronteras ofrece ayuda legal a migrantes en M\u00e9xico\" \/>\n<meta property=\"og:description\" content=\"Conoce las Instituciones que te pueden ser de ayuda en otros pa\u00edses.\" \/>\n<meta property=\"og:url\" content=\"https:\/\/accesolatino.org\/en\/sin-fronteras-ofrece-ayuda-legal-a-migrantes-en-mexico\/\" \/>\n<meta property=\"og:site_name\" content=\"Acceso Latino\" \/>\n<meta property=\"article:publisher\" content=\"https:\/\/www.facebook.com\/AccesoLatinoOrg\" \/>\n<meta property=\"article:modified_time\" content=\"2025-10-18T00:15:52+00:00\" \/>\n<meta property=\"og:image\" content=\"https:\/\/accesolatino.org\/wp-content\/uploads\/2018\/03\/Sin-Fronteras.jpg\" \/>\n\t<meta property=\"og:image:width\" content=\"1000\" \/>\n\t<meta property=\"og:image:height\" content=\"665\" \/>\n\t<meta property=\"og:image:type\" content=\"image\/jpeg\" \/>\n<meta name=\"twitter:card\" content=\"summary_large_image\" \/>\n<meta name=\"twitter:title\" content=\"Acceso Latino | Sin Fronteras ofrece ayuda legal a migrantes en M\u00e9xico\" \/>\n<meta name=\"twitter:description\" content=\"Conoce las Instituciones que te pueden ser de ayuda en otros pa\u00edses.\" \/>\n<meta name=\"twitter:image\" content=\"https:\/\/accesolatino.org\/wp-content\/uploads\/2018\/03\/Sin-Fronteras.jpg\" \/>\n<meta name=\"twitter:site\" content=\"@FAccLatino\" \/>\n<meta name=\"twitter:label1\" content=\"Est. reading time\" \/>\n\t<meta name=\"twitter:data1\" content=\"1 minute\" \/>\n<script type=\"application\/ld+json\" class=\"yoast-schema-graph\">{\"@context\":\"https:\\\/\\\/schema.org\",\"@graph\":[{\"@type\":\"WebPage\",\"@id\":\"https:\\\/\\\/accesolatino.org\\\/sin-fronteras-ofrece-ayuda-legal-a-migrantes-en-mexico\\\/\",\"url\":\"https:\\\/\\\/accesolatino.org\\\/sin-fronteras-ofrece-ayuda-legal-a-migrantes-en-mexico\\\/\",\"name\":\"Sin Fronteras ofrece ayuda legal a migrantes en M\u00e9xico\",\"isPartOf\":{\"@id\":\"https:\\\/\\\/accesolatino.org\\\/#website\"},\"primaryImageOfPage\":{\"@id\":\"https:\\\/\\\/accesolatino.org\\\/sin-fronteras-ofrece-ayuda-legal-a-migrantes-en-mexico\\\/#primaryimage\"},\"image\":{\"@id\":\"https:\\\/\\\/accesolatino.org\\\/sin-fronteras-ofrece-ayuda-legal-a-migrantes-en-mexico\\\/#primaryimage\"},\"thumbnailUrl\":\"https:\\\/\\\/accesolatino.org\\\/wp-content\\\/uploads\\\/2018\\\/03\\\/Sin-Fronteras.jpg\",\"datePublished\":\"2018-06-29T15:07:59+00:00\",\"dateModified\":\"2025-10-18T00:15:52+00:00\",\"description\":\"Sin Fronteras ofrece ayuda legal a migrantes en M\u00e9xico Ahora m\u00e1s que nunca el poder recurrir a abogados confiables y de bajo costo...\",\"breadcrumb\":{\"@id\":\"https:\\\/\\\/accesolatino.org\\\/sin-fronteras-ofrece-ayuda-legal-a-migrantes-en-mexico\\\/#breadcrumb\"},\"inLanguage\":\"en-US\",\"potentialAction\":[{\"@type\":\"ReadAction\",\"target\":[\"https:\\\/\\\/accesolatino.org\\\/sin-fronteras-ofrece-ayuda-legal-a-migrantes-en-mexico\\\/\"]}]},{\"@type\":\"ImageObject\",\"inLanguage\":\"en-US\",\"@id\":\"https:\\\/\\\/accesolatino.org\\\/sin-fronteras-ofrece-ayuda-legal-a-migrantes-en-mexico\\\/#primaryimage\",\"url\":\"https:\\\/\\\/accesolatino.org\\\/wp-content\\\/uploads\\\/2018\\\/03\\\/Sin-Fronteras.jpg\",\"contentUrl\":\"https:\\\/\\\/accesolatino.org\\\/wp-content\\\/uploads\\\/2018\\\/03\\\/Sin-Fronteras.jpg\",\"width\":\"1000\",\"height\":\"665\",\"caption\":\"sin fronteras\"},{\"@type\":\"BreadcrumbList\",\"@id\":\"https:\\\/\\\/accesolatino.org\\\/sin-fronteras-ofrece-ayuda-legal-a-migrantes-en-mexico\\\/#breadcrumb\",\"itemListElement\":[{\"@type\":\"ListItem\",\"position\":1,\"name\":\"Portada\",\"item\":\"https:\\\/\\\/accesolatino.org\\\/\"},{\"@type\":\"ListItem\",\"position\":2,\"name\":\"Sin Fronteras ofrece ayuda legal a migrantes en M\u00e9xico\"}]},{\"@type\":\"WebSite\",\"@id\":\"https:\\\/\\\/accesolatino.org\\\/#website\",\"url\":\"https:\\\/\\\/accesolatino.org\\\/\",\"name\":\"Acceso Latino | Fundaci\u00f3n Carlos Slim\",\"description\":\"Fundaci\u00f3n Carlos Slim\",\"publisher\":{\"@id\":\"https:\\\/\\\/accesolatino.org\\\/#organization\"},\"potentialAction\":[{\"@type\":\"SearchAction\",\"target\":{\"@type\":\"EntryPoint\",\"urlTemplate\":\"https:\\\/\\\/accesolatino.org\\\/?s={search_term_string}\"},\"query-input\":{\"@type\":\"PropertyValueSpecification\",\"valueRequired\":true,\"valueName\":\"search_term_string\"}}],\"inLanguage\":\"en-US\"},{\"@type\":\"Organization\",\"@id\":\"https:\\\/\\\/accesolatino.org\\\/#organization\",\"name\":\"Acceso Latino | Fundaci\u00f3n Carlos Slim\",\"url\":\"https:\\\/\\\/accesolatino.org\\\/\",\"logo\":{\"@type\":\"ImageObject\",\"inLanguage\":\"en-US\",\"@id\":\"https:\\\/\\\/accesolatino.org\\\/#\\\/schema\\\/logo\\\/image\\\/\",\"url\":\"https:\\\/\\\/accesolatino.org\\\/wp-content\\\/uploads\\\/2021\\\/02\\\/logo-footer-acceso-latino.png\",\"contentUrl\":\"https:\\\/\\\/accesolatino.org\\\/wp-content\\\/uploads\\\/2021\\\/02\\\/logo-footer-acceso-latino.png\",\"width\":240,\"height\":40,\"caption\":\"Acceso Latino | Fundaci\u00f3n Carlos Slim\"},\"image\":{\"@id\":\"https:\\\/\\\/accesolatino.org\\\/#\\\/schema\\\/logo\\\/image\\\/\"},\"sameAs\":[\"https:\\\/\\\/www.facebook.com\\\/AccesoLatinoOrg\",\"https:\\\/\\\/x.com\\\/FAccLatino\"]}]}<\/script>\n<!-- \/ Yoast SEO plugin. -->","yoast_head_json":{"title":"Sin Fronteras offers legal aid to migrants in Mexico","description":"Sin Fronteras ofrece ayuda legal a migrantes en M\u00e9xico Ahora m\u00e1s que nunca el poder recurrir a abogados confiables y de bajo costo...","robots":{"index":"index","follow":"follow","max-snippet":"max-snippet:-1","max-image-preview":"max-image-preview:large","max-video-preview":"max-video-preview:-1"},"canonical":"https:\/\/accesolatino.org\/en\/sin-fronteras-ofrece-ayuda-legal-a-migrantes-en-mexico\/","og_locale":"en_US","og_type":"article","og_title":"Acceso Latino | Sin Fronteras ofrece ayuda legal a migrantes en M\u00e9xico","og_description":"Conoce las Instituciones que te pueden ser de ayuda en otros pa\u00edses.","og_url":"https:\/\/accesolatino.org\/en\/sin-fronteras-ofrece-ayuda-legal-a-migrantes-en-mexico\/","og_site_name":"Acceso Latino","article_publisher":"https:\/\/www.facebook.com\/AccesoLatinoOrg","article_modified_time":"2025-10-18T00:15:52+00:00","og_image":[{"width":1000,"height":665,"url":"https:\/\/accesolatino.org\/wp-content\/uploads\/2018\/03\/Sin-Fronteras.jpg","type":"image\/jpeg"}],"twitter_card":"summary_large_image","twitter_title":"Acceso Latino | Sin Fronteras ofrece ayuda legal a migrantes en M\u00e9xico","twitter_description":"Conoce las Instituciones que te pueden ser de ayuda en otros pa\u00edses.","twitter_image":"https:\/\/accesolatino.org\/wp-content\/uploads\/2018\/03\/Sin-Fronteras.jpg","twitter_site":"@FAccLatino","twitter_misc":{"Est. reading time":"1 minute"},"schema":{"@context":"https:\/\/schema.org","@graph":[{"@type":"WebPage","@id":"https:\/\/accesolatino.org\/sin-fronteras-ofrece-ayuda-legal-a-migrantes-en-mexico\/","url":"https:\/\/accesolatino.org\/sin-fronteras-ofrece-ayuda-legal-a-migrantes-en-mexico\/","name":"Sin Fronteras offers legal aid to migrants in Mexico","isPartOf":{"@id":"https:\/\/accesolatino.org\/#website"},"primaryImageOfPage":{"@id":"https:\/\/accesolatino.org\/sin-fronteras-ofrece-ayuda-legal-a-migrantes-en-mexico\/#primaryimage"},"image":{"@id":"https:\/\/accesolatino.org\/sin-fronteras-ofrece-ayuda-legal-a-migrantes-en-mexico\/#primaryimage"},"thumbnailUrl":"https:\/\/accesolatino.org\/wp-content\/uploads\/2018\/03\/Sin-Fronteras.jpg","datePublished":"2018-06-29T15:07:59+00:00","dateModified":"2025-10-18T00:15:52+00:00","description":"Sin Fronteras ofrece ayuda legal a migrantes en M\u00e9xico Ahora m\u00e1s que nunca el poder recurrir a abogados confiables y de bajo costo...","breadcrumb":{"@id":"https:\/\/accesolatino.org\/sin-fronteras-ofrece-ayuda-legal-a-migrantes-en-mexico\/#breadcrumb"},"inLanguage":"en-US","potentialAction":[{"@type":"ReadAction","target":["https:\/\/accesolatino.org\/sin-fronteras-ofrece-ayuda-legal-a-migrantes-en-mexico\/"]}]},{"@type":"ImageObject","inLanguage":"en-US","@id":"https:\/\/accesolatino.org\/sin-fronteras-ofrece-ayuda-legal-a-migrantes-en-mexico\/#primaryimage","url":"https:\/\/accesolatino.org\/wp-content\/uploads\/2018\/03\/Sin-Fronteras.jpg","contentUrl":"https:\/\/accesolatino.org\/wp-content\/uploads\/2018\/03\/Sin-Fronteras.jpg","width":"1000","height":"665","caption":"sin fronteras"},{"@type":"BreadcrumbList","@id":"https:\/\/accesolatino.org\/sin-fronteras-ofrece-ayuda-legal-a-migrantes-en-mexico\/#breadcrumb","itemListElement":[{"@type":"ListItem","position":1,"name":"Portada","item":"https:\/\/accesolatino.org\/"},{"@type":"ListItem","position":2,"name":"Sin Fronteras ofrece ayuda legal a migrantes en M\u00e9xico"}]},{"@type":"WebSite","@id":"https:\/\/accesolatino.org\/#website","url":"https:\/\/accesolatino.org\/","name":"Acceso Latino | Fundaci\u00f3n Carlos Slim","description":"Fundaci\u00f3n Carlos Slim","publisher":{"@id":"https:\/\/accesolatino.org\/#organization"},"potentialAction":[{"@type":"SearchAction","target":{"@type":"EntryPoint","urlTemplate":"https:\/\/accesolatino.org\/?s={search_term_string}"},"query-input":{"@type":"PropertyValueSpecification","valueRequired":true,"valueName":"search_term_string"}}],"inLanguage":"en-US"},{"@type":"Organization","@id":"https:\/\/accesolatino.org\/#organization","name":"Acceso Latino | Fundaci\u00f3n Carlos Slim","url":"https:\/\/accesolatino.org\/","logo":{"@type":"ImageObject","inLanguage":"en-US","@id":"https:\/\/accesolatino.org\/#\/schema\/logo\/image\/","url":"https:\/\/accesolatino.org\/wp-content\/uploads\/2021\/02\/logo-footer-acceso-latino.png","contentUrl":"https:\/\/accesolatino.org\/wp-content\/uploads\/2021\/02\/logo-footer-acceso-latino.png","width":240,"height":40,"caption":"Acceso Latino | Fundaci\u00f3n Carlos Slim"},"image":{"@id":"https:\/\/accesolatino.org\/#\/schema\/logo\/image\/"},"sameAs":["https:\/\/www.facebook.com\/AccesoLatinoOrg","https:\/\/x.com\/FAccLatino"]}]}},"_links":{"self":[{"href":"https:\/\/accesolatino.org\/en\/wp-json\/wp\/v2\/pages\/13922","targetHints":{"allow":["GET"]}}],"collection":[{"href":"https:\/\/accesolatino.org\/en\/wp-json\/wp\/v2\/pages"}],"about":[{"href":"https:\/\/accesolatino.org\/en\/wp-json\/wp\/v2\/types\/page"}],"author":[{"embeddable":true,"href":"https:\/\/accesolatino.org\/en\/wp-json\/wp\/v2\/users\/8"}],"replies":[{"embeddable":true,"href":"https:\/\/accesolatino.org\/en\/wp-json\/wp\/v2\/comments?post=13922"}],"version-history":[{"count":1,"href":"https:\/\/accesolatino.org\/en\/wp-json\/wp\/v2\/pages\/13922\/revisions"}],"predecessor-version":[{"id":64281,"href":"https:\/\/accesolatino.org\/en\/wp-json\/wp\/v2\/pages\/13922\/revisions\/64281"}],"wp:featuredmedia":[{"embeddable":true,"href":"https:\/\/accesolatino.org\/en\/wp-json\/wp\/v2\/media\/2307"}],"wp:attachment":[{"href":"https:\/\/accesolatino.org\/en\/wp-json\/wp\/v2\/media?parent=13922"}],"curies":[{"name":"wp","href":"https:\/\/api.w.org\/{rel}","templated":true}]}}