{"id":13910,"date":"2018-06-28T09:55:17","date_gmt":"2018-06-28T14:55:17","guid":{"rendered":"https:\/\/accesolatino.org\/?page_id=13910"},"modified":"2025-10-17T13:00:52","modified_gmt":"2025-10-17T19:00:52","slug":"dreamer-la-coparmex-te-ofrece-abogados-sin-costo","status":"publish","type":"page","link":"https:\/\/accesolatino.org\/en\/dreamer-la-coparmex-te-ofrece-abogados-sin-costo\/","title":{"rendered":"Dreamer, Coparmex offers you lawyers free of charge"},"content":{"rendered":"<div data-elementor-type=\"wp-post\" data-elementor-id=\"13910\" class=\"elementor elementor-13910\">\n\t\t\t\t\t\t<section class=\"elementor-section elementor-top-section elementor-element elementor-element-585c074 elementor-section-full_width elementor-section-height-min-height elementor-section-items-stretch elementor-section-height-default wpr-particle-no wpr-jarallax-no wpr-parallax-no wpr-sticky-section-no wpr-equal-height-no\" data-id=\"585c074\" data-element_type=\"section\" data-e-type=\"section\" data-settings=\"{&quot;background_background&quot;:&quot;classic&quot;}\">\n\t\t\t\t\t\t<div class=\"elementor-container elementor-column-gap-no\">\n\t\t\t\t\t<div class=\"elementor-column elementor-col-100 elementor-top-column elementor-element elementor-element-088e55d\" data-id=\"088e55d\" data-element_type=\"column\" data-e-type=\"column\">\n\t\t\t<div class=\"elementor-widget-wrap elementor-element-populated\">\n\t\t\t\t\t\t<div class=\"elementor-element elementor-element-356fc8c elementor--h-position-center elementor--v-position-middle elementor-widget elementor-widget-slides\" data-id=\"356fc8c\" data-element_type=\"widget\" data-e-type=\"widget\" data-settings=\"{&quot;navigation&quot;:&quot;none&quot;,&quot;infinite&quot;:&quot;yes&quot;,&quot;transition&quot;:&quot;slide&quot;,&quot;transition_speed&quot;:500}\" data-widget_type=\"slides.default\">\n\t\t\t\t<div class=\"elementor-widget-container\">\n\t\t\t\t\t\t\t<div class=\"elementor-swiper\">\n\t\t\t<div class=\"elementor-slides-wrapper elementor-main-swiper swiper-container\" dir=\"ltr\" data-animation=\"\">\n\t\t\t\t<div class=\"swiper-wrapper elementor-slides\">\n\t\t\t\t\t\t\t\t\t\t<div class=\"elementor-repeater-item-d983a28 swiper-slide\"><div class=\"swiper-slide-bg\"><\/div><div class=\"swiper-slide-inner\" ><div class=\"swiper-slide-contents\"><div class=\"elementor-slide-heading\">Legal Guidance<\/div><\/div><\/div><\/div>\t\t\t\t<\/div>\n\t\t\t\t\t\t\t<\/div>\n\t\t<\/div>\n\t\t\t\t\t\t<\/div>\n\t\t\t\t<\/div>\n\t\t\t\t\t<\/div>\n\t\t<\/div>\n\t\t\t\t\t<\/div>\n\t\t<\/section>\n\t\t\t\t<section class=\"elementor-section elementor-top-section elementor-element elementor-element-25f72a2 elementor-section-stretched elementor-section-boxed elementor-section-height-default elementor-section-height-default wpr-particle-no wpr-jarallax-no wpr-parallax-no wpr-sticky-section-no wpr-equal-height-no\" data-id=\"25f72a2\" data-element_type=\"section\" data-e-type=\"section\" data-settings=\"{&quot;stretch_section&quot;:&quot;section-stretched&quot;,&quot;background_background&quot;:&quot;classic&quot;}\">\n\t\t\t\t\t\t<div class=\"elementor-container elementor-column-gap-default\">\n\t\t\t\t\t<div class=\"elementor-column elementor-col-100 elementor-top-column elementor-element elementor-element-d36a889\" data-id=\"d36a889\" data-element_type=\"column\" data-e-type=\"column\">\n\t\t\t<div class=\"elementor-widget-wrap elementor-element-populated\">\n\t\t\t\t\t\t<div class=\"elementor-element elementor-element-e493b62 elementor-widget elementor-widget-heading\" data-id=\"e493b62\" data-element_type=\"widget\" data-e-type=\"widget\" data-widget_type=\"heading.default\">\n\t\t\t\t<div class=\"elementor-widget-container\">\n\t\t\t\t\t<h3 class=\"elementor-heading-title elementor-size-default\">Dreamer, Coparmex offers you lawyers free of charge <\/h3>\t\t\t\t<\/div>\n\t\t\t\t<\/div>\n\t\t\t\t<div class=\"elementor-element elementor-element-e1e203a elementor-widget elementor-widget-text-editor\" data-id=\"e1e203a\" data-element_type=\"widget\" data-e-type=\"widget\" data-widget_type=\"text-editor.default\">\n\t\t\t\t<div class=\"elementor-widget-container\">\n\t\t\t\t\t\t\t\t\t<p>Uno de los principales obst\u00e1culos a los que se enfrentan los migrantes y sus familias en Estados Unidos es el acceso a <strong>ayuda legal<\/strong>, ya sea por no contar con la informaci\u00f3n necesaria o por falta de recursos. Es por eso que <strong>Acceso Latino<\/strong> te brinda diferentes herramientas en materia legal dentro de la secci\u00f3n <a href=\"https:\/\/accesolatino.org\/en\/orientacion-legal\/\">\u201cOrientaci\u00f3n Legal\u201d<\/a>, que te brindar\u00e1n informaci\u00f3n sobre todo lo relacionado en materia de migraci\u00f3n.<\/p><p>Una de las opciones en materia legal que encontrar\u00e1s en nuestra secci\u00f3n<a href=\"https:\/\/accesolatino.org\/en\/orientacion-legal\/\"> \u201cOrientaci\u00f3n Legal\u201d<\/a> es la de <strong>Coparmex<\/strong>, plataforma que ayuda a los \u201cdreamers\u201d en los EE.UU. a entender sus opciones legales.<\/p><p><strong>Coparmex<\/strong> le ofrece a los dreamers una plataforma para orientarlos en materia legal y representarlos jur\u00eddicamente con abogados sin costo.<\/p><p>Lo \u00fanico que tienes que hacer para conseguir ayuda legal es:<\/p><ul><li>Dejar un apodo, un correo y un abogado te contactar\u00e1.<\/li><li>Tus datos personales ser\u00e1n tratados y protegidos de conformidad con las leyes mexicanas.<\/li><li>Ayudar\u00e1 mucho si dejas tu c\u00f3digo postal para poder canalizar un abogado pro-bono cerca de ti.<\/li><\/ul><p>Ahora accede a nuestra secci\u00f3n de <a href=\"https:\/\/accesolatino.org\/en\/orientacion-legal\/\">\u201cOrientaci\u00f3n Legal\u201d<\/a>, obt\u00e9n tu asesor\u00eda gratis.<\/p>\t\t\t\t\t\t\t\t<\/div>\n\t\t\t\t<\/div>\n\t\t\t\t<div class=\"elementor-element elementor-element-30c83c6 elementor-widget elementor-widget-spacer\" data-id=\"30c83c6\" data-element_type=\"widget\" data-e-type=\"widget\" data-widget_type=\"spacer.default\">\n\t\t\t\t<div class=\"elementor-widget-container\">\n\t\t\t\t\t\t\t<div class=\"elementor-spacer\">\n\t\t\t<div class=\"elementor-spacer-inner\"><\/div>\n\t\t<\/div>\n\t\t\t\t\t\t<\/div>\n\t\t\t\t<\/div>\n\t\t\t\t\t<\/div>\n\t\t<\/div>\n\t\t\t\t\t<\/div>\n\t\t<\/section>\n\t\t\t\t<\/div>","protected":false},"excerpt":{"rendered":"<p>Orientaci\u00f3n Legal Dreamer, la Coparmex te ofrece abogados sin costo Uno de los principales obst\u00e1culos a los que se enfrentan los migrantes y sus familias en Estados Unidos es el acceso a ayuda legal, ya sea por no contar con la informaci\u00f3n necesaria o por falta de recursos. Es por eso que Acceso Latino te brinda diferentes herramientas en materia legal dentro de la secci\u00f3n \u201cOrientaci\u00f3n Legal\u201d, que te brindar\u00e1n informaci\u00f3n sobre todo lo relacionado en materia de migraci\u00f3n. Una de las opciones en materia legal que encontrar\u00e1s en nuestra secci\u00f3n \u201cOrientaci\u00f3n Legal\u201d es la de Coparmex, plataforma que ayuda a los \u201cdreamers\u201d en los EE.UU. a entender sus opciones legales. Coparmex le ofrece a los dreamers una plataforma para orientarlos en materia legal y representarlos jur\u00eddicamente con abogados sin costo. Lo \u00fanico que tienes que hacer para conseguir ayuda legal es: Dejar un apodo, un correo y un abogado te contactar\u00e1. Tus datos personales ser\u00e1n tratados y protegidos de conformidad con las leyes mexicanas. Ayudar\u00e1 mucho si dejas tu c\u00f3digo postal para poder canalizar un abogado pro-bono cerca de ti. Ahora accede a nuestra secci\u00f3n de \u201cOrientaci\u00f3n Legal\u201d, obt\u00e9n tu asesor\u00eda gratis.<\/p>","protected":false},"author":8,"featured_media":1729,"parent":0,"menu_order":0,"comment_status":"closed","ping_status":"closed","template":"elementor_header_footer","meta":{"_uf_show_specific_survey":0,"_uf_disable_surveys":false,"footnotes":""},"class_list":["post-13910","page","type-page","status-publish","has-post-thumbnail"],"aioseo_notices":[],"yoast_head":"<!-- This site is optimized with the Yoast SEO plugin v27.4 - https:\/\/yoast.com\/product\/yoast-seo-wordpress\/ -->\n<title>Dreamer, la Coparmex te ofrece abogados sin costo<\/title>\n<meta name=\"description\" content=\"Dreamer, la Coparmex te ofrece abogados sin costo Uno de los principales obst\u00e1culos a los que se enfrentan los migrantes y sus familias\" \/>\n<meta name=\"robots\" content=\"index, follow, max-snippet:-1, max-image-preview:large, max-video-preview:-1\" \/>\n<link rel=\"canonical\" href=\"https:\/\/accesolatino.org\/en\/dreamer-la-coparmex-te-ofrece-abogados-sin-costo\/\" \/>\n<meta property=\"og:locale\" content=\"en_US\" \/>\n<meta property=\"og:type\" content=\"article\" \/>\n<meta property=\"og:title\" content=\"Acceso Latino | Dreamer, la Coparmex te ofrece abogados sin costo\" \/>\n<meta property=\"og:description\" content=\"Dreamer, la Coparmex te ofrece abogados sin costo\" \/>\n<meta property=\"og:url\" content=\"https:\/\/accesolatino.org\/en\/dreamer-la-coparmex-te-ofrece-abogados-sin-costo\/\" \/>\n<meta property=\"og:site_name\" content=\"Acceso Latino\" \/>\n<meta property=\"article:publisher\" content=\"https:\/\/www.facebook.com\/AccesoLatinoOrg\" \/>\n<meta property=\"article:modified_time\" content=\"2025-10-17T19:00:52+00:00\" \/>\n<meta property=\"og:image\" content=\"https:\/\/accesolatino.org\/wp-content\/uploads\/2018\/03\/Contacto-directo-de-abogados-pro-bono-a-dreamers.jpg\" \/>\n\t<meta property=\"og:image:width\" content=\"1000\" \/>\n\t<meta property=\"og:image:height\" content=\"665\" \/>\n\t<meta property=\"og:image:type\" content=\"image\/jpeg\" \/>\n<meta name=\"twitter:card\" content=\"summary_large_image\" \/>\n<meta name=\"twitter:title\" content=\"Acceso Latino | Dreamer, la Coparmex te ofrece abogados sin costo\" \/>\n<meta name=\"twitter:description\" content=\"Dreamer, la Coparmex te ofrece abogados sin costo\" \/>\n<meta name=\"twitter:image\" content=\"https:\/\/accesolatino.org\/wp-content\/uploads\/2018\/03\/Contacto-directo-de-abogados-pro-bono-a-dreamers.jpg\" \/>\n<meta name=\"twitter:site\" content=\"@FAccLatino\" \/>\n<meta name=\"twitter:label1\" content=\"Est. reading time\" \/>\n\t<meta name=\"twitter:data1\" content=\"2 minutes\" \/>\n<script type=\"application\/ld+json\" class=\"yoast-schema-graph\">{\"@context\":\"https:\\\/\\\/schema.org\",\"@graph\":[{\"@type\":\"WebPage\",\"@id\":\"https:\\\/\\\/accesolatino.org\\\/en\\\/dreamer-la-coparmex-te-ofrece-abogados-sin-costo\\\/\",\"url\":\"https:\\\/\\\/accesolatino.org\\\/en\\\/dreamer-la-coparmex-te-ofrece-abogados-sin-costo\\\/\",\"name\":\"Dreamer, la Coparmex te ofrece abogados sin costo\",\"isPartOf\":{\"@id\":\"https:\\\/\\\/accesolatino.org\\\/#website\"},\"primaryImageOfPage\":{\"@id\":\"https:\\\/\\\/accesolatino.org\\\/en\\\/dreamer-la-coparmex-te-ofrece-abogados-sin-costo\\\/#primaryimage\"},\"image\":{\"@id\":\"https:\\\/\\\/accesolatino.org\\\/en\\\/dreamer-la-coparmex-te-ofrece-abogados-sin-costo\\\/#primaryimage\"},\"thumbnailUrl\":\"https:\\\/\\\/accesolatino.org\\\/wp-content\\\/uploads\\\/2018\\\/03\\\/Contacto-directo-de-abogados-pro-bono-a-dreamers.jpg\",\"datePublished\":\"2018-06-28T14:55:17+00:00\",\"dateModified\":\"2025-10-17T19:00:52+00:00\",\"description\":\"Dreamer, la Coparmex te ofrece abogados sin costo Uno de los principales obst\u00e1culos a los que se enfrentan los migrantes y sus familias\",\"breadcrumb\":{\"@id\":\"https:\\\/\\\/accesolatino.org\\\/en\\\/dreamer-la-coparmex-te-ofrece-abogados-sin-costo\\\/#breadcrumb\"},\"inLanguage\":\"en-US\",\"potentialAction\":[{\"@type\":\"ReadAction\",\"target\":[\"https:\\\/\\\/accesolatino.org\\\/en\\\/dreamer-la-coparmex-te-ofrece-abogados-sin-costo\\\/\"]}]},{\"@type\":\"ImageObject\",\"inLanguage\":\"en-US\",\"@id\":\"https:\\\/\\\/accesolatino.org\\\/en\\\/dreamer-la-coparmex-te-ofrece-abogados-sin-costo\\\/#primaryimage\",\"url\":\"https:\\\/\\\/accesolatino.org\\\/wp-content\\\/uploads\\\/2018\\\/03\\\/Contacto-directo-de-abogados-pro-bono-a-dreamers.jpg\",\"contentUrl\":\"https:\\\/\\\/accesolatino.org\\\/wp-content\\\/uploads\\\/2018\\\/03\\\/Contacto-directo-de-abogados-pro-bono-a-dreamers.jpg\",\"width\":\"1000\",\"height\":\"665\",\"caption\":\"dreamer\"},{\"@type\":\"BreadcrumbList\",\"@id\":\"https:\\\/\\\/accesolatino.org\\\/en\\\/dreamer-la-coparmex-te-ofrece-abogados-sin-costo\\\/#breadcrumb\",\"itemListElement\":[{\"@type\":\"ListItem\",\"position\":1,\"name\":\"Portada\",\"item\":\"https:\\\/\\\/accesolatino.org\\\/\"},{\"@type\":\"ListItem\",\"position\":2,\"name\":\"Dreamer, la Coparmex te ofrece abogados sin costo\"}]},{\"@type\":\"WebSite\",\"@id\":\"https:\\\/\\\/accesolatino.org\\\/#website\",\"url\":\"https:\\\/\\\/accesolatino.org\\\/\",\"name\":\"Acceso Latino | Fundaci\u00f3n Carlos Slim\",\"description\":\"Fundaci\u00f3n Carlos Slim\",\"publisher\":{\"@id\":\"https:\\\/\\\/accesolatino.org\\\/#organization\"},\"potentialAction\":[{\"@type\":\"SearchAction\",\"target\":{\"@type\":\"EntryPoint\",\"urlTemplate\":\"https:\\\/\\\/accesolatino.org\\\/?s={search_term_string}\"},\"query-input\":{\"@type\":\"PropertyValueSpecification\",\"valueRequired\":true,\"valueName\":\"search_term_string\"}}],\"inLanguage\":\"en-US\"},{\"@type\":\"Organization\",\"@id\":\"https:\\\/\\\/accesolatino.org\\\/#organization\",\"name\":\"Acceso Latino | Fundaci\u00f3n Carlos Slim\",\"url\":\"https:\\\/\\\/accesolatino.org\\\/\",\"logo\":{\"@type\":\"ImageObject\",\"inLanguage\":\"en-US\",\"@id\":\"https:\\\/\\\/accesolatino.org\\\/#\\\/schema\\\/logo\\\/image\\\/\",\"url\":\"https:\\\/\\\/accesolatino.org\\\/wp-content\\\/uploads\\\/2021\\\/02\\\/logo-footer-acceso-latino.png\",\"contentUrl\":\"https:\\\/\\\/accesolatino.org\\\/wp-content\\\/uploads\\\/2021\\\/02\\\/logo-footer-acceso-latino.png\",\"width\":240,\"height\":40,\"caption\":\"Acceso Latino | Fundaci\u00f3n Carlos Slim\"},\"image\":{\"@id\":\"https:\\\/\\\/accesolatino.org\\\/#\\\/schema\\\/logo\\\/image\\\/\"},\"sameAs\":[\"https:\\\/\\\/www.facebook.com\\\/AccesoLatinoOrg\",\"https:\\\/\\\/x.com\\\/FAccLatino\"]}]}<\/script>\n<!-- \/ Yoast SEO plugin. -->","yoast_head_json":{"title":"Dreamer, Coparmex offers you lawyers free of charge","description":"Dreamer, la Coparmex te ofrece abogados sin costo Uno de los principales obst\u00e1culos a los que se enfrentan los migrantes y sus familias","robots":{"index":"index","follow":"follow","max-snippet":"max-snippet:-1","max-image-preview":"max-image-preview:large","max-video-preview":"max-video-preview:-1"},"canonical":"https:\/\/accesolatino.org\/en\/dreamer-la-coparmex-te-ofrece-abogados-sin-costo\/","og_locale":"en_US","og_type":"article","og_title":"Acceso Latino | Dreamer, la Coparmex te ofrece abogados sin costo","og_description":"Dreamer, la Coparmex te ofrece abogados sin costo","og_url":"https:\/\/accesolatino.org\/en\/dreamer-la-coparmex-te-ofrece-abogados-sin-costo\/","og_site_name":"Acceso Latino","article_publisher":"https:\/\/www.facebook.com\/AccesoLatinoOrg","article_modified_time":"2025-10-17T19:00:52+00:00","og_image":[{"width":1000,"height":665,"url":"https:\/\/accesolatino.org\/wp-content\/uploads\/2018\/03\/Contacto-directo-de-abogados-pro-bono-a-dreamers.jpg","type":"image\/jpeg"}],"twitter_card":"summary_large_image","twitter_title":"Acceso Latino | Dreamer, la Coparmex te ofrece abogados sin costo","twitter_description":"Dreamer, la Coparmex te ofrece abogados sin costo","twitter_image":"https:\/\/accesolatino.org\/wp-content\/uploads\/2018\/03\/Contacto-directo-de-abogados-pro-bono-a-dreamers.jpg","twitter_site":"@FAccLatino","twitter_misc":{"Est. reading time":"2 minutes"},"schema":{"@context":"https:\/\/schema.org","@graph":[{"@type":"WebPage","@id":"https:\/\/accesolatino.org\/en\/dreamer-la-coparmex-te-ofrece-abogados-sin-costo\/","url":"https:\/\/accesolatino.org\/en\/dreamer-la-coparmex-te-ofrece-abogados-sin-costo\/","name":"Dreamer, Coparmex offers you lawyers free of charge","isPartOf":{"@id":"https:\/\/accesolatino.org\/#website"},"primaryImageOfPage":{"@id":"https:\/\/accesolatino.org\/en\/dreamer-la-coparmex-te-ofrece-abogados-sin-costo\/#primaryimage"},"image":{"@id":"https:\/\/accesolatino.org\/en\/dreamer-la-coparmex-te-ofrece-abogados-sin-costo\/#primaryimage"},"thumbnailUrl":"https:\/\/accesolatino.org\/wp-content\/uploads\/2018\/03\/Contacto-directo-de-abogados-pro-bono-a-dreamers.jpg","datePublished":"2018-06-28T14:55:17+00:00","dateModified":"2025-10-17T19:00:52+00:00","description":"Dreamer, la Coparmex te ofrece abogados sin costo Uno de los principales obst\u00e1culos a los que se enfrentan los migrantes y sus familias","breadcrumb":{"@id":"https:\/\/accesolatino.org\/en\/dreamer-la-coparmex-te-ofrece-abogados-sin-costo\/#breadcrumb"},"inLanguage":"en-US","potentialAction":[{"@type":"ReadAction","target":["https:\/\/accesolatino.org\/en\/dreamer-la-coparmex-te-ofrece-abogados-sin-costo\/"]}]},{"@type":"ImageObject","inLanguage":"en-US","@id":"https:\/\/accesolatino.org\/en\/dreamer-la-coparmex-te-ofrece-abogados-sin-costo\/#primaryimage","url":"https:\/\/accesolatino.org\/wp-content\/uploads\/2018\/03\/Contacto-directo-de-abogados-pro-bono-a-dreamers.jpg","contentUrl":"https:\/\/accesolatino.org\/wp-content\/uploads\/2018\/03\/Contacto-directo-de-abogados-pro-bono-a-dreamers.jpg","width":"1000","height":"665","caption":"dreamer"},{"@type":"BreadcrumbList","@id":"https:\/\/accesolatino.org\/en\/dreamer-la-coparmex-te-ofrece-abogados-sin-costo\/#breadcrumb","itemListElement":[{"@type":"ListItem","position":1,"name":"Portada","item":"https:\/\/accesolatino.org\/"},{"@type":"ListItem","position":2,"name":"Dreamer, la Coparmex te ofrece abogados sin costo"}]},{"@type":"WebSite","@id":"https:\/\/accesolatino.org\/#website","url":"https:\/\/accesolatino.org\/","name":"Acceso Latino | Fundaci\u00f3n Carlos Slim","description":"Fundaci\u00f3n Carlos Slim","publisher":{"@id":"https:\/\/accesolatino.org\/#organization"},"potentialAction":[{"@type":"SearchAction","target":{"@type":"EntryPoint","urlTemplate":"https:\/\/accesolatino.org\/?s={search_term_string}"},"query-input":{"@type":"PropertyValueSpecification","valueRequired":true,"valueName":"search_term_string"}}],"inLanguage":"en-US"},{"@type":"Organization","@id":"https:\/\/accesolatino.org\/#organization","name":"Acceso Latino | Fundaci\u00f3n Carlos Slim","url":"https:\/\/accesolatino.org\/","logo":{"@type":"ImageObject","inLanguage":"en-US","@id":"https:\/\/accesolatino.org\/#\/schema\/logo\/image\/","url":"https:\/\/accesolatino.org\/wp-content\/uploads\/2021\/02\/logo-footer-acceso-latino.png","contentUrl":"https:\/\/accesolatino.org\/wp-content\/uploads\/2021\/02\/logo-footer-acceso-latino.png","width":240,"height":40,"caption":"Acceso Latino | Fundaci\u00f3n Carlos Slim"},"image":{"@id":"https:\/\/accesolatino.org\/#\/schema\/logo\/image\/"},"sameAs":["https:\/\/www.facebook.com\/AccesoLatinoOrg","https:\/\/x.com\/FAccLatino"]}]}},"_links":{"self":[{"href":"https:\/\/accesolatino.org\/en\/wp-json\/wp\/v2\/pages\/13910","targetHints":{"allow":["GET"]}}],"collection":[{"href":"https:\/\/accesolatino.org\/en\/wp-json\/wp\/v2\/pages"}],"about":[{"href":"https:\/\/accesolatino.org\/en\/wp-json\/wp\/v2\/types\/page"}],"author":[{"embeddable":true,"href":"https:\/\/accesolatino.org\/en\/wp-json\/wp\/v2\/users\/8"}],"replies":[{"embeddable":true,"href":"https:\/\/accesolatino.org\/en\/wp-json\/wp\/v2\/comments?post=13910"}],"version-history":[{"count":1,"href":"https:\/\/accesolatino.org\/en\/wp-json\/wp\/v2\/pages\/13910\/revisions"}],"predecessor-version":[{"id":64198,"href":"https:\/\/accesolatino.org\/en\/wp-json\/wp\/v2\/pages\/13910\/revisions\/64198"}],"wp:featuredmedia":[{"embeddable":true,"href":"https:\/\/accesolatino.org\/en\/wp-json\/wp\/v2\/media\/1729"}],"wp:attachment":[{"href":"https:\/\/accesolatino.org\/en\/wp-json\/wp\/v2\/media?parent=13910"}],"curies":[{"name":"wp","href":"https:\/\/api.w.org\/{rel}","templated":true}]}}