{"id":13889,"date":"2018-06-26T11:10:57","date_gmt":"2018-06-26T16:10:57","guid":{"rendered":"https:\/\/accesolatino.org\/?page_id=13889"},"modified":"2025-10-17T14:23:25","modified_gmt":"2025-10-17T20:23:25","slug":"immigration-law-help-ofrece-orientacion-legal-a-migrantes-en-estados-unidos","status":"publish","type":"page","link":"https:\/\/accesolatino.org\/en\/immigration-law-help-ofrece-orientacion-legal-a-migrantes-en-estados-unidos\/","title":{"rendered":"Immigration Law Help offers legal guidance to migrants in the United States"},"content":{"rendered":"<div data-elementor-type=\"wp-post\" data-elementor-id=\"13889\" class=\"elementor elementor-13889\">\n\t\t\t\t\t\t<section class=\"elementor-section elementor-top-section elementor-element elementor-element-c4ec143 elementor-section-full_width elementor-section-height-min-height elementor-section-items-stretch elementor-section-height-default wpr-particle-no wpr-jarallax-no wpr-parallax-no wpr-sticky-section-no wpr-equal-height-no\" data-id=\"c4ec143\" data-element_type=\"section\" data-e-type=\"section\" data-settings=\"{&quot;background_background&quot;:&quot;classic&quot;}\">\n\t\t\t\t\t\t<div class=\"elementor-container elementor-column-gap-no\">\n\t\t\t\t\t<div class=\"elementor-column elementor-col-100 elementor-top-column elementor-element elementor-element-a36b38e\" data-id=\"a36b38e\" data-element_type=\"column\" data-e-type=\"column\">\n\t\t\t<div class=\"elementor-widget-wrap elementor-element-populated\">\n\t\t\t\t\t\t<div class=\"elementor-element elementor-element-f136452 elementor--h-position-center elementor--v-position-middle elementor-widget elementor-widget-slides\" data-id=\"f136452\" data-element_type=\"widget\" data-e-type=\"widget\" data-settings=\"{&quot;navigation&quot;:&quot;none&quot;,&quot;infinite&quot;:&quot;yes&quot;,&quot;transition&quot;:&quot;slide&quot;,&quot;transition_speed&quot;:500}\" data-widget_type=\"slides.default\">\n\t\t\t\t<div class=\"elementor-widget-container\">\n\t\t\t\t\t\t\t<div class=\"elementor-swiper\">\n\t\t\t<div class=\"elementor-slides-wrapper elementor-main-swiper swiper-container\" dir=\"ltr\" data-animation=\"\">\n\t\t\t\t<div class=\"swiper-wrapper elementor-slides\">\n\t\t\t\t\t\t\t\t\t\t<div class=\"elementor-repeater-item-d983a28 swiper-slide\"><div class=\"swiper-slide-bg\"><\/div><div class=\"swiper-slide-inner\" ><div class=\"swiper-slide-contents\"><div class=\"elementor-slide-heading\">Legal Guidance<\/div><\/div><\/div><\/div>\t\t\t\t<\/div>\n\t\t\t\t\t\t\t<\/div>\n\t\t<\/div>\n\t\t\t\t\t\t<\/div>\n\t\t\t\t<\/div>\n\t\t\t\t\t<\/div>\n\t\t<\/div>\n\t\t\t\t\t<\/div>\n\t\t<\/section>\n\t\t\t\t<section class=\"elementor-section elementor-top-section elementor-element elementor-element-9094b79 elementor-section-stretched elementor-section-boxed elementor-section-height-default elementor-section-height-default wpr-particle-no wpr-jarallax-no wpr-parallax-no wpr-sticky-section-no wpr-equal-height-no\" data-id=\"9094b79\" data-element_type=\"section\" data-e-type=\"section\" data-settings=\"{&quot;stretch_section&quot;:&quot;section-stretched&quot;,&quot;background_background&quot;:&quot;classic&quot;}\">\n\t\t\t\t\t\t<div class=\"elementor-container elementor-column-gap-default\">\n\t\t\t\t\t<div class=\"elementor-column elementor-col-100 elementor-top-column elementor-element elementor-element-5731691\" data-id=\"5731691\" data-element_type=\"column\" data-e-type=\"column\">\n\t\t\t<div class=\"elementor-widget-wrap elementor-element-populated\">\n\t\t\t\t\t\t<div class=\"elementor-element elementor-element-c0ffbc0 elementor-widget elementor-widget-heading\" data-id=\"c0ffbc0\" data-element_type=\"widget\" data-e-type=\"widget\" data-widget_type=\"heading.default\">\n\t\t\t\t<div class=\"elementor-widget-container\">\n\t\t\t\t\t<h3 class=\"elementor-heading-title elementor-size-default\">Immigration Law Help offers legal guidance to migrants in the United States\n<\/h3>\t\t\t\t<\/div>\n\t\t\t\t<\/div>\n\t\t\t\t<div class=\"elementor-element elementor-element-f1d3fec elementor-widget elementor-widget-text-editor\" data-id=\"f1d3fec\" data-element_type=\"widget\" data-e-type=\"widget\" data-widget_type=\"text-editor.default\">\n\t\t\t\t<div class=\"elementor-widget-container\">\n\t\t\t\t\t\t\t\t\t<p>Uno de los principales obst\u00e1culos a los que se enfrentan los migrantes en Estados Unidos es el acceso a ayuda legal, por falta de recursos o por desconfianza a ser objeto de fraude. Por este motivo en <strong>Acceso Latino<\/strong> encontrar\u00e1s diversas tarjetas de ayuda en materia legal en nuestra herramienta <a href=\"https:\/\/accesolatino.org\/en\/orientacion-legal\/\">\u201cOrientaci\u00f3n Legal\u201d<\/a>, que te brindar\u00e1n informaci\u00f3n de utilidad en materia de migraci\u00f3n.<\/p><p>Una de las tarjetas que encontrar\u00e1s en nuestra herramienta<a href=\"https:\/\/accesolatino.org\/en\/orientacion-legal\/\"> \u201cOrientaci\u00f3n Legal\u201d<\/a> es la de <strong>Immigration Law Help<\/strong>, plataforma que ayuda a inmigrantes en los EE.UU. a entender sus opciones legales.<\/p><p>Esta plataforma te ofrece la posibilidad de encontrar abogados en materia legal gratuitos o de bajo costo a lo largo de cada uno de los estados de la Uni\u00f3n Americana, por c\u00f3digo postal o por centro de detenci\u00f3n.<\/p><p>De igual manera el <strong>Immigration Law Help<\/strong> conecta a los inmigrantes con m\u00e1s de 1000 expertos legales sin fines de lucro en todo el pa\u00eds, que te ayudar\u00e1n en cualquier situaci\u00f3n legal sobre inmigraci\u00f3n que necesites.<\/p>\t\t\t\t\t\t\t\t<\/div>\n\t\t\t\t<\/div>\n\t\t\t\t<div class=\"elementor-element elementor-element-57d1dec elementor-widget elementor-widget-spacer\" data-id=\"57d1dec\" data-element_type=\"widget\" data-e-type=\"widget\" data-widget_type=\"spacer.default\">\n\t\t\t\t<div class=\"elementor-widget-container\">\n\t\t\t\t\t\t\t<div class=\"elementor-spacer\">\n\t\t\t<div class=\"elementor-spacer-inner\"><\/div>\n\t\t<\/div>\n\t\t\t\t\t\t<\/div>\n\t\t\t\t<\/div>\n\t\t\t\t\t<\/div>\n\t\t<\/div>\n\t\t\t\t\t<\/div>\n\t\t<\/section>\n\t\t\t\t<\/div>","protected":false},"excerpt":{"rendered":"<p>Orientaci\u00f3n Legal Immigration Law Help ofrece orientaci\u00f3n legal a migrantes en Estados Unidos Uno de los principales obst\u00e1culos a los que se enfrentan los migrantes en Estados Unidos es el acceso a ayuda legal, por falta de recursos o por desconfianza a ser objeto de fraude. Por este motivo en Acceso Latino encontrar\u00e1s diversas tarjetas de ayuda en materia legal en nuestra herramienta \u201cOrientaci\u00f3n Legal\u201d, que te brindar\u00e1n informaci\u00f3n de utilidad en materia de migraci\u00f3n. Una de las tarjetas que encontrar\u00e1s en nuestra herramienta \u201cOrientaci\u00f3n Legal\u201d es la de Immigration Law Help, plataforma que ayuda a inmigrantes en los EE.UU. a entender sus opciones legales. Esta plataforma te ofrece la posibilidad de encontrar abogados en materia legal gratuitos o de bajo costo a lo largo de cada uno de los estados de la Uni\u00f3n Americana, por c\u00f3digo postal o por centro de detenci\u00f3n. De igual manera el Immigration Law Help conecta a los inmigrantes con m\u00e1s de 1000 expertos legales sin fines de lucro en todo el pa\u00eds, que te ayudar\u00e1n en cualquier situaci\u00f3n legal sobre inmigraci\u00f3n que necesites.<\/p>","protected":false},"author":8,"featured_media":1730,"parent":0,"menu_order":0,"comment_status":"closed","ping_status":"closed","template":"elementor_header_footer","meta":{"_uf_show_specific_survey":0,"_uf_disable_surveys":false,"footnotes":""},"class_list":["post-13889","page","type-page","status-publish","has-post-thumbnail"],"aioseo_notices":[],"yoast_head":"<!-- This site is optimized with the Yoast SEO plugin v27.4 - https:\/\/yoast.com\/product\/yoast-seo-wordpress\/ -->\n<title>Immigration Law Help ofrece orientaci\u00f3n legal a migrantes en Estados Unidos<\/title>\n<meta name=\"description\" content=\"Immigration\u00a0Law\u00a0Help ofrece orientaci\u00f3n legal a migrantes en Estados Unidos Uno de los principales obst\u00e1culos a los que se enfrenta ...\" \/>\n<meta name=\"robots\" content=\"index, follow, max-snippet:-1, max-image-preview:large, max-video-preview:-1\" \/>\n<link rel=\"canonical\" href=\"https:\/\/accesolatino.org\/en\/immigration-law-help-ofrece-orientacion-legal-a-migrantes-en-estados-unidos\/\" \/>\n<meta property=\"og:locale\" content=\"en_US\" \/>\n<meta property=\"og:type\" content=\"article\" \/>\n<meta property=\"og:title\" content=\"Acceso Latino | Immigration Law Help ofrece orientaci\u00f3n legal a migrantes en Estados Unidos\" \/>\n<meta property=\"og:description\" content=\"Conoce la documentaci\u00f3n requerida para tramitar una licencia en cada uno de los estados de USA\" \/>\n<meta property=\"og:url\" content=\"https:\/\/accesolatino.org\/en\/immigration-law-help-ofrece-orientacion-legal-a-migrantes-en-estados-unidos\/\" \/>\n<meta property=\"og:site_name\" content=\"Acceso Latino\" \/>\n<meta property=\"article:publisher\" content=\"https:\/\/www.facebook.com\/AccesoLatinoOrg\" \/>\n<meta property=\"article:modified_time\" content=\"2025-10-17T20:23:25+00:00\" \/>\n<meta property=\"og:image\" content=\"https:\/\/accesolatino.org\/wp-content\/uploads\/2018\/03\/ILH.jpg\" \/>\n\t<meta property=\"og:image:width\" content=\"1000\" \/>\n\t<meta property=\"og:image:height\" content=\"665\" \/>\n\t<meta property=\"og:image:type\" content=\"image\/jpeg\" \/>\n<meta name=\"twitter:card\" content=\"summary_large_image\" \/>\n<meta name=\"twitter:title\" content=\"Acceso Latino | Immigration Law Help ofrece orientaci\u00f3n legal a migrantes en Estados Unidos\" \/>\n<meta name=\"twitter:description\" content=\"Conoce la documentaci\u00f3n requerida para tramitar una licencia en cada uno de los estados de USA\" \/>\n<meta name=\"twitter:image\" content=\"https:\/\/accesolatino.org\/wp-content\/uploads\/2018\/03\/ILH.jpg\" \/>\n<meta name=\"twitter:site\" content=\"@FAccLatino\" \/>\n<meta name=\"twitter:label1\" content=\"Est. reading time\" \/>\n\t<meta name=\"twitter:data1\" content=\"2 minutes\" \/>\n<script type=\"application\/ld+json\" class=\"yoast-schema-graph\">{\"@context\":\"https:\\\/\\\/schema.org\",\"@graph\":[{\"@type\":\"WebPage\",\"@id\":\"https:\\\/\\\/accesolatino.org\\\/en\\\/immigration-law-help-ofrece-orientacion-legal-a-migrantes-en-estados-unidos\\\/\",\"url\":\"https:\\\/\\\/accesolatino.org\\\/en\\\/immigration-law-help-ofrece-orientacion-legal-a-migrantes-en-estados-unidos\\\/\",\"name\":\"Immigration Law Help ofrece orientaci\u00f3n legal a migrantes en Estados Unidos\",\"isPartOf\":{\"@id\":\"https:\\\/\\\/accesolatino.org\\\/#website\"},\"primaryImageOfPage\":{\"@id\":\"https:\\\/\\\/accesolatino.org\\\/en\\\/immigration-law-help-ofrece-orientacion-legal-a-migrantes-en-estados-unidos\\\/#primaryimage\"},\"image\":{\"@id\":\"https:\\\/\\\/accesolatino.org\\\/en\\\/immigration-law-help-ofrece-orientacion-legal-a-migrantes-en-estados-unidos\\\/#primaryimage\"},\"thumbnailUrl\":\"https:\\\/\\\/accesolatino.org\\\/wp-content\\\/uploads\\\/2018\\\/03\\\/ILH.jpg\",\"datePublished\":\"2018-06-26T16:10:57+00:00\",\"dateModified\":\"2025-10-17T20:23:25+00:00\",\"description\":\"Immigration\u00a0Law\u00a0Help ofrece orientaci\u00f3n legal a migrantes en Estados Unidos Uno de los principales obst\u00e1culos a los que se enfrenta ...\",\"breadcrumb\":{\"@id\":\"https:\\\/\\\/accesolatino.org\\\/en\\\/immigration-law-help-ofrece-orientacion-legal-a-migrantes-en-estados-unidos\\\/#breadcrumb\"},\"inLanguage\":\"en-US\",\"potentialAction\":[{\"@type\":\"ReadAction\",\"target\":[\"https:\\\/\\\/accesolatino.org\\\/en\\\/immigration-law-help-ofrece-orientacion-legal-a-migrantes-en-estados-unidos\\\/\"]}]},{\"@type\":\"ImageObject\",\"inLanguage\":\"en-US\",\"@id\":\"https:\\\/\\\/accesolatino.org\\\/en\\\/immigration-law-help-ofrece-orientacion-legal-a-migrantes-en-estados-unidos\\\/#primaryimage\",\"url\":\"https:\\\/\\\/accesolatino.org\\\/wp-content\\\/uploads\\\/2018\\\/03\\\/ILH.jpg\",\"contentUrl\":\"https:\\\/\\\/accesolatino.org\\\/wp-content\\\/uploads\\\/2018\\\/03\\\/ILH.jpg\",\"width\":\"1000\",\"height\":\"665\",\"caption\":\"Immigration Law\"},{\"@type\":\"BreadcrumbList\",\"@id\":\"https:\\\/\\\/accesolatino.org\\\/en\\\/immigration-law-help-ofrece-orientacion-legal-a-migrantes-en-estados-unidos\\\/#breadcrumb\",\"itemListElement\":[{\"@type\":\"ListItem\",\"position\":1,\"name\":\"Portada\",\"item\":\"https:\\\/\\\/accesolatino.org\\\/\"},{\"@type\":\"ListItem\",\"position\":2,\"name\":\"Immigration Law Help ofrece orientaci\u00f3n legal a migrantes en Estados Unidos\"}]},{\"@type\":\"WebSite\",\"@id\":\"https:\\\/\\\/accesolatino.org\\\/#website\",\"url\":\"https:\\\/\\\/accesolatino.org\\\/\",\"name\":\"Acceso Latino | Fundaci\u00f3n Carlos Slim\",\"description\":\"Fundaci\u00f3n Carlos Slim\",\"publisher\":{\"@id\":\"https:\\\/\\\/accesolatino.org\\\/#organization\"},\"potentialAction\":[{\"@type\":\"SearchAction\",\"target\":{\"@type\":\"EntryPoint\",\"urlTemplate\":\"https:\\\/\\\/accesolatino.org\\\/?s={search_term_string}\"},\"query-input\":{\"@type\":\"PropertyValueSpecification\",\"valueRequired\":true,\"valueName\":\"search_term_string\"}}],\"inLanguage\":\"en-US\"},{\"@type\":\"Organization\",\"@id\":\"https:\\\/\\\/accesolatino.org\\\/#organization\",\"name\":\"Acceso Latino | Fundaci\u00f3n Carlos Slim\",\"url\":\"https:\\\/\\\/accesolatino.org\\\/\",\"logo\":{\"@type\":\"ImageObject\",\"inLanguage\":\"en-US\",\"@id\":\"https:\\\/\\\/accesolatino.org\\\/#\\\/schema\\\/logo\\\/image\\\/\",\"url\":\"https:\\\/\\\/accesolatino.org\\\/wp-content\\\/uploads\\\/2021\\\/02\\\/logo-footer-acceso-latino.png\",\"contentUrl\":\"https:\\\/\\\/accesolatino.org\\\/wp-content\\\/uploads\\\/2021\\\/02\\\/logo-footer-acceso-latino.png\",\"width\":240,\"height\":40,\"caption\":\"Acceso Latino | Fundaci\u00f3n Carlos Slim\"},\"image\":{\"@id\":\"https:\\\/\\\/accesolatino.org\\\/#\\\/schema\\\/logo\\\/image\\\/\"},\"sameAs\":[\"https:\\\/\\\/www.facebook.com\\\/AccesoLatinoOrg\",\"https:\\\/\\\/x.com\\\/FAccLatino\"]}]}<\/script>\n<!-- \/ Yoast SEO plugin. -->","yoast_head_json":{"title":"Immigration Law Help offers legal guidance to migrants in the United States","description":"Immigration\u00a0Law\u00a0Help ofrece orientaci\u00f3n legal a migrantes en Estados Unidos Uno de los principales obst\u00e1culos a los que se enfrenta ...","robots":{"index":"index","follow":"follow","max-snippet":"max-snippet:-1","max-image-preview":"max-image-preview:large","max-video-preview":"max-video-preview:-1"},"canonical":"https:\/\/accesolatino.org\/en\/immigration-law-help-ofrece-orientacion-legal-a-migrantes-en-estados-unidos\/","og_locale":"en_US","og_type":"article","og_title":"Acceso Latino | Immigration Law Help ofrece orientaci\u00f3n legal a migrantes en Estados Unidos","og_description":"Conoce la documentaci\u00f3n requerida para tramitar una licencia en cada uno de los estados de USA","og_url":"https:\/\/accesolatino.org\/en\/immigration-law-help-ofrece-orientacion-legal-a-migrantes-en-estados-unidos\/","og_site_name":"Acceso Latino","article_publisher":"https:\/\/www.facebook.com\/AccesoLatinoOrg","article_modified_time":"2025-10-17T20:23:25+00:00","og_image":[{"width":1000,"height":665,"url":"https:\/\/accesolatino.org\/wp-content\/uploads\/2018\/03\/ILH.jpg","type":"image\/jpeg"}],"twitter_card":"summary_large_image","twitter_title":"Acceso Latino | Immigration Law Help ofrece orientaci\u00f3n legal a migrantes en Estados Unidos","twitter_description":"Conoce la documentaci\u00f3n requerida para tramitar una licencia en cada uno de los estados de USA","twitter_image":"https:\/\/accesolatino.org\/wp-content\/uploads\/2018\/03\/ILH.jpg","twitter_site":"@FAccLatino","twitter_misc":{"Est. reading time":"2 minutes"},"schema":{"@context":"https:\/\/schema.org","@graph":[{"@type":"WebPage","@id":"https:\/\/accesolatino.org\/en\/immigration-law-help-ofrece-orientacion-legal-a-migrantes-en-estados-unidos\/","url":"https:\/\/accesolatino.org\/en\/immigration-law-help-ofrece-orientacion-legal-a-migrantes-en-estados-unidos\/","name":"Immigration Law Help offers legal guidance to migrants in the United States","isPartOf":{"@id":"https:\/\/accesolatino.org\/#website"},"primaryImageOfPage":{"@id":"https:\/\/accesolatino.org\/en\/immigration-law-help-ofrece-orientacion-legal-a-migrantes-en-estados-unidos\/#primaryimage"},"image":{"@id":"https:\/\/accesolatino.org\/en\/immigration-law-help-ofrece-orientacion-legal-a-migrantes-en-estados-unidos\/#primaryimage"},"thumbnailUrl":"https:\/\/accesolatino.org\/wp-content\/uploads\/2018\/03\/ILH.jpg","datePublished":"2018-06-26T16:10:57+00:00","dateModified":"2025-10-17T20:23:25+00:00","description":"Immigration\u00a0Law\u00a0Help ofrece orientaci\u00f3n legal a migrantes en Estados Unidos Uno de los principales obst\u00e1culos a los que se enfrenta ...","breadcrumb":{"@id":"https:\/\/accesolatino.org\/en\/immigration-law-help-ofrece-orientacion-legal-a-migrantes-en-estados-unidos\/#breadcrumb"},"inLanguage":"en-US","potentialAction":[{"@type":"ReadAction","target":["https:\/\/accesolatino.org\/en\/immigration-law-help-ofrece-orientacion-legal-a-migrantes-en-estados-unidos\/"]}]},{"@type":"ImageObject","inLanguage":"en-US","@id":"https:\/\/accesolatino.org\/en\/immigration-law-help-ofrece-orientacion-legal-a-migrantes-en-estados-unidos\/#primaryimage","url":"https:\/\/accesolatino.org\/wp-content\/uploads\/2018\/03\/ILH.jpg","contentUrl":"https:\/\/accesolatino.org\/wp-content\/uploads\/2018\/03\/ILH.jpg","width":"1000","height":"665","caption":"Immigration Law"},{"@type":"BreadcrumbList","@id":"https:\/\/accesolatino.org\/en\/immigration-law-help-ofrece-orientacion-legal-a-migrantes-en-estados-unidos\/#breadcrumb","itemListElement":[{"@type":"ListItem","position":1,"name":"Portada","item":"https:\/\/accesolatino.org\/"},{"@type":"ListItem","position":2,"name":"Immigration Law Help ofrece orientaci\u00f3n legal a migrantes en Estados Unidos"}]},{"@type":"WebSite","@id":"https:\/\/accesolatino.org\/#website","url":"https:\/\/accesolatino.org\/","name":"Acceso Latino | Fundaci\u00f3n Carlos Slim","description":"Fundaci\u00f3n Carlos Slim","publisher":{"@id":"https:\/\/accesolatino.org\/#organization"},"potentialAction":[{"@type":"SearchAction","target":{"@type":"EntryPoint","urlTemplate":"https:\/\/accesolatino.org\/?s={search_term_string}"},"query-input":{"@type":"PropertyValueSpecification","valueRequired":true,"valueName":"search_term_string"}}],"inLanguage":"en-US"},{"@type":"Organization","@id":"https:\/\/accesolatino.org\/#organization","name":"Acceso Latino | Fundaci\u00f3n Carlos Slim","url":"https:\/\/accesolatino.org\/","logo":{"@type":"ImageObject","inLanguage":"en-US","@id":"https:\/\/accesolatino.org\/#\/schema\/logo\/image\/","url":"https:\/\/accesolatino.org\/wp-content\/uploads\/2021\/02\/logo-footer-acceso-latino.png","contentUrl":"https:\/\/accesolatino.org\/wp-content\/uploads\/2021\/02\/logo-footer-acceso-latino.png","width":240,"height":40,"caption":"Acceso Latino | Fundaci\u00f3n Carlos Slim"},"image":{"@id":"https:\/\/accesolatino.org\/#\/schema\/logo\/image\/"},"sameAs":["https:\/\/www.facebook.com\/AccesoLatinoOrg","https:\/\/x.com\/FAccLatino"]}]}},"_links":{"self":[{"href":"https:\/\/accesolatino.org\/en\/wp-json\/wp\/v2\/pages\/13889","targetHints":{"allow":["GET"]}}],"collection":[{"href":"https:\/\/accesolatino.org\/en\/wp-json\/wp\/v2\/pages"}],"about":[{"href":"https:\/\/accesolatino.org\/en\/wp-json\/wp\/v2\/types\/page"}],"author":[{"embeddable":true,"href":"https:\/\/accesolatino.org\/en\/wp-json\/wp\/v2\/users\/8"}],"replies":[{"embeddable":true,"href":"https:\/\/accesolatino.org\/en\/wp-json\/wp\/v2\/comments?post=13889"}],"version-history":[{"count":1,"href":"https:\/\/accesolatino.org\/en\/wp-json\/wp\/v2\/pages\/13889\/revisions"}],"predecessor-version":[{"id":64228,"href":"https:\/\/accesolatino.org\/en\/wp-json\/wp\/v2\/pages\/13889\/revisions\/64228"}],"wp:featuredmedia":[{"embeddable":true,"href":"https:\/\/accesolatino.org\/en\/wp-json\/wp\/v2\/media\/1730"}],"wp:attachment":[{"href":"https:\/\/accesolatino.org\/en\/wp-json\/wp\/v2\/media?parent=13889"}],"curies":[{"name":"wp","href":"https:\/\/api.w.org\/{rel}","templated":true}]}}