{"id":13664,"date":"2018-06-20T09:47:26","date_gmt":"2018-06-20T14:47:26","guid":{"rendered":"https:\/\/accesolatino.org\/?page_id=13664"},"modified":"2025-10-17T16:29:15","modified_gmt":"2025-10-17T22:29:15","slug":"migrantes-indocumentados-pueden-tramitar-su-licencia-de-conducir-en-washington-dc","status":"publish","type":"page","link":"https:\/\/accesolatino.org\/en\/migrantes-indocumentados-pueden-tramitar-su-licencia-de-conducir-en-washington-dc\/","title":{"rendered":"Undocumented migrants can get their driver's license in Washington DC"},"content":{"rendered":"<div data-elementor-type=\"wp-post\" data-elementor-id=\"13664\" class=\"elementor elementor-13664\">\n\t\t\t\t\t\t<section class=\"elementor-section elementor-top-section elementor-element elementor-element-1d76eb8 elementor-section-full_width elementor-section-height-min-height elementor-section-items-stretch elementor-section-height-default wpr-particle-no wpr-jarallax-no wpr-parallax-no wpr-sticky-section-no\" data-id=\"1d76eb8\" data-element_type=\"section\" data-e-type=\"section\" data-settings=\"{&quot;background_background&quot;:&quot;classic&quot;}\">\n\t\t\t\t\t\t<div class=\"elementor-container elementor-column-gap-no\">\n\t\t\t\t\t<div class=\"elementor-column elementor-col-100 elementor-top-column elementor-element elementor-element-7552dfc\" data-id=\"7552dfc\" data-element_type=\"column\" data-e-type=\"column\">\n\t\t\t<div class=\"elementor-widget-wrap elementor-element-populated\">\n\t\t\t\t\t\t<div class=\"elementor-element elementor-element-3ded2aa elementor--h-position-center elementor--v-position-middle elementor-widget elementor-widget-slides\" data-id=\"3ded2aa\" data-element_type=\"widget\" data-e-type=\"widget\" data-settings=\"{&quot;navigation&quot;:&quot;none&quot;,&quot;infinite&quot;:&quot;yes&quot;,&quot;transition&quot;:&quot;slide&quot;,&quot;transition_speed&quot;:500}\" data-widget_type=\"slides.default\">\n\t\t\t\t<div class=\"elementor-widget-container\">\n\t\t\t\t\t\t\t<div class=\"elementor-swiper\">\n\t\t\t<div class=\"elementor-slides-wrapper elementor-main-swiper swiper-container\" dir=\"ltr\" data-animation=\"\">\n\t\t\t\t<div class=\"swiper-wrapper elementor-slides\">\n\t\t\t\t\t\t\t\t\t\t<div class=\"elementor-repeater-item-d983a28 swiper-slide\"><div class=\"swiper-slide-bg\"><\/div><div class=\"swiper-slide-inner\" ><div class=\"swiper-slide-contents\"><div class=\"elementor-slide-heading\">Processing of Licenses<\/div><\/div><\/div><\/div>\t\t\t\t<\/div>\n\t\t\t\t\t\t\t<\/div>\n\t\t<\/div>\n\t\t\t\t\t\t<\/div>\n\t\t\t\t<\/div>\n\t\t\t\t\t<\/div>\n\t\t<\/div>\n\t\t\t\t\t<\/div>\n\t\t<\/section>\n\t\t\t\t<section class=\"elementor-section elementor-top-section elementor-element elementor-element-e0ed055 elementor-section-stretched elementor-section-boxed elementor-section-height-default elementor-section-height-default wpr-particle-no wpr-jarallax-no wpr-parallax-no wpr-sticky-section-no\" data-id=\"e0ed055\" data-element_type=\"section\" data-e-type=\"section\" data-settings=\"{&quot;stretch_section&quot;:&quot;section-stretched&quot;,&quot;background_background&quot;:&quot;classic&quot;}\">\n\t\t\t\t\t\t<div class=\"elementor-container elementor-column-gap-default\">\n\t\t\t\t\t<div class=\"elementor-column elementor-col-100 elementor-top-column elementor-element elementor-element-f517257\" data-id=\"f517257\" data-element_type=\"column\" data-e-type=\"column\">\n\t\t\t<div class=\"elementor-widget-wrap elementor-element-populated\">\n\t\t\t\t\t\t<div class=\"elementor-element elementor-element-356bfe4 elementor-widget elementor-widget-heading\" data-id=\"356bfe4\" data-element_type=\"widget\" data-e-type=\"widget\" data-widget_type=\"heading.default\">\n\t\t\t\t<div class=\"elementor-widget-container\">\n\t\t\t\t\t<h3 class=\"elementor-heading-title elementor-size-default\">Undocumented migrants can get their driver's license in Washington DC<\/h3>\t\t\t\t<\/div>\n\t\t\t\t<\/div>\n\t\t\t\t<div class=\"elementor-element elementor-element-7c912f7 elementor-widget elementor-widget-text-editor\" data-id=\"7c912f7\" data-element_type=\"widget\" data-e-type=\"widget\" data-widget_type=\"text-editor.default\">\n\t\t\t\t<div class=\"elementor-widget-container\">\n\t\t\t\t\t\t\t\t\t<p>Si eres migrante indocumentado y radicas en Washington DC puedes sacar legalmente una <strong>licencia de manejo<\/strong> la cual se ha otorgado a partir del 2014.<\/p><p>Actualmente Washington DC es uno de los 10 estados que otorgan licencias a indocumentados, pero no todas son iguales ni dan los mismos derechos.<\/p><p>En nuestro portal encontrar\u00e1s la herramienta <a href=\"https:\/\/accesolatino.org\/en\/licencias\/\">Licencias de Manejo<\/a> que te ayudar\u00e1 a conocer el proceso y la informaci\u00f3n que necesitas para obtener tu licencia en algunos de los estados de la Uni\u00f3n Americana.<\/p><p>En cuanto a Washington DC y los requerimientos, deber\u00e1s comprobar que resides en el estado por m\u00e1s de 6 meses, algunos de los documentos que te aceptar\u00e1n como prueba de que radicas son los siguientes:<\/p><ul><li>Factura de servicios p\u00fablicos.<\/li><li>Factura de impuesto a la propiedad de DC.<\/li><li>Contrato de arrendamiento\/alquiler vigente: el solicitante debe figurar como arrendatario, residente autorizado o inquilino.<\/li><\/ul><p>En nuestra tarjeta de Washington DC en <a href=\"https:\/\/accesolatino.org\/en\/licencias\/\">\u201cLicencias de Manejo\u201d<\/a> encontrar\u00e1s todos los documentos que necesitas para realizar el tr\u00e1mite de tu licencia.<\/p><p>Recuerda que en los estados de este listado, podr\u00e1s tramitar tu licencia sin la necesidad de tener los documentos que acrediten tu estancia legal en Estados Unidos.<\/p>\t\t\t\t\t\t\t\t<\/div>\n\t\t\t\t<\/div>\n\t\t\t\t<div class=\"elementor-element elementor-element-6c29264 elementor-widget elementor-widget-spacer\" data-id=\"6c29264\" data-element_type=\"widget\" data-e-type=\"widget\" data-widget_type=\"spacer.default\">\n\t\t\t\t<div class=\"elementor-widget-container\">\n\t\t\t\t\t\t\t<div class=\"elementor-spacer\">\n\t\t\t<div class=\"elementor-spacer-inner\"><\/div>\n\t\t<\/div>\n\t\t\t\t\t\t<\/div>\n\t\t\t\t<\/div>\n\t\t\t\t\t<\/div>\n\t\t<\/div>\n\t\t\t\t\t<\/div>\n\t\t<\/section>\n\t\t\t\t<\/div>","protected":false},"excerpt":{"rendered":"<p>Tr\u00e1mite de Licencias Migrantes indocumentados pueden tramitar su licencia de conducir en Washington DC Si eres migrante indocumentado y radicas en Washington DC puedes sacar legalmente una licencia de manejo la cual se ha otorgado a partir del 2014. Actualmente Washington DC es uno de los 10 estados que otorgan licencias a indocumentados, pero no todas son iguales ni dan los mismos derechos. En nuestro portal encontrar\u00e1s la herramienta Licencias de Manejo que te ayudar\u00e1 a conocer el proceso y la informaci\u00f3n que necesitas para obtener tu licencia en algunos de los estados de la Uni\u00f3n Americana. En cuanto a Washington DC y los requerimientos, deber\u00e1s comprobar que resides en el estado por m\u00e1s de 6 meses, algunos de los documentos que te aceptar\u00e1n como prueba de que radicas son los siguientes: Factura de servicios p\u00fablicos. Factura de impuesto a la propiedad de DC. Contrato de arrendamiento\/alquiler vigente: el solicitante debe figurar como arrendatario, residente autorizado o inquilino. En nuestra tarjeta de Washington DC en \u201cLicencias de Manejo\u201d encontrar\u00e1s todos los documentos que necesitas para realizar el tr\u00e1mite de tu licencia. Recuerda que en los estados de este listado, podr\u00e1s tramitar tu licencia sin la necesidad de tener los documentos que acrediten tu estancia legal en Estados Unidos.<\/p>","protected":false},"author":9,"featured_media":13665,"parent":0,"menu_order":0,"comment_status":"closed","ping_status":"closed","template":"elementor_header_footer","meta":{"_uf_show_specific_survey":0,"_uf_disable_surveys":false,"footnotes":""},"class_list":["post-13664","page","type-page","status-publish","has-post-thumbnail"],"aioseo_notices":[],"yoast_head":"<!-- This site is optimized with the Yoast SEO plugin v27.3 - https:\/\/yoast.com\/product\/yoast-seo-wordpress\/ -->\n<title>Migrantes indocumentados pueden tramitar su licencia de conducir en Washington DC<\/title>\n<meta name=\"description\" content=\"Migrantes indocumentados pueden tramitar su\u00a0licencia\u00a0de conducir en Washington DC Si eres migrante indocumentado en Washington...\" \/>\n<meta name=\"robots\" content=\"index, follow, max-snippet:-1, max-image-preview:large, max-video-preview:-1\" \/>\n<link rel=\"canonical\" href=\"https:\/\/accesolatino.org\/en\/migrantes-indocumentados-pueden-tramitar-su-licencia-de-conducir-en-washington-dc\/\" \/>\n<meta property=\"og:locale\" content=\"en_US\" \/>\n<meta property=\"og:type\" content=\"article\" \/>\n<meta property=\"og:title\" content=\"Acceso Latino | Migrantes indocumentados pueden tramitar su licencia de conducir en Washington DC\" \/>\n<meta property=\"og:description\" content=\"Conoce la documentaci\u00f3n requerida para tramitar una licencia en cada uno de los estados de USA\" \/>\n<meta property=\"og:url\" content=\"https:\/\/accesolatino.org\/en\/migrantes-indocumentados-pueden-tramitar-su-licencia-de-conducir-en-washington-dc\/\" \/>\n<meta property=\"og:site_name\" content=\"Acceso Latino\" \/>\n<meta property=\"article:publisher\" content=\"https:\/\/www.facebook.com\/AccesoLatinoOrg\" \/>\n<meta property=\"article:modified_time\" content=\"2025-10-17T22:29:15+00:00\" \/>\n<meta property=\"og:image\" content=\"https:\/\/accesolatino.org\/wp-content\/uploads\/2018\/06\/Migrantes-indocumentados-pueden-tramitar-su-licencia-de-conducir-en-Washington-DC.jpg\" \/>\n\t<meta property=\"og:image:width\" content=\"1200\" \/>\n\t<meta property=\"og:image:height\" content=\"700\" \/>\n\t<meta property=\"og:image:type\" content=\"image\/jpeg\" \/>\n<meta name=\"twitter:card\" content=\"summary_large_image\" \/>\n<meta name=\"twitter:title\" content=\"Acceso Latino | Migrantes indocumentados pueden tramitar su licencia de conducir en Washington DC\" \/>\n<meta name=\"twitter:description\" content=\"Conoce la documentaci\u00f3n requerida para tramitar una licencia en cada uno de los estados de USA\" \/>\n<meta name=\"twitter:image\" content=\"https:\/\/accesolatino.org\/wp-content\/uploads\/2018\/06\/Migrantes-indocumentados-pueden-tramitar-su-licencia-de-conducir-en-Washington-DC.jpg\" \/>\n<meta name=\"twitter:site\" content=\"@FAccLatino\" \/>\n<meta name=\"twitter:label1\" content=\"Est. reading time\" \/>\n\t<meta name=\"twitter:data1\" content=\"2 minutes\" \/>\n<script type=\"application\/ld+json\" class=\"yoast-schema-graph\">{\"@context\":\"https:\\\/\\\/schema.org\",\"@graph\":[{\"@type\":\"WebPage\",\"@id\":\"https:\\\/\\\/accesolatino.org\\\/migrantes-indocumentados-pueden-tramitar-su-licencia-de-conducir-en-washington-dc\\\/\",\"url\":\"https:\\\/\\\/accesolatino.org\\\/migrantes-indocumentados-pueden-tramitar-su-licencia-de-conducir-en-washington-dc\\\/\",\"name\":\"Migrantes indocumentados pueden tramitar su licencia de conducir en Washington DC\",\"isPartOf\":{\"@id\":\"https:\\\/\\\/accesolatino.org\\\/#website\"},\"primaryImageOfPage\":{\"@id\":\"https:\\\/\\\/accesolatino.org\\\/migrantes-indocumentados-pueden-tramitar-su-licencia-de-conducir-en-washington-dc\\\/#primaryimage\"},\"image\":{\"@id\":\"https:\\\/\\\/accesolatino.org\\\/migrantes-indocumentados-pueden-tramitar-su-licencia-de-conducir-en-washington-dc\\\/#primaryimage\"},\"thumbnailUrl\":\"https:\\\/\\\/accesolatino.org\\\/wp-content\\\/uploads\\\/2018\\\/06\\\/Migrantes-indocumentados-pueden-tramitar-su-licencia-de-conducir-en-Washington-DC.jpg\",\"datePublished\":\"2018-06-20T14:47:26+00:00\",\"dateModified\":\"2025-10-17T22:29:15+00:00\",\"description\":\"Migrantes indocumentados pueden tramitar su\u00a0licencia\u00a0de conducir en Washington DC Si eres migrante indocumentado en Washington...\",\"breadcrumb\":{\"@id\":\"https:\\\/\\\/accesolatino.org\\\/migrantes-indocumentados-pueden-tramitar-su-licencia-de-conducir-en-washington-dc\\\/#breadcrumb\"},\"inLanguage\":\"en-US\",\"potentialAction\":[{\"@type\":\"ReadAction\",\"target\":[\"https:\\\/\\\/accesolatino.org\\\/migrantes-indocumentados-pueden-tramitar-su-licencia-de-conducir-en-washington-dc\\\/\"]}]},{\"@type\":\"ImageObject\",\"inLanguage\":\"en-US\",\"@id\":\"https:\\\/\\\/accesolatino.org\\\/migrantes-indocumentados-pueden-tramitar-su-licencia-de-conducir-en-washington-dc\\\/#primaryimage\",\"url\":\"https:\\\/\\\/accesolatino.org\\\/wp-content\\\/uploads\\\/2018\\\/06\\\/Migrantes-indocumentados-pueden-tramitar-su-licencia-de-conducir-en-Washington-DC.jpg\",\"contentUrl\":\"https:\\\/\\\/accesolatino.org\\\/wp-content\\\/uploads\\\/2018\\\/06\\\/Migrantes-indocumentados-pueden-tramitar-su-licencia-de-conducir-en-Washington-DC.jpg\",\"width\":\"1200\",\"height\":\"700\",\"caption\":\"licencia\"},{\"@type\":\"BreadcrumbList\",\"@id\":\"https:\\\/\\\/accesolatino.org\\\/migrantes-indocumentados-pueden-tramitar-su-licencia-de-conducir-en-washington-dc\\\/#breadcrumb\",\"itemListElement\":[{\"@type\":\"ListItem\",\"position\":1,\"name\":\"Portada\",\"item\":\"https:\\\/\\\/accesolatino.org\\\/\"},{\"@type\":\"ListItem\",\"position\":2,\"name\":\"Migrantes indocumentados pueden tramitar su licencia de conducir en Washington DC\"}]},{\"@type\":\"WebSite\",\"@id\":\"https:\\\/\\\/accesolatino.org\\\/#website\",\"url\":\"https:\\\/\\\/accesolatino.org\\\/\",\"name\":\"Acceso Latino | Fundaci\u00f3n Carlos Slim\",\"description\":\"Fundaci\u00f3n Carlos Slim\",\"publisher\":{\"@id\":\"https:\\\/\\\/accesolatino.org\\\/#organization\"},\"potentialAction\":[{\"@type\":\"SearchAction\",\"target\":{\"@type\":\"EntryPoint\",\"urlTemplate\":\"https:\\\/\\\/accesolatino.org\\\/?s={search_term_string}\"},\"query-input\":{\"@type\":\"PropertyValueSpecification\",\"valueRequired\":true,\"valueName\":\"search_term_string\"}}],\"inLanguage\":\"en-US\"},{\"@type\":\"Organization\",\"@id\":\"https:\\\/\\\/accesolatino.org\\\/#organization\",\"name\":\"Acceso Latino | Fundaci\u00f3n Carlos Slim\",\"url\":\"https:\\\/\\\/accesolatino.org\\\/\",\"logo\":{\"@type\":\"ImageObject\",\"inLanguage\":\"en-US\",\"@id\":\"https:\\\/\\\/accesolatino.org\\\/#\\\/schema\\\/logo\\\/image\\\/\",\"url\":\"https:\\\/\\\/accesolatino.org\\\/wp-content\\\/uploads\\\/2021\\\/02\\\/logo-footer-acceso-latino.png\",\"contentUrl\":\"https:\\\/\\\/accesolatino.org\\\/wp-content\\\/uploads\\\/2021\\\/02\\\/logo-footer-acceso-latino.png\",\"width\":240,\"height\":40,\"caption\":\"Acceso Latino | Fundaci\u00f3n Carlos Slim\"},\"image\":{\"@id\":\"https:\\\/\\\/accesolatino.org\\\/#\\\/schema\\\/logo\\\/image\\\/\"},\"sameAs\":[\"https:\\\/\\\/www.facebook.com\\\/AccesoLatinoOrg\",\"https:\\\/\\\/x.com\\\/FAccLatino\"]}]}<\/script>\n<!-- \/ Yoast SEO plugin. -->","yoast_head_json":{"title":"Undocumented migrants can get their driver's license in Washington DC","description":"Migrantes indocumentados pueden tramitar su\u00a0licencia\u00a0de conducir en Washington DC Si eres migrante indocumentado en Washington...","robots":{"index":"index","follow":"follow","max-snippet":"max-snippet:-1","max-image-preview":"max-image-preview:large","max-video-preview":"max-video-preview:-1"},"canonical":"https:\/\/accesolatino.org\/en\/migrantes-indocumentados-pueden-tramitar-su-licencia-de-conducir-en-washington-dc\/","og_locale":"en_US","og_type":"article","og_title":"Acceso Latino | Migrantes indocumentados pueden tramitar su licencia de conducir en Washington DC","og_description":"Conoce la documentaci\u00f3n requerida para tramitar una licencia en cada uno de los estados de USA","og_url":"https:\/\/accesolatino.org\/en\/migrantes-indocumentados-pueden-tramitar-su-licencia-de-conducir-en-washington-dc\/","og_site_name":"Acceso Latino","article_publisher":"https:\/\/www.facebook.com\/AccesoLatinoOrg","article_modified_time":"2025-10-17T22:29:15+00:00","og_image":[{"width":1200,"height":700,"url":"https:\/\/accesolatino.org\/wp-content\/uploads\/2018\/06\/Migrantes-indocumentados-pueden-tramitar-su-licencia-de-conducir-en-Washington-DC.jpg","type":"image\/jpeg"}],"twitter_card":"summary_large_image","twitter_title":"Acceso Latino | Migrantes indocumentados pueden tramitar su licencia de conducir en Washington DC","twitter_description":"Conoce la documentaci\u00f3n requerida para tramitar una licencia en cada uno de los estados de USA","twitter_image":"https:\/\/accesolatino.org\/wp-content\/uploads\/2018\/06\/Migrantes-indocumentados-pueden-tramitar-su-licencia-de-conducir-en-Washington-DC.jpg","twitter_site":"@FAccLatino","twitter_misc":{"Est. reading time":"2 minutes"},"schema":{"@context":"https:\/\/schema.org","@graph":[{"@type":"WebPage","@id":"https:\/\/accesolatino.org\/migrantes-indocumentados-pueden-tramitar-su-licencia-de-conducir-en-washington-dc\/","url":"https:\/\/accesolatino.org\/migrantes-indocumentados-pueden-tramitar-su-licencia-de-conducir-en-washington-dc\/","name":"Undocumented migrants can get their driver's license in Washington DC","isPartOf":{"@id":"https:\/\/accesolatino.org\/#website"},"primaryImageOfPage":{"@id":"https:\/\/accesolatino.org\/migrantes-indocumentados-pueden-tramitar-su-licencia-de-conducir-en-washington-dc\/#primaryimage"},"image":{"@id":"https:\/\/accesolatino.org\/migrantes-indocumentados-pueden-tramitar-su-licencia-de-conducir-en-washington-dc\/#primaryimage"},"thumbnailUrl":"https:\/\/accesolatino.org\/wp-content\/uploads\/2018\/06\/Migrantes-indocumentados-pueden-tramitar-su-licencia-de-conducir-en-Washington-DC.jpg","datePublished":"2018-06-20T14:47:26+00:00","dateModified":"2025-10-17T22:29:15+00:00","description":"Migrantes indocumentados pueden tramitar su\u00a0licencia\u00a0de conducir en Washington DC Si eres migrante indocumentado en Washington...","breadcrumb":{"@id":"https:\/\/accesolatino.org\/migrantes-indocumentados-pueden-tramitar-su-licencia-de-conducir-en-washington-dc\/#breadcrumb"},"inLanguage":"en-US","potentialAction":[{"@type":"ReadAction","target":["https:\/\/accesolatino.org\/migrantes-indocumentados-pueden-tramitar-su-licencia-de-conducir-en-washington-dc\/"]}]},{"@type":"ImageObject","inLanguage":"en-US","@id":"https:\/\/accesolatino.org\/migrantes-indocumentados-pueden-tramitar-su-licencia-de-conducir-en-washington-dc\/#primaryimage","url":"https:\/\/accesolatino.org\/wp-content\/uploads\/2018\/06\/Migrantes-indocumentados-pueden-tramitar-su-licencia-de-conducir-en-Washington-DC.jpg","contentUrl":"https:\/\/accesolatino.org\/wp-content\/uploads\/2018\/06\/Migrantes-indocumentados-pueden-tramitar-su-licencia-de-conducir-en-Washington-DC.jpg","width":"1200","height":"700","caption":"licencia"},{"@type":"BreadcrumbList","@id":"https:\/\/accesolatino.org\/migrantes-indocumentados-pueden-tramitar-su-licencia-de-conducir-en-washington-dc\/#breadcrumb","itemListElement":[{"@type":"ListItem","position":1,"name":"Portada","item":"https:\/\/accesolatino.org\/"},{"@type":"ListItem","position":2,"name":"Migrantes indocumentados pueden tramitar su licencia de conducir en Washington DC"}]},{"@type":"WebSite","@id":"https:\/\/accesolatino.org\/#website","url":"https:\/\/accesolatino.org\/","name":"Acceso Latino | Fundaci\u00f3n Carlos Slim","description":"Fundaci\u00f3n Carlos Slim","publisher":{"@id":"https:\/\/accesolatino.org\/#organization"},"potentialAction":[{"@type":"SearchAction","target":{"@type":"EntryPoint","urlTemplate":"https:\/\/accesolatino.org\/?s={search_term_string}"},"query-input":{"@type":"PropertyValueSpecification","valueRequired":true,"valueName":"search_term_string"}}],"inLanguage":"en-US"},{"@type":"Organization","@id":"https:\/\/accesolatino.org\/#organization","name":"Acceso Latino | Fundaci\u00f3n Carlos Slim","url":"https:\/\/accesolatino.org\/","logo":{"@type":"ImageObject","inLanguage":"en-US","@id":"https:\/\/accesolatino.org\/#\/schema\/logo\/image\/","url":"https:\/\/accesolatino.org\/wp-content\/uploads\/2021\/02\/logo-footer-acceso-latino.png","contentUrl":"https:\/\/accesolatino.org\/wp-content\/uploads\/2021\/02\/logo-footer-acceso-latino.png","width":240,"height":40,"caption":"Acceso Latino | Fundaci\u00f3n Carlos Slim"},"image":{"@id":"https:\/\/accesolatino.org\/#\/schema\/logo\/image\/"},"sameAs":["https:\/\/www.facebook.com\/AccesoLatinoOrg","https:\/\/x.com\/FAccLatino"]}]}},"_links":{"self":[{"href":"https:\/\/accesolatino.org\/en\/wp-json\/wp\/v2\/pages\/13664","targetHints":{"allow":["GET"]}}],"collection":[{"href":"https:\/\/accesolatino.org\/en\/wp-json\/wp\/v2\/pages"}],"about":[{"href":"https:\/\/accesolatino.org\/en\/wp-json\/wp\/v2\/types\/page"}],"author":[{"embeddable":true,"href":"https:\/\/accesolatino.org\/en\/wp-json\/wp\/v2\/users\/9"}],"replies":[{"embeddable":true,"href":"https:\/\/accesolatino.org\/en\/wp-json\/wp\/v2\/comments?post=13664"}],"version-history":[{"count":1,"href":"https:\/\/accesolatino.org\/en\/wp-json\/wp\/v2\/pages\/13664\/revisions"}],"predecessor-version":[{"id":64239,"href":"https:\/\/accesolatino.org\/en\/wp-json\/wp\/v2\/pages\/13664\/revisions\/64239"}],"wp:featuredmedia":[{"embeddable":true,"href":"https:\/\/accesolatino.org\/en\/wp-json\/wp\/v2\/media\/13665"}],"wp:attachment":[{"href":"https:\/\/accesolatino.org\/en\/wp-json\/wp\/v2\/media?parent=13664"}],"curies":[{"name":"wp","href":"https:\/\/api.w.org\/{rel}","templated":true}]}}