{"id":13512,"date":"2018-06-01T09:27:02","date_gmt":"2018-06-01T14:27:02","guid":{"rendered":"https:\/\/accesolatino.org\/?page_id=13512"},"modified":"2025-10-16T17:12:50","modified_gmt":"2025-10-16T23:12:50","slug":"connecticut-comenzo-a-otorgar-licencias-de-manejo-a-los-indocumentados-a-partir-de-enero-del-2015","status":"publish","type":"page","link":"https:\/\/accesolatino.org\/en\/connecticut-comenzo-a-otorgar-licencias-de-manejo-a-los-indocumentados-a-partir-de-enero-del-2015\/","title":{"rendered":"Connecticut began issuing driver's licenses to undocumented immigrants as of January 2015"},"content":{"rendered":"<div data-elementor-type=\"wp-post\" data-elementor-id=\"13512\" class=\"elementor elementor-13512\">\n\t\t\t\t\t\t<section class=\"elementor-section elementor-top-section elementor-element elementor-element-1f484e5 elementor-section-full_width elementor-section-height-min-height elementor-section-items-stretch elementor-section-height-default wpr-particle-no wpr-jarallax-no wpr-parallax-no wpr-sticky-section-no\" data-id=\"1f484e5\" data-element_type=\"section\" data-e-type=\"section\" data-settings=\"{&quot;background_background&quot;:&quot;classic&quot;}\">\n\t\t\t\t\t\t<div class=\"elementor-container elementor-column-gap-no\">\n\t\t\t\t\t<div class=\"elementor-column elementor-col-100 elementor-top-column elementor-element elementor-element-ad1633f\" data-id=\"ad1633f\" data-element_type=\"column\" data-e-type=\"column\">\n\t\t\t<div class=\"elementor-widget-wrap elementor-element-populated\">\n\t\t\t\t\t\t<div class=\"elementor-element elementor-element-d56308c elementor--h-position-center elementor--v-position-middle elementor-widget elementor-widget-slides\" data-id=\"d56308c\" data-element_type=\"widget\" data-e-type=\"widget\" data-settings=\"{&quot;navigation&quot;:&quot;none&quot;,&quot;infinite&quot;:&quot;yes&quot;,&quot;transition&quot;:&quot;slide&quot;,&quot;transition_speed&quot;:500}\" data-widget_type=\"slides.default\">\n\t\t\t\t<div class=\"elementor-widget-container\">\n\t\t\t\t\t\t\t<div class=\"elementor-swiper\">\n\t\t\t<div class=\"elementor-slides-wrapper elementor-main-swiper swiper-container\" dir=\"ltr\" data-animation=\"\">\n\t\t\t\t<div class=\"swiper-wrapper elementor-slides\">\n\t\t\t\t\t\t\t\t\t\t<div class=\"elementor-repeater-item-d983a28 swiper-slide\"><div class=\"swiper-slide-bg\"><\/div><div class=\"swiper-slide-inner\" ><div class=\"swiper-slide-contents\"><div class=\"elementor-slide-heading\">Processing of Licenses<\/div><\/div><\/div><\/div>\t\t\t\t<\/div>\n\t\t\t\t\t\t\t<\/div>\n\t\t<\/div>\n\t\t\t\t\t\t<\/div>\n\t\t\t\t<\/div>\n\t\t\t\t\t<\/div>\n\t\t<\/div>\n\t\t\t\t\t<\/div>\n\t\t<\/section>\n\t\t\t\t<section class=\"elementor-section elementor-top-section elementor-element elementor-element-6eda300 elementor-section-stretched elementor-section-boxed elementor-section-height-default elementor-section-height-default wpr-particle-no wpr-jarallax-no wpr-parallax-no wpr-sticky-section-no\" data-id=\"6eda300\" data-element_type=\"section\" data-e-type=\"section\" data-settings=\"{&quot;stretch_section&quot;:&quot;section-stretched&quot;,&quot;background_background&quot;:&quot;classic&quot;}\">\n\t\t\t\t\t\t<div class=\"elementor-container elementor-column-gap-default\">\n\t\t\t\t\t<div class=\"elementor-column elementor-col-100 elementor-top-column elementor-element elementor-element-2703966\" data-id=\"2703966\" data-element_type=\"column\" data-e-type=\"column\">\n\t\t\t<div class=\"elementor-widget-wrap elementor-element-populated\">\n\t\t\t\t\t\t<div class=\"elementor-element elementor-element-a64197d elementor-widget elementor-widget-heading\" data-id=\"a64197d\" data-element_type=\"widget\" data-e-type=\"widget\" data-widget_type=\"heading.default\">\n\t\t\t\t<div class=\"elementor-widget-container\">\n\t\t\t\t\t<h3 class=\"elementor-heading-title elementor-size-default\">Connecticut began issuing driver's licenses to undocumented immigrants as of January 2015<\/h3>\t\t\t\t<\/div>\n\t\t\t\t<\/div>\n\t\t\t\t<div class=\"elementor-element elementor-element-7944dff elementor-widget elementor-widget-text-editor\" data-id=\"7944dff\" data-element_type=\"widget\" data-e-type=\"widget\" data-widget_type=\"text-editor.default\">\n\t\t\t\t<div class=\"elementor-widget-container\">\n\t\t\t\t\t\t\t\t\t<p>Para obtener la <strong>licencia de manejo<\/strong> el Departamento de Veh\u00edculos de Motor de Connecticut (DMV), exige que los solicitantes superen pruebas de conducci\u00f3n y que no tengan antecedentes criminales en el estado, por lo que se comprobar\u00e1 si tienes historial policial.<\/p><p>Adem\u00e1s de estos ex\u00e1menes, los residentes indocumentados de Colorado deben comprobar que han radicado en el estado por m\u00e1s de 90 d\u00edas, pasar un examen escrito y uno de manejo, los solicitantes de la licencia de conducir encontrar\u00e1n en <strong>Acceso Latino<\/strong> la \u00a0herramienta de \u201c<a href=\"https:\/\/accesolatino.org\/en\/licencias\/\">Licencias de Manejo<\/a>\u201d, que les brindar\u00e1 un manual de preparaci\u00f3n para el examen te\u00f3rico.<\/p><p><a href=\"https:\/\/accesolatino.org\/en\/licencias\/\"><strong>Licencias de Manejo<\/strong><\/a>, es una herramienta que te ofrece una gu\u00eda con cada uno de los pasos que requieres para tramitar tu licencia de conducir en Connecticut.<\/p><p>En los estados que tenemos en este listado, podr\u00e1s tramitar tu licencia sin la necesidad de tener los documentos que acrediten tu estancia legal en Estados Unidos.<\/p><p>Es importante recordar que la <strong>licencia de manejo<\/strong> para migrantes de Connecticut no es v\u00e1lida para utilizarse como una identificaci\u00f3n.<\/p>\t\t\t\t\t\t\t\t<\/div>\n\t\t\t\t<\/div>\n\t\t\t\t<div class=\"elementor-element elementor-element-4999db2 elementor-widget elementor-widget-spacer\" data-id=\"4999db2\" data-element_type=\"widget\" data-e-type=\"widget\" data-widget_type=\"spacer.default\">\n\t\t\t\t<div class=\"elementor-widget-container\">\n\t\t\t\t\t\t\t<div class=\"elementor-spacer\">\n\t\t\t<div class=\"elementor-spacer-inner\"><\/div>\n\t\t<\/div>\n\t\t\t\t\t\t<\/div>\n\t\t\t\t<\/div>\n\t\t\t\t\t<\/div>\n\t\t<\/div>\n\t\t\t\t\t<\/div>\n\t\t<\/section>\n\t\t\t\t<\/div>","protected":false},"excerpt":{"rendered":"<p>Tr\u00e1mite de Licencias Connecticut comenz\u00f3 a otorgar licencias de manejo a los indocumentados a partir de enero del 2015 Para obtener la licencia de manejo el Departamento de Veh\u00edculos de Motor de Connecticut (DMV), exige que los solicitantes superen pruebas de conducci\u00f3n y que no tengan antecedentes criminales en el estado, por lo que se comprobar\u00e1 si tienes historial policial. Adem\u00e1s de estos ex\u00e1menes, los residentes indocumentados de Colorado deben comprobar que han radicado en el estado por m\u00e1s de 90 d\u00edas, pasar un examen escrito y uno de manejo, los solicitantes de la licencia de conducir encontrar\u00e1n en Acceso Latino la \u00a0herramienta de \u201cLicencias de Manejo\u201d, que les brindar\u00e1 un manual de preparaci\u00f3n para el examen te\u00f3rico. Licencias de Manejo, es una herramienta que te ofrece una gu\u00eda con cada uno de los pasos que requieres para tramitar tu licencia de conducir en Connecticut. En los estados que tenemos en este listado, podr\u00e1s tramitar tu licencia sin la necesidad de tener los documentos que acrediten tu estancia legal en Estados Unidos. Es importante recordar que la licencia de manejo para migrantes de Connecticut no es v\u00e1lida para utilizarse como una identificaci\u00f3n.<\/p>","protected":false},"author":9,"featured_media":13509,"parent":0,"menu_order":0,"comment_status":"closed","ping_status":"closed","template":"elementor_header_footer","meta":{"_uf_show_specific_survey":0,"_uf_disable_surveys":false,"footnotes":""},"class_list":["post-13512","page","type-page","status-publish","has-post-thumbnail"],"aioseo_notices":[],"yoast_head":"<!-- This site is optimized with the Yoast SEO plugin v27.3 - https:\/\/yoast.com\/product\/yoast-seo-wordpress\/ -->\n<title>Connecticut comenz\u00f3 a otorgar licencias de manejo a los indocumentados a partir de enero del 2015<\/title>\n<meta name=\"description\" content=\"Conoce la documentaci\u00f3n requerida para tramitar una licencia en cada uno de los estados de Estados Unidos - Acceso Latino\" \/>\n<meta name=\"robots\" content=\"index, follow, max-snippet:-1, max-image-preview:large, max-video-preview:-1\" \/>\n<link rel=\"canonical\" href=\"https:\/\/accesolatino.org\/en\/connecticut-comenzo-a-otorgar-licencias-de-manejo-a-los-indocumentados-a-partir-de-enero-del-2015\/\" \/>\n<meta property=\"og:locale\" content=\"en_US\" \/>\n<meta property=\"og:type\" content=\"article\" \/>\n<meta property=\"og:title\" content=\"Acceso Latino | Connecticut comenz\u00f3 a otorgar licencias de manejo a los indocumentados a partir de enero del 2015\" \/>\n<meta property=\"og:description\" content=\"Conoce la documentaci\u00f3n requerida para tramitar una licencia en cada uno de los estados de USA\" \/>\n<meta property=\"og:url\" content=\"https:\/\/accesolatino.org\/en\/connecticut-comenzo-a-otorgar-licencias-de-manejo-a-los-indocumentados-a-partir-de-enero-del-2015\/\" \/>\n<meta property=\"og:site_name\" content=\"Acceso Latino\" \/>\n<meta property=\"article:publisher\" content=\"https:\/\/www.facebook.com\/AccesoLatinoOrg\" \/>\n<meta property=\"article:modified_time\" content=\"2025-10-16T23:12:50+00:00\" \/>\n<meta property=\"og:image\" content=\"https:\/\/accesolatino.org\/wp-content\/uploads\/2018\/06\/Connecticut.png\" \/>\n\t<meta property=\"og:image:width\" content=\"1186\" \/>\n\t<meta property=\"og:image:height\" content=\"660\" \/>\n\t<meta property=\"og:image:type\" content=\"image\/png\" \/>\n<meta name=\"twitter:card\" content=\"summary_large_image\" \/>\n<meta name=\"twitter:title\" content=\"Acceso Latino | Connecticut comenz\u00f3 a otorgar licencias de manejo a los indocumentados a partir de enero del 2015\" \/>\n<meta name=\"twitter:description\" content=\"Conoce la documentaci\u00f3n requerida para tramitar una licencia en cada uno de los estados de USA\" \/>\n<meta name=\"twitter:image\" content=\"https:\/\/accesolatino.org\/wp-content\/uploads\/2018\/06\/Connecticut.png\" \/>\n<meta name=\"twitter:site\" content=\"@FAccLatino\" \/>\n<meta name=\"twitter:label1\" content=\"Est. reading time\" \/>\n\t<meta name=\"twitter:data1\" content=\"2 minutes\" \/>\n<script type=\"application\/ld+json\" class=\"yoast-schema-graph\">{\"@context\":\"https:\\\/\\\/schema.org\",\"@graph\":[{\"@type\":\"WebPage\",\"@id\":\"https:\\\/\\\/accesolatino.org\\\/en\\\/connecticut-comenzo-a-otorgar-licencias-de-manejo-a-los-indocumentados-a-partir-de-enero-del-2015\\\/\",\"url\":\"https:\\\/\\\/accesolatino.org\\\/en\\\/connecticut-comenzo-a-otorgar-licencias-de-manejo-a-los-indocumentados-a-partir-de-enero-del-2015\\\/\",\"name\":\"Connecticut comenz\u00f3 a otorgar licencias de manejo a los indocumentados a partir de enero del 2015\",\"isPartOf\":{\"@id\":\"https:\\\/\\\/accesolatino.org\\\/#website\"},\"primaryImageOfPage\":{\"@id\":\"https:\\\/\\\/accesolatino.org\\\/en\\\/connecticut-comenzo-a-otorgar-licencias-de-manejo-a-los-indocumentados-a-partir-de-enero-del-2015\\\/#primaryimage\"},\"image\":{\"@id\":\"https:\\\/\\\/accesolatino.org\\\/en\\\/connecticut-comenzo-a-otorgar-licencias-de-manejo-a-los-indocumentados-a-partir-de-enero-del-2015\\\/#primaryimage\"},\"thumbnailUrl\":\"https:\\\/\\\/accesolatino.org\\\/wp-content\\\/uploads\\\/2018\\\/06\\\/Connecticut.png\",\"datePublished\":\"2018-06-01T14:27:02+00:00\",\"dateModified\":\"2025-10-16T23:12:50+00:00\",\"description\":\"Conoce la documentaci\u00f3n requerida para tramitar una licencia en cada uno de los estados de Estados Unidos - Acceso Latino\",\"breadcrumb\":{\"@id\":\"https:\\\/\\\/accesolatino.org\\\/en\\\/connecticut-comenzo-a-otorgar-licencias-de-manejo-a-los-indocumentados-a-partir-de-enero-del-2015\\\/#breadcrumb\"},\"inLanguage\":\"en-US\",\"potentialAction\":[{\"@type\":\"ReadAction\",\"target\":[\"https:\\\/\\\/accesolatino.org\\\/en\\\/connecticut-comenzo-a-otorgar-licencias-de-manejo-a-los-indocumentados-a-partir-de-enero-del-2015\\\/\"]}]},{\"@type\":\"ImageObject\",\"inLanguage\":\"en-US\",\"@id\":\"https:\\\/\\\/accesolatino.org\\\/en\\\/connecticut-comenzo-a-otorgar-licencias-de-manejo-a-los-indocumentados-a-partir-de-enero-del-2015\\\/#primaryimage\",\"url\":\"https:\\\/\\\/accesolatino.org\\\/wp-content\\\/uploads\\\/2018\\\/06\\\/Connecticut.png\",\"contentUrl\":\"https:\\\/\\\/accesolatino.org\\\/wp-content\\\/uploads\\\/2018\\\/06\\\/Connecticut.png\",\"width\":\"1186\",\"height\":\"660\",\"caption\":\"licencias\"},{\"@type\":\"BreadcrumbList\",\"@id\":\"https:\\\/\\\/accesolatino.org\\\/en\\\/connecticut-comenzo-a-otorgar-licencias-de-manejo-a-los-indocumentados-a-partir-de-enero-del-2015\\\/#breadcrumb\",\"itemListElement\":[{\"@type\":\"ListItem\",\"position\":1,\"name\":\"Portada\",\"item\":\"https:\\\/\\\/accesolatino.org\\\/\"},{\"@type\":\"ListItem\",\"position\":2,\"name\":\"Connecticut comenz\u00f3 a otorgar licencias de manejo a los indocumentados a partir de enero del 2015\"}]},{\"@type\":\"WebSite\",\"@id\":\"https:\\\/\\\/accesolatino.org\\\/#website\",\"url\":\"https:\\\/\\\/accesolatino.org\\\/\",\"name\":\"Acceso Latino | Fundaci\u00f3n Carlos Slim\",\"description\":\"Fundaci\u00f3n Carlos Slim\",\"publisher\":{\"@id\":\"https:\\\/\\\/accesolatino.org\\\/#organization\"},\"potentialAction\":[{\"@type\":\"SearchAction\",\"target\":{\"@type\":\"EntryPoint\",\"urlTemplate\":\"https:\\\/\\\/accesolatino.org\\\/?s={search_term_string}\"},\"query-input\":{\"@type\":\"PropertyValueSpecification\",\"valueRequired\":true,\"valueName\":\"search_term_string\"}}],\"inLanguage\":\"en-US\"},{\"@type\":\"Organization\",\"@id\":\"https:\\\/\\\/accesolatino.org\\\/#organization\",\"name\":\"Acceso Latino | Fundaci\u00f3n Carlos Slim\",\"url\":\"https:\\\/\\\/accesolatino.org\\\/\",\"logo\":{\"@type\":\"ImageObject\",\"inLanguage\":\"en-US\",\"@id\":\"https:\\\/\\\/accesolatino.org\\\/#\\\/schema\\\/logo\\\/image\\\/\",\"url\":\"https:\\\/\\\/accesolatino.org\\\/wp-content\\\/uploads\\\/2021\\\/02\\\/logo-footer-acceso-latino.png\",\"contentUrl\":\"https:\\\/\\\/accesolatino.org\\\/wp-content\\\/uploads\\\/2021\\\/02\\\/logo-footer-acceso-latino.png\",\"width\":240,\"height\":40,\"caption\":\"Acceso Latino | Fundaci\u00f3n Carlos Slim\"},\"image\":{\"@id\":\"https:\\\/\\\/accesolatino.org\\\/#\\\/schema\\\/logo\\\/image\\\/\"},\"sameAs\":[\"https:\\\/\\\/www.facebook.com\\\/AccesoLatinoOrg\",\"https:\\\/\\\/x.com\\\/FAccLatino\"]}]}<\/script>\n<!-- \/ Yoast SEO plugin. -->","yoast_head_json":{"title":"Connecticut began issuing driver's licenses to undocumented immigrants as of January 2015","description":"Conoce la documentaci\u00f3n requerida para tramitar una licencia en cada uno de los estados de Estados Unidos - Acceso Latino","robots":{"index":"index","follow":"follow","max-snippet":"max-snippet:-1","max-image-preview":"max-image-preview:large","max-video-preview":"max-video-preview:-1"},"canonical":"https:\/\/accesolatino.org\/en\/connecticut-comenzo-a-otorgar-licencias-de-manejo-a-los-indocumentados-a-partir-de-enero-del-2015\/","og_locale":"en_US","og_type":"article","og_title":"Acceso Latino | Connecticut comenz\u00f3 a otorgar licencias de manejo a los indocumentados a partir de enero del 2015","og_description":"Conoce la documentaci\u00f3n requerida para tramitar una licencia en cada uno de los estados de USA","og_url":"https:\/\/accesolatino.org\/en\/connecticut-comenzo-a-otorgar-licencias-de-manejo-a-los-indocumentados-a-partir-de-enero-del-2015\/","og_site_name":"Acceso Latino","article_publisher":"https:\/\/www.facebook.com\/AccesoLatinoOrg","article_modified_time":"2025-10-16T23:12:50+00:00","og_image":[{"width":1186,"height":660,"url":"https:\/\/accesolatino.org\/wp-content\/uploads\/2018\/06\/Connecticut.png","type":"image\/png"}],"twitter_card":"summary_large_image","twitter_title":"Acceso Latino | Connecticut comenz\u00f3 a otorgar licencias de manejo a los indocumentados a partir de enero del 2015","twitter_description":"Conoce la documentaci\u00f3n requerida para tramitar una licencia en cada uno de los estados de USA","twitter_image":"https:\/\/accesolatino.org\/wp-content\/uploads\/2018\/06\/Connecticut.png","twitter_site":"@FAccLatino","twitter_misc":{"Est. reading time":"2 minutes"},"schema":{"@context":"https:\/\/schema.org","@graph":[{"@type":"WebPage","@id":"https:\/\/accesolatino.org\/en\/connecticut-comenzo-a-otorgar-licencias-de-manejo-a-los-indocumentados-a-partir-de-enero-del-2015\/","url":"https:\/\/accesolatino.org\/en\/connecticut-comenzo-a-otorgar-licencias-de-manejo-a-los-indocumentados-a-partir-de-enero-del-2015\/","name":"Connecticut began issuing driver's licenses to undocumented immigrants as of January 2015","isPartOf":{"@id":"https:\/\/accesolatino.org\/#website"},"primaryImageOfPage":{"@id":"https:\/\/accesolatino.org\/en\/connecticut-comenzo-a-otorgar-licencias-de-manejo-a-los-indocumentados-a-partir-de-enero-del-2015\/#primaryimage"},"image":{"@id":"https:\/\/accesolatino.org\/en\/connecticut-comenzo-a-otorgar-licencias-de-manejo-a-los-indocumentados-a-partir-de-enero-del-2015\/#primaryimage"},"thumbnailUrl":"https:\/\/accesolatino.org\/wp-content\/uploads\/2018\/06\/Connecticut.png","datePublished":"2018-06-01T14:27:02+00:00","dateModified":"2025-10-16T23:12:50+00:00","description":"Conoce la documentaci\u00f3n requerida para tramitar una licencia en cada uno de los estados de Estados Unidos - Acceso Latino","breadcrumb":{"@id":"https:\/\/accesolatino.org\/en\/connecticut-comenzo-a-otorgar-licencias-de-manejo-a-los-indocumentados-a-partir-de-enero-del-2015\/#breadcrumb"},"inLanguage":"en-US","potentialAction":[{"@type":"ReadAction","target":["https:\/\/accesolatino.org\/en\/connecticut-comenzo-a-otorgar-licencias-de-manejo-a-los-indocumentados-a-partir-de-enero-del-2015\/"]}]},{"@type":"ImageObject","inLanguage":"en-US","@id":"https:\/\/accesolatino.org\/en\/connecticut-comenzo-a-otorgar-licencias-de-manejo-a-los-indocumentados-a-partir-de-enero-del-2015\/#primaryimage","url":"https:\/\/accesolatino.org\/wp-content\/uploads\/2018\/06\/Connecticut.png","contentUrl":"https:\/\/accesolatino.org\/wp-content\/uploads\/2018\/06\/Connecticut.png","width":"1186","height":"660","caption":"licencias"},{"@type":"BreadcrumbList","@id":"https:\/\/accesolatino.org\/en\/connecticut-comenzo-a-otorgar-licencias-de-manejo-a-los-indocumentados-a-partir-de-enero-del-2015\/#breadcrumb","itemListElement":[{"@type":"ListItem","position":1,"name":"Portada","item":"https:\/\/accesolatino.org\/"},{"@type":"ListItem","position":2,"name":"Connecticut comenz\u00f3 a otorgar licencias de manejo a los indocumentados a partir de enero del 2015"}]},{"@type":"WebSite","@id":"https:\/\/accesolatino.org\/#website","url":"https:\/\/accesolatino.org\/","name":"Acceso Latino | Fundaci\u00f3n Carlos Slim","description":"Fundaci\u00f3n Carlos Slim","publisher":{"@id":"https:\/\/accesolatino.org\/#organization"},"potentialAction":[{"@type":"SearchAction","target":{"@type":"EntryPoint","urlTemplate":"https:\/\/accesolatino.org\/?s={search_term_string}"},"query-input":{"@type":"PropertyValueSpecification","valueRequired":true,"valueName":"search_term_string"}}],"inLanguage":"en-US"},{"@type":"Organization","@id":"https:\/\/accesolatino.org\/#organization","name":"Acceso Latino | Fundaci\u00f3n Carlos Slim","url":"https:\/\/accesolatino.org\/","logo":{"@type":"ImageObject","inLanguage":"en-US","@id":"https:\/\/accesolatino.org\/#\/schema\/logo\/image\/","url":"https:\/\/accesolatino.org\/wp-content\/uploads\/2021\/02\/logo-footer-acceso-latino.png","contentUrl":"https:\/\/accesolatino.org\/wp-content\/uploads\/2021\/02\/logo-footer-acceso-latino.png","width":240,"height":40,"caption":"Acceso Latino | Fundaci\u00f3n Carlos Slim"},"image":{"@id":"https:\/\/accesolatino.org\/#\/schema\/logo\/image\/"},"sameAs":["https:\/\/www.facebook.com\/AccesoLatinoOrg","https:\/\/x.com\/FAccLatino"]}]}},"_links":{"self":[{"href":"https:\/\/accesolatino.org\/en\/wp-json\/wp\/v2\/pages\/13512","targetHints":{"allow":["GET"]}}],"collection":[{"href":"https:\/\/accesolatino.org\/en\/wp-json\/wp\/v2\/pages"}],"about":[{"href":"https:\/\/accesolatino.org\/en\/wp-json\/wp\/v2\/types\/page"}],"author":[{"embeddable":true,"href":"https:\/\/accesolatino.org\/en\/wp-json\/wp\/v2\/users\/9"}],"replies":[{"embeddable":true,"href":"https:\/\/accesolatino.org\/en\/wp-json\/wp\/v2\/comments?post=13512"}],"version-history":[{"count":1,"href":"https:\/\/accesolatino.org\/en\/wp-json\/wp\/v2\/pages\/13512\/revisions"}],"predecessor-version":[{"id":64165,"href":"https:\/\/accesolatino.org\/en\/wp-json\/wp\/v2\/pages\/13512\/revisions\/64165"}],"wp:featuredmedia":[{"embeddable":true,"href":"https:\/\/accesolatino.org\/en\/wp-json\/wp\/v2\/media\/13509"}],"wp:attachment":[{"href":"https:\/\/accesolatino.org\/en\/wp-json\/wp\/v2\/media?parent=13512"}],"curies":[{"name":"wp","href":"https:\/\/api.w.org\/{rel}","templated":true}]}}